{"id":66629,"date":"2019-09-24T14:46:56","date_gmt":"2019-09-24T12:46:56","guid":{"rendered":"https:\/\/www.visitbratislava.com\/?page_id=66629\/"},"modified":"2024-06-14T08:50:31","modified_gmt":"2024-06-14T06:50:31","slug":"mit-wenigen-schritten-das-beste-von-bratislava-sehen","status":"publish","type":"page","link":"https:\/\/www.visitbratislava.com\/de\/vlog\/mit-wenigen-schritten-das-beste-von-bratislava-sehen\/","title":{"rendered":"Mit wenigen Schritten das Beste von Bratislava sehen"},"content":{"rendered":"<p>Bratislava ist die \u201ekleine gro\u00dfe\u201c Stadt, in der Sehensw\u00fcrdigkeiten und Attraktionen nah aneinander liegen. So verliert man keine wertvolle Zeit und Energie, um die sch\u00f6nsten Teile der Hauptstadt zu sehen. Von der alten Burg durch das anheimelnde historische Zentrum zu den Ufern der Donau, am Ende das moderne <a href=\"https:\/\/www.visitbratislava.com\/de\/setzt\/eurovea\/\" target=\"_blank\" rel=\"noopener\">Eurovea<\/a> Einkaufszentrum, k\u00f6nnen Sie sich durch Bratislavas faszinierende Geschichte in nur wenigen Tagen bewegen.<\/p>\n<blockquote><p>Und w\u00e4hrend Sie Ihre F\u00fc\u00dfe hochlegen und erholen, w\u00e4hlen Sie aus den zahlreichen festlichen Auff\u00fchrungen im historischen <a href=\"https:\/\/www.visitbratislava.com\/de\/setzt\/reduta\/\" target=\"_blank\" rel=\"noopener\">Konzerthaus Reduta<\/a> und dem <a href=\"https:\/\/www.visitbratislava.com\/de\/setzt\/slowakisches-nationaltheater\/\" target=\"_blank\" rel=\"noopener\">Slowakischen Nationaltheater<\/a>.<\/p><\/blockquote>\n<p><img loading=\"lazy\" class=\"alignnone wp-image-66589 size-large\" src=\"https:\/\/www.visitbratislava.com\/wp-content\/uploads\/2019\/09\/UFO-3-2-800x534.jpg\" alt=\"\" width=\"800\" height=\"534\" srcset=\"https:\/\/www.visitbratislava.com\/wp-content\/uploads\/2019\/09\/UFO-3-2-800x534.jpg 800w, https:\/\/www.visitbratislava.com\/wp-content\/uploads\/2019\/09\/UFO-3-2-400x267.jpg 400w, https:\/\/www.visitbratislava.com\/wp-content\/uploads\/2019\/09\/UFO-3-2-768x513.jpg 768w, https:\/\/www.visitbratislava.com\/wp-content\/uploads\/2019\/09\/UFO-3-2-200x134.jpg 200w\" sizes=\"(max-width: 800px) 100vw, 800px\" \/><\/p>\n<h3>Hinauf auf die Burg<\/h3>\n<p><a href=\"https:\/\/www.visitbratislava.com\/de\/setzt\/burg-bratislava\/\" target=\"_blank\" rel=\"noopener\">Bratislavas Burg<\/a>, die die Form eines in sich gewandten Tisches hat, war Zeuge vieler historischer Ereignisse. Nach umfangreichem Wiederaufbau hat sie ihre barocke Erscheinung wiedererlangt, urspr\u00fcnglich eingef\u00fchrt von Maria Theresia w\u00e4hrend der zweiten H\u00e4lfte des 18. Jahrhunderts. Jetzt beleben klassische Konzerte und Theaterauff\u00fchrungen ihre H\u00f6fe. Von der \u00f6stlichen Terrasse k\u00f6nnen Sie einen der sch\u00f6nsten Ausblicke auf die Stadt genie\u00dfen. Darunter befindet sich ein barocker Franz\u00f6sischer Garten, genau den Originalpl\u00e4nen von Maria Theresias Architekten nachgebildet.<\/p>\n<h3>Spaziergang in den Wolken<\/h3>\n<p>Die SNP-Br\u00fccke vermittelt ein v\u00f6llig anderes Erlebnis: wenn ein Panoramaausblick von der Terrasse des <a href=\"https:\/\/www.visitbratislava.com\/de\/setzt\/ufo\/\" target=\"_blank\" rel=\"noopener\">\u201eUFO\u201c-Restaurants<\/a> aus 95 Metern H\u00f6he nicht genug f\u00fcr Sie ist, gehen Sie das Fensterbrett neben dem Restaurant entlang. Eine adrenalin-strotzende Attraktion wie Bratislavas Himmelsspaziergang ist nur noch in Estlands Hauptstadt Tallinn zu finden.<\/p>\n<blockquote><p>J\u00e1n Pavlik ist einer der Draufg\u00e4nger, die den <a href=\"https:\/\/www.visitbratislava.com\/de\/setzt\/skywalk\/\" target=\"_blank\" rel=\"noopener\">Skywalk<\/a> begangen haben. \u201eMein Herz schlug bis zum Hals. Ich hatte noch nie zuvor so einen Adrenalin-Kick\u201c, erz\u00e4hlte er nach seiner sicheren R\u00fcckkehr. Abenteurer, die weniger aufregende Erfahrungen sch\u00e4tzen, sollten die kulinarischen Spezialit\u00e4ten, kreativ zubereitet mit einem Gef\u00fchl von Harmonie, im <a href=\"https:\/\/www.visitbratislava.com\/de\/setzt\/ufo\/\" target=\"_blank\" rel=\"noopener\">UFO-Restaurant<\/a> versuchen.<\/p><\/blockquote>\n<p><img loading=\"lazy\" class=\"alignnone wp-image-66577 size-large\" src=\"https:\/\/www.visitbratislava.com\/wp-content\/uploads\/2019\/09\/Modr\u00fd-kostol\u00edk-800x534.jpg\" alt=\"\" width=\"800\" height=\"534\" srcset=\"https:\/\/www.visitbratislava.com\/wp-content\/uploads\/2019\/09\/Modr\u00fd-kostol\u00edk-800x534.jpg 800w, https:\/\/www.visitbratislava.com\/wp-content\/uploads\/2019\/09\/Modr\u00fd-kostol\u00edk-400x267.jpg 400w, https:\/\/www.visitbratislava.com\/wp-content\/uploads\/2019\/09\/Modr\u00fd-kostol\u00edk-768x513.jpg 768w, https:\/\/www.visitbratislava.com\/wp-content\/uploads\/2019\/09\/Modr\u00fd-kostol\u00edk-200x134.jpg 200w\" sizes=\"(max-width: 800px) 100vw, 800px\" \/><\/p>\n<h3>Geschichte nah betrachtet<\/h3>\n<p>Geschichtsliebhaber werden das <a href=\"https:\/\/www.visitbratislava.com\/de\/setzt\/altes-rathaus\/\" target=\"_blank\" rel=\"noopener\">Alte Rathaus<\/a> lieben. Das st\u00e4dtische Museum ist die gro\u00dfe \u00dcberraschung f\u00fcr viele, die die Geschichte der Stadt aus der N\u00e4he betrachten m\u00f6chten. Das mittelalterliche Bratislava, das vor Eindringlingen durch Befestigungsbauten gesch\u00fctzt war, zeigt sich noch im erhaltenen Turm, benannt nach dem <a href=\"https:\/\/www.visitbratislava.com\/de\/setzt\/michaelertor\/\" target=\"_blank\" rel=\"noopener\">Erzengel Michael<\/a>. Heute\u00a0man hat einen ausgezeichneten Blick \u00fcber die Altstadt.<\/p>\n<blockquote><p>Bewunderer sakraler Denkm\u00e4ler sollten den gotischen <a href=\"https:\/\/www.visitbratislava.com\/de\/setzt\/die-kathedrale-des-heiligen-martin\/\" target=\"_blank\" rel=\"noopener\">Kr\u00f6nungsdom von St. Martin<\/a> und die romantische, im Art-Nouveau-Stil erbaute Kirche St. Elisabeth, auch <a href=\"https:\/\/www.visitbratislava.com\/de\/setzt\/blaue-kirche\/\" target=\"_blank\" rel=\"noopener\">\u201eBlaue Kirche\u201c<\/a> genannt, besichtigen. Die blaue Fassade mit blauer Majolikakeramik und Naturmotiven ist einzigartig inner- und au\u00dferhalb der Stadt.<\/p><\/blockquote>\n<p><img loading=\"lazy\" class=\"alignnone wp-image-66569 size-large\" src=\"https:\/\/www.visitbratislava.com\/wp-content\/uploads\/2019\/09\/PGH52078.MOV.13_32_12_32.Still001-800x450.jpg\" alt=\"\" width=\"800\" height=\"450\" srcset=\"https:\/\/www.visitbratislava.com\/wp-content\/uploads\/2019\/09\/PGH52078.MOV.13_32_12_32.Still001-800x450.jpg 800w, https:\/\/www.visitbratislava.com\/wp-content\/uploads\/2019\/09\/PGH52078.MOV.13_32_12_32.Still001-400x225.jpg 400w, https:\/\/www.visitbratislava.com\/wp-content\/uploads\/2019\/09\/PGH52078.MOV.13_32_12_32.Still001-768x432.jpg 768w, https:\/\/www.visitbratislava.com\/wp-content\/uploads\/2019\/09\/PGH52078.MOV.13_32_12_32.Still001-200x113.jpg 200w\" sizes=\"(max-width: 800px) 100vw, 800px\" \/><\/p>\n<p>Die Kunstgalerien <a href=\"https:\/\/www.visitbratislava.com\/de\/setzt\/galerie-nedbalka\/\" target=\"_blank\" rel=\"noopener\">Nedbalka<\/a> im Zentrum der Stadt, und die <a href=\"https:\/\/www.visitbratislava.com\/de\/setzt\/danubiana-meulensteen-art-museum\/\" target=\"_blank\" rel=\"noopener\">Danubiana<\/a>, die auf einer Halbinsel der Donau liegt, beeindrucken Besucherinnen und Besucher mit ihren reichhaltigen Sammlungen moderner Kunst und der herausragenden Architektur. W\u00e4hrend Nedbalka an das Guggenheim-Museum in New York erinnert, wird Sie Danubiana mit seiner Lage mitten in der Donau bezaubern.<\/p>\n<p><a href=\"https:\/\/www.visitbratislava.com\/de\/setzt\/danubiana-meulensteen-art-museum\/\" target=\"_blank\" rel=\"noopener\">Danubiana<\/a> und die Ruinen der <a href=\"https:\/\/www.visitbratislava.com\/de\/setzt\/burg-devin\/\" target=\"_blank\" rel=\"noopener\">Burg Devin<\/a> am Zusammenfluss der Donau mit der March sind die Hauptattraktionen au\u00dferhalb des historischen Stadtzentrums. Besitzer der <a href=\"http:\/\/card.visitbratislava.com\/de\/\" target=\"_blank\" rel=\"noopener\">Bratislava CARD City &amp; Region<\/a> tourist card k\u00f6nnen vollkommen kostenlos mit \u00f6ffentlichen Verkehrsmitteln dorthin gelangen. Au\u00dferdem bietet die Karte Erm\u00e4\u00dfigungen f\u00fcr verschiedene Hauptattraktionen (manche bis zu 100 %).<\/p>\n<p><img loading=\"lazy\" class=\"alignnone wp-image-66573 size-large\" src=\"https:\/\/www.visitbratislava.com\/wp-content\/uploads\/2019\/09\/Danubiana-1-800x534.jpg\" alt=\"\" width=\"800\" height=\"534\" srcset=\"https:\/\/www.visitbratislava.com\/wp-content\/uploads\/2019\/09\/Danubiana-1-800x534.jpg 800w, https:\/\/www.visitbratislava.com\/wp-content\/uploads\/2019\/09\/Danubiana-1-400x267.jpg 400w, https:\/\/www.visitbratislava.com\/wp-content\/uploads\/2019\/09\/Danubiana-1-768x513.jpg 768w, https:\/\/www.visitbratislava.com\/wp-content\/uploads\/2019\/09\/Danubiana-1-200x134.jpg 200w\" sizes=\"(max-width: 800px) 100vw, 800px\" \/><\/p>\n<p><img loading=\"lazy\" class=\"alignnone wp-image-66581 size-large\" src=\"https:\/\/www.visitbratislava.com\/wp-content\/uploads\/2019\/09\/Nedbalka-2-800x534.jpg\" alt=\"\" width=\"800\" height=\"534\" srcset=\"https:\/\/www.visitbratislava.com\/wp-content\/uploads\/2019\/09\/Nedbalka-2-800x534.jpg 800w, https:\/\/www.visitbratislava.com\/wp-content\/uploads\/2019\/09\/Nedbalka-2-400x267.jpg 400w, https:\/\/www.visitbratislava.com\/wp-content\/uploads\/2019\/09\/Nedbalka-2-768x513.jpg 768w, https:\/\/www.visitbratislava.com\/wp-content\/uploads\/2019\/09\/Nedbalka-2-200x134.jpg 200w\" sizes=\"(max-width: 800px) 100vw, 800px\" \/><\/p>\n<h3>Der Abend in den Armen der Kultur<\/h3>\n<p>Aber ein Besuch der Stadt w\u00fcrde nicht vollkommen sein ohne ein abendliches Konzert oder eine Theaterauff\u00fchrung. Das <a href=\"https:\/\/www.visitbratislava.com\/de\/setzt\/slovenska-filharmonia\/\" target=\"_blank\" rel=\"noopener\">Slowakische Philharmonie<\/a> Orchester spielt ein gro\u00dfes Repertoire an Konzerten in der wiedererbauten <a href=\"https:\/\/www.visitbratislava.com\/de\/setzt\/reduta\/\" target=\"_blank\" rel=\"noopener\">Reduta<\/a>, w\u00e4hrend Theaterbesucher die Dramen, Opern und Ballette, aufgef\u00fchrt im <a href=\"https:\/\/www.visitbratislava.com\/de\/setzt\/slowakisches-nationaltheater\/\" target=\"_blank\" rel=\"noopener\">Slowakischen Nationaltheater<\/a>, lieben werden. Wenn Sie Ihren Besuch der Stadt f\u00fcr Juli oder August planen, freuen Sie sich auf ein reichhaltiges kulturelles Sommerprogramm.<\/p>\n<p><img loading=\"lazy\" class=\"alignnone wp-image-66585 size-large\" src=\"https:\/\/www.visitbratislava.com\/wp-content\/uploads\/2019\/09\/Radnica-2-800x534.jpg\" alt=\"\" width=\"800\" height=\"534\" srcset=\"https:\/\/www.visitbratislava.com\/wp-content\/uploads\/2019\/09\/Radnica-2-800x534.jpg 800w, https:\/\/www.visitbratislava.com\/wp-content\/uploads\/2019\/09\/Radnica-2-400x267.jpg 400w, https:\/\/www.visitbratislava.com\/wp-content\/uploads\/2019\/09\/Radnica-2-768x513.jpg 768w, https:\/\/www.visitbratislava.com\/wp-content\/uploads\/2019\/09\/Radnica-2-200x134.jpg 200w\" sizes=\"(max-width: 800px) 100vw, 800px\" \/><\/p>\n","protected":false},"excerpt":{"rendered":"<p>Bratislava ist die \u201ekleine gro\u00dfe\u201c Stadt, in der Sehensw\u00fcrdigkeiten und Attraktionen nah aneinander liegen. So verliert man keine wertvolle Zeit und Energie, um die sch\u00f6nsten Teile der Hauptstadt zu sehen. Von der alten Burg durch das anheimelnde historische Zentrum zu den Ufern der Donau, am Ende das moderne Eurovea Einkaufszentrum, k\u00f6nnen Sie sich durch Bratislavas [&hellip;]<\/p>\n","protected":false},"author":25,"featured_media":66622,"parent":46511,"menu_order":0,"comment_status":"closed","ping_status":"closed","template":"","meta":[],"acf":[],"_links":{"self":[{"href":"https:\/\/www.visitbratislava.com\/de\/wp-json\/wp\/v2\/pages\/66629"}],"collection":[{"href":"https:\/\/www.visitbratislava.com\/de\/wp-json\/wp\/v2\/pages"}],"about":[{"href":"https:\/\/www.visitbratislava.com\/de\/wp-json\/wp\/v2\/types\/page"}],"author":[{"embeddable":true,"href":"https:\/\/www.visitbratislava.com\/de\/wp-json\/wp\/v2\/users\/25"}],"replies":[{"embeddable":true,"href":"https:\/\/www.visitbratislava.com\/de\/wp-json\/wp\/v2\/comments?post=66629"}],"version-history":[{"count":1,"href":"https:\/\/www.visitbratislava.com\/de\/wp-json\/wp\/v2\/pages\/66629\/revisions"}],"predecessor-version":[{"id":299542,"href":"https:\/\/www.visitbratislava.com\/de\/wp-json\/wp\/v2\/pages\/66629\/revisions\/299542"}],"up":[{"embeddable":true,"href":"https:\/\/www.visitbratislava.com\/de\/wp-json\/wp\/v2\/pages\/46511"}],"wp:featuredmedia":[{"embeddable":true,"href":"https:\/\/www.visitbratislava.com\/de\/wp-json\/wp\/v2\/media\/66622"}],"wp:attachment":[{"href":"https:\/\/www.visitbratislava.com\/de\/wp-json\/wp\/v2\/media?parent=66629"}],"curies":[{"name":"wp","href":"https:\/\/api.w.org\/{rel}","templated":true}]}}