{"id":67619,"date":"2019-10-10T09:50:58","date_gmt":"2019-10-10T07:50:58","guid":{"rendered":"https:\/\/www.visitbratislava.com\/?page_id=67619\/"},"modified":"2025-10-09T09:27:49","modified_gmt":"2025-10-09T07:27:49","slug":"10-besonderheiten-welche-sie-erleben-nur-in-bratislava","status":"publish","type":"page","link":"https:\/\/www.visitbratislava.com\/de\/top10\/10-besonderheiten-welche-sie-erleben-nur-in-bratislava\/","title":{"rendered":"10 Besonderheiten, welche Sie erleben nur in Bratislava"},"content":{"rendered":"<h2><span dir=\"auto\" style=\"vertical-align: inherit;\"><span dir=\"auto\" style=\"vertical-align: inherit;\">10. Chuck Norris Br\u00fccke<\/span><\/span><\/h2>\n<p><span dir=\"auto\" style=\"vertical-align: inherit;\"><span dir=\"auto\" style=\"vertical-align: inherit;\">Eine Br\u00fccke, deren Namen die Einwohner selbst w\u00e4hlen konnten und bei der dieser Rezessionsname eindeutig gewann. Die Beh\u00f6rden akzeptierten die Abstimmung letztendlich nicht, aber f\u00fcr alle Bratislavaer wird <\/span><\/span><a href=\"https:\/\/sk.wikipedia.org\/wiki\/Cyklomost_slobody\" target=\"_blank\" rel=\"noopener noreferrer\"><span dir=\"auto\" style=\"vertical-align: inherit;\"><span dir=\"auto\" style=\"vertical-align: inherit;\">die Freedom Bike Bridge<\/span><\/span><\/a><span dir=\"auto\" style=\"vertical-align: inherit;\"><span dir=\"auto\" style=\"vertical-align: inherit;\"> trotz des offiziellen Namens immer die Chuck Norris Bridge bleiben.<\/span><\/span><\/p>\n<p><img loading=\"lazy\" width=\"800\" height=\"534\" class=\"alignnone size-large wp-image-296292\" src=\"https:\/\/www.visitbratislava.com\/wp-content\/uploads\/2015\/04\/VyletiVtacik_komparz_leto_2023_bike_bicykel_cyklomost_slobody_devinska_nova_ves_morava_kupene_vyhradna_licencia_casovo_neobmedzena-17-800x534.jpg\" alt=\"\" srcset=\"https:\/\/www.visitbratislava.com\/wp-content\/uploads\/2015\/04\/VyletiVtacik_komparz_leto_2023_bike_bicykel_cyklomost_slobody_devinska_nova_ves_morava_kupene_vyhradna_licencia_casovo_neobmedzena-17-800x534.jpg 800w, https:\/\/www.visitbratislava.com\/wp-content\/uploads\/2015\/04\/VyletiVtacik_komparz_leto_2023_bike_bicykel_cyklomost_slobody_devinska_nova_ves_morava_kupene_vyhradna_licencia_casovo_neobmedzena-17-400x267.jpg 400w, https:\/\/www.visitbratislava.com\/wp-content\/uploads\/2015\/04\/VyletiVtacik_komparz_leto_2023_bike_bicykel_cyklomost_slobody_devinska_nova_ves_morava_kupene_vyhradna_licencia_casovo_neobmedzena-17-768x512.jpg 768w, https:\/\/www.visitbratislava.com\/wp-content\/uploads\/2015\/04\/VyletiVtacik_komparz_leto_2023_bike_bicykel_cyklomost_slobody_devinska_nova_ves_morava_kupene_vyhradna_licencia_casovo_neobmedzena-17-1536x1025.jpg 1536w, https:\/\/www.visitbratislava.com\/wp-content\/uploads\/2015\/04\/VyletiVtacik_komparz_leto_2023_bike_bicykel_cyklomost_slobody_devinska_nova_ves_morava_kupene_vyhradna_licencia_casovo_neobmedzena-17-200x133.jpg 200w, https:\/\/www.visitbratislava.com\/wp-content\/uploads\/2015\/04\/VyletiVtacik_komparz_leto_2023_bike_bicykel_cyklomost_slobody_devinska_nova_ves_morava_kupene_vyhradna_licencia_casovo_neobmedzena-17.jpg 1896w\" sizes=\"(max-width: 800px) 100vw, 800px\" \/><\/p>\n<h2><span dir=\"auto\" style=\"vertical-align: inherit;\"><span dir=\"auto\" style=\"vertical-align: inherit;\">9. Blaue Kirche<\/span><\/span><\/h2>\n<p><span dir=\"auto\" style=\"vertical-align: inherit;\"><span dir=\"auto\" style=\"vertical-align: inherit;\">Erbaut im ungarischen Jugendstil, aber mit moderner Betontechnologie, ist diese Kuchenkirche <\/span><\/span><a href=\"https:\/\/www.visitbratislava.com\/sk\/miesta\/modry-kostol\/\" target=\"_blank\" rel=\"noopener\"><span dir=\"auto\" style=\"vertical-align: inherit;\"><span dir=\"auto\" style=\"vertical-align: inherit;\">einzigartig<\/span><\/span><\/a><span dir=\"auto\" style=\"vertical-align: inherit;\"><span dir=\"auto\" style=\"vertical-align: inherit;\"> und ein Ort, der viele Besucher der Stadt verzaubert.<\/span><\/span><\/p>\n<p><img loading=\"lazy\" width=\"800\" height=\"534\" class=\"alignnone size-large wp-image-66577\" src=\"https:\/\/www.visitbratislava.com\/wp-content\/uploads\/2019\/09\/Modr\u00fd-kostol\u00edk-800x534.jpg\" alt=\"\" srcset=\"https:\/\/www.visitbratislava.com\/wp-content\/uploads\/2019\/09\/Modr\u00fd-kostol\u00edk-800x534.jpg 800w, https:\/\/www.visitbratislava.com\/wp-content\/uploads\/2019\/09\/Modr\u00fd-kostol\u00edk-400x267.jpg 400w, https:\/\/www.visitbratislava.com\/wp-content\/uploads\/2019\/09\/Modr\u00fd-kostol\u00edk-768x513.jpg 768w, https:\/\/www.visitbratislava.com\/wp-content\/uploads\/2019\/09\/Modr\u00fd-kostol\u00edk-200x134.jpg 200w\" sizes=\"(max-width: 800px) 100vw, 800px\" \/><\/p>\n<h2><span dir=\"auto\" style=\"vertical-align: inherit;\"><span dir=\"auto\" style=\"vertical-align: inherit;\">8. Kanonenkugeln in Hausw\u00e4nden<\/span><\/span><\/h2>\n<p><span dir=\"auto\" style=\"vertical-align: inherit;\"><span dir=\"auto\" style=\"vertical-align: inherit;\">Die Markierung von Geb\u00e4uden mit Kanonenkugeln war nach den Napoleonischen Kriegen eine g\u00e4ngige Praxis. Sie sollten angeblich H\u00e4user kennzeichnen, die besch\u00e4digt worden waren und Anspruch auf Steuererleichterungen hatten. Man findet sie beispielsweise auf dem Hauptplatz beim <\/span><\/span><a href=\"https:\/\/www.visitbratislava.com\/sk\/miesta\/stara-radnica\/\" target=\"_blank\" rel=\"noopener noreferrer\"><span dir=\"auto\" style=\"vertical-align: inherit;\"><span dir=\"auto\" style=\"vertical-align: inherit;\">Alten Rathaus<\/span><\/span><\/a><span dir=\"auto\" style=\"vertical-align: inherit;\"><span dir=\"auto\" style=\"vertical-align: inherit;\"> , in der Michalska-Stra\u00dfe Nr. 6 oder beim Apponyi-Palast. Ein Gro\u00dfteil davon befand sich bereits heute auf dem abgerissenen Schlossgel\u00e4nde.<\/span><\/span><\/p>\n<p><img loading=\"lazy\" width=\"800\" height=\"533\" class=\"alignnone size-large wp-image-348741\" src=\"https:\/\/www.visitbratislava.com\/wp-content\/uploads\/2025\/08\/Crot-Prod_2022_dron_leto_stara-radnica_stare-mesto_downtown_most-apollo_hlavne-namestie_nevyhradna-licencia-800x533.jpg\" alt=\"\" srcset=\"https:\/\/www.visitbratislava.com\/wp-content\/uploads\/2025\/08\/Crot-Prod_2022_dron_leto_stara-radnica_stare-mesto_downtown_most-apollo_hlavne-namestie_nevyhradna-licencia-800x533.jpg 800w, https:\/\/www.visitbratislava.com\/wp-content\/uploads\/2025\/08\/Crot-Prod_2022_dron_leto_stara-radnica_stare-mesto_downtown_most-apollo_hlavne-namestie_nevyhradna-licencia-400x266.jpg 400w, https:\/\/www.visitbratislava.com\/wp-content\/uploads\/2025\/08\/Crot-Prod_2022_dron_leto_stara-radnica_stare-mesto_downtown_most-apollo_hlavne-namestie_nevyhradna-licencia-768x512.jpg 768w, https:\/\/www.visitbratislava.com\/wp-content\/uploads\/2025\/08\/Crot-Prod_2022_dron_leto_stara-radnica_stare-mesto_downtown_most-apollo_hlavne-namestie_nevyhradna-licencia-1536x1023.jpg 1536w, https:\/\/www.visitbratislava.com\/wp-content\/uploads\/2025\/08\/Crot-Prod_2022_dron_leto_stara-radnica_stare-mesto_downtown_most-apollo_hlavne-namestie_nevyhradna-licencia-2048x1364.jpg 2048w, https:\/\/www.visitbratislava.com\/wp-content\/uploads\/2025\/08\/Crot-Prod_2022_dron_leto_stara-radnica_stare-mesto_downtown_most-apollo_hlavne-namestie_nevyhradna-licencia-200x133.jpg 200w\" sizes=\"(max-width: 800px) 100vw, 800px\" \/><\/p>\n<h2><span dir=\"auto\" style=\"vertical-align: inherit;\"><span dir=\"auto\" style=\"vertical-align: inherit;\">7. Bier in \u00f6ffentlichen Toiletten<\/span><\/span><\/h2>\n<p><span dir=\"auto\" style=\"vertical-align: inherit;\"><span dir=\"auto\" style=\"vertical-align: inherit;\">Es klingt nicht sehr ansprechend, aber das Gegenteil ist der Fall. Ehemalige \u00f6ffentliche Toiletten sind derzeit in Bratislava ein gro\u00dfer Hit. Die urspr\u00fcnglich unansehnlichen R\u00e4ume wurden bis zur Unkenntlichkeit verwandelt. In diesen Bierhallen erwartet Sie ein gem\u00fctliches Interieur, eine stilvolle Terrasse und eine gro\u00dfe Auswahl an leckeren Bieren kleiner und hochwertiger Brauereien. Besuchen Sie <\/span><\/span><a href=\"https:\/\/www.facebook.com\/steinplatz\/\" target=\"_blank\" rel=\"noopener noreferrer\"><span dir=\"auto\" style=\"vertical-align: inherit;\"><span dir=\"auto\" style=\"vertical-align: inherit;\">die Lokale am Steinplatz<\/span><\/span><\/a><span dir=\"auto\" style=\"vertical-align: inherit;\"><span dir=\"auto\" style=\"vertical-align: inherit;\"> oder <\/span><\/span><a href=\"https:\/\/www.facebook.com\/Kollarko23\/\" target=\"_blank\" rel=\"noopener noreferrer\"><span dir=\"auto\" style=\"vertical-align: inherit;\"><span dir=\"auto\" style=\"vertical-align: inherit;\">Koll\u00e1rko<\/span><\/span><\/a><span dir=\"auto\" style=\"vertical-align: inherit;\"><span dir=\"auto\" style=\"vertical-align: inherit;\"> .<\/span><\/span><\/p>\n<p><img loading=\"lazy\" width=\"800\" height=\"600\" class=\"alignnone size-large wp-image-365716\" src=\"https:\/\/www.visitbratislava.com\/wp-content\/uploads\/2025\/10\/Steinplatz-800x600.jpg\" alt=\"\" srcset=\"https:\/\/www.visitbratislava.com\/wp-content\/uploads\/2025\/10\/Steinplatz-800x600.jpg 800w, https:\/\/www.visitbratislava.com\/wp-content\/uploads\/2025\/10\/Steinplatz-400x300.jpg 400w, https:\/\/www.visitbratislava.com\/wp-content\/uploads\/2025\/10\/Steinplatz-768x576.jpg 768w, https:\/\/www.visitbratislava.com\/wp-content\/uploads\/2025\/10\/Steinplatz-1536x1152.jpg 1536w, https:\/\/www.visitbratislava.com\/wp-content\/uploads\/2025\/10\/Steinplatz-200x150.jpg 200w, https:\/\/www.visitbratislava.com\/wp-content\/uploads\/2025\/10\/Steinplatz-600x450.jpg 600w, https:\/\/www.visitbratislava.com\/wp-content\/uploads\/2025\/10\/Steinplatz.jpg 2048w\" sizes=\"(max-width: 800px) 100vw, 800px\" \/><\/p>\n<p><span style=\"font-size: 8pt;\"><span dir=\"auto\" style=\"vertical-align: inherit;\"><span dir=\"auto\" style=\"vertical-align: inherit;\">Quelle: The European Bar Guide<\/span><\/span><\/span><\/p>\n<h2><span dir=\"auto\" style=\"vertical-align: inherit;\"><span dir=\"auto\" style=\"vertical-align: inherit;\">6. Nacht in einer Brauerei an der Donau<\/span><\/span><\/h2>\n<p><a href=\"https:\/\/www.visitbratislava.com\/sk\/miesta\/restauracia-dunajsky-pivovar\/\" target=\"_blank\" rel=\"noopener noreferrer\"><span dir=\"auto\" style=\"vertical-align: inherit;\"><span dir=\"auto\" style=\"vertical-align: inherit;\">Gibt es f\u00fcr Bierliebhaber eine bessere Idee als eine Nacht in einer Brauerei? Hinzu kommt, dass man auf einem Boot auf der Donau mit der surrealen Silhouette der Stadt im Hintergrund einschl\u00e4ft \u2013 ein unvergessliches Erlebnis. Das Dunajsk\u00fd pivovar<\/span><\/span><\/a><span dir=\"auto\" style=\"vertical-align: inherit;\"><span dir=\"auto\" style=\"vertical-align: inherit;\"> bietet <\/span><span dir=\"auto\" style=\"vertical-align: inherit;\">sein eigenes Craft-Bier und k\u00f6stliche slowakische K\u00fcche.<\/span><\/span><\/p>\n<p><img loading=\"lazy\" width=\"800\" height=\"500\" class=\"alignnone size-large wp-image-365723\" src=\"https:\/\/www.visitbratislava.com\/wp-content\/uploads\/2025\/10\/dunajsky-pivovar-800x500.jpg\" alt=\"\" srcset=\"https:\/\/www.visitbratislava.com\/wp-content\/uploads\/2025\/10\/dunajsky-pivovar-800x500.jpg 800w, https:\/\/www.visitbratislava.com\/wp-content\/uploads\/2025\/10\/dunajsky-pivovar-400x250.jpg 400w, https:\/\/www.visitbratislava.com\/wp-content\/uploads\/2025\/10\/dunajsky-pivovar-768x480.jpg 768w, https:\/\/www.visitbratislava.com\/wp-content\/uploads\/2025\/10\/dunajsky-pivovar-1536x960.jpg 1536w, https:\/\/www.visitbratislava.com\/wp-content\/uploads\/2025\/10\/dunajsky-pivovar-200x125.jpg 200w, https:\/\/www.visitbratislava.com\/wp-content\/uploads\/2025\/10\/dunajsky-pivovar.jpg 1600w\" sizes=\"(max-width: 800px) 100vw, 800px\" \/><\/p>\n<p><span style=\"font-size: 8pt;\"><span dir=\"auto\" style=\"vertical-align: inherit;\"><span dir=\"auto\" style=\"vertical-align: inherit;\">Quelle: dunajskypivovar.sk<\/span><\/span><\/span><\/p>\n<h2><span dir=\"auto\" style=\"vertical-align: inherit;\"><span dir=\"auto\" style=\"vertical-align: inherit;\">5. Milit\u00e4rbunker in der am dichtesten besiedelten Wohnsiedlung Mitteleuropas<\/span><\/span><\/h2>\n<p><span dir=\"auto\" style=\"vertical-align: inherit;\"><span dir=\"auto\" style=\"vertical-align: inherit;\">Die Kombination aus Geschichte und sozialistischem St\u00e4dtebau ist so au\u00dfergew\u00f6hnlich, dass Sie diesen Ort auf keinen Fall verpassen sollten. <\/span><\/span><a href=\"https:\/\/www.visitbratislava.com\/sk\/miesta\/bunker-b-s-4\/\" target=\"_blank\" rel=\"noopener noreferrer\"><span dir=\"auto\" style=\"vertical-align: inherit;\"><span dir=\"auto\" style=\"vertical-align: inherit;\">Der Milit\u00e4rbunker BS 4-L\u00e1ny<\/span><\/span><\/a><span dir=\"auto\" style=\"vertical-align: inherit;\"><span dir=\"auto\" style=\"vertical-align: inherit;\"> aus dem Zweiten Weltkrieg mitten in der Wohnsiedlung bietet Besuchern sowohl eine Au\u00dfen- als auch eine Innenausstellung kostenlos an.<\/span><\/span><\/p>\n<p><img loading=\"lazy\" width=\"720\" height=\"555\" class=\"alignnone size-full wp-image-98045\" src=\"https:\/\/www.visitbratislava.com\/wp-content\/uploads\/2020\/12\/bunker-bs-8.jpg\" alt=\"\" srcset=\"https:\/\/www.visitbratislava.com\/wp-content\/uploads\/2020\/12\/bunker-bs-8.jpg 720w, https:\/\/www.visitbratislava.com\/wp-content\/uploads\/2020\/12\/bunker-bs-8-400x308.jpg 400w, https:\/\/www.visitbratislava.com\/wp-content\/uploads\/2020\/12\/bunker-bs-8-200x154.jpg 200w\" sizes=\"(max-width: 720px) 100vw, 720px\" \/><\/p>\n<h2><span dir=\"auto\" style=\"vertical-align: inherit;\"><span dir=\"auto\" style=\"vertical-align: inherit;\">4. Konzert in einer umgekehrten Pyramide<\/span><\/span><\/h2>\n<p><span dir=\"auto\" style=\"vertical-align: inherit;\"><span dir=\"auto\" style=\"vertical-align: inherit;\">Ein au\u00dfergew\u00f6hnliches Geb\u00e4ude im Stadtzentrum, erbaut im Geiste des sozialistischen Realismus, beeindruckt auf den ersten Blick mit seiner umgekehrten Pyramidenform. Der gro\u00dfz\u00fcgige Innenraum <\/span><\/span><a href=\"https:\/\/www.visitbratislava.com\/sk\/miesta\/slovensky-rozhlas\/\" target=\"_blank\" rel=\"noopener noreferrer\"><span dir=\"auto\" style=\"vertical-align: inherit;\"><span dir=\"auto\" style=\"vertical-align: inherit;\">des Slowakischen Rundfunks<\/span><\/span><\/a><span dir=\"auto\" style=\"vertical-align: inherit;\"><span dir=\"auto\" style=\"vertical-align: inherit;\"> verbirgt die besten Konzert- und Aufnahmestudios der Slowakei. Im gro\u00dfen Konzertstudio befindet sich eine der gr\u00f6\u00dften Orgeln Mitteleuropas mit 6.300 Pfeifen.<\/span><\/span><\/p>\n<p><img loading=\"lazy\" width=\"800\" height=\"533\" class=\"alignnone size-large wp-image-213065\" src=\"https:\/\/www.visitbratislava.com\/wp-content\/uploads\/2022\/12\/Pozadie_Lachkovic_2021_leto_architektura_socializmus_slovensky-rozhlas_vyhradna_licencia_casovo_neobmedzena-800x533.jpg\" alt=\"\" srcset=\"https:\/\/www.visitbratislava.com\/wp-content\/uploads\/2022\/12\/Pozadie_Lachkovic_2021_leto_architektura_socializmus_slovensky-rozhlas_vyhradna_licencia_casovo_neobmedzena-800x533.jpg 800w, https:\/\/www.visitbratislava.com\/wp-content\/uploads\/2022\/12\/Pozadie_Lachkovic_2021_leto_architektura_socializmus_slovensky-rozhlas_vyhradna_licencia_casovo_neobmedzena-400x267.jpg 400w, https:\/\/www.visitbratislava.com\/wp-content\/uploads\/2022\/12\/Pozadie_Lachkovic_2021_leto_architektura_socializmus_slovensky-rozhlas_vyhradna_licencia_casovo_neobmedzena-768x512.jpg 768w, https:\/\/www.visitbratislava.com\/wp-content\/uploads\/2022\/12\/Pozadie_Lachkovic_2021_leto_architektura_socializmus_slovensky-rozhlas_vyhradna_licencia_casovo_neobmedzena-1536x1024.jpg 1536w, https:\/\/www.visitbratislava.com\/wp-content\/uploads\/2022\/12\/Pozadie_Lachkovic_2021_leto_architektura_socializmus_slovensky-rozhlas_vyhradna_licencia_casovo_neobmedzena-200x133.jpg 200w, https:\/\/www.visitbratislava.com\/wp-content\/uploads\/2022\/12\/Pozadie_Lachkovic_2021_leto_architektura_socializmus_slovensky-rozhlas_vyhradna_licencia_casovo_neobmedzena.jpg 1920w\" sizes=\"(max-width: 800px) 100vw, 800px\" \/><\/p>\n<h2><span dir=\"auto\" style=\"vertical-align: inherit;\"><span dir=\"auto\" style=\"vertical-align: inherit;\">3. Wald mitten in der Stadt<\/span><\/span><\/h2>\n<p><a href=\"https:\/\/www.visitbratislava.com\/sk\/miesta\/horsky-park\/\" target=\"_blank\" rel=\"noopener noreferrer\"><span dir=\"auto\" style=\"vertical-align: inherit;\"><span dir=\"auto\" style=\"vertical-align: inherit;\">Der Bergpark<\/span><\/span><\/a><span dir=\"auto\" style=\"vertical-align: inherit;\"><span dir=\"auto\" style=\"vertical-align: inherit;\"> ist ein Ort f\u00fcr meditative Menschen, aber auch f\u00fcr Sportbegeisterte. Der Wald liegt praktisch im Stadtzentrum und ist eine Oase der Ruhe mit seinen Waldwegen, \u00fcppiger Vegetation, B\u00e4umen und unber\u00fchrter Natur. Zusammen mit der historischen Waldh\u00fctte und der legend\u00e4ren Funus-Taverne bilden sie einen einzigartigen Ort zum Entspannen.<\/span><\/span><\/p>\n<p><img loading=\"lazy\" width=\"800\" height=\"444\" class=\"alignnone size-large wp-image-271162\" src=\"https:\/\/www.visitbratislava.com\/wp-content\/uploads\/2015\/04\/Galeria-Horsky-park-fb-800x444.jpg\" alt=\"\" srcset=\"https:\/\/www.visitbratislava.com\/wp-content\/uploads\/2015\/04\/Galeria-Horsky-park-fb-800x444.jpg 800w, https:\/\/www.visitbratislava.com\/wp-content\/uploads\/2015\/04\/Galeria-Horsky-park-fb-400x222.jpg 400w, https:\/\/www.visitbratislava.com\/wp-content\/uploads\/2015\/04\/Galeria-Horsky-park-fb-768x426.jpg 768w, https:\/\/www.visitbratislava.com\/wp-content\/uploads\/2015\/04\/Galeria-Horsky-park-fb-1536x852.jpg 1536w, https:\/\/www.visitbratislava.com\/wp-content\/uploads\/2015\/04\/Galeria-Horsky-park-fb-200x111.jpg 200w, https:\/\/www.visitbratislava.com\/wp-content\/uploads\/2015\/04\/Galeria-Horsky-park-fb.jpg 2048w\" sizes=\"(max-width: 800px) 100vw, 800px\" \/><\/p>\n<h2><span dir=\"auto\" style=\"vertical-align: inherit;\"><span dir=\"auto\" style=\"vertical-align: inherit;\">2. Galerie auf der Halbinsel<\/span><\/span><\/h2>\n<p><a href=\"https:\/\/www.visitbratislava.com\/sk\/miesta\/danubiana\/\"><span dir=\"auto\" style=\"vertical-align: inherit;\"><span dir=\"auto\" style=\"vertical-align: inherit;\">Die Danubiana<\/span><\/span><\/a><span dir=\"auto\" style=\"vertical-align: inherit;\"><span dir=\"auto\" style=\"vertical-align: inherit;\"> Modern Art Gallery\u00a0 <\/span><span dir=\"auto\" style=\"vertical-align: inherit;\">auf der Donauhalbinsel ist ein einzigartiger Ort in Bratislava. Die moderne Architektur des Geb\u00e4udes, die spektakul\u00e4re Lage der Galerie und die attraktiven Ausstellungen sind die Hauptgr\u00fcnde, warum Danubiana von den renommiertesten Reisef\u00fchrern und Tourismusportalen der Welt empfohlen wird.<\/span><\/span><\/p>\n<p><img loading=\"lazy\" width=\"800\" height=\"477\" class=\"alignnone size-large wp-image-351854\" src=\"https:\/\/www.visitbratislava.com\/wp-content\/uploads\/2025\/09\/Danubiana-3-scaled-1-800x477.jpg\" alt=\"\" srcset=\"https:\/\/www.visitbratislava.com\/wp-content\/uploads\/2025\/09\/Danubiana-3-scaled-1-800x477.jpg 800w, https:\/\/www.visitbratislava.com\/wp-content\/uploads\/2025\/09\/Danubiana-3-scaled-1-400x238.jpg 400w, https:\/\/www.visitbratislava.com\/wp-content\/uploads\/2025\/09\/Danubiana-3-scaled-1-768x458.jpg 768w, https:\/\/www.visitbratislava.com\/wp-content\/uploads\/2025\/09\/Danubiana-3-scaled-1-1536x916.jpg 1536w, https:\/\/www.visitbratislava.com\/wp-content\/uploads\/2025\/09\/Danubiana-3-scaled-1-2048x1221.jpg 2048w, https:\/\/www.visitbratislava.com\/wp-content\/uploads\/2025\/09\/Danubiana-3-scaled-1-200x119.jpg 200w\" sizes=\"(max-width: 800px) 100vw, 800px\" \/><\/p>\n<h2><span dir=\"auto\" style=\"vertical-align: inherit;\"><span dir=\"auto\" style=\"vertical-align: inherit;\">1. Gastronomisches Erlebnis an der UFO<\/span><\/span><\/h2>\n<p><span dir=\"auto\" style=\"vertical-align: inherit;\"><span dir=\"auto\" style=\"vertical-align: inherit;\">Sie m\u00fcssen die ber\u00fchmte SNP-Br\u00fccke in Bratislava nicht nur von au\u00dfen bewundern. Fahren Sie bis zur Spitze, wo Sie 85 Meter \u00fcber der Donau das Restaurant <\/span><\/span><a href=\"https:\/\/www.visitbratislava.com\/sk\/miesta\/ufo\/\"><span dir=\"auto\" style=\"vertical-align: inherit;\"><span dir=\"auto\" style=\"vertical-align: inherit;\">UFO<\/span><\/span><\/a><span dir=\"auto\" style=\"vertical-align: inherit;\"><span dir=\"auto\" style=\"vertical-align: inherit;\"> finden \u00a0, das auf mediterrane und asiatische K\u00fcche spezialisiert ist. Von Ihrem Tisch aus haben Sie die Stadt direkt in der Hand. Und als Bonus erleben Sie die UFA.<\/span><\/span><\/p>\n<p><img loading=\"lazy\" width=\"800\" height=\"388\" class=\"alignnone size-large wp-image-22060\" src=\"https:\/\/www.visitbratislava.com\/wp-content\/uploads\/2015\/03\/ufo_restauracia-800x388.jpg\" alt=\"\" srcset=\"https:\/\/www.visitbratislava.com\/wp-content\/uploads\/2015\/03\/ufo_restauracia-800x388.jpg 800w, https:\/\/www.visitbratislava.com\/wp-content\/uploads\/2015\/03\/ufo_restauracia-400x194.jpg 400w, https:\/\/www.visitbratislava.com\/wp-content\/uploads\/2015\/03\/ufo_restauracia-768x373.jpg 768w, https:\/\/www.visitbratislava.com\/wp-content\/uploads\/2015\/03\/ufo_restauracia-200x97.jpg 200w\" sizes=\"(max-width: 800px) 100vw, 800px\" \/><\/p>\n","protected":false},"excerpt":{"rendered":"<p>10. Chuck Norris Br\u00fccke Eine Br\u00fccke, deren Namen die Einwohner selbst w\u00e4hlen konnten und bei der dieser Rezessionsname eindeutig gewann. Die Beh\u00f6rden akzeptierten die Abstimmung letztendlich nicht, aber f\u00fcr alle Bratislavaer wird die Freedom Bike Bridge trotz des offiziellen Namens immer die Chuck Norris Bridge bleiben. 9. Blaue Kirche Erbaut im ungarischen Jugendstil, aber mit [&hellip;]<\/p>\n","protected":false},"author":25,"featured_media":67808,"parent":32539,"menu_order":0,"comment_status":"closed","ping_status":"closed","template":"","meta":[],"acf":[],"_links":{"self":[{"href":"https:\/\/www.visitbratislava.com\/de\/wp-json\/wp\/v2\/pages\/67619"}],"collection":[{"href":"https:\/\/www.visitbratislava.com\/de\/wp-json\/wp\/v2\/pages"}],"about":[{"href":"https:\/\/www.visitbratislava.com\/de\/wp-json\/wp\/v2\/types\/page"}],"author":[{"embeddable":true,"href":"https:\/\/www.visitbratislava.com\/de\/wp-json\/wp\/v2\/users\/25"}],"replies":[{"embeddable":true,"href":"https:\/\/www.visitbratislava.com\/de\/wp-json\/wp\/v2\/comments?post=67619"}],"version-history":[{"count":3,"href":"https:\/\/www.visitbratislava.com\/de\/wp-json\/wp\/v2\/pages\/67619\/revisions"}],"predecessor-version":[{"id":365730,"href":"https:\/\/www.visitbratislava.com\/de\/wp-json\/wp\/v2\/pages\/67619\/revisions\/365730"}],"up":[{"embeddable":true,"href":"https:\/\/www.visitbratislava.com\/de\/wp-json\/wp\/v2\/pages\/32539"}],"wp:featuredmedia":[{"embeddable":true,"href":"https:\/\/www.visitbratislava.com\/de\/wp-json\/wp\/v2\/media\/67808"}],"wp:attachment":[{"href":"https:\/\/www.visitbratislava.com\/de\/wp-json\/wp\/v2\/media?parent=67619"}],"curies":[{"name":"wp","href":"https:\/\/api.w.org\/{rel}","templated":true}]}}