{"id":71107,"date":"2019-11-21T15:40:35","date_gmt":"2019-11-21T14:40:35","guid":{"rendered":"https:\/\/www.visitbratislava.com\/?page_id=71107\/"},"modified":"2019-11-21T16:22:01","modified_gmt":"2019-11-21T15:22:01","slug":"spezielle-winter","status":"publish","type":"page","link":"https:\/\/www.visitbratislava.com\/de\/spezielle-winter\/","title":{"rendered":"Spezielles Winterangebot"},"content":{"rendered":"<h2><strong>Weihnachtsf\u00fchrungen<\/strong><\/h2>\n<h3><strong>Weihnachts-Foodtour<\/strong><\/h3>\n<p>CK Tripito bereitet f\u00fcr Sie spezielle Weihnachts-Foodtour. Sie erfahren etwas \u00fcber die slowakische Kultur, Weihnachtstraditionen, \u00fcber Bratislava und ihre Geschichte und Sie genie\u00dfen den Geschmack von Weihnachten. Der beste Platz f\u00fcr die traditionelle K\u00fcche sind w\u00e4hrend der Weihnachten die Weihnachtsm\u00e4rkte. Kosten Sie Kartoffelfladen, \u201eZigeunerbraten\u201c, Honigtrunk und andere leckere Sachen.<\/p>\n<p><strong>Preis:<\/strong> 42 \u20ac pro Person,\u00a0mindestens 2 Menschen<\/p>\n<p><strong>Termine<\/strong><strong>:<\/strong> 24. 11. &#8211; 23. 12. 2017 \u2013 Mittwoch, Donnerstag, Freitag, Samstag, Sonntag oder auf Verlangen<br \/>\n<strong>Treffpunkt<\/strong><strong>:<\/strong> Historisches Geb\u00e4ude des Slowakischen Nationaltheaters, Gork\u00e9ho 132\/2, 811 01 Bratislava<br \/>\n<strong>Dauer:<\/strong> 3,5 Stunden<br \/>\n<strong>Beginn:<\/strong> 10:00 oder 17:00<br \/>\n<strong>Tage:<\/strong> \u00a0t\u00e4glich au\u00dfer Montag<\/p>\n<p><strong>Im Preis inbegriffen<\/strong>: lokaler Reisef\u00fchrer, Gl\u00fchweinprobe, Honigweinprobe, verschiedene traditionelle Speisen des slowakischen Marktes<br \/>\n<strong>Reservationen:\u00a0<\/strong><a href=\"mailto:info@tripito.eu\">info@tripito.eu<\/a>,\u00a0+421\u00a0915 503476<\/p>\n<p><img loading=\"lazy\" width=\"800\" height=\"467\" class=\"alignnone size-full wp-image-71082\" src=\"https:\/\/www.visitbratislava.com\/wp-content\/uploads\/2019\/11\/tripito.jpg\" alt=\"\" srcset=\"https:\/\/www.visitbratislava.com\/wp-content\/uploads\/2019\/11\/tripito.jpg 800w, https:\/\/www.visitbratislava.com\/wp-content\/uploads\/2019\/11\/tripito-400x234.jpg 400w, https:\/\/www.visitbratislava.com\/wp-content\/uploads\/2019\/11\/tripito-768x448.jpg 768w, https:\/\/www.visitbratislava.com\/wp-content\/uploads\/2019\/11\/tripito-200x117.jpg 200w\" sizes=\"(max-width: 800px) 100vw, 800px\" \/><\/p>\n<h3><strong>Spezielle Weihnachtsstadtf\u00fchrung<\/strong><\/h3>\n<p>Erleben Sie traditionelle Weihnachtsatmosph\u00e4re in der Altstadt von Bratislava mit CK Floratour. Professioneller Stadtf\u00fchrer zeigt Ihnen die Weihnachtsm\u00e4rkte, traditionelle volkst\u00fcmliche Produkte, sowie auch die bekanntesten touristischen Attraktionen. Zum Schluss der Stadtf\u00fchrung erw\u00e4rmt Sie ein Gl\u00e4schen Gl\u00fchwein.<\/p>\n<p><strong>Datum<\/strong><strong>:<\/strong> Samstage und Sonntage (23. 11. &#8211; 22. 12.)<br \/>\n<strong>Zeit:<\/strong> 11:45 Uhr<br \/>\n<strong>Dauer:<\/strong> 1,5 Stunden mit dem Reisef\u00fchrer im Deutschen und Englischen<br \/>\n<strong>Ausgangspunkt<\/strong><strong>:<\/strong>Twin City Gate beim Hafen HUMA 6, R\u00e1zusovo n\u00e1bre\u017eie, gegen\u00fcber vom Hotel Park Inn<br \/>\n<strong>Preis:<\/strong> 15 \u20ac\/ Erwachsene, 7 \u20ac\/ Kind<br \/>\n<strong>Informationen:<\/strong>\u00a0+421 903 505 505, <a href=\"https:\/\/www.floratour.sk\/sk\/\">www.floratour.sk<\/a>, floratour@floratour.sk<\/p>\n<p><img loading=\"lazy\" class=\"alignnone wp-image-71051 size-large\" src=\"https:\/\/www.visitbratislava.com\/wp-content\/uploads\/2019\/11\/coso-800x453.jpg\" alt=\"\" width=\"800\" height=\"453\" srcset=\"https:\/\/www.visitbratislava.com\/wp-content\/uploads\/2019\/11\/coso-800x453.jpg 800w, https:\/\/www.visitbratislava.com\/wp-content\/uploads\/2019\/11\/coso-400x226.jpg 400w, https:\/\/www.visitbratislava.com\/wp-content\/uploads\/2019\/11\/coso-768x435.jpg 768w, https:\/\/www.visitbratislava.com\/wp-content\/uploads\/2019\/11\/coso-200x113.jpg 200w, https:\/\/www.visitbratislava.com\/wp-content\/uploads\/2019\/11\/coso.jpg 910w\" sizes=\"(max-width: 800px) 100vw, 800px\" \/><\/p>\n<h3><strong>Weihnachts- Pre\u0161por\u00e1\u010dik\u00aeOldtimer<\/strong><\/h3>\n<p>Genie\u00dfen und erleben Sie mit uns die echte Weihnachtsatmosph\u00e4re. Bewundern Sie die Weihnachtsdekoration in den Gassen von Bratislava und auf der Bratislavaer Burg. Im Behagen des geheizten Stadtzuges Pre\u0161por\u00e1\u010dik erfahren Sie etwas auch \u00fcber die Geschichte und Gegenwart.<\/p>\n<p>Pre\u0161por\u00e1\u010dik verkehrt t\u00e4glich vom 10:00 \u2013 16:00, au\u00dfer 23. und\u00a024.12.2019.<br \/>\nEinstieg auf dem Hviezdoslav- Plat.<br \/>\nReservationen und n\u00e4here Informationen finden Sie auf <a href=\"mailto:info@tour4u.sk\">info@tour4u.sk<\/a>, +421\u00a0903\u00a0302\u00a0817.<\/p>\n<p><img loading=\"lazy\" width=\"798\" height=\"485\" class=\"alignnone size-full wp-image-71078\" src=\"https:\/\/www.visitbratislava.com\/wp-content\/uploads\/2019\/11\/Prespracik-vianoce-800x600-1.jpeg\" alt=\"\" srcset=\"https:\/\/www.visitbratislava.com\/wp-content\/uploads\/2019\/11\/Prespracik-vianoce-800x600-1.jpeg 798w, https:\/\/www.visitbratislava.com\/wp-content\/uploads\/2019\/11\/Prespracik-vianoce-800x600-1-400x243.jpeg 400w, https:\/\/www.visitbratislava.com\/wp-content\/uploads\/2019\/11\/Prespracik-vianoce-800x600-1-768x467.jpeg 768w, https:\/\/www.visitbratislava.com\/wp-content\/uploads\/2019\/11\/Prespracik-vianoce-800x600-1-200x122.jpeg 200w\" sizes=\"(max-width: 798px) 100vw, 798px\" \/><\/p>\n<h2><strong>Weihnachts-Escape Room<\/strong><\/h2>\n<p>Kommen Sie um die Weihnachtsversion vom Escape Room den Schatz von J\u00e1no\u0161\u00edk zu spielen! Das Spiel wird in die Weihnachtsthematik umgestaltet und als Bonus f\u00fcr die Schatzfindung vom J\u00e1no\u0161\u00edk bekommen Sie ein Teamgeschenk. Es reicht bei der Spielreservation in die Bemerkung die Parole WEIHNACHTEN zu schreiben. Das Angebot gilt vom 3.12.2019 bis 6.1.2020.<\/p>\n<p>Ge\u00f6ffnet haben wir jeden Tag au\u00dfer 21. und 25. Dezember<br \/>\nReservation <a href=\"https:\/\/brainteaselava.sk\/de\/reservierung\/\" target=\"_blank\" rel=\"noopener\">HIER<\/a>.<\/p>\n<p><img loading=\"lazy\" width=\"800\" height=\"486\" class=\"alignnone size-full wp-image-71070\" src=\"https:\/\/www.visitbratislava.com\/wp-content\/uploads\/2019\/11\/brainteaslava-800x600-1.jpg\" alt=\"\" srcset=\"https:\/\/www.visitbratislava.com\/wp-content\/uploads\/2019\/11\/brainteaslava-800x600-1.jpg 800w, https:\/\/www.visitbratislava.com\/wp-content\/uploads\/2019\/11\/brainteaslava-800x600-1-400x243.jpg 400w, https:\/\/www.visitbratislava.com\/wp-content\/uploads\/2019\/11\/brainteaslava-800x600-1-768x467.jpg 768w, https:\/\/www.visitbratislava.com\/wp-content\/uploads\/2019\/11\/brainteaslava-800x600-1-200x122.jpg 200w\" sizes=\"(max-width: 800px) 100vw, 800px\" \/><\/p>\n<h2><strong>Weihnachten im Museum der Stadt Bratislava<\/strong><\/h2>\n<p><strong>Weihnachts- Handwerksjahrmarkt vom 22.11. bis 22.12.2019 <\/strong><\/p>\n<p><strong>Ort:<\/strong> Hofplatz des Alten Rathauses<\/p>\n<ul>\n<li>Weihnachtslieder mir Erz\u00e4hlung \u00fcber Weihnachten<\/li>\n<li>Enth\u00fcllung der Illustrationen auf der Glasfassade des Rathauses<\/li>\n<li>Feierliche Er\u00f6ffnung des Weihnachts- Handwerksjahrmarktes<\/li>\n<li>Zugang zum lebenden Betlehem<\/li>\n<li>Z\u00fcndung der ersten Adventkerze<\/li>\n<\/ul>\n<p><strong>Programm<\/strong><\/p>\n<ul>\n<li><strong>23.11.2019 \u2013 FsS Zlatomorav\u010dianka,<\/strong> Hofplatz des Alten Rathauses, 16.00, 17.00, 18.00<\/li>\n<li><strong>30.11.2019 \u2013 FsS Zlatomorav\u010dianka, <\/strong>Hofplatz des Alten Rathauses, 16.00, 17.00, 18.00<\/li>\n<li><strong>7. 12. 2019 \u2013 FsS Cho\u010danka, <\/strong>Hofplatz des Alten Rathauses, 16.00, 17.00, 18.00<\/li>\n<li><strong>14.12.2019 \u2013 FsS Zlatomorav\u010dianka, <\/strong>Hofplatz des Alten Rathauses, 16.00, 17.00, 18.00<\/li>\n<li><strong>21.12.2019 \u2013 Z\u00e1hor\u00e1cke duo, <\/strong>Hofplatz des Alten Rathauses, 16.00, 17.00, 18.00<\/li>\n<\/ul>\n<p><strong>Vorf\u00fchrung der Handwerke<\/strong><\/p>\n<ul>\n<li>Schnitzkunst<\/li>\n<li>Zinn\u00f6lgie\u00dfen<\/li>\n<li>Schmiedehandwerk<\/li>\n<li>Kerzenerzeugung<\/li>\n<li>Binden der dekorativen Verzierung aus Naturmaterialen<\/li>\n<li>Schmuckst\u00fcckherstellung<\/li>\n<\/ul>\n<h2><strong>Weihnachtsabendmahl im Park Inn<\/strong><\/h2>\n<p>Abendmahl mit magischer Weihnachtsatmosph\u00e4re am 13.12.2019 in angenehmer Umgebung des Restaurants Bocca Buona im Hotel Park Inn.<br \/>\nReservationen: <a href=\"mailto:marketing.bratislava@parkinn.com\">marketing.bratislava@parkinn.com<\/a><\/p>\n<p><img loading=\"lazy\" class=\"alignnone wp-image-70579 size-large\" src=\"https:\/\/www.visitbratislava.com\/wp-content\/uploads\/2019\/11\/SKpark-inn-566x800-1-800x265.png\" alt=\"\" width=\"800\" height=\"265\" srcset=\"https:\/\/www.visitbratislava.com\/wp-content\/uploads\/2019\/11\/SKpark-inn-566x800-1-800x265.png 800w, https:\/\/www.visitbratislava.com\/wp-content\/uploads\/2019\/11\/SKpark-inn-566x800-1-400x133.png 400w, https:\/\/www.visitbratislava.com\/wp-content\/uploads\/2019\/11\/SKpark-inn-566x800-1-768x255.png 768w, https:\/\/www.visitbratislava.com\/wp-content\/uploads\/2019\/11\/SKpark-inn-566x800-1-200x66.png 200w, https:\/\/www.visitbratislava.com\/wp-content\/uploads\/2019\/11\/SKpark-inn-566x800-1.png 1127w\" sizes=\"(max-width: 800px) 100vw, 800px\" \/><\/p>\n","protected":false},"excerpt":{"rendered":"<p>Weihnachtsf\u00fchrungen Weihnachts-Foodtour CK Tripito bereitet f\u00fcr Sie spezielle Weihnachts-Foodtour. Sie erfahren etwas \u00fcber die slowakische Kultur, Weihnachtstraditionen, \u00fcber Bratislava und ihre Geschichte und Sie genie\u00dfen den Geschmack von Weihnachten. Der beste Platz f\u00fcr die traditionelle K\u00fcche sind w\u00e4hrend der Weihnachten die Weihnachtsm\u00e4rkte. Kosten Sie Kartoffelfladen, \u201eZigeunerbraten\u201c, Honigtrunk und andere leckere Sachen. Preis: 42 \u20ac pro [&hellip;]<\/p>\n","protected":false},"author":25,"featured_media":71048,"parent":0,"menu_order":0,"comment_status":"closed","ping_status":"closed","template":"","meta":[],"acf":[],"_links":{"self":[{"href":"https:\/\/www.visitbratislava.com\/de\/wp-json\/wp\/v2\/pages\/71107"}],"collection":[{"href":"https:\/\/www.visitbratislava.com\/de\/wp-json\/wp\/v2\/pages"}],"about":[{"href":"https:\/\/www.visitbratislava.com\/de\/wp-json\/wp\/v2\/types\/page"}],"author":[{"embeddable":true,"href":"https:\/\/www.visitbratislava.com\/de\/wp-json\/wp\/v2\/users\/25"}],"replies":[{"embeddable":true,"href":"https:\/\/www.visitbratislava.com\/de\/wp-json\/wp\/v2\/comments?post=71107"}],"version-history":[{"count":0,"href":"https:\/\/www.visitbratislava.com\/de\/wp-json\/wp\/v2\/pages\/71107\/revisions"}],"wp:featuredmedia":[{"embeddable":true,"href":"https:\/\/www.visitbratislava.com\/de\/wp-json\/wp\/v2\/media\/71048"}],"wp:attachment":[{"href":"https:\/\/www.visitbratislava.com\/de\/wp-json\/wp\/v2\/media?parent=71107"}],"curies":[{"name":"wp","href":"https:\/\/api.w.org\/{rel}","templated":true}]}}