{"id":73531,"date":"2020-01-16T15:51:51","date_gmt":"2020-01-16T14:51:51","guid":{"rendered":"https:\/\/www.visitbratislava.com\/?page_id=73531\/"},"modified":"2020-01-16T15:53:14","modified_gmt":"2020-01-16T14:53:14","slug":"auf-den-spuren-von-stefanik-in-bratislava","status":"publish","type":"page","link":"https:\/\/www.visitbratislava.com\/de\/auf-den-spuren-von-stefanik-in-bratislava\/","title":{"rendered":"Auf den Spuren von \u0160tef\u00e1nik in Bratislava"},"content":{"rendered":"<p><span style=\"font-weight: 400;\">Die gr\u00f6\u00dfte Ehrung f\u00fcr Milan Rastislav \u0160tef\u00e1nik in Bratislava stellt wohl seine monumentale Statue an der Donau-Promenade dar. Dieser vielseitige Mann war nicht nur ein erfolgreicher Astronom, sondern auch General und Politiker, der zur Entstehung der ersten Tschechoslowakischen Republik erheblich beigetragen hat. Wir erinnern uns an ihn anl\u00e4sslich seines hundertsten Todestags auf vielen Pl\u00e4tzen in Bratislava und an jener Stelle, an der sein Flugzeug abst\u00fcrzte und das Leben des gro\u00dfartigen jungen Mannes abrupt endete.<\/span><\/p>\n<p><img loading=\"lazy\" class=\"alignnone wp-image-69250\" src=\"https:\/\/www.visitbratislava.com\/wp-content\/uploads\/2019\/10\/mes.png\" alt=\"\" width=\"800\" height=\"363\" srcset=\"https:\/\/www.visitbratislava.com\/wp-content\/uploads\/2019\/10\/mes.png 700w, https:\/\/www.visitbratislava.com\/wp-content\/uploads\/2019\/10\/mes-400x182.png 400w, https:\/\/www.visitbratislava.com\/wp-content\/uploads\/2019\/10\/mes-200x91.png 200w, https:\/\/www.visitbratislava.com\/wp-content\/uploads\/2019\/10\/mes-184x84.png 184w\" sizes=\"(max-width: 800px) 100vw, 800px\" \/><br \/>\n<em>Quelle: SNM<\/em><\/p>\n<blockquote><p><span style=\"font-weight: 400;\">\u00a0<\/span><span style=\"font-weight: 400;\">\u201c\u0160tef\u00e1nik war eine besondere Pers\u00f6nlichkeit. Neben der Schl\u00fcsselrolle bei der Gr\u00fcndung der Tschechoslowakischen Republik mit Tom\u00e1\u0161 Garrigue Masaryk und Edvard Bene\u0161, hat er in seinem kurzen Leben auch in anderen Gebieten \u00fcberraschend viel Arbeit geleistet,\u201c sagt James Thomson, ein in der Slowakei lebender Britischer Journalist.<\/span><\/p><\/blockquote>\n<p><span style=\"font-weight: 400;\">\u00a0<\/span><span style=\"font-weight: 400;\">Als Astronom hat \u0160tef\u00e1nik an den Expeditionen im S\u00fcdpazifik und in Spanien teilgenommen. Er war auch ein talentierter Photograph. W\u00e4hrend dem ersten Weltkrieg trat er der franz\u00f6sischen Armee bei, wurde zum General ernannt und war danach auch in der Organisation der Tschechoslowakischen Legion t\u00e4tig. Er war Vize-Vorsitzender des Tschechoslowakischen National Rates und diente als Kriegsminister in der \u00dcbergangsregierung der Tschechoslowakei und anschlie\u00dfend der neu gegr\u00fcndeten Republik.<\/span><\/p>\n<p><span style=\"font-weight: 400;\">\u00a0<\/span><span style=\"font-weight: 400;\">Am 4. Mai 1919 st\u00fcrzte \u0160tef\u00e1niks Flugzeug auf dem Flughafen im Dorf Ivanka pri Dunaji, nur einige Kilometer von Bratislava entfernt, ab. \u0160tef\u00e1nik wurde nur 38 Jahre alt. An dieses Ereignis erinnert uns heute ein Granitgrabh\u00fcgel aus dem Jahr 1923, welcher von dem erfolgreichen slowakischen Architekt Du\u0161an Jurkovi\u010d entworfen wurde, der \u00fcbrigens auch den ber\u00fchmten und noch gr\u00f6\u00dferen Grabh\u00fcgel \u00fcber \u0160tef\u00e1niks Geburtsdorf in Ko\u0161arisk\u00e1 auf dem H\u00fcgel Bradlo schuf.<\/span><\/p>\n<p><span style=\"font-weight: 400;\">\u00a0<\/span><span style=\"font-weight: 400;\">Ein 3.3. Kilometer langer familiengerechter <a href=\"https:\/\/en.mapy.cz\/turisticka?x=17.0919517&amp;y=48.1633214&amp;z=12&amp;source=muni&amp;id=22944\" target=\"_blank\" rel=\"noopener\">Fahrradweg<\/a> startet in Bratislava und f\u00fchrt zum Grabh\u00fcgel in der N\u00e4he des Flughafens. Dieser Platz ist auch einfach \u00fcber eine Asphaltstra\u00dfe aus Ivanka pri Dunaji erreichbar.<\/span><\/p>\n<p><span style=\"font-weight: 400;\">\u00a0<img loading=\"lazy\" width=\"800\" height=\"534\" class=\"alignnone size-large wp-image-69229\" src=\"https:\/\/www.visitbratislava.com\/wp-content\/uploads\/2019\/10\/Mohyla_Ivanka_pri_Dunaji-800x534.jpg\" alt=\"\" srcset=\"https:\/\/www.visitbratislava.com\/wp-content\/uploads\/2019\/10\/Mohyla_Ivanka_pri_Dunaji-800x534.jpg 800w, https:\/\/www.visitbratislava.com\/wp-content\/uploads\/2019\/10\/Mohyla_Ivanka_pri_Dunaji-400x267.jpg 400w, https:\/\/www.visitbratislava.com\/wp-content\/uploads\/2019\/10\/Mohyla_Ivanka_pri_Dunaji-768x513.jpg 768w, https:\/\/www.visitbratislava.com\/wp-content\/uploads\/2019\/10\/Mohyla_Ivanka_pri_Dunaji-200x133.jpg 200w\" sizes=\"(max-width: 800px) 100vw, 800px\" \/><\/span><\/p>\n<h3><strong>Monumentale Statue<\/strong><\/h3>\n<p><span style=\"font-weight: 400;\">Heute gibt es in Bratislava einige Pl\u00e4tze, die mit \u0160tef\u00e1nik verbunden sind. Nicht nur Bratislavas Boulevard, der von dem Pr\u00e4sidentenpalast stadtausw\u00e4rts zum Hauptbahnhof f\u00fchrt, sondern auch ein Teil der Donaupromenade in der N\u00e4he des Shopping-Centers <a href=\"https:\/\/www.visitbratislava.com\/de\/setzt\/eurovea\/\" target=\"_blank\" rel=\"noopener\">Eurovea<\/a> tr\u00e4gt seinen Namen. Hier steht die ber\u00fchmteste Statue von \u0160tef\u00e1nik mit einem die Tschechoslowakischen Legionen symbolisierenden L\u00f6wen. Von den Restaurant- und Kaffeeterrassen entlang des Ufers k\u00f6nnen die Besucher den Blick auf dieses Denkmal genie\u00dfen.<\/span><\/p>\n<p><span style=\"font-weight: 400;\">Urspr\u00fcnglich stand aber dieses Denkmal auf dem heutigen \u0160t\u00farovo Platz. Nachdem es keine im Krieg herrschende Regierung, weder die Ableger des nationalsozialistischen Deutschland noch die kommunistischen Machthaber mochten, wurde der L\u00f6we aus dem Memorial im Jahr 1940 entfernt. \u0160tef\u00e1niks Statue folgte im Jahr 1954. <\/span><\/p>\n<blockquote><p><span style=\"font-weight: 400;\">Laut Ger\u00fcchten ist es den mit der Abtragung der Statue beauftragten Arbeitern lediglich gelungen, nur seinen Kopf abzurei\u00dfen, sodass Ingenieure den verbliebenen Rest mit Dynamit sprengen mussten.<\/span><\/p><\/blockquote>\n<p><img loading=\"lazy\" width=\"800\" height=\"534\" class=\"alignnone size-large wp-image-69245\" src=\"https:\/\/www.visitbratislava.com\/wp-content\/uploads\/2019\/10\/Stefanik_Susosie-800x534.jpg\" alt=\"\" srcset=\"https:\/\/www.visitbratislava.com\/wp-content\/uploads\/2019\/10\/Stefanik_Susosie-800x534.jpg 800w, https:\/\/www.visitbratislava.com\/wp-content\/uploads\/2019\/10\/Stefanik_Susosie-400x267.jpg 400w, https:\/\/www.visitbratislava.com\/wp-content\/uploads\/2019\/10\/Stefanik_Susosie-768x513.jpg 768w, https:\/\/www.visitbratislava.com\/wp-content\/uploads\/2019\/10\/Stefanik_Susosie-200x133.jpg 200w\" sizes=\"(max-width: 800px) 100vw, 800px\" \/><\/p>\n<p><span style=\"font-weight: 400;\">Das Monument wurde der \u00d6ffentlichkeit schrittweise einige Dekaden sp\u00e4ter zur\u00fcckgegeben.\u00a0 Die vier Meter hohe L\u00f6wenstatue wurde neu zusammengestellt und im Jahr 1988 auf einem 15 Meter hohen Pylon vor dem Slowakischen National Museum auf dem Vajansk\u00e9ho N\u00e1bre\u017eie installiert. Im Jahr 2009 wurde es zusammen mit der Kopie der originalen 7,5 Meter hohen \u0160tef\u00e1nik Statue an ihren heutigen Standort vor das neue Geb\u00e4ude des Slowakischen National Theaters gebracht.<\/span><\/p>\n<h3><strong>\u00a0Capronis Flugzeug h\u00e4ngt im Flughafen<\/strong><\/h3>\n<p><span style=\"font-weight: 400;\">\u00a0<\/span><span style=\"font-weight: 400;\">Eine weitere Statue \u0160tef\u00e1niks stand auf dem Flughafen von Bratislava, der nach ihm im Jahre 1993 benannt wurde.<\/span><\/p>\n<p><span style=\"font-weight: 400;\">Die Abflughalle wird seit 2012 mit einem exakten Nachbau des Flugzeuges Caproni Ca 33, mit dem \u0160tef\u00e1nik abst\u00fcrzte, dekoriert. Der teilweise freigelegte Flugzeugrumpf und die Fl\u00fcgel der an Stahlseilen h\u00e4ngenden Replika zeigen, wie fragil Flugzeuge damals waren.<\/span><\/p>\n<blockquote><p><span style=\"font-weight: 400;\">Das Gestell des Flugzeuges war aus Holz gefertigt, wurde mit Leinen bespannt und schlussendlich mit Stahlseilen verspannt. Bei aktiver Benutzung konnte dieser italienische Bomber 130 km\/h erreichen, wobei ein voller Tank f\u00fcr einen Vierstundenflug reichte.<\/span><\/p><\/blockquote>\n<p><i><span style=\"font-weight: 400;\">\u00a0<img loading=\"lazy\" width=\"800\" height=\"534\" class=\"alignnone size-large wp-image-69225\" src=\"https:\/\/www.visitbratislava.com\/wp-content\/uploads\/2019\/10\/Caproni-800x534.jpg\" alt=\"\" srcset=\"https:\/\/www.visitbratislava.com\/wp-content\/uploads\/2019\/10\/Caproni-800x534.jpg 800w, https:\/\/www.visitbratislava.com\/wp-content\/uploads\/2019\/10\/Caproni-400x267.jpg 400w, https:\/\/www.visitbratislava.com\/wp-content\/uploads\/2019\/10\/Caproni-768x513.jpg 768w, https:\/\/www.visitbratislava.com\/wp-content\/uploads\/2019\/10\/Caproni-200x133.jpg 200w\" sizes=\"(max-width: 800px) 100vw, 800px\" \/><\/span><\/i><\/p>\n<p><img loading=\"lazy\" width=\"800\" height=\"600\" class=\"alignnone size-large wp-image-69233\" src=\"https:\/\/www.visitbratislava.com\/wp-content\/uploads\/2019\/10\/Muzeum_Dopravy1-800x600.jpg\" alt=\"\" srcset=\"https:\/\/www.visitbratislava.com\/wp-content\/uploads\/2019\/10\/Muzeum_Dopravy1-800x600.jpg 800w, https:\/\/www.visitbratislava.com\/wp-content\/uploads\/2019\/10\/Muzeum_Dopravy1-400x300.jpg 400w, https:\/\/www.visitbratislava.com\/wp-content\/uploads\/2019\/10\/Muzeum_Dopravy1-768x576.jpg 768w, https:\/\/www.visitbratislava.com\/wp-content\/uploads\/2019\/10\/Muzeum_Dopravy1-200x150.jpg 200w\" sizes=\"(max-width: 800px) 100vw, 800px\" \/><\/p>\n<p><span style=\"font-weight: 400;\">Interessierte k\u00f6nnen sich weitere Transportmittel dieser Zeit im <a href=\"https:\/\/www.visitbratislava.com\/de\/setzt\/transport-museum\/\" target=\"_blank\" rel=\"noopener\">Transport- Museum<\/a> ansehen, welches sich in der Remise des ersten Dampfbahnhofs in Bratislava aus dem 19. Jahrhundert befindet. Besitzer der <a href=\"http:\/\/card.visitbratislava.com\/de\/\" target=\"_blank\" rel=\"noopener\">Bratislava CARD City &amp; Region<\/a> tourist card erhalten 50% Erm\u00e4\u00dfigung auf den Eintritt.<\/span><\/p>\n","protected":false},"excerpt":{"rendered":"<p>Die gr\u00f6\u00dfte Ehrung f\u00fcr Milan Rastislav \u0160tef\u00e1nik in Bratislava stellt wohl seine monumentale Statue an der Donau-Promenade dar. Dieser vielseitige Mann war nicht nur ein erfolgreicher Astronom, sondern auch General und Politiker, der zur Entstehung der ersten Tschechoslowakischen Republik erheblich beigetragen hat. Wir erinnern uns an ihn anl\u00e4sslich seines hundertsten Todestags auf vielen Pl\u00e4tzen in [&hellip;]<\/p>\n","protected":false},"author":25,"featured_media":69289,"parent":0,"menu_order":0,"comment_status":"closed","ping_status":"closed","template":"","meta":[],"acf":[],"_links":{"self":[{"href":"https:\/\/www.visitbratislava.com\/de\/wp-json\/wp\/v2\/pages\/73531"}],"collection":[{"href":"https:\/\/www.visitbratislava.com\/de\/wp-json\/wp\/v2\/pages"}],"about":[{"href":"https:\/\/www.visitbratislava.com\/de\/wp-json\/wp\/v2\/types\/page"}],"author":[{"embeddable":true,"href":"https:\/\/www.visitbratislava.com\/de\/wp-json\/wp\/v2\/users\/25"}],"replies":[{"embeddable":true,"href":"https:\/\/www.visitbratislava.com\/de\/wp-json\/wp\/v2\/comments?post=73531"}],"version-history":[{"count":0,"href":"https:\/\/www.visitbratislava.com\/de\/wp-json\/wp\/v2\/pages\/73531\/revisions"}],"wp:featuredmedia":[{"embeddable":true,"href":"https:\/\/www.visitbratislava.com\/de\/wp-json\/wp\/v2\/media\/69289"}],"wp:attachment":[{"href":"https:\/\/www.visitbratislava.com\/de\/wp-json\/wp\/v2\/media?parent=73531"}],"curies":[{"name":"wp","href":"https:\/\/api.w.org\/{rel}","templated":true}]}}