{"id":73607,"date":"2020-01-20T10:25:06","date_gmt":"2020-01-20T09:25:06","guid":{"rendered":"https:\/\/www.visitbratislava.com\/?page_id=73607\/"},"modified":"2024-06-11T11:47:14","modified_gmt":"2024-06-11T09:47:14","slug":"sakrales-bratislava","status":"publish","type":"page","link":"https:\/\/www.visitbratislava.com\/de\/ausfluege\/sakrales-bratislava\/","title":{"rendered":"Die Kr\u00f6nungskathedrale und die Kirche ohne Turm"},"content":{"rendered":"<p><span style=\"font-weight: 400;\">Wenn Sie mehr wissen m\u00f6chten, schlie\u00dfen Sie sich der Stadtf\u00fchrung <a href=\"https:\/\/www.visitbratislava.com\/de\/dienstleistungen\/autentische-besichtigungen\/\" target=\"_blank\" rel=\"noopener\">Sakrales Bratislava<\/a> an. In zwei Stunden wird Sie Ihr Fremdenf\u00fchrer durch die Geschichte der lokalen Kirchen und Kl\u00f6ster f\u00fchren und ihre heutige Verwendung beschreiben.<\/span><\/p>\n<p><img loading=\"lazy\" width=\"800\" height=\"534\" class=\"alignnone size-large wp-image-138611\" src=\"https:\/\/www.visitbratislava.com\/wp-content\/uploads\/2021\/06\/07-Modry-kostolik-800x534.jpg\" alt=\"\" srcset=\"https:\/\/www.visitbratislava.com\/wp-content\/uploads\/2021\/06\/07-Modry-kostolik-800x534.jpg 800w, https:\/\/www.visitbratislava.com\/wp-content\/uploads\/2021\/06\/07-Modry-kostolik-400x267.jpg 400w, https:\/\/www.visitbratislava.com\/wp-content\/uploads\/2021\/06\/07-Modry-kostolik-768x512.jpg 768w, https:\/\/www.visitbratislava.com\/wp-content\/uploads\/2021\/06\/07-Modry-kostolik-1536x1024.jpg 1536w, https:\/\/www.visitbratislava.com\/wp-content\/uploads\/2021\/06\/07-Modry-kostolik-2048x1366.jpg 2048w, https:\/\/www.visitbratislava.com\/wp-content\/uploads\/2021\/06\/07-Modry-kostolik-200x133.jpg 200w\" sizes=\"(max-width: 800px) 100vw, 800px\" \/><\/p>\n<h3><strong>Wo ungarische Monarchen gekr\u00f6nt wurden<\/strong><\/h3>\n<p><span style=\"font-weight: 400;\">Die gr\u00f6\u00dfte und wichtigste Kirche in Bratislava ist die <a href=\"https:\/\/www.visitbratislava.com\/de\/setzt\/die-kathedrale-des-heiligen-martin\/\" target=\"_blank\" rel=\"noopener\">Kathedrale des Hl. Martin<\/a>. Eine Kirche mit dem gleichen Namen stand urspr\u00fcnglich in der N\u00e4he der Bratislavaer Burg und war Sitz des Propstes und eines Kapitels.<\/span><\/p>\n<blockquote><p><span style=\"font-weight: 400;\">\u00a0<\/span><span style=\"font-weight: 400;\">\u201cAuch wenn angenommen wird, dass die Kirche des Hl. Martin von dem Burgh\u00fcgel 1221 versetzt wurde &#8211;\u00a0 die heute hier stehende gotische Kirche, wurde erst nach der Franziskaner Kirche erbaut,\u201c sagt Fremdenf\u00fchrerin Zuzana God\u00e1rov\u00e1. Nach vielen Baudekaden wurde das Hauptschiff im Jahr 1452 fertiggestellt.<\/span><\/p><\/blockquote>\n<p><span style=\"font-weight: 400;\">W\u00e4hrend des 18. Jahrhunderts wurde das gesamte Interieur im barocken Stil umgebaut.\u00a0 Die Kirche hatte ihr gotisches Aussehen wieder im 19. Jahrhundert erhalten. Nur die barocke Kapelle des Hl. Johannes, des Almosengebers, geschaffen vom \u00f6sterreichischen Bildhauer George Rafael Donner, hat ihren Stil behalten.<\/span><\/p>\n<p><img loading=\"lazy\" width=\"800\" height=\"524\" class=\"alignnone size-large wp-image-43114\" src=\"https:\/\/www.visitbratislava.com\/wp-content\/uploads\/2018\/05\/hrad-vyhlad-panorama-dom-sv-martina-800x524.jpg\" alt=\"\" srcset=\"https:\/\/www.visitbratislava.com\/wp-content\/uploads\/2018\/05\/hrad-vyhlad-panorama-dom-sv-martina-800x524.jpg 800w, https:\/\/www.visitbratislava.com\/wp-content\/uploads\/2018\/05\/hrad-vyhlad-panorama-dom-sv-martina-400x262.jpg 400w, https:\/\/www.visitbratislava.com\/wp-content\/uploads\/2018\/05\/hrad-vyhlad-panorama-dom-sv-martina-768x503.jpg 768w, https:\/\/www.visitbratislava.com\/wp-content\/uploads\/2018\/05\/hrad-vyhlad-panorama-dom-sv-martina-200x131.jpg 200w\" sizes=\"(max-width: 800px) 100vw, 800px\" \/><\/p>\n<p><img loading=\"lazy\" width=\"800\" height=\"533\" class=\"alignnone size-large wp-image-73617\" src=\"https:\/\/www.visitbratislava.com\/wp-content\/uploads\/2020\/01\/kostol-800x533.jpg\" alt=\"\" srcset=\"https:\/\/www.visitbratislava.com\/wp-content\/uploads\/2020\/01\/kostol-800x533.jpg 800w, https:\/\/www.visitbratislava.com\/wp-content\/uploads\/2020\/01\/kostol-400x267.jpg 400w, https:\/\/www.visitbratislava.com\/wp-content\/uploads\/2020\/01\/kostol-768x512.jpg 768w, https:\/\/www.visitbratislava.com\/wp-content\/uploads\/2020\/01\/kostol-200x133.jpg 200w\" sizes=\"(max-width: 800px) 100vw, 800px\" \/><\/p>\n<p><span style=\"font-weight: 400;\"><a href=\"https:\/\/www.visitbratislava.com\/de\/setzt\/die-kathedrale-des-heiligen-martin\/\" target=\"_blank\" rel=\"noopener\">Die Kathedrale des Hl. Martin<\/a> war ohne Zweifel der bekannteste w\u00e4hrend der Zeit der Kr\u00f6nungsfeste. Maria Theresia, im Gebiet die ber\u00fchmteste Monarchin, wurde in dieser imposanten Kirche gekr\u00f6nt. Die Stadt erinnert sich jedes Jahr Ende Juni an diese eindrucksvollen Momente.<\/span><\/p>\n<p><span style=\"font-weight: 400;\">Die Kirche der Verk\u00fcndigung des Herrn auf dem Franziskaner Platz, als Franziskaner Kirche bekannt, datiert zur\u00fcck bis in die H\u00e4lfte des 13. Jahrhunderts und wurde im gotischen Stil erbaut. Allerdings erlitt Pre\u00dfburg, heute Bratislava ein Erdbeben im Jahr 1590 und die Kirche verlor das gotische Gew\u00f6lbe. Nur das Presbyterium und die W\u00e4nde des Hauptschiffes blieben erhalten. Das zerst\u00f6re Gew\u00f6lbe wurde durch ein im Renaissance-Stil errichtetes Gew\u00f6lbe im 17. Jahrhundert ersetzt.<\/span><\/p>\n<h3><strong>Die sch\u00f6nste barocke Kirche<\/strong><\/h3>\n<p><span style=\"font-weight: 400;\">Es gibt einige Barockkirchen in Bratislava, aber die sch\u00f6nste ist die Pfarrkirche des Hl. Johannes von Matha am \u017dupn\u00e9 Platz, als Dreifaltigkeitskirche bekannt. Sie wurde in der ersten H\u00e4lfte des 18. Jahrhunderts im Hoch Barockstil, inspiriert durch die St.-Peter-Kirche in Wien errichtet.\u00a0 Die ovale Decke ist mit einem einzigartigen Illusions-Fresko des italienischen Meisters Antonie Galli Bibiena verziert und scheint viel h\u00f6her zu sein, als sie tats\u00e4chlich ist.\u00a0\u00a0<\/span><\/p>\n<p><img loading=\"lazy\" width=\"800\" height=\"640\" class=\"alignnone size-large wp-image-286016\" src=\"https:\/\/www.visitbratislava.com\/wp-content\/uploads\/2024\/03\/Sopinec_leto_2023_Stare_mesto_trinitari_kostol_nevyhradna_licencia_casovo_neobmedzena-5-800x640.jpg\" alt=\"\" srcset=\"https:\/\/www.visitbratislava.com\/wp-content\/uploads\/2024\/03\/Sopinec_leto_2023_Stare_mesto_trinitari_kostol_nevyhradna_licencia_casovo_neobmedzena-5-800x640.jpg 800w, https:\/\/www.visitbratislava.com\/wp-content\/uploads\/2024\/03\/Sopinec_leto_2023_Stare_mesto_trinitari_kostol_nevyhradna_licencia_casovo_neobmedzena-5-400x320.jpg 400w, https:\/\/www.visitbratislava.com\/wp-content\/uploads\/2024\/03\/Sopinec_leto_2023_Stare_mesto_trinitari_kostol_nevyhradna_licencia_casovo_neobmedzena-5-768x614.jpg 768w, https:\/\/www.visitbratislava.com\/wp-content\/uploads\/2024\/03\/Sopinec_leto_2023_Stare_mesto_trinitari_kostol_nevyhradna_licencia_casovo_neobmedzena-5-1536x1229.jpg 1536w, https:\/\/www.visitbratislava.com\/wp-content\/uploads\/2024\/03\/Sopinec_leto_2023_Stare_mesto_trinitari_kostol_nevyhradna_licencia_casovo_neobmedzena-5-2048x1638.jpg 2048w, https:\/\/www.visitbratislava.com\/wp-content\/uploads\/2024\/03\/Sopinec_leto_2023_Stare_mesto_trinitari_kostol_nevyhradna_licencia_casovo_neobmedzena-5-200x160.jpg 200w\" sizes=\"(max-width: 800px) 100vw, 800px\" \/><\/p>\n<blockquote><p><span style=\"font-weight: 400;\">In dem historischen Zentrum zieht die Besucher die Kirche des Allerheiligsten Salvator, bekannt auch als Jesuiten-Kirche, an. Urspr\u00fcnglich wurde die Kirche im Sp\u00e4trenaissance-Stil in der ersten H\u00e4lfte des 17. Jahrhunderts erbaut und sp\u00e4ter barock umgebaut. Sie diente als protestantisches Gebetshaus, deshalb hatte sie auch keinen Turm. Allerdings wurde im Jahr 1672, nach der Vertreibung des Protestanten, die Kirche den Jesuiten \u00fcbergeben. Sie schm\u00fcckten das Kircheninnere reichlich, dieses steht heute in einem scharfen Kontrast zu dem einfachen Exterieur.\u00a0\u00a0<\/span><\/p><\/blockquote>\n<h3><strong>Die blaue Kirche und die Kirche ohne Turm<\/strong><\/h3>\n<p><span style=\"font-weight: 400;\">Die <a href=\"https:\/\/www.visitbratislava.com\/de\/setzt\/blaue-kirche\/\" target=\"_blank\" rel=\"noopener\">Jugendstil-Pfarrkirche der Hl. Elisabeth<\/a> aus dem Jahr 1888 auf der Bezru\u010dova Stra\u00dfe, mehr bekannt als Blaue Kirche, ist eine weitere stark besuchte Attraktion in der Stadt. Urspr\u00fcnglich war die Kirche grau mit gelben Reliefs auf den W\u00e4nden und nur die Schindeln und Wanddekoration waren blau. Erst sp\u00e4ter wurde die Kirche blau gef\u00e4rbt.<\/span><\/p>\n<p><img loading=\"lazy\" class=\"alignnone wp-image-27758 size-large\" src=\"https:\/\/www.visitbratislava.com\/wp-content\/uploads\/2017\/01\/modry_kostolik01-800x531.jpg\" alt=\"\" width=\"800\" height=\"531\" srcset=\"https:\/\/www.visitbratislava.com\/wp-content\/uploads\/2017\/01\/modry_kostolik01-800x531.jpg 800w, https:\/\/www.visitbratislava.com\/wp-content\/uploads\/2017\/01\/modry_kostolik01-400x266.jpg 400w, https:\/\/www.visitbratislava.com\/wp-content\/uploads\/2017\/01\/modry_kostolik01-768x510.jpg 768w, https:\/\/www.visitbratislava.com\/wp-content\/uploads\/2017\/01\/modry_kostolik01-200x133.jpg 200w\" sizes=\"(max-width: 800px) 100vw, 800px\" \/><\/p>\n<p><span style=\"font-weight: 400;\">Die moderne Kirche Unserer-Maria-Schnee aus dem Jahre 1948 \u00fcberstand mehrere drastische Ver\u00e4nderungen. Den kommunistischen Machthabern missfiel, dass ein mit Neonr\u00f6hren beleuchtetes Kreuz auf dem 50 Meter hohen Kirchenturm stand, da es die Botschaft des Glaubens und Hoffnung verbreitete. Sie ordneten das Entfernen der Neonbeleuchtung sowie die Zerst\u00f6rung des Turmes an, sodass das einzige Kennzeichen der Stadt, das den sowjetischen Soldaten gewidmete Monument Slavin, geblieben ist.\u00a0\u00a0\u00a0<\/span><\/p>\n<p><span style=\"font-weight: 400;\">Die Kirche steht auf Bratislavas Kalvarienberg, die auch eine Replika der Lourdes-Grotte beherbergt.<\/span><\/p>\n<blockquote><p><span style=\"font-weight: 400;\">\u201cDieser besondere Wallfahrtsort wurde in einem ehemaligen Steinbruch durch Gr\u00e4fin Gabriela Sz\u00e1p\u00e1ryov\u00e1 nach ihrer Wallfahrt in das franz\u00f6sische Lourdes am Ende des 19. Jahrhunderts gegr\u00fcndet,\u201c sagt Veronika Koles\u00e1rov\u00e1, die hier neue Kr\u00e4fte sammelt oder einfach in Ruhe ihren Gedanken freien Lauf l\u00e4sst.\u00a0\u00a0<\/span><\/p><\/blockquote>\n<p><img loading=\"lazy\" width=\"800\" height=\"533\" class=\"alignnone size-large wp-image-73571\" src=\"https:\/\/www.visitbratislava.com\/wp-content\/uploads\/2020\/01\/Kostol_Panny_M\u00e1rie_Sne\u017enej-800x533.jpg\" alt=\"\" srcset=\"https:\/\/www.visitbratislava.com\/wp-content\/uploads\/2020\/01\/Kostol_Panny_M\u00e1rie_Sne\u017enej-800x533.jpg 800w, https:\/\/www.visitbratislava.com\/wp-content\/uploads\/2020\/01\/Kostol_Panny_M\u00e1rie_Sne\u017enej-400x267.jpg 400w, https:\/\/www.visitbratislava.com\/wp-content\/uploads\/2020\/01\/Kostol_Panny_M\u00e1rie_Sne\u017enej-768x512.jpg 768w, https:\/\/www.visitbratislava.com\/wp-content\/uploads\/2020\/01\/Kostol_Panny_M\u00e1rie_Sne\u017enej-200x133.jpg 200w\" sizes=\"(max-width: 800px) 100vw, 800px\" \/><\/p>\n<p><iframe src=\"https:\/\/www.google.com\/maps\/d\/embed?mid=1BJunw5qlkxnQHxYco12hTi28Mt6Ht4l2&amp;hl=en\" width=\"800\" height=\"500\"><span data-mce-type=\"bookmark\" style=\"display: inline-block; width: 0px; overflow: hidden; line-height: 0;\" class=\"mce_SELRES_start\">\ufeff<\/span><span data-mce-type=\"bookmark\" style=\"display: inline-block; width: 0px; overflow: hidden; line-height: 0;\" class=\"mce_SELRES_start\">\ufeff<\/span><\/iframe><\/p>\n","protected":false},"excerpt":{"rendered":"<p>Wissen Sie, wie die romantische Blaue Kirche ihre ikonische Verf\u00e4rbung erhalten oder warum die Kirche am Kalvarienberg ihren Turm verloren hat? Nehmen Sie an einer Stadtf\u00fchrung teil und erfahren Sie die Geheimnisse hinter den vielen Kirchen in Bratislava.<\/p>\n","protected":false},"author":25,"featured_media":73601,"parent":50127,"menu_order":0,"comment_status":"closed","ping_status":"closed","template":"","meta":[],"acf":[],"_links":{"self":[{"href":"https:\/\/www.visitbratislava.com\/de\/wp-json\/wp\/v2\/pages\/73607"}],"collection":[{"href":"https:\/\/www.visitbratislava.com\/de\/wp-json\/wp\/v2\/pages"}],"about":[{"href":"https:\/\/www.visitbratislava.com\/de\/wp-json\/wp\/v2\/types\/page"}],"author":[{"embeddable":true,"href":"https:\/\/www.visitbratislava.com\/de\/wp-json\/wp\/v2\/users\/25"}],"replies":[{"embeddable":true,"href":"https:\/\/www.visitbratislava.com\/de\/wp-json\/wp\/v2\/comments?post=73607"}],"version-history":[{"count":2,"href":"https:\/\/www.visitbratislava.com\/de\/wp-json\/wp\/v2\/pages\/73607\/revisions"}],"predecessor-version":[{"id":286027,"href":"https:\/\/www.visitbratislava.com\/de\/wp-json\/wp\/v2\/pages\/73607\/revisions\/286027"}],"up":[{"embeddable":true,"href":"https:\/\/www.visitbratislava.com\/de\/wp-json\/wp\/v2\/pages\/50127"}],"wp:featuredmedia":[{"embeddable":true,"href":"https:\/\/www.visitbratislava.com\/de\/wp-json\/wp\/v2\/media\/73601"}],"wp:attachment":[{"href":"https:\/\/www.visitbratislava.com\/de\/wp-json\/wp\/v2\/media?parent=73607"}],"curies":[{"name":"wp","href":"https:\/\/api.w.org\/{rel}","templated":true}]}}