{"id":76297,"date":"2020-03-25T12:08:23","date_gmt":"2020-03-25T11:08:23","guid":{"rendered":"https:\/\/www.visitbratislava.com\/?page_id=76297\/"},"modified":"2023-05-05T14:56:07","modified_gmt":"2023-05-05T12:56:07","slug":"top-10-attraktionen-in-der-naehe-3","status":"publish","type":"page","link":"https:\/\/www.visitbratislava.com\/de\/top-10-attraktionen-in-der-naehe-3\/","title":{"rendered":"Top 10 Attraktionen in der N\u00e4he"},"content":{"rendered":"<p><iframe src=\"https:\/\/www.google.com\/maps\/d\/embed?mid=1t1XPrPILxJ3Pf0926L0YsOoG0z7e-oZI&amp;hl=en\" width=\"800\" height=\"480\"><\/iframe><\/p>\n<p>Ohne Besuch dieser touristischen Attraktionen verl\u00e4sst man Bratislava einfach nicht. Manche von ihnen sind vollkommen kostenlos oder f\u00fcr eine akzeptable Geb\u00fchr, wobei Sie auch den erm\u00e4\u00dfigten Eintrittspreis nutzen k\u00f6nnen. Am besten ist es jedoch, wenn Sie die\u00a0<strong><a href=\"http:\/\/card.visitbratislava.com\/de\/\" target=\"_blank\" rel=\"noopener noreferrer\">Bratislava Card City &amp; Region<\/a><\/strong>\u00a0kaufen. Sie werden durch Bratislava nicht nur kostenlos reisen, sondern bekommen auch viele andere Vorteile und Nachl\u00e4sse.<\/p>\n<h3><a href=\"https:\/\/www.visitbratislava.com\/de\/setzt\/primatialpalais\/\" target=\"_blank\" rel=\"noopener noreferrer\">1. Primatialpalais<\/a><\/h3>\n<p>Das klassizistische Palais aus dem 18.Jahrhundert, wo nach dem Sieg von Napoleon in der Schlacht bei Austerlitz die Vertreter des franz\u00f6sischen und \u00f6sterreichischen Kaisers ein Abkommen unterzeichneten, eingegangen in die Geschichte als Friede von Pressburg. In der Gegenwart befinden sich hier die Galerieexposition mit der einmaligen Sammlung von 6 englischen Tapisserien aus dem 17.Jahrhundert und der Sitz des Oberb\u00fcrgermeisters der Hauptstadt der Slowakischen Republik.<\/p>\n<p><strong>Eintritt:<\/strong> 3 \u20ac, Rabatt mit <a href=\"http:\/\/card.visitbratislava.com\/de\/\" target=\"_blank\" rel=\"noopener noreferrer\">Bratislava Card City &amp; Region\u00a0<\/a>20 %<\/p>\n<p><img loading=\"lazy\" width=\"800\" height=\"534\" class=\"alignnone size-large wp-image-240470\" src=\"https:\/\/www.visitbratislava.com\/wp-content\/uploads\/2023\/05\/Velcek_2021_primacialny-palac_Primacialny-palac_celny-pohlad-800x534.jpg\" alt=\"\" srcset=\"https:\/\/www.visitbratislava.com\/wp-content\/uploads\/2023\/05\/Velcek_2021_primacialny-palac_Primacialny-palac_celny-pohlad-800x534.jpg 800w, https:\/\/www.visitbratislava.com\/wp-content\/uploads\/2023\/05\/Velcek_2021_primacialny-palac_Primacialny-palac_celny-pohlad-400x267.jpg 400w, https:\/\/www.visitbratislava.com\/wp-content\/uploads\/2023\/05\/Velcek_2021_primacialny-palac_Primacialny-palac_celny-pohlad-768x513.jpg 768w, https:\/\/www.visitbratislava.com\/wp-content\/uploads\/2023\/05\/Velcek_2021_primacialny-palac_Primacialny-palac_celny-pohlad-1536x1026.jpg 1536w, https:\/\/www.visitbratislava.com\/wp-content\/uploads\/2023\/05\/Velcek_2021_primacialny-palac_Primacialny-palac_celny-pohlad-2048x1368.jpg 2048w, https:\/\/www.visitbratislava.com\/wp-content\/uploads\/2023\/05\/Velcek_2021_primacialny-palac_Primacialny-palac_celny-pohlad-200x134.jpg 200w\" sizes=\"(max-width: 800px) 100vw, 800px\" \/><\/p>\n<h3><a href=\"https:\/\/www.visitbratislava.com\/de\/setzt\/michaelertor\/\" target=\"_blank\" rel=\"noopener noreferrer\">2. Michaeler Tor<\/a><\/h3>\n<p>Das einzige noch erhaltene Tor der Stadtbefestigung aus dem 14. Jahrhundert. Von der oberen Terrasse ihres 51 Meter hohen Turms kann man die zauberhafte Aussicht auf die Bratislavaer Burg und die Altstadt genie\u00dfen. Im Turm befindet sich das Waffenmuseum.<\/p>\n<p><strong>Eintritt:<\/strong> vor\u00fcbergehend geschlossen<\/p>\n<p><img loading=\"lazy\" width=\"800\" height=\"533\" class=\"alignnone size-large wp-image-240476\" src=\"https:\/\/www.visitbratislava.com\/wp-content\/uploads\/2023\/05\/20230422-3M6A0591-800x533.jpg\" alt=\"\" srcset=\"https:\/\/www.visitbratislava.com\/wp-content\/uploads\/2023\/05\/20230422-3M6A0591-800x533.jpg 800w, https:\/\/www.visitbratislava.com\/wp-content\/uploads\/2023\/05\/20230422-3M6A0591-400x267.jpg 400w, https:\/\/www.visitbratislava.com\/wp-content\/uploads\/2023\/05\/20230422-3M6A0591-768x512.jpg 768w, https:\/\/www.visitbratislava.com\/wp-content\/uploads\/2023\/05\/20230422-3M6A0591-200x133.jpg 200w, https:\/\/www.visitbratislava.com\/wp-content\/uploads\/2023\/05\/20230422-3M6A0591.jpg 1200w\" sizes=\"(max-width: 800px) 100vw, 800px\" \/><\/p>\n<h3><a href=\"https:\/\/www.visitbratislava.com\/de\/setzt\/burg-bratislava\/\" target=\"_blank\" rel=\"noopener noreferrer\">3. Bratislavaer Burg<\/a><\/h3>\n<p>Urspr\u00fcnglich Sitz der Herrscher, heute Symbol von Bratislava und Sitz des Historischen Museums. Von seinem 47 Meter hohen Kronenturm, wo fr\u00fcher einmal die k\u00f6niglichen Kr\u00f6nungsinsignien aufbewahrt wurden, bietet sich ein herrlicher Ausblick nicht nur auf die Stadt, aber auch auf die benachbarten L\u00e4nder.<\/p>\n<p><strong>Eintritt:<\/strong> 12 \u20ac, Rabatt mit <a href=\"http:\/\/card.visitbratislava.com\/de\/\" target=\"_blank\" rel=\"noopener noreferrer\">Bratislava Card City &amp; Region<\/a><a href=\"http:\/\/card.visitbratislava.com\/de\/\">\u00a0<\/a>100 %<\/p>\n<p><img loading=\"lazy\" width=\"800\" height=\"533\" class=\"alignnone size-large wp-image-213089\" src=\"https:\/\/www.visitbratislava.com\/wp-content\/uploads\/2022\/12\/Pozadie_Kovac_2022_dron_ba-hrad_green_dunaj_barokova-zahrada_nevyhradna_licencia-800x533.jpg\" alt=\"\" srcset=\"https:\/\/www.visitbratislava.com\/wp-content\/uploads\/2022\/12\/Pozadie_Kovac_2022_dron_ba-hrad_green_dunaj_barokova-zahrada_nevyhradna_licencia-800x533.jpg 800w, https:\/\/www.visitbratislava.com\/wp-content\/uploads\/2022\/12\/Pozadie_Kovac_2022_dron_ba-hrad_green_dunaj_barokova-zahrada_nevyhradna_licencia-400x267.jpg 400w, https:\/\/www.visitbratislava.com\/wp-content\/uploads\/2022\/12\/Pozadie_Kovac_2022_dron_ba-hrad_green_dunaj_barokova-zahrada_nevyhradna_licencia-768x512.jpg 768w, https:\/\/www.visitbratislava.com\/wp-content\/uploads\/2022\/12\/Pozadie_Kovac_2022_dron_ba-hrad_green_dunaj_barokova-zahrada_nevyhradna_licencia-1536x1024.jpg 1536w, https:\/\/www.visitbratislava.com\/wp-content\/uploads\/2022\/12\/Pozadie_Kovac_2022_dron_ba-hrad_green_dunaj_barokova-zahrada_nevyhradna_licencia-200x133.jpg 200w, https:\/\/www.visitbratislava.com\/wp-content\/uploads\/2022\/12\/Pozadie_Kovac_2022_dron_ba-hrad_green_dunaj_barokova-zahrada_nevyhradna_licencia.jpg 1920w\" sizes=\"(max-width: 800px) 100vw, 800px\" \/><\/p>\n<h3><a href=\"https:\/\/www.visitbratislava.com\/de\/setzt\/die-kathedrale-des-heiligen-martin\/\" target=\"_blank\" rel=\"noopener noreferrer\">4. St. Martins Dom<\/a><\/h3>\n<p>Gotische Kirche, bestehend aus drei Schiffen, aus dem 15. Jahrhundert, ehemalige Kr\u00f6nungskirche. Erinnerung an diese ruhmreiche Zeit ist die vergoldete Replik der Kr\u00f6nungskrone, welche an der Spitze des Turms der Kathedrale angebracht ist, in H\u00f6he von 85 Metern und mit einem Gewicht von 150 kg.<\/p>\n<p><img loading=\"lazy\" width=\"800\" height=\"533\" class=\"alignnone size-large wp-image-73597\" src=\"https:\/\/www.visitbratislava.com\/wp-content\/uploads\/2020\/01\/Dekan-komparz-D\u00f3m-leisure-p\u00e1r-Rudnayovo-goodmood-800x533.jpg\" alt=\"\" srcset=\"https:\/\/www.visitbratislava.com\/wp-content\/uploads\/2020\/01\/Dekan-komparz-D\u00f3m-leisure-p\u00e1r-Rudnayovo-goodmood-800x533.jpg 800w, https:\/\/www.visitbratislava.com\/wp-content\/uploads\/2020\/01\/Dekan-komparz-D\u00f3m-leisure-p\u00e1r-Rudnayovo-goodmood-400x267.jpg 400w, https:\/\/www.visitbratislava.com\/wp-content\/uploads\/2020\/01\/Dekan-komparz-D\u00f3m-leisure-p\u00e1r-Rudnayovo-goodmood-768x512.jpg 768w, https:\/\/www.visitbratislava.com\/wp-content\/uploads\/2020\/01\/Dekan-komparz-D\u00f3m-leisure-p\u00e1r-Rudnayovo-goodmood-200x133.jpg 200w\" sizes=\"(max-width: 800px) 100vw, 800px\" \/><\/p>\n<h3><a href=\"https:\/\/www.visitbratislava.com\/sk\/miesta\/slavin\/\" target=\"_blank\" rel=\"noopener noreferrer\">5. Denkmal Slav\u00edn<\/a><\/h3>\n<p>Das gr\u00f6\u00dfte Kriegsdenkmal in Mitteleuropa, welches dank seiner Lage und der H\u00f6he von 52 Metern zu den Dominanten der Stadt geh\u00f6rt. Hier sind 6845 Soldaten der Sowjetischen Armee begraben, welche bei der Befreiung von Bratislava w\u00e4hrend des zweiten Weltkriegs gefallen sind.<\/p>\n<p><img loading=\"lazy\" width=\"800\" height=\"530\" class=\"alignnone size-large wp-image-61742\" src=\"https:\/\/www.visitbratislava.com\/wp-content\/uploads\/2019\/06\/slavin-800x530.jpg\" alt=\"\" srcset=\"https:\/\/www.visitbratislava.com\/wp-content\/uploads\/2019\/06\/slavin-800x530.jpg 800w, https:\/\/www.visitbratislava.com\/wp-content\/uploads\/2019\/06\/slavin-400x265.jpg 400w, https:\/\/www.visitbratislava.com\/wp-content\/uploads\/2019\/06\/slavin-768x509.jpg 768w, https:\/\/www.visitbratislava.com\/wp-content\/uploads\/2019\/06\/slavin-200x132.jpg 200w\" sizes=\"(max-width: 800px) 100vw, 800px\" \/><\/p>\n<h3>6. Kreuzerh\u00f6hungskirche und das Klarissen-Kloster<\/h3>\n<p>Dies ist ein Komplex von Sakralbauten der Gotik\/Renaissance, der zu den \u00e4ltesten und bedeutendsten dieses Zeitalters z\u00e4hlt. Im Laufe seiner langen Geschichte wurden diese Geb\u00e4ude auf unterschiedlichste Art und Weise genutzt \u2013 vom Ort f\u00fcr Gottesdienste, \u00fcber ein Krankenhaus, ein Armenhaus, eine Jura-Akademie oder ein Gymnasium. Gegenw\u00e4rtig befindet sich im Geb\u00e4ude des ehemaligen Klosters die Universit\u00e4tsbibliothek und das Kirchengeb\u00e4ude wird als Ausstellungs- und Konzertsaal genutzt.<\/p>\n<p><img loading=\"lazy\" width=\"800\" height=\"625\" class=\"alignnone size-large wp-image-4900\" src=\"https:\/\/www.visitbratislava.com\/wp-content\/uploads\/2015\/04\/BA.klarisky-800x625.jpg\" alt=\"\" srcset=\"https:\/\/www.visitbratislava.com\/wp-content\/uploads\/2015\/04\/BA.klarisky-800x625.jpg 800w, https:\/\/www.visitbratislava.com\/wp-content\/uploads\/2015\/04\/BA.klarisky-400x312.jpg 400w, https:\/\/www.visitbratislava.com\/wp-content\/uploads\/2015\/04\/BA.klarisky-200x156.jpg 200w, https:\/\/www.visitbratislava.com\/wp-content\/uploads\/2015\/04\/BA.klarisky.jpg 1984w\" sizes=\"(max-width: 800px) 100vw, 800px\" \/><\/p>\n<h3><a href=\"https:\/\/www.visitbratislava.com\/de\/setzt\/obchod-v-muzeu\/\" target=\"_blank\" rel=\"noopener noreferrer\">7. Laden im Museum \u2013 der \u00e4lteste Laden in der Stadt<\/a><\/h3>\n<p>Mit einem Besuch dieses Ladens reisen Sie sozusagen zur\u00fcck in der Zeit. Hier erfahren Sie einen Hauch des alten Pressburg aus der Wende des 19. und 20. Jahrhunderts und unter den Exponaten finden Sie z.B. den Koffer eines Handelsreisenden, einen Eis-Creme-Speicher aus dem Jahr 1910 oder Seife, mit der man sich fr\u00fcher die Z\u00e4hne putzte. Erleben Sie echte Geschichte und nehmen Sie gleich ein Souvenir in Form eines der hochwertigen und f\u00fcr Bratislava traditionellen Produkte mit.<\/p>\n<p><img loading=\"lazy\" width=\"800\" height=\"535\" class=\"alignnone size-large wp-image-14927\" src=\"https:\/\/www.visitbratislava.com\/wp-content\/uploads\/2015\/03\/obchod1-800x535.jpg\" alt=\"\" srcset=\"https:\/\/www.visitbratislava.com\/wp-content\/uploads\/2015\/03\/obchod1.jpg 800w, https:\/\/www.visitbratislava.com\/wp-content\/uploads\/2015\/03\/obchod1-400x268.jpg 400w, https:\/\/www.visitbratislava.com\/wp-content\/uploads\/2015\/03\/obchod1-768x514.jpg 768w, https:\/\/www.visitbratislava.com\/wp-content\/uploads\/2015\/03\/obchod1-200x134.jpg 200w\" sizes=\"(max-width: 800px) 100vw, 800px\" \/><\/p>\n<h3><a href=\"https:\/\/www.visitbratislava.com\/de\/setzt\/galerie-multium\/\" target=\"_blank\" rel=\"noopener noreferrer\">8. Galerie MULTIUM<\/a><\/h3>\n<p>Haben Sie sich schon mal Gedanken dar\u00fcber gemacht, wie die Unendlichkeit ausschaut? Besuchen Sie die MULTIUM-Spiegelgalerie und Sie k\u00f6nnen in einer der aus Spiegeln bestehenden sechs Expositionen eine Kunst bewundern, die mit der Sch\u00f6nheit der Physik verkn\u00fcpft ist. Lassen Sie sich also zu einem unvergesslichen Ausflug ins Unendliche einladen!<\/p>\n<p><img loading=\"lazy\" width=\"800\" height=\"377\" class=\"alignnone size-large wp-image-51340\" src=\"https:\/\/www.visitbratislava.com\/wp-content\/uploads\/2018\/11\/chodba-multium-orezane-800x377.jpg\" alt=\"\" srcset=\"https:\/\/www.visitbratislava.com\/wp-content\/uploads\/2018\/11\/chodba-multium-orezane-800x377.jpg 800w, https:\/\/www.visitbratislava.com\/wp-content\/uploads\/2018\/11\/chodba-multium-orezane-400x188.jpg 400w, https:\/\/www.visitbratislava.com\/wp-content\/uploads\/2018\/11\/chodba-multium-orezane-768x362.jpg 768w, https:\/\/www.visitbratislava.com\/wp-content\/uploads\/2018\/11\/chodba-multium-orezane-200x94.jpg 200w, https:\/\/www.visitbratislava.com\/wp-content\/uploads\/2018\/11\/chodba-multium-orezane-1440x680.jpg 1440w\" sizes=\"(max-width: 800px) 100vw, 800px\" \/><\/p>\n<h3>9. Palisaden und Umgebung<\/h3>\n<p>Die heutige Stra\u00dfe namens Palis\u00e1dy (Palisaden) wand sich fr\u00fcher zwischen der \u00e4u\u00dferen Stadtbefestigung (einer Mauer aus Holzpf\u00e4hlen \u2013 so genanten Palisaden) und den Weinbergen wand. Sp\u00e4ter, ab der zweiten H\u00e4lfte des 19. Jh. begangen reiche und bedeutende Stadtb\u00fcrger hier ihre Villen zu errichten. Begeben auch Sie sich in die Atmosph\u00e4re des alten Pressburgs und in die Stra\u00dfen und Gassen bis oben zum Slav\u00edn-Kriegsdenkmal, wo Sie mit einer herrlichen Aussicht und der unverwechselbaren Atmosph\u00e4re eines der pomp\u00f6sesten Viertel des alten Bratislava (Pressburg) belohnt werden.<\/p>\n<h3><a href=\"https:\/\/www.visitbratislava.com\/de\/setzt\/galerie-nedbalka\/\" target=\"_blank\" rel=\"noopener noreferrer\">10. Galerie Nedbalka<\/a><\/h3>\n<p>Dieses \u00e4u\u00dferlich auff\u00e4llige Geb\u00e4ude in der Stra\u00dfe Nedbalova beherbergt die einzigartige Galerie moderner Kunst, die auf die bildende Kunst des 20. Jh. ausgerichtet ist \u2014 und zwar mittels einer st\u00e4ndigen Exposition und zahlreichen Kurzzeitausstellungen. Diese Galerie wird zu Recht auch als das \u201eslowakische Guggenheim\u201c bezeichnet, da die Innenraumgestaltung jener des Guggenheimmuseums in New Yorku\u00a0\u00e4hnelt und auch eine \u00e4hnliche Bestimmung hat.<\/p>\n<p><img loading=\"lazy\" width=\"800\" height=\"600\" class=\"alignnone size-large wp-image-102755\" src=\"https:\/\/www.visitbratislava.com\/wp-content\/uploads\/2015\/05\/galeria-nedbalka-architektura-umenie-1180399-1-800x600.jpg\" alt=\"\" srcset=\"https:\/\/www.visitbratislava.com\/wp-content\/uploads\/2015\/05\/galeria-nedbalka-architektura-umenie-1180399-1-800x600.jpg 800w, https:\/\/www.visitbratislava.com\/wp-content\/uploads\/2015\/05\/galeria-nedbalka-architektura-umenie-1180399-1-400x300.jpg 400w, https:\/\/www.visitbratislava.com\/wp-content\/uploads\/2015\/05\/galeria-nedbalka-architektura-umenie-1180399-1-768x576.jpg 768w, https:\/\/www.visitbratislava.com\/wp-content\/uploads\/2015\/05\/galeria-nedbalka-architektura-umenie-1180399-1-200x150.jpg 200w, https:\/\/www.visitbratislava.com\/wp-content\/uploads\/2015\/05\/galeria-nedbalka-architektura-umenie-1180399-1-600x450.jpg 600w, https:\/\/www.visitbratislava.com\/wp-content\/uploads\/2015\/05\/galeria-nedbalka-architektura-umenie-1180399-1.jpg 1200w\" sizes=\"(max-width: 800px) 100vw, 800px\" \/><\/p>\n","protected":false},"excerpt":{"rendered":"<p>Ohne Besuch dieser touristischen Attraktionen verl\u00e4sst man Bratislava einfach nicht. Manche von ihnen sind vollkommen kostenlos oder f\u00fcr eine akzeptable Geb\u00fchr, wobei Sie auch den erm\u00e4\u00dfigten Eintrittspreis nutzen k\u00f6nnen. Am besten ist es jedoch, wenn Sie die\u00a0Bratislava Card City &amp; Region\u00a0kaufen. Sie werden durch Bratislava nicht nur kostenlos reisen, sondern bekommen auch viele andere Vorteile [&hellip;]<\/p>\n","protected":false},"author":25,"featured_media":72275,"parent":0,"menu_order":0,"comment_status":"closed","ping_status":"closed","template":"","meta":[],"acf":[],"_links":{"self":[{"href":"https:\/\/www.visitbratislava.com\/de\/wp-json\/wp\/v2\/pages\/76297"}],"collection":[{"href":"https:\/\/www.visitbratislava.com\/de\/wp-json\/wp\/v2\/pages"}],"about":[{"href":"https:\/\/www.visitbratislava.com\/de\/wp-json\/wp\/v2\/types\/page"}],"author":[{"embeddable":true,"href":"https:\/\/www.visitbratislava.com\/de\/wp-json\/wp\/v2\/users\/25"}],"replies":[{"embeddable":true,"href":"https:\/\/www.visitbratislava.com\/de\/wp-json\/wp\/v2\/comments?post=76297"}],"version-history":[{"count":3,"href":"https:\/\/www.visitbratislava.com\/de\/wp-json\/wp\/v2\/pages\/76297\/revisions"}],"predecessor-version":[{"id":240482,"href":"https:\/\/www.visitbratislava.com\/de\/wp-json\/wp\/v2\/pages\/76297\/revisions\/240482"}],"wp:featuredmedia":[{"embeddable":true,"href":"https:\/\/www.visitbratislava.com\/de\/wp-json\/wp\/v2\/media\/72275"}],"wp:attachment":[{"href":"https:\/\/www.visitbratislava.com\/de\/wp-json\/wp\/v2\/media?parent=76297"}],"curies":[{"name":"wp","href":"https:\/\/api.w.org\/{rel}","templated":true}]}}