{"id":78294,"date":"2020-05-22T10:10:17","date_gmt":"2020-05-22T08:10:17","guid":{"rendered":"https:\/\/www.visitbratislava.com\/?page_id=78294\/"},"modified":"2020-05-22T10:20:24","modified_gmt":"2020-05-22T08:20:24","slug":"besuchen-sie-die-meist-fotografierten-statuen-in-bratislava","status":"publish","type":"page","link":"https:\/\/www.visitbratislava.com\/de\/besuchen-sie-die-meist-fotografierten-statuen-in-bratislava\/","title":{"rendered":"Besuchen Sie die meist fotografierten Statuen in Bratislava"},"content":{"rendered":"<p><span style=\"font-weight: 400;\">Der \u201eSch\u00f6ne Naci\u201c, eine wohlbekannte Pers\u00f6nlichkeit in Bratislava, war untrennbarer Teil der Hauptstadtpromenade und der Kaffees in der ersten H\u00e4lfte des 20. Jahrhunderts. Heutzutage verl\u00e4sst kaum ein Tourist Bratislava, ohne ein Foto mit dieser Statue gemacht zu haben. Gemeinsam mit dem napoleonischen Soldaten und \u010cumil, ist der Sch\u00f6ne Naci eine der meistfotografierten Statuen in der Stadt.<\/span><\/p>\n<blockquote><p><span style=\"font-weight: 400;\">\u201eDas Schicksal des Sch\u00f6nen Naci hat mich wirklich ber\u00fchrt,\u201c sagt die deutsche Touristin Maria Reutling, nachdem sie ihr Mann neben der Skulptur fotografiert hatte. \u201eEs ist sch\u00f6n, dass die Stadt entschieden hat, ihn auf diese Weise in Erinnerung zu behalten.\u201c<\/span><\/p><\/blockquote>\n<p><span style=\"font-weight: 400;\">Der <a href=\"https:\/\/www.visitbratislava.com\/de\/setzt\/der-schoene-ignatius-schoene-naci\/\" target=\"_blank\" rel=\"noopener\">Sch\u00f6ne Naci<\/a>, mit wirklichem Namen Ignac Lamar (1897-1967), war ein bisschen eigenartig. Er hatte eine schwierige Kindheit, und eine unerf\u00fcllte Liebe hinterlie\u00df unverheilte Wunden in seinem Herzen und seiner Seele.<\/span><\/p>\n<p><span style=\"font-weight: 400;\">Er wollte so sein, wie sein Gro\u00dfvater, ein ber\u00fchmter Zirkusclown. In gewisser Weise wurde sein Traum wahr, die Stra\u00dfen des Stadtzentrums, die lokalen Kaffes und Konditoreien dienten ihm als Zirkuszelt.<\/span><\/p>\n<p><span style=\"font-weight: 400;\">Der Sch\u00f6ne Naci spazierte die Stra\u00dfen in eleganter Abendgarderobe entlang, mit Zylinder, Gehstock und einem P\u00e4ckchen seiner beliebtesten Desserts in der Hand. Er l\u00e4chelte die Leute an und gr\u00fc\u00dfte die Damen ehrf\u00fcrchtig mit einem \u201cK\u00fcss\u2018 die Hand!\u201c- auf Slowakisch, Ungarisch und auch auf Deutsch, da Bratislava zur damaligen Zeit dreisprachig war.<\/span><\/p>\n<p><img loading=\"lazy\" class=\"alignnone wp-image-78260 size-large\" src=\"https:\/\/www.visitbratislava.com\/wp-content\/uploads\/2020\/05\/SchoneNaci-800x533.jpg\" alt=\"\" width=\"800\" height=\"533\" srcset=\"https:\/\/www.visitbratislava.com\/wp-content\/uploads\/2020\/05\/SchoneNaci-800x533.jpg 800w, https:\/\/www.visitbratislava.com\/wp-content\/uploads\/2020\/05\/SchoneNaci-400x267.jpg 400w, https:\/\/www.visitbratislava.com\/wp-content\/uploads\/2020\/05\/SchoneNaci-768x512.jpg 768w, https:\/\/www.visitbratislava.com\/wp-content\/uploads\/2020\/05\/SchoneNaci-200x133.jpg 200w\" sizes=\"(max-width: 800px) 100vw, 800px\" \/><\/p>\n<p><span style=\"font-weight: 400;\">Seine letzten Lebensjahre verbrachte er in einem Lazarett f\u00fcr Tuberkulosekranke in einem Dorf bei Lehnice, wo er auch starb. Erst 2007 wurden seine sterblichen \u00dcberreste vom lokalen Friedhof zum historischen Ondrejsky Friedhof im Zentrum Bratislavas gebracht, wo bereits viele prominente Pers\u00f6nlichkeiten der Slowakei bestattet wurden. In diesem Friedhof, wie auch im benachbarten <a href=\"https:\/\/www.visitbratislava.com\/de\/setzt\/medizinischer-garten\/\" target=\"_blank\" rel=\"noopener\">Medizinischen Garten<\/a>, k\u00f6nnen Sie das Gr\u00fcn und die Ruhe genie\u00dfen, die wohlversteckt im Zentrum der Hauptstadt zu finden ist.<\/span><\/p>\n<h3><span style=\"font-weight: 400;\"><strong>Zur\u00fcck zur Jazz \u00c4ra<\/strong>\u00a0\u00a0<\/span><\/h3>\n<p><span style=\"font-weight: 400;\">Heutzutage kann man in die Zeiten des Sch\u00f6nen Naci zur\u00fcckkehren; im <a href=\"https:\/\/www.visitbratislava.com\/de\/setzt\/radisson-blue-carlton-hotel\/\" target=\"_blank\" rel=\"noopener\">Restaurant Hotel Carlton<\/a>, im Caf\u00e9 \u0160tefanka oder im <a href=\"https:\/\/www.visitbratislava.com\/de\/setzt\/kaffee-mayer\/\" target=\"_blank\" rel=\"noopener\">Kaffee Mayer<\/a>. Genie\u00dfen Sie k\u00f6stliche Spezialit\u00e4ten aus l\u00e4ngst vergangenen Zeiten und nach einem guten Essen gehen Sie tanzen oder lauschen gutem alten Jazz.<\/span><\/p>\n<blockquote><p><span style=\"font-weight: 400;\">\u201cF\u00fcr mich haben Old Jazz und Swing das Verlangen nach Freude und Gl\u00fcckseligkeit in sich vereint,\u201d sagt\u00a0 Anka Dek\u00e1nkov\u00e1, S\u00e4ngerin der Fats Jazz Band. \u201cVielleicht deshalb, weil diese Musik nicht aus reichen Vierteln und guten Zeiten stammt. Es scheint, als ob die Menschen in den 1920ern und 1930ern die Flucht aus ihrem schwierigen Leben in eine imagin\u00e4re Welt aus perfekter Gl\u00fcckseligkeit f\u00f6rmlich verk\u00f6rpert haben.<\/span><\/p><\/blockquote>\n<p><img loading=\"lazy\" class=\"alignnone wp-image-78264 size-large\" src=\"https:\/\/www.visitbratislava.com\/wp-content\/uploads\/2020\/05\/Carlton-800x534.jpg\" alt=\"\" width=\"800\" height=\"534\" srcset=\"https:\/\/www.visitbratislava.com\/wp-content\/uploads\/2020\/05\/Carlton-800x534.jpg 800w, https:\/\/www.visitbratislava.com\/wp-content\/uploads\/2020\/05\/Carlton-400x267.jpg 400w, https:\/\/www.visitbratislava.com\/wp-content\/uploads\/2020\/05\/Carlton-768x512.jpg 768w, https:\/\/www.visitbratislava.com\/wp-content\/uploads\/2020\/05\/Carlton-200x133.jpg 200w\" sizes=\"(max-width: 800px) 100vw, 800px\" \/><\/p>\n<p><span style=\"font-weight: 400;\">Diese Band wird Sie bei Swing-Abenden unterhalten, wie am Swing Valentinstag, Swing Mai Festival sowie zu Swing Weihnachten.\u00a0 Zus\u00e4tzlich kann live Swingmusik z.B. beim Bratislava Picknick oder w\u00e4hrend einiger Abendveranstaltungen an der B-Swing Tanzschule geh\u00f6rt werden. Das Restaurant und die Weinbar Selavi in der Klob\u00fa\u010dnicka-Stra\u00dfe organisiert ebenso Abende mit live Swingmusik. Das einzige Old Jazz Festival der Slowakei findet in Bratislava statt. Es ist das \u201eGoldene Zeitalter Festival\u201c und seine sechste Ausgabe wird am 21. September 2019 im V-Club am SNP Platz stattfinden.<\/span><\/p>\n<h3><strong>Bronzener Mann bei der Arbeit und Erfinder des Schachautomaten<\/strong><\/h3>\n<p><span style=\"font-weight: 400;\">Nur wenige Meter vom Sch\u00f6nen Naci entfernt, an der Ecke des Fischertores und der Panska- Stra\u00dfe Richtung Hviezdoslav-Platz, werden Sie die Bronzestatue von \u010cumil finden. Es wird berichtet, dass der l\u00e4chelnde Mann, der unter einem Kanaldeckel hervorlugt, an einen F\u00fchrer der Widerstandsbewegung gegen die Sowjetbelagerung von 1968 erinnert. F\u00fcr den Erschaffer und Bildhauer Viktor Hulik repr\u00e4sentiert die Statue die Erinnerung an die Atmosph\u00e4re der Promenade w\u00e4hrend der 1960er, als er noch ein kleiner Junge war, und die M\u00e4dels die ersten Minir\u00f6cke trugen.<\/span><\/p>\n<p><span style=\"font-weight: 400;\">Die Bronzestatue von Bratislavas Leonardo da Vinci, dem ber\u00fchmten Erfinder und Gelehrten Johann Wolfgang Kempelen, Konstrukteur des Schach-Automaten, fnden Sie im Garten des Wassermuseums nahe der Donau. Man sagt, dass jeder, der die Finger der Statue ber\u00fchrt, eine Idee gewinnt, die das Leben der Menschen ver\u00e4ndert.<\/span><\/p>\n<p><img loading=\"lazy\" class=\"alignnone wp-image-78268 size-large\" src=\"https:\/\/www.visitbratislava.com\/wp-content\/uploads\/2020\/05\/Cumil-800x533.jpg\" alt=\"\" width=\"800\" height=\"533\" srcset=\"https:\/\/www.visitbratislava.com\/wp-content\/uploads\/2020\/05\/Cumil-800x533.jpg 800w, https:\/\/www.visitbratislava.com\/wp-content\/uploads\/2020\/05\/Cumil-400x267.jpg 400w, https:\/\/www.visitbratislava.com\/wp-content\/uploads\/2020\/05\/Cumil-768x512.jpg 768w, https:\/\/www.visitbratislava.com\/wp-content\/uploads\/2020\/05\/Cumil-200x133.jpg 200w\" sizes=\"(max-width: 800px) 100vw, 800px\" \/><\/p>\n","protected":false},"excerpt":{"rendered":"<p>Wussten Sie, dass es den l\u00e4chelnden Gentleman, der einen als Statue beim Hauptplatz begr\u00fc\u00dft, wirklich gegeben hat?<\/p>\n","protected":false},"author":25,"featured_media":2789,"parent":0,"menu_order":0,"comment_status":"closed","ping_status":"closed","template":"","meta":[],"acf":[],"_links":{"self":[{"href":"https:\/\/www.visitbratislava.com\/de\/wp-json\/wp\/v2\/pages\/78294"}],"collection":[{"href":"https:\/\/www.visitbratislava.com\/de\/wp-json\/wp\/v2\/pages"}],"about":[{"href":"https:\/\/www.visitbratislava.com\/de\/wp-json\/wp\/v2\/types\/page"}],"author":[{"embeddable":true,"href":"https:\/\/www.visitbratislava.com\/de\/wp-json\/wp\/v2\/users\/25"}],"replies":[{"embeddable":true,"href":"https:\/\/www.visitbratislava.com\/de\/wp-json\/wp\/v2\/comments?post=78294"}],"version-history":[{"count":0,"href":"https:\/\/www.visitbratislava.com\/de\/wp-json\/wp\/v2\/pages\/78294\/revisions"}],"wp:featuredmedia":[{"embeddable":true,"href":"https:\/\/www.visitbratislava.com\/de\/wp-json\/wp\/v2\/media\/2789"}],"wp:attachment":[{"href":"https:\/\/www.visitbratislava.com\/de\/wp-json\/wp\/v2\/media?parent=78294"}],"curies":[{"name":"wp","href":"https:\/\/api.w.org\/{rel}","templated":true}]}}