{"id":78586,"date":"2020-06-08T11:09:20","date_gmt":"2020-06-08T09:09:20","guid":{"rendered":"https:\/\/www.visitbratislava.com\/?page_id=78586\/"},"modified":"2022-01-14T17:32:22","modified_gmt":"2022-01-14T16:32:22","slug":"bratislava-wird-lebendig","status":"publish","type":"page","link":"https:\/\/www.visitbratislava.com\/de\/bratislava-wird-lebendig\/","title":{"rendered":"Praktische Infos f\u00fcr Besucher in Bratislava"},"content":{"rendered":"<p>Der Corona-Krise setzt die Slowakei und somit auch Bratislava bereits seit Anfang an Verantwortungsbewusstsein und Vorsicht entgegen. Wir m\u00f6chten hier eine Aufstellung der aktuellen Ma\u00dfnahmen pr\u00e4sentieren, die in der Slowakei und auch in Bratislava gelten, aber auch praktische Ratschl\u00e4ge, wie man sich w\u00e4hrend der Pandemie zu verhalten hat. Alle aktuellen Informationen finden Sie auch auf der Website <a href=\"https:\/\/korona.gov.sk\/de\/\" target=\"_blank\" rel=\"noopener\">korona.gov.sk\/de<\/a>.<\/p>\n","protected":false},"excerpt":{"rendered":"<p>Der Corona-Krise setzt die Slowakei und somit auch Bratislava bereits seit Anfang an Verantwortungsbewusstsein und Vorsicht entgegen. Wir m\u00f6chten hier eine Aufstellung der aktuellen Ma\u00dfnahmen pr\u00e4sentieren, die in der Slowakei und auch in Bratislava gelten, aber auch praktische Ratschl\u00e4ge, wie man sich w\u00e4hrend der Pandemie zu verhalten hat. Alle aktuellen Informationen finden Sie auch auf [&hellip;]<\/p>\n","protected":false},"author":25,"featured_media":101100,"parent":0,"menu_order":0,"comment_status":"closed","ping_status":"closed","template":"tpl-page-grid.php","meta":[],"acf":[],"_links":{"self":[{"href":"https:\/\/www.visitbratislava.com\/de\/wp-json\/wp\/v2\/pages\/78586"}],"collection":[{"href":"https:\/\/www.visitbratislava.com\/de\/wp-json\/wp\/v2\/pages"}],"about":[{"href":"https:\/\/www.visitbratislava.com\/de\/wp-json\/wp\/v2\/types\/page"}],"author":[{"embeddable":true,"href":"https:\/\/www.visitbratislava.com\/de\/wp-json\/wp\/v2\/users\/25"}],"replies":[{"embeddable":true,"href":"https:\/\/www.visitbratislava.com\/de\/wp-json\/wp\/v2\/comments?post=78586"}],"version-history":[{"count":7,"href":"https:\/\/www.visitbratislava.com\/de\/wp-json\/wp\/v2\/pages\/78586\/revisions"}],"predecessor-version":[{"id":126099,"href":"https:\/\/www.visitbratislava.com\/de\/wp-json\/wp\/v2\/pages\/78586\/revisions\/126099"}],"wp:featuredmedia":[{"embeddable":true,"href":"https:\/\/www.visitbratislava.com\/de\/wp-json\/wp\/v2\/media\/101100"}],"wp:attachment":[{"href":"https:\/\/www.visitbratislava.com\/de\/wp-json\/wp\/v2\/media?parent=78586"}],"curies":[{"name":"wp","href":"https:\/\/api.w.org\/{rel}","templated":true}]}}