{"id":78588,"date":"2020-06-08T11:17:15","date_gmt":"2020-06-08T09:17:15","guid":{"rendered":"https:\/\/www.visitbratislava.com\/?page_id=78588\/"},"modified":"2021-03-10T09:31:54","modified_gmt":"2021-03-10T08:31:54","slug":"regeln-fuer-die-sicherheit-aller","status":"publish","type":"page","link":"https:\/\/www.visitbratislava.com\/de\/bratislava-wird-lebendig\/regeln-fuer-die-sicherheit-aller\/","title":{"rendered":"Regeln f\u00fcr die Sicherheit aller"},"content":{"rendered":"<h3>Gesichtsmasken und Atemschutzmasken<\/h3>\n<p>Atemschutzmasken M\u00dcSSEN im Innenbereich getragen werden, Masken oder Atemschutzmasken m\u00fcssen im Freien getragen werden. Die Masken und Atemschutzmasken k\u00f6nnen in Apotheken, in Bekleidungsgesch\u00e4ften gekauft oder online bestellt werden.<\/p>\n<h3>Hygiene<\/h3>\n<p>Waschen Sie sich die H\u00e4nde mehrmals t\u00e4glich f\u00fcr mindestens 30 Sekunden. Beim Betreten jedweder Betriebsst\u00e4tte muss f\u00fcr eine entsprechende Desinfektion gesorgt werden. Diese sollte Sie auch immer nutzen.<\/p>\n<h3>Entfernung<\/h3>\n<p>Halten Sie einen Mindestabstand von 2 Metern zu Fremdpersonen.<\/p>\n<h3>Bezahlverfahren<\/h3>\n<p>Sofern m\u00f6glich, nutzen Sie zur Zahlung Kreditkarten und bezahlen Sie dabei m\u00f6glicht kontaktlos.<\/p>\n<h3>Begr\u00fc\u00dfung<\/h3>\n<p>Vermeiden Sie H\u00e4ndesch\u00fctteln und Umarmungen. Ersetzen Sie diese durch Winke(n), bzw. den &#8222;Ellenbogengru\u00df&#8220;.<\/p>\n<h3>Feingef\u00fchl<\/h3>\n<p>Falls Sie sich gesundheitlich nicht wohl f\u00fchlen oder irgendwelche Krankheitssymptome aufweisen, so bleiben Sie bitte lieber daheim.<\/p>\n","protected":false},"excerpt":{"rendered":"<p>Die grundlegenden Ma\u00dfnahmen und Regeln sind auch weiterhin zu befolgen, dank denen wir alle in Sicherheit bleiben. <\/p>\n","protected":false},"author":25,"featured_media":74583,"parent":78586,"menu_order":0,"comment_status":"closed","ping_status":"closed","template":"","meta":[],"acf":[],"_links":{"self":[{"href":"https:\/\/www.visitbratislava.com\/de\/wp-json\/wp\/v2\/pages\/78588"}],"collection":[{"href":"https:\/\/www.visitbratislava.com\/de\/wp-json\/wp\/v2\/pages"}],"about":[{"href":"https:\/\/www.visitbratislava.com\/de\/wp-json\/wp\/v2\/types\/page"}],"author":[{"embeddable":true,"href":"https:\/\/www.visitbratislava.com\/de\/wp-json\/wp\/v2\/users\/25"}],"replies":[{"embeddable":true,"href":"https:\/\/www.visitbratislava.com\/de\/wp-json\/wp\/v2\/comments?post=78588"}],"version-history":[{"count":0,"href":"https:\/\/www.visitbratislava.com\/de\/wp-json\/wp\/v2\/pages\/78588\/revisions"}],"up":[{"embeddable":true,"href":"https:\/\/www.visitbratislava.com\/de\/wp-json\/wp\/v2\/pages\/78586"}],"wp:featuredmedia":[{"embeddable":true,"href":"https:\/\/www.visitbratislava.com\/de\/wp-json\/wp\/v2\/media\/74583"}],"wp:attachment":[{"href":"https:\/\/www.visitbratislava.com\/de\/wp-json\/wp\/v2\/media?parent=78588"}],"curies":[{"name":"wp","href":"https:\/\/api.w.org\/{rel}","templated":true}]}}