{"id":78591,"date":"2020-06-08T11:26:29","date_gmt":"2020-06-08T09:26:29","guid":{"rendered":"https:\/\/www.visitbratislava.com\/?page_id=78591\/"},"modified":"2021-04-16T10:03:49","modified_gmt":"2021-04-16T08:03:49","slug":"gastronomie-kultur-und-freizeit","status":"publish","type":"page","link":"https:\/\/www.visitbratislava.com\/de\/bratislava-wird-lebendig\/gastronomie-kultur-und-freizeit\/","title":{"rendered":"Gastronomie, Kultur und Freizeit"},"content":{"rendered":"<h3>Regeln in restaurants, bars und sonstigen gastronomiebetrieben<\/h3>\n<p>\u00d6ffentliche Gastronomiebetriebe (Restaurants, Wirtsh\u00e4user, Caf\u00e9s u.\u00e4.) k\u00f6nnen Getr\u00e4nke und Speisen nur im Au\u00dfenbereich ausgeben (z.B. auf der Terrasse) oder diese dem Gast mit Nachhause zu geben (take away). Die \u00d6ffnungszeiten der \u00f6ffentlichen Gastronomiebetriebe bleiben nach gegenw\u00e4rtigen Regeln eingeschr\u00e4nkt &#8211; d.h. bis 22:00 Uhr. Einzuhalten ist die regel von 10 m\u00b2 fl\u00e4che pro person und ein abstand von 2 metern zu fremdpersonen, eine desinfizierung beim betreten des gastronomiebetriebs und ein mundschutz (nase und mund abdeckend). Die mundschutzpflicht gilt f\u00fcr die angestellten, wie auch auf all jene, die kundenkontakt haben.<\/p>\n<h3>Regeln in theatern, kinos, museen und anderen kulturinstitutionen<\/h3>\n<p>Kirchen, ZOOs, Museen und botanische G\u00e4rten, Bibliotheken mit der Auflage, dass auf eine Person 15 Quadratmeter entfallen m\u00fcssen\u2014 mit obligatorischem negativen Testergebnis, Schwimmb\u00e4der werden wieder ge\u00f6ffnet\u00a0f\u00fcr h\u00f6chstens 6 Personen\u00a0\u2014 mit negativem Testergebnis,<\/p>\n<h3>Sport und kultur \u2014 regeln bei grossveranstaltungen<\/h3>\n<p>Das Amt f\u00fcr \u00f6ffentliches Gesundheitswesen (\u00darad verejn\u00e9ho zdravotn\u00edctva) verordnete ein Verbot des Veranstaltens und Organisierens \u00f6ffentlicher Veranstaltungen mit Kultur-, Sport- und Gesellschaftscharakter oder Veranstaltungen sonstiger Art.\u00a0 Das Verbot bezieht sich auf s\u00e4mtliche Gro\u00dfveranstaltungen (mit Ausnahme von Hochzeiten, Taufen und Begr\u00e4bnissen, wobei hier die Einschr\u00e4nkung von einer (1) Person pro 15 Quadratmetern im Innenbereich gilt und im Au\u00dfenbereich werden 2 Meter Abstand zu halten sein, wobei die Teilnehmerzahl selbst unbeschr\u00e4nkt bleibt.<\/p>\n<p>Eine Ausnahme gibt auch f\u00fcr Spiele der Profi-Ligen (Fu\u00dfball, Eishockey, Volleyball, Basketball und Handball \u2013 1. Liga), die jedoch nicht vor Zuschauern gespielt werden. Die Spieler selbst m\u00fcssen sich regelm\u00e4\u00dfig einem COVID-19-Test zu unterziehen.<\/p>\n<p>Eine Ausnahme gilt ebenfalls f\u00fcr Versammlungen, die von Gesetzes wegen abgehalten werden (Stadt- und Gemeindevertretungen, Parlamentssitzungen, Gerichte) unter Einhaltung der auferlegten epidemiologischen Ma\u00dfnahmen.<\/p>\n<h3>Regeln beim einkaufen<\/h3>\n<p>Ab Montag dem 19.4. ge\u00f6ffnet werden s\u00e4mtliche Gesch\u00e4fte und Dienstleister mit der Auflage, dass auf eine Person 15 Quadratmeter entfallen m\u00fcssen\u2014 mit obligatorischem negativen Testergebnis. In Gesch\u00e4ften und sonstigen Betriebst\u00e4tten ist die Auflage von 15 m\u00b2 pro Person einzuhalten, wie auch eine Desinfizierung beim betreten und der Mundschutzpflicht. Die Mundschutzpflicht gilt f\u00fcr die Mitarbeiter und all jene, die kundenkontakt haben. In Einkaufszentren wird die M\u00f6glichkeit erwogen die K\u00f6rpertemperatur beim Eingang zu messen. Lebensmittelgesch\u00e4fte und Drogerien werden f\u00fcr Senioren vorbehaltene \u00d6ffnungszeiten haben und zwar von 9:00 bis 11:00 Uhr. Diese werden nat\u00fcrlich auch au\u00dferhalb dieser Zeiten einkaufen k\u00f6nnen, wobei jedoch die Nutzung der vorbehaltenen \u00d6ffnungszeiten empfohlen wird. Ab dem 21. Dezember gilt in der Slowakei eine teilweise Sperrung f\u00fcr 3 Wochen &#8211; alle Betreibst\u00e4tten sind geschlossen, mit Ausnahme derjenigen, die Grundbed\u00fcrfnisse befriedigen (Lebensmittelgesch\u00e4fte, Drogerien usw.).<\/p>\n<h3>Regeln bei Stadtbesichtigungen<\/h3>\n<p>Bei einer Stadtbesichtigung sind h\u00f6chstens 6 teilnehmer zul\u00e4ssig und es gilt die mundschutzpflicht &#8211; und das sowohl f\u00fcr die besichtigungsteilsnehmer, wie auch f\u00fcr den fremdenf\u00fchrer. W\u00e4hlen Sie aus einer <a href=\"https:\/\/www.visitbratislava.com\/de\/service-categories\/stadtrundgaenge\/\" target=\"_blank\" rel=\"noopener noreferrer\">Vielzahl von Touren<\/a> in verschiedenen Sprachen oder besuchen Sie unsere <a href=\"https:\/\/www.visitbratislava.com\/de\/dienstleistungen\/regelmaessige-besichtigungen\/\" target=\"_blank\" rel=\"noopener noreferrer\">regul\u00e4ren Stadtrundfahrten<\/a>.<\/p>\n","protected":false},"excerpt":{"rendered":"<p>Damit Sie wissen, was Sie in Restaurants, Bars und anderen Einrichtungen erwartet, haben wir schriftliche Ma\u00dfnahmen und Verhaltensregeln f\u00fcr Sie.<\/p>\n","protected":false},"author":25,"featured_media":65657,"parent":78586,"menu_order":0,"comment_status":"closed","ping_status":"closed","template":"","meta":[],"acf":[],"_links":{"self":[{"href":"https:\/\/www.visitbratislava.com\/de\/wp-json\/wp\/v2\/pages\/78591"}],"collection":[{"href":"https:\/\/www.visitbratislava.com\/de\/wp-json\/wp\/v2\/pages"}],"about":[{"href":"https:\/\/www.visitbratislava.com\/de\/wp-json\/wp\/v2\/types\/page"}],"author":[{"embeddable":true,"href":"https:\/\/www.visitbratislava.com\/de\/wp-json\/wp\/v2\/users\/25"}],"replies":[{"embeddable":true,"href":"https:\/\/www.visitbratislava.com\/de\/wp-json\/wp\/v2\/comments?post=78591"}],"version-history":[{"count":0,"href":"https:\/\/www.visitbratislava.com\/de\/wp-json\/wp\/v2\/pages\/78591\/revisions"}],"up":[{"embeddable":true,"href":"https:\/\/www.visitbratislava.com\/de\/wp-json\/wp\/v2\/pages\/78586"}],"wp:featuredmedia":[{"embeddable":true,"href":"https:\/\/www.visitbratislava.com\/de\/wp-json\/wp\/v2\/media\/65657"}],"wp:attachment":[{"href":"https:\/\/www.visitbratislava.com\/de\/wp-json\/wp\/v2\/media?parent=78591"}],"curies":[{"name":"wp","href":"https:\/\/api.w.org\/{rel}","templated":true}]}}