{"id":78595,"date":"2020-06-08T11:46:17","date_gmt":"2020-06-08T09:46:17","guid":{"rendered":"https:\/\/www.visitbratislava.com\/?page_id=78595\/"},"modified":"2021-04-16T09:54:22","modified_gmt":"2021-04-16T07:54:22","slug":"verkehr-und-unterkunft","status":"publish","type":"page","link":"https:\/\/www.visitbratislava.com\/de\/bratislava-wird-lebendig\/verkehr-und-unterkunft\/","title":{"rendered":"Verkehr und Unterkunft"},"content":{"rendered":"<h2>Verkehr<\/h2>\n<h3>Regeln in \u00f6ffentlichen Verkehrsmitteln<\/h3>\n<p>In Betrieb sind s\u00e4mtliche \u00f6ffentlichen Verkehrsmittel, wobei auch hier \u00fcberall Mundschutzpflicht besteht. Benutzen Sie die Stra\u00dfenbahn, Bus oder Z\u00fcge nur, wenn Sie gesund sind. Halten Sie immer einen Abstand von 2 Metern zu den anderen Reisenden. Verlassen Sie beim Aussteigen Ihren Platz m\u00f6glichst sp\u00e4t, damit l\u00e4nger dauernde Menschenansammlungen beim Ausgang vermieden werden. Lassen Sie einen benutzten Mundschutz nirgendwo rumliegen, sondern nehmen diesen mit zur entsprechenden Entsorgung. Niesen und husten Sie bitte in die Ellenbeuge.<\/p>\n<h3>Regeln\u00a0f\u00fcr Taxis<\/h3>\n<p>Im Fahrzeug darf die Klimaanlage eingeschaltet sein.\u00a0Es besteht die Pflicht den Fahrzeugraum zu desinfizieren und abnehmbare Folien sind freiwillig. Mitfahren im Taxi d\u00fcrfen h\u00f6chstens 2 Fahrg\u00e4ste (Fahrer nicht mitgerechnet). Es gilt weiterhin die Mundschutzpflicht.<\/p>\n<h3>Nutzen Sie das Fahrrad<\/h3>\n<p>Bleiben Sie mobil und nutzen Sie Bike-Sharing.\u00a0<a href=\"https:\/\/www.visitbratislava.com\/de\/bikesharing\/\" target=\"_blank\" rel=\"noopener\">Hier erfahren Sie, wo Sie eines der gelben Fahrr\u00e4der ausleihen k\u00f6nnen<\/a>.<\/p>\n<h3>Mieten Sie ein Auto<\/h3>\n<p>Bratislava bietet zahlreiche Mietwagenoptionen \u00fcber namhafte internationale Unternehmen, wie z.B. Hertz, Avis, Sixt oder Europcar. Deren Filialen finden Sie vor allem in gro\u00dfen Hotels und auch am Flughafen. In der Stadt finden Sie jedoch auch lokale Autovermietungen, die \u00e4hnlich hochwertige Leistungen und zu wettbewerbsf\u00e4higen Preisen erbringen. Probieren Sie zum Beispiel:\u00a0<a href=\"http:\/\/www.abrix.sk\/\">abrix.sk<\/a><a href=\"http:\/\/www.autodanubius.sk\/autopozicovna.htm\">,<\/a>\u00a0<a href=\"https:\/\/www.rai.sk\/de\" target=\"_blank\" rel=\"noopener\">rai.sk,\u00a0<\/a><a href=\"https:\/\/www.hertz.com\/rentacar\/location#results\" target=\"_blank\" rel=\"noopener\">hertz.sk<\/a>, <a href=\"https:\/\/www.avis.sk\/en\/\" target=\"_blank\" rel=\"noopener\">avis.sk<\/a>.<\/p>\n<h3>Mit dem Roller unterwegs<\/h3>\n<p>Der Elektroroller (eScooter) ist ein effektives und umweltfreundliches Verkehrsmittel in \u00fcberf\u00fcllten St\u00e4dten, aber auch ein angenehmer Begleiter bei den Freizeitaktivit\u00e4ten, wo dieser Spa\u00df, Adrenalin, gesunde Bewegung und die Entdeckung neuer Orte miteinander vereint. Dank der <a href=\"https:\/\/bolt.eu\/de\/scooters\/\" target=\"_blank\" rel=\"noopener\">Bolt-Ap<\/a> k\u00f6nnen Sie diese Sharing-Scooter nutzen, die \u00fcber das ganze Stadtzentrum verteilt sind.<\/p>\n<h2>Unterkunft<\/h2>\n<p>*Hotels und Pensionen sind wieder ge\u00f6ffnet, vorerst ohne den Restaurantbetrieb, mit der Auflage von max. 2 erwachsenen Personen pro Zimmer + einem negativen Testergebnis.<\/p>\n<h3>REGELN IN HOTELS, G\u00c4STEH\u00c4USERN UND ANDEREN ERHOLUNGSM\u00d6GLICHKEITEN<\/h3>\n<p>Halten Sie einen Abstand von mindestens 2 Metern zu Fremden ein. Tragen Sie Mund- und Nasenschutz im Eingangs- und Empfangsbereich. Wenn m\u00f6glich, zahlen Sie kontaktlos. Am besten bezahlen Sie die Rechnung per Karte. Befolgen Sie die Anweisungen der Mitarbeiter.<\/p>\n<h3>HOTELS IN BRATISLAVA<\/h3>\n<p>In Bratislava finden Sie eine Reihe von <a href=\"https:\/\/www.visitbratislava.com\/de\/empfohlene-hotels\/\" target=\"_blank\" rel=\"noopener\">Hotels in der N\u00e4he<\/a> des Zentrums oder sogar direkt im Zentrum. Viele bieten gehobene K\u00fcche in ihren eigenen Restaurants an und einige haben auch ein Spa. W\u00e4hlen Sie nach Stil, Position oder Ansicht.<\/p>\n","protected":false},"excerpt":{"rendered":"<p>Erfahren Sie, wie Sie sich verhalten und welche Regeln Sie befolgen m\u00fcssen.<\/p>\n","protected":false},"author":25,"featured_media":69125,"parent":78586,"menu_order":0,"comment_status":"closed","ping_status":"closed","template":"","meta":[],"acf":[],"_links":{"self":[{"href":"https:\/\/www.visitbratislava.com\/de\/wp-json\/wp\/v2\/pages\/78595"}],"collection":[{"href":"https:\/\/www.visitbratislava.com\/de\/wp-json\/wp\/v2\/pages"}],"about":[{"href":"https:\/\/www.visitbratislava.com\/de\/wp-json\/wp\/v2\/types\/page"}],"author":[{"embeddable":true,"href":"https:\/\/www.visitbratislava.com\/de\/wp-json\/wp\/v2\/users\/25"}],"replies":[{"embeddable":true,"href":"https:\/\/www.visitbratislava.com\/de\/wp-json\/wp\/v2\/comments?post=78595"}],"version-history":[{"count":0,"href":"https:\/\/www.visitbratislava.com\/de\/wp-json\/wp\/v2\/pages\/78595\/revisions"}],"up":[{"embeddable":true,"href":"https:\/\/www.visitbratislava.com\/de\/wp-json\/wp\/v2\/pages\/78586"}],"wp:featuredmedia":[{"embeddable":true,"href":"https:\/\/www.visitbratislava.com\/de\/wp-json\/wp\/v2\/media\/69125"}],"wp:attachment":[{"href":"https:\/\/www.visitbratislava.com\/de\/wp-json\/wp\/v2\/media?parent=78595"}],"curies":[{"name":"wp","href":"https:\/\/api.w.org\/{rel}","templated":true}]}}