{"id":78915,"date":"2020-06-15T15:30:25","date_gmt":"2020-06-15T13:30:25","guid":{"rendered":"https:\/\/www.visitbratislava.com\/?page_id=78915\/"},"modified":"2020-06-29T10:04:24","modified_gmt":"2020-06-29T08:04:24","slug":"bratislava-wird-geoeffnet","status":"publish","type":"page","link":"https:\/\/www.visitbratislava.com\/de\/bratislava-wird-geoeffnet\/","title":{"rendered":"Bratislava \u00f6ffnet sich"},"content":{"rendered":"<h2><strong>GE\u00d6FFNETE museen und gallerien<\/strong><\/h2>\n<p>*Maskenpflicht und 2-Meter Abstand in allen Museen und Gallerien<br \/>\n*Wenn nicht anders angegeben, alle Museen und Gallerien arbeiten im Standardbetrieb<\/p>\n<h3><strong>BRATISLAVa stadtmuseum<\/strong><\/h3>\n<p>*max. Dauer von Besichtigung 90 Min.<\/p>\n<p><a href=\"https:\/\/www.visitbratislava.com\/de\/setzt\/museum-der-stadtgeschichte-bratislavas\/\">Museum der Stadtgeschichte Bratislava<\/a><br \/>\n<a href=\"https:\/\/www.visitbratislava.com\/de\/setzt\/altes-rathaus\/\">Altes Rathaus<\/a><br \/>\n<a href=\"https:\/\/www.visitbratislava.com\/de\/setzt\/museum-der-historischen-interieurs-apponyi-palais\/\">Museum der historischen Interieurs &#8211; Apponyi Palais<\/a><br \/>\n<a href=\"https:\/\/www.visitbratislava.com\/de\/setzt\/waffenmuseum\/\">Waffenmuseum<\/a><br \/>\n<a href=\"https:\/\/www.visitbratislava.com\/de\/setzt\/antike-gerulata-rusovce\/\">Antike Gerulata Rusovce<\/a><br \/>\n<a href=\"https:\/\/www.visitbratislava.com\/de\/setzt\/burg-devin\/\">Burg von Dev\u00edn<\/a><br \/>\n<a href=\"https:\/\/www.visitbratislava.com\/de\/setzt\/pharmazeutisches-museum\/\">Pharmazeutisches Museum<\/a><br \/>\n<a href=\"https:\/\/www.visitbratislava.com\/de\/setzt\/uhrenmuseum-haus-zum-guten-hirten\/\">Uhrenmuseum<\/a><br \/>\n<a href=\"https:\/\/www.visitbratislava.com\/de\/setzt\/johann-nepomuk-hummel-museum\/\">Johann\u00a0N. Hummel Museum<\/a><br \/>\n<a href=\"https:\/\/www.visitbratislava.com\/de\/setzt\/arthur-fleischmann-museum\/\">Arthur Fleischmann Museum<\/a><\/p>\n<h3><strong>slowakischer nationalmuseum<\/strong><\/h3>\n<p>*max. 5 Personen pro Gruppe<\/p>\n<p><a href=\"https:\/\/www.visitbratislava.com\/de\/setzt\/burg-bratislava\/\">SNM-Historischen Museum (Burg von Bratislava)<\/a><br \/>\n<a href=\"https:\/\/www.visitbratislava.com\/de\/setzt\/slowakisches-nationalmuseum-naturwissenschaftliches-museum\/\">SNM-Naturwissenschaftliches Museum<\/a><br \/>\n<a href=\"https:\/\/www.visitbratislava.com\/de\/setzt\/archaologisches-museum\/\">SNM-Arch\u00e4ologisches Museum<\/a><br \/>\n<a href=\"https:\/\/www.visitbratislava.com\/de\/setzt\/slowakisches-nationalmuseum-museum-der-kultur-der-karpatendeutschen\/\">SNM-Museum der Kultur der Karpatendeutschen<\/a><br \/>\n<a href=\"https:\/\/www.visitbratislava.com\/de\/setzt\/slowakisches-nationalmuseum-museum-der-kultur-der-ungarn-der-slowakei\/\">SNM-Museum der Kultur der Ungarn in der Slowakei<\/a><br \/>\n<a href=\"https:\/\/www.visitbratislava.com\/de\/setzt\/slowakisches-nationalmuseum-museum-der-kultur-der-kroaten-der-slowakei\/\">SNM-Museum der Kultur der Kroaten in der Slowakei<\/a><br \/>\n<a href=\"https:\/\/www.visitbratislava.com\/de\/setzt\/slowakisches-nationalmuseum-museum-der-juedischen-kultur-bratislava\/\">SNM-Museum der j\u00fcdischen Kultur in der Slowakei<\/a><br \/>\n<a href=\"https:\/\/www.visitbratislava.com\/de\/attractions\/burg-cerveny-kamen\/\">SNM-Burg \u010cerven\u00fd Kame\u0148<\/a><\/p>\n<h3><strong>andere museen und gallerien<\/strong><\/h3>\n<p><a href=\"https:\/\/www.visitbratislava.com\/de\/setzt\/bunker-b-s-4\/\">Bunker BS-8<\/a><br \/>\n<a href=\"https:\/\/www.visitbratislava.com\/de\/setzt\/bunker-b-s-4\/\">Musem der tschechoslowakische Befestigunglage<\/a>\u2013\u00d6ffnung vorgesehen am 1. 7.<br \/>\n<a href=\"https:\/\/www.visitbratislava.com\/de\/setzt\/obchod-v-muzeu\/\">Laden im Museum<\/a>\u2013freistehende Exposition vom Handelsmuseum, gek\u00fcrzte \u00d6ffnungszeiten: Di. \u2013 Fr.: 10:30 \u2013 16:00, Sa.: 10:00 \u2013 14:00, So. \u2013 Mo.: geschlossen<br \/>\n<a href=\"https:\/\/www.visitbratislava.com\/de\/setzt\/juedisches-gemeindenmuseum\/\">J\u00fcdische Gemeindemuseum<\/a> \u2013 \u00d6ffnung vorgesehen im Mitte Juni<br \/>\n<a href=\"https:\/\/www.visitbratislava.com\/de\/setzt\/transport-museum\/\">Verkehrsmuseum<\/a><br \/>\n<a href=\"https:\/\/www.visitbratislava.com\/de\/setzt\/kleinkarpaten-museum-pezinok\/\">Kleinkarpaten-Museum<\/a> \u2013 Max. 10 Personen pro Gruppe, gek\u00fcrzte \u00d6ffnungszeiten: Mo. \u2013Fr.: 9:00 \u2013 16:00, Sa.: 10:00 \u2013 17:00, So.: 14:00 \u2013 17:00<br \/>\n<a href=\"https:\/\/www.visitbratislava.com\/de\/setzt\/slowakische-nationalgalerie\/\">Slowakische Nationalgalerie<\/a><br \/>\n<a href=\"https:\/\/www.visitbratislava.com\/de\/setzt\/galerie-der-stadt-bratislava-mirbach-palais-palffy-palais\/\">Galerie der Stadt Bratislava &#8211; Mirbach Palais<\/a><br \/>\n<a href=\"https:\/\/www.visitbratislava.com\/de\/setzt\/palais-palffy\/\">Galerie der Stadt Bratislava &#8211; P\u00e1lffy Palais<\/a><br \/>\n<a href=\"https:\/\/www.visitbratislava.com\/de\/setzt\/primatialpalais\/\">Primatialpalais<\/a><br \/>\n<a href=\"https:\/\/www.visitbratislava.com\/de\/setzt\/galerie-nedbalka\/\">Galerie Nedbalka<\/a><br \/>\n<a href=\"https:\/\/www.visitbratislava.com\/de\/setzt\/danubiana-meulensteen-art-museum\/\">Danubiana Meulensteen Art Museum<\/a>\u00a0\u2013\u00a0 Kaffee im Umbau<br \/>\n<a href=\"https:\/\/www.visitbratislava.com\/de\/setzt\/bibiana\/\">Bibiana<\/a>\u00a0\u2013 nur kleine Gallerie ge\u00f6ffnet, Exposition: Die sch\u00f6nsten B\u00fccher der Slowakei, Di. \u2013 So.: 10:00 \u2013 17:00<br \/>\nGal\u00e9ria \u00da\u013dUV<br \/>\nGal\u00e9ria Umelka<\/p>\n<h2><strong>andere GE\u00d6FFNETE attraktionen<\/strong><\/h2>\n<p>*Wenn nicht anders angegeben, alle Attraktionen arbeiten im Standardbetrieb<\/p>\n<h3><strong>rundg\u00e4nge<\/strong><\/h3>\n<p>*maskenpflicht und 2-Meter Abstand bei Rundg\u00e4ngen<\/p>\n<p><a href=\"https:\/\/www.visitbratislava.com\/de\/mitglieder\/tour4u\/\">Tour4u<\/a>\u00a0\u2013 nur Rundg\u00e4nge f\u00fcr organisieret Gruppen bis 10 Personen, ab Juli auch Rundg\u00e4nge f\u00fcr Individuellen und Gruppen bis 25 Personen<br \/>\n<a href=\"https:\/\/www.visitbratislava.com\/de\/dienstleistungen\/bratislava-food-tour\/\">Luka tours<\/a>\u00a0\u2013 Rundg\u00e4nge auf Kundenanfrage<br \/>\n<a href=\"https:\/\/www.visitbratislava.com\/de\/mitglieder\/taste-bratislava\/\">Taste Bratislava<\/a>\u00a0\u2013 alle Rundg\u00e4nge verf\u00fcgbar<br \/>\n<a href=\"https:\/\/www.visitbratislava.com\/de\/mitglieder\/blue-danube-tours\/\">Blue Danube Tours<\/a>\u00a0\u2013 B\u00fcro ge\u00f6ffnet ab Mitte Juni, Rundg\u00e4nge bis 15 Kunden per 1 F\u00fchrer, max. 30 Kunden im Bus, Gruppen mit Anreise per Schiff nur mit Abholung und R\u00fcckkehr vom F\u00fchrer<br \/>\n<a href=\"https:\/\/www.visitbratislava.com\/de\/mitglieder\/authentic-slovakia-s-r-o\/\">Authentic Slovakia<\/a>\u00a0\u2013 nur Post-Kommunistische Bratislava mit Skoda-Fahrt verf\u00fcgbar<br \/>\n<a href=\"https:\/\/www.tripinslovakia.com\/\">Trip in Slovakia<\/a>\u00a0\u2013 auf Bestellung verf\u00fcgbar Rundg\u00e4nge vom weiteren Stadtzentrum, in die Umgebung oder durch die Slowakei<br \/>\n<a href=\"https:\/\/www.visitbratislava.com\/de\/mitglieder\/gorunning-tours-bratislava\/\">Go RunningTours<\/a>\u00a0\u2013 alle Rundg\u00e4nge verf\u00fcgbar<br \/>\n<a href=\"https:\/\/www.visitbratislava.com\/de\/dienstleistungen\/bunker-fahrt\/\">X-cursion prehliadka Jazda po \u017eeleznej opone<\/a>\u00a0\u2013 nur auf Bestellung f\u00fcr 5 \u2013 8 Personen<br \/>\n<a href=\"https:\/\/www.visitbratislava.com\/de\/mitglieder\/tripito-reisebuero\/\">Tripito<\/a>\u00a0\u2013 Rundg\u00e4nge auf Kundenanfrage<br \/>\n<a href=\"https:\/\/www.visitbratislava.com\/de\/mitglieder\/paxtravel-s-r-o\/\">CK Paxtravel<\/a><br \/>\n<a href=\"https:\/\/www.visitbratislava.com\/de\/mitglieder\/ing-jitka-spillerova-dowina\/\">Dowina<\/a>\u00a0\u2013 Rundg\u00e4nge auf Kundenanfrage<br \/>\n<a href=\"https:\/\/www.visitbratislava.com\/de\/mitglieder\/ms-agency-s-r-o\/\">MS Agency<\/a>\u00a0\u2013 Rundg\u00e4nge auf Kundenanfrage<br \/>\n<a href=\"https:\/\/www.visitbratislava.com\/de\/dienstleistungen\/segway-stadttour\/\">Bratislava segway<\/a>\u00a0\u2013 Rundg\u00e4nge auf Bestellung<\/p>\n<h3><strong>donauf\u00e4hrte<\/strong><\/h3>\n<p>*maskenpflicht und 2-Meter Abstand bei Fahrten<\/p>\n<p><a href=\"https:\/\/www.visitbratislava.com\/de\/dienstleistungen\/twin-city-liner-nach-wien-und-zurueck\/\">Twin City Liner<\/a>\u00a0\u2013 momentan nur Binnenverkehr in \u00d6sterreich, es ist notwendig rechtzeitig im Voraus anzukommen, 2-Meter Abstand auf dem Schiff,\u00a0R\u00fcckfahrten nach Wien werden ab dem 1. August einmal t\u00e4glich durchgef\u00fchrt<br \/>\n<a href=\"https:\/\/www.visitbratislava.com\/de\/mitglieder\/donaufahrten\/\">L. O. D.<\/a>\u00a0\u2013 verf\u00fcgbare F\u00e4hrte: Fahrt in Bratislava und Bratislava \u2013 Dev\u00edn \u2013 Bratislava, Kartenzahlung bevorzugt, es ist notwendig rechtzeitig im Voraus anzukommen<br \/>\n<a href=\"https:\/\/www.visitbratislava.com\/de\/mitglieder\/hot-chilli-lode-s-r-o\/\">Hot chilli lode<\/a>\u00a0\u2013 verf\u00fcgbar nur F\u00e4hrte mit Motorboot in der Slowakei<br \/>\n<a href=\"https:\/\/www.visitbratislava.com\/de\/mitglieder\/hot-chilli-lode-s-r-o\/\">Hot chilli lode<\/a>\u00a0\u2013 Ab 1.7. Betrieb von Propeler wiederhergestellt am Wochenenden<br \/>\n<a href=\"https:\/\/www.visitbratislava.com\/de\/mitglieder\/tour4u\/\">Tour4U<\/a>\u00a0\u2013 verf\u00fcgbar nur F\u00e4hrte mit Motorboot in der Slowakei<br \/>\nWasseportzentrum \u2013 momentan verf\u00fcgbar nur Schiffbarmachungen auf Bestellung<\/p>\n<h3><strong>freizeitanlagen und -aktivit\u00e4ten<\/strong><\/h3>\n<p>*2-Meter Abstand und Maskenpflicht in Innenbereichen<\/p>\n<p><a href=\"https:\/\/www.visitbratislava.com\/de\/setzt\/ufo\/\">Aussichtspunkt UFO<\/a>\u00a0\u2013 \u00a0t\u00e4glich ge\u00f6ffnet mit Standard\u00f6ffnungszeiten, Sonderangebot im Juni f\u00fcr Heimbewohner (Familien mit Kindern) f\u00fcr Aussicht<br \/>\n<a href=\"https:\/\/www.visitbratislava.com\/de\/setzt\/kamzik\/\">Aussichtspunkt Kamz\u00edk<\/a>\u00a0 \u2013 ge\u00f6ffnet: Mi. \u2013 Do.: 11.00 \u2013 20.00, Fr. \u2013 So.: 11.00 \u2013 21.00<br \/>\n<a href=\"https:\/\/www.visitbratislava.com\/de\/setzt\/zoo\/\">ZOO Bratislava<\/a>\u00a0\u2013 t\u00e4glich ge\u00f6ffnet mit Standard\u00f6ffnungszeiten<br \/>\n<a href=\"https:\/\/www.visitbratislava.com\/de\/setzt\/galerie-multium\/\">Gal\u00e9rie Multium<\/a>\u00a0\u2013 t\u00e4glich ge\u00f6ffnet mit Standard\u00f6ffnungszeiten<br \/>\n<a href=\"https:\/\/www.visitbratislava.com\/de\/setzt\/die-galerie-fuer-optische-taeuschungen-und-illusionen-tripland\/\">Tripland<\/a>\u00a0\u2013 beschr\u00e4nkter Betrieb im Juni (Mittwoch, Freitag, Samstag, Sonntag), Standard\u00f6ffnungszeiten, nur mit Online-Buchung<br \/>\n<a href=\"https:\/\/card.visitbratislava.com\/de\/discount\/slovak-photo-3\/\">Slovak Photo ateli\u00e9r<\/a>\u00a0\u2013 ge\u00f6ffnet nur mit Online-Buchung, Fotografieren m\u00f6glich nur f\u00fcr Individuelle oder Mitglieder derselben Familie oder desselben Haushalts<br \/>\n<a href=\"https:\/\/www.bnc-sk.sk\/\">Bowlingov\u00e9 n\u00e1rodn\u00e9 centrum<\/a>\u00a0\u2013 Bowling m\u00f6glich nur f\u00fcr Klubmitglieder, f\u00fcr die \u00d6ffentlichkeit derzeit geschlossen<br \/>\n<a href=\"https:\/\/www.visitbratislava.com\/de\/setzt\/brainteaselava-escape-room\/\">Brainteaselava<\/a>\u00a0\u2013Escape-Room derzeit nicht verf\u00fcgbar, City-Game-Besichtigung auf Bestellung<br \/>\n<a href=\"https:\/\/www.visitbratislava.com\/de\/setzt\/skywalk\/\">Skywalk<\/a>\u00a0\u2013 Aktivit\u00e4t verf\u00fcgbar in Standardterminen, Buchung notwendig<br \/>\n<a href=\"https:\/\/www.visitbratislava.com\/de\/sportausflug\/\">Kyvadlov\u00fd zoskok z mosta Lafranconi<\/a><br \/>\n<a href=\"https:\/\/www.visitbratislava.com\/de\/setzt\/hangair\/\">Hangair<\/a><br \/>\n<a href=\"https:\/\/lezeckecentrum.sk\/en\/home\/\">Lezeck\u00e9 centrum Vertigo<\/a><br \/>\n<a href=\"https:\/\/www.facebook.com\/pg\/warlords.sk\/posts\/\">Warlordspaintballclub<\/a><br \/>\n<a href=\"https:\/\/www.laserarena.sk\/\">Laser arena<\/a><br \/>\n<a href=\"https:\/\/www.kartonearena.sk\/en\/\">Kartone ar\u00e9na<\/a>\u00a0\u2013 beschr\u00e4nkte \u00d6ffnungszeiten im Juni: Mo. \u2013 Sa.: 12:00 \u2013 22:00<br \/>\n<a href=\"http:\/\/www.motokary.sk\/?j=2\">Motok\u00e1ry max 60<\/a>\u00a0\u2013 beschr\u00e4nkte \u00d6ffnungszeiten: Mo. \u2013 Fr.: 12:00 \u2013 22:00, Sa. \u2013 So.: 11:00 \u2013 22:00<br \/>\n<a href=\"https:\/\/www.tarzania.sk\/\">Tarz\u00e1nia<\/a>\u00a0\u2013 beschr\u00e4nkte \u00d6ffnungszeiten (wetterabh\u00e4ngig): Mo. \u2013 Fr.: 13:00 \u2013 20:00, Sa. \u2013 So.: 10:00 \u2013 20:00<br \/>\n<a href=\"https:\/\/www.lanoland.sk\/\">Lanoland<\/a>\u00a0\u2013 \u00d6ffnung vorgesehen im Mitte Juni<br \/>\n<a href=\"https:\/\/www.visitbratislava.com\/de\/setzt\/wakelake\/\">Wakelake<\/a>\u00a0\u2013 beschr\u00e4nkte \u00d6ffnungszeiten im Juni: Mo. \u2013 So. 9:00 \u2013 20:30<br \/>\n<a href=\"https:\/\/www.visitbratislava.com\/de\/setzt\/slovenska-filharmonia\/\">Slowakische Philharmonie<\/a> \u2013 Kasse ge\u00f6ffnet am Dienstag, Mittwoch und Donnerstag von 13:00 bis 17:00, Konzerte im Juni abgesagt, 4 Sonderkonzerte mit Publikum (Gesundheitsfachkr\u00e4fte bevorzugt als Dankesch\u00f6n) am 9. 6., 16. 6., 23. 6. und 30.6., verf\u00fcgbar auch online, \u00a0Sitzung im Styl von Schachbrett<br \/>\n<a href=\"https:\/\/www.visitbratislava.com\/de\/setzt\/slowakisches-nationaltheater\/\">Slowakisches Nationaltheater<\/a>\u00a0\u2013 Vorstellungen im Juni abgesagt, Kasse geschlossen, Er\u00f6ffnung der neuen Saison im September<br \/>\n<a href=\"https:\/\/www.visitbratislava.com\/de\/setzt\/red-cat-cabaret-club\/\">Red Cat Cabaret<\/a>\u00a0\u2013 derzeit keine Kabarettvorstellungen, erste Vorstellungen verf\u00fcgbar ab Mitte August, offizielle Er\u00f6ffnung der neuen Saison am 11. oder 12. September<br \/>\n<a href=\"https:\/\/www.visitbratislava.com\/de\/setzt\/botanischer-garten\/\">Botanischer Garten<\/a>\u00a0\u2013 nur Au\u00dfenanlage und Treibhaus verf\u00fcgbar, Eintritt verboten im Falle der Symptomen von Atemwegserkrankungen<br \/>\n<a href=\"https:\/\/www.visitbratislava.com\/de\/setzt\/divoka-voda-cunovo-wildwasser-cunovo\/\">Wildwasser \u010cunovo<\/a>\u00a0\u2013 in vollem Betrieb mit Unterkunft und Verpflegung<br \/>\n<a href=\"https:\/\/www.visitbratislava.com\/de\/setzt\/wissenschafts-erlebniszentrum-aurelium\/\">Wissenschafts-Erlebniszentrum Aurelium<\/a> \u2013ge\u00f6ffnet mit Standard\u00f6ffnungszeiten, geschlossen von 10. bis 18. 6.<br \/>\n<a href=\"https:\/\/www.visitbratislava.com\/de\/setzt\/skilift-zelezna-studienka\/\">Skilift\u00a0 \u017delezn\u00e1 studni\u010dka \u2013 Kamz\u00edk<\/a>\u00a0\u2013 arbeitet immer von Mittwoch bis Sonntag jede Stunde von 10:00 bis 18:00, die letzte Fahrt in beiden Richtungen um 17:45, die letzte Fahrt in einer Richtung um 18:00, Maskenpflicht nur an der Kasse und beim Einstieg, kein Maskenpflicht w\u00e4hrend der Fahrt<br \/>\n<a href=\"http:\/\/www.bobodraha.sk\/Bobodraha\/Vitajte.html\">Bobov\u00e1 dr\u00e1ha Koliba<\/a>\u00a0\u2013 verf\u00fcgbar w\u00e4hrend der Standard\u00f6ffnungszeiten, d.h. am Wochenenden von 10:00 bis 18:00, Maskenpflicht nur an der Kasse und beim Einstieg, kein Maskenpflicht w\u00e4hrend der Fahrt<br \/>\n<a href=\"https:\/\/www.visitbratislava.com\/de\/setzt\/die-kathedrale-des-heiligen-martin\/\">Kathedrale des heiligen Martin<\/a> \u2013 Besichtigung von Kathedrale m\u00f6glich t\u00e4glich w\u00e4hrend der Standard\u00f6ffnungszeiten, Schatzkammer bis auf Widerruf geschlossen<br \/>\n<a href=\"https:\/\/www.visitbratislava.com\/de\/setzt\/blaue-kirche\/\">Blaue Kirche<\/a>\u00a0\u2013 verf\u00fcgbar nur f\u00fcr den Gl\u00e4ubigen w\u00e4hrend Heiligen Messen, die Kirche wird 15 Minuten vor dem Beginn ge\u00f6ffnet, Eintritt nur auf die Einladung vom Kirchner, 2-Meter Mindestabstand w\u00e4hrend der Heiligen Messe, auch drau\u00dfen<br \/>\n<a href=\"https:\/\/www.visitbratislava.com\/de\/mitglieder\/renata-hermysova-majolika-r\/\">Majolika-R<\/a>\u00a0\u2013\u00a0 Besichtigungen f\u00fcr 3 -5 Personen verf\u00fcgbar ab 1.7.<br \/>\n<a href=\"https:\/\/www.majolika.sk\/\">Slovensk\u00e1 \u013eudov\u00e1 majolika<\/a>\u00a0\u2013 Exkursionen und Workshops verf\u00fcgbar<\/p>\n","protected":false},"excerpt":{"rendered":"<p>Liste der ge\u00f6ffneten Betriebe, Museen, Gallerien und anderen Sehensw\u00fcrdigkeiten.<\/p>\n","protected":false},"author":25,"featured_media":17374,"parent":0,"menu_order":0,"comment_status":"closed","ping_status":"closed","template":"","meta":[],"acf":[],"_links":{"self":[{"href":"https:\/\/www.visitbratislava.com\/de\/wp-json\/wp\/v2\/pages\/78915"}],"collection":[{"href":"https:\/\/www.visitbratislava.com\/de\/wp-json\/wp\/v2\/pages"}],"about":[{"href":"https:\/\/www.visitbratislava.com\/de\/wp-json\/wp\/v2\/types\/page"}],"author":[{"embeddable":true,"href":"https:\/\/www.visitbratislava.com\/de\/wp-json\/wp\/v2\/users\/25"}],"replies":[{"embeddable":true,"href":"https:\/\/www.visitbratislava.com\/de\/wp-json\/wp\/v2\/comments?post=78915"}],"version-history":[{"count":0,"href":"https:\/\/www.visitbratislava.com\/de\/wp-json\/wp\/v2\/pages\/78915\/revisions"}],"wp:featuredmedia":[{"embeddable":true,"href":"https:\/\/www.visitbratislava.com\/de\/wp-json\/wp\/v2\/media\/17374"}],"wp:attachment":[{"href":"https:\/\/www.visitbratislava.com\/de\/wp-json\/wp\/v2\/media?parent=78915"}],"curies":[{"name":"wp","href":"https:\/\/api.w.org\/{rel}","templated":true}]}}