{"id":125256,"date":"2021-06-01T13:29:07","date_gmt":"2021-06-01T11:29:07","guid":{"rendered":"https:\/\/www.visitbratislava.com\/top-10-di-bratislava\/"},"modified":"2025-01-27T11:09:24","modified_gmt":"2025-01-27T10:09:24","slug":"top-10-pozsonyban","status":"publish","type":"page","link":"https:\/\/www.visitbratislava.com\/hu\/top-10-pozsonyban\/","title":{"rendered":"Top 10 Pozsonyban"},"content":{"rendered":"<p>Ha kir\u00e1ndul\u00e1st tervez a f\u0151v\u00e1rosba, ne hagyja ki a k\u00f6vetkez\u0151 TOP eml\u00e9km\u0171veket \u00e9s attrakci\u00f3kat, melyek kiv\u00e9teless\u00e9 teszik Pozsonyt.\u00a0S\u00e9t\u00e1ljon Pozsonyban a t\u00f6rt\u00e9nelmi R\u00e9gi V\u00e1rosh\u00e1z\u00e1t\u00f3l eg\u00e9szen a modern UFO-ig. Az eml\u00edtett turistaattrakci\u00f3k megl\u00e1togat\u00e1sa n\u00e9lk\u00fcl egyszer\u0171en nem lehet elmenni Pozsonyb\u00f3l. N\u00e9melyik\u00fck teljesen ingyenes, vagy elfogadhat\u00f3 d\u00edjat kell fizetni, mik\u00f6zben kihaszn\u00e1lhatja a kedvezm\u00e9nyes bel\u00e9p\u0151jegyet is. Akkor tesz legjobban, ha vesz\u00a0<strong>Bratislava Card City &amp; Region<\/strong> k\u00e1rty\u00e1t. Nem csak hogy ingyenesen utazhat Pozsonyban, de sok egy\u00e9b kedvezm\u00e9nyt \u00e9s engedm\u00e9nyt is szerez.<\/p>\n<h3><a href=\"https:\/\/www.visitbratislava.com\/hu\/places\/a-pozsonyi-var\/\" target=\"_blank\" rel=\"noopener\">1. A POZSONYI V\u00c1R<\/a><\/h3>\n<p>Eredetileg az uralkod\u00f3k sz\u00e9khelye, ma Pozsony jelk\u00e9pe \u00e9s a T\u00f6rt\u00e9neti M\u00fazeum helysz\u00edne. A 47 m\u00e9ter magas korona-torny\u00e1b\u00f3l, ahol valamikor a kir\u00e1lyi korona\u00e9kszereket tartott\u00e1k, csod\u00e1latos kil\u00e1t\u00e1s ny\u00edlik a v\u00e1rosra \u00e9s a szomsz\u00e9dos orsz\u00e1gokra.<\/p>\n<p><strong>Bel\u00e9p\u0151:<\/strong>14 \u20ac, a <a href=\"https:\/\/card.visitbratislava.com\/\" target=\"_blank\" rel=\"noopener\">Bratislava Card<\/a> \u00e1ltal, 100%-os kedvezm\u00e9ny<\/p>\n<p><img loading=\"lazy\" width=\"800\" height=\"541\" class=\"size-large wp-image-114637 aligncenter\" src=\"https:\/\/www.visitbratislava.com\/wp-content\/uploads\/2014\/11\/HRADnew-800x541.jpg\" alt=\"\" srcset=\"https:\/\/www.visitbratislava.com\/wp-content\/uploads\/2014\/11\/HRADnew-800x541.jpg 800w, https:\/\/www.visitbratislava.com\/wp-content\/uploads\/2014\/11\/HRADnew-400x271.jpg 400w, https:\/\/www.visitbratislava.com\/wp-content\/uploads\/2014\/11\/HRADnew-200x135.jpg 200w, https:\/\/www.visitbratislava.com\/wp-content\/uploads\/2014\/11\/HRADnew.jpg 1181w\" sizes=\"(max-width: 800px) 100vw, 800px\" \/><\/p>\n<h3><a href=\"https:\/\/www.visitbratislava.com\/hu\/places\/szent-marton-dom\/\" target=\"_blank\" rel=\"noopener\">2. SZENT M\u00c1RTON-D\u00d3M<\/a><\/h3>\n<p>15. sz\u00e1zadi h\u00e1romhaj\u00f3s g\u00f3tikus templom, egykori koron\u00e1z\u00f3-templom. A sz\u00f3ban forg\u00f3 dics\u0151 id\u0151kre eml\u00e9keztet a koron\u00e1z\u00f3 korona hasonm\u00e1sa, amely a templomtorony cs\u00facs\u00e1n l\u00e1that\u00f3 85 m\u00e9teres magass\u00e1gban, \u00e9s amely s\u00falya 150 kilogramm.<\/p>\n<p><img loading=\"lazy\" width=\"800\" height=\"533\" class=\"size-large wp-image-73596 aligncenter\" src=\"https:\/\/www.visitbratislava.com\/wp-content\/uploads\/2020\/01\/Dekan-komparz-D\u00f3m-leisure-p\u00e1r-Rudnayovo-goodmood-800x533.jpg\" alt=\"\" srcset=\"https:\/\/www.visitbratislava.com\/wp-content\/uploads\/2020\/01\/Dekan-komparz-D\u00f3m-leisure-p\u00e1r-Rudnayovo-goodmood-800x533.jpg 800w, https:\/\/www.visitbratislava.com\/wp-content\/uploads\/2020\/01\/Dekan-komparz-D\u00f3m-leisure-p\u00e1r-Rudnayovo-goodmood-400x267.jpg 400w, https:\/\/www.visitbratislava.com\/wp-content\/uploads\/2020\/01\/Dekan-komparz-D\u00f3m-leisure-p\u00e1r-Rudnayovo-goodmood-768x512.jpg 768w, https:\/\/www.visitbratislava.com\/wp-content\/uploads\/2020\/01\/Dekan-komparz-D\u00f3m-leisure-p\u00e1r-Rudnayovo-goodmood-200x133.jpg 200w\" sizes=\"(max-width: 800px) 100vw, 800px\" \/><\/p>\n<h3><a href=\"https:\/\/www.visitbratislava.com\/hu\/places\/regi-varoshaza\/\" target=\"_blank\" rel=\"noopener\">3. R\u00c9GI V\u00c1ROSH\u00c1ZA<\/a><\/h3>\n<p>Eredetileg a v\u00e1rosi \u00f6nkorm\u00e1nyzat sz\u00e9khelye, 1868-t\u00f3l Szlov\u00e1kia legr\u00e9gebbi m\u00fazeum\u00e1nak, Pozsony V\u00e1ros M\u00fazeum\u00e1nak a sz\u00e9khelye. A 45 m\u00e9ter magas torny\u00e1ba vezet\u0151 l\u00e9pcs\u0151ket legy\u0151zve az \u00d3v\u00e1ros csod\u00e1latos panoramatikus l\u00e1tv\u00e1nya fogad.<\/p>\n<p><strong>Bel\u00e9p\u0151<\/strong>: 7 \u20ac, a<a href=\"https:\/\/card.visitbratislava.com\/\" target=\"_blank\" rel=\"noopener\"> Bratislava Card<\/a> \u00e1ltal, 100%-os kedvezm\u00e9ny<\/p>\n<p><img loading=\"lazy\" width=\"800\" height=\"468\" class=\"size-large wp-image-4736 aligncenter\" src=\"https:\/\/www.visitbratislava.com\/wp-content\/uploads\/2015\/04\/viva_musica_namestie_radnica-e1456840058958-800x468.jpg\" alt=\"\" srcset=\"https:\/\/www.visitbratislava.com\/wp-content\/uploads\/2015\/04\/viva_musica_namestie_radnica-e1456840058958-800x468.jpg 800w, https:\/\/www.visitbratislava.com\/wp-content\/uploads\/2015\/04\/viva_musica_namestie_radnica-e1456840058958-400x234.jpg 400w, https:\/\/www.visitbratislava.com\/wp-content\/uploads\/2015\/04\/viva_musica_namestie_radnica-e1456840058958-200x117.jpg 200w, https:\/\/www.visitbratislava.com\/wp-content\/uploads\/2015\/04\/viva_musica_namestie_radnica-e1456840058958-768x449.jpg 768w\" sizes=\"(max-width: 800px) 100vw, 800px\" \/><\/p>\n<h3><a href=\"https:\/\/www.visitbratislava.com\/hu\/places\/primaspalota\/\" target=\"_blank\" rel=\"noopener\">4. PR\u00cdM\u00c1SPALOTA \/PRIMACI\u00c1LNY PAL\u00c1C\/<\/a><\/h3>\n<p>Klasszicista palota a 18. sz\u00e1zadb\u00f3l, ahol Nap\u00f3leon szlavkovi gy\u0151zedelm\u00e9t k\u00f6vet\u0151en a francia \u00e9s az osztr\u00e1k cs\u00e1sz\u00e1r k\u00e9pvisel\u0151i al\u00e1\u00edrt\u00e1k a Pozsonyi B\u00e9ke nev\u0171 t\u00f6rt\u00e9nelmi egyezm\u00e9nyt. Jelenleg egy ki\u00e1ll\u00edt\u00e1s helysz\u00edne, amely egyedi, 6 db 17. sz\u00e1zadi angol tapisz\u00e9ria-gy\u0171jtem\u00e9nynek, valamint a Szlov\u00e1k K\u00f6zt\u00e1rsas\u00e1g F\u0151v\u00e1rosa polg\u00e1rmester\u00e9nek ad helyet.<\/p>\n<p><strong>Bel\u00e9p\u0151:<\/strong> 3 \u20ac, a <a href=\"https:\/\/card.visitbratislava.com\/\" target=\"_blank\" rel=\"noopener\">Bratislava Card<\/a> \u00e1ltal, 20%-os kedvezm\u00e9ny<\/p>\n<p><img loading=\"lazy\" width=\"800\" height=\"515\" class=\"size-large wp-image-25960 aligncenter\" src=\"https:\/\/www.visitbratislava.com\/wp-content\/uploads\/2016\/11\/primacialny-800x515.jpg\" alt=\"\" srcset=\"https:\/\/www.visitbratislava.com\/wp-content\/uploads\/2016\/11\/primacialny-800x515.jpg 800w, https:\/\/www.visitbratislava.com\/wp-content\/uploads\/2016\/11\/primacialny-400x258.jpg 400w, https:\/\/www.visitbratislava.com\/wp-content\/uploads\/2016\/11\/primacialny-768x495.jpg 768w, https:\/\/www.visitbratislava.com\/wp-content\/uploads\/2016\/11\/primacialny-200x129.jpg 200w, https:\/\/www.visitbratislava.com\/wp-content\/uploads\/2016\/11\/primacialny.jpg 1200w\" sizes=\"(max-width: 800px) 100vw, 800px\" \/><\/p>\n<h3>5. MIH\u00c1LY-KAPU<\/h3>\n<p>A 14. sz\u00e1zadi v\u00e1rosi er\u0151d\u00edtm\u00e9ny egyetlen megmaradt kapuja. Az 51 m\u00e9ter magas torony fels\u0151 terasz\u00e1r\u00f3l remek kil\u00e1t\u00e1s ny\u00edlik a pozsonyi v\u00e1rra \u00e9s az \u00d3v\u00e1rosra. A toronyban Fegyverm\u00fazeum tal\u00e1lhat\u00f3.<\/p>\n<p><strong>Bel\u00e9p\u0151:<\/strong>4,50 \u20ac, a <a href=\"https:\/\/card.visitbratislava.com\/\" target=\"_blank\" rel=\"noopener\">Bratislava Card<\/a> \u00e1ltal, 100%-os kedvezm\u00e9ny<\/p>\n<p><img loading=\"lazy\" width=\"800\" height=\"533\" class=\"aligncenter size-large wp-image-62821\" src=\"https:\/\/www.visitbratislava.com\/wp-content\/uploads\/2019\/07\/eurovea-danube-fest-2-800x533.jpg\" alt=\"\" srcset=\"https:\/\/www.visitbratislava.com\/wp-content\/uploads\/2019\/07\/eurovea-danube-fest-2-800x533.jpg 800w, https:\/\/www.visitbratislava.com\/wp-content\/uploads\/2019\/07\/eurovea-danube-fest-2-400x267.jpg 400w, https:\/\/www.visitbratislava.com\/wp-content\/uploads\/2019\/07\/eurovea-danube-fest-2-768x512.jpg 768w, https:\/\/www.visitbratislava.com\/wp-content\/uploads\/2019\/07\/eurovea-danube-fest-2-200x133.jpg 200w\" sizes=\"(max-width: 800px) 100vw, 800px\" \/><\/p>\n<h3><a href=\"https:\/\/www.visitbratislava.com\/hu\/places\/grassalkovich-palota\/\" target=\"_blank\" rel=\"noopener\">6. GRASSALKOVICH-PALOTA \/GRASALKOVI\u010cOV PAL\u00c1C\/<\/a><\/h3>\n<p>A 18. sz\u00e1zadi rokok\u00f3 ny\u00e1ri palota a m\u00faltban gazdag t\u00e1rsas\u00e1gi \u00e9let\u00e9r\u0151l volt h\u00edres, Joseph Haydn is koncertezett itt. 1996-t\u00f3l a Szlov\u00e1k K\u00f6zt\u00e1rsas\u00e1g eln\u00f6k\u00e9nek sz\u00e9khelye.<\/p>\n<p><img loading=\"lazy\" width=\"800\" height=\"506\" class=\"aligncenter size-full wp-image-103342\" src=\"https:\/\/www.visitbratislava.com\/wp-content\/uploads\/2021\/04\/Molnar_Prezidentsky-palac.jpg\" alt=\"\" srcset=\"https:\/\/www.visitbratislava.com\/wp-content\/uploads\/2021\/04\/Molnar_Prezidentsky-palac.jpg 800w, https:\/\/www.visitbratislava.com\/wp-content\/uploads\/2021\/04\/Molnar_Prezidentsky-palac-400x253.jpg 400w, https:\/\/www.visitbratislava.com\/wp-content\/uploads\/2021\/04\/Molnar_Prezidentsky-palac-768x486.jpg 768w, https:\/\/www.visitbratislava.com\/wp-content\/uploads\/2021\/04\/Molnar_Prezidentsky-palac-200x127.jpg 200w\" sizes=\"(max-width: 800px) 100vw, 800px\" \/><\/p>\n<h3><a href=\"https:\/\/www.visitbratislava.com\/hu\/places\/szent-erzsebet-templom\/\" target=\"_blank\" rel=\"noopener\">7. K\u00c9K TEMPLOM<\/a><\/h3>\n<p>A 20. sz\u00e1zad elej\u00e9r\u0151l sz\u00e1rmaz\u00f3 szeccesszi\u00f3s Szent Erzs\u00e9bet-templom a k\u00e9k sz\u00edne \u00e1ltal jellegzetes. A homlokzata r\u00e9szletesen kidolgozott, gyakorta mozaikot haszn\u00e1lva. A h\u00e1zass\u00e1gk\u00f6t\u00e9sek \u00e9s keresztel\u0151k kedvelt sz\u00ednhelye.<\/p>\n<p><img loading=\"lazy\" width=\"800\" height=\"531\" class=\"size-large wp-image-125381 aligncenter\" src=\"https:\/\/www.visitbratislava.com\/wp-content\/uploads\/2015\/02\/modry_kostolik01-800x531.jpg\" alt=\"Blue Church\" srcset=\"https:\/\/www.visitbratislava.com\/wp-content\/uploads\/2015\/02\/modry_kostolik01-800x531.jpg 800w, https:\/\/www.visitbratislava.com\/wp-content\/uploads\/2015\/02\/modry_kostolik01-400x266.jpg 400w, https:\/\/www.visitbratislava.com\/wp-content\/uploads\/2015\/02\/modry_kostolik01-200x133.jpg 200w\" sizes=\"(max-width: 800px) 100vw, 800px\" \/><\/p>\n<h3><a href=\"https:\/\/www.visitbratislava.com\/hu\/places\/szlavin\/\" target=\"_blank\" rel=\"noopener\">8. SZLAV\u00cdN \/SLAV\u00cdN\/<\/a><\/h3>\n<p>K\u00f6z\u00e9p-Eur\u00f3pa legnagyobb h\u00e1bor\u00fas eml\u00e9km\u0171ve az 52 m\u00e9teres magass\u00e1g\u00e1nak k\u00f6sz\u00f6nhet\u0151en a v\u00e1ros egyik domin\u00e1ns objektuma. A szovjet hadsereg 6 845 katon\u00e1ja van itt eltemetve, akik a m\u00e1sodik vil\u00e1gh\u00e1bor\u00fa alatt Pozsony felszabad\u00edt\u00e1s\u00e1n\u00e1l estek el.<\/p>\n<p><img loading=\"lazy\" width=\"800\" height=\"530\" class=\"size-large wp-image-61741 aligncenter\" src=\"https:\/\/www.visitbratislava.com\/wp-content\/uploads\/2019\/06\/slavin-800x530.jpg\" alt=\"\" srcset=\"https:\/\/www.visitbratislava.com\/wp-content\/uploads\/2019\/06\/slavin-800x530.jpg 800w, https:\/\/www.visitbratislava.com\/wp-content\/uploads\/2019\/06\/slavin-400x265.jpg 400w, https:\/\/www.visitbratislava.com\/wp-content\/uploads\/2019\/06\/slavin-768x509.jpg 768w, https:\/\/www.visitbratislava.com\/wp-content\/uploads\/2019\/06\/slavin-200x132.jpg 200w\" sizes=\"(max-width: 800px) 100vw, 800px\" \/><\/p>\n<h3><a href=\"https:\/\/www.visitbratislava.com\/hu\/places\/zsido-zsinagoga\/\" target=\"_blank\" rel=\"noopener\">9. ZSINAG\u00d3GA<\/a><\/h3>\n<p>A zsinag\u00f3ga kubista st\u00edlusban \u00e9p\u00fclt 1923 \u2013 1926 k\u00f6z\u00f6tt Szalatnai-Slatinsky Art\u00far \u00e9p\u00edt\u00e9sz tervei szerint. A zsid\u00f3 k\u00f6z\u00f6ss\u00e9g m\u00fazeum\u00e1nak \u00e1lland\u00f3 ki\u00e1ll\u00edt\u00e1sa, amely az \u00e9p\u00fclet els\u0151 emelet\u00e9n l\u00e1that\u00f3, a ny\u00e1ri id\u0151szak alatt nyitva van a nyilv\u00e1noss\u00e1g sz\u00e1m\u00e1ra.<\/p>\n<p><strong>Bel\u00e9p\u0151<\/strong>: 6 \u20ac, a <a href=\"https:\/\/card.visitbratislava.com\/\" target=\"_blank\" rel=\"noopener\">Bratislava Card<\/a> \u00e1ltal, 50%-os kedvezm\u00e9ny<\/p>\n<h3><img loading=\"lazy\" width=\"750\" height=\"500\" class=\"size-full wp-image-125390 aligncenter\" src=\"https:\/\/www.visitbratislava.com\/wp-content\/uploads\/2016\/03\/zidovska.jpg\" alt=\"\" srcset=\"https:\/\/www.visitbratislava.com\/wp-content\/uploads\/2016\/03\/zidovska.jpg 750w, https:\/\/www.visitbratislava.com\/wp-content\/uploads\/2016\/03\/zidovska-400x267.jpg 400w, https:\/\/www.visitbratislava.com\/wp-content\/uploads\/2016\/03\/zidovska-200x133.jpg 200w\" sizes=\"(max-width: 750px) 100vw, 750px\" \/><\/h3>\n<h3><a href=\"https:\/\/www.visitbratislava.com\/hu\/places\/ufo-watch-taste-groove\/\" target=\"_blank\" rel=\"noopener\">10. UFO<\/a><\/h3>\n<p>Egyed\u00fcl\u00e1ll\u00f3 kil\u00e1t\u00e1s a Szlov\u00e1k Nemzeti Felkel\u00e9s-h\u00eddj\u00e1nak a pilonjain 95 m\u00e9ter magasban, meglep\u0151 kil\u00e1t\u00e1ssal a v\u00e1rosra, ahonn\u00e9t kb. 100 km-re ell\u00e1thatunk. Pozsonyban a legszebb napnyugt\u00e1t k\u00edn\u00e1lja, kulin\u00e1ris \u00e9lm\u00e9nnyel kombin\u00e1lva.<\/p>\n<p><strong>Bel\u00e9p\u0151:<\/strong> 9,90 \u20ac, a <a href=\"https:\/\/card.visitbratislava.com\/\" target=\"_blank\" rel=\"noopener\">Bratislava Card<\/a> \u00e1ltal, 25%-os kedvezm\u00e9ny<\/p>\n<p><img loading=\"lazy\" width=\"800\" height=\"450\" class=\"size-large wp-image-100554 aligncenter\" src=\"https:\/\/www.visitbratislava.com\/wp-content\/uploads\/2014\/09\/hrad-dunaj-ufo-lod-800x450.jpg\" alt=\"Castle, Dunaj, UFO, Boat\" srcset=\"https:\/\/www.visitbratislava.com\/wp-content\/uploads\/2014\/09\/hrad-dunaj-ufo-lod-800x450.jpg 800w, https:\/\/www.visitbratislava.com\/wp-content\/uploads\/2014\/09\/hrad-dunaj-ufo-lod-400x225.jpg 400w, https:\/\/www.visitbratislava.com\/wp-content\/uploads\/2014\/09\/hrad-dunaj-ufo-lod-200x113.jpg 200w\" sizes=\"(max-width: 800px) 100vw, 800px\" \/><\/p>\n<p><iframe src=\"https:\/\/www.google.com\/maps\/d\/embed?mid=1JeYaPG-l7wMux-U3Vtl-S95aDqo\" width=\"1000\" height=\"480\"><\/iframe><\/p>\n<h2>B\u00d3NUSZ:\u00a0V\u00c1ROSN\u00c9Z\u00c9SEK<\/h2>\n<p>A v\u00e1rosn\u00e9z\u00e9sek folyam\u00e1n sok \u00e9rdekess\u00e9get tudhat meg a v\u00e1ros t\u00f6rt\u00e9nelm\u00e9b\u0151l \u00e9s jelen\u00e9b\u0151l, \u00e9s egy\u00fattal csod\u00e1lhatja a palot\u00e1k, polg\u00e1ri h\u00e1zak \u00e9s egyh\u00e1zi \u00e9p\u00edtm\u00e9nyek pomp\u00e1s architekt\u00far\u00e1j\u00e1t.<\/p>\n<p><strong>Egy \u00f3r\u00e1s gyalogos v\u00e1rosn\u00e9z\u00e9s a t\u00f6rt\u00e9nelmi k\u00f6zpontban individu\u00e1lis \u00fcgyfelek r\u00e9sz\u00e9re | Ingyenesen a turistak\u00e1rtya tulajdonosainak<\/strong><\/p>\n<p>Tov\u00e1bbi v\u00e1rosn\u00e9z\u00e9sek:<\/p>\n<ul>\n<li>Bratislava \u2013 Pressburg \u2013 Pozsony \u2013 a t\u00f6rt\u00e9nelmi v\u00e1rosk\u00f6zpont megismer\u00e9se<\/li>\n<li>A koron\u00e1z\u00f3 Pozsony<\/li>\n<li>M\u00edtoszok, legend\u00e1k \u00e9s rejt\u00e9lyek a r\u00e9gi Pozsonyr\u00f3l<\/li>\n<li>Pozsony h\u00edres szem\u00e9lyei<\/li>\n<li>Pozsony M\u00e1ria Ter\u00e9zia uralkod\u00e1sa alatt<\/li>\n<li>A pozsonyi sz\u00f6k\u0151kutak<\/li>\n<li>A szakr\u00e1lis Pozsony<\/li>\n<li>A zsid\u00f3 Pozsony<\/li>\n<li>Pozsony \u2013 a zene v\u00e1rosa<\/li>\n<li>Pozsonyi k\u00f6rs\u00e9ta, v\u00e1rosn\u00e9z\u00e9s gyalog \u00e9s aut\u00f3busszal<\/li>\n<li>Kis-K\u00e1rp\u00e1ti k\u00f6rmenet<\/li>\n<\/ul>\n<p><img loading=\"lazy\" class=\"wp-image-125272 size-large aligncenter\" src=\"https:\/\/www.visitbratislava.com\/wp-content\/uploads\/2019\/07\/Turisti-z-hora-800x333.jpg\" alt=\"\" width=\"800\" height=\"333\" srcset=\"https:\/\/www.visitbratislava.com\/wp-content\/uploads\/2019\/07\/Turisti-z-hora-800x333.jpg 800w, https:\/\/www.visitbratislava.com\/wp-content\/uploads\/2019\/07\/Turisti-z-hora-400x167.jpg 400w, https:\/\/www.visitbratislava.com\/wp-content\/uploads\/2019\/07\/Turisti-z-hora-768x320.jpg 768w, https:\/\/www.visitbratislava.com\/wp-content\/uploads\/2019\/07\/Turisti-z-hora-200x83.jpg 200w\" sizes=\"(max-width: 800px) 100vw, 800px\" \/><\/p>\n<h2>TOV\u00c1BBI TIPPEK:<\/h2>\n<h3><a href=\"https:\/\/www.visitbratislava.com\/hu\/places\/devenyi-var\/\" target=\"_blank\" rel=\"noopener\">D\u00c9V\u00c9NYI \/DEV\u00cdN\/ V\u00c1R<\/a><\/h3>\n<p>A Duna \u00e9s a Morva foly\u00f3k tal\u00e1lkoz\u00e1sa f\u00f6l\u00f6tti magas szikl\u00e1n \u00e1gaskod\u00f3 v\u00e1rrom K\u00f6z\u00e9p-Eur\u00f3pa legjelent\u0151sebb t\u00f6rt\u00e9nelmi \u00e9s archeol\u00f3giai helyei k\u00f6z\u00e9 tartozik. Ezen fel\u00fcl csod\u00e1latos term\u00e9szetet k\u00edn\u00e1l l\u00e1tv\u00e1nyk\u00e9nt.<\/p>\n<p><strong>Ciril \u00e9s Met\u00f3d nagymorva misszi\u00f3ja:<\/strong>\u00a0Ezen a tematikus \u00faton egy\u00a0speci\u00e1lis mobilalkalmaz\u00e1s\u00a0\u00e9s\u00a0t\u00e9rk\u00e9p\u00a0seg\u00edts\u00e9g\u00e9vel megismerkedhet a m\u0171eml\u00e9k \u00e9s a Nagy-Morva Birodalommal, Cirillel \u00e9s Met\u00f3ddal kapcsolatos helyek t\u00f6rt\u00e9net\u00e9vel, melynek r\u00e9sz\u00e9t k\u00e9pezte\u00a0<strong>D\u00e9v\u00e9ny \/Dev\u00edn\/<\/strong> is. A kult\u00fart\u00f6rt\u00e9neti eml\u00e9km\u0171vek vagy term\u00e9szeti k\u00fcl\u00f6nlegess\u00e9gek megismer\u00e9s\u00e9n k\u00edv\u00fcl ezen az \u00faton megismerheti a region\u00e1lis gasztron\u00f3mi\u00e1t vagy a hagyom\u00e1nyokat, helyi szok\u00e1sokat, lok\u00e1lis term\u00e9keket, \u00e9s sok kalandban lesz r\u00e9sze.<\/p>\n<p><strong>Bel\u00e9p\u0151:<\/strong><br \/>\n\u00e1prilis \u2013 okt\u00f3ber\u00a0 5,00 \u20ac<br \/>\nnovember \u2013 m\u00e1rcius\u00a0 \u00a0 2,00 \u20ac<br \/>\n*kedvezm\u00e9ny a<a href=\"https:\/\/card.visitbratislava.com\/\" target=\"_blank\" rel=\"noopener\"> Bratislava CARD<\/a> \u00e1ltal 100%-ban<\/p>\n<p><a href=\"https:\/\/www.visitbratislava.com\/sk\/miesta\/hrad-devin\/\" target=\"_blank\" rel=\"noopener noreferrer\"><img loading=\"lazy\" class=\"wp-image-125265 aligncenter\" src=\"https:\/\/www.visitbratislava.com\/wp-content\/uploads\/2017\/01\/1080047-800x450.jpg\" alt=\"_1080047\" width=\"800\" height=\"450\" srcset=\"https:\/\/www.visitbratislava.com\/wp-content\/uploads\/2017\/01\/1080047-800x450.jpg 800w, https:\/\/www.visitbratislava.com\/wp-content\/uploads\/2017\/01\/1080047-400x225.jpg 400w, https:\/\/www.visitbratislava.com\/wp-content\/uploads\/2017\/01\/1080047-768x432.jpg 768w, https:\/\/www.visitbratislava.com\/wp-content\/uploads\/2017\/01\/1080047-200x113.jpg 200w\" sizes=\"(max-width: 800px) 100vw, 800px\" \/><\/a><\/p>\n<h3><a href=\"https:\/\/www.visitbratislava.com\/hu\/places\/schone-naci\/\" target=\"_blank\" rel=\"noopener\">SCH\u00d6NE N\u00c1CI<\/a><\/h3>\n<p>A h\u00edres pozsonyi excentrikus, aki a 20. sz\u00e1zad els\u0151 fel\u00e9ben \u00e9lt itt, az eleganci\u00e1j\u00e1val \u00e9s j\u00f3sziv\u0171s\u00e9g\u00e9vel a pozsonyi s\u00e9t\u00e1nyok \u00e9s k\u00e1v\u00e9z\u00f3k elengedhetetlen sz\u00ednfoltj\u00e1t alkotta.<\/p>\n<p><a href=\"https:\/\/www.visitbratislava.com\/places\/schoene-naci\/\"><img loading=\"lazy\" class=\"wp-image-125406 aligncenter\" src=\"https:\/\/www.visitbratislava.com\/wp-content\/uploads\/2016\/11\/7-foto-brano-molnar-fb-800x472.jpg\" alt=\"7-foto-brano-molnar-fb\" width=\"785\" height=\"463\" srcset=\"https:\/\/www.visitbratislava.com\/wp-content\/uploads\/2016\/11\/7-foto-brano-molnar-fb-800x472.jpg 800w, https:\/\/www.visitbratislava.com\/wp-content\/uploads\/2016\/11\/7-foto-brano-molnar-fb-400x236.jpg 400w, https:\/\/www.visitbratislava.com\/wp-content\/uploads\/2016\/11\/7-foto-brano-molnar-fb-768x453.jpg 768w, https:\/\/www.visitbratislava.com\/wp-content\/uploads\/2016\/11\/7-foto-brano-molnar-fb-200x118.jpg 200w, https:\/\/www.visitbratislava.com\/wp-content\/uploads\/2016\/11\/7-foto-brano-molnar-fb.jpg 1573w\" sizes=\"(max-width: 785px) 100vw, 785px\" \/><\/a><\/p>\n<h3><a href=\"https:\/\/www.visitbratislava.com\/hu\/places\/csumil\/\" target=\"_blank\" rel=\"noopener\">CSUMIL<\/a><\/h3>\n<p>A csatornaakn\u00e1b\u00f3l kiles\u0151 bronz alak mindenk\u00e9ppen a v\u00e1ros legt\u00f6bbet fot\u00f3zott szobra.<\/p>\n<p><img loading=\"lazy\" class=\"wp-image-125269 size-large aligncenter\" src=\"https:\/\/www.visitbratislava.com\/wp-content\/uploads\/2017\/01\/10099293406_02cb89635a_b-800x536.jpg\" alt=\"10099293406_02cb89635a_b\" width=\"800\" height=\"536\" srcset=\"https:\/\/www.visitbratislava.com\/wp-content\/uploads\/2017\/01\/10099293406_02cb89635a_b-800x536.jpg 800w, https:\/\/www.visitbratislava.com\/wp-content\/uploads\/2017\/01\/10099293406_02cb89635a_b-400x268.jpg 400w, https:\/\/www.visitbratislava.com\/wp-content\/uploads\/2017\/01\/10099293406_02cb89635a_b-768x515.jpg 768w, https:\/\/www.visitbratislava.com\/wp-content\/uploads\/2017\/01\/10099293406_02cb89635a_b-200x134.jpg 200w, https:\/\/www.visitbratislava.com\/wp-content\/uploads\/2017\/01\/10099293406_02cb89635a_b.jpg 1024w\" sizes=\"(max-width: 800px) 100vw, 800px\" \/><\/p>\n<h3><a href=\"https:\/\/www.visitbratislava.com\/hu\/places\/matej-kren-atjaroja\/\" target=\"_blank\" rel=\"noopener\">MATEJ KR\u00c9N SZEMELV\u00c9NYEI<\/a><\/h3>\n<p>A P\u00e1lffy-palot\u00e1ban instal\u00e1lt egyed\u00fcl\u00e1ll\u00f3 projekt (GMB) a v\u00e9gtelen t\u00e9r ill\u00fazi\u00f3j\u00e1t \u00e9ri el, ami k\u00f6nyvek \u00e9s t\u00fckr\u00f6k kombin\u00e1ci\u00f3j\u00e1val van megalkotva. Az instal\u00e1ci\u00f3t sok vil\u00e1gh\u00edr\u0171 vizualiz\u00e1ci\u00f3s szakember \u00e9rt\u00e9kelte, a fot\u00f3kat a legh\u00edresebb k\u00e9pz\u0151m\u0171v\u00e9szeti vil\u00e1gmagazinok oldalain publik\u00e1lt\u00e1k.<\/p>\n<p><strong>Bel\u00e9p\u0151<\/strong>: 4 \u20ac, a <a href=\"https:\/\/card.visitbratislava.com\/\" target=\"_blank\" rel=\"noopener\">Bratislava Card<\/a> \u00e1ltal, 100%-os kedvezm\u00e9ny<\/p>\n<p><img loading=\"lazy\" width=\"800\" height=\"360\" class=\"size-full wp-image-125412 aligncenter\" src=\"https:\/\/www.visitbratislava.com\/wp-content\/uploads\/2017\/01\/gmb-pasaz-mateja-krena-_banner_na_titulku.jpg\" alt=\"gmb-pasaz-mateja-krena-_banner_na_titulku\" srcset=\"https:\/\/www.visitbratislava.com\/wp-content\/uploads\/2017\/01\/gmb-pasaz-mateja-krena-_banner_na_titulku.jpg 800w, https:\/\/www.visitbratislava.com\/wp-content\/uploads\/2017\/01\/gmb-pasaz-mateja-krena-_banner_na_titulku-400x180.jpg 400w, https:\/\/www.visitbratislava.com\/wp-content\/uploads\/2017\/01\/gmb-pasaz-mateja-krena-_banner_na_titulku-768x346.jpg 768w, https:\/\/www.visitbratislava.com\/wp-content\/uploads\/2017\/01\/gmb-pasaz-mateja-krena-_banner_na_titulku-200x90.jpg 200w, https:\/\/www.visitbratislava.com\/wp-content\/uploads\/2017\/01\/gmb-pasaz-mateja-krena-_banner_na_titulku-184x84.jpg 184w\" sizes=\"(max-width: 800px) 100vw, 800px\" \/><\/p>\n","protected":false},"excerpt":{"rendered":"<p>Ha kir\u00e1ndul\u00e1st tervez a f\u0151v\u00e1rosba, ne hagyja ki a k\u00f6vetkez\u0151 TOP eml\u00e9km\u0171veket \u00e9s attrakci\u00f3kat, melyek kiv\u00e9teless\u00e9 teszik Pozsonyt.\u00a0S\u00e9t\u00e1ljon Pozsonyban a t\u00f6rt\u00e9nelmi R\u00e9gi V\u00e1rosh\u00e1z\u00e1t\u00f3l eg\u00e9szen a modern UFO-ig. Az eml\u00edtett turistaattrakci\u00f3k megl\u00e1togat\u00e1sa n\u00e9lk\u00fcl egyszer\u0171en nem lehet elmenni Pozsonyb\u00f3l. N\u00e9melyik\u00fck teljesen ingyenes, vagy elfogadhat\u00f3 d\u00edjat kell fizetni, mik\u00f6zben kihaszn\u00e1lhatja a kedvezm\u00e9nyes bel\u00e9p\u0151jegyet is. Akkor tesz legjobban, ha [&hellip;]<\/p>\n","protected":false},"author":25,"featured_media":103336,"parent":0,"menu_order":0,"comment_status":"closed","ping_status":"closed","template":"","meta":[],"acf":[],"_links":{"self":[{"href":"https:\/\/www.visitbratislava.com\/hu\/wp-json\/wp\/v2\/pages\/125256"}],"collection":[{"href":"https:\/\/www.visitbratislava.com\/hu\/wp-json\/wp\/v2\/pages"}],"about":[{"href":"https:\/\/www.visitbratislava.com\/hu\/wp-json\/wp\/v2\/types\/page"}],"author":[{"embeddable":true,"href":"https:\/\/www.visitbratislava.com\/hu\/wp-json\/wp\/v2\/users\/25"}],"replies":[{"embeddable":true,"href":"https:\/\/www.visitbratislava.com\/hu\/wp-json\/wp\/v2\/comments?post=125256"}],"version-history":[{"count":9,"href":"https:\/\/www.visitbratislava.com\/hu\/wp-json\/wp\/v2\/pages\/125256\/revisions"}],"predecessor-version":[{"id":325475,"href":"https:\/\/www.visitbratislava.com\/hu\/wp-json\/wp\/v2\/pages\/125256\/revisions\/325475"}],"wp:featuredmedia":[{"embeddable":true,"href":"https:\/\/www.visitbratislava.com\/hu\/wp-json\/wp\/v2\/media\/103336"}],"wp:attachment":[{"href":"https:\/\/www.visitbratislava.com\/hu\/wp-json\/wp\/v2\/media?parent=125256"}],"curies":[{"name":"wp","href":"https:\/\/api.w.org\/{rel}","templated":true}]}}