{"id":125334,"date":"2021-06-01T14:37:36","date_gmt":"2021-06-01T12:37:36","guid":{"rendered":"https:\/\/www.visitbratislava.com\/brevi-informazioni-sugli-alberghi-consigliati\/"},"modified":"2021-12-29T15:51:10","modified_gmt":"2021-12-29T14:51:10","slug":"az-ajanlott-szallodak-diohejban","status":"publish","type":"page","link":"https:\/\/www.visitbratislava.com\/hu\/az-ajanlott-szallodak-diohejban\/","title":{"rendered":"Az aj\u00e1nlott sz\u00e1llod\u00e1k di\u00f3h\u00e9jban"},"content":{"rendered":"<p><iframe src=\"https:\/\/www.google.com\/maps\/d\/embed?mid=1IhbrH8J7zEoUa_oHp07dPj6LDptMRBN3\" width=\"840\" height=\"480\"><span data-mce-type=\"bookmark\" style=\"display: inline-block; width: 0px; overflow: hidden; line-height: 0;\" class=\"mce_SELRES_start\">\ufeff<\/span><\/iframe><\/p>\n<h3>GRAND HOTEL RIVER PARK, LUXURY COLLECTION HOTEL<\/h3>\n<p>L\u00e9pjen be a leny\u0171g\u00f6z\u0151 diz\u00e1jnba, melyet a modern \u00e9s effekt\u00edv t\u00e9r alkot, \u00e9s ugyan\u00fagy megfelel\u0151 az \u00fczletembernek, ahogy a kalandos utaz\u00f3nak is. A Grand Hotel River Park k\u00f6zvetlen\u00fcl a Duna partj\u00e1n fekszik &#8211; egyed\u00fcl\u00e1ll\u00f3 tulajdons\u00e1g a Pozsonyi sz\u00e1llod\u00e1k k\u00f6zt &#8211; csodasz\u00e9p s\u00e9t\u00e1nnyal k\u00f6zvetlen a sz\u00e1lloda bej\u00e1rata el\u0151tt. A b\u00e9csi nemzetk\u00f6zi rept\u00e9r k\u00f6zels\u00e9g\u00e9ben (35 percnyi \u00fat) fekszik, probl\u00e9mamentes a k\u00f6zleked\u00e9s \u00e9s a legmagasabb k\u00e9nyelmi standardot ny\u00fajtja. A 11-ik emeleten tal\u00e1lhat\u00f3 az 1500 n\u00e9gyzetm\u00e9teren elter\u00fcl\u0151 ZION SPA LUXURY, az egyed\u00fcli kil\u00e1t\u00e1ssal rendelkez\u0151 wellness \u00e9s fitness. A sz\u00e1lloda a magas \u00e9rt\u00e9k\u0171 szolg\u00e1ltat\u00e1si standardjainak k\u00f6sz\u00f6nhet\u0151en t\u00f6bbsz\u00f6r is elnyerte\u00a0 a Szlov\u00e1kia legjobb sz\u00e1llod\u00e1ja (Trend Top) \u00e9s a Slovakia\u00b4s Leading Business Hotel (World Travel Award) c\u00edmet.<\/p>\n<p>Dvo\u0159\u00e1kovo n\u00e1bre\u017eie 6, 811 02 Bratislava<br \/>\n+421232238222<br \/>\nreservations@grandriverpark.com<br \/>\nwww.grandriverpark.com<\/p>\n<p><img loading=\"lazy\" width=\"800\" height=\"413\" class=\"size-large wp-image-56435 alignnone\" src=\"https:\/\/www.visitbratislava.com\/wp-content\/uploads\/2015\/05\/Grand-Hotel-River-Park-Bratislava_Hotel-and-its-surroundings-800x413.jpg\" alt=\"\" srcset=\"https:\/\/www.visitbratislava.com\/wp-content\/uploads\/2015\/05\/Grand-Hotel-River-Park-Bratislava_Hotel-and-its-surroundings-800x413.jpg 800w, https:\/\/www.visitbratislava.com\/wp-content\/uploads\/2015\/05\/Grand-Hotel-River-Park-Bratislava_Hotel-and-its-surroundings-400x207.jpg 400w, https:\/\/www.visitbratislava.com\/wp-content\/uploads\/2015\/05\/Grand-Hotel-River-Park-Bratislava_Hotel-and-its-surroundings-768x397.jpg 768w, https:\/\/www.visitbratislava.com\/wp-content\/uploads\/2015\/05\/Grand-Hotel-River-Park-Bratislava_Hotel-and-its-surroundings-200x103.jpg 200w, https:\/\/www.visitbratislava.com\/wp-content\/uploads\/2015\/05\/Grand-Hotel-River-Park-Bratislava_Hotel-and-its-surroundings.jpg 1499w\" sizes=\"(max-width: 800px) 100vw, 800px\" \/><\/p>\n<h3>HOTEL BRATISLAVA<\/h3>\n<p>Sok\u00e9ves trad\u00edci\u00f3val rendelkez\u0151, modern, renov\u00e1lt sz\u00e1lloda.\u00a0 M\u00e1r 1974 \u00f3ta biztos\u00edt sz\u00e1ll\u00e1st ig\u00e9nyes \u00fczletembereknek, \u00e1m ugyanakkor turistacsoportoknak is.<\/p>\n<p><img loading=\"lazy\" class=\"alignnone wp-image-116243 size-large\" src=\"https:\/\/www.visitbratislava.com\/wp-content\/uploads\/2016\/06\/bratislava-hotel-800x533.jpg\" alt=\"hotel bratislava\" width=\"800\" height=\"533\" srcset=\"https:\/\/www.visitbratislava.com\/wp-content\/uploads\/2016\/06\/bratislava-hotel.jpg 800w, https:\/\/www.visitbratislava.com\/wp-content\/uploads\/2016\/06\/bratislava-hotel-400x267.jpg 400w, https:\/\/www.visitbratislava.com\/wp-content\/uploads\/2016\/06\/bratislava-hotel-768x512.jpg 768w, https:\/\/www.visitbratislava.com\/wp-content\/uploads\/2016\/06\/bratislava-hotel-200x133.jpg 200w\" sizes=\"(max-width: 800px) 100vw, 800px\" \/><\/p>\n<h3>HOTEL CROWNE PLAZA BRATISLAVA<\/h3>\n<p>A Crowne Plaza Bratislava els\u0151 oszt\u00e1ly\u00fa sz\u00e1lloda Pozsony k\u00f6zpontj\u00e1ban. Egyes\u00edti mag\u00e1ban a j\u00f3 elhelyezked\u00e9st, a komfortos sz\u00e1ll\u00e1st, a modern konferenciatermeket \u00e9s a t\u00f6k\u00e9letes konyh\u00e1t. A sz\u00e1lloda a v\u00e1ros k\u00f6zpontj\u00e1ban helyezkedik el, kil\u00e1t\u00e1st ny\u00fajt az eln\u00f6ki palot\u00e1ra, \u00e9s csak p\u00e1r perc s\u00e9t\u00e1val el\u00e9rhet\u0151 a t\u00f6rt\u00e9nelmi centrum, valamint a h\u00edres pozsonyi v\u00e1r.<\/p>\n<p><img loading=\"lazy\" class=\"alignnone wp-image-34274 size-large\" src=\"https:\/\/www.visitbratislava.com\/wp-content\/uploads\/2017\/07\/Crowne-Plaza_fontana-800x533.jpg\" alt=\"hotel crown plaza bratislava\" width=\"800\" height=\"533\" srcset=\"https:\/\/www.visitbratislava.com\/wp-content\/uploads\/2017\/07\/Crowne-Plaza_fontana-800x533.jpg 800w, https:\/\/www.visitbratislava.com\/wp-content\/uploads\/2017\/07\/Crowne-Plaza_fontana-400x267.jpg 400w, https:\/\/www.visitbratislava.com\/wp-content\/uploads\/2017\/07\/Crowne-Plaza_fontana-768x512.jpg 768w, https:\/\/www.visitbratislava.com\/wp-content\/uploads\/2017\/07\/Crowne-Plaza_fontana-200x133.jpg 200w\" sizes=\"(max-width: 800px) 100vw, 800px\" \/><\/p>\n<h3>HOTEL FALKENSTEINER BRATISLAVA<\/h3>\n<p>Csup\u00e1n n\u00e9ha siker\u00fcl a \u201est\u00edlusos sz\u00e1lloda\u201d elnevez\u00e9snek olyan telital\u00e1latnak lennie, mint a Falkensteiner Hotel Bratislava eset\u00e9ben. \u00c9p\u00edt\u00e9szete \u00e9s arculata a modern \u00e9letst\u00edlus olyan atmoszf\u00e9raj\u00e1t alkotja, melynek p\u00e1rja nincs &#8211; az \u00fajdons\u00e1g \u00e9s \u00fcdes\u00e9g lehelete a v\u00e1ros sz\u00e1llodat\u00e9rk\u00e9p\u00e9n. Minden sz\u00e1llodai terem, kezdve a szob\u00e1kt\u00f3l az \u00e9ttermen kereszt\u00fcl a b\u00e1rig \u00e9s az Acquapura City SPA relaxcentrumig extravag\u00e1ns st\u00edlussal \u00e9s topp felszerelts\u00e9ggel rendelkezik, melyek gondoskodnak az \u00f6sszehasonl\u00edthatatlan komfortr\u00f3l az \u00fczletemberek \u00e9s a szabads\u00e1gol\u00f3 turist\u00e1k sz\u00e1m\u00e1ra is.<\/p>\n<p><img loading=\"lazy\" class=\"alignnone wp-image-41060 size-large\" src=\"https:\/\/www.visitbratislava.com\/wp-content\/uploads\/2015\/05\/falkensteiner-800x533.jpg\" alt=\"hotel falkensteiner bratislava\" width=\"800\" height=\"533\" srcset=\"https:\/\/www.visitbratislava.com\/wp-content\/uploads\/2015\/05\/falkensteiner-800x533.jpg 800w, https:\/\/www.visitbratislava.com\/wp-content\/uploads\/2015\/05\/falkensteiner-400x267.jpg 400w, https:\/\/www.visitbratislava.com\/wp-content\/uploads\/2015\/05\/falkensteiner-768x512.jpg 768w, https:\/\/www.visitbratislava.com\/wp-content\/uploads\/2015\/05\/falkensteiner-200x133.jpg 200w, https:\/\/www.visitbratislava.com\/wp-content\/uploads\/2015\/05\/falkensteiner.jpg 900w\" sizes=\"(max-width: 800px) 100vw, 800px\" \/><\/p>\n<h3>HOTEL MATY\u0160\u00c1K<\/h3>\n<p>A Hotel Maty\u0161\u00e1k Pozsony centrum\u00e1t\u00f3l nem messze tal\u00e1lhat\u00f3, a pozsonyi vas\u00fati f\u0151\u00e1llom\u00e1s k\u00f6zel\u00e9ben. R\u00e9sz\u00e9t k\u00e9pezi egy k\u00fcl\u00f6nleges, 120 f\u0151s boroz\u00f3 \u00e9s \u00e9tterem, valamint egy egyed\u00fcl\u00e1ll\u00f3 borgy\u0171jtem\u00e9nyes pince, mely az \u00e9tteremmel egy\u00fctt Szlov\u00e1kia unikumai k\u00f6z\u00e9 tartozik.<\/p>\n<p><img loading=\"lazy\" class=\"alignnone wp-image-11255 size-large\" src=\"https:\/\/www.visitbratislava.com\/wp-content\/uploads\/2015\/05\/matysak-1-800x534.jpg\" alt=\"hotel matysak\" width=\"800\" height=\"534\" srcset=\"https:\/\/www.visitbratislava.com\/wp-content\/uploads\/2015\/05\/matysak-1-800x534.jpg 800w, https:\/\/www.visitbratislava.com\/wp-content\/uploads\/2015\/05\/matysak-1-400x267.jpg 400w, https:\/\/www.visitbratislava.com\/wp-content\/uploads\/2015\/05\/matysak-1-768x512.jpg 768w, https:\/\/www.visitbratislava.com\/wp-content\/uploads\/2015\/05\/matysak-1-200x133.jpg 200w, https:\/\/www.visitbratislava.com\/wp-content\/uploads\/2015\/05\/matysak-1.jpg 1000w\" sizes=\"(max-width: 800px) 100vw, 800px\" \/><\/p>\n<h3>HOTEL NH BRATISLAVA GATE ONE<\/h3>\n<p>A Hotel NH Bratislava Gate One m\u00e1r t\u00f6bb \u00e9ve egym\u00e1s ut\u00e1n Szlov\u00e1kia TOP 10 sz\u00e1llod\u00e1ja k\u00f6z\u00e9 tartozik (Tripadvisor). A n\u00e9gy csillagos egyedi \u00e9p\u00edt\u00e9s\u0171, modern \u00e9s eleg\u00e1ns sz\u00e1lloda mindent meg tud ani, amit csak a vend\u00e9g k\u00edv\u00e1nhat: min\u0151s\u00e9gi szervizt, modern arculatot \u00e9s profi szem\u00e9lyzetet. K\u00f6zel van a rept\u00e9rhez \u00e9s csup\u00e1n tizen\u00f6t percnyire Pozsony t\u00f6rt\u00e9nelmi centrum\u00e1t\u00f3l.<\/p>\n<p><img loading=\"lazy\" class=\"alignnone wp-image-39305 size-large\" src=\"https:\/\/www.visitbratislava.com\/wp-content\/uploads\/2018\/02\/hotel-nh-gate-one-recepcia-reception-lobby-800x533.jpg\" alt=\"hotel nh bratislava gate one\" width=\"800\" height=\"533\" srcset=\"https:\/\/www.visitbratislava.com\/wp-content\/uploads\/2018\/02\/hotel-nh-gate-one-recepcia-reception-lobby-800x533.jpg 800w, https:\/\/www.visitbratislava.com\/wp-content\/uploads\/2018\/02\/hotel-nh-gate-one-recepcia-reception-lobby-400x266.jpg 400w, https:\/\/www.visitbratislava.com\/wp-content\/uploads\/2018\/02\/hotel-nh-gate-one-recepcia-reception-lobby-768x511.jpg 768w, https:\/\/www.visitbratislava.com\/wp-content\/uploads\/2018\/02\/hotel-nh-gate-one-recepcia-reception-lobby-200x133.jpg 200w\" sizes=\"(max-width: 800px) 100vw, 800px\" \/><\/p>\n<h3><strong>LINDNER HOTEL GALLERY CENTRAL BRATISLAVA<\/strong><\/h3>\n<p>K\u00f6zvetlen\u00fcl a Centr\u00e1l bev\u00e1s\u00e1rl\u00f3k\u00f6zpont tetej\u00e9n\u00a0 tal\u00e1lhat\u00f3 a st\u00edlusos, z\u00f6ld park arculat\u00fa Lindner Hotel Gallery Central. A szob\u00e1k t\u00f6bbs\u00e9ge \u00e9s a Bar &amp; Lounge is fantasztikus kil\u00e1t\u00e1st ny\u00fajt a vend\u00e9geknek az \u00d3v\u00e1rosra \u00e9s a v\u00e1ros szimb\u00f3lum\u00e1ra &#8211; a pozsonyi v\u00e1rra. A sz\u00e1lloda el\u0151ny\u00f6s elhelyezked\u00e9se a v\u00e1rosk\u00f6zpont \u00e9s a rept\u00e9r k\u00f6z\u00f6tt olyan helysz\u00edn, ahol a legmodernebb \u00e9rtekezleti \u00e9s kommunik\u00e1ci\u00f3s-technika biztos\u00edt\u00e1s\u00e1val lehet\u0151s\u00e9g ny\u00edlik konferenci\u00e1k \u00e9s egy\u00e9b rendezv\u00e9nyek szervez\u00e9s\u00e9re, s \u00edgy a sz\u00e1llod\u00e1t attrakt\u00edv tal\u00e1lkoz\u00f3helyen t\u00fal m\u00e9g innovat\u00edvabb bizniszhelly\u00e9 is teszik. A sz\u00e1lloda el\u0151nyei k\u00f6z\u00e9 tartozik a k\u00f6zel\u00e9ben tal\u00e1lhat\u00f3 150 \u00fczlet \u00e9s butik, egy fittneszcentrum fedett medenc\u00e9vel, a fest\u0151i t\u00f6rt\u00e9nelmi v\u00e1rosr\u00e9sz k\u00f6zels\u00e9ge, \u00e9s nem utols\u00f3 sorban idetartozik m\u00e9g a sz\u00e1lloda \u00fcde k\u00f6rnyezete is.<\/p>\n<p>C\u00edm:<\/p>\n<p>Metodova 4, 821 08 Bratislava<br \/>\n+421 2 3993 0000<br \/>\ninfo.bratislava@lindnerhotels.com<br \/>\nwww.lindner.de\/sk\/<\/p>\n<p><img loading=\"lazy\" class=\"alignnone wp-image-125341 size-large\" src=\"https:\/\/www.visitbratislava.com\/wp-content\/uploads\/2019\/04\/lindner-800x531.jpg\" alt=\"\" width=\"800\" height=\"531\" srcset=\"https:\/\/www.visitbratislava.com\/wp-content\/uploads\/2019\/04\/lindner-800x531.jpg 800w, https:\/\/www.visitbratislava.com\/wp-content\/uploads\/2019\/04\/lindner-400x266.jpg 400w, https:\/\/www.visitbratislava.com\/wp-content\/uploads\/2019\/04\/lindner-768x510.jpg 768w, https:\/\/www.visitbratislava.com\/wp-content\/uploads\/2019\/04\/lindner-200x133.jpg 200w, https:\/\/www.visitbratislava.com\/wp-content\/uploads\/2019\/04\/lindner.jpg 1398w\" sizes=\"(max-width: 800px) 100vw, 800px\" \/><\/p>\n<h3>MAMA\u2019S BOUTIQUE HOTEL<\/h3>\n<p>A Hotel Mama\u2019s a v\u00e1rosk\u00f6zpont t\u00e1volabbi, csendes rezidencianegyed\u00e9ben tal\u00e1lhat\u00f3. A sz\u00e1llod\u00e1t elragad\u00f3v\u00e1 teszi az eleganci\u00e1ja, a modern arculata \u00e9s a kellemes csal\u00e1dias hangulata. Ennek k\u00f6sz\u00f6nhet\u0151en otthon \u00e9rzi majd itt mag\u00e1t. Ha kedveli a butikszer\u0171, kis sz\u00e1llod\u00e1kat \u00e9s csendes, nyugodt k\u00f6rnyezetet keres, j\u00f3 helyen van.<\/p>\n<p><img loading=\"lazy\" class=\"alignnone wp-image-11247 size-large\" src=\"https:\/\/www.visitbratislava.com\/wp-content\/uploads\/2015\/05\/mamas-800x534.jpg\" alt=\"mamas boutique hotel bratislava\" width=\"800\" height=\"534\" srcset=\"https:\/\/www.visitbratislava.com\/wp-content\/uploads\/2015\/05\/mamas-800x534.jpg 800w, https:\/\/www.visitbratislava.com\/wp-content\/uploads\/2015\/05\/mamas-400x267.jpg 400w, https:\/\/www.visitbratislava.com\/wp-content\/uploads\/2015\/05\/mamas-768x512.jpg 768w, https:\/\/www.visitbratislava.com\/wp-content\/uploads\/2015\/05\/mamas-200x133.jpg 200w, https:\/\/www.visitbratislava.com\/wp-content\/uploads\/2015\/05\/mamas.jpg 1600w\" sizes=\"(max-width: 800px) 100vw, 800px\" \/><\/p>\n<h3>PARK INN BY RADISSON DANUBE BRATISLAVA<\/h3>\n<p>Fel\u00faj\u00edtott hotel a Duna partj\u00e1n. A hotel\u00fcnkt\u0151l gyalogosan el\u00e9rhet\u0151k Pozsony legkedveltebb attrakci\u00f3i. \u00c9lvezze a Duna-parti s\u00e9t\u00e1kat, fedezze fel a Szent M\u00e1rton-d\u00f3m egyedis\u00e9g\u00e9t, vagy t\u00f6lts\u00f6n el egy kult\u00far\u00e1val \u00e1tsz\u0151tt est\u00e9t a Szlov\u00e1k Nemzeti Sz\u00ednh\u00e1z \u00e9p\u00fclet\u00e9ben.<\/p>\n<p><img loading=\"lazy\" class=\"alignnone wp-image-125338 size-large\" src=\"https:\/\/www.visitbratislava.com\/wp-content\/uploads\/2018\/10\/BTSPD-exterior-view-800x533.jpg\" alt=\"park inn by radisson bratislava\" width=\"800\" height=\"533\" srcset=\"https:\/\/www.visitbratislava.com\/wp-content\/uploads\/2018\/10\/BTSPD-exterior-view-800x533.jpg 800w, https:\/\/www.visitbratislava.com\/wp-content\/uploads\/2018\/10\/BTSPD-exterior-view-400x267.jpg 400w, https:\/\/www.visitbratislava.com\/wp-content\/uploads\/2018\/10\/BTSPD-exterior-view-768x512.jpg 768w, https:\/\/www.visitbratislava.com\/wp-content\/uploads\/2018\/10\/BTSPD-exterior-view-200x133.jpg 200w\" sizes=\"(max-width: 800px) 100vw, 800px\" \/><\/p>\n<h3>RADISSON BLU CARLTON HOTEL, BRATISLAVA<\/h3>\n<p>A legend\u00e1s \u00e9s tekint\u00e9lyes Radisson Blu Carlton Hotel Pozsony t\u00f6rt\u00e9nelmi v\u00e1rosr\u00e9sz\u00e9nek sz\u00edv\u00e9ben fogadja vend\u00e9geit.\u00a0 A sz\u00e1llod\u00e1t \u00e9ttermek, b\u00e1rok \u00e9s kultur\u00e1lis eml\u00e9kek veszik k\u00f6rbe. Az 1837-b\u0151l sz\u00e1rmaz\u00f3 \u00e9p\u00fclet eredeti klasszicista st\u00edlusban lett fel\u00faj\u00edtva.<\/p>\n<p><img loading=\"lazy\" class=\"alignnone wp-image-33465 size-large\" src=\"https:\/\/www.visitbratislava.com\/wp-content\/uploads\/2017\/06\/carlton-exterior-800x534.jpg\" alt=\"radisson blu carlton hotel bratislava\" width=\"800\" height=\"534\" srcset=\"https:\/\/www.visitbratislava.com\/wp-content\/uploads\/2017\/06\/carlton-exterior-800x534.jpg 800w, https:\/\/www.visitbratislava.com\/wp-content\/uploads\/2017\/06\/carlton-exterior-400x267.jpg 400w, https:\/\/www.visitbratislava.com\/wp-content\/uploads\/2017\/06\/carlton-exterior-768x512.jpg 768w, https:\/\/www.visitbratislava.com\/wp-content\/uploads\/2017\/06\/carlton-exterior-200x133.jpg 200w, https:\/\/www.visitbratislava.com\/wp-content\/uploads\/2017\/06\/carlton-exterior.jpg 1901w\" sizes=\"(max-width: 800px) 100vw, 800px\" \/><\/p>\n<h3>ROSET BOUTIQUE HOTEL<\/h3>\n<p>T\u00e1gas, \u00e1tlagon fel\u00fcli luxus-apartmanokban \u00e9s mezonet penthousokban val\u00f3 elsz\u00e1ll\u00e1sol\u00e1si lehet\u0151s\u00e9g &#8211; ez a Roset Boutique Hotel a pomp\u00e1s, luxussz\u00e1lloda, amely 1903- ban Art Nouveau st\u00edlusban \u00e9p\u00fclt.<\/p>\n<p><img loading=\"lazy\" class=\"alignnone wp-image-47508 size-large\" src=\"https:\/\/www.visitbratislava.com\/wp-content\/uploads\/2018\/08\/roset-boutique-hotel_exterier-800x467.jpg\" alt=\"roset boutique hotel\" width=\"800\" height=\"467\" srcset=\"https:\/\/www.visitbratislava.com\/wp-content\/uploads\/2018\/08\/roset-boutique-hotel_exterier-800x467.jpg 800w, https:\/\/www.visitbratislava.com\/wp-content\/uploads\/2018\/08\/roset-boutique-hotel_exterier-400x233.jpg 400w, https:\/\/www.visitbratislava.com\/wp-content\/uploads\/2018\/08\/roset-boutique-hotel_exterier-768x448.jpg 768w, https:\/\/www.visitbratislava.com\/wp-content\/uploads\/2018\/08\/roset-boutique-hotel_exterier-200x117.jpg 200w\" sizes=\"(max-width: 800px) 100vw, 800px\" \/><\/p>\n<h3>SHERATON BRATISLAVA HOTEL<\/h3>\n<p>A Hotel Sheraton Bratislava a Duna partj\u00e1n l\u00e9v\u0151 EUROVEA bev\u00e1s\u00e1rl\u00f3 komplex r\u00e9sze. A v\u00e1ros centruma gyalogosan 5 percnyi t\u00e1vols\u00e1gra van, ez\u00e9rt ide\u00e1lis kiindul\u00f3pont a v\u00e1ros kultuszhelyeinek megismer\u00e9s\u00e9re. Szob\u00e1i \u00e9s apartmanjai st\u00edlusosan \u00e9s \u00edzl\u00e9sesen vannak berendezve. A berendez\u00e9s r\u00e9szei a\u00a0 vil\u00e1gh\u00edr\u0171 Sheraton Signature Sleep Experience \u00e1gyak is. A ZION SPA PREMIUM ingyenes a sz\u00e1lloda minden vend\u00e9g\u00e9nek 800 n\u00e9gyzetm\u00e9teren &#8211; pihen\u00e9si lehet\u0151s\u00e9gek f\u0171t\u00f6tt medenc\u00e9ben, finn szaun\u00e1ban, p\u00e1r\u00e1s aromaszaun\u00e1ban, professzion\u00e1lis test\u00e1pol\u00e1s, vagy 24\/7 fitnesz centrum. A Port Wilson Lobby Lounge and Amber\u00b4s Bar t\u00f6k\u00e9letes reggeliz\u0151hely, vagy Business lunch hely az \u00fczleti partnerekkel, valamint j\u00f3 itt a csal\u00e1ddal, bar\u00e1tokkal elfogyasztani egy kis bort, vagy kevert italt.<\/p>\n<p>Pribinova 12, 811 09 Bratislava<br \/>\n+421235350000<br \/>\nreservations@sheratonbratislava.com<br \/>\nwww.sheratonbratislava.com<\/p>\n<p><img loading=\"lazy\" width=\"800\" height=\"533\" class=\"size-large wp-image-56437 alignnone\" src=\"https:\/\/www.visitbratislava.com\/wp-content\/uploads\/2019\/03\/hotel-sheraton-room-izba-800x533.jpg\" alt=\"\" srcset=\"https:\/\/www.visitbratislava.com\/wp-content\/uploads\/2019\/03\/hotel-sheraton-room-izba-800x533.jpg 800w, https:\/\/www.visitbratislava.com\/wp-content\/uploads\/2019\/03\/hotel-sheraton-room-izba-400x267.jpg 400w, https:\/\/www.visitbratislava.com\/wp-content\/uploads\/2019\/03\/hotel-sheraton-room-izba-768x512.jpg 768w, https:\/\/www.visitbratislava.com\/wp-content\/uploads\/2019\/03\/hotel-sheraton-room-izba-200x133.jpg 200w\" sizes=\"(max-width: 800px) 100vw, 800px\" \/><\/p>\n<h3>BOTEL PRESSBURG<\/h3>\n<p>A Botel Pressburg Pozsony centrum\u00e1ban tal\u00e1lhat\u00f3 a Duna partj\u00e1n, k\u00f6zvetlen\u00fcl a d\u00e9v\u00e9nyi kerekp\u00e1r\u00fat (cyklotrasa Dev\u00edn) vonal\u00e1n, csup\u00e1n 600 m\u00e9terre a pozsonyi v\u00e1rt\u00f3l. K\u00edn\u00e1lata: \u00e9tterem \u00e9s sz\u00e1ll\u00e1s, k\u00f6z\u00f6s szalon, napos terasz \u00e9s ingyenes Wi-Fi-csatlakoz\u00e1s az internethez minden helys\u00e9gben. Minden szob\u00e1b\u00f3l kil\u00e1t\u00e1s ny\u00edlik &#8211; n\u00e9melyik \u00e9szakra az ismert UFO kil\u00e1t\u00f3s Duna-h\u00eddra, a t\u00f6bbi a River Park t\u00e9rre \u00e9s az \u00d3v\u00e1rosra.<\/p>\n<p>C\u00edm:<\/p>\n<p>Dvo\u0159\u00e1kovo n\u00e1bre\u017eie, 811 02 Bratislava<br \/>\n+421 2 4319 1277<br \/>\nreception@botelpressburg.sk<br \/>\nwww.botelpressburg.sk<\/p>\n<p><img loading=\"lazy\" width=\"800\" height=\"450\" class=\"size-large wp-image-38067 alignnone\" src=\"https:\/\/www.visitbratislava.com\/wp-content\/uploads\/2017\/12\/Botel-Pressburg-Restaurant-Fancy-Sunset-Silvester-Wedding-800x450.jpg\" alt=\"\" srcset=\"https:\/\/www.visitbratislava.com\/wp-content\/uploads\/2017\/12\/Botel-Pressburg-Restaurant-Fancy-Sunset-Silvester-Wedding-800x450.jpg 800w, https:\/\/www.visitbratislava.com\/wp-content\/uploads\/2017\/12\/Botel-Pressburg-Restaurant-Fancy-Sunset-Silvester-Wedding-400x225.jpg 400w, https:\/\/www.visitbratislava.com\/wp-content\/uploads\/2017\/12\/Botel-Pressburg-Restaurant-Fancy-Sunset-Silvester-Wedding-768x432.jpg 768w, https:\/\/www.visitbratislava.com\/wp-content\/uploads\/2017\/12\/Botel-Pressburg-Restaurant-Fancy-Sunset-Silvester-Wedding-200x113.jpg 200w, https:\/\/www.visitbratislava.com\/wp-content\/uploads\/2017\/12\/Botel-Pressburg-Restaurant-Fancy-Sunset-Silvester-Wedding.jpg 960w\" sizes=\"(max-width: 800px) 100vw, 800px\" \/><\/p>\n<h3>HOTEL PLUS***<\/h3>\n<p>A sz\u00e1lloda a Ru\u017einov \u2013 Trn\u00e1vka v\u00e1rosr\u00e9szben tal\u00e1lhat\u00f3, csup\u00e1n 2 km-re az M. R. \u0160tef\u00e1nik Rept\u00e9rt\u0151l \u00e9s kb. 700 m\u00e9terre az Avion \u00e9s Ikea bev\u00e1s\u00e1rl\u00f3k\u00f6zpontokt\u00f3l. J\u00f3l megk\u00f6zel\u00edthet\u0151 a v\u00e1rost megker\u00fcl\u0151 aut\u00f3p\u00e1ly\u00e1r\u00f3l, ahogyan a v\u00e1rosi t\u00f6megk\u00f6zleked\u00e9ssel is a vas\u00fati f\u0151\u00e1llom\u00e1sr\u00f3l \u00e9s aut\u00f3busz\u00e1llom\u00e1sr\u00f3l. Mindj\u00e1rt a sz\u00e1llod\u00e1n\u00e1l van az \u00e9jszakai aut\u00f3busz meg\u00e1ll\u00f3ja, amely az \u00e9jszakai \u00f6sszek\u00f6ttet\u00e9st biztos\u00edtja a f\u0151 vonat\u00e1llom\u00e1s \u00e9s a busz\u00e1llom\u00e1s, valamint a v\u00e1ros centruma k\u00f6z\u00f6tt.<\/p>\n<p>C\u00edm:<\/p>\n<p>Bulharsk\u00e1 72, 821 04 Bratislava<br \/>\n+421 2 4823 1920<br \/>\nrecepcia.hotel@hotely-plus.sk<br \/>\nsk.hotelyplus.sk<\/p>\n<h3>DOUBLE TREE BY HILTON HOTEL BRATISLAVA****<\/h3>\n<p>Fedezze fel ezt a modern sz\u00e1llod\u00e1t Pozsonyban, Szlov\u00e1kia t\u00f6rt\u00e9nelmi f\u0151v\u00e1ros\u00e1ban. Annak k\u00f6sz\u00f6nhet\u0151en, hogy a sz\u00e1lloda \u00fczleti, kultur\u00e1lis, sport \u00e9s t\u00f6rt\u00e9nelmi v\u00e1rosr\u00e9szek keresztez\u0151d\u00e9s\u00e9n fekszik, a legjobb hely az utaz\u00f3 keresked\u0151 \u00e9s a szabadidej\u00e9t t\u00f6lt\u0151 l\u00e1togat\u00f3 r\u00e9sz\u00e9re. Ez a modern business sz\u00e1lloda az O. Nepela T\u00e9li Stadion k\u00f6zel\u00e9ben tal\u00e1lhat\u00f3, ugyanakkor 10 percnyire a t\u00f6rt\u00e9nelmi v\u00e1rosr\u00e9szt\u0151l, 7 percnyire a pozsonyi rept\u00e9rt\u0151l, \u00e9s csup\u00e1n 50 percnyire a b\u00e9csi nemzetk\u00f6zi rept\u00e9rt\u0151l.<\/p>\n<p>C\u00edm:<\/p>\n<p>27 A Trnavsk\u00e1 cesta, 831 04 Bratislava<br \/>\n+421 2 3234 0111<br \/>\nbratislava.reservations@hilton.com<br \/>\ndoubletree3.hilton.com<\/p>\n<p><img class=\"size-full wp-image-35715 alignnone\" src=\"https:\/\/www.visitbratislava.com\/wp-content\/uploads\/2017\/09\/BEHIND-THE-SCENES-IN-BRATISLAVA-DoubleTree-by-Hilton-Hotel-KONGRES-\u2013-Europe-Events-and-Meetings-Industry-Magazine_thumbnail.jpg\" alt=\"\" \/><\/p>\n<h3>HOSTEL PATIO<\/h3>\n<p>A Hostel Patio j\u00f3 helyen fekszik &#8211; k\u00f6zvetlen a v\u00e1roscentrumban. Minden fontos nevezetess\u00e9g, attrakci\u00f3, \u00e9tterem, boroz\u00f3 \u00e9s \u00e9jszakai b\u00e1r a sarkon t\u00fal van, \u00fagyhogy nem kell t\u00f6megk\u00f6zleked\u00e9st haszn\u00e1lni vagy taxit fizetni. A recepci\u00f3saink minden k\u00e9rd\u00e9s\u00fckre v\u00e1laszolnak, megmutatj\u00e1k a t\u00e9rk\u00e9pen azon nevezetess\u00e9geket, \u00e9ttermeket, vagy b\u00e1rokat, melyeket sz\u00edvesen megl\u00e1togatn\u00e1nak. Ha nincs kedve s\u00e9t\u00e1lni, relax\u00e1lhat a kert\u00fcnkben, a k\u00f6z\u00f6s helys\u00e9gben, vagy el\u00fcld\u00f6g\u00e9lhet a b\u00e1rban egy ital mellett a hotel t\u00f6bbi vend\u00e9g\u00e9nek t\u00e1rsas\u00e1g\u00e1ban. A hostel egy udvarban helyezkedik el, aminek k\u00f6sz\u00f6nhet\u0151en teljesen elimin\u00e1l\u00f3dik az utca zaja \u00e9s ezenfel\u00fcl vend\u00e9geink haszn\u00e1lhatj\u00e1k a priv\u00e1t parkol\u00f3nkat is.<\/p>\n<p><img loading=\"lazy\" width=\"800\" height=\"588\" class=\"alignnone size-large wp-image-125340\" src=\"https:\/\/www.visitbratislava.com\/wp-content\/uploads\/2018\/11\/patio-hostel-na-sirku-800x588.jpg\" alt=\"\" srcset=\"https:\/\/www.visitbratislava.com\/wp-content\/uploads\/2018\/11\/patio-hostel-na-sirku-800x588.jpg 800w, https:\/\/www.visitbratislava.com\/wp-content\/uploads\/2018\/11\/patio-hostel-na-sirku-400x294.jpg 400w, https:\/\/www.visitbratislava.com\/wp-content\/uploads\/2018\/11\/patio-hostel-na-sirku-768x564.jpg 768w, https:\/\/www.visitbratislava.com\/wp-content\/uploads\/2018\/11\/patio-hostel-na-sirku-200x147.jpg 200w, https:\/\/www.visitbratislava.com\/wp-content\/uploads\/2018\/11\/patio-hostel-na-sirku.jpg 1536w\" sizes=\"(max-width: 800px) 100vw, 800px\" \/><\/p>\n","protected":false},"excerpt":{"rendered":"<p>Pozsonyban t\u00f6bb hotel is tal\u00e1lhat\u00f3 k\u00f6zel a centrumhoz illetve k\u00f6zvetlen a centrumban. K\u00f6z\u00fcl\u00fck soknak remek konyh\u00e1ja van a saj\u00e1t \u00e9tterm\u00e9ben, n\u00e9melyikben wellness lehet\u0151s\u00e9g is van. V\u00e1lasszon st\u00edlus, fekv\u00e9s illetve a kil\u00e1t\u00e1s szerint.<\/p>\n","protected":false},"author":25,"featured_media":125905,"parent":0,"menu_order":0,"comment_status":"closed","ping_status":"closed","template":"","meta":[],"acf":[],"_links":{"self":[{"href":"https:\/\/www.visitbratislava.com\/hu\/wp-json\/wp\/v2\/pages\/125334"}],"collection":[{"href":"https:\/\/www.visitbratislava.com\/hu\/wp-json\/wp\/v2\/pages"}],"about":[{"href":"https:\/\/www.visitbratislava.com\/hu\/wp-json\/wp\/v2\/types\/page"}],"author":[{"embeddable":true,"href":"https:\/\/www.visitbratislava.com\/hu\/wp-json\/wp\/v2\/users\/25"}],"replies":[{"embeddable":true,"href":"https:\/\/www.visitbratislava.com\/hu\/wp-json\/wp\/v2\/comments?post=125334"}],"version-history":[{"count":4,"href":"https:\/\/www.visitbratislava.com\/hu\/wp-json\/wp\/v2\/pages\/125334\/revisions"}],"predecessor-version":[{"id":125343,"href":"https:\/\/www.visitbratislava.com\/hu\/wp-json\/wp\/v2\/pages\/125334\/revisions\/125343"}],"wp:featuredmedia":[{"embeddable":true,"href":"https:\/\/www.visitbratislava.com\/hu\/wp-json\/wp\/v2\/media\/125905"}],"wp:attachment":[{"href":"https:\/\/www.visitbratislava.com\/hu\/wp-json\/wp\/v2\/media?parent=125334"}],"curies":[{"name":"wp","href":"https:\/\/api.w.org\/{rel}","templated":true}]}}