{"id":125418,"date":"2014-09-05T08:22:26","date_gmt":"2014-09-05T07:22:26","guid":{"rendered":"https:\/\/www.visitbratislava.com\/uvod\/"},"modified":"2022-06-22T11:14:48","modified_gmt":"2022-06-22T09:14:48","slug":"uvod","status":"publish","type":"page","link":"https:\/\/www.visitbratislava.com\/hu\/","title":{"rendered":"V\u00e1ros, ahol r\u00e1tal\u00e1l az igazi \u00e9letre"},"content":{"rendered":"","protected":false},"excerpt":{"rendered":"","protected":false},"author":32,"featured_media":382287,"parent":0,"menu_order":0,"comment_status":"closed","ping_status":"closed","template":"","meta":[],"acf":[],"_links":{"self":[{"href":"https:\/\/www.visitbratislava.com\/hu\/wp-json\/wp\/v2\/pages\/125418"}],"collection":[{"href":"https:\/\/www.visitbratislava.com\/hu\/wp-json\/wp\/v2\/pages"}],"about":[{"href":"https:\/\/www.visitbratislava.com\/hu\/wp-json\/wp\/v2\/types\/page"}],"author":[{"embeddable":true,"href":"https:\/\/www.visitbratislava.com\/hu\/wp-json\/wp\/v2\/users\/32"}],"replies":[{"embeddable":true,"href":"https:\/\/www.visitbratislava.com\/hu\/wp-json\/wp\/v2\/comments?post=125418"}],"version-history":[{"count":9,"href":"https:\/\/www.visitbratislava.com\/hu\/wp-json\/wp\/v2\/pages\/125418\/revisions"}],"predecessor-version":[{"id":141304,"href":"https:\/\/www.visitbratislava.com\/hu\/wp-json\/wp\/v2\/pages\/125418\/revisions\/141304"}],"wp:featuredmedia":[{"embeddable":true,"href":"https:\/\/www.visitbratislava.com\/hu\/wp-json\/wp\/v2\/media\/382287"}],"wp:attachment":[{"href":"https:\/\/www.visitbratislava.com\/hu\/wp-json\/wp\/v2\/media?parent=125418"}],"curies":[{"name":"wp","href":"https:\/\/api.w.org\/{rel}","templated":true}]}}