{"id":126969,"date":"2022-01-31T14:53:58","date_gmt":"2022-01-31T13:53:58","guid":{"rendered":"https:\/\/www.visitbratislava.com\/?page_id=126969"},"modified":"2022-02-02T13:57:49","modified_gmt":"2022-02-02T12:57:49","slug":"adatvedelmi-szabalyzat","status":"publish","type":"page","link":"https:\/\/www.visitbratislava.com\/hu\/adatvedelmi-szabalyzat\/","title":{"rendered":"Adatv\u00e9delmi szab\u00e1lyzat"},"content":{"rendered":"<h3>Szem\u00e9lyes adatok v\u00e9delm\u00e9r\u0151l sz\u00f3l\u00f3 inform\u00e1ci\u00f3k a GDPR \u00e9rtelm\u00e9ben<\/h3>\n<p>A Bratislava Tourist Board (BTB) \/ Bratislavsk\u00e1 organiz\u00e1cia cestovn\u00e9ho ruchu \/ Pozsonyi Turisztikai Hivatal sz\u00e9khely: \u0160af\u00e1rikovo n\u00e1m. 3, 811 02 Bratislava, KSH-sz\u00e1m: 42259088, e-mail: <a href=\"mailto:btb@visitbratislava.com\" target=\"_blank\" rel=\"noopener\">btb@visitbratislava.com<\/a>, ezen a honlapon online szolg\u00e1ltat\u00e1sainak jav\u00edt\u00e1sa \u00e9rdek\u00e9ben s\u00fctiket haszn\u00e1l.<\/p>\n<p>A s\u00fctik kis sz\u00f6veges f\u00e1jlok, amelyek a felkeresett webhely nev\u00e9t, \u00e9rv\u00e9nyess\u00e9g\u00e9t \u00e9s el\u0151re meghat\u00e1rozott \u00e9rt\u00e9k\u00e9t tartalmazz\u00e1k. Ezek az adatok a l\u00e1togat\u00f3 b\u00f6ng\u00e9sz\u0151 mapp\u00e1j\u00e1ban t\u00e1rol\u00f3dnak. Amikor \u00fajra felkeresi a f\u00e1jlt l\u00e9trehoz\u00f3 webhelyet, a b\u00f6ng\u00e9sz\u0151 azokat \u00fajra megjelen\u00edtheti. A s\u00fctik az oldal l\u00e1togat\u00f3j\u00e1nak a b\u00f6ng\u00e9sz\u0151 haszn\u00e1lat\u00e1val kapcsolatos inform\u00e1ci\u00f3it, semmi esetre sem az oldal l\u00e1togat\u00f3j\u00e1nak szem\u00e9lyazonoss\u00e1g\u00e1ra vonatkoz\u00f3 inform\u00e1ci\u00f3kat t\u00e1rolj\u00e1k. Az \u00e1ltalunk haszn\u00e1lt s\u00fctik nem k\u00e1ros\u00edtj\u00e1k az oldal l\u00e1togat\u00f3inak sz\u00e1m\u00edt\u00f3g\u00e9p\u00e9t vagy az internet b\u00f6ng\u00e9sz\u00e9s\u00e9re haszn\u00e1lt egy\u00e9b eszk\u00f6z\u00f6ket.<\/p>\n<p>A Bratislava Tourist Board a <a href=\"https:\/\/www.visitbratislava.com\/hu\/\" target=\"_blank\" rel=\"noopener\">www.visitbratislava.com<\/a> oldal \u00e9s annak aloldalain haszn\u00e1lt s\u00fctik haszn\u00e1lat\u00e1val kapcsolatban kezelt szem\u00e9lyes adatok \u00fczemeltet\u0151je (<a href=\"https:\/\/72hourcity.com\/\" target=\"_blank\" rel=\"noopener\">72hourcity.com<\/a>, <a href=\"https:\/\/card.visitbratislava.com\/\" target=\"_blank\" rel=\"noopener\">card.visitbratislava.com<\/a>).<\/p>\n<h3>A www.visitbratislava.com honlaponhonlap \u00e9s annak aloldalain haszn\u00e1lt s\u00fctik<\/h3>\n<p>1) <em>m\u0171szaki \u2013 n\u00e9lk\u00fcl\u00f6zhetetlen<\/em>: olyan t\u00edpus\u00fa s\u00fctik, amelyek n\u00e9lk\u00fcl szolg\u00e1ltat\u00e1saink nem haszn\u00e1lhat\u00f3k \u2013 az oldal l\u00e1togat\u00f3j\u00e1nak k\u00fcl\u00f6n hozz\u00e1j\u00e1rul\u00e1sa nem sz\u00fcks\u00e9ges.<br \/>\n2) <em>marketing c\u00e9l\u00fa \u2013 v\u00e1laszthat\u00f3 <\/em>: felhaszn\u00e1l\u00f3i (egyedi) azonos\u00edt\u00f3 seg\u00edts\u00e9g\u00e9vel lehet\u0151v\u00e9 teszi a webhely l\u00e1togat\u00f3inak, a webhely haszn\u00e1lat\u00e1nak elemz\u00e9s\u00e9t \u2013 ehhez az oldal l\u00e1togat\u00f3j\u00e1nak hozz\u00e1j\u00e1rul\u00e1sa sz\u00fcks\u00e9ges. Az adatkezel\u00e9s c\u00e9lja a tartalom biztos\u00edt\u00e1sa \u00e9s fejleszt\u00e9se, a tartalom szem\u00e9lyre szab\u00e1sa, a honlap honlap optim\u00e1lis megjelen\u00edt\u00e9se \u00e9s megfelel\u0151 m\u0171k\u00f6d\u00e9s\u00e9nek biztos\u00edt\u00e1sa. Harmadik felek sz\u00e1m\u00e1ra is biztos\u00edtunk s\u00fctiket.<\/p>\n<p>A marketing c\u00e9l\u00fa s\u00fctik haszn\u00e1lat\u00e1nak <u>jogalapja<\/u> az oldal l\u00e1togat\u00f3j\u00e1nak hozz\u00e1j\u00e1rul\u00e1sa. A m\u0171szakilag n\u00e9lk\u00fcl\u00f6zhetetlen s\u00fctik haszn\u00e1lat\u00e1nak <u>jogalapja<\/u>, hogy az adatkezel\u00e9s a szerz\u0151d\u00e9s teljes\u00edt\u00e9s\u00e9hez sz\u00fcks\u00e9ges, illetve felt\u00e9tlen\u00fcl sz\u00fcks\u00e9ges ahhoz, hogy a l\u00e1togat\u00f3k az oldalhoz hozz\u00e1f\u00e9rjenek.<\/p>\n<p>A honlaphonlap l\u00e1togat\u00f3ja a marketing c\u00e9l\u00fa s\u00fctik \u00e1ltal megszerzett szem\u00e9lyes adatai kezel\u00e9s\u00e9hez adott hozz\u00e1j\u00e1rul\u00e1s\u00e1t b\u00f6ng\u00e9sz\u0151je be\u00e1ll\u00edt\u00e1sainak megv\u00e1ltoztat\u00e1s\u00e1val a j\u00f6v\u0151re n\u00e9zve b\u00e1rmikor visszavonhatja. Lehet\u0151s\u00e9g van a b\u00f6ng\u00e9sz\u0151 \u201eS\u00fag\u00f3\u201d funkci\u00f3j\u00e1nak haszn\u00e1lat\u00e1ra is. Ha a l\u00e1togat\u00f3 nem k\u00edv\u00e1n s\u00fctiket haszn\u00e1lni, akkor ezeket akt\u00edvan t\u00f6r\u00f6lni vagy blokkolni kell. A s\u00fctikkel \u00e9s azok t\u00f6rl\u00e9s\u00e9vel kapcsolatos tov\u00e1bbi inform\u00e1ci\u00f3k a <a href=\"https:\/\/www.allaboutcookies.org\/\" target=\"_blank\" rel=\"noopener\">www.allaboutcookies.org<\/a> honlapon honlap \u00e9rhet\u0151k el, \u00e9s ezek az inform\u00e1ci\u00f3k a mobil b\u00f6ng\u00e9sz\u0151k haszn\u00e1lata eset\u00e9n a telefon haszn\u00e1lati utas\u00edt\u00e1s\u00e1ban \u00a0tal\u00e1lhat\u00f3k. A BTB a l\u00e1togat\u00f3 szem\u00e9lyes adatainak gy\u0171jt\u00e9se c\u00e9lj\u00e1b\u00f3l nem haszn\u00e1l s\u00fctiket.<\/p>\n<p>A szem\u00e9lyes adatok meg\u0151rz\u00e9si ideje a hozz\u00e1j\u00e1rul\u00e1s visszavon\u00e1s\u00e1ig tart.<\/p>\n<p>Az \u00e9rintett &#8211; a honlap l\u00e1togat\u00f3j\u00e1t, akinek szem\u00e9lyes adatait kezelik, a GDPR \u00e9rtelm\u00e9ben f\u0151leg \u00a0az <u>al\u00e1bbi jogok illetik meg<\/u>:<br \/>\n1) a szem\u00e9lyes adataihoz val\u00f3 hozz\u00e1f\u00e9r\u00e9s k\u00e9r\u00e9s\u00e9nek joga az \u00fczemeltet\u0151t\u0151l (jogosult az \u00fczemeltet\u0151t\u0151l visszaigazol\u00e1st ig\u00e9nyelni \u00a0arra vonatkoz\u00f3an, hogy a r\u00e1 vonatkoz\u00f3 szem\u00e9lyes adatok kezel\u00e9se folyamatban van-e. A GDPR \u00e9rtelm\u00e9ben az ilyen szem\u00e9lyes adatokhoz val\u00f3 hozz\u00e1f\u00e9r\u00e9s \u00e9s a tov\u00e1bbi inform\u00e1ci\u00f3khoz val\u00f3 jog);<br \/>\n2) a szem\u00e9lyes adatok helyesb\u00edt\u00e9s\u00e9hez val\u00f3 jog (a hib\u00e1s adatok helyesb\u00edt\u00e9se \u00e9s a hi\u00e1nyos adatok kieg\u00e9sz\u00edt\u00e9se);<br \/>\n3) a szem\u00e9lyes adatok t\u00f6rl\u00e9s\u00e9hez \u00e9s a szem\u00e9lyes adatok kezel\u00e9s\u00e9nek korl\u00e1toz\u00e1s\u00e1hoz val\u00f3 jog;<br \/>\n4) a szem\u00e9lyes adatok kezel\u00e9se elleni tiltakoz\u00e1s joga;<br \/>\n5) a szem\u00e9lyes adatok tov\u00e1bb\u00edt\u00e1s\u00e1hoz val\u00f3 jog;<br \/>\n6) a szem\u00e9lyes adatok kezel\u00e9s\u00e9hez adott hozz\u00e1j\u00e1rul\u00e1s visszavon\u00e1s\u00e1hoz val\u00f3 jog;<br \/>\n7) a szem\u00e9lyes adatok v\u00e9delm\u00e9vel kapcsolatos elj\u00e1r\u00e1s kezdem\u00e9nyez\u00e9s\u00e9nek joga a Szlov\u00e1k K\u00f6zt\u00e1rsas\u00e1g Szem\u00e9lyes Adatv\u00e9delmi Hivatal\u00e1n\u00e1l.<\/p>\n<p>A szem\u00e9lyes adatok megad\u00e1sa az \u00fczemeltet\u0151 szerz\u0151d\u00e9ses k\u00e9r\u00e9se, amely az \u00fczemeltet\u0151 h\u00edrlevel\u00e9nek megk\u00fcld\u00e9s\u00e9hez \u00e9s a direkt marketing megval\u00f3s\u00edt\u00e1s\u00e1hoz sz\u00fcks\u00e9ges. A szem\u00e9lyes adatok megad\u00e1s\u00e1nak elmulaszt\u00e1sa azt eredm\u00e9nyezi, hogy az \u00e9rintett r\u00e9sz\u00e9re nem tudunk direkt marketinget folytatni.<\/p>\n<p><u>C\u00edmzettek\/c\u00edmzettek kateg\u00f3ri\u00e1i:<\/u> A Pozsonyi Turisztikai Hivatal a s\u00fctiken kereszt\u00fcl megszerzett szem\u00e9lyes adatokat adatfeldolgoz\u00f3k &#8211; szolg\u00e1ltat\u00f3k seg\u00edts\u00e9g\u00e9vel dolgozza fel, k\u00fcl\u00f6n\u00f6sen a k\u00f6z\u00f6ss\u00e9gi m\u00e9dia \u00e9s az online marketing ter\u00fclet\u00e9n.<\/p>\n<p><u>Harmadik orsz\u00e1gokba val\u00f3 \u00e1tvitel:<\/u>\u00a0A webhely l\u00e1togat\u00f3inak adatai \u2013 a Google Analytics, GTM \u00e9s FB Pixel haszn\u00e1lat\u00e1val v\u00e9gzett feldolgoz\u00e1s kiv\u00e9tel\u00e9vel \u2013 nem ker\u00fclnek tov\u00e1bb\u00edt\u00e1sra az Eur\u00f3pai Uni\u00f3n vagy az Eur\u00f3pai Gazdas\u00e1gi T\u00e9rs\u00e9gen k\u00edv\u00fcli c\u00edmzettek r\u00e9sz\u00e9re. A fenti szolg\u00e1ltat\u00e1sok ig\u00e9nybev\u00e9tele \u00e9rdek\u00e9ben a szem\u00e9lyes adatok tov\u00e1bb\u00edt\u00e1sra ker\u00fclnek az Egyes\u00fclt \u00c1llamokban tal\u00e1lhat\u00f3 szerverekre. A szem\u00e9lyi adatok v\u00e9delm\u00e9nek szintje az Egyes\u00fclt \u00c1llamokban \u00f6sszem\u00e9rhet\u0151 az EU v\u00e9delmi szintj\u00e9vel. Az Eur\u00f3pai Bizotts\u00e1g 2016. j\u00falius 12-\u00e9n a GDPR 45. cikke alapj\u00e1n \u00fagy d\u00f6nt\u00f6tt, hogy az \u00fan. \u201eEU-USA privacy shield\u201d betart\u00e1sa mellett a szem\u00e9lyi adatok v\u00e9delme az Egyes\u00fclt \u00c1llamokban megfelel\u0151 szint\u0171.<\/p>\n","protected":false},"excerpt":{"rendered":"<p>Szem\u00e9lyes adatok v\u00e9delm\u00e9r\u0151l sz\u00f3l\u00f3 inform\u00e1ci\u00f3k a GDPR \u00e9rtelm\u00e9ben A Bratislava Tourist Board (BTB) \/ Bratislavsk\u00e1 organiz\u00e1cia cestovn\u00e9ho ruchu \/ Pozsonyi Turisztikai Hivatal sz\u00e9khely: \u0160af\u00e1rikovo n\u00e1m. 3, 811 02 Bratislava, KSH-sz\u00e1m: 42259088, e-mail: btb@visitbratislava.com, ezen a honlapon online szolg\u00e1ltat\u00e1sainak jav\u00edt\u00e1sa \u00e9rdek\u00e9ben s\u00fctiket haszn\u00e1l. A s\u00fctik kis sz\u00f6veges f\u00e1jlok, amelyek a felkeresett webhely nev\u00e9t, \u00e9rv\u00e9nyess\u00e9g\u00e9t \u00e9s el\u0151re [&hellip;]<\/p>\n","protected":false},"author":32,"featured_media":127213,"parent":0,"menu_order":0,"comment_status":"closed","ping_status":"closed","template":"","meta":[],"acf":[],"_links":{"self":[{"href":"https:\/\/www.visitbratislava.com\/hu\/wp-json\/wp\/v2\/pages\/126969"}],"collection":[{"href":"https:\/\/www.visitbratislava.com\/hu\/wp-json\/wp\/v2\/pages"}],"about":[{"href":"https:\/\/www.visitbratislava.com\/hu\/wp-json\/wp\/v2\/types\/page"}],"author":[{"embeddable":true,"href":"https:\/\/www.visitbratislava.com\/hu\/wp-json\/wp\/v2\/users\/32"}],"replies":[{"embeddable":true,"href":"https:\/\/www.visitbratislava.com\/hu\/wp-json\/wp\/v2\/comments?post=126969"}],"version-history":[{"count":3,"href":"https:\/\/www.visitbratislava.com\/hu\/wp-json\/wp\/v2\/pages\/126969\/revisions"}],"predecessor-version":[{"id":127267,"href":"https:\/\/www.visitbratislava.com\/hu\/wp-json\/wp\/v2\/pages\/126969\/revisions\/127267"}],"wp:featuredmedia":[{"embeddable":true,"href":"https:\/\/www.visitbratislava.com\/hu\/wp-json\/wp\/v2\/media\/127213"}],"wp:attachment":[{"href":"https:\/\/www.visitbratislava.com\/hu\/wp-json\/wp\/v2\/media?parent=126969"}],"curies":[{"name":"wp","href":"https:\/\/api.w.org\/{rel}","templated":true}]}}