{"id":100694,"date":"2021-06-01T14:00:10","date_gmt":"2021-06-01T12:00:10","guid":{"rendered":"https:\/\/www.visitbratislava.com\/?page_id=100694"},"modified":"2021-06-01T14:00:10","modified_gmt":"2021-06-01T12:00:10","slug":"divertimento-per-tutta-la-famiglia","status":"publish","type":"page","link":"https:\/\/www.visitbratislava.com\/it\/divertimento-per-tutta-la-famiglia\/","title":{"rendered":"Divertimento per tutta la famiglia"},"content":{"rendered":"<h3>NELLA NATURA CON LA FAMIGLIA<\/h3>\n<p>Tra i luoghi pi\u00f9 visitati c\u2019\u00e9 sicuramente lo\u00a0<a href=\"https:\/\/www.visitbratislava.com\/places\/zoo\/\"><strong>Zoo di Bratislava<\/strong><\/a>\u00a0situato nel quartiere di Mlynsk\u00e1 dolina. Il parco zoologico accoglie pi\u00f9 di mille animali appartenenti a 180 specie diverse.<\/p>\n<p>Durante tutti i weekend da maggio fino alla fine di settembre vengono effettuate visite guidate durante le quali potete dar da mangiare a diversi animali e osservarli da pi\u00f9 vicino del solito. Lo zoo diventa ancora pi\u00f9 vivace durante gli eventi speciali organizzati per i piccoli, per esempio nell\u2019occasione della Giornata del bambino oppure della festa di San Nicola. Il parco ospita anche la zona di DinoPark che incanta i bambini con numerose riproduzioni di dinosauri realizzate in grandezza naturale. \u00c8 inoltre possibile leggere le informazioni riguardanti la loro vita, visitare il cinema 3D oppure giocare nel campo giochi paleontologico.<\/p>\n<p>I possessori della tessera turistica <a href=\"https:\/\/card.visitbratislava.com\/\">Bratislava CARD<\/a> hanno diritto ad uno sconto del 100 % alla visita dello Zoo. Possono inoltre approfittare del trasporto gratuito con i mezzi pubblici.<\/p>\n<p><img loading=\"lazy\" class=\"alignnone wp-image-100698 size-large\" src=\"https:\/\/www.visitbratislava.com\/wp-content\/uploads\/2018\/11\/surikaty-zoo-orezane-800x401.jpg\" alt=\"zoo animals\" width=\"800\" height=\"401\" srcset=\"https:\/\/www.visitbratislava.com\/wp-content\/uploads\/2018\/11\/surikaty-zoo-orezane-800x401.jpg 800w, https:\/\/www.visitbratislava.com\/wp-content\/uploads\/2018\/11\/surikaty-zoo-orezane-400x201.jpg 400w, https:\/\/www.visitbratislava.com\/wp-content\/uploads\/2018\/11\/surikaty-zoo-orezane-768x385.jpg 768w, https:\/\/www.visitbratislava.com\/wp-content\/uploads\/2018\/11\/surikaty-zoo-orezane-200x100.jpg 200w, https:\/\/www.visitbratislava.com\/wp-content\/uploads\/2018\/11\/surikaty-zoo-orezane-384x192.jpg 384w, https:\/\/www.visitbratislava.com\/wp-content\/uploads\/2018\/11\/surikaty-zoo-orezane-784x392.jpg 784w\" sizes=\"(max-width: 800px) 100vw, 800px\" \/><\/p>\n<p>Immagine tratta da: ZOO<\/p>\n<p>Un paesaggio affascinante e la storia si incontrano al\u00a0<a href=\"https:\/\/www.visitbratislava.com\/places\/devin-castle\/\"><strong>Castello di Dev\u00edn<\/strong><\/a>, uno dei siti storici ed archeologici pi\u00f9 importanti dell\u2019Europa centrale. Offre una vista straordinaria sulla confluenza di due fiumi \u2013 Danubio e Morava. Vi si svolgono regolarmente diversi eventi culturali come ad esempio il torneo \u201cI cavalieri a Dev\u00edn\u201d.<\/p>\n<p><img loading=\"lazy\" class=\"alignnone wp-image-100352 size-large\" src=\"https:\/\/www.visitbratislava.com\/wp-content\/uploads\/2014\/10\/letecka-devin-800x450.jpg\" alt=\"devin castle nature danube green\" width=\"800\" height=\"450\" srcset=\"https:\/\/www.visitbratislava.com\/wp-content\/uploads\/2014\/10\/letecka-devin-800x450.jpg 800w, https:\/\/www.visitbratislava.com\/wp-content\/uploads\/2014\/10\/letecka-devin-400x225.jpg 400w, https:\/\/www.visitbratislava.com\/wp-content\/uploads\/2014\/10\/letecka-devin-200x113.jpg 200w\" sizes=\"(max-width: 800px) 100vw, 800px\" \/><\/p>\n<p><a href=\"https:\/\/www.visitbratislava.com\/sk\/miesta\/zelezna-studienka\/\"><strong>\u017delezn\u00e1 studienka<\/strong><\/a> con le sue tante aree verdi e vasti spazi per famiglie con bambini \u00e8 un\u2019area ricreativa molto ricercata. Vi invitiamo a prendere la seggiovia e godervi il panorama da 186 metri di altezza. La zona di Partiz\u00e1nska l\u00faka offre anche la possibilit\u00e0 di andare in bici, pattinare oppure pescare. Potete inoltre godervi un picnic, una rilassante passeggiata, un barbecue e i campi giochi per le famiglie con bambini.<\/p>\n<h3>DIVERTIMENTO IN CASO DI PIOGGIA<\/h3>\n<p>Per intrattenere i bambini in caso di maltempo c\u2019\u00e8 la possibilit\u00e0 di divertirsi saltando nella\u00a0<a href=\"https:\/\/jumparena.sk\/\"><strong>Jump arena<\/strong><\/a>, realizzare un dolce nel laboratorio\u00a0<a href=\"https:\/\/www.visitbratislava.com\/places\/bon-manufaktur-confectionery\/\"><strong>Bon Manufaktur<\/strong><\/a>\u00a0(con uno sconto del 10% con la\u00a0<a href=\"https:\/\/card.visitbratislava.com\/\">Bratislava CARD<\/a>) o visitare il centro scientifico sperimentale\u00a0<a href=\"https:\/\/www.visitbratislava.com\/places\/zazitkove-centrum-vedy-aurelium\/\"><strong>Aurelium<\/strong><\/a> oppure. Quest\u2019ultimo rappresenta una fusione tra scuola, museo e parco divertimenti. L\u2019idea proviene dalla teoria secondo la quale il modo migliore di imparare si basi sulle proprie esperienze.<\/p>\n<p>La <a href=\"https:\/\/www.visitbratislava.com\/places\/gallery-multium\/\"><strong>Galleria Multium<\/strong><\/a>\u00a0(sconto del 15% con la\u00a0<a href=\"https:\/\/card.visitbratislava.com\/\">Bratislava CARD<\/a>) nel centro di Bratislava con le sue 6 stanze \u201cinfinite\u201d rappresenta una illusione di uno spazio sconfinato fatto di specchi ed effetti luminosi speciali. Il progetto \u00e8 stato ispirato da un\u2019artista giapponese.<\/p>\n<p><img loading=\"lazy\" class=\"alignnone wp-image-100699 size-large\" src=\"https:\/\/www.visitbratislava.com\/wp-content\/uploads\/2018\/11\/chodba-multium-orezane-800x377.jpg\" alt=\"multium gallery mirror\" width=\"800\" height=\"377\" srcset=\"https:\/\/www.visitbratislava.com\/wp-content\/uploads\/2018\/11\/chodba-multium-orezane-800x377.jpg 800w, https:\/\/www.visitbratislava.com\/wp-content\/uploads\/2018\/11\/chodba-multium-orezane-400x188.jpg 400w, https:\/\/www.visitbratislava.com\/wp-content\/uploads\/2018\/11\/chodba-multium-orezane-768x362.jpg 768w, https:\/\/www.visitbratislava.com\/wp-content\/uploads\/2018\/11\/chodba-multium-orezane-200x94.jpg 200w, https:\/\/www.visitbratislava.com\/wp-content\/uploads\/2018\/11\/chodba-multium-orezane-1440x680.jpg 1440w\" sizes=\"(max-width: 800px) 100vw, 800px\" \/><\/p>\n<p>La combinazione di divertimento e didattica non sempre porta al risultato sperato, ma il\u00a0<a href=\"https:\/\/www.visitbratislava.com\/places\/slovak-national-museum-natural-history-museum\/\"><strong>Museo delle scienze naturali<\/strong><\/a>\u00a0\u00e8 un ottimo esempio di entrambi. Esplorate la storia della vita sulla Terra ed i miracoli della natura in Slovacchia. Fatevi stupire dalle repliche degli animali estinti a grandezza naturale.<\/p>\n<p>*sconto del 20% con la\u00a0Bratislava CARD City &amp; Region<\/p>\n<h3>UNA CULTURA DIVERTENTE<\/h3>\n<p>La casa dell\u2019arte per bambini <a href=\"https:\/\/www.visitbratislava.com\/places\/bibiana\/\"><strong>Bibiana<\/strong><\/a>, situata proprio di fronte al\u00a0<a href=\"https:\/\/www.visitbratislava.com\/places\/st-martins-cathedral\/\">Duomo San Martino<\/a>, \u00a0pu\u00f2 essere visitata in ogni condizione meteorologica e regala ai bambini la possibilit\u00e0 di esplorare la cultura in un modo davvero non convenzionale.<\/p>\n<p>La casa internazionale dell\u2019arte per bambini promuove la crescita e diffusione dell\u2019arte professionale per bambini. Oltre ai singoli progetti di mostre interattive si dedica anche alle attivit\u00e0 rivolte al grande pubblico.\u00a0 Sapete cosa sono le bambole Kiwanis? Vi piacerebbe vedere con i vostri occhi l\u2019animazione di un film? Allora correte a visitare Bibiana.<\/p>\n<p>Inoltre, grazie a questa istituzione, Bratislava diventa ogni due anni il regno dei libri per bambini e ragazzi. La Biennale di illustrazione di Bratislava porta nella capitale le illustrazioni di libri da tutto il mondo, sollecitando la fantasia dei bimbi in un modo meraviglioso.<\/p>\n<p><img loading=\"lazy\" class=\"alignnone wp-image-100696 size-large\" src=\"https:\/\/www.visitbratislava.com\/wp-content\/uploads\/2018\/11\/zdroj_Dominik_Sepp-Bibiana-800x533.jpg\" alt=\"bibiana kids\" width=\"800\" height=\"533\" srcset=\"https:\/\/www.visitbratislava.com\/wp-content\/uploads\/2018\/11\/zdroj_Dominik_Sepp-Bibiana-800x533.jpg 800w, https:\/\/www.visitbratislava.com\/wp-content\/uploads\/2018\/11\/zdroj_Dominik_Sepp-Bibiana-400x267.jpg 400w, https:\/\/www.visitbratislava.com\/wp-content\/uploads\/2018\/11\/zdroj_Dominik_Sepp-Bibiana-768x512.jpg 768w, https:\/\/www.visitbratislava.com\/wp-content\/uploads\/2018\/11\/zdroj_Dominik_Sepp-Bibiana-200x133.jpg 200w\" sizes=\"(max-width: 800px) 100vw, 800px\" \/><br \/>\nAutore dell\u2019immagine: Dominik Sepp<\/p>\n<p>Nel passato, ogni citt\u00e0 doveva essere protetta dai soldati con le armi. Anche Bratislava non faceva eccezione. Il <a href=\"https:\/\/www.visitbratislava.com\/places\/museum-of-arms\/\"><strong>Museo delle armi<\/strong><\/a>\u00a0porta i suoi visitatori alla scoperta della storia della fortificazione di Bratislava, mostrando una collezione di diverse armi bianche, armature da combattimento e da giostra, con una sezione separata dedicata allo sviluppo di armi da fuoco.<\/p>\n<p>*Sconto del 100% con la\u00a0<a href=\"https:\/\/card.visitbratislava.com\/\">Bratislava CARD.<\/a><\/p>\n<p><img loading=\"lazy\" class=\"alignnone wp-image-37970 size-large\" src=\"https:\/\/www.visitbratislava.com\/wp-content\/uploads\/2017\/11\/noc-night-zima-vianoce-tma-dark-michalska-veza-brana-michaels-tower-gate-muzeum-zbrani-museum-arms-photo-video-point-ufo-vyhlad-view-800x600.jpg\" alt=\"michaels gate museum of weapons\" width=\"800\" height=\"600\" srcset=\"https:\/\/www.visitbratislava.com\/wp-content\/uploads\/2017\/11\/noc-night-zima-vianoce-tma-dark-michalska-veza-brana-michaels-tower-gate-muzeum-zbrani-museum-arms-photo-video-point-ufo-vyhlad-view.jpg 800w, https:\/\/www.visitbratislava.com\/wp-content\/uploads\/2017\/11\/noc-night-zima-vianoce-tma-dark-michalska-veza-brana-michaels-tower-gate-muzeum-zbrani-museum-arms-photo-video-point-ufo-vyhlad-view-400x300.jpg 400w, https:\/\/www.visitbratislava.com\/wp-content\/uploads\/2017\/11\/noc-night-zima-vianoce-tma-dark-michalska-veza-brana-michaels-tower-gate-muzeum-zbrani-museum-arms-photo-video-point-ufo-vyhlad-view-768x576.jpg 768w, https:\/\/www.visitbratislava.com\/wp-content\/uploads\/2017\/11\/noc-night-zima-vianoce-tma-dark-michalska-veza-brana-michaels-tower-gate-muzeum-zbrani-museum-arms-photo-video-point-ufo-vyhlad-view-200x150.jpg 200w\" sizes=\"(max-width: 800px) 100vw, 800px\" \/><\/p>\n<p>Prima che le nostre strade diventassero piene di macchine, l\u2019aspetto della citt\u00e0 era leggermente diverso.\u00a0 Nel\u00a0<a href=\"https:\/\/www.visitbratislava.com\/places\/transport-museum\/\"><strong>Museo dei trasporti<\/strong><\/a>\u00a0a Bratislava potete ammirare una ricca collezione di mezzi di trasporto che va dalle carrozze, le macchine, fino alle locomotive a vapore, a diesel e a quelle elettriche. Il trasporto stradale viene rappresentato da una collezione che mostra i primi mezzi di trasporto, biciclette, macchine e camion risalenti al periodo tra le due guerre mondiali ed infine i veicoli degli anni \u201860 e \u201870.<\/p>\n<p><img loading=\"lazy\" class=\"alignnone wp-image-3377 size-large\" src=\"https:\/\/www.visitbratislava.com\/wp-content\/uploads\/2015\/03\/Muzeum-dopravy-800x513.jpg\" alt=\"Museum of Transport old cars\" width=\"800\" height=\"513\" srcset=\"https:\/\/www.visitbratislava.com\/wp-content\/uploads\/2015\/03\/Muzeum-dopravy-800x513.jpg 800w, https:\/\/www.visitbratislava.com\/wp-content\/uploads\/2015\/03\/Muzeum-dopravy-400x257.jpg 400w, https:\/\/www.visitbratislava.com\/wp-content\/uploads\/2015\/03\/Muzeum-dopravy-200x128.jpg 200w\" sizes=\"(max-width: 800px) 100vw, 800px\" \/><\/p>\n<p>La <a href=\"https:\/\/www.visitbratislava.com\/places\/ufo\/\"><strong>Torre dell\u2019UFO<\/strong><\/a> vi regala una vista panoramica mozzafiato su tutta Bratislava, fino a 100 chilometri di distanza. Lasciate che l\u2019ascensore vi porti fino ai 95 metri di altezza e godetevi la vista della citt\u00e0.<\/p>\n<p><img loading=\"lazy\" class=\"alignnone wp-image-1308 size-large\" src=\"https:\/\/www.visitbratislava.com\/wp-content\/uploads\/2014\/10\/hrad-dunaj-ufo-800x450.jpg\" alt=\"ufo tower danube bratislava castle\" width=\"800\" height=\"450\" srcset=\"https:\/\/www.visitbratislava.com\/wp-content\/uploads\/2014\/10\/hrad-dunaj-ufo-800x450.jpg 800w, https:\/\/www.visitbratislava.com\/wp-content\/uploads\/2014\/10\/hrad-dunaj-ufo-400x225.jpg 400w, https:\/\/www.visitbratislava.com\/wp-content\/uploads\/2014\/10\/hrad-dunaj-ufo-200x113.jpg 200w\" sizes=\"(max-width: 800px) 100vw, 800px\" \/><\/p>\n<p>Un modo divertente per far scoprire Bratislava ai nostri pi\u00f9 piccoli? Una delle opzioni \u00e8 portarli sul\u00a0<strong>trenino turistico<\/strong> il quale offre sia percorsi brevi che pi\u00f9 lunghi. A bordo del trenino potete scoprire un po\u2019 di storia della citt\u00e0 e conoscerne tutti i luoghi pi\u00f9 importanti.<\/p>\n<h3>ESCURSIONI NEI DINTORNI<\/h3>\n<p><a href=\"https:\/\/www.visitbratislava.com\/places\/red-stone-castle\/\"><strong>Il castello di \u010cerven\u00fd kame\u0148<\/strong><\/a><\/p>\n<p>Un imponente castello che accoglie un\u2019esposizione straordinaria dista soli 50 minuti di macchina da Bratislava. I tempi di gloria del castello e le immagini della sua ricca storia si possono ammirare soprattutto durante le feste, i tornei medievali e gli spettacoli dei falconieri. Un\u2019atmosfera insolita vi attende durante le visite guidate notturne nella stagione estiva. Grazie al suo fascino medievale il castello \u00e8 diventato il set cinematografico per diversi film come ad esempio Fantaghir\u00f3 o Dragonheart.<\/p>\n<p>*sconto del 100% con la\u00a0<a href=\"https:\/\/card.visitbratislava.com\/\">Bratislava CARD<\/a><\/p>\n<p><a href=\"http:\/\/www.biofarma.sk\/\"><strong>Biofarma<\/strong><\/a><\/p>\n<p>La fattoria \u201cBioFarma\u201d rappresenta un\u2019oasi di vera natura vicino a Bratislava. La struttura ospita diverse specie di animali e consiste in vari edifici tra cui un caseificio e una panetteria, alcuni campi giochi e un ristorante con terrazza esterna. Vi aspetta un ambiente fatto di bellissimi alberi ed arbusti, prati, frutteti, vigneti e vivai. Venite a vedere gli animali allevati con amore e assaggiate le delizie tradizionali preparate con materie prime naturali.<\/p>\n<p><a href=\"http:\/\/www.abeland.sk\/\"><strong>Abeland<\/strong><\/a><\/p>\n<p>Il piccolo villaggio rustico di Abeland \u00e8 stato fondato dalla grande famiglia Abel. Il luogo permette ai suoi visitatori di scoprire il modo di vivere di una volta, quello dei nostri nonni e bisnonni, circondati dalla natura incontaminata. I bambini hanno la possibilit\u00e0 di vedere diversi animali domestici, di giocare nel campo giochi e di partecipare alle attivit\u00e0 del laboratorio creativo.<\/p>\n<p><a href=\"https:\/\/www.visitbratislava.com\/places\/water-park-senec\/\"><strong>Parco acquatico a\u00a0Senec<\/strong><\/a><\/p>\n<p>Un\u2019avventura dopo l\u2019altra attende i grandi ed i piccini, quelli pi\u00f9 pigri ed anche quelli pi\u00f9 sportivi. Diversi tipi di piscine con numerose attrazioni acquatiche, getti idromassaggio, una fontana a forma di fungo, panche idromassaggio ed altre sorprese vi aspettano.<\/p>\n<p>*1 ora in pi\u00f9 gratuita con la\u00a0<a href=\"https:\/\/card.visitbratislava.com\/\">Bratislava CARD<\/a><\/p>\n<p>Oltre i vantaggi gi\u00e0 elencati la tessera <a href=\"http:\/\/card.visitbratislava.com\/sk\">Bratislava CARD<\/a>\u00a0vi garantisce il trasporto gratuito all\u2019interno della regione. Durante la stagione turistica potete approfittare della linea autobus regionale chiamata\u00a0<a href=\"https:\/\/www.visitbratislava.com\/informations\/small-carphatians-express\/\">\u201cl\u2019Express dei Piccoli Carpazi\u201d<\/a> per raggiungere la localit\u00e0 di \u010cerven\u00fd kame\u0148.<\/p>\n","protected":false},"excerpt":{"rendered":"<p>In estate oppure in inverno, per grandi e piccini &#8211; Bratislava regala divertimento per tutta la famiglia.<\/p>\n","protected":false},"author":25,"featured_media":100697,"parent":0,"menu_order":0,"comment_status":"closed","ping_status":"closed","template":"","meta":[],"acf":[],"_links":{"self":[{"href":"https:\/\/www.visitbratislava.com\/it\/wp-json\/wp\/v2\/pages\/100694"}],"collection":[{"href":"https:\/\/www.visitbratislava.com\/it\/wp-json\/wp\/v2\/pages"}],"about":[{"href":"https:\/\/www.visitbratislava.com\/it\/wp-json\/wp\/v2\/types\/page"}],"author":[{"embeddable":true,"href":"https:\/\/www.visitbratislava.com\/it\/wp-json\/wp\/v2\/users\/25"}],"replies":[{"embeddable":true,"href":"https:\/\/www.visitbratislava.com\/it\/wp-json\/wp\/v2\/comments?post=100694"}],"version-history":[{"count":0,"href":"https:\/\/www.visitbratislava.com\/it\/wp-json\/wp\/v2\/pages\/100694\/revisions"}],"wp:featuredmedia":[{"embeddable":true,"href":"https:\/\/www.visitbratislava.com\/it\/wp-json\/wp\/v2\/media\/100697"}],"wp:attachment":[{"href":"https:\/\/www.visitbratislava.com\/it\/wp-json\/wp\/v2\/media?parent=100694"}],"curies":[{"name":"wp","href":"https:\/\/api.w.org\/{rel}","templated":true}]}}