{"id":103889,"date":"2021-06-01T13:29:07","date_gmt":"2021-06-01T11:29:07","guid":{"rendered":"https:\/\/www.visitbratislava.com\/?page_id=103889"},"modified":"2025-07-01T10:43:16","modified_gmt":"2025-07-01T08:43:16","slug":"top-10-di-bratislava","status":"publish","type":"page","link":"https:\/\/www.visitbratislava.com\/it\/top-10-di-bratislava\/","title":{"rendered":"Top 10 di Bratislava"},"content":{"rendered":"<p><iframe src=\"https:\/\/www.google.com\/maps\/d\/embed?mid=1JeYaPG-l7wMux-U3Vtl-S95aDqo\" width=\"1000\" height=\"480\"><\/iframe><\/p>\n<p>Se decidete di visitare la nostra capitale, sicuramente non dovreste perdervi le attrazioni e monumenti TOP che rendono Bratislava una citt\u00e0 straordinaria. Fate una passeggiata dal palazzo storico del Vecchio municipio fino al moderno UFO. \u00c8 semplicemente impossibile andare via da Bratislava senza aver visitato queste attrazioni.<\/p>\n<p>Alcune di esse hanno l\u2019ingresso completamente gratuito oppure a tariffe accettabili, mentre potete approfittare anche dell\u2019ingresso ridotto.\u00a0 La cosa migliore comunque \u00e8 acquistare la\u00a0<a href=\"http:\/\/card.visitbratislava.com\/sk\/\">Bratislava Card City &amp; Region<\/a>. Vi permetter\u00e0 non solo di viaggiare gratuitamente con i mezzi pubblici di Bratislava ma anche di ottenere altri sconti e vantaggi.<\/p>\n<h3><a href=\"https:\/\/www.visitbratislava.com\/it\/places\/castello-di-bratislava\/\">1. Castello di Bratislava<\/a><\/h3>\n<p>Originalmente sede dei monarchi, oggi simbolo di Bratislava e sede del Museo storico. La sua Torre della corona, alta 147 metri, dove una volta furono conservati i gioielli reali della corona, offre una vista mozzafiato non solo della citt\u00e0 ma anche dei paesi confinanti.<\/p>\n<p><strong>Ingresso:<\/strong>\u00a010 \u20ac, con la\u00a0<a href=\"http:\/\/card.visitbratislava.com\/sk\/\">Bratislava Card City &amp; Region<\/a>\u00a0sconto del 100 %<\/p>\n<p><img loading=\"lazy\" width=\"800\" height=\"541\" class=\"size-large wp-image-114638 aligncenter\" src=\"https:\/\/www.visitbratislava.com\/wp-content\/uploads\/2014\/11\/HRADnew-800x541.jpg\" alt=\"\" srcset=\"https:\/\/www.visitbratislava.com\/wp-content\/uploads\/2014\/11\/HRADnew-800x541.jpg 800w, https:\/\/www.visitbratislava.com\/wp-content\/uploads\/2014\/11\/HRADnew-400x271.jpg 400w, https:\/\/www.visitbratislava.com\/wp-content\/uploads\/2014\/11\/HRADnew-200x135.jpg 200w, https:\/\/www.visitbratislava.com\/wp-content\/uploads\/2014\/11\/HRADnew.jpg 1181w\" sizes=\"(max-width: 800px) 100vw, 800px\" \/><\/p>\n<h3><a href=\"https:\/\/www.visitbratislava.com\/it\/places\/duomo-di-san-martino\/\">2. Duomo di san Martino<\/a><\/h3>\n<p>La chiesa gotica a tre navate risalente al XV secolo fu un tempo la chiesa dell\u2019incoronazione. A ricordare questi tempi gloriosi \u00e8 una replica della corona reale placcata in oro posta sulla cima della torre della cattedrale all\u2019altezza di 85 metri che pesa 150 kg.<\/p>\n<p><img loading=\"lazy\" width=\"800\" height=\"533\" class=\"size-large wp-image-73596 aligncenter\" src=\"https:\/\/www.visitbratislava.com\/wp-content\/uploads\/2020\/01\/Dekan-komparz-D\u00f3m-leisure-p\u00e1r-Rudnayovo-goodmood-800x533.jpg\" alt=\"\" srcset=\"https:\/\/www.visitbratislava.com\/wp-content\/uploads\/2020\/01\/Dekan-komparz-D\u00f3m-leisure-p\u00e1r-Rudnayovo-goodmood-800x533.jpg 800w, https:\/\/www.visitbratislava.com\/wp-content\/uploads\/2020\/01\/Dekan-komparz-D\u00f3m-leisure-p\u00e1r-Rudnayovo-goodmood-400x267.jpg 400w, https:\/\/www.visitbratislava.com\/wp-content\/uploads\/2020\/01\/Dekan-komparz-D\u00f3m-leisure-p\u00e1r-Rudnayovo-goodmood-768x512.jpg 768w, https:\/\/www.visitbratislava.com\/wp-content\/uploads\/2020\/01\/Dekan-komparz-D\u00f3m-leisure-p\u00e1r-Rudnayovo-goodmood-200x133.jpg 200w\" sizes=\"(max-width: 800px) 100vw, 800px\" \/><\/p>\n<h3><a href=\"https:\/\/www.visitbratislava.com\/it\/places\/vecchio-municipio\/\">3. VECCHIO MUNICIPIO<\/a><\/h3>\n<p>Un tempo fu sede dell\u2019amministrazione della citt\u00e0, dal 1868 ospita invece il Museo civico di Bratislava \u2013 il museo pi\u00f9 antico della Slovacchia. Dopo aver salito gli stretti gradini che portano sulla sua torre alta 45 metri potete ammirare una bellissima veduta panoramica della Citt\u00e0 vecchia.<\/p>\n<p><strong>Ingresso<\/strong>: 7 \u20ac, con <a href=\"http:\/\/card.visitbratislava.com\/sk\/\">Bratislava Card City &amp; Region<\/a>\u00a0sconto del 100 %<\/p>\n<p><img loading=\"lazy\" width=\"800\" height=\"468\" class=\"size-large wp-image-4736 aligncenter\" src=\"https:\/\/www.visitbratislava.com\/wp-content\/uploads\/2015\/04\/viva_musica_namestie_radnica-e1456840058958-800x468.jpg\" alt=\"\" srcset=\"https:\/\/www.visitbratislava.com\/wp-content\/uploads\/2015\/04\/viva_musica_namestie_radnica-e1456840058958-800x468.jpg 800w, https:\/\/www.visitbratislava.com\/wp-content\/uploads\/2015\/04\/viva_musica_namestie_radnica-e1456840058958-400x234.jpg 400w, https:\/\/www.visitbratislava.com\/wp-content\/uploads\/2015\/04\/viva_musica_namestie_radnica-e1456840058958-200x117.jpg 200w, https:\/\/www.visitbratislava.com\/wp-content\/uploads\/2015\/04\/viva_musica_namestie_radnica-e1456840058958-768x449.jpg 768w\" sizes=\"(max-width: 800px) 100vw, 800px\" \/><\/p>\n<h3><a href=\"https:\/\/www.visitbratislava.com\/it\/places\/palazzo-primaziale\/\">4. palazzo primaziale\u00a0<\/a><\/h3>\n<p>Palazzo nello stile classico del XVIII secolo dove dopo la vittoria di Napoleone nella battaglia di Austerlitz venne firmato l\u2019accordo tra i rappresentanti dell\u2019imperatore francese ed austriaco, entrato nella storia come la Pace di Pressburgo. Oggi ospita un\u2019esposizione di una collezione unica di 6 arazzi inglesi risalenti al XVII secolo ed \u00e8 anche sede del sindaco della capitale slovacca.<\/p>\n<p><strong>Ingresso:<\/strong> 3 \u20ac, con la <a href=\"http:\/\/card.visitbratislava.com\/sk\/\">Bratislava Card City &amp; Region<\/a>\u00a0sconto del 20 %<\/p>\n<p><img loading=\"lazy\" width=\"800\" height=\"515\" class=\"size-large wp-image-25960 aligncenter\" src=\"https:\/\/www.visitbratislava.com\/wp-content\/uploads\/2016\/11\/primacialny-800x515.jpg\" alt=\"\" srcset=\"https:\/\/www.visitbratislava.com\/wp-content\/uploads\/2016\/11\/primacialny-800x515.jpg 800w, https:\/\/www.visitbratislava.com\/wp-content\/uploads\/2016\/11\/primacialny-400x258.jpg 400w, https:\/\/www.visitbratislava.com\/wp-content\/uploads\/2016\/11\/primacialny-768x495.jpg 768w, https:\/\/www.visitbratislava.com\/wp-content\/uploads\/2016\/11\/primacialny-200x129.jpg 200w, https:\/\/www.visitbratislava.com\/wp-content\/uploads\/2016\/11\/primacialny.jpg 1200w\" sizes=\"(max-width: 800px) 100vw, 800px\" \/><\/p>\n<h3>5. <span class=\"x_gmail-css-1jxf684 x_gmail-r-bcqeeo x_gmail-r-1ttztb7 x_gmail-r-qvutc0 x_gmail-r-poiln3\"><span class=\"x_gmail-css-1jxf684 x_gmail-r-bcqeeo x_gmail-r-1ttztb7 x_gmail-r-qvutc0 x_gmail-r-poiln3 x_gmail-r-1x3r274\">Lungofiume Eurovea<\/span><\/span><\/h3>\n<p><span class=\"x_gmail-css-1jxf684 x_gmail-r-bcqeeo x_gmail-r-1ttztb7 x_gmail-r-qvutc0 x_gmail-r-poiln3 x_gmail-r-1adg3ll x_gmail-r-1x3r274 x_gmail-r-p1pxzi\"><span class=\"x_gmail-css-1jxf684 x_gmail-r-bcqeeo x_gmail-r-1ttztb7 x_gmail-r-qvutc0 x_gmail-r-poiln3\"><span class=\"x_gmail-css-1jxf684 x_gmail-r-bcqeeo x_gmail-r-1ttztb7 x_gmail-r-qvutc0 x_gmail-r-poiln3 x_gmail-r-1x3r274\">La combinazione della passeggiata vicino al centro commerciale, del lungofiume e della piazza che conduce al teatro rappresenta un elemento urbano eccezionale. Parte di un quartiere che si sta trasformando nel moderno centro di Bratislava, include anche il nuovo edificio del Teatro Nazionale Slovacco, rivestito di travertino bianco, e il centro commerciale Eurovea. Qui troverete non solo marchi di moda di tendenza, ma durante lo shopping potrete anche rilassarvi in caff\u00e8 o ristoranti lungo la piacevole passeggiata sul lungofiume del Danubio, con vista sul Castello di Bratislava.<\/span><\/span><\/span><\/p>\n<p><img loading=\"lazy\" width=\"800\" height=\"533\" class=\"aligncenter size-large wp-image-62821\" src=\"https:\/\/www.visitbratislava.com\/wp-content\/uploads\/2019\/07\/eurovea-danube-fest-2-800x533.jpg\" alt=\"\" srcset=\"https:\/\/www.visitbratislava.com\/wp-content\/uploads\/2019\/07\/eurovea-danube-fest-2-800x533.jpg 800w, https:\/\/www.visitbratislava.com\/wp-content\/uploads\/2019\/07\/eurovea-danube-fest-2-400x267.jpg 400w, https:\/\/www.visitbratislava.com\/wp-content\/uploads\/2019\/07\/eurovea-danube-fest-2-768x512.jpg 768w, https:\/\/www.visitbratislava.com\/wp-content\/uploads\/2019\/07\/eurovea-danube-fest-2-200x133.jpg 200w\" sizes=\"(max-width: 800px) 100vw, 800px\" \/><\/p>\n<h3><a href=\"https:\/\/www.visitbratislava.com\/it\/places\/palazzo-grassalkovich\/\">6. palazzo grassalkoviCH<\/a><\/h3>\n<p>Palazzo estivo in stile rococ\u00f2 risalente al XVIII secolo fu nel passato rinomato per una vita sociale molto intensa. Il palazzo ha ospitato anche un concerto del famoso compositore Joseph Haydn. Dal 1996 \u00e8 sede della presidenza della Repubblica slovacca.<\/p>\n<p><img loading=\"lazy\" width=\"800\" height=\"506\" class=\"aligncenter size-full wp-image-103343\" src=\"https:\/\/www.visitbratislava.com\/wp-content\/uploads\/2021\/04\/Molnar_Prezidentsky-palac.jpg\" alt=\"\" srcset=\"https:\/\/www.visitbratislava.com\/wp-content\/uploads\/2021\/04\/Molnar_Prezidentsky-palac.jpg 800w, https:\/\/www.visitbratislava.com\/wp-content\/uploads\/2021\/04\/Molnar_Prezidentsky-palac-400x253.jpg 400w, https:\/\/www.visitbratislava.com\/wp-content\/uploads\/2021\/04\/Molnar_Prezidentsky-palac-768x486.jpg 768w, https:\/\/www.visitbratislava.com\/wp-content\/uploads\/2021\/04\/Molnar_Prezidentsky-palac-200x127.jpg 200w\" sizes=\"(max-width: 800px) 100vw, 800px\" \/><\/p>\n<h3><a href=\"https:\/\/www.visitbratislava.com\/it\/places\/chiesa-di-santa-elisabetta-dungheria-la-chiesa-blu\/\">7. CHIESA blu<\/a><\/h3>\n<p>La chiesa secessionista di Santa Elisabetta risale all\u2019inizio del XX secolo ed \u00e8 tipica per il suo colore blu. Si distingue per le decorazioni dettagliate della facciata con uso frequente di mosaici. \u00c8 diventata un luogo popolare di matrimoni e battesimi.<\/p>\n<p><img loading=\"lazy\" width=\"800\" height=\"531\" class=\"size-large wp-image-100342 aligncenter\" src=\"https:\/\/www.visitbratislava.com\/wp-content\/uploads\/2015\/02\/modry_kostolik01-800x531.jpg\" alt=\"Blue Church\" srcset=\"https:\/\/www.visitbratislava.com\/wp-content\/uploads\/2015\/02\/modry_kostolik01-800x531.jpg 800w, https:\/\/www.visitbratislava.com\/wp-content\/uploads\/2015\/02\/modry_kostolik01-400x266.jpg 400w, https:\/\/www.visitbratislava.com\/wp-content\/uploads\/2015\/02\/modry_kostolik01-200x133.jpg 200w\" sizes=\"(max-width: 800px) 100vw, 800px\" \/><\/p>\n<h3><a href=\"https:\/\/www.visitbratislava.com\/it\/places\/slavin\/\">8. memoriale di SLAV\u00cdN<\/a><\/h3>\n<p>Il memoriale di guerra pi\u00f9 grande nell\u2019Europa centrale \u00e8 grazie ai suoi 52 metri di altezza uno degli elementi dominanti della citt\u00e0. Vi sono sepolti 6\u00a0845 soldati dell\u2019Armata sovietica caduti durante la liberazione di Bratislava nella seconda guerra mondiale.<\/p>\n<p><img loading=\"lazy\" width=\"800\" height=\"530\" class=\"size-large wp-image-61741 aligncenter\" src=\"https:\/\/www.visitbratislava.com\/wp-content\/uploads\/2019\/06\/slavin-800x530.jpg\" alt=\"\" srcset=\"https:\/\/www.visitbratislava.com\/wp-content\/uploads\/2019\/06\/slavin-800x530.jpg 800w, https:\/\/www.visitbratislava.com\/wp-content\/uploads\/2019\/06\/slavin-400x265.jpg 400w, https:\/\/www.visitbratislava.com\/wp-content\/uploads\/2019\/06\/slavin-768x509.jpg 768w, https:\/\/www.visitbratislava.com\/wp-content\/uploads\/2019\/06\/slavin-200x132.jpg 200w\" sizes=\"(max-width: 800px) 100vw, 800px\" \/><\/p>\n<h3><a href=\"https:\/\/www.visitbratislava.com\/it\/places\/sinagoga\/\">9. SINAGOGA<\/a><\/h3>\n<p>La sinagoga fu costruita negli anni 1923 \u2013 1926 in stile cubista secondo i disegni dell\u2019architetto Artur Szalatnai-Slatinsk\u00fd. Al primo piano ospita un\u2019esposizione permanente del Museo della comunit\u00e0 ebraica, aperta al pubblico durante la stagione estiva.<\/p>\n<p><strong>Ingresso<\/strong>: 6 \u20ac,\u00a0con la\u00a0<a href=\"http:\/\/card.visitbratislava.com\/sk\/\">Bratislava Card City &amp; Region<\/a>\u00a0sconto del 50 %<\/p>\n<h3><img loading=\"lazy\" width=\"750\" height=\"500\" class=\"size-full wp-image-100367 aligncenter\" src=\"https:\/\/www.visitbratislava.com\/wp-content\/uploads\/2016\/03\/zidovska.jpg\" alt=\"\" srcset=\"https:\/\/www.visitbratislava.com\/wp-content\/uploads\/2016\/03\/zidovska.jpg 750w, https:\/\/www.visitbratislava.com\/wp-content\/uploads\/2016\/03\/zidovska-400x267.jpg 400w, https:\/\/www.visitbratislava.com\/wp-content\/uploads\/2016\/03\/zidovska-200x133.jpg 200w\" sizes=\"(max-width: 750px) 100vw, 750px\" \/><\/h3>\n<h3><a href=\"https:\/\/www.visitbratislava.com\/it\/places\/ufo-watch-taste-groove\/\">10. UFO<\/a><\/h3>\n<p>Un punto panoramico singolare sui piloni del Ponte SNP all\u2019altezza di 95 metri offre un panorama mozzafiato della citt\u00e0 con una vista all\u2019orizzonte fino a 100 chilometri. Offre la possibilit\u00e0 di vivere il tramonto pi\u00f9 bello di Bratislava insieme ad una esperienza culinaria.<\/p>\n<p><strong>Ingresso:<\/strong> 8,90 \u20ac, con la <a href=\"http:\/\/card.visitbratislava.com\/sk\/\">Bratislava Card City &amp; Region<\/a>\u00a0sconto del 25 %<\/p>\n<p><img loading=\"lazy\" width=\"800\" height=\"450\" class=\"size-large wp-image-100554 aligncenter\" src=\"https:\/\/www.visitbratislava.com\/wp-content\/uploads\/2014\/09\/hrad-dunaj-ufo-lod-800x450.jpg\" alt=\"Castle, Dunaj, UFO, Boat\" srcset=\"https:\/\/www.visitbratislava.com\/wp-content\/uploads\/2014\/09\/hrad-dunaj-ufo-lod-800x450.jpg 800w, https:\/\/www.visitbratislava.com\/wp-content\/uploads\/2014\/09\/hrad-dunaj-ufo-lod-400x225.jpg 400w, https:\/\/www.visitbratislava.com\/wp-content\/uploads\/2014\/09\/hrad-dunaj-ufo-lod-200x113.jpg 200w\" sizes=\"(max-width: 800px) 100vw, 800px\" \/><\/p>\n<h2>BONUS: Tour Guidati<\/h2>\n<p>Le visite guidate vi permettono di scoprire molte informazioni interessanti sulla storia ed il presente della citt\u00e0. Inoltre, potete ammirare la stupenda architettura dei palazzi, le case dei borghesi e gli edifici della Chiesa.<\/p>\n<p><strong>Visita guidata del centro storico a piedi per clienti individuali della durata di 1 ora | Gratuita per i possessori della tessera turistica<\/strong><\/p>\n<p>Altri tour:<\/p>\n<ul>\n<li>Bratislava \u2013 Pressburg \u2013 Pozsony \u2013 venite a conoscere il centro storico di Bratislava<\/li>\n<li>Bratislava e l\u2019incoronazione<\/li>\n<li>Miti, leggende e misteri dell\u2019antica Bratislava<\/li>\n<li>Personaggi illustri di Bratislava<\/li>\n<li>Bratislava durante il regno di Maria Teresa<\/li>\n<li>Le fontane di Bratislava<\/li>\n<li>Bratislava citt\u00e0 sacrale<\/li>\n<li>Bratislava ebraica<\/li>\n<li>Bratislava citt\u00e0 della musica<\/li>\n<li>Il circuito di Bratislava \u2013 un tour a piedi ed in autobus<\/li>\n<li>Il circuito dei Piccoli Carpazi<\/li>\n<\/ul>\n<p><img loading=\"lazy\" class=\"wp-image-103900 size-large aligncenter\" src=\"https:\/\/www.visitbratislava.com\/wp-content\/uploads\/2019\/07\/Turisti-z-hora-800x333.jpg\" alt=\"\" width=\"800\" height=\"333\" srcset=\"https:\/\/www.visitbratislava.com\/wp-content\/uploads\/2019\/07\/Turisti-z-hora-800x333.jpg 800w, https:\/\/www.visitbratislava.com\/wp-content\/uploads\/2019\/07\/Turisti-z-hora-400x167.jpg 400w, https:\/\/www.visitbratislava.com\/wp-content\/uploads\/2019\/07\/Turisti-z-hora-768x320.jpg 768w, https:\/\/www.visitbratislava.com\/wp-content\/uploads\/2019\/07\/Turisti-z-hora-200x83.jpg 200w\" sizes=\"(max-width: 800px) 100vw, 800px\" \/><\/p>\n<h2>Altri posti consigliati:<\/h2>\n<h3><a href=\"https:\/\/www.visitbratislava.com\/it\/places\/castello-di-devin\/\">CASTELLO di dev\u00edn<\/a><\/h3>\n<p>Una rovina arroccata su una rupe sopra la confluenza dei fiumi Danubio e Morava \u00e8 uno dei siti storici ed archeologici pi\u00f9 importanti dell\u2019Europa centrale. Offre, inoltre, un paesaggio incantevole con un panorama inimitabile.<\/p>\n<p><a href=\"http:\/\/www.domcentrope.sk\/map_CM\/sk\/index.html?bookmark=Mapa%20s%20pr%C3%ADbehom\"><strong>La missione dei santi Cirillo e Metodio in Grande Moravia:<\/strong><\/a>\u00a0Durante questo tour a tema, attraverso un\u2019<a href=\"http:\/\/www.domcentrope.sk\/map_CM\/sk\/index.html?bookmark=Mobiln%C3%A1%20aplik%C3%A1cia\">applicazione per dispositivi portatili <\/a>ed\u00a0<a href=\"http:\/\/www.domcentrope.sk\/map_CM\/sk\/index.html?bookmark=Mapa%20s%20pr%C3%ADbehom\">una mappa<\/a>\u00a0con la storia, potete scoprire i monumenti e i luoghi legati all\u2019impero della Grande Moravia \u2013 i luoghi che portano il patrimonio dei fratelli di Salonicco e che includono anche\u00a0<strong>Dev\u00edn<\/strong>. Oltre a conoscere le attrazioni culturali e storiche insieme alle bellezze naturali questo tour vi permette di sperimentare la gastronomia, le tradizioni regionali, le usanze e i prodotti locali, ed infine di vivere una bellissima avventura.<\/p>\n<p><strong>Ingresso:<\/strong><strong><br \/>\n<\/strong>aprile \u2013 ottobre 5,00 \u20ac<br \/>\nnovembre \u2013 marzo\u00a02,00 \u20ac<br \/>\n*sconto del 100% con la\u00a0<a href=\"http:\/\/card.visitbratislava.com\/sk\/\">Bratislava CARD City &amp; Region<\/a><\/p>\n<p><a href=\"https:\/\/www.visitbratislava.com\/sk\/miesta\/hrad-devin\/\" target=\"_blank\" rel=\"noopener noreferrer\"><img loading=\"lazy\" class=\"wp-image-103895 aligncenter\" src=\"https:\/\/www.visitbratislava.com\/wp-content\/uploads\/2017\/01\/1080047-800x450.jpg\" alt=\"_1080047\" width=\"800\" height=\"450\" srcset=\"https:\/\/www.visitbratislava.com\/wp-content\/uploads\/2017\/01\/1080047-800x450.jpg 800w, https:\/\/www.visitbratislava.com\/wp-content\/uploads\/2017\/01\/1080047-400x225.jpg 400w, https:\/\/www.visitbratislava.com\/wp-content\/uploads\/2017\/01\/1080047-768x432.jpg 768w, https:\/\/www.visitbratislava.com\/wp-content\/uploads\/2017\/01\/1080047-200x113.jpg 200w\" sizes=\"(max-width: 800px) 100vw, 800px\" \/><\/a><\/p>\n<h3><a href=\"https:\/\/www.visitbratislava.com\/it\/places\/schone-naci-bellignazio\/\">SCH\u00d6NE N\u00c1CI<\/a> (Bell\u2019ignazio)<\/h3>\n<p>Un famoso personaggio eccentrico di Bratislava vissuto nella prima met\u00e0 del XX secolo. Un gentiluomo sempre cortese ed elegante diventato ormai una parte inseparabile dell\u2019atmosfera del centro storico di Bratislava e delle sue caffetterie.<\/p>\n<p><a href=\"https:\/\/www.visitbratislava.com\/places\/schoene-naci\/\"><img loading=\"lazy\" class=\"wp-image-100373 aligncenter\" src=\"https:\/\/www.visitbratislava.com\/wp-content\/uploads\/2016\/11\/7-foto-brano-molnar-fb-800x472.jpg\" alt=\"7-foto-brano-molnar-fb\" width=\"785\" height=\"463\" srcset=\"https:\/\/www.visitbratislava.com\/wp-content\/uploads\/2016\/11\/7-foto-brano-molnar-fb-800x472.jpg 800w, https:\/\/www.visitbratislava.com\/wp-content\/uploads\/2016\/11\/7-foto-brano-molnar-fb-400x236.jpg 400w, https:\/\/www.visitbratislava.com\/wp-content\/uploads\/2016\/11\/7-foto-brano-molnar-fb-768x453.jpg 768w, https:\/\/www.visitbratislava.com\/wp-content\/uploads\/2016\/11\/7-foto-brano-molnar-fb-200x118.jpg 200w, https:\/\/www.visitbratislava.com\/wp-content\/uploads\/2016\/11\/7-foto-brano-molnar-fb.jpg 1573w\" sizes=\"(max-width: 785px) 100vw, 785px\" \/><\/a><\/p>\n<h3><a href=\"https:\/\/www.visitbratislava.com\/it\/places\/cumil-guardone\/\">\u010cUMIL<\/a> (Guardone)<\/h3>\n<p>Una statua in bronzo di un uomo che fa capolino da un tombino \u00e8 senza dubbio la statua pi\u00f9 fotografata della citt\u00e0.<\/p>\n<p><img loading=\"lazy\" class=\"wp-image-27821 size-large aligncenter\" src=\"https:\/\/www.visitbratislava.com\/wp-content\/uploads\/2017\/01\/10099293406_02cb89635a_b-800x536.jpg\" alt=\"10099293406_02cb89635a_b\" width=\"800\" height=\"536\" srcset=\"https:\/\/www.visitbratislava.com\/wp-content\/uploads\/2017\/01\/10099293406_02cb89635a_b-800x536.jpg 800w, https:\/\/www.visitbratislava.com\/wp-content\/uploads\/2017\/01\/10099293406_02cb89635a_b-400x268.jpg 400w, https:\/\/www.visitbratislava.com\/wp-content\/uploads\/2017\/01\/10099293406_02cb89635a_b-768x515.jpg 768w, https:\/\/www.visitbratislava.com\/wp-content\/uploads\/2017\/01\/10099293406_02cb89635a_b-200x134.jpg 200w, https:\/\/www.visitbratislava.com\/wp-content\/uploads\/2017\/01\/10099293406_02cb89635a_b.jpg 1024w\" sizes=\"(max-width: 800px) 100vw, 800px\" \/><\/p>\n<h3><a href=\"https:\/\/www.visitbratislava.com\/it\/places\/il-passaggio-di-matej-kren\/\">PASsaggio di matej kr\u00e9n<\/a><\/h3>\n<p>Un\u2019istallazione insolita ospitata dal Palazzo Palffy (Galleria civica di Bratislava) crea l\u2019illusione di uno spazio infinito fatto di libri e di specchi. L\u2019istallazione \u00e8 stata premiata da diversi esperti internazionali e le sue visualizzazioni e fotografie sono state pubblicate nelle riviste pi\u00f9 rinomate delle arti figurative.<a href=\"https:\/\/www.visitbratislava.com\/sk\/miesta\/pasaz-mateja-krena\/\"><strong><br \/>\n<\/strong><\/a><\/p>\n<p><strong>Ingresso<\/strong>: 4 \u20ac, con la\u00a0<a href=\"http:\/\/card.visitbratislava.com\/sk\/\">Bratislava Card City &amp; Region<\/a>\u00a0sconto del 100 %<\/p>\n<p><img loading=\"lazy\" width=\"800\" height=\"360\" class=\"size-full wp-image-100379 aligncenter\" src=\"https:\/\/www.visitbratislava.com\/wp-content\/uploads\/2017\/01\/gmb-pasaz-mateja-krena-_banner_na_titulku.jpg\" alt=\"gmb-pasaz-mateja-krena-_banner_na_titulku\" srcset=\"https:\/\/www.visitbratislava.com\/wp-content\/uploads\/2017\/01\/gmb-pasaz-mateja-krena-_banner_na_titulku.jpg 800w, https:\/\/www.visitbratislava.com\/wp-content\/uploads\/2017\/01\/gmb-pasaz-mateja-krena-_banner_na_titulku-400x180.jpg 400w, https:\/\/www.visitbratislava.com\/wp-content\/uploads\/2017\/01\/gmb-pasaz-mateja-krena-_banner_na_titulku-768x346.jpg 768w, https:\/\/www.visitbratislava.com\/wp-content\/uploads\/2017\/01\/gmb-pasaz-mateja-krena-_banner_na_titulku-200x90.jpg 200w, https:\/\/www.visitbratislava.com\/wp-content\/uploads\/2017\/01\/gmb-pasaz-mateja-krena-_banner_na_titulku-184x84.jpg 184w\" sizes=\"(max-width: 800px) 100vw, 800px\" \/><\/p>\n","protected":false},"excerpt":{"rendered":"<p>Se decidete di visitare la nostra capitale, sicuramente non dovreste perdervi le attrazioni e monumenti TOP che rendono Bratislava una citt\u00e0 straordinaria. Fate una passeggiata dal palazzo storico del Vecchio municipio fino al moderno UFO. \u00c8 semplicemente impossibile andare via da Bratislava senza aver visitato queste attrazioni. Alcune di esse hanno l\u2019ingresso completamente gratuito oppure [&hellip;]<\/p>\n","protected":false},"author":25,"featured_media":103337,"parent":0,"menu_order":0,"comment_status":"closed","ping_status":"closed","template":"","meta":[],"acf":[],"_links":{"self":[{"href":"https:\/\/www.visitbratislava.com\/it\/wp-json\/wp\/v2\/pages\/103889"}],"collection":[{"href":"https:\/\/www.visitbratislava.com\/it\/wp-json\/wp\/v2\/pages"}],"about":[{"href":"https:\/\/www.visitbratislava.com\/it\/wp-json\/wp\/v2\/types\/page"}],"author":[{"embeddable":true,"href":"https:\/\/www.visitbratislava.com\/it\/wp-json\/wp\/v2\/users\/25"}],"replies":[{"embeddable":true,"href":"https:\/\/www.visitbratislava.com\/it\/wp-json\/wp\/v2\/comments?post=103889"}],"version-history":[{"count":5,"href":"https:\/\/www.visitbratislava.com\/it\/wp-json\/wp\/v2\/pages\/103889\/revisions"}],"predecessor-version":[{"id":341794,"href":"https:\/\/www.visitbratislava.com\/it\/wp-json\/wp\/v2\/pages\/103889\/revisions\/341794"}],"wp:featuredmedia":[{"embeddable":true,"href":"https:\/\/www.visitbratislava.com\/it\/wp-json\/wp\/v2\/media\/103337"}],"wp:attachment":[{"href":"https:\/\/www.visitbratislava.com\/it\/wp-json\/wp\/v2\/media?parent=103889"}],"curies":[{"name":"wp","href":"https:\/\/api.w.org\/{rel}","templated":true}]}}