{"id":124607,"date":"2021-11-24T15:40:20","date_gmt":"2021-11-24T14:40:20","guid":{"rendered":"https:\/\/www.visitbratislava.com\/?page_id=124607"},"modified":"2021-11-24T15:40:20","modified_gmt":"2021-11-24T14:40:20","slug":"una-vacanza-di-4-giorni","status":"publish","type":"page","link":"https:\/\/www.visitbratislava.com\/it\/una-vacanza-di-4-giorni\/","title":{"rendered":"Una vacanza di 4 giorni"},"content":{"rendered":"<p><strong>GALLERIE E ARTE<\/strong><\/p>\n<p>\u00c8 sempre bello conoscere la citt\u00e0 attraverso gli occhi di una persona locale che vi permette di scoprire anche alcuni dei segreti che non sono indicati nelle guide. La soluzione pi\u00f9 semplice \u00e8 una\u00a0<u>visita guidata<\/u>\u00a0per scoprire anche gli angoli belli un po\u2019 pi\u00f9 nascosti e svelare alcuni misteri di questa citt\u00e0 con la sua storia lunga 2000 anni. Per prenotare visitate il\u00a0<a href=\"https:\/\/www.visitbratislava.com\/sk\/navsteva\/turisticke-informacne-centra\/\">centro informazioni turistiche<\/a> oppure una delle agenzie viaggi locali. Bratislava \u00e8 una citt\u00e0 piccola ma molto varia. Gli appassionati d\u2019arte possono godersi le sue diverse\u00a0<a href=\"https:\/\/www.visitbratislava.com\/sk\/co-robit\/muzea-a-galerie\/\">gallerie<\/a>.<\/p>\n<p>Se preferite l\u2019arte tradizionale oppure quella moderna, sicuramente non vi pentirete di fare una visita alla galleria\u00a0<a href=\"https:\/\/www.visitbratislava.com\/sk\/miesta\/galeria-nedbalka\/\">Nedbalka<\/a>\u00a0o\u00a0<a href=\"https:\/\/www.visitbratislava.com\/sk\/miesta\/galeria-mesta-bratislavy-mirbachov-palac-palffyho-palac\/\">Galleria civica di Bratislava<\/a>. Vale la pena fare una gita di mezza giornata a\u00a0<a href=\"https:\/\/www.visitbratislava.com\/sk\/miesta\/danubiana\/\">Danubiana<\/a> che oltre a ospitare delle mostre interessanti rappresenta anche un pezzo di architettura unica. \u00c8 raggiungibile in autobus o taxi ma anche prenotando un <a href=\"http:\/\/vyletneplavbypodunaji.sk\/\">motoscafo<\/a>.<\/p>\n<p><img loading=\"lazy\" width=\"800\" height=\"533\" class=\"alignnone size-large wp-image-14610\" src=\"https:\/\/www.visitbratislava.com\/wp-content\/uploads\/2016\/04\/opera_Slovak-National-Theatre_copyright-DuoMedia-800x533.jpg\" alt=\"opera_Slovak National Theatre_copyright DuoMedia\" srcset=\"https:\/\/www.visitbratislava.com\/wp-content\/uploads\/2016\/04\/opera_Slovak-National-Theatre_copyright-DuoMedia-800x533.jpg 800w, https:\/\/www.visitbratislava.com\/wp-content\/uploads\/2016\/04\/opera_Slovak-National-Theatre_copyright-DuoMedia-400x267.jpg 400w, https:\/\/www.visitbratislava.com\/wp-content\/uploads\/2016\/04\/opera_Slovak-National-Theatre_copyright-DuoMedia-768x512.jpg 768w, https:\/\/www.visitbratislava.com\/wp-content\/uploads\/2016\/04\/opera_Slovak-National-Theatre_copyright-DuoMedia-200x133.jpg 200w\" sizes=\"(max-width: 800px) 100vw, 800px\" \/><\/p>\n<p><strong>STORIA ANTICA E RECENTE<\/strong><\/p>\n<p>Bratislava non \u00e8 solo una\u00a0<a href=\"https:\/\/www.visitbratislava.com\/sk\/co-robit\/klasika-v-bratislave\/\">citt\u00e0 d\u2019arte, ma anche di musica<\/a>\u00a0e divertimento. Infatti, non ci sono tante citt\u00e0 dove poter trovare due teatri di opera lirica che offrono un programma di livello europeo. Per passare una serata perfetta optate prima per un\u2019ottima cena in uno dei\u00a0<a href=\"https:\/\/www.visitbratislava.com\/places\/place-categories\/restauracie-bistra\/\">ristoranti locali<\/a> e dopo per un bellissimo spettacolo teatrale. Per gli appassionati di storia pi\u00f9 recente consigliamo la visita guidata\u00a0di <a href=\"https:\/\/www.visitbratislava.com\/sk\/mesto\/moderne-mesto-na-dunaji\/postsocialisticka-bratislava\/\">Bratislava ai tempi del comunismo<\/a> che vi far\u00e0 esplorare l\u2019architettura e la filosofia di questo periodo storico. Vale la pena visitare anche i bunker della <a href=\"http:\/\/www.bunker.bs8.sk\/\">fortificazione militare<\/a>\u00a0a Petr\u017ealka. Qui potrete provare le divise e le armi d\u2019epoca e\u00a0fare un tuffo nel periodo interbellico.<\/p>\n<p>Per esplorare il passato pi\u00f9 lontano di Bratislava visitate il castello di <a href=\"https:\/\/www.visitbratislava.com\/sk\/miesta\/hrad-devin\/\">Dev\u00edn<\/a> che si erge sopra la confluenza dei fiumi Danubio e Morava, sorvegliando il luogo dove tempo fa si insediarono i Celti, successivamente gli Slavi e dove nel XX secolo durante la guerra fredda si incontravano l\u2019oriente e l\u2019occidente. Dopo questo programma impegnativo vi meritate un po\u2019 di divertimento, suspense e la soddisfazione della vittoria! Partecipate insieme agli amici al\u00a0<a href=\"https:\/\/www.visitbratislava.com\/sk\/miesta\/escape-room-bratislava\/\">gioco di fuga<\/a> che mette alla prova la vostra abilit\u00e0 nel superare ostacoli, capire indizi e risolvere enigmi.<\/p>\n<p><img loading=\"lazy\" width=\"750\" height=\"500\" class=\"alignnone size-full wp-image-12326\" src=\"https:\/\/www.visitbratislava.com\/wp-content\/uploads\/2016\/03\/zidovska.jpg\" alt=\"zidovska\" srcset=\"https:\/\/www.visitbratislava.com\/wp-content\/uploads\/2016\/03\/zidovska.jpg 750w, https:\/\/www.visitbratislava.com\/wp-content\/uploads\/2016\/03\/zidovska-400x267.jpg 400w, https:\/\/www.visitbratislava.com\/wp-content\/uploads\/2016\/03\/zidovska-200x133.jpg 200w\" sizes=\"(max-width: 750px) 100vw, 750px\" \/><\/p>\n<p><strong>LA REGIONE DI BRATISLAVA E L\u2019EREDIT\u00c0 EBRAICA<\/strong><\/p>\n<p>Bratislava \u00e8 sempre stata nota come\u00a0<a href=\"https:\/\/www.visitbratislava.com\/sk\/mesto\/tri-krajiny-jedna-destinacia\/\">una citt\u00e0 multiculturale e multietnica<\/a>. Non dovremmo quindi dimenticare la sua storia ebraica. Per scoprirne di pi\u00f9 siete invitati a visitare il\u00a0Museo della cultura ebraica ed il memoriale di\u00a0<a href=\"https:\/\/www.visitbratislava.com\/sk\/miesta\/mauzoleum-chatama-sofera\/\">Chatam S\u00f3fer<\/a>, il pi\u00f9 grande studioso della religione ebraica del XIX secolo. Quando si \u00e8 a Bratislava bisogna decisamente assaggiare\u00a0<a href=\"https:\/\/www.visitbratislava.com\/sk\/navsteva\/gastro-a-vino\/vino\/\">i vini locali<\/a> prodotti nella zona dei Piccoli Carpazi che circondano la citt\u00e0.<\/p>\n<p><img loading=\"lazy\" width=\"800\" height=\"600\" class=\"alignnone size-large wp-image-3366\" src=\"https:\/\/www.visitbratislava.com\/wp-content\/uploads\/2014\/10\/Red-Stone-Castle-800x600.jpg\" alt=\"Red Stone Castle\" srcset=\"https:\/\/www.visitbratislava.com\/wp-content\/uploads\/2014\/10\/Red-Stone-Castle-800x600.jpg 800w, https:\/\/www.visitbratislava.com\/wp-content\/uploads\/2014\/10\/Red-Stone-Castle-400x300.jpg 400w, https:\/\/www.visitbratislava.com\/wp-content\/uploads\/2014\/10\/Red-Stone-Castle-200x150.jpg 200w, https:\/\/www.visitbratislava.com\/wp-content\/uploads\/2014\/10\/Red-Stone-Castle.jpg 1024w\" sizes=\"(max-width: 800px) 100vw, 800px\" \/><\/p>\n<p>Questa regione conserva le sue tradizioni della viticoltura e dell\u2019artigianato. La zona dei Piccoli Carpazi \u00e8 rinomata non solo per i suoi vini ma anche per la produzione di bellissime\u00a0<u>ceramic<\/u><a href=\"http:\/\/www.majolika-r.sk\/\">he<\/a>. Durante il vostro soggiorno potrete visitare il laboratorio artigianale di ceramica e magari anche provare a fare una piccola brocca o un piatto con il tornio. Dai boschi dei Piccoli Carpazi emerge il castello di\u00a0<a href=\"https:\/\/www.visitbratislava.com\/sk\/miesta\/cerveny-kamen\/\">\u010cerven\u00fd Kame\u0148<\/a>, nei cui sotterranei si trovano le cantine pi\u00f9 grandi dell\u2019Europa centrale.<\/p>\n<p>L\u2019interno del castello \u00e8 arredato dagli esempi pi\u00f9 belli di mobilia risalenti al rinascimento e al barocco e provenienti da diversi castelli slovacchi. In ogni paesino troverete diverse taverne che offrono la degustazione dei vini e le specialit\u00e0 locali. Alcune sono pi\u00f9 tradizionali, altre invece moderne, ma tutte quante hanno un\u2019atmosfera straordinaria e vini che vi sorprenderanno con la loro qualit\u00e0 elevata.<\/p>\n<p>Agli appassionati di vino consigliamo di fermarsi nella cittadina di <a href=\"http:\/\/www.pezinok.sk\/\">Pezino<\/a><u>k<\/u> e visitare il\u00a0<a href=\"http:\/\/www.nsvsr.sk\/?nsv=1\">Salone nazionale del vino<\/a> dove vi attendono dei vini di ottima qualit\u00e0. Per prenotare l\u2019escursione nella regione dei Piccoli Carpazi potrete rivolgervi a qualsiasi agenzia viaggi a Bratislava, potendo scegliere tra una gita per gruppi pi\u00f9 numerosi ed un\u2019escursione privata in un minibus oppure in una limousine. Se dopo tutte queste esperienze vi sentite stanchi, concedetevi un po\u2019 di relax in una delle lussuose SPA offerte da\u00a0<a href=\"https:\/\/www.visitbratislava.com\/sk\/navsteva\/ubytovanie\/\">alberghi<\/a> a 5 stelle. Per rinnovare il vostro guardaroba vi proponiamo di visitare il centro commerciale Eurovea che dista soli 5 minuti a piedi dal centro storico.<\/p>\n<p><img loading=\"lazy\" width=\"800\" height=\"533\" class=\"alignnone size-large wp-image-1384\" src=\"https:\/\/www.visitbratislava.com\/wp-content\/uploads\/2014\/11\/Eurovea-3-800x533.jpg\" alt=\"Eurovea-3\" srcset=\"https:\/\/www.visitbratislava.com\/wp-content\/uploads\/2014\/11\/Eurovea-3-800x533.jpg 800w, https:\/\/www.visitbratislava.com\/wp-content\/uploads\/2014\/11\/Eurovea-3-400x267.jpg 400w, https:\/\/www.visitbratislava.com\/wp-content\/uploads\/2014\/11\/Eurovea-3-200x133.jpg 200w\" sizes=\"(max-width: 800px) 100vw, 800px\" \/><\/p>\n<p><strong>BUONA CUCINA E SHOPPING<\/strong><\/p>\n<p>Sulla riva del Danubio potrete godere anche di una deliziosa cena oppure di un tramonto spettacolare. Se desiderate un po\u2019 di romanticismo dall\u2019alto, il ristorante\u00a0<a href=\"https:\/\/www.visitbratislava.com\/sk\/miesta\/ufo\/\">UFO<\/a>\u00a0sopra il ponte\u00a0<a href=\"https:\/\/www.visitbratislava.com\/sk\/miesta\/snp\/\">SNP<\/a> con la sua cucina moderna internazionale \u00e8 la scelta giusta per voi. Un\u2019altra esperienza top vi attende visitando il ristorante ad alta quota nel quartiere di\u00a0<a href=\"http:\/\/www.altitude.sk\/\">Koliba<\/a>\u00a0la cui parte interna gira e offre una vista mozzafiato. Per rendere la vostra gita pi\u00f9 piacevole salite sulla collina di Koliba con la <a href=\"https:\/\/www.visitbratislava.com\/sk\/miesta\/lanovka-zelezna-studnicka\/\">seggiovia<\/a> che si raggiunge con l\u2019autobus dalla fermata Patr\u00f3nka.<\/p>\n<p>Per sfruttare il vostro soggiorno al meglio, vi consigliamo di visitare anche lo\u00a0<a href=\"https:\/\/www.visitbratislava.com\/sk\/miesta\/zoo\/\">Zoo<\/a>. Sar\u00e0 interessante per grandi e piccini visitare Dino Park ed altre attrazioni, magari pi\u00f9 classiche, ma sempre divertenti, e ammirare gli animali.<\/p>\n<p>Se c\u2019\u00e8 una cosa a Bratislava per la quale non basteranno neanche quattro giorni, sono tutte le sue caffetterie e i suoi bar, quelli tradizionali, moderni, bio e non. Magari \u00e8 un motivo in pi\u00f9 per tornarci un\u2019altra volta.<\/p>\n","protected":false},"excerpt":{"rendered":"<p>Quattro giorni a Bratislava permettono di godersi l\u2019atmosfera della citt\u00e0, la sua bellezza, profumi e sapori. Non importa se siete appassionati di arte, tecnologia, natura oppure della buona cucina. Bratislava vi offre tutto questo e di pi\u00f9, e voi avrete abbastanza tanto tempo per assaporarlo al meglio.<\/p>\n","protected":false},"author":25,"featured_media":124608,"parent":0,"menu_order":0,"comment_status":"closed","ping_status":"closed","template":"","meta":[],"acf":[],"_links":{"self":[{"href":"https:\/\/www.visitbratislava.com\/it\/wp-json\/wp\/v2\/pages\/124607"}],"collection":[{"href":"https:\/\/www.visitbratislava.com\/it\/wp-json\/wp\/v2\/pages"}],"about":[{"href":"https:\/\/www.visitbratislava.com\/it\/wp-json\/wp\/v2\/types\/page"}],"author":[{"embeddable":true,"href":"https:\/\/www.visitbratislava.com\/it\/wp-json\/wp\/v2\/users\/25"}],"replies":[{"embeddable":true,"href":"https:\/\/www.visitbratislava.com\/it\/wp-json\/wp\/v2\/comments?post=124607"}],"version-history":[{"count":1,"href":"https:\/\/www.visitbratislava.com\/it\/wp-json\/wp\/v2\/pages\/124607\/revisions"}],"predecessor-version":[{"id":124614,"href":"https:\/\/www.visitbratislava.com\/it\/wp-json\/wp\/v2\/pages\/124607\/revisions\/124614"}],"wp:featuredmedia":[{"embeddable":true,"href":"https:\/\/www.visitbratislava.com\/it\/wp-json\/wp\/v2\/media\/124608"}],"wp:attachment":[{"href":"https:\/\/www.visitbratislava.com\/it\/wp-json\/wp\/v2\/media?parent=124607"}],"curies":[{"name":"wp","href":"https:\/\/api.w.org\/{rel}","templated":true}]}}