{"id":137120,"date":"2022-05-07T14:52:20","date_gmt":"2022-05-07T12:52:20","guid":{"rendered":"https:\/\/www.visitbratislava.com\/?page_id=137120"},"modified":"2022-05-07T14:52:20","modified_gmt":"2022-05-07T12:52:20","slug":"anfratti-romantici-di-bratislava","status":"publish","type":"page","link":"https:\/\/www.visitbratislava.com\/it\/anfratti-romantici-di-bratislava\/","title":{"rendered":"Anfratti romantici di Bratislava"},"content":{"rendered":"<p>Fatevi una bella passeggiata dal vecchio castello gi\u00f9 per le accoglienti stradine storiche del centro, fino alla riva del Danubio nella parte pi\u00f9 moderna della citt\u00e0. Passate una serata in teatro o magari alla filarmonica. Fermatevi anche a bere un drink in uno dei tanti bar. Andate su e gi\u00f9 tenendovi per mano e assaporate le mille viste sulla citt\u00e0 illuminata.<\/p>\n<p><img loading=\"lazy\" width=\"1920\" height=\"1280\" class=\"aligncenter size-full wp-image-136982\" src=\"https:\/\/www.visitbratislava.com\/wp-content\/uploads\/2022\/05\/Kovac_2022_dron_ba-hrad_green_dunaj_barokova-zahrada_nevyhradna-licencia_1920x1280.jpg\" alt=\"\" srcset=\"https:\/\/www.visitbratislava.com\/wp-content\/uploads\/2022\/05\/Kovac_2022_dron_ba-hrad_green_dunaj_barokova-zahrada_nevyhradna-licencia_1920x1280.jpg 1920w, https:\/\/www.visitbratislava.com\/wp-content\/uploads\/2022\/05\/Kovac_2022_dron_ba-hrad_green_dunaj_barokova-zahrada_nevyhradna-licencia_1920x1280-400x267.jpg 400w, https:\/\/www.visitbratislava.com\/wp-content\/uploads\/2022\/05\/Kovac_2022_dron_ba-hrad_green_dunaj_barokova-zahrada_nevyhradna-licencia_1920x1280-800x533.jpg 800w, https:\/\/www.visitbratislava.com\/wp-content\/uploads\/2022\/05\/Kovac_2022_dron_ba-hrad_green_dunaj_barokova-zahrada_nevyhradna-licencia_1920x1280-768x512.jpg 768w, https:\/\/www.visitbratislava.com\/wp-content\/uploads\/2022\/05\/Kovac_2022_dron_ba-hrad_green_dunaj_barokova-zahrada_nevyhradna-licencia_1920x1280-1536x1024.jpg 1536w, https:\/\/www.visitbratislava.com\/wp-content\/uploads\/2022\/05\/Kovac_2022_dron_ba-hrad_green_dunaj_barokova-zahrada_nevyhradna-licencia_1920x1280-200x133.jpg 200w\" sizes=\"(max-width: 1920px) 100vw, 1920px\" \/><\/p>\n<p>Fate un salto nella natura, praticamente presente ad ogni vostro passo. Gustatevi le prelibatezze degli ottimi ristoranti, caffetterie o pasticcerie. Provate insieme una delle varie procedure wellness. Ammirate la bellezza della storia e passate tanti bei momenti insieme. Insomma godetevi la vita&#8230; Resterete sorpresi dalla variet\u00e0 di tutto ci\u00f2 che vi offre Bratislava, una citt\u00e0 ricca di anfratti romantici.<\/p>\n<p><strong>Il castello di Dev\u00edn<\/strong><br \/>\nLe celebri rovine di quello che fu un maestoso castello proprio sulla confluenza dei fiumi Danubio e Morava offrono un\u2019atmosfera meravigliosa. Chi ha un animo romantico resta subito affascinato. Questo simbolo nazionale slovacco che si erge su un\u2019altissima roccia \u00e8 uno dei luoghi pi\u00f9 visitati, non solo da chi va a Bratislava. Sotto il castello si trova un\u2019ampia distesa tutta in pianura con tanta storia, arte, natura e lunghi sentieri da percorrere. Vedrete quanti posticini tutti nascosti nel verde&#8230; La vista dall\u2019alto del castello \u00e8 dominata da scenari naturali, in mezzo ai quali non si pu\u00f2 non accorgersi dell\u2019imponente Torre della Vergine, tutta intrisa di leggende romantiche.<\/p>\n<p><img loading=\"lazy\" width=\"1920\" height=\"1280\" class=\"aligncenter size-full wp-image-136988\" src=\"https:\/\/www.visitbratislava.com\/wp-content\/uploads\/2022\/05\/DSC08716_1920x1280.jpg\" alt=\"\" srcset=\"https:\/\/www.visitbratislava.com\/wp-content\/uploads\/2022\/05\/DSC08716_1920x1280.jpg 1920w, https:\/\/www.visitbratislava.com\/wp-content\/uploads\/2022\/05\/DSC08716_1920x1280-400x267.jpg 400w, https:\/\/www.visitbratislava.com\/wp-content\/uploads\/2022\/05\/DSC08716_1920x1280-800x533.jpg 800w, https:\/\/www.visitbratislava.com\/wp-content\/uploads\/2022\/05\/DSC08716_1920x1280-768x512.jpg 768w, https:\/\/www.visitbratislava.com\/wp-content\/uploads\/2022\/05\/DSC08716_1920x1280-1536x1024.jpg 1536w, https:\/\/www.visitbratislava.com\/wp-content\/uploads\/2022\/05\/DSC08716_1920x1280-200x133.jpg 200w\" sizes=\"(max-width: 1920px) 100vw, 1920px\" \/><\/p>\n<p><strong>Giardino botanico<\/strong><br \/>\nSe cercate pace e bellezza, un posto ideale per voi sar\u00e0 l\u2019ambiente idilliaco del giardino botanico con esempi di flora di diverse zone del mondo. Passeggiando scoprirete un bel giardino giapponese, un laghetto, una pinetina, vegetazione mediterranea, flora australiana, pietre di vario tipo e anche palme. Il roseto comprende ben 120 specie di rose. Pi\u00f9 romantico di cos\u00ec&#8230; E sentirete che profumo.<\/p>\n<p><img loading=\"lazy\" width=\"1920\" height=\"1280\" class=\"aligncenter size-full wp-image-136994\" src=\"https:\/\/www.visitbratislava.com\/wp-content\/uploads\/2022\/05\/Dekan_komparz_leto_Botanicka-zahrada_par_jazierko_Karlova-Ves_1920x1280.jpg\" alt=\"\" srcset=\"https:\/\/www.visitbratislava.com\/wp-content\/uploads\/2022\/05\/Dekan_komparz_leto_Botanicka-zahrada_par_jazierko_Karlova-Ves_1920x1280.jpg 1920w, https:\/\/www.visitbratislava.com\/wp-content\/uploads\/2022\/05\/Dekan_komparz_leto_Botanicka-zahrada_par_jazierko_Karlova-Ves_1920x1280-400x267.jpg 400w, https:\/\/www.visitbratislava.com\/wp-content\/uploads\/2022\/05\/Dekan_komparz_leto_Botanicka-zahrada_par_jazierko_Karlova-Ves_1920x1280-800x533.jpg 800w, https:\/\/www.visitbratislava.com\/wp-content\/uploads\/2022\/05\/Dekan_komparz_leto_Botanicka-zahrada_par_jazierko_Karlova-Ves_1920x1280-768x512.jpg 768w, https:\/\/www.visitbratislava.com\/wp-content\/uploads\/2022\/05\/Dekan_komparz_leto_Botanicka-zahrada_par_jazierko_Karlova-Ves_1920x1280-1536x1024.jpg 1536w, https:\/\/www.visitbratislava.com\/wp-content\/uploads\/2022\/05\/Dekan_komparz_leto_Botanicka-zahrada_par_jazierko_Karlova-Ves_1920x1280-200x133.jpg 200w\" sizes=\"(max-width: 1920px) 100vw, 1920px\" \/><\/p>\n<p><strong>L\u2019insenatura di Karlova Ves<\/strong><br \/>\nNon lontano dal giardino botanico si trova la pittoresca insenatura di Karlova Ves. Qui si nasconde una simpatica locomotiva a vapore bianca e rossa e un piccolo pub su un pontone, punto di incontro di pescatori, passeggiatori nella natura e studenti delle vicine o anche lontane residenze universitarie. Quest\u2019oasi circondata dalla natura sa essere accogliente dalla primavera fino all\u2019autunno, con inoltre tante rimesse di imbarcazioni sulle sue sponde, per far felici anche gli amanti degli sport acquatici.<\/p>\n<p><img loading=\"lazy\" width=\"1920\" height=\"1280\" class=\"aligncenter size-full wp-image-137000\" src=\"https:\/\/www.visitbratislava.com\/wp-content\/uploads\/2022\/05\/Vyleti-Vtacik-Karlova-Ves-05_1920x1280.jpg\" alt=\"\" srcset=\"https:\/\/www.visitbratislava.com\/wp-content\/uploads\/2022\/05\/Vyleti-Vtacik-Karlova-Ves-05_1920x1280.jpg 1920w, https:\/\/www.visitbratislava.com\/wp-content\/uploads\/2022\/05\/Vyleti-Vtacik-Karlova-Ves-05_1920x1280-400x267.jpg 400w, https:\/\/www.visitbratislava.com\/wp-content\/uploads\/2022\/05\/Vyleti-Vtacik-Karlova-Ves-05_1920x1280-800x533.jpg 800w, https:\/\/www.visitbratislava.com\/wp-content\/uploads\/2022\/05\/Vyleti-Vtacik-Karlova-Ves-05_1920x1280-768x512.jpg 768w, https:\/\/www.visitbratislava.com\/wp-content\/uploads\/2022\/05\/Vyleti-Vtacik-Karlova-Ves-05_1920x1280-1536x1024.jpg 1536w, https:\/\/www.visitbratislava.com\/wp-content\/uploads\/2022\/05\/Vyleti-Vtacik-Karlova-Ves-05_1920x1280-200x133.jpg 200w\" sizes=\"(max-width: 1920px) 100vw, 1920px\" \/><\/p>\n<p><strong>ZOO<\/strong><br \/>\nA prima vista potrebbe sembrare strano, ma un altro bel posticino per uscire insieme \u00e8 anche il giardino zoologico. Il complesso comprende angoli di bosco di latifoglie, diverse radure, un fresco avvallamento e vari laghetti naturali \u2013 e soprattutto 169 specie di animali. Tornate ad essere bambini e divertitevi insieme ammirando panda, giraffe o pellicani. Ad orari regolari il personale dello zoo fornisce anche informazioni sugli animali mentre d\u00e0 loro da mangiare.<\/p>\n<p><img loading=\"lazy\" width=\"1920\" height=\"1280\" class=\"aligncenter size-full wp-image-137006\" src=\"https:\/\/www.visitbratislava.com\/wp-content\/uploads\/2022\/05\/zdroj_ZOO-Bratislava_1920x1280.jpg\" alt=\"\" srcset=\"https:\/\/www.visitbratislava.com\/wp-content\/uploads\/2022\/05\/zdroj_ZOO-Bratislava_1920x1280.jpg 1920w, https:\/\/www.visitbratislava.com\/wp-content\/uploads\/2022\/05\/zdroj_ZOO-Bratislava_1920x1280-400x267.jpg 400w, https:\/\/www.visitbratislava.com\/wp-content\/uploads\/2022\/05\/zdroj_ZOO-Bratislava_1920x1280-800x533.jpg 800w, https:\/\/www.visitbratislava.com\/wp-content\/uploads\/2022\/05\/zdroj_ZOO-Bratislava_1920x1280-768x512.jpg 768w, https:\/\/www.visitbratislava.com\/wp-content\/uploads\/2022\/05\/zdroj_ZOO-Bratislava_1920x1280-1536x1024.jpg 1536w, https:\/\/www.visitbratislava.com\/wp-content\/uploads\/2022\/05\/zdroj_ZOO-Bratislava_1920x1280-200x133.jpg 200w\" sizes=\"(max-width: 1920px) 100vw, 1920px\" \/><\/p>\n<p><strong>Parco di montagna<\/strong><br \/>\nPraticamente proprio al di sopra del centro storico si trova il parco pi\u00f9 selvaggio di Bratislava. \u00c8 l\u00ec ormai da 150 anni. Piace tantissimo a chi sa godersi il silenzio del bosco e una natura quasi incontaminata. Potrete fare un carico di energia, per esempio, nell\u2019area di sosta davanti al monumento a Heinrich Justi o magari nell\u2019accogliente \u201ccasa del guardacaccia\u201d. Troverete anche un centro socio-culturale con caffetteria, minizoo, parco giochi e galleria artistica all\u2019aria aperta \u2013 curata proprio dalla Galleria Nazionale slovacca.<\/p>\n<p><img loading=\"lazy\" width=\"1920\" height=\"1280\" class=\"aligncenter size-full wp-image-137012\" src=\"https:\/\/www.visitbratislava.com\/wp-content\/uploads\/2022\/05\/VQZT8W_B_1920x1280.jpg\" alt=\"\" srcset=\"https:\/\/www.visitbratislava.com\/wp-content\/uploads\/2022\/05\/VQZT8W_B_1920x1280.jpg 1920w, https:\/\/www.visitbratislava.com\/wp-content\/uploads\/2022\/05\/VQZT8W_B_1920x1280-400x267.jpg 400w, https:\/\/www.visitbratislava.com\/wp-content\/uploads\/2022\/05\/VQZT8W_B_1920x1280-800x533.jpg 800w, https:\/\/www.visitbratislava.com\/wp-content\/uploads\/2022\/05\/VQZT8W_B_1920x1280-768x512.jpg 768w, https:\/\/www.visitbratislava.com\/wp-content\/uploads\/2022\/05\/VQZT8W_B_1920x1280-1536x1024.jpg 1536w, https:\/\/www.visitbratislava.com\/wp-content\/uploads\/2022\/05\/VQZT8W_B_1920x1280-200x133.jpg 200w\" sizes=\"(max-width: 1920px) 100vw, 1920px\" \/><\/p>\n<p><strong>Castello di Bratislava<\/strong><br \/>\nQui l\u2019atmosfera romantica \u00e8 pi\u00f9 che garantita. Il complesso del castello, gli sfarzosi interni e il giardino barocco vi faranno tornare all\u2019epoca di Maria Teresa d\u2019Austria. Quello che \u00e8 il simbolo di Bratislava offre stupende viste sul Danubio dai suoi diversi terrazzamenti, su una collinetta alta 80 metri. Il giardino in elegante stile barocco francese con tante aiuole fiorite e diverse decine di alberi \u00e8 l\u2019ideale per una lenta passeggiatina o per riposare su una panchina. Vale anche la pena girare tutt\u2019intorno al complesso del castello. Ad ogni passo uno scorcio nuovo&#8230;<\/p>\n<p><img loading=\"lazy\" width=\"1920\" height=\"1280\" class=\"aligncenter size-full wp-image-137018\" src=\"https:\/\/www.visitbratislava.com\/wp-content\/uploads\/2022\/05\/Dekan-komparz-BA-hrad-turisti-mlady-par-green_1920x1280.jpg\" alt=\"\" srcset=\"https:\/\/www.visitbratislava.com\/wp-content\/uploads\/2022\/05\/Dekan-komparz-BA-hrad-turisti-mlady-par-green_1920x1280.jpg 1920w, https:\/\/www.visitbratislava.com\/wp-content\/uploads\/2022\/05\/Dekan-komparz-BA-hrad-turisti-mlady-par-green_1920x1280-400x267.jpg 400w, https:\/\/www.visitbratislava.com\/wp-content\/uploads\/2022\/05\/Dekan-komparz-BA-hrad-turisti-mlady-par-green_1920x1280-800x533.jpg 800w, https:\/\/www.visitbratislava.com\/wp-content\/uploads\/2022\/05\/Dekan-komparz-BA-hrad-turisti-mlady-par-green_1920x1280-768x512.jpg 768w, https:\/\/www.visitbratislava.com\/wp-content\/uploads\/2022\/05\/Dekan-komparz-BA-hrad-turisti-mlady-par-green_1920x1280-1536x1024.jpg 1536w, https:\/\/www.visitbratislava.com\/wp-content\/uploads\/2022\/05\/Dekan-komparz-BA-hrad-turisti-mlady-par-green_1920x1280-200x133.jpg 200w\" sizes=\"(max-width: 1920px) 100vw, 1920px\" \/><\/p>\n<p><strong>Le viuzze della citt\u00e0 vecchia<\/strong><br \/>\nLe coppie di innamorati sono da sempre attratte dalla magia della citt\u00e0 vecchia, con i suoi viottoli eleganti e pittoreschi. Durante l\u2019estate tra una strada e un\u2019altra echeggiano spesso delicate note musicali. Specie nei mesi pi\u00f9 caldi l\u2019atmosfera \u00e8 allietata anche dalle fontane di piazza Hviezdoslav e dai tavolini dei locali all\u2019aperto, tra larghi e viuzze nascoste create quasi appositamente per strappare un bacio. Tra i pi\u00f9 bei posticini romantici figurano ad esempio piazza Rudnay, via Kapitulsk\u00e1 o via Ba\u0161tov\u00e1.<\/p>\n<p><img loading=\"lazy\" width=\"1920\" height=\"1280\" class=\"aligncenter size-full wp-image-137024\" src=\"https:\/\/www.visitbratislava.com\/wp-content\/uploads\/2022\/05\/Dekan-komparz-Kapitulska-ulicky-par_1920x1280.jpg\" alt=\"\" srcset=\"https:\/\/www.visitbratislava.com\/wp-content\/uploads\/2022\/05\/Dekan-komparz-Kapitulska-ulicky-par_1920x1280.jpg 1920w, https:\/\/www.visitbratislava.com\/wp-content\/uploads\/2022\/05\/Dekan-komparz-Kapitulska-ulicky-par_1920x1280-400x267.jpg 400w, https:\/\/www.visitbratislava.com\/wp-content\/uploads\/2022\/05\/Dekan-komparz-Kapitulska-ulicky-par_1920x1280-800x533.jpg 800w, https:\/\/www.visitbratislava.com\/wp-content\/uploads\/2022\/05\/Dekan-komparz-Kapitulska-ulicky-par_1920x1280-768x512.jpg 768w, https:\/\/www.visitbratislava.com\/wp-content\/uploads\/2022\/05\/Dekan-komparz-Kapitulska-ulicky-par_1920x1280-1536x1024.jpg 1536w, https:\/\/www.visitbratislava.com\/wp-content\/uploads\/2022\/05\/Dekan-komparz-Kapitulska-ulicky-par_1920x1280-200x133.jpg 200w\" sizes=\"(max-width: 1920px) 100vw, 1920px\" \/><\/p>\n<p><strong>La chiesa blu<\/strong><br \/>\nLa graziosa chiesetta di S. Elisabetta d\u2019Ungheria con decorazione in maiolica e pitture musive attrae sicuramente gli animi romantici gi\u00e0 a prima vista. Questo gioiello architettonico deve il suo nome popolare di \u201cchiesa blu\u201d proprio alle insolite tonalit\u00e0 di azzurro dell\u2019intonacatura e al tetto tutto smaltato in blu. L\u2019edificio ha un aspetto praticamente fiabesco e rappresenta l\u2019acme della produzione in stile floreale della vecchia Presburgo. \u00c8 anche uno dei monumenti pi\u00f9 fotografati della citt\u00e0. Ce l\u2019avete gi\u00e0 nell\u2019album?<\/p>\n<p><img loading=\"lazy\" width=\"1920\" height=\"1280\" class=\"aligncenter size-full wp-image-137030\" src=\"https:\/\/www.visitbratislava.com\/wp-content\/uploads\/2022\/05\/ModryKostolik1_1920x1280.jpg\" alt=\"\" srcset=\"https:\/\/www.visitbratislava.com\/wp-content\/uploads\/2022\/05\/ModryKostolik1_1920x1280.jpg 1920w, https:\/\/www.visitbratislava.com\/wp-content\/uploads\/2022\/05\/ModryKostolik1_1920x1280-400x267.jpg 400w, https:\/\/www.visitbratislava.com\/wp-content\/uploads\/2022\/05\/ModryKostolik1_1920x1280-800x533.jpg 800w, https:\/\/www.visitbratislava.com\/wp-content\/uploads\/2022\/05\/ModryKostolik1_1920x1280-768x512.jpg 768w, https:\/\/www.visitbratislava.com\/wp-content\/uploads\/2022\/05\/ModryKostolik1_1920x1280-1536x1024.jpg 1536w, https:\/\/www.visitbratislava.com\/wp-content\/uploads\/2022\/05\/ModryKostolik1_1920x1280-200x133.jpg 200w\" sizes=\"(max-width: 1920px) 100vw, 1920px\" \/><\/p>\n<p><strong>Lungofiume Tyr\u0161<\/strong> [Tyr\u0161ovo n\u00e1bre\u017eie]<br \/>\nUna bella passeggiata sul lungofiume, sulla riva destra del Danubio, \u00e8 il modo migliore per godersi altre viste della citt\u00e0 \u2013 con ristoranti e bar sia sulla terraferma in riva al fiume sia su diverse imbarcazioni ben ancorate. E c\u2019\u00e8 anche la spiaggia cittadina che offre sia d\u2019inverno che d\u2019estate non pochi spunti di divertimento, riposo e cultura. Segue principi di sviluppo sostenibile sfruttando energia da fonti rinnovabili, separando attentamente ogni rifiuto e riciclando accuratamente il materiale umido o biologico. Troverete qui un ricchissimo programma a cielo aperto, con prelibatezze gastronomiche ed esperienze sportive. Vi aspettano tanti bei concerti, proiezioni di film o lezioni all\u2019aperto. I tramonti sulla spiaggia di sabbia, con l\u2019acqua del Danubio che scorre via, sono momenti davvero indimenticabili.<\/p>\n<p><img loading=\"lazy\" width=\"1920\" height=\"1280\" class=\"aligncenter size-full wp-image-137036\" src=\"https:\/\/www.visitbratislava.com\/wp-content\/uploads\/2022\/05\/Molnar_Mlady-par_komparz_Dunaj_BA-hrad_gastro_vyhradna-licencia-2_1920x1280.jpg\" alt=\"\" srcset=\"https:\/\/www.visitbratislava.com\/wp-content\/uploads\/2022\/05\/Molnar_Mlady-par_komparz_Dunaj_BA-hrad_gastro_vyhradna-licencia-2_1920x1280.jpg 1920w, https:\/\/www.visitbratislava.com\/wp-content\/uploads\/2022\/05\/Molnar_Mlady-par_komparz_Dunaj_BA-hrad_gastro_vyhradna-licencia-2_1920x1280-400x267.jpg 400w, https:\/\/www.visitbratislava.com\/wp-content\/uploads\/2022\/05\/Molnar_Mlady-par_komparz_Dunaj_BA-hrad_gastro_vyhradna-licencia-2_1920x1280-800x533.jpg 800w, https:\/\/www.visitbratislava.com\/wp-content\/uploads\/2022\/05\/Molnar_Mlady-par_komparz_Dunaj_BA-hrad_gastro_vyhradna-licencia-2_1920x1280-768x512.jpg 768w, https:\/\/www.visitbratislava.com\/wp-content\/uploads\/2022\/05\/Molnar_Mlady-par_komparz_Dunaj_BA-hrad_gastro_vyhradna-licencia-2_1920x1280-1536x1024.jpg 1536w, https:\/\/www.visitbratislava.com\/wp-content\/uploads\/2022\/05\/Molnar_Mlady-par_komparz_Dunaj_BA-hrad_gastro_vyhradna-licencia-2_1920x1280-200x133.jpg 200w\" sizes=\"(max-width: 1920px) 100vw, 1920px\" \/><\/p>\n<p><strong>\u017delezn\u00e1 studienka<\/strong><br \/>\nBasta poco per lasciare il tran-tran di Bratislava citt\u00e0 e ritrovarsi nel bel mezzo della natura. Per un carico d\u2019energia si pu\u00f2 fare un salto alle localit\u00e0 di \u017delezn\u00e1 studni\u010dka e Partiz\u00e1nska l\u00faka, l\u2019una accanto all\u2019altra. Nella parte nord ci sono alcuni laghetti con belle barchette a disposizione \u2013 o anche il vecchio mulino Klep\u00e1\u010d, con dentro spazi culturali e un piccolo ristorante. Tra le altre opzioni, si pu\u00f2 praticare un po\u2019 di pesca, girare in bici lungo le piste ciclabili o salire in funivia fino a Kamz\u00edk.<\/p>\n<p><img loading=\"lazy\" width=\"1920\" height=\"1280\" class=\"aligncenter size-full wp-image-137042\" src=\"https:\/\/www.visitbratislava.com\/wp-content\/uploads\/2022\/05\/Kovac_BA_Nove-Mesto_Zelezna-studnicka_Jazero_Jesen_nevyhradna-licencia_1920x1280.jpg\" alt=\"\" srcset=\"https:\/\/www.visitbratislava.com\/wp-content\/uploads\/2022\/05\/Kovac_BA_Nove-Mesto_Zelezna-studnicka_Jazero_Jesen_nevyhradna-licencia_1920x1280.jpg 1920w, https:\/\/www.visitbratislava.com\/wp-content\/uploads\/2022\/05\/Kovac_BA_Nove-Mesto_Zelezna-studnicka_Jazero_Jesen_nevyhradna-licencia_1920x1280-400x267.jpg 400w, https:\/\/www.visitbratislava.com\/wp-content\/uploads\/2022\/05\/Kovac_BA_Nove-Mesto_Zelezna-studnicka_Jazero_Jesen_nevyhradna-licencia_1920x1280-800x533.jpg 800w, https:\/\/www.visitbratislava.com\/wp-content\/uploads\/2022\/05\/Kovac_BA_Nove-Mesto_Zelezna-studnicka_Jazero_Jesen_nevyhradna-licencia_1920x1280-768x512.jpg 768w, https:\/\/www.visitbratislava.com\/wp-content\/uploads\/2022\/05\/Kovac_BA_Nove-Mesto_Zelezna-studnicka_Jazero_Jesen_nevyhradna-licencia_1920x1280-1536x1024.jpg 1536w, https:\/\/www.visitbratislava.com\/wp-content\/uploads\/2022\/05\/Kovac_BA_Nove-Mesto_Zelezna-studnicka_Jazero_Jesen_nevyhradna-licencia_1920x1280-200x133.jpg 200w\" sizes=\"(max-width: 1920px) 100vw, 1920px\" \/><\/p>\n<p><strong>I vigneti di Bratislava<\/strong><br \/>\nA Bratislava il vino buono non manca mai. La viticoltura \u00e8 ancora attivamente praticata, specie nel quartiere di Ra\u010da. Venite a degustare ottimi vini in enoteca o direttamente dai produttori locali, nel bel mezzo dei loro vigneti, con viste mozzafiato sulla citt\u00e0. A Ra\u010da esiste un vero e proprio \u201csentiero delle degustazioni\u201d \u2013 da non perdere. Procedete con responsabilit\u00e0, domani \u00e8 un altro giorno&#8230;<\/p>\n<p><img loading=\"lazy\" width=\"1920\" height=\"1280\" class=\"aligncenter size-full wp-image-137048\" src=\"https:\/\/www.visitbratislava.com\/wp-content\/uploads\/2022\/05\/Dekan-vinohrad-vino-kostol-Raca-komparz_1920x1280.jpg\" alt=\"\" srcset=\"https:\/\/www.visitbratislava.com\/wp-content\/uploads\/2022\/05\/Dekan-vinohrad-vino-kostol-Raca-komparz_1920x1280.jpg 1920w, https:\/\/www.visitbratislava.com\/wp-content\/uploads\/2022\/05\/Dekan-vinohrad-vino-kostol-Raca-komparz_1920x1280-400x267.jpg 400w, https:\/\/www.visitbratislava.com\/wp-content\/uploads\/2022\/05\/Dekan-vinohrad-vino-kostol-Raca-komparz_1920x1280-800x533.jpg 800w, https:\/\/www.visitbratislava.com\/wp-content\/uploads\/2022\/05\/Dekan-vinohrad-vino-kostol-Raca-komparz_1920x1280-768x512.jpg 768w, https:\/\/www.visitbratislava.com\/wp-content\/uploads\/2022\/05\/Dekan-vinohrad-vino-kostol-Raca-komparz_1920x1280-1536x1024.jpg 1536w, https:\/\/www.visitbratislava.com\/wp-content\/uploads\/2022\/05\/Dekan-vinohrad-vino-kostol-Raca-komparz_1920x1280-200x133.jpg 200w\" sizes=\"(max-width: 1920px) 100vw, 1920px\" \/><\/p>\n<p><strong>Piana alluvionale danubiana<\/strong> [Dunajsk\u00e9 luhy]<br \/>\nUn altro dei luoghi di Bratislava che molto probabilmente visiterete \u00e8 la pianura alluvionale danubiana, una zona ufficialmente protetta e costituita da boschi e prati rivieraschi, pascoli e paludi che ospitano fauna selvatica e vegetazione preziosa. Le sue prime due parti si trovano quasi l\u2019una di fronte all\u2019altra, su entrambe le sponde del Danubio, nella periferia sud di Bratislava. La pi\u00f9 famosa \u00e8 la piana di Biskupice. Per godersi al meglio la natura si consiglia di girare in bici. Che bello stare insieme e sentirsi lontani dal caos della grande citt\u00e0.<\/p>\n<p><img loading=\"lazy\" width=\"1920\" height=\"1280\" class=\"aligncenter size-full wp-image-137054\" src=\"https:\/\/www.visitbratislava.com\/wp-content\/uploads\/2022\/05\/Vyleti-Vtacik-rusovce_vyhradna-01-6_1920x1280.jpg\" alt=\"\" srcset=\"https:\/\/www.visitbratislava.com\/wp-content\/uploads\/2022\/05\/Vyleti-Vtacik-rusovce_vyhradna-01-6_1920x1280.jpg 1920w, https:\/\/www.visitbratislava.com\/wp-content\/uploads\/2022\/05\/Vyleti-Vtacik-rusovce_vyhradna-01-6_1920x1280-400x267.jpg 400w, https:\/\/www.visitbratislava.com\/wp-content\/uploads\/2022\/05\/Vyleti-Vtacik-rusovce_vyhradna-01-6_1920x1280-800x533.jpg 800w, https:\/\/www.visitbratislava.com\/wp-content\/uploads\/2022\/05\/Vyleti-Vtacik-rusovce_vyhradna-01-6_1920x1280-768x512.jpg 768w, https:\/\/www.visitbratislava.com\/wp-content\/uploads\/2022\/05\/Vyleti-Vtacik-rusovce_vyhradna-01-6_1920x1280-1536x1024.jpg 1536w, https:\/\/www.visitbratislava.com\/wp-content\/uploads\/2022\/05\/Vyleti-Vtacik-rusovce_vyhradna-01-6_1920x1280-200x133.jpg 200w\" sizes=\"(max-width: 1920px) 100vw, 1920px\" \/><\/p>\n","protected":false},"excerpt":{"rendered":"<p>Se siete in due, Bratislava vi piacer\u00e0 il doppio. Lasciatevi dunque attrarre dall\u2019atmosfera romantica della capitale<\/p>\n","protected":false},"author":32,"featured_media":136975,"parent":0,"menu_order":0,"comment_status":"closed","ping_status":"closed","template":"","meta":[],"acf":[],"_links":{"self":[{"href":"https:\/\/www.visitbratislava.com\/it\/wp-json\/wp\/v2\/pages\/137120"}],"collection":[{"href":"https:\/\/www.visitbratislava.com\/it\/wp-json\/wp\/v2\/pages"}],"about":[{"href":"https:\/\/www.visitbratislava.com\/it\/wp-json\/wp\/v2\/types\/page"}],"author":[{"embeddable":true,"href":"https:\/\/www.visitbratislava.com\/it\/wp-json\/wp\/v2\/users\/32"}],"replies":[{"embeddable":true,"href":"https:\/\/www.visitbratislava.com\/it\/wp-json\/wp\/v2\/comments?post=137120"}],"version-history":[{"count":1,"href":"https:\/\/www.visitbratislava.com\/it\/wp-json\/wp\/v2\/pages\/137120\/revisions"}],"predecessor-version":[{"id":137121,"href":"https:\/\/www.visitbratislava.com\/it\/wp-json\/wp\/v2\/pages\/137120\/revisions\/137121"}],"wp:featuredmedia":[{"embeddable":true,"href":"https:\/\/www.visitbratislava.com\/it\/wp-json\/wp\/v2\/media\/136975"}],"wp:attachment":[{"href":"https:\/\/www.visitbratislava.com\/it\/wp-json\/wp\/v2\/media?parent=137120"}],"curies":[{"name":"wp","href":"https:\/\/api.w.org\/{rel}","templated":true}]}}