{"id":99479,"date":"2021-06-01T14:37:36","date_gmt":"2021-06-01T12:37:36","guid":{"rendered":"https:\/\/www.visitbratislava.com\/?page_id=99479"},"modified":"2021-06-01T14:37:36","modified_gmt":"2021-06-01T12:37:36","slug":"brevi-informazioni-sugli-alberghi-consigliati","status":"publish","type":"page","link":"https:\/\/www.visitbratislava.com\/it\/brevi-informazioni-sugli-alberghi-consigliati\/","title":{"rendered":"Brevi informazioni sugli alberghi consigliati"},"content":{"rendered":"<p><iframe src=\"https:\/\/www.google.com\/maps\/d\/embed?mid=1IhbrH8J7zEoUa_oHp07dPj6LDptMRBN3\" width=\"840\" height=\"480\"><span data-mce-type=\"bookmark\" style=\"display: inline-block; width: 0px; overflow: hidden; line-height: 0;\" class=\"mce_SELRES_start\">\ufeff<\/span><\/iframe><\/p>\n<h3><a href=\"https:\/\/www.visitbratislava.com\/places\/grand-hotel-river-park\/\">GRAND HOTEL RIVER PARK, A LUXURY COLLECTION HOTEL<\/a><\/h3>\n<p>Entrate nel mondo del design accattivante in uno spazio moderno ed efficiente che sar\u00e0 apprezzato sia da un uomo d\u2019affari sia da un viaggiatore avventuroso. Il Grand Hotel River Park \u00e8 situato direttamente sulla riva del Danubio \u2013 un vantaggio unico tra gli alberghi di Bratislava \u2013 ed offre una bellissima passeggiata sul lungofiume proprio davanti alle sue porte. La vicinanza dell\u2019aeroporto internazionale a Vienna (a 35 minuti in auto) rende il viaggio molto comodo e offre lo standard di comfort pi\u00f9 alto. All\u2019undicesimo piano si trova la ZION SPA LUXURY che, su una superficie di 1\u00a0500 metri quadri, ospita una zona wellness e fitness con un panorama unico. L\u2019albergo \u00e8 stato ripetutamente premiato per il suo alto livello di servizi e comfort con il premio per il \u201cMiglior hotel della Slovacchia\u201d (la classifica di Trend Top) e \u201cSlovakia\u00b4s Leading Business Hotel\u201d (World Travel Award).<\/p>\n<p>Via Dvo\u0159\u00e1kovo n\u00e1bre\u017eie 6, 811 02 Bratislava<br \/>\n+421232238222<br \/>\n<a href=\"mailto:reservations@grandriverpark.com\">reservations@grandriverpark.com<\/a><br \/>\n<a href=\"http:\/\/www.grandriverpark.com\/\">www.grandriverpark.com<\/a><\/p>\n<p><img loading=\"lazy\" width=\"800\" height=\"413\" class=\"size-large wp-image-56435 alignnone\" src=\"https:\/\/www.visitbratislava.com\/wp-content\/uploads\/2015\/05\/Grand-Hotel-River-Park-Bratislava_Hotel-and-its-surroundings-800x413.jpg\" alt=\"\" srcset=\"https:\/\/www.visitbratislava.com\/wp-content\/uploads\/2015\/05\/Grand-Hotel-River-Park-Bratislava_Hotel-and-its-surroundings-800x413.jpg 800w, https:\/\/www.visitbratislava.com\/wp-content\/uploads\/2015\/05\/Grand-Hotel-River-Park-Bratislava_Hotel-and-its-surroundings-400x207.jpg 400w, https:\/\/www.visitbratislava.com\/wp-content\/uploads\/2015\/05\/Grand-Hotel-River-Park-Bratislava_Hotel-and-its-surroundings-768x397.jpg 768w, https:\/\/www.visitbratislava.com\/wp-content\/uploads\/2015\/05\/Grand-Hotel-River-Park-Bratislava_Hotel-and-its-surroundings-200x103.jpg 200w, https:\/\/www.visitbratislava.com\/wp-content\/uploads\/2015\/05\/Grand-Hotel-River-Park-Bratislava_Hotel-and-its-surroundings.jpg 1499w\" sizes=\"(max-width: 800px) 100vw, 800px\" \/><\/p>\n<h3><a href=\"https:\/\/www.visitbratislava.com\/members\/hotel-bratislava-city-hotel-bratislava-s-r-o\/\">HOTEL BRATISLAVA<\/a><\/h3>\n<p>Un albergo moderno, ben ristrutturato, con una lunga tradizione. Dal 1974 offre alloggio sia per esigenti viaggiatori d\u2019affari sia per gruppi di turisti.<\/p>\n<p><img loading=\"lazy\" class=\"alignnone wp-image-99481 size-large\" src=\"https:\/\/www.visitbratislava.com\/wp-content\/uploads\/2016\/06\/bratislava-hotel-800x533.jpg\" alt=\"hotel bratislava\" width=\"800\" height=\"533\" srcset=\"https:\/\/www.visitbratislava.com\/wp-content\/uploads\/2016\/06\/bratislava-hotel.jpg 800w, https:\/\/www.visitbratislava.com\/wp-content\/uploads\/2016\/06\/bratislava-hotel-400x267.jpg 400w, https:\/\/www.visitbratislava.com\/wp-content\/uploads\/2016\/06\/bratislava-hotel-768x512.jpg 768w, https:\/\/www.visitbratislava.com\/wp-content\/uploads\/2016\/06\/bratislava-hotel-200x133.jpg 200w\" sizes=\"(max-width: 800px) 100vw, 800px\" \/><\/p>\n<h3><a href=\"https:\/\/www.visitbratislava.com\/members\/hotel-crowne-plaza-bratislava-diamond-hotels-slovakia-s-r-o\/\">HOTEL CROWNE PLAZA BRATISLAVA<\/a><\/h3>\n<p>Crowne Plaza Bratislava \u00e8 un albergo di prima classe che si trova al centro di Bratislava. Unisce una posizione ideale, sistemazioni confortevoli, sale conferenza moderne e gastronomia eccellente. L\u2019albergo si trova nel centro della citt\u00e0 con la vista sul Palazzo presidenziale a pochi passi dal centro storico ed il famoso Castello di Bratislava.<\/p>\n<p><img loading=\"lazy\" class=\"alignnone wp-image-34274 size-large\" src=\"https:\/\/www.visitbratislava.com\/wp-content\/uploads\/2017\/07\/Crowne-Plaza_fontana-800x533.jpg\" alt=\"hotel crown plaza bratislava\" width=\"800\" height=\"533\" srcset=\"https:\/\/www.visitbratislava.com\/wp-content\/uploads\/2017\/07\/Crowne-Plaza_fontana-800x533.jpg 800w, https:\/\/www.visitbratislava.com\/wp-content\/uploads\/2017\/07\/Crowne-Plaza_fontana-400x267.jpg 400w, https:\/\/www.visitbratislava.com\/wp-content\/uploads\/2017\/07\/Crowne-Plaza_fontana-768x512.jpg 768w, https:\/\/www.visitbratislava.com\/wp-content\/uploads\/2017\/07\/Crowne-Plaza_fontana-200x133.jpg 200w\" sizes=\"(max-width: 800px) 100vw, 800px\" \/><\/p>\n<h3><a href=\"https:\/\/www.visitbratislava.com\/places\/falkensteiner-hotel-bratislava\/\">HOTEL FALKENSTEINER BRATISLAVA<\/a><\/h3>\n<p>Raramente la definizione \u201chotel di stile\u201d \u00e8 cos\u00ec appropriata come nel caso del Falkensteiner Hotel Bratislava. L\u2019architettura ed il design creano l\u2019atmosfera di uno stile di vita moderno senza pari \u2013 una vera ventata di aria fresca tra gli alberghi della citt\u00e0. Stile eccentrico e servizi top in tutti gli ambienti dell\u2019hotel \u2013 dalle camere ed il ristorante con il bar fino al centro benessere Acquapura City SPA \u2013 garantiscono un comfort imparagonabile che vizier\u00e0 sia i viaggiatori d\u2019affari che i vacanzieri.<\/p>\n<p><img loading=\"lazy\" class=\"alignnone wp-image-41060 size-large\" src=\"https:\/\/www.visitbratislava.com\/wp-content\/uploads\/2015\/05\/falkensteiner-800x533.jpg\" alt=\"hotel falkensteiner bratislava\" width=\"800\" height=\"533\" srcset=\"https:\/\/www.visitbratislava.com\/wp-content\/uploads\/2015\/05\/falkensteiner-800x533.jpg 800w, https:\/\/www.visitbratislava.com\/wp-content\/uploads\/2015\/05\/falkensteiner-400x267.jpg 400w, https:\/\/www.visitbratislava.com\/wp-content\/uploads\/2015\/05\/falkensteiner-768x512.jpg 768w, https:\/\/www.visitbratislava.com\/wp-content\/uploads\/2015\/05\/falkensteiner-200x133.jpg 200w, https:\/\/www.visitbratislava.com\/wp-content\/uploads\/2015\/05\/falkensteiner.jpg 900w\" sizes=\"(max-width: 800px) 100vw, 800px\" \/><\/p>\n<h3><a href=\"https:\/\/www.visitbratislava.com\/places\/hotel-matysak\/\">HOTEL MATY\u0160\u00c1K<\/a><\/h3>\n<p>L\u2019albergo Maty\u0161\u00e1k \u00e8 situato nelle vicinanze del centro storico di Bratislava, prossimo alla Stazione centrale ferroviaria. Dentro l\u2019albergo troverete il ristorante che dispone di 120 posti e comprende una cantina di vini d\u2019annata che insieme al ristorante rappresenta un esempio unico del suo genere in Slovacchia.<\/p>\n<p><img loading=\"lazy\" class=\"alignnone wp-image-11255 size-large\" src=\"https:\/\/www.visitbratislava.com\/wp-content\/uploads\/2015\/05\/matysak-1-800x534.jpg\" alt=\"hotel matysak\" width=\"800\" height=\"534\" srcset=\"https:\/\/www.visitbratislava.com\/wp-content\/uploads\/2015\/05\/matysak-1-800x534.jpg 800w, https:\/\/www.visitbratislava.com\/wp-content\/uploads\/2015\/05\/matysak-1-400x267.jpg 400w, https:\/\/www.visitbratislava.com\/wp-content\/uploads\/2015\/05\/matysak-1-768x512.jpg 768w, https:\/\/www.visitbratislava.com\/wp-content\/uploads\/2015\/05\/matysak-1-200x133.jpg 200w, https:\/\/www.visitbratislava.com\/wp-content\/uploads\/2015\/05\/matysak-1.jpg 1000w\" sizes=\"(max-width: 800px) 100vw, 800px\" \/><\/p>\n<h3><a href=\"https:\/\/www.visitbratislava.com\/members\/hotel-nh-bratislava-gate-one-eurohotel-a-s\/\">HOTEL NH BRATISLAVA GATE ONE<\/a><\/h3>\n<p>Hotel NH Bratislava Gate One \u00e8 da diversi anni uno dei TOP 10 alberghi in Slovacchia (classifica di Tripadvisor). Hotel moderno ed elegante a 4 stelle con architettura particolare offre tutto ci\u00f2 che un\u2019ospite pu\u00f2 desiderare: servizio di alta qualit\u00e0, design moderno e personale professionale. L\u2019albergo si trova vicino all\u2019aeroporto e a soli 15 minuti dal centro storico di Bratislava.<\/p>\n<p><img loading=\"lazy\" class=\"alignnone wp-image-39305 size-large\" src=\"https:\/\/www.visitbratislava.com\/wp-content\/uploads\/2018\/02\/hotel-nh-gate-one-recepcia-reception-lobby-800x533.jpg\" alt=\"hotel nh bratislava gate one\" width=\"800\" height=\"533\" srcset=\"https:\/\/www.visitbratislava.com\/wp-content\/uploads\/2018\/02\/hotel-nh-gate-one-recepcia-reception-lobby-800x533.jpg 800w, https:\/\/www.visitbratislava.com\/wp-content\/uploads\/2018\/02\/hotel-nh-gate-one-recepcia-reception-lobby-400x266.jpg 400w, https:\/\/www.visitbratislava.com\/wp-content\/uploads\/2018\/02\/hotel-nh-gate-one-recepcia-reception-lobby-768x511.jpg 768w, https:\/\/www.visitbratislava.com\/wp-content\/uploads\/2018\/02\/hotel-nh-gate-one-recepcia-reception-lobby-200x133.jpg 200w\" sizes=\"(max-width: 800px) 100vw, 800px\" \/><\/p>\n<h3><a href=\"https:\/\/www.lindner.de\/en\/bratislava-hotel-gallery-central\/welcome.html\">LINDNER HOTEL GALLERY CENTRAL BRATISLAVA<\/a><\/h3>\n<p>Direttamente sul tetto del nuovo centro commerciale Central, in un parco verde, potete trovare lo stiloso Lindner Hotel Gallery Central.\u00a0 La maggior parte di camere ed anche il bar offrono il panorama della Citt\u00e0 Vecchia e del simbolo della citt\u00e0 \u2013 il Castello di Bratislava. La sua posizione conveniente tra il centro e l\u2019aeroporto, insieme a soluzioni designate per organizzare eventi e conferenze con la tecnologia pi\u00f9 moderna, fanno di questo hotel non solo un posto ideale per vari incontri ma anche una location innovativa per affari. Alcuni dei vantaggi dell\u2019albergo sono l\u2019accesso diretto a pi\u00f9 di 150 negozi e boutique, al centro fitness unico con piscina coperta, la prossimit\u00e0 al suggestivo centro storico e infine l\u2019ambiente vivace dell\u2019hotel stesso.<\/p>\n<p>Indirizzo<\/p>\n<p>Via Metodova 4, 821 08, Bratislava<br \/>\n+421 2 3993 0000<br \/>\ninfo.bratislava@lindnerhotels.com<br \/>\nwww.lindner.de\/sk\/<\/p>\n<p><img loading=\"lazy\" class=\"alignnone wp-image-99486 size-large\" src=\"https:\/\/www.visitbratislava.com\/wp-content\/uploads\/2019\/04\/lindner-800x531.jpg\" alt=\"\" width=\"800\" height=\"531\" srcset=\"https:\/\/www.visitbratislava.com\/wp-content\/uploads\/2019\/04\/lindner-800x531.jpg 800w, https:\/\/www.visitbratislava.com\/wp-content\/uploads\/2019\/04\/lindner-400x266.jpg 400w, https:\/\/www.visitbratislava.com\/wp-content\/uploads\/2019\/04\/lindner-768x510.jpg 768w, https:\/\/www.visitbratislava.com\/wp-content\/uploads\/2019\/04\/lindner-200x133.jpg 200w, https:\/\/www.visitbratislava.com\/wp-content\/uploads\/2019\/04\/lindner.jpg 1398w\" sizes=\"(max-width: 800px) 100vw, 800px\" \/><\/p>\n<h3><a href=\"https:\/\/www.visitbratislava.com\/members\/mamas-boutique-hotel-hotel-mamas-s-r-o\/\">MAMA\u2019S BOUTIQUE HOTEL<\/a><\/h3>\n<p>L\u2019albergo Hotel Mama\u2019s \u00e8 situato in un tranquillo quartiere residenziale vicino al centro della citt\u00e0. L\u2019hotel vi colpir\u00e0 per la sua eleganza, il design moderno e la piacevole atmosfera familiare. Grazie ad essa vi sentirete a casa. Se preferite alberghi pi\u00f9 piccoli del tipo \u201cboutique hotel\u201d e cercate un ambiente calmo e tranquillo, questo \u00e8 il posto giusto per voi.<\/p>\n<p><img loading=\"lazy\" class=\"alignnone wp-image-11247 size-large\" src=\"https:\/\/www.visitbratislava.com\/wp-content\/uploads\/2015\/05\/mamas-800x534.jpg\" alt=\"mamas boutique hotel bratislava\" width=\"800\" height=\"534\" srcset=\"https:\/\/www.visitbratislava.com\/wp-content\/uploads\/2015\/05\/mamas-800x534.jpg 800w, https:\/\/www.visitbratislava.com\/wp-content\/uploads\/2015\/05\/mamas-400x267.jpg 400w, https:\/\/www.visitbratislava.com\/wp-content\/uploads\/2015\/05\/mamas-768x512.jpg 768w, https:\/\/www.visitbratislava.com\/wp-content\/uploads\/2015\/05\/mamas-200x133.jpg 200w, https:\/\/www.visitbratislava.com\/wp-content\/uploads\/2015\/05\/mamas.jpg 1600w\" sizes=\"(max-width: 800px) 100vw, 800px\" \/><\/p>\n<h3><a href=\"https:\/\/www.visitbratislava.com\/members\/park-inn-by-radisson-danube-bratislava\/\">PARK INN BY RADISSON DANUBE BRATISLAVA<\/a><\/h3>\n<p>Ristrutturato da poco, questo albergo si trova sulle rive del Danubio. A pochi passi dal nostro hotel troverete le attrazioni pi\u00f9 ricercate di Bratislava. Godetevi le passeggiate lungo il Danubio, scoprite la bellezza unica del Duomo di San Martino oppure passate una serata culturale al Teatro nazionale slovacco.<\/p>\n<p><img loading=\"lazy\" class=\"alignnone wp-image-99482 size-large\" src=\"https:\/\/www.visitbratislava.com\/wp-content\/uploads\/2018\/10\/BTSPD-exterior-view-800x533.jpg\" alt=\"park inn by radisson bratislava\" width=\"800\" height=\"533\" srcset=\"https:\/\/www.visitbratislava.com\/wp-content\/uploads\/2018\/10\/BTSPD-exterior-view-800x533.jpg 800w, https:\/\/www.visitbratislava.com\/wp-content\/uploads\/2018\/10\/BTSPD-exterior-view-400x267.jpg 400w, https:\/\/www.visitbratislava.com\/wp-content\/uploads\/2018\/10\/BTSPD-exterior-view-768x512.jpg 768w, https:\/\/www.visitbratislava.com\/wp-content\/uploads\/2018\/10\/BTSPD-exterior-view-200x133.jpg 200w\" sizes=\"(max-width: 800px) 100vw, 800px\" \/><\/p>\n<h3><a href=\"https:\/\/www.visitbratislava.com\/places\/radisson-blue-carlton-hotel\/\">RADISSON BLU CARLTON HOTEL, BRATISLAVA<\/a><\/h3>\n<p>Il Radisson Blu Carlton Hotel, albergo leggendario e prestigioso, attende i suoi ospiti nel cuore della citt\u00e0 storica di Bratislava. L\u2019hotel \u00e8 circondato da ristoranti, bar e monumenti culturali. La struttura risalente al 1837 \u00e8 stata ristrutturata nello stile classico originale.<\/p>\n<p><img loading=\"lazy\" class=\"alignnone wp-image-33465 size-large\" src=\"https:\/\/www.visitbratislava.com\/wp-content\/uploads\/2017\/06\/carlton-exterior-800x534.jpg\" alt=\"radisson blu carlton hotel bratislava\" width=\"800\" height=\"534\" srcset=\"https:\/\/www.visitbratislava.com\/wp-content\/uploads\/2017\/06\/carlton-exterior-800x534.jpg 800w, https:\/\/www.visitbratislava.com\/wp-content\/uploads\/2017\/06\/carlton-exterior-400x267.jpg 400w, https:\/\/www.visitbratislava.com\/wp-content\/uploads\/2017\/06\/carlton-exterior-768x512.jpg 768w, https:\/\/www.visitbratislava.com\/wp-content\/uploads\/2017\/06\/carlton-exterior-200x133.jpg 200w, https:\/\/www.visitbratislava.com\/wp-content\/uploads\/2017\/06\/carlton-exterior.jpg 1901w\" sizes=\"(max-width: 800px) 100vw, 800px\" \/><\/p>\n<h3><a href=\"https:\/\/www.visitbratislava.com\/members\/roset-boutique-hotel-tulip-house-a-s\/\">ROSET BOUTIQUE HOTEL<\/a><\/h3>\n<p>Il Roset Boutique Hotel \u00e8 un albergo incantevole e lussuoso costruito nel 1903 nello stile liberty. Offre sistemazioni di lusso, spaziose e dotate di comfort sopra lo standard cos\u00ec come le maisonettes adatte anche per soggiorni pi\u00f9 lunghi.<\/p>\n<p><img loading=\"lazy\" class=\"alignnone wp-image-47508 size-large\" src=\"https:\/\/www.visitbratislava.com\/wp-content\/uploads\/2018\/08\/roset-boutique-hotel_exterier-800x467.jpg\" alt=\"roset boutique hotel\" width=\"800\" height=\"467\" srcset=\"https:\/\/www.visitbratislava.com\/wp-content\/uploads\/2018\/08\/roset-boutique-hotel_exterier-800x467.jpg 800w, https:\/\/www.visitbratislava.com\/wp-content\/uploads\/2018\/08\/roset-boutique-hotel_exterier-400x233.jpg 400w, https:\/\/www.visitbratislava.com\/wp-content\/uploads\/2018\/08\/roset-boutique-hotel_exterier-768x448.jpg 768w, https:\/\/www.visitbratislava.com\/wp-content\/uploads\/2018\/08\/roset-boutique-hotel_exterier-200x117.jpg 200w\" sizes=\"(max-width: 800px) 100vw, 800px\" \/><\/p>\n<h3><a href=\"https:\/\/www.visitbratislava.com\/places\/hotel-sheraton-bratislava\/\">SHERATON BRATISLAVA HOTEL<\/a><\/h3>\n<p>Hotel Sheraton Bratislava fa parte del complesso commerciale EUROVEA sulle rive del fiume Danubio. Si raggiungere il centro storico a piedi in soli 5 minuti, per cui si tratta del luogo ideale per conoscere le destinazioni celebri della citt\u00e0. Tutte le camere e le suite sono arredate con stile e gusto e dotate dei famosi letti Sheraton Signature Sleep Experience. L\u2019area spa ZION SPA PREMIUM, accessibile gratuitamente a tutti gli ospiti dell\u2019albergo, nei suoi 800 metri quadrati offre il relax nella forma di piscina calda, sauna finlandese, bagno di vapore aromatico, trattamenti professionali ed un centro fitness aperto 24 ore su 24. La Port Wilson Lobby Lounge e l\u2019Amber\u00b4s Bar rappresentano invece i posti giusti per la colazione o il pranzo di lavoro con i vostri business partner oppure per incontri con amici o familiari accompagnati da un bicchiere di vino o un cocktail.<\/p>\n<p>Via Pribinova 12, 811 09 Bratislava<br \/>\n+421235350000<br \/>\n<a href=\"mailto:reservations@sheratonbratislava.com\">reservations@sheratonbratislava.com<\/a><br \/>\n<a href=\"http:\/\/www.sheratonbratislava.com\/\">www.sheratonbratislava.com<\/a><\/p>\n<p><img loading=\"lazy\" width=\"800\" height=\"533\" class=\"size-large wp-image-56437 alignnone\" src=\"https:\/\/www.visitbratislava.com\/wp-content\/uploads\/2019\/03\/hotel-sheraton-room-izba-800x533.jpg\" alt=\"\" srcset=\"https:\/\/www.visitbratislava.com\/wp-content\/uploads\/2019\/03\/hotel-sheraton-room-izba-800x533.jpg 800w, https:\/\/www.visitbratislava.com\/wp-content\/uploads\/2019\/03\/hotel-sheraton-room-izba-400x267.jpg 400w, https:\/\/www.visitbratislava.com\/wp-content\/uploads\/2019\/03\/hotel-sheraton-room-izba-768x512.jpg 768w, https:\/\/www.visitbratislava.com\/wp-content\/uploads\/2019\/03\/hotel-sheraton-room-izba-200x133.jpg 200w\" sizes=\"(max-width: 800px) 100vw, 800px\" \/><\/p>\n<h3>BOTEL PRESSBURG<\/h3>\n<p>Il Botel Pressburg \u00e8 situato nel centro di Bratislava, direttamente sulla pista ciclabile che porta a Dev\u00edn, sulla riva del Danubio e a soli 600 metri dal Castello di Bratislava. L\u2019albergo vi offre alloggio con ristorante, un salotto comune, una terrazza soleggiata e Wi-Fi gratuito in tutte le aree. Ogni camera dispone di una bella vista \u2013 alcune si affacciano a nord, sul famoso ponte sul Danubio con il punto panoramico \u201cUFO\u201d, altre sulla piazza di River Park ed il centro storico.<\/p>\n<p>Indirizzo<\/p>\n<p>Via Dvo\u0159\u00e1kovo n\u00e1bre\u017eie, 811 02 Bratislava<br \/>\n+421 2 4319 1277<br \/>\nreception@botelpressburg.sk<br \/>\nwww.botelpressburg.sk<\/p>\n<p><img loading=\"lazy\" width=\"800\" height=\"450\" class=\"size-large wp-image-38067 alignnone\" src=\"https:\/\/www.visitbratislava.com\/wp-content\/uploads\/2017\/12\/Botel-Pressburg-Restaurant-Fancy-Sunset-Silvester-Wedding-800x450.jpg\" alt=\"\" srcset=\"https:\/\/www.visitbratislava.com\/wp-content\/uploads\/2017\/12\/Botel-Pressburg-Restaurant-Fancy-Sunset-Silvester-Wedding-800x450.jpg 800w, https:\/\/www.visitbratislava.com\/wp-content\/uploads\/2017\/12\/Botel-Pressburg-Restaurant-Fancy-Sunset-Silvester-Wedding-400x225.jpg 400w, https:\/\/www.visitbratislava.com\/wp-content\/uploads\/2017\/12\/Botel-Pressburg-Restaurant-Fancy-Sunset-Silvester-Wedding-768x432.jpg 768w, https:\/\/www.visitbratislava.com\/wp-content\/uploads\/2017\/12\/Botel-Pressburg-Restaurant-Fancy-Sunset-Silvester-Wedding-200x113.jpg 200w, https:\/\/www.visitbratislava.com\/wp-content\/uploads\/2017\/12\/Botel-Pressburg-Restaurant-Fancy-Sunset-Silvester-Wedding.jpg 960w\" sizes=\"(max-width: 800px) 100vw, 800px\" \/><\/p>\n<h3>HOTEL PLUS***<\/h3>\n<p>L\u2019Hotel Plus \u00e8 ubicato all\u2019interno del quartiere di Ru\u017einov \u2013 Trn\u00e1vka, a soli 2 km dall\u2019aeroporto di M. R. \u0160tef\u00e1nik e circa 700 metri dal centro commerciale Avion e dall\u2019Ikea. \u00c8 facilmente raggiungibile dall\u2019autostrada, ma anche con mezzi pubblici partendo dalla stazione ferroviaria centrale oppure dalla stazione degli autobus. Accanto all\u2019albergo si trova la fermata del bus notturno, che lo collega di notte alla stazione ferroviaria, a quella degli autobus ed al centro.<\/p>\n<p>Indirizzo<\/p>\n<p>Via Bulharsk\u00e1 72, 821 04 Bratislava<br \/>\n+421 2 4823 1920<br \/>\nrecepcia.hotel@hotely-plus.sk<br \/>\nsk.hotelyplus.sk<\/p>\n<h3>DOUBLE TREE BY HILTON HOTEL BRATISLAVA****<\/h3>\n<p>Scoprite un albergo moderno nella capitale storica della Slovacchia \u2013 Bratislava. Grazie alla sua posizione all\u2019incrocio dei quartieri commerciali, culturali, sportivi e storici \u00e8 il posto giusto sia per i viaggiatori d\u2019affari che per i vacanzieri. Questo business hotel \u00e8 situato nelle vicinanze dello stadio di hockey &#8211; lo Stadio di Ondrej Nepela &#8211; ed allo stesso tempo dista soli 10 minuti dal centro storico della citt\u00e0, 7 minuti dall\u2019aeroporto e soli 50 minuti dall\u2019aeroporto internazionale di Vienna.<\/p>\n<p>Indirizzo<\/p>\n<p>Via Trnavsk\u00e1 cesta 27 A, 831 04 Bratislava<br \/>\n+421 2 3234 0111<br \/>\nbratislava.reservations@hilton.com<br \/>\ndoubletree3.hilton.com<\/p>\n<p><img class=\"size-full wp-image-35715 alignnone\" src=\"https:\/\/www.visitbratislava.com\/wp-content\/uploads\/2017\/09\/BEHIND-THE-SCENES-IN-BRATISLAVA-DoubleTree-by-Hilton-Hotel-KONGRES-\u2013-Europe-Events-and-Meetings-Industry-Magazine_thumbnail.jpg\" alt=\"\" \/><\/p>\n<h3><a href=\"https:\/\/www.visitbratislava.com\/members\/patio-hostel-bratislava-slovak-hostel-s-r-o\/\">HOSTEL PATIO<\/a><\/h3>\n<p>Il Patio Hostel vanta una posizione eccellente \u2013 direttamente nel cuore della citt\u00e0. Tutti i monumenti pi\u00f9 importanti, le attrazioni, i ristoranti, le enoteche e i night bar sono proprio dietro l\u2019angolo, per cui non \u00e8 necessario prendere mezzi pubblici o pagare il taxi. Il nostro staff della reception sar\u00e0 felice di assistervi per qualsiasi richiesta e vi indicheranno sulla mappa l\u2019attrazione, il ristorante o il bar che deciderete di visitare. Se non ve la sentirete di fare una passeggiata, sarete comunque i benvenuti a rilassarvi nel nostro giardino oppure a prendere una bibita nel nostro bar insieme agli altri ospiti. L\u2019ostello \u00e8 inserito all\u2019interno di un cortile e quindi completamente protetto dal rumore della strada. Infine i nostri ospiti possono approfittare del nostro parcheggio privato.<\/p>\n<p><img loading=\"lazy\" width=\"800\" height=\"588\" class=\"alignnone size-large wp-image-99485\" src=\"https:\/\/www.visitbratislava.com\/wp-content\/uploads\/2018\/11\/patio-hostel-na-sirku-800x588.jpg\" alt=\"\" srcset=\"https:\/\/www.visitbratislava.com\/wp-content\/uploads\/2018\/11\/patio-hostel-na-sirku-800x588.jpg 800w, https:\/\/www.visitbratislava.com\/wp-content\/uploads\/2018\/11\/patio-hostel-na-sirku-400x294.jpg 400w, https:\/\/www.visitbratislava.com\/wp-content\/uploads\/2018\/11\/patio-hostel-na-sirku-768x564.jpg 768w, https:\/\/www.visitbratislava.com\/wp-content\/uploads\/2018\/11\/patio-hostel-na-sirku-200x147.jpg 200w, https:\/\/www.visitbratislava.com\/wp-content\/uploads\/2018\/11\/patio-hostel-na-sirku.jpg 1536w\" sizes=\"(max-width: 800px) 100vw, 800px\" \/><\/p>\n","protected":false},"excerpt":{"rendered":"<p>A Bratislava troverete numerosi alberghi vicino al centro oppure direttamente nel centro stesso. Molti di essi offrono un\u2019ottima gastronomia nei propri ristoranti. Alcuni sono dotati anche di aree spa. Scegliete a seconda dello stile, location o panorama:<\/p>\n","protected":false},"author":25,"featured_media":125906,"parent":0,"menu_order":0,"comment_status":"closed","ping_status":"closed","template":"","meta":[],"acf":[],"_links":{"self":[{"href":"https:\/\/www.visitbratislava.com\/it\/wp-json\/wp\/v2\/pages\/99479"}],"collection":[{"href":"https:\/\/www.visitbratislava.com\/it\/wp-json\/wp\/v2\/pages"}],"about":[{"href":"https:\/\/www.visitbratislava.com\/it\/wp-json\/wp\/v2\/types\/page"}],"author":[{"embeddable":true,"href":"https:\/\/www.visitbratislava.com\/it\/wp-json\/wp\/v2\/users\/25"}],"replies":[{"embeddable":true,"href":"https:\/\/www.visitbratislava.com\/it\/wp-json\/wp\/v2\/comments?post=99479"}],"version-history":[{"count":0,"href":"https:\/\/www.visitbratislava.com\/it\/wp-json\/wp\/v2\/pages\/99479\/revisions"}],"wp:featuredmedia":[{"embeddable":true,"href":"https:\/\/www.visitbratislava.com\/it\/wp-json\/wp\/v2\/media\/125906"}],"wp:attachment":[{"href":"https:\/\/www.visitbratislava.com\/it\/wp-json\/wp\/v2\/media?parent=99479"}],"curies":[{"name":"wp","href":"https:\/\/api.w.org\/{rel}","templated":true}]}}