{"id":99521,"date":"2021-06-01T14:35:27","date_gmt":"2021-06-01T12:35:27","guid":{"rendered":"https:\/\/www.visitbratislava.com\/?page_id=99521"},"modified":"2022-06-28T14:32:37","modified_gmt":"2022-06-28T12:32:37","slug":"le-top-10-esperienze-estive-a-bratislava","status":"publish","type":"page","link":"https:\/\/www.visitbratislava.com\/it\/le-top-10-esperienze-estive-a-bratislava\/","title":{"rendered":"Le top 10 esperienze estive a Bratislava"},"content":{"rendered":"<p><iframe src=\"https:\/\/www.google.com\/maps\/d\/embed?mid=1jh8j2wwmOv9xH04VDGb14T_SvyI\" width=\"800\" height=\"440\"><span data-mce-type=\"bookmark\" style=\"display: inline-block; width: 0px; overflow: hidden; line-height: 0;\" class=\"mce_SELRES_start\">\ufeff<\/span><\/iframe><\/p>\n<p>Il lungofiume al Danubio con una vista mozzafiato dell\u2019intera citt\u00e0 e del castello, viuzze strette pieni di piccole caffetterie con deliziosi spuntini oppure vicoli nascosti che raccontano la storia \u2013 tutto questo vi attende a Bratislava in estate. Ecco il nostro elenco di 10 esperienze estive imperdibili.<\/p>\n<h3>1. WAKELAKE e il lago di ZLAT\u00c9 PIESKY<\/h3>\n<p>Siete pronti a vivere un\u2019estate piena di adrenalina a Bratislava? Il Wakelake al lago di Zlat\u00e9 piesky vi offre l\u2019impianto di wakeboard, un ottimo ristorante con menu giornaliero ed un bar pieno di drink. Inoltre avete la possibilit\u00e0 di provare il flyboard, di giocare a beach volley con gli amici e di concludere la vostra giornata partecipando a una delle numerose feste organizzate da Wakelake. La zona di Zlat\u00e9 piesky con le sue spiagge ed il grande lago \u00e8 un luogo ideale per il relax estivo a Bratislava. Nei dintorni troverete una vasta scelta di piccoli bar e ristoranti dove perdere il senso del tempo in questa oasi di relax.\u00a0<a href=\"https:\/\/www.visitbratislava.com\/places\/wakelake\/\">Pi\u00f9 info qui<\/a><\/p>\n<p><img loading=\"lazy\" class=\"alignnone wp-image-99523 size-large\" src=\"https:\/\/www.visitbratislava.com\/wp-content\/uploads\/2017\/07\/wake-lake-2-800x532.jpg\" alt=\"\" width=\"800\" height=\"532\" srcset=\"https:\/\/www.visitbratislava.com\/wp-content\/uploads\/2017\/07\/wake-lake-2-800x532.jpg 800w, https:\/\/www.visitbratislava.com\/wp-content\/uploads\/2017\/07\/wake-lake-2-400x266.jpg 400w, https:\/\/www.visitbratislava.com\/wp-content\/uploads\/2017\/07\/wake-lake-2-768x511.jpg 768w, https:\/\/www.visitbratislava.com\/wp-content\/uploads\/2017\/07\/wake-lake-2-200x133.jpg 200w, https:\/\/www.visitbratislava.com\/wp-content\/uploads\/2017\/07\/wake-lake-2.jpg 2048w\" sizes=\"(max-width: 800px) 100vw, 800px\" \/><\/p>\n<h3>2. divok\u00e1 voda &#8211; L\u2019area per sport acquatici<\/h3>\n<p>L\u2019area per gli sport acquatici chiamata Divok\u00e1 voda si trova a breve distanza in macchina o con i mezzi pubblici dal centro di Bratislava. I due canali sul vecchio letto del fiume Danubio vi regalano l\u2019opportunit\u00e0 di praticare il rafting, lo scooter acquatico, il kayak e lo sci d\u2019acqua. Ma non \u00e8 tutto \u2013 l\u2019area vi offre tante altre esperienze, quali quad, tiro con l\u2019arco, beach volley e giri sul pony. L\u2019area ospita anche un ristorante e le possibilit\u00e0 di alloggio nell\u2019hotel.\u00a0<a href=\"https:\/\/www.visitbratislava.com\/places\/cunovo\/\">Pi\u00f9 info qui<\/a><\/p>\n<p><img loading=\"lazy\" width=\"800\" height=\"450\" class=\"size-large wp-image-21534 alignnone\" src=\"https:\/\/www.visitbratislava.com\/wp-content\/uploads\/2015\/04\/s-800x450.jpg\" alt=\"\" srcset=\"https:\/\/www.visitbratislava.com\/wp-content\/uploads\/2015\/04\/s-800x450.jpg 800w, https:\/\/www.visitbratislava.com\/wp-content\/uploads\/2015\/04\/s-400x225.jpg 400w, https:\/\/www.visitbratislava.com\/wp-content\/uploads\/2015\/04\/s-768x432.jpg 768w, https:\/\/www.visitbratislava.com\/wp-content\/uploads\/2015\/04\/s-200x113.jpg 200w\" sizes=\"(max-width: 800px) 100vw, 800px\" \/><\/p>\n<h3>3. la spiaggia \u201cTYR\u0160\u00c1K\u201d<\/h3>\n<p>Una spiaggia di sabbia nel centro di Bratislava sulla riva del Danubio?\u00a0 La spiaggia Tyr\u0161\u00e1k regala alla citt\u00e0 la combinazione giusta di relax e intrattenimento \u2013 nello stesso posto troverete un ricco programma culturale, specialit\u00e0 gastronomiche, attivit\u00e0 sportive come calcio o beach volley e Wi-Fi gratuito. Potete quindi godervi il tramonto nel comfort della spiaggia di sabbia, con il Danubio che scorre davanti a voi, il tutto accompagnato da una bibita fantastica. <a href=\"https:\/\/tyrsak.sk\/\">Pi\u00f9 info qui<\/a><\/p>\n<h3>4. il parco forestale di BRATISLAVa<\/h3>\n<p>Le foreste comunali di Bratislava che si estendono su una superficie di oltre 3.000 ettari rappresentano un\u2019area ricreativa nelle vicinanze dei Piccoli Carpazi, ideale per passeggiare e ricaricare le batterie. Il parco comprende anche la famosa zona di \u017delezn\u00e1 studni\u010dka dove a Partiz\u00e1nska l\u00faka troverete un\u2019area con parchi giochi per bambini, dei gazebo, la possibilit\u00e0 di giocare a calcio oppure di andare in barca sui laghi vicini. I visitatori che amano andare in bici saranno contenti di trovare le lunghe e ben tenute piste ciclabili. Anche i pescatori possono passarvi una giornata piacevole, con la possibilit\u00e0 di acquistare la licenza per la pesca. Un\u2019altra esperienza unica attende tutti, grandi e piccoli, che prendono la seggiovia da \u017delezn\u00e1 studni\u010dka fino alla cima della collina Kamz\u00edk, dove potete concludere la giornata con un giro sulla pista da bob.\u00a0<a href=\"https:\/\/www.visitbratislava.com\/places\/bratislava-forest-park\/\">Pi\u00f9 info qui<\/a><\/p>\n<p><iframe src=\"https:\/\/www.youtube.com\/embed\/WpfbG7H6dAs\" width=\"800\" height=\"450\" frameborder=\"0\" allowfullscreen=\"allowfullscreen\"><\/iframe><\/p>\n<p><img loading=\"lazy\" width=\"800\" height=\"533\" class=\"size-large wp-image-2520 alignnone\" src=\"https:\/\/www.visitbratislava.com\/wp-content\/uploads\/2015\/04\/zelezna-studienka-800x533.jpg\" alt=\"\" srcset=\"https:\/\/www.visitbratislava.com\/wp-content\/uploads\/2015\/04\/zelezna-studienka-800x533.jpg 800w, https:\/\/www.visitbratislava.com\/wp-content\/uploads\/2015\/04\/zelezna-studienka-400x267.jpg 400w, https:\/\/www.visitbratislava.com\/wp-content\/uploads\/2015\/04\/zelezna-studienka-200x133.jpg 200w, https:\/\/www.visitbratislava.com\/wp-content\/uploads\/2015\/04\/zelezna-studienka.jpg 1920w\" sizes=\"(max-width: 800px) 100vw, 800px\" \/><\/p>\n<h3>5. EUROVEA<\/h3>\n<p>Questa destinazione molto popolare non si limita ad essere il paradiso dello shopping ma vanta anche un bellissimo lungofiume soleggiato. Prendendo un drink o un caff\u00e8 su una delle tante terrazze potete ammirare la vista sul Danubio e godervi la brezza leggera. L\u2019Eurovea \u00e8 facilmente raggiungibile dal centro della citt\u00e0, sia a piedi sia con mezzi pubblici oppure in macchina, visto che dispone di un garage molto capiente. \u00c8 inoltre uno dei luoghi dove si svolgono gli eventi dell\u2019estate culturale e del festival al castello per cui potete godervi meravigliosi concerti in un ambiente piacevole.\u00a0<a href=\"https:\/\/www.visitbratislava.com\/places\/eurovea\/\">Pi\u00f9 info qui<\/a><\/p>\n<p><img loading=\"lazy\" width=\"800\" height=\"533\" class=\"size-large wp-image-17338 alignnone\" src=\"https:\/\/www.visitbratislava.com\/wp-content\/uploads\/2016\/05\/Eurovea-river-bank_outside-shopping-mall-800x533.jpg\" alt=\"\" srcset=\"https:\/\/www.visitbratislava.com\/wp-content\/uploads\/2016\/05\/Eurovea-river-bank_outside-shopping-mall-800x533.jpg 800w, https:\/\/www.visitbratislava.com\/wp-content\/uploads\/2016\/05\/Eurovea-river-bank_outside-shopping-mall-400x267.jpg 400w, https:\/\/www.visitbratislava.com\/wp-content\/uploads\/2016\/05\/Eurovea-river-bank_outside-shopping-mall-768x512.jpg 768w, https:\/\/www.visitbratislava.com\/wp-content\/uploads\/2016\/05\/Eurovea-river-bank_outside-shopping-mall-200x133.jpg 200w\" sizes=\"(max-width: 800px) 100vw, 800px\" \/><\/p>\n<h3>6. motoscafi sul danubio<\/h3>\n<p>Una vista mozzafiato su tutta Bratislava in piena velocit\u00e0 \u2013 questo vi attende a bordo del motoscafo. Grazie a questa esperienza esclusiva vedrete il lungofiume ed il nostro castello da una prospettiva del tutto nuova ed il maestoso castello di Dev\u00edn apparir\u00e0 davanti a voi in tutta la sua bellezza. Bratislava notturna oppure l\u2019addio al celibato sul motoscafo? Anche questo \u00e8 possibile grazie alla vasta scelta di escursioni diverse.\u00a0<a href=\"https:\/\/www.visitbratislava.com\/services\/speedboat\/\">Pi\u00f9 info qu<\/a><\/p>\n<p><img loading=\"lazy\" width=\"800\" height=\"533\" class=\"size-large wp-image-13581 alignnone\" src=\"https:\/\/www.visitbratislava.com\/wp-content\/uploads\/2015\/05\/speedboat1-800x533.jpg\" alt=\"\" srcset=\"https:\/\/www.visitbratislava.com\/wp-content\/uploads\/2015\/05\/speedboat1-800x533.jpg 800w, https:\/\/www.visitbratislava.com\/wp-content\/uploads\/2015\/05\/speedboat1-400x267.jpg 400w, https:\/\/www.visitbratislava.com\/wp-content\/uploads\/2015\/05\/speedboat1-768x512.jpg 768w, https:\/\/www.visitbratislava.com\/wp-content\/uploads\/2015\/05\/speedboat1-200x133.jpg 200w, https:\/\/www.visitbratislava.com\/wp-content\/uploads\/2015\/05\/speedboat1.jpg 1728w\" sizes=\"(max-width: 800px) 100vw, 800px\" \/><\/p>\n<h3>7. gelato<\/h3>\n<p>In estate la citt\u00e0 diventa piena di gente con un cono in mano ed un sorriso radiante sul viso. Si tratta naturalmente di gelato, una specialit\u00e0, allo stesso tempo deliziosa e rinfrescante. Ecco un elenco di 5 posti che testimoniano quanto possa essere delizioso questo dessert.<\/p>\n<p><a href=\"https:\/\/www.visitbratislava.com\/places\/koun-gelato\/\">Koun<\/a>\u00a0\u2013 ogni giorno un gusto nuovo ed originale (via Paul\u00ednyho 1)<br \/>\n<a href=\"https:\/\/goo.gl\/maps\/unKWLFbegyN2\">Arthur Ice Cream<\/a>\u00a0\u2013 gelato cremoso nel cuore della citt\u00e0 (via Laurinsk\u00e1 2)<br \/>\n<a href=\"https:\/\/www.visitbratislava.com\/places\/luculus\/\">Luculus<\/a>\u00a0\u2013 un tradizionale chiosco con gelati su piazza Hviezdoslavovo n\u00e1mestie che vi stupir\u00e0 con moltissimi deliziosi gusti vegani (piazza Hviezdoslavovo n\u00e1mestie 16)<br \/>\n<a href=\"https:\/\/goo.gl\/maps\/hUC99Vuojfm\">Mondieu<\/a> \u2013 gusto cremoso in un cono grande che piacer\u00e0 anche ai vegani (piazza Hlavn\u00e9 n\u00e1mestie 5)<\/p>\n<p><iframe src=\"https:\/\/www.youtube.com\/embed\/Ed6uqdf20jk\" width=\"800\" height=\"450\" frameborder=\"0\" allowfullscreen=\"allowfullscreen\"><span data-mce-type=\"bookmark\" style=\"display: inline-block; width: 0px; overflow: hidden; line-height: 0;\" class=\"mce_SELRES_start\">\ufeff<\/span><\/iframe><\/p>\n<h3>8. piccolo danubio ed il RAMO DEL DANUBIO \u201cKARLOVESK\u00e9 rameno\u201d<\/h3>\n<p>Un\u2019esperienza irrepetibile vi attende durante il giro in barca sul Piccolo Danubio \u2013 uno dei canali del Danubio che forma l\u2019isola fluviale pi\u00f9 grande d\u2019Europa. Navigando potete ammirare un paesaggio meraviglioso di foreste alluvionali con la loro ricchezza di fauna e flora e dei bellissimi posti dove rilassarsi. Se invece preferite ritmi pi\u00f9 rilassati, potete optare per Karlovesk\u00e9 rameno &#8211; uno dei tanti rami del Danubio. Le acque tranquille e gli alberi robusti della foresta alluvionale lo rendono il luogo ideale da visitare insieme alla famiglia e agli amici. \u00c8 facilmente raggiungibile dal centro di Bratislava in tram ma resta soddisfatto anche chi ama la bicicletta.\u00a0 Un altro modo per conoscere Bratislava ed i suoi dintorni \u00e8 navigando il Piccolo Danubio da Z\u00e1lesie fino a Jelka.\u00a0<a href=\"https:\/\/www.visitbratislava.com\/news\/bratislava-magic-danube-waves\/\">Pi\u00f9 info qui<\/a><\/p>\n<p><img loading=\"lazy\" width=\"800\" height=\"531\" class=\"size-large wp-image-18365 alignnone\" src=\"https:\/\/www.visitbratislava.com\/wp-content\/uploads\/2016\/06\/splav_maly_dunaj-800x531.jpg\" alt=\"\" srcset=\"https:\/\/www.visitbratislava.com\/wp-content\/uploads\/2016\/06\/splav_maly_dunaj-800x531.jpg 800w, https:\/\/www.visitbratislava.com\/wp-content\/uploads\/2016\/06\/splav_maly_dunaj-400x266.jpg 400w, https:\/\/www.visitbratislava.com\/wp-content\/uploads\/2016\/06\/splav_maly_dunaj-768x510.jpg 768w, https:\/\/www.visitbratislava.com\/wp-content\/uploads\/2016\/06\/splav_maly_dunaj-200x133.jpg 200w\" sizes=\"(max-width: 800px) 100vw, 800px\" \/><\/p>\n<h3>9. lungofiume<\/h3>\n<p>Gli appassionati di bici o di pattini cos\u00ec come i podisti troveranno sull\u2019argine del Danubio il posto giusto per un giro o una corsa meravigliosa dove l\u2019unica distrazione saranno i numerosi buffet che renderanno la vostra passeggiata ancora pi\u00f9 piacevole e rilassante. La cosa pi\u00f9 bella \u00e8 che non incontrerete nessuna macchina \u2013 il weekend ideale.\u00a0<a href=\"https:\/\/goo.gl\/maps\/pA7aMaCiio82\">Mappa<\/a><\/p>\n<p><img loading=\"lazy\" width=\"800\" height=\"433\" class=\"size-large wp-image-2846 alignnone\" src=\"https:\/\/www.visitbratislava.com\/wp-content\/uploads\/2015\/03\/6-BEH-800x433.jpg\" alt=\"\" srcset=\"https:\/\/www.visitbratislava.com\/wp-content\/uploads\/2015\/03\/6-BEH-800x433.jpg 800w, https:\/\/www.visitbratislava.com\/wp-content\/uploads\/2015\/03\/6-BEH-400x216.jpg 400w, https:\/\/www.visitbratislava.com\/wp-content\/uploads\/2015\/03\/6-BEH-200x108.jpg 200w\" sizes=\"(max-width: 800px) 100vw, 800px\" \/><\/p>\n<h3>10. piscine<\/h3>\n<p>Rinfrescarsi a Bratislava non \u00e8 un problema grazie alle numerose piscine all\u2019aperto che rappresentano una destinazione popolare per gli abitanti della citt\u00e0, soprattutto durante i caldi weekend estivi. Tra i pi\u00f9 famosi Rosni\u010dka (con tre piscine e gli scivoli), Mi\u010durin (vicino al monumento Slav\u00edn ed il parco Horsk\u00fd park) e Teheln\u00e9 pole (tre piscine per nuotatori e non nuotatori, area per disabili e uno scivolo a tre corsie).\u00a0<a href=\"https:\/\/www.visitbratislava.com\/your-trip\/season\/summer\/swimming-pools\/\">Pi\u00f9 info qui<\/a><\/p>\n<p><img loading=\"lazy\" class=\"alignnone wp-image-99524 size-large\" src=\"https:\/\/www.visitbratislava.com\/wp-content\/uploads\/2019\/06\/voda-leto-800x533.jpg\" alt=\"\" width=\"800\" height=\"533\" srcset=\"https:\/\/www.visitbratislava.com\/wp-content\/uploads\/2019\/06\/voda-leto-800x533.jpg 800w, https:\/\/www.visitbratislava.com\/wp-content\/uploads\/2019\/06\/voda-leto-400x267.jpg 400w, https:\/\/www.visitbratislava.com\/wp-content\/uploads\/2019\/06\/voda-leto-768x512.jpg 768w, https:\/\/www.visitbratislava.com\/wp-content\/uploads\/2019\/06\/voda-leto-200x133.jpg 200w\" sizes=\"(max-width: 800px) 100vw, 800px\" \/><\/p>\n","protected":false},"excerpt":{"rendered":"<p>\ufeff Il lungofiume al Danubio con una vista mozzafiato dell\u2019intera citt\u00e0 e del castello, viuzze strette pieni di piccole caffetterie con deliziosi spuntini oppure vicoli nascosti che raccontano la storia \u2013 tutto questo vi attende a Bratislava in estate. Ecco il nostro elenco di 10 esperienze estive imperdibili. 1. WAKELAKE e il lago di ZLAT\u00c9 [&hellip;]<\/p>\n","protected":false},"author":25,"featured_media":286786,"parent":0,"menu_order":0,"comment_status":"closed","ping_status":"closed","template":"","meta":[],"acf":[],"_links":{"self":[{"href":"https:\/\/www.visitbratislava.com\/it\/wp-json\/wp\/v2\/pages\/99521"}],"collection":[{"href":"https:\/\/www.visitbratislava.com\/it\/wp-json\/wp\/v2\/pages"}],"about":[{"href":"https:\/\/www.visitbratislava.com\/it\/wp-json\/wp\/v2\/types\/page"}],"author":[{"embeddable":true,"href":"https:\/\/www.visitbratislava.com\/it\/wp-json\/wp\/v2\/users\/25"}],"replies":[{"embeddable":true,"href":"https:\/\/www.visitbratislava.com\/it\/wp-json\/wp\/v2\/comments?post=99521"}],"version-history":[{"count":2,"href":"https:\/\/www.visitbratislava.com\/it\/wp-json\/wp\/v2\/pages\/99521\/revisions"}],"predecessor-version":[{"id":141951,"href":"https:\/\/www.visitbratislava.com\/it\/wp-json\/wp\/v2\/pages\/99521\/revisions\/141951"}],"wp:featuredmedia":[{"embeddable":true,"href":"https:\/\/www.visitbratislava.com\/it\/wp-json\/wp\/v2\/media\/286786"}],"wp:attachment":[{"href":"https:\/\/www.visitbratislava.com\/it\/wp-json\/wp\/v2\/media?parent=99521"}],"curies":[{"name":"wp","href":"https:\/\/api.w.org\/{rel}","templated":true}]}}