{"id":100734,"date":"2021-02-25T15:11:13","date_gmt":"2021-02-25T14:11:13","guid":{"rendered":"https:\/\/www.visitbratislava.com\/?page_id=100734"},"modified":"2021-04-22T13:56:00","modified_gmt":"2021-04-22T11:56:00","slug":"kam-do-prirody-v-okoli-bratislavy","status":"publish","type":"page","link":"https:\/\/www.visitbratislava.com\/sk\/kam-do-prirody-v-okoli-bratislavy\/","title":{"rendered":"Kam do pr\u00edrody v okol\u00ed Bratislavy?"},"content":{"rendered":"<p><iframe title=\"YouTube video player\" src=\"https:\/\/www.youtube.com\/embed\/7gNDecDS8bo\" width=\"700\" height=\"400\" frameborder=\"0\" allowfullscreen=\"allowfullscreen\"><span data-mce-type=\"bookmark\" style=\"display: inline-block; width: 0px; overflow: hidden; line-height: 0;\" class=\"mce_SELRES_start\">\ufeff<\/span><\/iframe><\/p>\n<h2><span style=\"font-weight: 400;\">Na koniec sveta<\/span><\/h2>\n<p><span style=\"font-weight: 400;\">Jedn\u00fdm z miest, kde sa s ve\u013ekou pravdepodobnos\u0165ou ocitnete aj sami s\u00fa lu\u017en\u00e9 lesy a lesostepi v Chr\u00e1nenej krajinnej oblasti <strong>Dunajsk\u00e9 Luhy<\/strong> na pravom brehu Dunaja. Z Vl\u010dieho hrdla sem vedie modr\u00e1 zna\u010dka. Po ceste m\u00f4\u017eete stretn\u00fa\u0165 ovce a kozy, ktor\u00e9 sp\u00e1san\u00edm miestnych l\u00fak podporuj\u00fa v\u00fdskyt nieko\u013ek\u00fdch chr\u00e1nen\u00fdch a ohrozen\u00fdch druhov rastl\u00edn, najm\u00e4 orchide\u00ed. <\/span><\/p>\n<p><span style=\"font-weight: 400;\">Turistick\u00fd chodn\u00edk v\u00e1s dovedie a\u017e do oblasti zvanej Jegene\u0161, kde si m\u00f4\u017eete pochutna\u0165 na dom\u00e1cich zemiakov\u00fdch plack\u00e1ch \u010di kol\u00e1\u010diku, pr\u00edpadne ochutna\u0165 vynikaj\u00faci dr\u017ekov\u00fd gul\u00e1\u0161 v bufete s ve\u013emi v\u00fdsti\u017en\u00fdm n\u00e1zvom Na konci sveta. Samozrejme, hne\u010f, ako to situ\u00e1cia dovol\u00ed. Hoci sa sem dostanete aj autom, na bicykli \u010di mestskou hromadnou dopravou, budete sa tu c\u00edti\u0165 stovky kilometrov vzdialen\u00ed od ruchu ve\u013ekomesta.<\/span><\/p>\n<p><img loading=\"lazy\" class=\"wp-image-100736 size-large aligncenter\" src=\"https:\/\/www.visitbratislava.com\/wp-content\/uploads\/2021\/02\/BA_BTB_Vrakuna_102020_martina_mlcuchova-15-800x532.jpg\" alt=\"\" width=\"800\" height=\"532\" srcset=\"https:\/\/www.visitbratislava.com\/wp-content\/uploads\/2021\/02\/BA_BTB_Vrakuna_102020_martina_mlcuchova-15-800x532.jpg 800w, https:\/\/www.visitbratislava.com\/wp-content\/uploads\/2021\/02\/BA_BTB_Vrakuna_102020_martina_mlcuchova-15-400x266.jpg 400w, https:\/\/www.visitbratislava.com\/wp-content\/uploads\/2021\/02\/BA_BTB_Vrakuna_102020_martina_mlcuchova-15-768x511.jpg 768w, https:\/\/www.visitbratislava.com\/wp-content\/uploads\/2021\/02\/BA_BTB_Vrakuna_102020_martina_mlcuchova-15-1536x1022.jpg 1536w, https:\/\/www.visitbratislava.com\/wp-content\/uploads\/2021\/02\/BA_BTB_Vrakuna_102020_martina_mlcuchova-15-2048x1363.jpg 2048w, https:\/\/www.visitbratislava.com\/wp-content\/uploads\/2021\/02\/BA_BTB_Vrakuna_102020_martina_mlcuchova-15-200x133.jpg 200w\" sizes=\"(max-width: 800px) 100vw, 800px\" \/><\/p>\n<p><img loading=\"lazy\" class=\"aligncenter wp-image-100742 size-large\" src=\"https:\/\/www.visitbratislava.com\/wp-content\/uploads\/2021\/02\/BA_BTB_Vrakuna_102020_martina_mlcuchova-25-800x532.jpg\" alt=\"\" width=\"800\" height=\"532\" srcset=\"https:\/\/www.visitbratislava.com\/wp-content\/uploads\/2021\/02\/BA_BTB_Vrakuna_102020_martina_mlcuchova-25-800x532.jpg 800w, https:\/\/www.visitbratislava.com\/wp-content\/uploads\/2021\/02\/BA_BTB_Vrakuna_102020_martina_mlcuchova-25-400x266.jpg 400w, https:\/\/www.visitbratislava.com\/wp-content\/uploads\/2021\/02\/BA_BTB_Vrakuna_102020_martina_mlcuchova-25-768x511.jpg 768w, https:\/\/www.visitbratislava.com\/wp-content\/uploads\/2021\/02\/BA_BTB_Vrakuna_102020_martina_mlcuchova-25-1536x1022.jpg 1536w, https:\/\/www.visitbratislava.com\/wp-content\/uploads\/2021\/02\/BA_BTB_Vrakuna_102020_martina_mlcuchova-25-2048x1363.jpg 2048w, https:\/\/www.visitbratislava.com\/wp-content\/uploads\/2021\/02\/BA_BTB_Vrakuna_102020_martina_mlcuchova-25-200x133.jpg 200w\" sizes=\"(max-width: 800px) 100vw, 800px\" \/><\/p>\n<h2><span style=\"font-weight: 400;\">Do Marianky a na Paj\u0161t\u00fan<\/span><\/h2>\n<p><span style=\"font-weight: 400;\">V\u00fdlet do <strong>Marianky<\/strong>, najstar\u0161ieho p\u00fatnick\u00e9ho miesta na Slovensku, prinesie pokoj nielen va\u0161ej du\u0161i. Cesta po modrej zna\u010dke cez malokarpatsk\u00e9 lesy <\/span><span style=\"font-weight: 400;\">za\u010d\u00edna na bratislavskej Peknej ceste. Pokojn\u00fdm tempom sa k svojmu cie\u013eu dostanete za menej ne\u017e tri hodinky. V lese ved\u013ea komplexu, ktor\u00e9mu dominuje bazilika, sa rozprestiera Mari\u00e1nske \u00fadolie s kaplnkami kr\u00ed\u017eovej cesty so sochami v \u017eivotnej ve\u013ekosti a lurdskou jasky\u0148ou. Na jeho konci n\u00e1jdete Kaplnku Sv\u00e4tej studne a aj prame\u0148, ktor\u00e9ho lie\u010div\u00e9 \u00fa\u010dinky sa spom\u00ednaj\u00fa vo viacer\u00fdch legend\u00e1ch o vzniku Marianky.<\/span><\/p>\n<p><span style=\"font-weight: 400;\">Odtia\u013e je to u\u017e len na skok do malebnej dedinky Borinka, nad ktorou sa vyp\u00edna zr\u00facanina b\u00fdval\u00e9ho str\u00e1\u017eneho <a href=\"https:\/\/www.visitbratislava.com\/sk\/miesta\/hrad-pajstun\/\">hradu Paj\u0161t\u00fan<\/a>. Dnes patr\u00ed k ob\u013e\u00faben\u00fdm miestam pre sk\u00fasenej\u0161\u00edch aj za\u010d\u00ednaj\u00facich horolezcov. Za dobr\u00e9ho po\u010dasia z neho uvid\u00edte aj rak\u00faske Alpy.<\/span><\/p>\n<p><img loading=\"lazy\" width=\"800\" height=\"480\" class=\"aligncenter size-large wp-image-101894\" src=\"https:\/\/www.visitbratislava.com\/wp-content\/uploads\/2021\/03\/pajstun-800x480.jpg\" alt=\"\" srcset=\"https:\/\/www.visitbratislava.com\/wp-content\/uploads\/2021\/03\/pajstun-800x480.jpg 800w, https:\/\/www.visitbratislava.com\/wp-content\/uploads\/2021\/03\/pajstun-400x240.jpg 400w, https:\/\/www.visitbratislava.com\/wp-content\/uploads\/2021\/03\/pajstun-768x461.jpg 768w, https:\/\/www.visitbratislava.com\/wp-content\/uploads\/2021\/03\/pajstun-200x120.jpg 200w, https:\/\/www.visitbratislava.com\/wp-content\/uploads\/2021\/03\/pajstun.jpg 1083w\" sizes=\"(max-width: 800px) 100vw, 800px\" \/><em>Foto Paj\u0161t\u00fan: Bratislava Region Tourism<\/em><\/p>\n<h2><span style=\"font-weight: 400;\">Biely Kame\u0148 a vinohrady<\/span><\/h2>\n<p><span style=\"font-weight: 400;\">Ak milujete hist\u00f3riu, nemali by ste vynecha\u0165 v\u00fdlet na zr\u00facaninu menej zn\u00e1meho <strong>hradu Biely Kame\u0148<\/strong> nad vinohradn\u00edckym meste\u010dkom Sv\u00e4t\u00fd Jur. Vyr\u00e1stol na b\u00fdvalom hradisku z 9. storo\u010dia a pravdepodobne ho zni\u010dili pri tureckom n\u00e1jazde v roku 1663. Dostanete sa k nemu po zelenej z Ra\u010de cez Biely Kr\u00ed\u017e a n\u00e1sledne po \u017eltej. Aj ke\u010f nepon\u00faka panoramatick\u00e9 v\u00fdh\u013eady, m\u00e1 svoju atmosf\u00e9ru. Z kedysi rozsiahleho hradu je dnes iba ruina ukryt\u00e1 v lese s r\u00f4znymi z\u00e1hadn\u00fdmi prepadlinami a dierami.\u00a0<\/span><\/p>\n<p><img loading=\"lazy\" class=\"wp-image-100755 size-large aligncenter\" src=\"https:\/\/www.visitbratislava.com\/wp-content\/uploads\/2021\/02\/Dekan-vino-Raca-winesafari-800x533.jpg\" alt=\"\" width=\"800\" height=\"533\" srcset=\"https:\/\/www.visitbratislava.com\/wp-content\/uploads\/2021\/02\/Dekan-vino-Raca-winesafari-800x533.jpg 800w, https:\/\/www.visitbratislava.com\/wp-content\/uploads\/2021\/02\/Dekan-vino-Raca-winesafari-400x267.jpg 400w, https:\/\/www.visitbratislava.com\/wp-content\/uploads\/2021\/02\/Dekan-vino-Raca-winesafari-768x512.jpg 768w, https:\/\/www.visitbratislava.com\/wp-content\/uploads\/2021\/02\/Dekan-vino-Raca-winesafari-200x133.jpg 200w, https:\/\/www.visitbratislava.com\/wp-content\/uploads\/2021\/02\/Dekan-vino-Raca-winesafari.jpg 1500w\" sizes=\"(max-width: 800px) 100vw, 800px\" \/><\/p>\n<p><span style=\"font-weight: 400;\">Do Bratislavy sa vr\u00e1\u0165te cez Sv\u00e4t\u00fd Jur a miestne vinohrady. Lemuje ich n\u00e1u\u010dn\u00fd vinohradn\u00edcky chodn\u00edk, ktor\u00fd v\u00e1s dovedie a\u017e k ned\u00e1vno vybudovanej kamennej rozh\u013eadni s v\u00fdh\u013eadom na mesto.\u00a0<\/span><\/p>\n<h2><span style=\"font-weight: 400;\">Na Dev\u00ednsku Kobylu a do Dev\u00edna\u00a0<\/span><\/h2>\n<p><span style=\"font-weight: 400;\"><strong>Dev\u00ednska Kobyla<\/strong> je so svojou v\u00fd\u0161kou 514 metrov nad morom najvy\u0161\u0161\u00edm bodom Bratislavy. Na jej vrchole sa v lesoch ukr\u00fdvaj\u00fa zvy\u0161ky b\u00fdvalej raketovej z\u00e1kladne. Ned\u00e1vno tu otvorili rozh\u013ead\u0148u, ktor\u00e1 pripom\u00edna modlivku zelen\u00fa, vz\u00e1cny druh hmyzu, ktor\u00fd sa tu vyskytuje. Z jej vrchola uvid\u00edte a\u017e do troch kraj\u00edn, okrem Slovenska ponad Dunaj aj do Rak\u00faska a Ma\u010farska.\u00a0\u00a0\u00a0\u00a0<\/span><\/p>\n<p><img loading=\"lazy\" width=\"800\" height=\"533\" class=\"size-large wp-image-100779 aligncenter\" src=\"https:\/\/www.visitbratislava.com\/wp-content\/uploads\/2021\/02\/Vyleti-Vtacik_Devinska-Nova-Ves_07-800x533.jpg\" alt=\"\" srcset=\"https:\/\/www.visitbratislava.com\/wp-content\/uploads\/2021\/02\/Vyleti-Vtacik_Devinska-Nova-Ves_07-800x533.jpg 800w, https:\/\/www.visitbratislava.com\/wp-content\/uploads\/2021\/02\/Vyleti-Vtacik_Devinska-Nova-Ves_07-400x267.jpg 400w, https:\/\/www.visitbratislava.com\/wp-content\/uploads\/2021\/02\/Vyleti-Vtacik_Devinska-Nova-Ves_07-768x512.jpg 768w, https:\/\/www.visitbratislava.com\/wp-content\/uploads\/2021\/02\/Vyleti-Vtacik_Devinska-Nova-Ves_07-200x133.jpg 200w, https:\/\/www.visitbratislava.com\/wp-content\/uploads\/2021\/02\/Vyleti-Vtacik_Devinska-Nova-Ves_07.jpg 1500w\" sizes=\"(max-width: 800px) 100vw, 800px\" \/><\/p>\n<p><img loading=\"lazy\" width=\"800\" height=\"532\" class=\"aligncenter size-large wp-image-100773\" src=\"https:\/\/www.visitbratislava.com\/wp-content\/uploads\/2021\/02\/BTB_BA_DevinskaNovaVes_112020_martina_mlcuchova-29-800x532.jpg\" alt=\"\" srcset=\"https:\/\/www.visitbratislava.com\/wp-content\/uploads\/2021\/02\/BTB_BA_DevinskaNovaVes_112020_martina_mlcuchova-29-800x532.jpg 800w, https:\/\/www.visitbratislava.com\/wp-content\/uploads\/2021\/02\/BTB_BA_DevinskaNovaVes_112020_martina_mlcuchova-29-400x266.jpg 400w, https:\/\/www.visitbratislava.com\/wp-content\/uploads\/2021\/02\/BTB_BA_DevinskaNovaVes_112020_martina_mlcuchova-29-768x511.jpg 768w, https:\/\/www.visitbratislava.com\/wp-content\/uploads\/2021\/02\/BTB_BA_DevinskaNovaVes_112020_martina_mlcuchova-29-1536x1022.jpg 1536w, https:\/\/www.visitbratislava.com\/wp-content\/uploads\/2021\/02\/BTB_BA_DevinskaNovaVes_112020_martina_mlcuchova-29-2048x1363.jpg 2048w, https:\/\/www.visitbratislava.com\/wp-content\/uploads\/2021\/02\/BTB_BA_DevinskaNovaVes_112020_martina_mlcuchova-29-200x133.jpg 200w\" sizes=\"(max-width: 800px) 100vw, 800px\" \/><\/p>\n<p><span style=\"font-weight: 400;\">Na Dev\u00ednsku Kobylu sa dostanete jednoducho z Karlovej Vsi po \u010dervenej. Z nej m\u00f4\u017eete pokra\u010dova\u0165 po tom istom turistickom chodn\u00edku a\u017e do Dev\u00edna, kde m\u00f4\u017eete nav\u0161t\u00edvi\u0165 zr\u00facaniny rovnomenn\u00e9ho hradu. Dr\u017eitelia Bratislava CARD maj\u00fa vstup aj mestsk\u00fa hromadn\u00fa dopravu zadarmo.\u00a0\u00a0\u00a0<\/span><\/p>\n<p><span style=\"font-weight: 400;\">Medzi ob\u013e\u00faben\u00e9 a \u013eahko pr\u00edstupn\u00e9 turistick\u00e9 destin\u00e1cie v Bratislave patr\u00ed aj <a href=\"https:\/\/www.visitbratislava.com\/sk\/miesta\/zelezna-studienka\/\">\u017delezn\u00e1 Studni\u010dka<\/a>. Z nej sa <a href=\"https:\/\/www.visitbratislava.com\/sk\/miesta\/lanovka-zelezna-studnicka\/\">lanovkou<\/a> dostanete na \u010fal\u0161ie popul\u00e1rne v\u00fdletn\u00e9 miesto, <a href=\"https:\/\/www.visitbratislava.com\/sk\/miesta\/kamzik\/\">Kamz\u00edk<\/a>.\u00a0<\/span><\/p>\n<p><img loading=\"lazy\" width=\"800\" height=\"533\" class=\"aligncenter size-large wp-image-1847\" src=\"https:\/\/www.visitbratislava.com\/wp-content\/uploads\/2014\/10\/turisti-zelezna-studnicka-800x533.jpg\" alt=\"\" srcset=\"https:\/\/www.visitbratislava.com\/wp-content\/uploads\/2014\/10\/turisti-zelezna-studnicka-800x533.jpg 800w, https:\/\/www.visitbratislava.com\/wp-content\/uploads\/2014\/10\/turisti-zelezna-studnicka-400x267.jpg 400w, https:\/\/www.visitbratislava.com\/wp-content\/uploads\/2014\/10\/turisti-zelezna-studnicka-200x133.jpg 200w\" sizes=\"(max-width: 800px) 100vw, 800px\" \/><\/p>\n<p><span style=\"font-weight: 400;\">Pekn\u00fdmi turistick\u00fdmi cie\u013emi v regi\u00f3ne s\u00fa aj Ve\u013ek\u00e1 Homola s rozh\u013ead\u0148ou a Vysok\u00e1, ktor\u00e1 je so svojou v\u00fd\u0161kou 754,3 metra druh\u00fdm najvy\u0161\u0161\u00edm kopcom Mal\u00fdch Karp\u00e1t. Neobanujete ani pri v\u00fdstupe na \u010fal\u0161ie malokarpatsk\u00e9 kopce V\u00e1penn\u00e1 (752 m) \u010di Skalnat\u00e1 (704 m).\u00a0<\/span><\/p>\n<h2>\u010eal\u0161ie tipy na menej nav\u0161tevovan\u00e9 miesta v Bratislave:<\/h2>\n<ul>\n<li><strong>Jarovsk\u00e1 ba\u017eantnica<\/strong><\/li>\n<\/ul>\n<p>Miesto s kr\u00e1snym kamenn\u00fdm mostom, kde ba\u017eanty lovil aj otec M\u00e1rie Ter\u00e9zie n\u00e1jdete v Jarovciach. D\u00e1vnej\u0161ie cez neho tieklo jedno z dunajsk\u00fdch ramien, v s\u00fa\u010dasnosti je u\u017e vyschnut\u00e9.<\/p>\n<p><img loading=\"lazy\" width=\"800\" height=\"533\" class=\"aligncenter size-large wp-image-100846\" src=\"https:\/\/www.visitbratislava.com\/wp-content\/uploads\/2021\/02\/Vyleti-Vtacik_Jarovce_01-800x533.jpg\" alt=\"Jarovsk\u00e1 ba\u017eantica\" srcset=\"https:\/\/www.visitbratislava.com\/wp-content\/uploads\/2021\/02\/Vyleti-Vtacik_Jarovce_01-800x533.jpg 800w, https:\/\/www.visitbratislava.com\/wp-content\/uploads\/2021\/02\/Vyleti-Vtacik_Jarovce_01-400x267.jpg 400w, https:\/\/www.visitbratislava.com\/wp-content\/uploads\/2021\/02\/Vyleti-Vtacik_Jarovce_01-768x512.jpg 768w, https:\/\/www.visitbratislava.com\/wp-content\/uploads\/2021\/02\/Vyleti-Vtacik_Jarovce_01-200x133.jpg 200w, https:\/\/www.visitbratislava.com\/wp-content\/uploads\/2021\/02\/Vyleti-Vtacik_Jarovce_01.jpg 1500w\" sizes=\"(max-width: 800px) 100vw, 800px\" \/><\/p>\n<ul>\n<li><strong>Ka\u010d\u00edn<\/strong><\/li>\n<\/ul>\n<p>Ob\u013e\u00faben\u00e1 lokalita s detsk\u00fdmi ihriskami, alt\u00e1nkami a s ve\u013ek\u00fdm mno\u017estvom turistick\u00fdch a cyklistick\u00fdch ciest. Ako stvoren\u00e1 na prv\u00fa jarn\u00fa opeka\u010dku.<\/p>\n<p><img loading=\"lazy\" width=\"800\" height=\"533\" class=\"aligncenter size-large wp-image-100852\" src=\"https:\/\/www.visitbratislava.com\/wp-content\/uploads\/2021\/02\/Vyleti-Vtacik_Lamac_vyhradna-licencia-casovo-neobmedzena-5-800x533.jpg\" alt=\"Ka\u010d\u00edn\" srcset=\"https:\/\/www.visitbratislava.com\/wp-content\/uploads\/2021\/02\/Vyleti-Vtacik_Lamac_vyhradna-licencia-casovo-neobmedzena-5-800x533.jpg 800w, https:\/\/www.visitbratislava.com\/wp-content\/uploads\/2021\/02\/Vyleti-Vtacik_Lamac_vyhradna-licencia-casovo-neobmedzena-5-400x267.jpg 400w, https:\/\/www.visitbratislava.com\/wp-content\/uploads\/2021\/02\/Vyleti-Vtacik_Lamac_vyhradna-licencia-casovo-neobmedzena-5-768x512.jpg 768w, https:\/\/www.visitbratislava.com\/wp-content\/uploads\/2021\/02\/Vyleti-Vtacik_Lamac_vyhradna-licencia-casovo-neobmedzena-5-200x133.jpg 200w, https:\/\/www.visitbratislava.com\/wp-content\/uploads\/2021\/02\/Vyleti-Vtacik_Lamac_vyhradna-licencia-casovo-neobmedzena-5.jpg 1500w\" sizes=\"(max-width: 800px) 100vw, 800px\" \/><\/p>\n<ul>\n<li><strong>\u010cerven\u00fd kr\u00ed\u017e<\/strong><\/li>\n<\/ul>\n<p>Zast\u00e1vka turistov a cyklistov nad Ra\u010dou v kr\u00e1snom prostred\u00ed Mal\u00fdch Karp\u00e1t, kde sa vybl\u00e1znia deti, ale i dospel\u00ed skr\u00fdva mno\u017estvo kr\u00e1snych cyklistick\u00fdch a turistick\u00fdch tr\u00e1s pre n\u00e1ro\u010dn\u00fdch aj rekrea\u010dn\u00fdch n\u00e1v\u0161tevn\u00edkov.<\/p>\n<p><img loading=\"lazy\" class=\"aligncenter wp-image-101863 size-large\" src=\"https:\/\/www.visitbratislava.com\/wp-content\/uploads\/2021\/03\/1-40-800x533.jpg\" alt=\"\" width=\"800\" height=\"533\" srcset=\"https:\/\/www.visitbratislava.com\/wp-content\/uploads\/2021\/03\/1-40-800x533.jpg 800w, https:\/\/www.visitbratislava.com\/wp-content\/uploads\/2021\/03\/1-40-400x267.jpg 400w, https:\/\/www.visitbratislava.com\/wp-content\/uploads\/2021\/03\/1-40-768x512.jpg 768w, https:\/\/www.visitbratislava.com\/wp-content\/uploads\/2021\/03\/1-40-1536x1024.jpg 1536w, https:\/\/www.visitbratislava.com\/wp-content\/uploads\/2021\/03\/1-40-2048x1365.jpg 2048w, https:\/\/www.visitbratislava.com\/wp-content\/uploads\/2021\/03\/1-40-200x133.jpg 200w\" sizes=\"(max-width: 800px) 100vw, 800px\" \/><\/p>\n<ul>\n<li><strong>Mal\u00fd Slav\u00edn<\/strong><\/li>\n<\/ul>\n<p>Kedysi miesto pre p\u00fatnikov smeruj\u00facich do Marianky v s\u00fa\u010dasnosti okrem cyklotr\u00e1s a turistick\u00fdch chodn\u00edkov pon\u00faka \u0161portov\u00e9 vy\u017eitie ako pingpongov\u00fd st\u00f4l, br\u00e1nky na futbal a dokonca \u0161peci\u00e1lne miesto na diskgolf.<\/p>\n<p><img loading=\"lazy\" class=\"aligncenter wp-image-101845 size-large\" src=\"https:\/\/www.visitbratislava.com\/wp-content\/uploads\/2021\/03\/1-67-800x533.jpg\" alt=\"\" width=\"800\" height=\"533\" srcset=\"https:\/\/www.visitbratislava.com\/wp-content\/uploads\/2021\/03\/1-67-800x533.jpg 800w, https:\/\/www.visitbratislava.com\/wp-content\/uploads\/2021\/03\/1-67-400x267.jpg 400w, https:\/\/www.visitbratislava.com\/wp-content\/uploads\/2021\/03\/1-67-768x512.jpg 768w, https:\/\/www.visitbratislava.com\/wp-content\/uploads\/2021\/03\/1-67-1536x1024.jpg 1536w, https:\/\/www.visitbratislava.com\/wp-content\/uploads\/2021\/03\/1-67-2048x1365.jpg 2048w, https:\/\/www.visitbratislava.com\/wp-content\/uploads\/2021\/03\/1-67-200x133.jpg 200w\" sizes=\"(max-width: 800px) 100vw, 800px\" \/><\/p>\n<ul>\n<li><strong>Rusovsk\u00fd z\u00e1mock\u00fd park<\/strong><\/li>\n<\/ul>\n<p>Historick\u00e1 lokalita, ktor\u00e1 si pam\u00e4t\u00e1 aj d\u00e1vne \u010dasy! Kedysi po\u013en\u00fd rev\u00edr je v s\u00fa\u010dasnosti ide\u00e1lnym miestom na prech\u00e1dzku n\u00e1u\u010dn\u00fdm chodn\u00edkom, piknik, bicyklovanie alebo in\u00e9 vo\u013eno\u010dasov\u00e9 aktivity.<\/p>\n<p><img loading=\"lazy\" width=\"800\" height=\"533\" class=\"aligncenter size-large wp-image-100858\" src=\"https:\/\/www.visitbratislava.com\/wp-content\/uploads\/2021\/02\/Vyleti-Vtacik-Rusovce-07-800x533.jpg\" alt=\"Rusoveck\u00fd z\u00e1mock\u00fd park\" srcset=\"https:\/\/www.visitbratislava.com\/wp-content\/uploads\/2021\/02\/Vyleti-Vtacik-Rusovce-07-800x533.jpg 800w, https:\/\/www.visitbratislava.com\/wp-content\/uploads\/2021\/02\/Vyleti-Vtacik-Rusovce-07-400x267.jpg 400w, https:\/\/www.visitbratislava.com\/wp-content\/uploads\/2021\/02\/Vyleti-Vtacik-Rusovce-07-768x512.jpg 768w, https:\/\/www.visitbratislava.com\/wp-content\/uploads\/2021\/02\/Vyleti-Vtacik-Rusovce-07-200x133.jpg 200w, https:\/\/www.visitbratislava.com\/wp-content\/uploads\/2021\/02\/Vyleti-Vtacik-Rusovce-07.jpg 1500w\" sizes=\"(max-width: 800px) 100vw, 800px\" \/><\/p>\n<ul>\n<li><strong>Biele skaly<\/strong><\/li>\n<\/ul>\n<p>V Dev\u00ednskej Novej Vsi pri Dev\u00ednskej Kobyle n\u00e1jdete \u010darovn\u00e9 &#8222;indi\u00e1nske&#8220; miesto s totemami, ohniskom na opekanie a studni\u010dkami s pitnou vodou.<\/p>\n<p><img loading=\"lazy\" width=\"800\" height=\"533\" class=\"aligncenter size-large wp-image-101851\" src=\"https:\/\/www.visitbratislava.com\/wp-content\/uploads\/2021\/03\/1-438-800x533.jpg\" alt=\"\" srcset=\"https:\/\/www.visitbratislava.com\/wp-content\/uploads\/2021\/03\/1-438-800x533.jpg 800w, https:\/\/www.visitbratislava.com\/wp-content\/uploads\/2021\/03\/1-438-400x267.jpg 400w, https:\/\/www.visitbratislava.com\/wp-content\/uploads\/2021\/03\/1-438-768x512.jpg 768w, https:\/\/www.visitbratislava.com\/wp-content\/uploads\/2021\/03\/1-438-1536x1024.jpg 1536w, https:\/\/www.visitbratislava.com\/wp-content\/uploads\/2021\/03\/1-438-2048x1365.jpg 2048w, https:\/\/www.visitbratislava.com\/wp-content\/uploads\/2021\/03\/1-438-200x133.jpg 200w\" sizes=\"(max-width: 800px) 100vw, 800px\" \/><\/p>\n<ul>\n<li><strong>Biskupick\u00e9 luhy<\/strong><\/li>\n<\/ul>\n<p>Pr\u00edrodn\u00e1 rezerv\u00e1cie s priezra\u010dne \u010distou vodou, lu\u017en\u00fdmi lesmi a dokonca so &#8222;stepnou&#8220; krajinou, ktor\u00e1 pripom\u00edna savanu. A miestni odpor\u00fa\u010daj\u00fa, \u017ee najlep\u0161ie luhy spozn\u00e1te z bicykla!<\/p>\n<p><img loading=\"lazy\" width=\"800\" height=\"533\" class=\"aligncenter size-large wp-image-101857\" src=\"https:\/\/www.visitbratislava.com\/wp-content\/uploads\/2021\/03\/1-613-800x533.jpg\" alt=\"\" srcset=\"https:\/\/www.visitbratislava.com\/wp-content\/uploads\/2021\/03\/1-613-800x533.jpg 800w, https:\/\/www.visitbratislava.com\/wp-content\/uploads\/2021\/03\/1-613-400x267.jpg 400w, https:\/\/www.visitbratislava.com\/wp-content\/uploads\/2021\/03\/1-613-768x512.jpg 768w, https:\/\/www.visitbratislava.com\/wp-content\/uploads\/2021\/03\/1-613-1536x1024.jpg 1536w, https:\/\/www.visitbratislava.com\/wp-content\/uploads\/2021\/03\/1-613-2048x1365.jpg 2048w, https:\/\/www.visitbratislava.com\/wp-content\/uploads\/2021\/03\/1-613-200x133.jpg 200w\" sizes=\"(max-width: 800px) 100vw, 800px\" \/><\/p>\n<h2>Pozrite si mapku:<\/h2>\n<p><iframe src=\"https:\/\/www.google.com\/maps\/d\/u\/0\/embed?mid=1RiuvMzRQPfRFPM1repAj3zx7giCIXGzA\" width=\"800\" height=\"440\"><span data-mce-type=\"bookmark\" style=\"display: inline-block; width: 0px; overflow: hidden; line-height: 0;\" class=\"mce_SELRES_start\">\ufeff<\/span><\/iframe><\/p>\n<h2>Ako sa na tieto pekn\u00e9 miesta dosta\u0165?<\/h2>\n<p>Na ve\u013ea pekn\u00fdch miest v pr\u00edrode sa viete dosta\u0165 aj MHD, aby ste zbyto\u010dne neh\u013eadali vo\u013en\u00e9 miesta na parkovisk\u00e1ch a z\u00e1rove\u0148 spravili nie\u010do pre na\u0161e \u017eivotn\u00e9 prostredie, pr\u00edrodu a svoj komfort. Ve\u013ekou v\u00fdhodou je aj to, \u017ee sa z v\u00fdletu nemus\u00edte vraca\u0165 k autu, a teda sp\u00e4\u0165 na rovnak\u00e9 miesto, z ktor\u00e9ho ste pri\u0161li. Bratislava preto aj tento rok posil\u0148uje cez v\u00edkendy od 27. marca do konca okt\u00f3bra spoje do Bratislavsk\u00e9ho lesoparku.<\/p>\n<p><strong>Na Ka\u010d\u00edn sa dostanete linkou 43. V\u00edkendy od 8:30 do 19:30.<\/strong><\/p>\n<ul>\n<li>Od zast\u00e1vky \u017delezn\u00e1 studni\u010dka striedavo ka\u017ed\u00fdch 40 min\u00fat prem\u00e1va do lesoparku a na Ka\u010d\u00edn. Medzi Patr\u00f3nkou a \u017deleznou studni\u010dkou bude interval medzi spojmi 20 min\u00fat.<\/li>\n<\/ul>\n<p><strong>Bli\u017e\u0161ie k Bielemu Kr\u00ed\u017eu na Poto\u010dn\u00fa prem\u00e1va autobus \u010d\u00edslo 52. V\u00edkendy od 8:30 do 19:30.<\/strong><\/p>\n<ul>\n<li>Linka jazd\u00ed v intervale 30 min\u00fat. \u010casy odchodov s\u00fa nastaven\u00e9 tak, aby cestuj\u00faci st\u00edhali pr\u00edpoj na elektri\u010dkov\u00fa linku 3 na zast\u00e1vke Detvianska.<\/li>\n<\/ul>\n<p><strong>Ob\u013e\u00faben\u00fd spoj 144 medzi Kolibou a Kamz\u00edkom. V\u00edkendy od 8:30 do 19:30.<\/strong><\/p>\n<ul>\n<li>Autobus 144 bude jazdi\u0165 ka\u017ed\u00fdch 15 min\u00fat ako nadv\u00e4zn\u00e9 spojenie z kone\u010dnej trolejbusov\u00a0na Kolibe a\u017e na Kamz\u00edk.<\/li>\n<\/ul>\n","protected":false},"excerpt":{"rendered":"<p>Aby ste pri va\u0161ich potulk\u00e1ch narazili na \u010do najmenej \u013eud\u00ed, vybrali sme pre v\u00e1s p\u00e1r tipov na zn\u00e1me i menej zn\u00e1me miesta v okol\u00ed Bratislavy. Na niektor\u00fdch stretnete p\u00e1r \u013eud\u00ed, na niektor\u00fdch si vychutn\u00e1te pocit \u00faplnej samoty. V ponuke je neprebern\u00e9 mno\u017estvo turistick\u00fdch tr\u00e1s a cie\u013eov, \u010di u\u017e sa vyberiete do Mal\u00fdch Karp\u00e1t, alebo uprednostn\u00edte prech\u00e1dzku popri Dunaji.<\/p>\n","protected":false},"author":25,"featured_media":1786,"parent":0,"menu_order":0,"comment_status":"closed","ping_status":"closed","template":"","meta":[],"acf":[],"_links":{"self":[{"href":"https:\/\/www.visitbratislava.com\/sk\/wp-json\/wp\/v2\/pages\/100734"}],"collection":[{"href":"https:\/\/www.visitbratislava.com\/sk\/wp-json\/wp\/v2\/pages"}],"about":[{"href":"https:\/\/www.visitbratislava.com\/sk\/wp-json\/wp\/v2\/types\/page"}],"author":[{"embeddable":true,"href":"https:\/\/www.visitbratislava.com\/sk\/wp-json\/wp\/v2\/users\/25"}],"replies":[{"embeddable":true,"href":"https:\/\/www.visitbratislava.com\/sk\/wp-json\/wp\/v2\/comments?post=100734"}],"version-history":[{"count":0,"href":"https:\/\/www.visitbratislava.com\/sk\/wp-json\/wp\/v2\/pages\/100734\/revisions"}],"wp:featuredmedia":[{"embeddable":true,"href":"https:\/\/www.visitbratislava.com\/sk\/wp-json\/wp\/v2\/media\/1786"}],"wp:attachment":[{"href":"https:\/\/www.visitbratislava.com\/sk\/wp-json\/wp\/v2\/media?parent=100734"}],"curies":[{"name":"wp","href":"https:\/\/api.w.org\/{rel}","templated":true}]}}