{"id":103465,"date":"2021-05-06T15:02:58","date_gmt":"2021-05-06T13:02:58","guid":{"rendered":"https:\/\/www.visitbratislava.com\/?page_id=103465"},"modified":"2026-04-10T08:44:07","modified_gmt":"2026-04-10T06:44:07","slug":"menej-znama-tvar-bratislavy","status":"publish","type":"page","link":"https:\/\/www.visitbratislava.com\/sk\/menej-znama-tvar-bratislavy\/","title":{"rendered":"Menej zn\u00e1ma tv\u00e1r Bratislavy"},"content":{"rendered":"<h2>V\u00fdh\u013ead z kalv\u00e1rie<\/h2>\n<p><span style=\"font-weight: 400;\">Pred zrakmi turistov sa ukr\u00fdva vrch nad Hlavnou stanicou. V minulosti sa stal \u00fato\u010diskom pre miestnych, ktor\u00ed sa tu ukr\u00fdvali pred morom. Dnes tu n\u00e1jdu pokoj, pr\u00edpadne sa m\u00f4\u017eu vyda\u0165 na kr\u00e1tku prech\u00e1dzku ku kalv\u00e1rii s v\u00fdh\u013eadom na Bratislavu.\u00a0<\/span><\/p>\n<p><span style=\"font-weight: 400;\"><strong>Kalv\u00e1riu<\/strong>, ktor\u00e1 patrila k prv\u00fdm v Uhorsku, v s\u00fa\u010dasnosti pripom\u00ednaj\u00fa zv\u00e4\u010d\u0161a obr\u00e1zky pripevnen\u00e9 na stromoch. Jej v\u00e4\u010d\u0161iu \u010das\u0165 zni\u010dili v 70. rokoch pri roz\u0161irovan\u00ed Pra\u017eskej ulice.\u00a0<\/span><\/p>\n<p><img loading=\"lazy\" class=\"aligncenter wp-image-103714 size-large\" src=\"https:\/\/www.visitbratislava.com\/wp-content\/uploads\/2021\/05\/Vyleti-Vtacik_Stare-Mesto_vyhradna-licencia-casovo-neobmedzena-2-min-800x533.jpg\" alt=\"\" width=\"800\" height=\"533\" srcset=\"https:\/\/www.visitbratislava.com\/wp-content\/uploads\/2021\/05\/Vyleti-Vtacik_Stare-Mesto_vyhradna-licencia-casovo-neobmedzena-2-min-800x533.jpg 800w, https:\/\/www.visitbratislava.com\/wp-content\/uploads\/2021\/05\/Vyleti-Vtacik_Stare-Mesto_vyhradna-licencia-casovo-neobmedzena-2-min-400x267.jpg 400w, https:\/\/www.visitbratislava.com\/wp-content\/uploads\/2021\/05\/Vyleti-Vtacik_Stare-Mesto_vyhradna-licencia-casovo-neobmedzena-2-min-768x512.jpg 768w, https:\/\/www.visitbratislava.com\/wp-content\/uploads\/2021\/05\/Vyleti-Vtacik_Stare-Mesto_vyhradna-licencia-casovo-neobmedzena-2-min-1536x1024.jpg 1536w, https:\/\/www.visitbratislava.com\/wp-content\/uploads\/2021\/05\/Vyleti-Vtacik_Stare-Mesto_vyhradna-licencia-casovo-neobmedzena-2-min-2048x1365.jpg 2048w, https:\/\/www.visitbratislava.com\/wp-content\/uploads\/2021\/05\/Vyleti-Vtacik_Stare-Mesto_vyhradna-licencia-casovo-neobmedzena-2-min-200x133.jpg 200w\" sizes=\"(max-width: 800px) 100vw, 800px\" \/><em>Kalv\u00e1ria<\/em><\/p>\n<p><img loading=\"lazy\" class=\"aligncenter wp-image-103726 size-large\" src=\"https:\/\/www.visitbratislava.com\/wp-content\/uploads\/2021\/05\/Vyleti-Vtacik_Stare-Mesto_vyhradna-licencia-casovo-neobmedzena-4-min-800x533.jpg\" alt=\"\" width=\"800\" height=\"533\" srcset=\"https:\/\/www.visitbratislava.com\/wp-content\/uploads\/2021\/05\/Vyleti-Vtacik_Stare-Mesto_vyhradna-licencia-casovo-neobmedzena-4-min-800x533.jpg 800w, https:\/\/www.visitbratislava.com\/wp-content\/uploads\/2021\/05\/Vyleti-Vtacik_Stare-Mesto_vyhradna-licencia-casovo-neobmedzena-4-min-400x267.jpg 400w, https:\/\/www.visitbratislava.com\/wp-content\/uploads\/2021\/05\/Vyleti-Vtacik_Stare-Mesto_vyhradna-licencia-casovo-neobmedzena-4-min-768x512.jpg 768w, https:\/\/www.visitbratislava.com\/wp-content\/uploads\/2021\/05\/Vyleti-Vtacik_Stare-Mesto_vyhradna-licencia-casovo-neobmedzena-4-min-1536x1024.jpg 1536w, https:\/\/www.visitbratislava.com\/wp-content\/uploads\/2021\/05\/Vyleti-Vtacik_Stare-Mesto_vyhradna-licencia-casovo-neobmedzena-4-min-2048x1365.jpg 2048w, https:\/\/www.visitbratislava.com\/wp-content\/uploads\/2021\/05\/Vyleti-Vtacik_Stare-Mesto_vyhradna-licencia-casovo-neobmedzena-4-min-200x133.jpg 200w\" sizes=\"(max-width: 800px) 100vw, 800px\" \/><em>Hlbok\u00e1 cesta<\/em><\/p>\n<p><span style=\"font-weight: 400;\">Cesta ku kalv\u00e1rii sa za\u010d\u00edna pr\u00e1ve schodiskom ved\u00facim od Pra\u017eskej ulice. Kon\u010d\u00ed pri zvy\u0161koch p\u00f4vodn\u00e9ho kostol\u00edka, kde dnes v objat\u00ed stromov a v\u00edl stoja tri kr\u00ed\u017ee. Na jese\u0148, ke\u010f l\u00edstie zo stromov opadne, je odtia\u013eto kr\u00e1sny v\u00fdh\u013ead na mesto. Z b\u00fdvalej vojenskej pozorovate\u013ene k\u00fasok od kr\u00ed\u017eov si v\u00fdh\u013ead mo\u017eno vychutna\u0165 po\u010das cel\u00e9ho roka.<\/span><\/p>\n<p><span style=\"font-weight: 400;\">Pri sch\u00e1dzan\u00ed z kalv\u00e1rie, smerom k <strong>Hlbokej ceste<\/strong>, sa oplat\u00ed zastavi\u0165 v Lurdskej jaskyni z roku 1892, ktor\u00e1 p\u00f4vodne sl\u00fa\u017eila ako kame\u0148olom. Dnes v nej visia stovky tabuliek v\u010faky. Jasky\u0148a sa ukr\u00fdva pri <strong>Kostole Panny M\u00e1rie Sne\u017enej<\/strong>.\u00a0\u00a0\u00a0\u00a0<\/span><\/p>\n<h2>\u00datuln\u00e1 hor\u00e1re\u0148 aj najstar\u0161\u00ed letn\u00fd podnik<\/h2>\n<p><span style=\"font-weight: 400;\">K\u00fasok od t\u00fdchto spiritu\u00e1lnych miest sa nach\u00e1dza najstar\u0161ie bratislavsk\u00e9 letn\u00e9 pohostinstvo, Kr\u010dma Funus, v ktorej sa v 19. storo\u010d\u00ed \u00fadajne ob\u010derstvil aj \u013dudov\u00edt \u0160t\u00far.\u00a0\u00a0<\/span><\/p>\n<p><span style=\"font-weight: 400;\">Pri vstupe do re\u0161taur\u00e1cie je zast\u00e1vka \u201eKalv\u00e1ria\u201c autobusu 147, ktor\u00fdm sa z Hod\u017eovho n\u00e1mestia mo\u017eno vyviez\u0165 priamo pod Kalv\u00e1rsky vrch. P\u00e1r metrov od Kr\u010dmy Funus, kr\u00e1\u010daj\u00fac po Nekrasovovej ulici, sa na okraji <a href=\"https:\/\/www.visitbratislava.com\/sk\/miesta\/horsky-park\/\">Horsk\u00e9ho parku ukr\u00fdva b\u00fdval\u00e1 hor\u00e1re\u0148<\/a>, ob\u013e\u00faben\u00e9 miesto Bratislav\u010danov a rod\u00edn s de\u0165mi.\u00a0\u00a0<\/span><\/p>\n<p><img loading=\"lazy\" width=\"800\" height=\"533\" class=\"aligncenter size-large wp-image-103708\" src=\"https:\/\/www.visitbratislava.com\/wp-content\/uploads\/2021\/05\/Vyleti-Vtacik_Stare-Mesto_vyhradna-licencia-casovo-neobmedzena-1-min-800x533.jpg\" alt=\"\" srcset=\"https:\/\/www.visitbratislava.com\/wp-content\/uploads\/2021\/05\/Vyleti-Vtacik_Stare-Mesto_vyhradna-licencia-casovo-neobmedzena-1-min-800x533.jpg 800w, https:\/\/www.visitbratislava.com\/wp-content\/uploads\/2021\/05\/Vyleti-Vtacik_Stare-Mesto_vyhradna-licencia-casovo-neobmedzena-1-min-400x267.jpg 400w, https:\/\/www.visitbratislava.com\/wp-content\/uploads\/2021\/05\/Vyleti-Vtacik_Stare-Mesto_vyhradna-licencia-casovo-neobmedzena-1-min-768x512.jpg 768w, https:\/\/www.visitbratislava.com\/wp-content\/uploads\/2021\/05\/Vyleti-Vtacik_Stare-Mesto_vyhradna-licencia-casovo-neobmedzena-1-min-1536x1024.jpg 1536w, https:\/\/www.visitbratislava.com\/wp-content\/uploads\/2021\/05\/Vyleti-Vtacik_Stare-Mesto_vyhradna-licencia-casovo-neobmedzena-1-min-2048x1365.jpg 2048w, https:\/\/www.visitbratislava.com\/wp-content\/uploads\/2021\/05\/Vyleti-Vtacik_Stare-Mesto_vyhradna-licencia-casovo-neobmedzena-1-min-200x133.jpg 200w\" sizes=\"(max-width: 800px) 100vw, 800px\" \/><em>Hor\u00e1re\u0148 v Horskom parku<\/em><\/p>\n<p><img loading=\"lazy\" width=\"800\" height=\"533\" class=\"aligncenter size-large wp-image-103732\" src=\"https:\/\/www.visitbratislava.com\/wp-content\/uploads\/2021\/05\/Vyleti-Vtacik_Stare-Mesto_vyhradna-licencia-casovo-neobmedzena-6-min-800x533.jpg\" alt=\"\" srcset=\"https:\/\/www.visitbratislava.com\/wp-content\/uploads\/2021\/05\/Vyleti-Vtacik_Stare-Mesto_vyhradna-licencia-casovo-neobmedzena-6-min-800x533.jpg 800w, https:\/\/www.visitbratislava.com\/wp-content\/uploads\/2021\/05\/Vyleti-Vtacik_Stare-Mesto_vyhradna-licencia-casovo-neobmedzena-6-min-400x267.jpg 400w, https:\/\/www.visitbratislava.com\/wp-content\/uploads\/2021\/05\/Vyleti-Vtacik_Stare-Mesto_vyhradna-licencia-casovo-neobmedzena-6-min-768x512.jpg 768w, https:\/\/www.visitbratislava.com\/wp-content\/uploads\/2021\/05\/Vyleti-Vtacik_Stare-Mesto_vyhradna-licencia-casovo-neobmedzena-6-min-1536x1024.jpg 1536w, https:\/\/www.visitbratislava.com\/wp-content\/uploads\/2021\/05\/Vyleti-Vtacik_Stare-Mesto_vyhradna-licencia-casovo-neobmedzena-6-min-2048x1365.jpg 2048w, https:\/\/www.visitbratislava.com\/wp-content\/uploads\/2021\/05\/Vyleti-Vtacik_Stare-Mesto_vyhradna-licencia-casovo-neobmedzena-6-min-200x133.jpg 200w\" sizes=\"(max-width: 800px) 100vw, 800px\" \/><em>Gal\u00e9ria Horsk\u00fd park<\/em><\/p>\n<p><span style=\"font-weight: 400;\">K\u00fdm za socializmu sa z objektu stalo skladisko, dnes sl\u00fa\u017ei \u00fatuln\u00e1 Hor\u00e1re\u0148 ako komunitn\u00e9 centrum s kaviar\u0148ou, kreat\u00edvnym ihriskom, \u010di minizoo. Verejnos\u0165 m\u00f4\u017ee nav\u0161t\u00edvi\u0165 aj ne\u010falek\u00fa vonkaj\u0161iu <strong>Gal\u00e9riu Horsk\u00fd park<\/strong>, ktor\u00fa spravuje Slovensk\u00e1 n\u00e1rodn\u00e1 gal\u00e9ria, \u010di street-workoutov\u00e9 ihrisko.\u00a0\u00a0\u00a0<\/span><\/p>\n<h2>O\u00e1zy oddychu pri vode<\/h2>\n<p><span style=\"font-weight: 400;\">K\u00fdm kalv\u00e1ria je skrytou o\u00e1zou pokoja Star\u00e9ho Mesta, Botanick\u00e1 z\u00e1hrada Univerzity Komensk\u00e9ho je o\u00e1zou pokoja Karlovej Vsi.\u00a0\u00a0<\/span><\/p>\n<p><span style=\"font-weight: 400;\">Na malom priestore idylickej z\u00e1hrady z roku 1942 sa toho nach\u00e1dza naozaj ve\u013ea: roz\u00e1rium, japonsk\u00e1 z\u00e1hrada, austr\u00e1lska fl\u00f3ra \u010di palmy. Ak je kr\u00e1sne po\u010dasie, z\u00e1hrada je ide\u00e1lnym miestom pre piknik, jogu alebo fotku s ru\u017eovou lavi\u010dkou pod kvitn\u00facou \u010dere\u0161\u0148ou. <a href=\"https:\/\/www.visitbratislava.com\/sk\/miesta\/botanicka-zahrada\/\">Botanick\u00e1 z\u00e1hrada<\/a> je za poplatok spr\u00edstupnen\u00e1 od apr\u00edla do okt\u00f3bra.\u00a0\u00a0\u00a0\u00a0<\/span><\/p>\n<p><img loading=\"lazy\" width=\"800\" height=\"533\" class=\"aligncenter size-large wp-image-103702\" src=\"https:\/\/www.visitbratislava.com\/wp-content\/uploads\/2021\/05\/Vyleti-Vtacik-Karlova-Ves-14-min-800x533.jpg\" alt=\"\" srcset=\"https:\/\/www.visitbratislava.com\/wp-content\/uploads\/2021\/05\/Vyleti-Vtacik-Karlova-Ves-14-min-800x533.jpg 800w, https:\/\/www.visitbratislava.com\/wp-content\/uploads\/2021\/05\/Vyleti-Vtacik-Karlova-Ves-14-min-400x267.jpg 400w, https:\/\/www.visitbratislava.com\/wp-content\/uploads\/2021\/05\/Vyleti-Vtacik-Karlova-Ves-14-min-768x512.jpg 768w, https:\/\/www.visitbratislava.com\/wp-content\/uploads\/2021\/05\/Vyleti-Vtacik-Karlova-Ves-14-min-1536x1024.jpg 1536w, https:\/\/www.visitbratislava.com\/wp-content\/uploads\/2021\/05\/Vyleti-Vtacik-Karlova-Ves-14-min-2048x1365.jpg 2048w, https:\/\/www.visitbratislava.com\/wp-content\/uploads\/2021\/05\/Vyleti-Vtacik-Karlova-Ves-14-min-200x133.jpg 200w\" sizes=\"(max-width: 800px) 100vw, 800px\" \/><em>Botanick\u00e1 z\u00e1hrada<\/em><\/p>\n<p><img loading=\"lazy\" width=\"800\" height=\"533\" class=\"aligncenter size-large wp-image-103690\" src=\"https:\/\/www.visitbratislava.com\/wp-content\/uploads\/2021\/05\/Vyleti-Vtacik-Karlova-Ves-11-min-800x533.jpg\" alt=\"\" srcset=\"https:\/\/www.visitbratislava.com\/wp-content\/uploads\/2021\/05\/Vyleti-Vtacik-Karlova-Ves-11-min-800x533.jpg 800w, https:\/\/www.visitbratislava.com\/wp-content\/uploads\/2021\/05\/Vyleti-Vtacik-Karlova-Ves-11-min-400x267.jpg 400w, https:\/\/www.visitbratislava.com\/wp-content\/uploads\/2021\/05\/Vyleti-Vtacik-Karlova-Ves-11-min-768x512.jpg 768w, https:\/\/www.visitbratislava.com\/wp-content\/uploads\/2021\/05\/Vyleti-Vtacik-Karlova-Ves-11-min-1536x1024.jpg 1536w, https:\/\/www.visitbratislava.com\/wp-content\/uploads\/2021\/05\/Vyleti-Vtacik-Karlova-Ves-11-min-2048x1365.jpg 2048w, https:\/\/www.visitbratislava.com\/wp-content\/uploads\/2021\/05\/Vyleti-Vtacik-Karlova-Ves-11-min-200x133.jpg 200w\" sizes=\"(max-width: 800px) 100vw, 800px\" \/><em>Botanick\u00e1 z\u00e1hrada<\/em><\/p>\n<p><span style=\"font-weight: 400;\">Ne\u010faleko nej sa nach\u00e1dza chr\u00e1nen\u00fd ostrov Siho\u0165. Hoci je pre verejnos\u0165 uzavret\u00fd, v jeho severnej \u010dasti mo\u017eno n\u00e1js\u0165 Karlovesk\u00e9 rameno Dunaja. Toto miesto sp\u00e1jaj\u00face vodu, lu\u017en\u00e9 lesy a zvierat\u00e1 vr\u00e1tane bobrov si miestni ob\u013e\u00fabili nato\u013eko, \u017ee ich tu \u010dasto mo\u017eno vidie\u0165 ako ryb\u00e1r\u010dia, \u010dlnkuj\u00fa sa, \u0161portuj\u00fa \u010di sedia pri ohnisk\u00e1ch na brehoch ramena. Deti sa vybl\u00e1znia vo <a href=\"https:\/\/www.visitbratislava.com\/sk\/miesta\/vodarenske-muzeum\/\">Vod\u00e1renskej z\u00e1hrade<\/a>.\u00a0\u00a0<\/span><\/p>\n<p><img loading=\"lazy\" width=\"800\" height=\"533\" class=\"aligncenter size-large wp-image-103762\" src=\"https:\/\/www.visitbratislava.com\/wp-content\/uploads\/2021\/05\/Vyleti-Vtacik-Karlova-Ves-03-min-800x533.jpg\" alt=\"\" srcset=\"https:\/\/www.visitbratislava.com\/wp-content\/uploads\/2021\/05\/Vyleti-Vtacik-Karlova-Ves-03-min-800x533.jpg 800w, https:\/\/www.visitbratislava.com\/wp-content\/uploads\/2021\/05\/Vyleti-Vtacik-Karlova-Ves-03-min-400x267.jpg 400w, https:\/\/www.visitbratislava.com\/wp-content\/uploads\/2021\/05\/Vyleti-Vtacik-Karlova-Ves-03-min-768x512.jpg 768w, https:\/\/www.visitbratislava.com\/wp-content\/uploads\/2021\/05\/Vyleti-Vtacik-Karlova-Ves-03-min-1536x1024.jpg 1536w, https:\/\/www.visitbratislava.com\/wp-content\/uploads\/2021\/05\/Vyleti-Vtacik-Karlova-Ves-03-min-2048x1365.jpg 2048w, https:\/\/www.visitbratislava.com\/wp-content\/uploads\/2021\/05\/Vyleti-Vtacik-Karlova-Ves-03-min-200x133.jpg 200w\" sizes=\"(max-width: 800px) 100vw, 800px\" \/><em>Vod\u00e1rensk\u00e1 z\u00e1hrada<\/em><\/p>\n<p><span style=\"font-weight: 400;\">N\u00e1v\u0161tevn\u00edci by nemali ob\u00eds\u0165 mal\u00fd dreven\u00fd podnik <strong>Mark Twain<\/strong>, ktor\u00e9ho s\u00fa\u010das\u0165ou je farebn\u00fd parn\u00edk. Kr\u010dmi\u010dka ob\u013e\u00faben\u00e1 u miestnych aj \u0161tudentov z ne\u010falek\u00e9ho intern\u00e1tu, ktor\u00ed sem chodia na pivo \u010di kofolu, je otvoren\u00e1 od jari do jesene.\u00a0\u00a0<\/span><\/p>\n<p><img loading=\"lazy\" width=\"800\" height=\"430\" class=\"aligncenter size-large wp-image-103774\" src=\"https:\/\/www.visitbratislava.com\/wp-content\/uploads\/2021\/05\/Vyleti-Vtacik-Karlova-Ves-08-min-800x430.jpg\" alt=\"\" srcset=\"https:\/\/www.visitbratislava.com\/wp-content\/uploads\/2021\/05\/Vyleti-Vtacik-Karlova-Ves-08-min-800x430.jpg 800w, https:\/\/www.visitbratislava.com\/wp-content\/uploads\/2021\/05\/Vyleti-Vtacik-Karlova-Ves-08-min-400x215.jpg 400w, https:\/\/www.visitbratislava.com\/wp-content\/uploads\/2021\/05\/Vyleti-Vtacik-Karlova-Ves-08-min-768x413.jpg 768w, https:\/\/www.visitbratislava.com\/wp-content\/uploads\/2021\/05\/Vyleti-Vtacik-Karlova-Ves-08-min-1536x826.jpg 1536w, https:\/\/www.visitbratislava.com\/wp-content\/uploads\/2021\/05\/Vyleti-Vtacik-Karlova-Ves-08-min-2048x1102.jpg 2048w, https:\/\/www.visitbratislava.com\/wp-content\/uploads\/2021\/05\/Vyleti-Vtacik-Karlova-Ves-08-min-200x108.jpg 200w\" sizes=\"(max-width: 800px) 100vw, 800px\" \/><em>Mark Twain<\/em><\/p>\n<p><span style=\"font-weight: 400;\">Bratislava je mestom na Dunaji, no v objat\u00ed budov sa nach\u00e1dzaj\u00fa aj jazer\u00e1. Ve\u013ek\u00fd Dra\u017ediak, Zlat\u00e9 piesky \u010di Kuchajda patria medzi ob\u013e\u00faben\u00e9 vo\u013eno\u010dasov\u00e9 z\u00f3ny, a to hlavne v lete, kedy sa v niektor\u00fdch z nich d\u00e1 k\u00fapa\u0165.\u00a0<\/span><\/p>\n<h2>Takmer ako v New Yorku<\/h2>\n<p><span style=\"font-weight: 400;\">V dobe obchodn\u00fdch centier dotv\u00e1raj\u00fa \u0161pecifick\u00fa atmosf\u00e9ru mesta trhovisk\u00e1. V Bratislave vyr\u00e1stla pre p\u00e1r rokmi farm\u00e1rska tr\u017enica <strong>Freshmarket<\/strong>, ktor\u00fa nav\u0161tevuj\u00fa najm\u00e4 vyzn\u00e1va\u010di zdrav\u00e9ho \u017eivotn\u00e9ho \u0161t\u00fdlu. <a href=\"https:\/\/www.visitbratislava.com\/sk\/miesta\/stara-trznica\/\">Star\u00e1 tr\u017enica<\/a> zase ka\u017ed\u00fa sobotu host\u00ed potravinov\u00e9 trhy. Najzn\u00e1mej\u0161\u00edm trhom zost\u00e1va <strong>Trhovisko Mileti\u010dova<\/strong>, ktor\u00e9 vzniklo na z\u00e1kladoch bit\u00fanku po\u010das socializmu. Okrem ovocia a zeleniny tu n\u00e1v\u0161tevn\u00edci natrafia aj na r\u00f4zne bistr\u00e1.<\/span><\/p>\n<p><img loading=\"lazy\" width=\"800\" height=\"544\" class=\"aligncenter size-large wp-image-103787\" src=\"https:\/\/www.visitbratislava.com\/wp-content\/uploads\/2021\/05\/fresh-e1620302215502-800x544.jpg\" alt=\"\" srcset=\"https:\/\/www.visitbratislava.com\/wp-content\/uploads\/2021\/05\/fresh-e1620302215502-800x544.jpg 800w, https:\/\/www.visitbratislava.com\/wp-content\/uploads\/2021\/05\/fresh-e1620302215502-400x272.jpg 400w, https:\/\/www.visitbratislava.com\/wp-content\/uploads\/2021\/05\/fresh-e1620302215502-768x522.jpg 768w, https:\/\/www.visitbratislava.com\/wp-content\/uploads\/2021\/05\/fresh-e1620302215502-200x136.jpg 200w, https:\/\/www.visitbratislava.com\/wp-content\/uploads\/2021\/05\/fresh-e1620302215502.jpg 1439w\" sizes=\"(max-width: 800px) 100vw, 800px\" \/><em>Freshmarket Foto: FB Freshmarket<\/em><\/p>\n<p><span style=\"font-weight: 400;\">Na skvelom jedle z r\u00f4znych k\u00fatov sveta si pochutn\u00e1te tie\u017e v pr\u00edjemnej <strong>street-foodovej z\u00e1hrade Possonium<\/strong>, ukr\u00fdvaj\u00facej sa k\u00fasok od trhoviska na \u017dilinskej ulici, ne\u010faleko Hlavnej stanice.\u00a0\u00a0<\/span><\/p>\n<p><span style=\"font-weight: 400;\">Nov\u00fdm netypick\u00fdm priestorom mesta, z dielne svetovej architektky Zahy Hadid, je pr\u00edrodn\u00fd amfite\u00e1ter s Jurkovi\u010dovou tepl\u00e1r\u0148ou obkolesen\u00fd v\u00fd\u0161kov\u00fdmi budovami <strong>Sky Park.<\/strong> V tomto modernom mestskom parku k\u00fasok od autobusovej stanice Nivy sa budete c\u00edti\u0165 ako v srdci americk\u00e9ho ve\u013ekomesta.\u00a0<\/span><\/p>\n<p><span style=\"font-weight: 400;\">Menej zn\u00e1me miesta Bratislavy m\u00f4\u017ee ka\u017ed\u00fd objavova\u0165 aj v spolo\u010dnosti <a href=\"https:\/\/card.visitbratislava.com\/sk\/\">Bratislava CARD<\/a>, ktor\u00e1 sl\u00fa\u017ei z\u00e1rove\u0148 ako neobmedzen\u00fd cestovn\u00fd l\u00edstok v r\u00e1mci Bratislavsk\u00e9ho kraja.<\/span><\/p>\n<p><img loading=\"lazy\" class=\"aligncenter wp-image-99927 size-large\" src=\"https:\/\/www.visitbratislava.com\/wp-content\/uploads\/2021\/02\/Dekan_jesen_Zaha-Hadid_Sky-Park-offices_architektura_downtown_vyhradna-licencia-casovo-neobmedzena-800x533.jpg\" alt=\"\" width=\"800\" height=\"533\" srcset=\"https:\/\/www.visitbratislava.com\/wp-content\/uploads\/2021\/02\/Dekan_jesen_Zaha-Hadid_Sky-Park-offices_architektura_downtown_vyhradna-licencia-casovo-neobmedzena-800x533.jpg 800w, https:\/\/www.visitbratislava.com\/wp-content\/uploads\/2021\/02\/Dekan_jesen_Zaha-Hadid_Sky-Park-offices_architektura_downtown_vyhradna-licencia-casovo-neobmedzena-400x267.jpg 400w, https:\/\/www.visitbratislava.com\/wp-content\/uploads\/2021\/02\/Dekan_jesen_Zaha-Hadid_Sky-Park-offices_architektura_downtown_vyhradna-licencia-casovo-neobmedzena-768x512.jpg 768w, https:\/\/www.visitbratislava.com\/wp-content\/uploads\/2021\/02\/Dekan_jesen_Zaha-Hadid_Sky-Park-offices_architektura_downtown_vyhradna-licencia-casovo-neobmedzena-1536x1024.jpg 1536w, https:\/\/www.visitbratislava.com\/wp-content\/uploads\/2021\/02\/Dekan_jesen_Zaha-Hadid_Sky-Park-offices_architektura_downtown_vyhradna-licencia-casovo-neobmedzena-2048x1365.jpg 2048w, https:\/\/www.visitbratislava.com\/wp-content\/uploads\/2021\/02\/Dekan_jesen_Zaha-Hadid_Sky-Park-offices_architektura_downtown_vyhradna-licencia-casovo-neobmedzena-200x133.jpg 200w\" sizes=\"(max-width: 800px) 100vw, 800px\" \/><em>Sky Park od Zahy Hadid<\/em><\/p>\n<h2><span class=\"TextRun SCXW250125018 BCX0\" lang=\"SK-SK\" xml:lang=\"SK-SK\" data-contrast=\"auto\"><span class=\"NormalTextRun SCXW250125018 BCX0\">N\u00e1mestie slobody: Kde bet\u00f3n rozpr\u00e1va pr\u00edbeh o slobode<\/span><\/span><\/h2>\n<p><span data-contrast=\"auto\">V\u00e4\u010d\u0161ina turistov mieri k hradu alebo do uli\u010diek Star\u00e9ho Mesta, no skuto\u010dn\u00e1 \u201emodern\u00e1 tv\u00e1r\u201c Bratislavy sa odha\u013euje na N\u00e1mest\u00ed slobody. Po dek\u00e1dach ch\u00e1trania sa toto miesto premenilo na \u0161t\u00fdlov\u00fd verejn\u00fd priestor, v ktorom pribudol unik\u00e1tny prvok \u2013\u00a0<\/span><b><span data-contrast=\"auto\">v\u00f4bec prv\u00fd Pam\u00e4tn\u00edk novembra 1989<\/span><\/b><span data-contrast=\"auto\">.<\/span><span data-ccp-props=\"{}\">\u00a0<\/span><\/p>\n<p><span data-contrast=\"auto\">Zabudnite na klasick\u00e9 sochy na podstavcoch. Tento pam\u00e4tn\u00edk od architektov B. Lackovi\u010da, E.\u00a0Zatlukaja\u00a0a J.\u00a0Trajtera\u00a0je nen\u00e1padn\u00fd, no o to silnej\u0161\u00ed. Je to monument\u00e1lny bet\u00f3nov\u00fd monoblok, ktor\u00fd tvarom pripom\u00edna niekdaj\u0161ie \u201ekvetin\u00e1\u010de\u201c ur\u010den\u00e9 na blokovanie davov. Dnes je v\u0161ak v\u0161etko inak. Na jeho vrchole n\u00e1jdete\u00a0<\/span><b><span data-contrast=\"auto\">407 bronzov\u00fdch odtla\u010dkov st\u00f4p<\/span><\/b><span data-contrast=\"auto\">, ktor\u00e9 v\u00e1s poz\u00fdvaj\u00fa vyst\u00fapi\u0165 priamo na\u0148.<\/span><span data-ccp-props=\"{}\">\u00a0<\/span><\/p>\n<p><span data-contrast=\"auto\">Je to interakt\u00edvny z\u00e1\u017eitok \u2013 ke\u010f sa postav\u00edte medzi tieto stopy namieren\u00e9 k \u00daradu vl\u00e1dy, poc\u00edtite silu zdola, ktor\u00fa v novembri 1989 prejavili tis\u00edce odv\u00e1\u017enych \u013eud\u00ed. Ak chcete spozna\u0165 tv\u00e1re a hlasy za t\u00fdmito krokmi, nav\u0161t\u00edvte web\u00a0<\/span><a href=\"https:\/\/slobodajevasa.sk\/\" target=\"_blank\" rel=\"noopener\"><b><span data-contrast=\"auto\">slobodajevasa.sk<\/span><\/b><\/a><span data-contrast=\"auto\">. V\u010faka spolupr\u00e1ci Nad\u00e1cie Slovenskej sporite\u013ene a OZ Post Bellum tu o\u017e\u00edvaj\u00fa skuto\u010dn\u00e9 pr\u00edbehy svedkov revol\u00facie pomocou AI technol\u00f3gie. Je to povinn\u00e1 jazda pre ka\u017ed\u00e9ho, kto h\u013ead\u00e1 Bratislavu bez filtrov.<\/span><\/p>\n<p><img loading=\"lazy\" width=\"2400\" height=\"1600\" class=\"alignnone size-full wp-image-437732\" src=\"https:\/\/www.visitbratislava.com\/wp-content\/uploads\/2026\/04\/SLSPNOVEMBER_P2A5134.jpg\" alt=\"\" srcset=\"https:\/\/www.visitbratislava.com\/wp-content\/uploads\/2026\/04\/SLSPNOVEMBER_P2A5134.jpg 2400w, https:\/\/www.visitbratislava.com\/wp-content\/uploads\/2026\/04\/SLSPNOVEMBER_P2A5134-400x267.jpg 400w, https:\/\/www.visitbratislava.com\/wp-content\/uploads\/2026\/04\/SLSPNOVEMBER_P2A5134-800x533.jpg 800w, https:\/\/www.visitbratislava.com\/wp-content\/uploads\/2026\/04\/SLSPNOVEMBER_P2A5134-768x512.jpg 768w, https:\/\/www.visitbratislava.com\/wp-content\/uploads\/2026\/04\/SLSPNOVEMBER_P2A5134-1536x1024.jpg 1536w, https:\/\/www.visitbratislava.com\/wp-content\/uploads\/2026\/04\/SLSPNOVEMBER_P2A5134-2048x1365.jpg 2048w, https:\/\/www.visitbratislava.com\/wp-content\/uploads\/2026\/04\/SLSPNOVEMBER_P2A5134-200x133.jpg 200w\" sizes=\"(max-width: 2400px) 100vw, 2400px\" \/><\/p>\n<p><em><span class=\"TextRun SCXW221424400 BCX0\" lang=\"SK-SK\" xml:lang=\"SK-SK\" data-contrast=\"auto\"><span class=\"NormalTextRun SCXW221424400 BCX0\">Pam\u00e4tn\u00edk novembra 1989<\/span><\/span><\/em><\/p>\n<h2>Pozrite si mapku:<\/h2>\n<p><iframe src=\"https:\/\/www.google.com\/maps\/d\/u\/0\/embed?mid=1gK1mw5y1JqL58owVTDbVGCy7-Vn0DKF8\" width=\"800\" height=\"480\"><\/iframe><\/p>\n","protected":false},"excerpt":{"rendered":"<p>V Bratislave mo\u017eno za\u017ei\u0165 svetov\u00e9 momenty aj na menej zn\u00e1mych miestach. Okrem mno\u017estva popul\u00e1rnych turistick\u00fdch atrakci\u00ed a pamiatok pon\u00faka Bratislava aj \u00faplne in\u00fd z\u00e1\u017eitok &#8211; n\u00e1v\u0161tevu \u010darovn\u00fdch miest, o ktor\u00fdch n\u00e1v\u0161tevn\u00edci mesta \u010dasto ve\u013ea nevedia.<\/p>\n","protected":false},"author":25,"featured_media":103796,"parent":0,"menu_order":0,"comment_status":"closed","ping_status":"closed","template":"","meta":[],"acf":[],"_links":{"self":[{"href":"https:\/\/www.visitbratislava.com\/sk\/wp-json\/wp\/v2\/pages\/103465"}],"collection":[{"href":"https:\/\/www.visitbratislava.com\/sk\/wp-json\/wp\/v2\/pages"}],"about":[{"href":"https:\/\/www.visitbratislava.com\/sk\/wp-json\/wp\/v2\/types\/page"}],"author":[{"embeddable":true,"href":"https:\/\/www.visitbratislava.com\/sk\/wp-json\/wp\/v2\/users\/25"}],"replies":[{"embeddable":true,"href":"https:\/\/www.visitbratislava.com\/sk\/wp-json\/wp\/v2\/comments?post=103465"}],"version-history":[{"count":4,"href":"https:\/\/www.visitbratislava.com\/sk\/wp-json\/wp\/v2\/pages\/103465\/revisions"}],"predecessor-version":[{"id":437787,"href":"https:\/\/www.visitbratislava.com\/sk\/wp-json\/wp\/v2\/pages\/103465\/revisions\/437787"}],"wp:featuredmedia":[{"embeddable":true,"href":"https:\/\/www.visitbratislava.com\/sk\/wp-json\/wp\/v2\/media\/103796"}],"wp:attachment":[{"href":"https:\/\/www.visitbratislava.com\/sk\/wp-json\/wp\/v2\/media?parent=103465"}],"curies":[{"name":"wp","href":"https:\/\/api.w.org\/{rel}","templated":true}]}}