{"id":103931,"date":"2021-05-11T11:12:15","date_gmt":"2021-05-11T09:12:15","guid":{"rendered":"https:\/\/www.visitbratislava.com\/?page_id=103931"},"modified":"2024-05-27T11:19:27","modified_gmt":"2024-05-27T09:19:27","slug":"10-dovodov-preco-navstivit-bratislavu","status":"publish","type":"page","link":"https:\/\/www.visitbratislava.com\/sk\/10-dovodov-preco-navstivit-bratislavu\/","title":{"rendered":"10 d\u00f4vodov, pre\u010do nav\u0161t\u00edvi\u0165 Bratislavu"},"content":{"rendered":"<h2>1. Mesto d\u00fdchaj\u00face hist\u00f3riou<\/h2>\n<p>Bratislava je mestom, kde sa hist\u00f3ria za\u010dala p\u00edsa\u0165 u\u017e s pr\u00edchodom Keltov, pokra\u010dovala Rimanmi, a\u017e sa napokon preklenula do sl\u00e1vnej korunova\u010dnej \u00e9ry, ktor\u00fa pripom\u00edna <a href=\"https:\/\/www.visitbratislava.com\/sk\/miesta\/katedrala-sv-martina\/\" target=\"_blank\" rel=\"noopener\">Katedr\u00e1la sv. Martina<\/a>. Znakom bohatej hist\u00f3rie Bratislavy je aj Bratislavsk\u00fd hrad, ktor\u00fd je taktie\u017e domovom Historick\u00e9ho m\u00fazea, a hrad Dev\u00edn nach\u00e1dzaj\u00faci sa nad s\u00fatokom Dunaja a Moravy. Historick\u00e9 artefakty a in\u00e9 expoz\u00edcie n\u00e1jdete a\u017e<a href=\"https:\/\/www.visitbratislava.com\/sk\/co-robit\/kultura-a-umenie\/muzea-a-galerie\/\" target=\"_blank\" rel=\"noopener\"> v 30 m\u00faze\u00e1ch po celej Bratislave<\/a>.<\/p>\n<p><img loading=\"lazy\" width=\"800\" height=\"533\" class=\"aligncenter size-large wp-image-73889\" src=\"https:\/\/www.visitbratislava.com\/wp-content\/uploads\/2020\/01\/Kov\u00e1\u010d-Bratislavsk\u00fd-hrad-dron-1-800x533.jpg\" alt=\"\" srcset=\"https:\/\/www.visitbratislava.com\/wp-content\/uploads\/2020\/01\/Kov\u00e1\u010d-Bratislavsk\u00fd-hrad-dron-1-800x533.jpg 800w, https:\/\/www.visitbratislava.com\/wp-content\/uploads\/2020\/01\/Kov\u00e1\u010d-Bratislavsk\u00fd-hrad-dron-1-400x267.jpg 400w, https:\/\/www.visitbratislava.com\/wp-content\/uploads\/2020\/01\/Kov\u00e1\u010d-Bratislavsk\u00fd-hrad-dron-1-768x512.jpg 768w, https:\/\/www.visitbratislava.com\/wp-content\/uploads\/2020\/01\/Kov\u00e1\u010d-Bratislavsk\u00fd-hrad-dron-1-200x133.jpg 200w\" sizes=\"(max-width: 800px) 100vw, 800px\" \/><\/p>\n<h2>2. Z\u00e1bava aj pre deti<\/h2>\n<p>Na v\u00fdlete v Bratislave sa nebud\u00fa nudi\u0165 ani t\u00ed najmen\u0161\u00ed. V\u010faka mnoh\u00fdm atrakci\u00e1m si v meste a bl\u00edzkom okol\u00ed s de\u0165mi u\u017eijete z\u00e1bavu za ka\u017ed\u00e9ho po\u010dasia. K najnav\u0161tevovanej\u0161\u00edm miestam nepochybne patr\u00ed <a href=\"https:\/\/www.visitbratislava.com\/sk\/miesta\/zoo\/\" target=\"_blank\" rel=\"noopener\">bratislavsk\u00e1 zoologick\u00e1 z\u00e1hrada<\/a>. Po\u010das \u0161kared\u00e9ho po\u010dasia sa v\u00e1m zav\u010fa\u010d\u00ed dom umenia pre deti <a href=\"https:\/\/www.visitbratislava.com\/sk\/miesta\/bibiana\/\" target=\"_blank\" rel=\"noopener\">Bibiana<\/a> s\u00a0interakt\u00edvnymi v\u00fdstavami alebo z\u00e1\u017eitkov\u00e9 centrum vedy <a href=\"https:\/\/www.visitbratislava.com\/sk\/miesta\/zazitkove-centrum-vedy-aurelium\/\" target=\"_blank\" rel=\"noopener\">Aurelium<\/a>, kde deti okrem in\u00e9ho zistia, ako funguje hologram, \u010di ak\u00e9 \u0165a\u017ek\u00e9 je vyv\u00e1\u017ei\u0165 magnet. A \u010do je d\u00f4le\u017eit\u00e9, v\u0161etko si m\u00f4\u017eu odsk\u00fa\u0161a\u0165 na\u017eivo.<\/p>\n<p><img loading=\"lazy\" width=\"800\" height=\"533\" class=\"aligncenter size-large wp-image-65049\" src=\"https:\/\/www.visitbratislava.com\/wp-content\/uploads\/2019\/09\/zdroj_Dominik_Sepp-Bibiana-800x533.jpg\" alt=\"\" srcset=\"https:\/\/www.visitbratislava.com\/wp-content\/uploads\/2019\/09\/zdroj_Dominik_Sepp-Bibiana-800x533.jpg 800w, https:\/\/www.visitbratislava.com\/wp-content\/uploads\/2019\/09\/zdroj_Dominik_Sepp-Bibiana-400x267.jpg 400w, https:\/\/www.visitbratislava.com\/wp-content\/uploads\/2019\/09\/zdroj_Dominik_Sepp-Bibiana-768x512.jpg 768w, https:\/\/www.visitbratislava.com\/wp-content\/uploads\/2019\/09\/zdroj_Dominik_Sepp-Bibiana-200x133.jpg 200w\" sizes=\"(max-width: 800px) 100vw, 800px\" \/><em>Foto: Dominik Sepp<\/em><\/p>\n<h2>3. Umenie, gal\u00e9rie a divadl\u00e1<\/h2>\n<p>Celkovo sa v\u00a0Bratislave nach\u00e1dza a\u017e 20 gal\u00e9ri\u00ed, kde n\u00e1jdete umeleck\u00e9 diela z\u00a0minulosti, ako aj s\u00fa\u010dasnosti. Modern\u00e9 umenie v\u00a0obklopen\u00ed jedine\u010dnej scen\u00e9rie polostrova na Dunaji si m\u00f4\u017eete vychutna\u0165 v<a href=\"https:\/\/www.visitbratislava.com\/sk\/miesta\/danubiana\/\" target=\"_blank\" rel=\"noopener\">\u00a0m\u00fazeu modern\u00e9ho umenia\u00a0Danubiana<\/a> a vynecha\u0165 by ste nemali ani <a href=\"https:\/\/www.visitbratislava.com\/sk\/miesta\/galeria-mesta-bratislavy-mirbachov-palac-palffyho-palac\/\" target=\"_blank\" rel=\"noopener\">Gal\u00e9riu mesta Bratislavy<\/a>. Milovn\u00edci klasick\u00e9ho divadla, inscen\u00e1ci\u00ed a\u00a0tanca si m\u00f4\u017eu zak\u00fapi\u0165 vstupenky do\u00a0<a href=\"https:\/\/www.visitbratislava.com\/sk\/miesta\/slovenske-narodne-divadlo\/\">Slovensk\u00e9ho n\u00e1rodn\u00e9ho divadla<\/a> alebo do <a href=\"https:\/\/www.visitbratislava.com\/sk\/miesta\/divadlo-p-o-hviezdoslava\/\" target=\"_blank\" rel=\"noopener\">mestsk\u00e9ho Divadla Pavla Orsz\u00e1gha Hviezdoslava<\/a>.<\/p>\n<p><img loading=\"lazy\" width=\"800\" height=\"482\" class=\"aligncenter size-large wp-image-18352\" src=\"https:\/\/www.visitbratislava.com\/wp-content\/uploads\/2016\/06\/Danubiana_peninsula-800x482.jpg\" alt=\"\" srcset=\"https:\/\/www.visitbratislava.com\/wp-content\/uploads\/2016\/06\/Danubiana_peninsula-800x482.jpg 800w, https:\/\/www.visitbratislava.com\/wp-content\/uploads\/2016\/06\/Danubiana_peninsula-400x241.jpg 400w, https:\/\/www.visitbratislava.com\/wp-content\/uploads\/2016\/06\/Danubiana_peninsula-768x463.jpg 768w, https:\/\/www.visitbratislava.com\/wp-content\/uploads\/2016\/06\/Danubiana_peninsula-200x121.jpg 200w\" sizes=\"(max-width: 800px) 100vw, 800px\" \/><\/p>\n<p><img loading=\"lazy\" width=\"800\" height=\"533\" class=\"aligncenter size-large wp-image-99284\" src=\"https:\/\/www.visitbratislava.com\/wp-content\/uploads\/2021\/01\/danubiana-5-800x533.jpg\" alt=\"\" srcset=\"https:\/\/www.visitbratislava.com\/wp-content\/uploads\/2021\/01\/danubiana-5-800x533.jpg 800w, https:\/\/www.visitbratislava.com\/wp-content\/uploads\/2021\/01\/danubiana-5-400x267.jpg 400w, https:\/\/www.visitbratislava.com\/wp-content\/uploads\/2021\/01\/danubiana-5-768x512.jpg 768w, https:\/\/www.visitbratislava.com\/wp-content\/uploads\/2021\/01\/danubiana-5-1536x1024.jpg 1536w, https:\/\/www.visitbratislava.com\/wp-content\/uploads\/2021\/01\/danubiana-5-2048x1365.jpg 2048w, https:\/\/www.visitbratislava.com\/wp-content\/uploads\/2021\/01\/danubiana-5-200x133.jpg 200w\" sizes=\"(max-width: 800px) 100vw, 800px\" \/><\/p>\n<h2>4. Zele\u0148 na ka\u017edom kroku<\/h2>\n<p>V samotnej Bratislave, ale aj v jej okol\u00ed sa nach\u00e1dza mno\u017estvo parkov, z\u00e1hrad, lesov a vin\u00edc, ktor\u00e9 prirodzene zasahuj\u00fa do mesta a s\u00fa jeho d\u00f4le\u017eitou s\u00fa\u010das\u0165ou. Poprech\u00e1dza\u0165 sa m\u00f4\u017eete v <a href=\"https:\/\/www.visitbratislava.com\/sk\/miesta\/sad-janka-krala\/\" target=\"_blank\" rel=\"noopener\">Sade Janka Kr\u00e1\u013ea<\/a>, len p\u00e1r min\u00fat od centra mesta, alebo v <a href=\"https:\/\/www.visitbratislava.com\/sk\/miesta\/horsky-park\/\" target=\"_blank\" rel=\"noopener\">Horskom parku<\/a>, kde n\u00e1jdete jedine\u010dn\u00fa atmosf\u00e9ru spojenia lesa a bl\u00edzkeho centra mesta. Relax si u\u017eijete aj v <a href=\"https:\/\/www.visitbratislava.com\/sk\/miesta\/grassalkovichova-zahrada\/\" target=\"_blank\" rel=\"noopener\">z\u00e1hrad\u00e1ch<\/a> Bratislavy pri <a href=\"https:\/\/www.visitbratislava.com\/sk\/miesta\/grassalkovichov-palac\/\" target=\"_blank\" rel=\"noopener\">Grasalkovi\u010dovom pal\u00e1ci<\/a> alebo v <a href=\"https:\/\/www.visitbratislava.com\/sk\/miesta\/medicka-zahrada\/\" target=\"_blank\" rel=\"noopener\">Medickej z\u00e1hrade<\/a>.<\/p>\n<p><img loading=\"lazy\" width=\"800\" height=\"533\" class=\"aligncenter size-large wp-image-103702\" src=\"https:\/\/www.visitbratislava.com\/wp-content\/uploads\/2021\/05\/Vyleti-Vtacik-Karlova-Ves-14-min-800x533.jpg\" alt=\"\" srcset=\"https:\/\/www.visitbratislava.com\/wp-content\/uploads\/2021\/05\/Vyleti-Vtacik-Karlova-Ves-14-min-800x533.jpg 800w, https:\/\/www.visitbratislava.com\/wp-content\/uploads\/2021\/05\/Vyleti-Vtacik-Karlova-Ves-14-min-400x267.jpg 400w, https:\/\/www.visitbratislava.com\/wp-content\/uploads\/2021\/05\/Vyleti-Vtacik-Karlova-Ves-14-min-768x512.jpg 768w, https:\/\/www.visitbratislava.com\/wp-content\/uploads\/2021\/05\/Vyleti-Vtacik-Karlova-Ves-14-min-1536x1024.jpg 1536w, https:\/\/www.visitbratislava.com\/wp-content\/uploads\/2021\/05\/Vyleti-Vtacik-Karlova-Ves-14-min-2048x1365.jpg 2048w, https:\/\/www.visitbratislava.com\/wp-content\/uploads\/2021\/05\/Vyleti-Vtacik-Karlova-Ves-14-min-200x133.jpg 200w\" sizes=\"(max-width: 800px) 100vw, 800px\" \/><\/p>\n<h2>5. Rozmanit\u00e1 gastro sc\u00e9na<\/h2>\n<p>Miestnu kuchy\u0148u formovala spolo\u010dnos\u0165 viacer\u00fdch n\u00e1rodov \u2013 preto v Bratislave n\u00e1jdete viedensk\u00fd te\u013eac\u00ed reze\u0148 a rak\u00faske z\u00e1kusky, pikantn\u00fa ma\u010farsk\u00fa kuchy\u0148u, nemeck\u00e9 klob\u00e1sky, ale aj tradi\u010dn\u00e9 slovensk\u00e9 jedl\u00e1. To v\u0161etko pod\u010diarknut\u00e9 v\u00ednom alebo dobr\u00fdm remeseln\u00fdm pivom. Z\u00e1jdite na klasiku do Slovak Pubu a re\u0161taur\u00e1cie <a href=\"https:\/\/www.visitbratislava.com\/sk\/miesta\/zylinder\/\" target=\"_blank\" rel=\"noopener\">Zylinder<\/a>, ochutnajte exotiku v Bistro SOHO, burger v Roxor BRGR &amp; Beer alebo si vyberte z \u010fal\u0161\u00edch mo\u017enost\u00ed <a href=\"https:\/\/www.visitbratislava.com\/sk\/navsteva\/gastro-a-vino\/restauracie-a-bistra\/\" target=\"_blank\" rel=\"noopener\">bistier a re\u0161taur\u00e1ci\u00ed<\/a>.<\/p>\n<p><img loading=\"lazy\" width=\"1632\" height=\"1224\" class=\"alignnone size-full wp-image-296244\" src=\"https:\/\/www.visitbratislava.com\/wp-content\/uploads\/2024\/05\/Kristek_2024_BA_Gastro_vyhradna_licencia_casovo_neobmedzena_rezen_salat-5.jpg\" alt=\"\" srcset=\"https:\/\/www.visitbratislava.com\/wp-content\/uploads\/2024\/05\/Kristek_2024_BA_Gastro_vyhradna_licencia_casovo_neobmedzena_rezen_salat-5.jpg 1632w, https:\/\/www.visitbratislava.com\/wp-content\/uploads\/2024\/05\/Kristek_2024_BA_Gastro_vyhradna_licencia_casovo_neobmedzena_rezen_salat-5-400x300.jpg 400w, https:\/\/www.visitbratislava.com\/wp-content\/uploads\/2024\/05\/Kristek_2024_BA_Gastro_vyhradna_licencia_casovo_neobmedzena_rezen_salat-5-800x600.jpg 800w, https:\/\/www.visitbratislava.com\/wp-content\/uploads\/2024\/05\/Kristek_2024_BA_Gastro_vyhradna_licencia_casovo_neobmedzena_rezen_salat-5-768x576.jpg 768w, https:\/\/www.visitbratislava.com\/wp-content\/uploads\/2024\/05\/Kristek_2024_BA_Gastro_vyhradna_licencia_casovo_neobmedzena_rezen_salat-5-1536x1152.jpg 1536w, https:\/\/www.visitbratislava.com\/wp-content\/uploads\/2024\/05\/Kristek_2024_BA_Gastro_vyhradna_licencia_casovo_neobmedzena_rezen_salat-5-200x150.jpg 200w, https:\/\/www.visitbratislava.com\/wp-content\/uploads\/2024\/05\/Kristek_2024_BA_Gastro_vyhradna_licencia_casovo_neobmedzena_rezen_salat-5-600x450.jpg 600w\" sizes=\"(max-width: 1632px) 100vw, 1632px\" \/><\/p>\n<div align=\"center\"><\/div>\n<h2>6. \u0160port a pohyb<\/h2>\n<p>Bratislava, to nie s\u00fa len pamiatky a\u00a0gal\u00e9rie, ale aj pohyb a \u0161port pr\u00edtomn\u00fd vo v\u0161etk\u00fdch oblastiach \u017eivota. Ni\u010d nepokaz\u00edte po\u017ei\u010dan\u00edm bicyklov, ke\u010f\u017ee Bratislava m\u00e1 vo svojom okol\u00ed viacero<a href=\"https:\/\/www.visitbratislava.com\/sk\/cyklovylety\/\" target=\"_blank\" rel=\"noopener\"> cyklistick\u00fdch tr\u00e1s a\u00a0tematick\u00fdch cyklookruhov<\/a>. Pre fan\u00fa\u0161ikov adrenal\u00ednu sa v\u00a0lesoch Mal\u00fdch Karp\u00e1t nach\u00e1dzaj\u00fa aj \u0161peci\u00e1lne upraven\u00e9 cyklistick\u00e9 trate. Adrenal\u00edn na vode m\u00f4\u017eete za\u017ei\u0165 v\u00a0are\u00e1li vodn\u00fdch \u0161portov <a href=\"https:\/\/www.visitbratislava.com\/sk\/miesta\/divoka-voda\/\" target=\"_blank\" rel=\"noopener\">Divok\u00e1 voda<\/a> v\u00a0\u010cunove, kde si n\u00e1v\u0161tevn\u00edci m\u00f4\u017eu vysk\u00fa\u0161a\u0165 rafting alebo jazdu na vodn\u00fdch sk\u00fatroch. Netradi\u010dn\u00fdm z\u00e1\u017eitkom je aj Skywalk \u2013 <a href=\"https:\/\/www.visitbratislava.com\/places\/skywalk-ufo\/\" target=\"_blank\" rel=\"noopener\">panoramatick\u00e1 prech\u00e1dzka po obvode vyhliadkovej ve\u017ee UFO<\/a>.<\/p>\n<p><img loading=\"lazy\" width=\"800\" height=\"533\" class=\"aligncenter size-large wp-image-42836\" src=\"https:\/\/www.visitbratislava.com\/wp-content\/uploads\/2018\/05\/IMGL6130-800x533.jpg\" alt=\"\" srcset=\"https:\/\/www.visitbratislava.com\/wp-content\/uploads\/2018\/05\/IMGL6130-800x533.jpg 800w, https:\/\/www.visitbratislava.com\/wp-content\/uploads\/2018\/05\/IMGL6130-400x267.jpg 400w, https:\/\/www.visitbratislava.com\/wp-content\/uploads\/2018\/05\/IMGL6130-768x512.jpg 768w, https:\/\/www.visitbratislava.com\/wp-content\/uploads\/2018\/05\/IMGL6130-200x133.jpg 200w\" sizes=\"(max-width: 800px) 100vw, 800px\" \/><\/p>\n<h2>7. Neopakovate\u013en\u00e1 atmosf\u00e9ra<\/h2>\n<p>V lete m\u00e1 Bratislava jedine\u010dn\u00fa atmosf\u00e9ru, ktor\u00fa vytv\u00e1raj\u00fa vonkaj\u0161ie terasy kaviarn\u00ed a re\u0161taur\u00e1ci\u00ed a dunajsk\u00e9 brehy ka\u017edoro\u010dne sa premie\u0148aj\u00face na mestsk\u00e9 pl\u00e1\u017ee s barmi \u010di ihriskami na pl\u00e1\u017eov\u00fd volejbal. Z centra mesta sa za 20 min\u00fat dostanete do \u00faplne in\u00e9ho sveta: na najv\u00e4\u010d\u0161ie pr\u00edrodn\u00e9 k\u00fapalisko v Bratislave. <a href=\"https:\/\/www.visitbratislava.com\/sk\/miesta\/wakelake\/\" target=\"_blank\" rel=\"noopener\">Zlat\u00e9 Piesky<\/a> maj\u00fa v\u0161etko, \u010do na letnej dovolenke nesmie ch\u00fdba\u0165: \u0161trkov\u00fa pl\u00e1\u017e, osvie\u017euj\u00facu vodu, slne\u010dn\u00edky, chl\u00e1dok pod stromami, \u0161portov\u00e9 a detsk\u00e9 ihrisk\u00e1, ale aj vodn\u00e9 bicykle a tobogan.<\/p>\n<p><img loading=\"lazy\" width=\"800\" height=\"500\" class=\"aligncenter size-large wp-image-43257\" src=\"https:\/\/www.visitbratislava.com\/wp-content\/uploads\/2018\/05\/wakelake-800x500.jpg\" alt=\"\" srcset=\"https:\/\/www.visitbratislava.com\/wp-content\/uploads\/2018\/05\/wakelake-800x500.jpg 800w, https:\/\/www.visitbratislava.com\/wp-content\/uploads\/2018\/05\/wakelake-400x250.jpg 400w, https:\/\/www.visitbratislava.com\/wp-content\/uploads\/2018\/05\/wakelake-768x480.jpg 768w, https:\/\/www.visitbratislava.com\/wp-content\/uploads\/2018\/05\/wakelake-200x125.jpg 200w, https:\/\/www.visitbratislava.com\/wp-content\/uploads\/2018\/05\/wakelake.jpg 1404w\" sizes=\"(max-width: 800px) 100vw, 800px\" \/><\/p>\n<h2>8. Okolie s mno\u017estvom atrakci\u00ed<\/h2>\n<p>Za kr\u00e1tky v\u00fdlet mimo Bratislavy jednozna\u010dne stoj\u00ed <a href=\"https:\/\/www.visitbratislava.com\/sk\/miesta\/cerveny-kamen\/\" target=\"_blank\" rel=\"noopener\">Hrad \u010cerven\u00fd Kame\u0148<\/a> nad malebnou malokarpatskou obcou \u010cast\u00e1. V are\u00e1li sa nach\u00e1dza aj sokoliarsky dvor Astur s najv\u00e4\u010d\u0161ou kolekciou drav\u00fdch vt\u00e1kov na Slovensku a\u00a0mo\u017enos\u0165ou sa s\u00a0nimi odfoti\u0165. Zabl\u00fadi\u0165 m\u00f4\u017eete aj do romantick\u00fdch z\u00e1kut\u00ed vinohradov pri Mal\u00fdch Karpatoch, kde v\u00a0r\u00e1mci Malokarpatskej v\u00ednnej cesty za\u017eijete <a href=\"https:\/\/card.visitbratislava.com\/sk\/discount\/wine-safari-3\/\" target=\"_blank\" rel=\"noopener\">autentick\u00fa ochutn\u00e1vku lahodn\u00e9ho v\u00edna<\/a> a\u00a0gastronomick\u00fdch \u0161pecial\u00edt.<\/p>\n<p><img loading=\"lazy\" width=\"800\" height=\"533\" class=\"aligncenter size-large wp-image-94077\" src=\"https:\/\/www.visitbratislava.com\/wp-content\/uploads\/2020\/09\/Dekan-vino-Raca-komparz-winesafari-800x533.jpg\" alt=\"\" srcset=\"https:\/\/www.visitbratislava.com\/wp-content\/uploads\/2020\/09\/Dekan-vino-Raca-komparz-winesafari-800x533.jpg 800w, https:\/\/www.visitbratislava.com\/wp-content\/uploads\/2020\/09\/Dekan-vino-Raca-komparz-winesafari-400x267.jpg 400w, https:\/\/www.visitbratislava.com\/wp-content\/uploads\/2020\/09\/Dekan-vino-Raca-komparz-winesafari-768x512.jpg 768w, https:\/\/www.visitbratislava.com\/wp-content\/uploads\/2020\/09\/Dekan-vino-Raca-komparz-winesafari-1536x1024.jpg 1536w, https:\/\/www.visitbratislava.com\/wp-content\/uploads\/2020\/09\/Dekan-vino-Raca-komparz-winesafari-2048x1366.jpg 2048w, https:\/\/www.visitbratislava.com\/wp-content\/uploads\/2020\/09\/Dekan-vino-Raca-komparz-winesafari-200x133.jpg 200w\" sizes=\"(max-width: 800px) 100vw, 800px\" \/><\/p>\n<h2>9. Turistick\u00e1 karta pln\u00e1 v\u00fdhod<\/h2>\n<p>Bratislava je r\u00f4znorod\u00e1, farebn\u00e1, s unik\u00e1tnou atmosf\u00e9rou mesta na Dunaji a to je to, \u010do ju rob\u00ed jedine\u010dnou. Spolu s ofici\u00e1lnou turistickou kartou<a href=\"https:\/\/card.visitbratislava.com\/sk\/discount\/\" target=\"_blank\" rel=\"noopener\"> Bratislava CARD<\/a>, ktor\u00e1 v\u00e1m v kr\u00e1tkom \u010dase a za v\u00fdhodn\u00fa cenu umo\u017e\u0148uje spozna\u0165 a za\u017ei\u0165 to najlep\u0161ie, \u010do mesto Bratislava a regi\u00f3n pon\u00fakaj\u00fa, si ju m\u00f4\u017eete vychutna\u0165 naplno. Okrem cestovania po celom meste a regi\u00f3ne \u00faplne zadarmo s \u0148ou m\u00f4\u017eete bezplatne nav\u0161t\u00edvi\u0165 a\u017e 14 m\u00faze\u00ed alebo vyu\u017ei\u0165 z\u013eavy na \u010fal\u0161ie atrakcie.<\/p>\n<p><img loading=\"lazy\" width=\"800\" height=\"534\" class=\"aligncenter size-large wp-image-75225\" src=\"https:\/\/www.visitbratislava.com\/wp-content\/uploads\/2020\/03\/Molnar-Primaci\u00e1lny-pal\u00e1c-n\u00e1dvorie-font\u00e1na-komparz-mapa-p\u00e1r-l\u00e1ska-mood-800x534.jpg\" alt=\"\" srcset=\"https:\/\/www.visitbratislava.com\/wp-content\/uploads\/2020\/03\/Molnar-Primaci\u00e1lny-pal\u00e1c-n\u00e1dvorie-font\u00e1na-komparz-mapa-p\u00e1r-l\u00e1ska-mood-800x534.jpg 800w, https:\/\/www.visitbratislava.com\/wp-content\/uploads\/2020\/03\/Molnar-Primaci\u00e1lny-pal\u00e1c-n\u00e1dvorie-font\u00e1na-komparz-mapa-p\u00e1r-l\u00e1ska-mood-400x267.jpg 400w, https:\/\/www.visitbratislava.com\/wp-content\/uploads\/2020\/03\/Molnar-Primaci\u00e1lny-pal\u00e1c-n\u00e1dvorie-font\u00e1na-komparz-mapa-p\u00e1r-l\u00e1ska-mood-768x512.jpg 768w, https:\/\/www.visitbratislava.com\/wp-content\/uploads\/2020\/03\/Molnar-Primaci\u00e1lny-pal\u00e1c-n\u00e1dvorie-font\u00e1na-komparz-mapa-p\u00e1r-l\u00e1ska-mood-200x133.jpg 200w\" sizes=\"(max-width: 800px) 100vw, 800px\" \/><\/p>\n<h2>10. Hodnotn\u00e1 architekt\u00fara<\/h2>\n<p>Ak ste milovn\u00edkmi architekt\u00fary, v Bratislave si ur\u010dite pr\u00eddete na svoje aj pri stavb\u00e1ch z\u00a0ned\u00e1vneho obdobia. Z ikonick\u00fdch stavieb mesta stoja za n\u00e1v\u0161tevu Most SNP \u010di budova <a href=\"https:\/\/www.visitbratislava.com\/sk\/miesta\/slovensky-rozhlas\/\" target=\"_blank\" rel=\"noopener\">Slovensk\u00e9ho rozhlasu<\/a>. Od p\u00e1du socialistick\u00e9ho re\u017eimu za\u017e\u00edva Bratislava stavite\u013esk\u00fd boom, ktor\u00e9ho v\u00fdsledkom je vznik \u00faplne nov\u00fdch \u0161tvrt\u00ed kombinuj\u00facich obytn\u00e9, kancel\u00e1rske a obchodn\u00e9 priestory ako <a href=\"https:\/\/www.visitbratislava.com\/sk\/miesta\/eurovea\/\" target=\"_blank\" rel=\"noopener\">Eurovea<\/a> a River Park na n\u00e1bre\u017e\u00ed Dunaja alebo Sky Park s elipsovit\u00fdmi obytn\u00fdmi ve\u017eami. Ten navrhlo britsk\u00e9 architektonick\u00e9 \u0161t\u00fadio prominentnej architektky Zahy Hadid.<\/p>\n<p><img loading=\"lazy\" width=\"800\" height=\"534\" class=\"aligncenter size-large wp-image-47965\" src=\"https:\/\/www.visitbratislava.com\/wp-content\/uploads\/2018\/02\/biela-noc2_white-night_nuit-blanche_art-festival_umelecky-festival_2017_official-photo_slovensky-rozhlas-pyramida-slovak-radio-building-inverted-pyramid-800x534.jpg\" alt=\"\" srcset=\"https:\/\/www.visitbratislava.com\/wp-content\/uploads\/2018\/02\/biela-noc2_white-night_nuit-blanche_art-festival_umelecky-festival_2017_official-photo_slovensky-rozhlas-pyramida-slovak-radio-building-inverted-pyramid-800x534.jpg 800w, https:\/\/www.visitbratislava.com\/wp-content\/uploads\/2018\/02\/biela-noc2_white-night_nuit-blanche_art-festival_umelecky-festival_2017_official-photo_slovensky-rozhlas-pyramida-slovak-radio-building-inverted-pyramid-400x267.jpg 400w, https:\/\/www.visitbratislava.com\/wp-content\/uploads\/2018\/02\/biela-noc2_white-night_nuit-blanche_art-festival_umelecky-festival_2017_official-photo_slovensky-rozhlas-pyramida-slovak-radio-building-inverted-pyramid-768x513.jpg 768w, https:\/\/www.visitbratislava.com\/wp-content\/uploads\/2018\/02\/biela-noc2_white-night_nuit-blanche_art-festival_umelecky-festival_2017_official-photo_slovensky-rozhlas-pyramida-slovak-radio-building-inverted-pyramid-200x133.jpg 200w\" sizes=\"(max-width: 800px) 100vw, 800px\" \/><\/p>\n","protected":false},"excerpt":{"rendered":"<p>Objavujte slovensk\u00e9 poklady a napl\u00e1nuje si citybreak v Bratislave. Na hlavn\u00e9 mesto Slovenska jeden de\u0148 z\u010faleka nesta\u010d\u00ed, najvhodnej\u0161ie si je napl\u00e1nova\u0165 v\u00fdlet na pred\u013a\u017een\u00fd v\u00edkend. <\/p>\n","protected":false},"author":25,"featured_media":103333,"parent":0,"menu_order":0,"comment_status":"closed","ping_status":"closed","template":"","meta":[],"acf":[],"_links":{"self":[{"href":"https:\/\/www.visitbratislava.com\/sk\/wp-json\/wp\/v2\/pages\/103931"}],"collection":[{"href":"https:\/\/www.visitbratislava.com\/sk\/wp-json\/wp\/v2\/pages"}],"about":[{"href":"https:\/\/www.visitbratislava.com\/sk\/wp-json\/wp\/v2\/types\/page"}],"author":[{"embeddable":true,"href":"https:\/\/www.visitbratislava.com\/sk\/wp-json\/wp\/v2\/users\/25"}],"replies":[{"embeddable":true,"href":"https:\/\/www.visitbratislava.com\/sk\/wp-json\/wp\/v2\/comments?post=103931"}],"version-history":[{"count":17,"href":"https:\/\/www.visitbratislava.com\/sk\/wp-json\/wp\/v2\/pages\/103931\/revisions"}],"predecessor-version":[{"id":296663,"href":"https:\/\/www.visitbratislava.com\/sk\/wp-json\/wp\/v2\/pages\/103931\/revisions\/296663"}],"wp:featuredmedia":[{"embeddable":true,"href":"https:\/\/www.visitbratislava.com\/sk\/wp-json\/wp\/v2\/media\/103333"}],"wp:attachment":[{"href":"https:\/\/www.visitbratislava.com\/sk\/wp-json\/wp\/v2\/media?parent=103931"}],"curies":[{"name":"wp","href":"https:\/\/api.w.org\/{rel}","templated":true}]}}