{"id":106317,"date":"2021-06-28T13:58:28","date_gmt":"2021-06-28T11:58:28","guid":{"rendered":"https:\/\/www.visitbratislava.com\/?page_id=106317"},"modified":"2025-02-18T09:48:33","modified_gmt":"2025-02-18T08:48:33","slug":"cyklovylety","status":"publish","type":"page","link":"https:\/\/www.visitbratislava.com\/sk\/cyklovylety\/","title":{"rendered":"Cyklov\u00fdlety po Bratislave a okol\u00ed"},"content":{"rendered":"<p><a class=\"cta-button\" href=\"https:\/\/www.visitbratislava.com\/wp-content\/uploads\/2022\/08\/brozura_DL_cyklo_SK_WEB.pdf\" target=\"_blank\" rel=\"noopener\">Bro\u017e\u00fara<\/a><\/p>\n<p><span style=\"font-size: 18pt;\"><strong>Nem\u00e1te bicykel? Nevad\u00ed!<\/strong><\/span><\/p>\n<p>Vysk\u00fa\u0161ajte syst\u00e9m bikesharing. V ponuke je viacero mo\u017enost\u00ed, vyberte si tak\u00fa, ktor\u00e1 V\u00e1m bude najviac vyhovova\u0165.<\/p>\n<p><a href=\"https:\/\/slovnaftbajk.sk\/\" target=\"_blank\" rel=\"noopener\"><img loading=\"lazy\" class=\"\" src=\"https:\/\/slovnaftbajk.sk\/media\/logo\/logo.png\" alt=\"logo_alt_tag\" width=\"118\" height=\"33\" \/><\/a>\u00a0 \u00a0 \u00a0 \u00a0 \u00a0 <a href=\"https:\/\/www.rekola.sk\/\" target=\"_blank\" rel=\"noopener\"><img loading=\"lazy\" class=\"alignnone\" src=\"https:\/\/lh3.googleusercontent.com\/W5CC4KWk2vSoeeso7VFBwkQ6IUDRF61rtOhLn8WcSsAbO777G7parkZgo58ue5Jj1kyg\" alt=\"Rekola - Apps on Google Play\" width=\"148\" height=\"72\" \/><\/a>\u00a0 \u00a0 \u00a0 \u00a0\u00a0 <a href=\"https:\/\/www.antiksmartway.sk\/sk\/\" target=\"_blank\" rel=\"noopener\"><img loading=\"lazy\" class=\"alignnone wp-image-262214\" src=\"https:\/\/www.visitbratislava.com\/wp-content\/uploads\/2023\/10\/smartway.png\" alt=\"\" width=\"158\" height=\"48\" srcset=\"https:\/\/www.visitbratislava.com\/wp-content\/uploads\/2023\/10\/smartway.png 273w, https:\/\/www.visitbratislava.com\/wp-content\/uploads\/2023\/10\/smartway-200x61.png 200w\" sizes=\"(max-width: 158px) 100vw, 158px\" \/><\/a><\/p>\n","protected":false},"excerpt":{"rendered":"<p>Bratislava pon\u00faka stovky kilometrov cyklotr\u00e1s. Za ikonick\u00fdmi poh\u013eadmi na Bratislavsk\u00fd hrad, Dunaj, mosty a katedr\u00e1ly sa vyberte na jeden z krat\u0161\u00edch mestsk\u00fdch okruhov. Ak v\u00e1s l\u00e1ka pokoj rieky a rovina, sk\u00faste trasy popri Dunaji a Morave. Pokia\u013e preferujete lesy, kopce, st\u00fapania a zjazdy, okruhy v Mal\u00fdch Karpatoch bud\u00fa pre v\u00e1s to prav\u00e9. <\/p>\n","protected":false},"author":25,"featured_media":40233,"parent":0,"menu_order":0,"comment_status":"closed","ping_status":"closed","template":"tpl-page-grid.php","meta":[],"acf":[],"_links":{"self":[{"href":"https:\/\/www.visitbratislava.com\/sk\/wp-json\/wp\/v2\/pages\/106317"}],"collection":[{"href":"https:\/\/www.visitbratislava.com\/sk\/wp-json\/wp\/v2\/pages"}],"about":[{"href":"https:\/\/www.visitbratislava.com\/sk\/wp-json\/wp\/v2\/types\/page"}],"author":[{"embeddable":true,"href":"https:\/\/www.visitbratislava.com\/sk\/wp-json\/wp\/v2\/users\/25"}],"replies":[{"embeddable":true,"href":"https:\/\/www.visitbratislava.com\/sk\/wp-json\/wp\/v2\/comments?post=106317"}],"version-history":[{"count":8,"href":"https:\/\/www.visitbratislava.com\/sk\/wp-json\/wp\/v2\/pages\/106317\/revisions"}],"predecessor-version":[{"id":328287,"href":"https:\/\/www.visitbratislava.com\/sk\/wp-json\/wp\/v2\/pages\/106317\/revisions\/328287"}],"wp:featuredmedia":[{"embeddable":true,"href":"https:\/\/www.visitbratislava.com\/sk\/wp-json\/wp\/v2\/media\/40233"}],"wp:attachment":[{"href":"https:\/\/www.visitbratislava.com\/sk\/wp-json\/wp\/v2\/media?parent=106317"}],"curies":[{"name":"wp","href":"https:\/\/api.w.org\/{rel}","templated":true}]}}