{"id":106325,"date":"2021-06-28T14:03:36","date_gmt":"2021-06-28T12:03:36","guid":{"rendered":"https:\/\/www.visitbratislava.com\/?page_id=106325"},"modified":"2024-02-15T16:00:35","modified_gmt":"2024-02-15T15:00:35","slug":"okruh-starym-mestom","status":"publish","type":"page","link":"https:\/\/www.visitbratislava.com\/sk\/cyklovylety\/okruh-starym-mestom\/","title":{"rendered":"Okruh Star\u00fdm Mestom"},"content":{"rendered":"<p>T\u00e1to trasa v\u00e1m uk\u00e1\u017ee, ak\u00e1 je Bratislava a jej identita. Ako modern\u00e1 doba pretvorila b\u00fdval\u00fd Pre\u0161porok. Ako komunistick\u00e1 totalita zmietla, \u010do jej st\u00e1lo v ceste za svetlej\u0161\u00edmi zajtraj\u0161kami. Ako Dunaj neprest\u00e1va plyn\u00fa\u0165 popod st\u00e1le kr\u00e1sne historick\u00e9 mesto.<\/p>\n<hr \/>\n<p><strong>Miesto \u0161tartu:<\/strong> N\u00e1mestie SNP<br \/>\n<strong>D\u013a\u017eka trasy:<\/strong> 7,6 km<br \/>\n<strong>\u010cas v\u00fdletu (s prest\u00e1vkami):<\/strong> 1-2 hod.<br \/>\n<strong>Reli\u00e9f:<\/strong> rovinat\u00fd<br \/>\n<strong>Povrch:<\/strong> 100% spevnen\u00fd<br \/>\n<strong>V prem\u00e1vke:<\/strong> 50%<br \/>\n<strong>N\u00e1ro\u010dnos\u0165:<\/strong> \u013eahk\u00e1<br \/>\n<strong>Bikesharing:<\/strong> \u00e1no<br \/>\n<a href=\"https:\/\/www.visitbratislava.com\/wp-content\/uploads\/2024\/02\/1-Okolo-Stareho-mesta.gpx\" target=\"_blank\" rel=\"noopener\">GPX s\u00fabor s trasou na stiahnutie<\/a><\/p>\n<hr \/>\n<p>Va\u0161a trasa za\u010d\u00edna a kon\u010d\u00ed na <strong>N\u00e1mest\u00ed SNP (A)<\/strong>. Tak ako tu symbolicky odzvonilo b\u00fdval\u00e9mu re\u017eimu a za\u010dali sme op\u00e4\u0165 na\u010d\u00fava\u0165 \u013eudu. Za p\u00f4vabnou Starou tr\u017enicou ob\u00eddete \u201eprv\u00fd mrakodrap\u201d Bratislavy, kultov\u00fd <strong>Manderl\u00e1k (B)<\/strong>. Na ok\u00e1zalom Hviezdoslavovom n\u00e1mest\u00ed sa pokochajte budovou Slovensk\u00e9ho n\u00e1rodn\u00e9ho divadla a <strong>Ganymedovou font\u00e1nou (C)<\/strong>. Na Rybnom n\u00e1mest\u00ed v\u00e1s na most vyprevad\u00ed <strong>Morov\u00fd st\u013ap (D)<\/strong>, pamiatka na epid\u00e9miu spred storo\u010d\u00ed.<\/p>\n<p>Dunaj prekro\u010d\u00edte vo ve\u013ekom \u0161t\u00fdle cez <strong>Most SNP (E)<\/strong>, je kontroverznou ikonou Bratislavy u\u017e polstoro\u010die. Za v\u00fdh\u013eadmi a k\u00e1vi\u010dkou sa vyvezte na jeho lietaj\u00faci tanier vzn\u00e1\u0161aj\u00faci sa 85 metrov nad zemou. Na druhom brehu sa nad\u00fdchajte v zelen\u00fdch p\u013e\u00facach mesta. <strong>Sad Janka Kr\u00e1\u013ea (F)<\/strong> ako jeden z najstar\u0161\u00edch parkov b\u00fdvalej monarchie skr\u00fdva aj stredovek\u00fa ve\u017eu a znamenia zverokruhu. Nasp\u00e4\u0165 do centra prejdite cez <strong>Star\u00fd most (G)<\/strong>. V\u00fdh\u013eady s\u00fa tu jedine\u010dn\u00e9.<\/p>\n<p>\u0160af\u00e1rikovo n\u00e1mestie je elegantn\u00fdm vstupom do Star\u00e9ho Mesta. Vn\u00edmajte kontrasty dekorovan\u00fdch budov monarchie s prvorepublikovou univerzitou a mrakodrapmi na v\u00fdchode. Za rohom v\u0161ak u\u017e stoj\u00ed rozko\u0161n\u00fd <strong>Modr\u00fd kostol\u00edk (H)<\/strong>, vrchol pre\u0161porskej secesie. Zjavn\u00fd kontrast k modernistickej architekt\u00fare obchodn\u00e9ho domu Prior na <strong>Kamennom n\u00e1mest\u00ed (I)<\/strong>!<\/p>\n<p>Jedine\u010dnou stavbou z obdobia socializmu je obr\u00e1ten\u00e1 pyram\u00edda <strong>Slovensk\u00e9ho rozhlasu (J)<\/strong>. Bl\u00edzkemu monument\u00e1lnemu <strong>N\u00e1mestiu slobody (K)<\/strong> dominuje font\u00e1na v tvare lipov\u00e9ho kvetu a okrem socialistick\u00e9ho o\u0161ia\u013eu naokolo aj \u00darad vl\u00e1dy, kedysi Letn\u00fd arcibiskupsk\u00fd pal\u00e1c. Pristavte sa aj pri font\u00e1ne Plan\u00e9ta mieru pred Prezidentsk\u00fdm pal\u00e1com na <strong>Hod\u017eovom n\u00e1mest\u00ed (L)<\/strong>. N\u00e1mestie SNP, cie\u013e va\u0161ej trasy, je odtia\u013eto u\u017e len na skok.<\/p>\n<p><em>Po kliknut\u00ed na \u201eZobrazi\u0165 na Mapy.cz\u201c v\u00a0mobile a\u00a0stiahnut\u00ed aplik\u00e1cie m\u00f4\u017eete vyu\u017ei\u0165 navig\u00e1ciu priamo na z\u00e1klade va\u0161ej polohy. \u0160\u0165astn\u00fa cestu!<\/em><\/p>\n<p><iframe style=\"border: none;\" src=\"https:\/\/sk.frame.mapy.cz\/s\/betotahuke\" width=\"800\" height=\"400\" frameborder=\"0\"><span data-mce-type=\"bookmark\" style=\"display: inline-block; width: 0px; overflow: hidden; line-height: 0;\" class=\"mce_SELRES_start\">\ufeff<\/span><\/iframe><\/p>\n","protected":false},"excerpt":{"rendered":"<p>Monarchia. Prv\u00e1 republika. Socializmus. S\u00fa\u010dasnos\u0165. Rieka. Parky. N\u00e1mestia. Font\u00e1ny. Obchodn\u00e9 domy. Ulice. Ste pripraven\u00ed odkry\u0165 v\u0161etky vrstvy dej\u00edn a priestoru mesta? <\/p>\n","protected":false},"author":25,"featured_media":106326,"parent":106317,"menu_order":0,"comment_status":"closed","ping_status":"closed","template":"","meta":[],"acf":[],"_links":{"self":[{"href":"https:\/\/www.visitbratislava.com\/sk\/wp-json\/wp\/v2\/pages\/106325"}],"collection":[{"href":"https:\/\/www.visitbratislava.com\/sk\/wp-json\/wp\/v2\/pages"}],"about":[{"href":"https:\/\/www.visitbratislava.com\/sk\/wp-json\/wp\/v2\/types\/page"}],"author":[{"embeddable":true,"href":"https:\/\/www.visitbratislava.com\/sk\/wp-json\/wp\/v2\/users\/25"}],"replies":[{"embeddable":true,"href":"https:\/\/www.visitbratislava.com\/sk\/wp-json\/wp\/v2\/comments?post=106325"}],"version-history":[{"count":6,"href":"https:\/\/www.visitbratislava.com\/sk\/wp-json\/wp\/v2\/pages\/106325\/revisions"}],"predecessor-version":[{"id":281014,"href":"https:\/\/www.visitbratislava.com\/sk\/wp-json\/wp\/v2\/pages\/106325\/revisions\/281014"}],"up":[{"embeddable":true,"href":"https:\/\/www.visitbratislava.com\/sk\/wp-json\/wp\/v2\/pages\/106317"}],"wp:featuredmedia":[{"embeddable":true,"href":"https:\/\/www.visitbratislava.com\/sk\/wp-json\/wp\/v2\/media\/106326"}],"wp:attachment":[{"href":"https:\/\/www.visitbratislava.com\/sk\/wp-json\/wp\/v2\/media?parent=106325"}],"curies":[{"name":"wp","href":"https:\/\/api.w.org\/{rel}","templated":true}]}}