{"id":106333,"date":"2021-06-28T14:06:33","date_gmt":"2021-06-28T12:06:33","guid":{"rendered":"https:\/\/www.visitbratislava.com\/?page_id=106333"},"modified":"2024-02-15T14:29:37","modified_gmt":"2024-02-15T13:29:37","slug":"dunajskou-promenadou","status":"publish","type":"page","link":"https:\/\/www.visitbratislava.com\/sk\/cyklovylety\/dunajskou-promenadou\/","title":{"rendered":"Dunajskou promen\u00e1dou"},"content":{"rendered":"<p>Na tejto trase objav\u00edte pohnut\u00fa hist\u00f3riu n\u00e1bre\u017en\u00fdch \u0161tvrt\u00ed, ich premeny, mosty, pl\u00e1\u017ee, parky a ikonick\u00e9 v\u00fdh\u013eady. \u010cak\u00e1 v\u00e1s nen\u00e1ro\u010dn\u00e1 jazda bez st\u00fapan\u00ed a prem\u00e1vky okolo kr\u00e1sneho modr\u00e9ho Dunaja!<\/p>\n<hr \/>\n<p><strong>D\u013a\u017eka trasy:<\/strong> 13,8 km<br \/>\n<strong>\u0160tart trasy:<\/strong> Rybn\u00e9 n\u00e1mestie<br \/>\n<strong>\u010cas v\u00fdletu (s prest\u00e1vkami):<\/strong> 2 hod.<br \/>\n<strong>Reli\u00e9f:<\/strong> rovinat\u00fd<br \/>\n<strong>Povrch:<\/strong> 97 % spevnen\u00fd, 3 % pr\u00edrodn\u00fd<br \/>\n<strong>V prem\u00e1vke:<\/strong> 10 %<br \/>\n<strong>N\u00e1ro\u010dnos\u0165:<\/strong> \u013eahk\u00e1<br \/>\n<strong>Bikesharing:<\/strong> \u00e1no<br \/>\n<a href=\"https:\/\/www.visitbratislava.com\/wp-content\/uploads\/2024\/02\/2-Okolo-Dunaja.gpx\" target=\"_blank\" rel=\"noopener\">GPX s\u00fabor s trasou na stiahnutie<\/a><\/p>\n<hr \/>\n<p>Z centra mesta v\u00e1s odprevad\u00ed majest\u00e1tny <strong>Most SNP (A)<\/strong>, \u0165a\u017eko si ho nev\u0161imn\u00fa\u0165. Mierite na z\u00e1pad promen\u00e1dou. Hrad sa t\u00fd\u010di na brale napravo, vody Dunaja plyn\u00fa v\u013eavo od v\u00e1s. <strong>Star\u00e1 Vydrica (B)<\/strong> a <strong>Zuckermandel (C)<\/strong> okrem nieko\u013ek\u00fdch historick\u00fdch domov s vodnou ve\u017eou ustupuj\u00fa novej \u00e9re. Minulos\u0165 na druhej strane pripom\u00edna e\u0161te mauz\u00f3leum zn\u00e1meho \u017eidovsk\u00e9ho rab\u00edna <strong>Chatama Sofera (D)<\/strong> a takmer zabudnut\u00fd <strong>Mikul\u00e1\u0161sky cintor\u00edn (E)<\/strong>. Prejdete modern\u00fdm <strong>River Parkom (F)<\/strong> a b\u00fdval\u00fdm PKO.<\/p>\n<p>Za mostom Lafranconi sa nechajte vtiahnu\u0165 pestrou fl\u00f3rou <strong>Botanickej z\u00e1hrady (G)<\/strong>. Vody Dunaja sa st\u00ed\u0161ia v zelenej o\u00e1ze Karlovesk\u00e9ho ramena. Najlep\u0161ie ju prec\u00edtite s poh\u00e1rom v ruke v kultovom <strong>Markovi Twainovi (H)<\/strong>. Po prekro\u010den\u00ed rieky na ju\u017en\u00fd breh cez <strong>most Lanfranconi (I)<\/strong> sa pod korunami stromov skr\u00fdvaj\u00fa panensk\u00e9 \u0161trkov\u00e9 pl\u00e1\u017ee <strong>Pe\u010dnianskej rivi\u00e9ry (J)<\/strong>. Toto je Dunaj vo svojej prirodzenosti, predt\u00fdm ako bol sp\u00fatan\u00fd mestsk\u00fdmi promen\u00e1dami.<\/p>\n<p>Nasp\u00e4\u0165 do centra mesta v\u00e1s privedie bet\u00f3nov\u00e1 cyklodia\u013enica. Pred Mostom SNP na\u013eavo si v\u0161imnite funkcionalistick\u00fd <strong>Slovensk\u00fd vesl\u00e1rsky klub v tvare lode (K)<\/strong>. Ten nemeck\u00fd ved\u013ea neho m\u00e1 u\u017e najlep\u0161ie \u010dasy za sebou. Za jednou z prv\u00fdch re\u0161taur\u00e1cii v\u00a0Bratislave, <strong>Leberfinger (L)<\/strong>, vpravo m\u00e1te n\u00e1dhern\u00fd park <strong>Sad Janka Kr\u00e1\u013ea (M)<\/strong>, v\u013eavo <strong>Tyr\u0161ovo n\u00e1bre\u017eie (N)<\/strong> s ve\u013ekolep\u00fdmi v\u00fdh\u013eadmi na mesto. Za elegantn\u00fdm <strong>divadlom Ar\u00e9na (O)<\/strong> prejdete popod Star\u00fd most a pomedzi lodenice a z\u00e1hrady, ktor\u00e9 onedlho ust\u00fapia novej v\u00fdstavbe.<\/p>\n<p>Dunaj op\u00e4\u0165 prekro\u010d\u00edte cez obl\u00fakov\u00fd <strong>Most Apollo (P)<\/strong>. Meno nesie po b\u00fdvalej rafin\u00e9rii. Priemyseln\u00fa z\u00f3nu tu vystriedali modern\u00e9 \u0161tvrte, kancel\u00e1rie a n\u00e1kupn\u00e9 centr\u00e1. Kontrast najnov\u0161ej architekt\u00fary s drsnos\u0165ou \u017eeriavov a obr\u00edch lod\u00ed v <strong>Zimnom pr\u00edstave (Q)<\/strong> je fascinuj\u00faci. <strong>N\u00e1mestiu M. R. \u0160tef\u00e1nika pri Eurovei (R)<\/strong> dominuje socha tohto velik\u00e1na, kupola Skladu \u010d. 7, polkruh novej budovy Slovensk\u00e9ho n\u00e1rodn\u00e9ho divadla a svie\u017ea promen\u00e1da.<\/p>\n<p><em>Po kliknut\u00ed na \u201eZobrazi\u0165 na Mapy.cz\u201c v\u00a0mobile a\u00a0stiahnut\u00ed aplik\u00e1cie m\u00f4\u017eete vyu\u017ei\u0165 navig\u00e1ciu priamo na z\u00e1klade va\u0161ej polohy. \u0160\u0165astn\u00fa cestu!<\/em><\/p>\n<p><iframe style=\"border: none;\" src=\"https:\/\/sk.frame.mapy.cz\/s\/gapofesuzu\" width=\"800\" height=\"400\" frameborder=\"0\"><\/iframe><\/p>\n","protected":false},"excerpt":{"rendered":"<p>Bratislava, kr\u00e1savica na Dunaji. Tak sa jej hovor\u00ed. Je tak\u00e1? Bratislavu a Dunaj sp\u00e1jaj\u00fa st\u00e1ro\u010dia udalost\u00ed. Rieka bola pre mesto hrozbou a darom z\u00e1rove\u0148.<\/p>\n","protected":false},"author":25,"featured_media":106334,"parent":106317,"menu_order":0,"comment_status":"closed","ping_status":"closed","template":"","meta":[],"acf":[],"_links":{"self":[{"href":"https:\/\/www.visitbratislava.com\/sk\/wp-json\/wp\/v2\/pages\/106333"}],"collection":[{"href":"https:\/\/www.visitbratislava.com\/sk\/wp-json\/wp\/v2\/pages"}],"about":[{"href":"https:\/\/www.visitbratislava.com\/sk\/wp-json\/wp\/v2\/types\/page"}],"author":[{"embeddable":true,"href":"https:\/\/www.visitbratislava.com\/sk\/wp-json\/wp\/v2\/users\/25"}],"replies":[{"embeddable":true,"href":"https:\/\/www.visitbratislava.com\/sk\/wp-json\/wp\/v2\/comments?post=106333"}],"version-history":[{"count":8,"href":"https:\/\/www.visitbratislava.com\/sk\/wp-json\/wp\/v2\/pages\/106333\/revisions"}],"predecessor-version":[{"id":280879,"href":"https:\/\/www.visitbratislava.com\/sk\/wp-json\/wp\/v2\/pages\/106333\/revisions\/280879"}],"up":[{"embeddable":true,"href":"https:\/\/www.visitbratislava.com\/sk\/wp-json\/wp\/v2\/pages\/106317"}],"wp:featuredmedia":[{"embeddable":true,"href":"https:\/\/www.visitbratislava.com\/sk\/wp-json\/wp\/v2\/media\/106334"}],"wp:attachment":[{"href":"https:\/\/www.visitbratislava.com\/sk\/wp-json\/wp\/v2\/media?parent=106333"}],"curies":[{"name":"wp","href":"https:\/\/api.w.org\/{rel}","templated":true}]}}