{"id":106341,"date":"2021-06-28T14:08:31","date_gmt":"2021-06-28T12:08:31","guid":{"rendered":"https:\/\/www.visitbratislava.com\/?page_id=106341"},"modified":"2024-02-15T16:08:22","modified_gmt":"2024-02-15T15:08:22","slug":"kopce-mesta-a-panoramy","status":"publish","type":"page","link":"https:\/\/www.visitbratislava.com\/sk\/cyklovylety\/kopce-mesta-a-panoramy\/","title":{"rendered":"Kopce mesta a panor\u00e1my"},"content":{"rendered":"<p>Objav\u00edte divok\u00fd Horsk\u00fd park, monument\u00e1lny pam\u00e4tn\u00edk Slav\u00edn a Bratislavsk\u00fd hrad.<\/p>\n<hr \/>\n<p><strong>Miesto \u0161tartu:<\/strong> Hod\u017eovo n\u00e1mestie<br \/>\n<strong>D\u013a\u017eka trasy:<\/strong> 6,7 km<br \/>\n<strong>\u010cas v\u00fdletu (s prest\u00e1vkami):<\/strong> 2 hod.<br \/>\n<strong>Reli\u00e9f:<\/strong> kopcovit\u00fd<br \/>\n<strong>Prev\u00fd\u0161enie:<\/strong> 175 m<br \/>\n<strong>Povrch:<\/strong> 100% spevnen\u00fd<br \/>\n<strong>V prem\u00e1vke:<\/strong> 73 %<br \/>\n<strong>N\u00e1ro\u010dnos\u0165:<\/strong> stredn\u00e1<br \/>\n<strong>Bikesharing:<\/strong> \u00e1no<br \/>\n<a href=\"https:\/\/www.visitbratislava.com\/wp-content\/uploads\/2024\/02\/3-Kopce-mesta-a-panoramy.gpx\" target=\"_blank\" rel=\"noopener\">GPX s\u00fabor s trasou na stiahnutie<\/a><\/p>\n<hr \/>\n<p>Trasa za\u010d\u00edna na <strong>Hod\u017eovom n\u00e1mest\u00ed (A)<\/strong> v\u00a0centre mesta. Palis\u00e1dy ved\u00face k Bratislavsk\u00e9mu hradu sa koncom 19. storo\u010dia stali v\u00fdkladnou skri\u0148ou pre\u0161porskej spolo\u010denskej smot\u00e1nky. Bohat\u00e9 me\u0161tianske domy v\u00e1s sprev\u00e1dzaj\u00fa aj bo\u010dn\u00fdmi uli\u010dkami.<\/p>\n<p>Na Hlbokej ceste neprehliadnete dve honosn\u00e9 budovy. B\u00fdval\u00e9 sanat\u00f3rium v\u013eavo bolo premenen\u00e9 na re\u0161taur\u00e1ciu a byty. Vpravo od neho sa t\u00fd\u010di elegantn\u00e1 budova z \u010derven\u00fdch teh\u00e1l z\u00e1kladnej \u0161koly, p\u00f4vodne <strong>sirotinec (B)<\/strong>. Tu za\u010d\u00edna st\u00fapanie bez prem\u00e1vky. Hlbok\u00e1 cesta bola vytesan\u00e1 do sk\u00e1l u\u017e v 15. storo\u010d\u00ed.<\/p>\n<p>Pri schodoch v skale vpravo od cesty nechajte bicykle a objavte zrejme najpokojnej\u0161ie miesto v Bratislave. <strong>Lurdsk\u00e1 jasky\u0148a (C)<\/strong> bola v b\u00fdvalom kame\u0148olome zalo\u017een\u00e1 v roku 1889 miestnou gr\u00f3fkou po n\u00e1v\u0161teve L\u00fard.<\/p>\n<p>Osvie\u017ete sa v legend\u00e1rnej kr\u010dme <strong>Funus (D)<\/strong> alebo v \u00fatulnej <strong>Hor\u00e1rni Horsk\u00fd park (E)<\/strong> k\u00fasok \u010falej. N\u00e1jdete tu aj kozi\u010dky, gal\u00e9riu v pr\u00edrode oproti a ticho lesa najdivokej\u0161ieho parku Bratislavy. Novosvetskou ulicou sa dostanete k pam\u00e4tn\u00edku padl\u00fdch sovietskych vojakov <strong>Slav\u00edn (F)<\/strong>. V\u00fdh\u013eady na v\u00fdchod a juh s\u00fa v\u00fdnimo\u010dn\u00e9. Bicykel v\u0161ak nechajte pri vstupe.<\/p>\n<p>Pokra\u010dujte s panor\u00e1mou Hradu v\u013eavo od v\u00e1s. Z Radvanskej sa v\u00e1m otvoria <strong>nov\u00e9 poh\u013eady (G)<\/strong> na z\u00e1pad, Dunaj a\u00a0Rak\u00fasko. K <strong>Bratislavsk\u00e9mu hradu (H)<\/strong> je to dolu kopcom. Bicykel zamknite pred parlamentom a vyberte sa pe\u0161o na jeho terasu \u010di do hradn\u00e9ho are\u00e1lu za v\u00fdh\u013eadmi na rieku a Star\u00e9 Mesto.<\/p>\n<p>Do mesta zost\u00fapte popri hradn\u00fdch hradb\u00e1ch. Dajte pozor na chodcov a ma\u010dacie hlavy. Sp\u00e4t na \u0161tart pr\u00eddete \u017didovskou ulicou s poh\u013eadom na majest\u00e1tny <strong>D\u00f3m sv. Martina (I), <\/strong>hradby mesta a <strong>kapuc\u00ednsky kl\u00e1\u0161tor (J)<\/strong>.<\/p>\n<p><em>Po kliknut\u00ed na \u201eZobrazi\u0165 na Mapy.cz\u201c v\u00a0mobile a\u00a0stiahnut\u00ed aplik\u00e1cie m\u00f4\u017eete vyu\u017ei\u0165 navig\u00e1ciu priamo na z\u00e1klade va\u0161ej polohy. \u0160\u0165astn\u00fa cestu!<\/em><\/p>\n<p><iframe style=\"border: none;\" src=\"https:\/\/sk.frame.mapy.cz\/s\/huzomofafu\" width=\"800\" height=\"400\" frameborder=\"0\"><span data-mce-type=\"bookmark\" style=\"display: inline-block; width: 0px; overflow: hidden; line-height: 0;\" class=\"mce_SELRES_start\">\ufeff<\/span><\/iframe><\/p>\n","protected":false},"excerpt":{"rendered":"<p>Ak v\u00e1s l\u00e1ka pozrie\u0165 sa na Bratislavu z v\u00fd\u0161ky a neboj\u00edte sa kopcov, t\u00e1to trasa je pre v\u00e1s. Len p\u00e1r uli\u010diek a v\u00fd\u0161kov\u00fdch metrov nad centrom mesta na v\u00e1s \u010dakaj\u00fa pokojn\u00e9 \u0161tvrte s v\u00fdh\u013eadmi a mno\u017estvom zelene. <\/p>\n","protected":false},"author":25,"featured_media":106342,"parent":106317,"menu_order":0,"comment_status":"closed","ping_status":"closed","template":"","meta":[],"acf":[],"_links":{"self":[{"href":"https:\/\/www.visitbratislava.com\/sk\/wp-json\/wp\/v2\/pages\/106341"}],"collection":[{"href":"https:\/\/www.visitbratislava.com\/sk\/wp-json\/wp\/v2\/pages"}],"about":[{"href":"https:\/\/www.visitbratislava.com\/sk\/wp-json\/wp\/v2\/types\/page"}],"author":[{"embeddable":true,"href":"https:\/\/www.visitbratislava.com\/sk\/wp-json\/wp\/v2\/users\/25"}],"replies":[{"embeddable":true,"href":"https:\/\/www.visitbratislava.com\/sk\/wp-json\/wp\/v2\/comments?post=106341"}],"version-history":[{"count":5,"href":"https:\/\/www.visitbratislava.com\/sk\/wp-json\/wp\/v2\/pages\/106341\/revisions"}],"predecessor-version":[{"id":281017,"href":"https:\/\/www.visitbratislava.com\/sk\/wp-json\/wp\/v2\/pages\/106341\/revisions\/281017"}],"up":[{"embeddable":true,"href":"https:\/\/www.visitbratislava.com\/sk\/wp-json\/wp\/v2\/pages\/106317"}],"wp:featuredmedia":[{"embeddable":true,"href":"https:\/\/www.visitbratislava.com\/sk\/wp-json\/wp\/v2\/media\/106342"}],"wp:attachment":[{"href":"https:\/\/www.visitbratislava.com\/sk\/wp-json\/wp\/v2\/media?parent=106341"}],"curies":[{"name":"wp","href":"https:\/\/api.w.org\/{rel}","templated":true}]}}