{"id":106349,"date":"2021-06-28T14:09:34","date_gmt":"2021-06-28T12:09:34","guid":{"rendered":"https:\/\/www.visitbratislava.com\/?page_id=106349"},"modified":"2024-02-15T16:11:50","modified_gmt":"2024-02-15T15:11:50","slug":"petrzalsky-okruh","status":"publish","type":"page","link":"https:\/\/www.visitbratislava.com\/sk\/cyklovylety\/petrzalsky-okruh\/","title":{"rendered":"Petr\u017ealsk\u00fd okruh"},"content":{"rendered":"<p>Na trase objav\u00edte aj monument\u00e1lne umenie, opusten\u00fd vojensk\u00fd bunker a najv\u00e4\u010d\u0161ie slne\u010dn\u00e9 hodiny na Slovensku.<\/p>\n<hr \/>\n<p><strong>Miesto \u0161tartu:<\/strong> \u0160af\u00e1rikovo n\u00e1mestie<br \/>\n<strong>D\u013a\u017eka trasy:<\/strong> 14,5 km<br \/>\n<strong>\u010cas v\u00fdletu (s prest\u00e1vkami):<\/strong> 2 hod.<br \/>\n<strong>Reli\u00e9f:<\/strong> rovinat\u00fd<br \/>\n<strong>Povrch:<\/strong> 100% spevnen\u00fd<br \/>\n<strong>V prem\u00e1vke:<\/strong> 8 %<br \/>\n<strong>N\u00e1ro\u010dnos\u0165:<\/strong> \u013eahk\u00e1<br \/>\n<strong>Bikesharing:<\/strong> \u00e1no<br \/>\n<a href=\"https:\/\/www.visitbratislava.com\/wp-content\/uploads\/2024\/02\/4-Petrzaslky-okruh.gpx\" target=\"_blank\" rel=\"noopener\">GPX s\u00fabor s trasou na stiahnutie<\/a><\/p>\n<hr \/>\n<p>Prav\u00fd breh Dunaja je ako placka, nezapot\u00edte sa. Za <strong>Star\u00fdm mostom (A)<\/strong> v\u00e1s povedie pr\u00edrodn\u00e9 srdce Petr\u017ealky, <strong>Chorv\u00e1tske rameno (B)<\/strong>. H\u013eadajte \u017eaby, ryby, bobry. Za l\u00e1vkou na druh\u00fa stranu si odbo\u010dte z navig\u00e1cie cez les\u00edk k jedinej existuj\u00facej monument\u00e1lnej <strong>ma\u013ebe \u201eMier\u201d (C)<\/strong> na stene panel\u00e1ku s rozlohou 450 m<sup>2<\/sup>. P\u00f4vodn\u00e9 dielo z roku 1985 oproti DK Zrkadlov\u00fd h\u00e1j bolo po zateplen\u00ed obnoven\u00e9 v\u010faka miestnym aktivistom.<\/p>\n<p>Po 2 kilometroch \u010falej na juh za petr\u017ealsk\u00fdm \u201emrakodrapom\u201d Technopol a modern\u00fdm <strong>Kostolom Sv. Rodiny (D)<\/strong> zbad\u00e1te ve\u013ek\u00fa vodn\u00fa plochu. <strong>Ve\u013ek\u00fd Dra\u017ediak (E)<\/strong> vznikol ako \u0161trkovisko pri v\u00fdstavbe s\u00eddliska a dnes je so svojimi pl\u00e1\u017eami a \u010distou vodou pr\u00edjemn\u00fdm miestom na osvie\u017eenie sa. Zastavte sa aj v bufete na lango\u0161 a kofolu, pivo \u010di klob\u00e1su.<\/p>\n<p>K\u00fasok za jazerom a obrou nemocnicou Antolsk\u00e1 na pravej strane ramena sa v krov\u00ed skr\u00fdva kus bet\u00f3nu, a to nie hocijak\u00e9ho. Mas\u00edvny <strong>bunker BS-13 \u201eStoh\u201c (F)<\/strong> bol postaven\u00fd \u010deskoslovenskou arm\u00e1dou pred druhou svetovou vojnou ako s\u00fa\u010das\u0165 opevnenia Bratislavy, ke\u010f hitlerovsk\u00e9 Nemecko za\u010dalo vyt\u0155\u010da\u0165 paz\u00fary. Hoci napokon zostal st\u00e1\u0165 bez boja, odv\u00e1\u017enym sa oplat\u00ed nakukn\u00fa\u0165.<\/p>\n<p>\u010ealej popri ramene sa napoj\u00edte na petr\u017ealsk\u00fa hr\u00e1dzu. T\u00e1to cyklodia\u013enica Bratislavy v\u00e1s dovedie smerom na sever sp\u00e4\u0165 do centra. E\u0161te predt\u00fdm v\u0161ak pod Pr\u00edstavn\u00fdm mostom odbo\u010dte do\u013eava k <strong>Slne\u010dn\u00fdm hodin\u00e1m (G)<\/strong> pri Ekonomickej univerzite. Najv\u00e4\u010d\u0161ie u n\u00e1s, \u010das od siedmej r\u00e1no do piatej ve\u010der ukazuj\u00fa u\u017e od roku 1986. Ak si chcete potr\u00e9nova\u0165 ruky, m\u00f4\u017eete ich aj preliez\u0165, sl\u00fa\u017eia toti\u017e aj ako origin\u00e1lna lezeck\u00e1 stena.<\/p>\n<p>Od hod\u00edn po hr\u00e1dzi a cez Star\u00fd most je to u\u017e len k\u00fasok sp\u00e4\u0165 do centra mesta. In\u00fd svet. Bet\u00f3nov\u00e1 d\u017eung\u013ea v\u0161ak ost\u00e1va jednou z v\u00fdrazn\u00fdch ident\u00edt Bratislavy. A bicykluje sa tu v\u00fdborne.<\/p>\n<p><em>Po kliknut\u00ed na \u201eZobrazi\u0165 na Mapy.cz\u201c v\u00a0mobile a\u00a0stiahnut\u00ed aplik\u00e1cie m\u00f4\u017eete vyu\u017ei\u0165 navig\u00e1ciu priamo na z\u00e1klade va\u0161ej polohy. \u0160\u0165astn\u00fa cestu!<\/em><\/p>\n<p><iframe style=\"border: none;\" src=\"https:\/\/sk.frame.mapy.cz\/s\/jedagodaje\" width=\"800\" height=\"400\" frameborder=\"0\"><span data-mce-type=\"bookmark\" style=\"display: inline-block; width: 0px; overflow: hidden; line-height: 0;\" class=\"mce_SELRES_start\">\ufeff<\/span><\/iframe><\/p>\n","protected":false},"excerpt":{"rendered":"<p>Bet\u00f3n a d\u017eung\u013ea. Panel\u00e1ky a divo\u010dina. Na juh od centra n\u00e1jdete vzru\u0161uj\u00face kontrasty. Vydajte sa naprie\u010d najv\u00e4\u010d\u0161\u00edm socialistick\u00fdm s\u00eddliskom v b\u00fdvalom \u010ceskoslovensku, ktor\u00e9 obtek\u00e1 majest\u00e1tny Dunaj. Petr\u017ealka, to nie s\u00fa len bytovky.<\/p>\n","protected":false},"author":25,"featured_media":106350,"parent":106317,"menu_order":0,"comment_status":"closed","ping_status":"closed","template":"","meta":[],"acf":[],"_links":{"self":[{"href":"https:\/\/www.visitbratislava.com\/sk\/wp-json\/wp\/v2\/pages\/106349"}],"collection":[{"href":"https:\/\/www.visitbratislava.com\/sk\/wp-json\/wp\/v2\/pages"}],"about":[{"href":"https:\/\/www.visitbratislava.com\/sk\/wp-json\/wp\/v2\/types\/page"}],"author":[{"embeddable":true,"href":"https:\/\/www.visitbratislava.com\/sk\/wp-json\/wp\/v2\/users\/25"}],"replies":[{"embeddable":true,"href":"https:\/\/www.visitbratislava.com\/sk\/wp-json\/wp\/v2\/comments?post=106349"}],"version-history":[{"count":7,"href":"https:\/\/www.visitbratislava.com\/sk\/wp-json\/wp\/v2\/pages\/106349\/revisions"}],"predecessor-version":[{"id":281020,"href":"https:\/\/www.visitbratislava.com\/sk\/wp-json\/wp\/v2\/pages\/106349\/revisions\/281020"}],"up":[{"embeddable":true,"href":"https:\/\/www.visitbratislava.com\/sk\/wp-json\/wp\/v2\/pages\/106317"}],"wp:featuredmedia":[{"embeddable":true,"href":"https:\/\/www.visitbratislava.com\/sk\/wp-json\/wp\/v2\/media\/106350"}],"wp:attachment":[{"href":"https:\/\/www.visitbratislava.com\/sk\/wp-json\/wp\/v2\/media?parent=106349"}],"curies":[{"name":"wp","href":"https:\/\/api.w.org\/{rel}","templated":true}]}}