{"id":106357,"date":"2021-06-28T14:10:54","date_gmt":"2021-06-28T12:10:54","guid":{"rendered":"https:\/\/www.visitbratislava.com\/?page_id=106357"},"modified":"2024-02-15T16:23:42","modified_gmt":"2024-02-15T15:23:42","slug":"zelezna-opona-a-bunkre","status":"publish","type":"page","link":"https:\/\/www.visitbratislava.com\/sk\/cyklovylety\/zelezna-opona-a-bunkre\/","title":{"rendered":"\u017delezn\u00e1 opona a bunkre"},"content":{"rendered":"<p>Dnes v\u00e1s povedie popri Dunaji cez lu\u017en\u00e9 lesy a po\u013eami na z\u00e1padnom okraji Bratislavy.<\/p>\n<hr \/>\n<p><strong>Miesto \u0161tartu:<\/strong> \u0160af\u00e1rikovo n\u00e1mestie<br \/>\n<strong>D\u013a\u017eka trasy:<\/strong> 18,5 km<br \/>\n<strong>\u010cas v\u00fdletu (s prest\u00e1vkami):<\/strong> 2 hod.<br \/>\n<strong>Reli\u00e9f:<\/strong> rovinat\u00fd<br \/>\n<strong>Povrch:<\/strong> 95 % spevnen\u00fd, 5 % pr\u00edrodn\u00fd<br \/>\n<strong>V prem\u00e1vke:<\/strong> 0 %<br \/>\n<strong>N\u00e1ro\u010dnos\u0165:<\/strong> \u013eahk\u00e1<br \/>\n<strong>Bikesharing:<\/strong> \u00e1no<br \/>\n<a href=\"https:\/\/www.visitbratislava.com\/wp-content\/uploads\/2024\/02\/5-Zelezna-opona-a-bunkre.gpx\" target=\"_blank\" rel=\"noopener\">GPX s\u00fabor s trasou na stiahnutie<\/a><\/p>\n<hr \/>\n<p>Okruh za\u010d\u00edna na \u0160af\u00e1rikovom n\u00e1mest\u00ed v centre mesta. Na druhom brehu obklopen\u00ed zele\u0148ou <strong>Sadu Janka Kr\u00e1\u013ea (A)<\/strong> a Tyr\u0161ovho n\u00e1bre\u017eia pokra\u010dujte popod Most SNP. Bet\u00f3nov\u00e1 cyklodia\u013enica v\u00e1s privedie k Mostu Lanfranconi. Odbo\u010d\u00edte do d\u017eungl\u00ed lu\u017en\u00e9ho lesa k pl\u00e1\u017eam <strong>Pe\u010dnianskej rivi\u00e9ry (B).<\/strong> Oplat\u00ed sa k nim odbo\u010di\u0165 jedn\u00fdm z lesn\u00fdch chodn\u00ed\u010dkov. Prv\u00fd z 15 vojensk\u00fdch bunkrov obrannej l\u00ednie proti hitlerovsk\u00e9mu Nemecku uvid\u00edte k\u00fasok za pl\u00e1\u017eami priamo pri ceste.<\/p>\n<p>Divok\u00e9 vn\u00fatro <strong>bunkra BS-1 \u201e\u0160t\u011brkovi\u0161te\u201c (C)<\/strong> je v\u0161ak len pre dobrodru\u017enej\u0161ie povahy. E\u0161te p\u00e1r sto metrov a u\u017e putujete popri hranici s Rak\u00faskom. Obdobie pokusov o \u00fatek na Z\u00e1pad pripom\u00edna <strong>uk\u00e1\u017eka ostnat\u00e9ho dr\u00f4tu s informa\u010dnou tabu\u013eou (D)<\/strong>. Odbo\u010dka do\u013eava za \u0148ou v\u00e1s privedie k <strong>bunkru BS-4 \u201eL\u00e1ny\u201c (E)<\/strong>. Nad\u0161enci tu robia aj pr\u00edle\u017eitostn\u00e9 prehliadky. Prekr\u00ed\u017eite cestu pred <strong>hrani\u010dn\u00fdm priechodom do Rak\u00faska (F)<\/strong> a pokra\u010dujte po\u013eami popri hranici \u010falej.<\/p>\n<p>Pri symbolickom kameni, kde m\u00f4\u017eete st\u00e1\u0165 ka\u017edou nohou v inej krajine, z\u00e1jdite k druh\u00e9mu opraven\u00e9mu <strong>bunkru s m\u00fazeom BS-8 \u201eH\u0159bitov\u201c (G)<\/strong> odkazuj\u00facemu na tunaj\u0161\u00ed vojensk\u00fd cintor\u00edn z \u010dias prvej svetovej vojny. V are\u00e1li n\u00e1jdete aj uk\u00e1\u017eku hranice z \u010dias \u017eeleznej opony, protitankov\u00fa bari\u00e9ru a uk\u00e1\u017eku vojensk\u00e9ho krytu. Pred hrani\u010dnou zna\u010dkou Slovensko\/Bratislava sa zastavte pri <strong>pam\u00e4tn\u00edku Hartmuta Tautza (H)<\/strong>, \u0161tudentovi z v\u00fdchodn\u00e9ho Nemecka, ktor\u00fd tu v roku 1986 zahynul pri pokuse o \u00fatek na vysnen\u00fd Z\u00e1pad.<\/p>\n<p>Do centra mesta sa vr\u00e1tite cyklochodn\u00edkom na Kop\u010dianskej ulici. B\u00fdval\u00e1 priemyseln\u00e1 \u0161tvr\u0165 postupne ustupuje modernej v\u00fdstavbe. Pri \u017eelezni\u010dnej stanici Petr\u017ealka si v\u0161imnite <strong>historick\u00fd dom postaven\u00fd koncom 19. storo\u010dia met\u00f3dou \u201eFachwerk\u201c (I)<\/strong>, patril majite\u013eovi tov\u00e1rne na smalt. Odtia\u013eto pokra\u010dujete pr\u00edjemnou cyklotrasou <strong>\u201epetr\u017ealsk\u00e9ho korza\u201c (J)<\/strong>. Pri Moste SNP sa napoj\u00edte na Viedensk\u00fa cestu a cez Star\u00fd most sa vr\u00e1tite sp\u00e4\u0165 na \u0160af\u00e1rikovo n\u00e1mestie.<\/p>\n<p><em>Po kliknut\u00ed na \u201eZobrazi\u0165 na Mapy.cz\u201c v\u00a0mobile a\u00a0stiahnut\u00ed aplik\u00e1cie m\u00f4\u017eete vyu\u017ei\u0165 navig\u00e1ciu priamo na z\u00e1klade va\u0161ej polohy. \u0160\u0165astn\u00fa cestu!<\/em><\/p>\n<p><iframe style=\"border: none;\" src=\"https:\/\/sk.frame.mapy.cz\/s\/defuvucuvo\" width=\"800\" height=\"400\" frameborder=\"0\"><\/iframe><\/p>\n","protected":false},"excerpt":{"rendered":"<p>Mas\u00edvne bet\u00f3nov\u00e9 bunkre ako m\u013akvi svedkovia obdobia druhej svetovej vojny st\u00e1le obop\u00ednaj\u00fa Bratislavu. Ostnat\u00e9 dr\u00f4ty \u017eeleznej opony u\u017e pripom\u00edna len mal\u00e1 uk\u00e1\u017eka a asfaltov\u00e1 cesti\u010dka pre pohrani\u010dn\u00edkov. <\/p>\n","protected":false},"author":25,"featured_media":106358,"parent":106317,"menu_order":0,"comment_status":"closed","ping_status":"closed","template":"","meta":[],"acf":[],"_links":{"self":[{"href":"https:\/\/www.visitbratislava.com\/sk\/wp-json\/wp\/v2\/pages\/106357"}],"collection":[{"href":"https:\/\/www.visitbratislava.com\/sk\/wp-json\/wp\/v2\/pages"}],"about":[{"href":"https:\/\/www.visitbratislava.com\/sk\/wp-json\/wp\/v2\/types\/page"}],"author":[{"embeddable":true,"href":"https:\/\/www.visitbratislava.com\/sk\/wp-json\/wp\/v2\/users\/25"}],"replies":[{"embeddable":true,"href":"https:\/\/www.visitbratislava.com\/sk\/wp-json\/wp\/v2\/comments?post=106357"}],"version-history":[{"count":6,"href":"https:\/\/www.visitbratislava.com\/sk\/wp-json\/wp\/v2\/pages\/106357\/revisions"}],"predecessor-version":[{"id":281024,"href":"https:\/\/www.visitbratislava.com\/sk\/wp-json\/wp\/v2\/pages\/106357\/revisions\/281024"}],"up":[{"embeddable":true,"href":"https:\/\/www.visitbratislava.com\/sk\/wp-json\/wp\/v2\/pages\/106317"}],"wp:featuredmedia":[{"embeddable":true,"href":"https:\/\/www.visitbratislava.com\/sk\/wp-json\/wp\/v2\/media\/106358"}],"wp:attachment":[{"href":"https:\/\/www.visitbratislava.com\/sk\/wp-json\/wp\/v2\/media?parent=106357"}],"curies":[{"name":"wp","href":"https:\/\/api.w.org\/{rel}","templated":true}]}}