{"id":106365,"date":"2021-06-28T14:11:55","date_gmt":"2021-06-28T12:11:55","guid":{"rendered":"https:\/\/www.visitbratislava.com\/?page_id=106365"},"modified":"2024-02-15T16:31:22","modified_gmt":"2024-02-15T15:31:22","slug":"po-hradzi-k-danubiane","status":"publish","type":"page","link":"https:\/\/www.visitbratislava.com\/sk\/cyklovylety\/po-hradzi-k-danubiane\/","title":{"rendered":"Po hr\u00e1dzi k Danubiane"},"content":{"rendered":"<p>Dunajsk\u00e1 hr\u00e1dza v\u00e1s z centra povedie popri lesoch, l\u00fakach a brehoch k in\u0161piruj\u00facemu M\u00fazeu modern\u00e9ho umenia Danubiana obm\u00fdvan\u00e9ho vodami ve\u013etoku. Tie prebr\u00e1zdite kompou a nasp\u00e4\u0165 do mesta v\u00e1s povedie druh\u00fd breh.<\/p>\n<hr \/>\n<p><strong>Miesto \u0161tartu:<\/strong> \u0160af\u00e1rikovo n\u00e1mestie<br \/>\n<strong>D\u013a\u017eka trasy:<\/strong> 40,8 km<br \/>\n<strong>\u010cas v\u00fdletu (s prest\u00e1vkami):<\/strong> 4 hod.<br \/>\n<strong>Reli\u00e9f:<\/strong> rovinat\u00fd<br \/>\n<strong>Povrch:<\/strong> 100 % spevnen\u00fd<br \/>\n<strong>V prem\u00e1vke:<\/strong> 10 %<br \/>\n<strong>N\u00e1ro\u010dnos\u0165:<\/strong> stredn\u00e1<br \/>\n<strong>Bikesharing:<\/strong> \u00e1no<br \/>\n<a href=\"https:\/\/www.visitbratislava.com\/wp-content\/uploads\/2024\/02\/6-Po-hradzi-k-Danubiane-1-cast.gpx\" target=\"_blank\" rel=\"noopener\">GPX s\u00fabor s trasou na stiahnutie \/ 1. \u010das\u0165 trasy<\/a><br \/>\n<a href=\"https:\/\/www.visitbratislava.com\/wp-content\/uploads\/2024\/02\/6-Po-hradzi-k-Danubiana-2-cast.gpx\" target=\"_blank\" rel=\"noopener\">GPX s\u00fabor s trasou na stiahnutie \/ 2. \u010das\u0165 trasy<\/a><\/p>\n<hr \/>\n<p>Z centra prejdete ponad Dunaj cez <strong>Star\u00fd most (A)<\/strong> a napoj\u00edte sa na petr\u017ealsk\u00fa hr\u00e1dzu. Presvi\u0161t\u00edte popod Most Apollo a Pr\u00edstavn\u00fd most. Za n\u00edm sa otv\u00e1ra priestor l\u00fak a \u0161trkov\u00fdch pl\u00e1\u017e\u00ed s v\u00fdh\u013eadom na industri\u00e1lne <strong>kom\u00edny rafin\u00e9rie (B)<\/strong> . Za divo\u010dinou odbo\u010dte cez polostrov Star\u00fd h\u00e1j k opusten\u00e9mu vojensk\u00e9mu bunkru BS-15. Op\u00fa\u0161\u0165ate mesto a po \u013eavej strane v\u00e1s cesti\u010dky prived\u00fa k m\u0155tvym ramen\u00e1m s <strong>hausb\u00f3tmi najr\u00f4znej\u0161\u00edch \u0161t\u00fdlov (C)<\/strong>.<\/p>\n<p>Objav\u00edte aj mohutn\u00fa n\u00e1dr\u017e Ve\u013ek\u00fd Zemn\u00edk dlh\u00fa viac ako 2 kilometre? Za najnov\u0161\u00edm bratislavsk\u00fdm mostom sa osvie\u017ete v jednom z bufetov. Za nimi do\u013eava sa dostanete na pekn\u00fa asfaltku popri Dunaji, bli\u017e\u0161ie k vode sa u\u017e ned\u00e1. Doprava pr\u00eddete k priezra\u010dn\u00e9mu <strong>Rusovsk\u00e9mu jazeru (D)<\/strong> , k\u00fasku d\u017eungle pri meste. Pri \u010cunove sa pokochajte poh\u013eadom na roz\u013eahl\u00fa hladinu <strong>Zdr\u017ee Hru\u0161ov (E)<\/strong> . <strong>Vodn\u00e1 elektr\u00e1re\u0148 (F)<\/strong> a Vodn\u00e9 dielo Gab\u010d\u00edkovo pred rokmi premenilo tunaj\u0161iu dunajsk\u00fa krajinu a mas\u00edvne z\u00e1sobuje Slovensko energiou.<\/p>\n<p>Za are\u00e1lom vodn\u00fdch \u0161portov v\u00e1s u\u017e v\u00edta modern\u00e1 stavba <strong>m\u00fazea Danubiana (G)<\/strong> v tvare lode na o\u010daruj\u00facom polostrove. Fascinuj\u00face spojenie modern\u00e9ho umenia a vodn\u00e9ho \u017eivlu v\u00f4kol.<br \/>\nNa druh\u00fd breh do Hamuliakova v\u00e1s prevezie cyklokompa z <strong>ne\u010falek\u00e9ho pr\u00edstavu (H)<\/strong>. \u010cas prem\u00e1vky kompy n\u00e1jdete na www.yachter.sk\/cyk-lokompa. Pr\u00edpadne sa vr\u00e1\u0165te sp\u00e4\u0165 rovnakou trasou alebo autobusom \u010d. 90.<\/p>\n<p>Z Hamuliakova do centra putujete op\u00e4\u0165 popri vode obklopen\u00ed zele\u0148ou. Zastavte sa pri <strong>pozorovate\u013eni vt\u00e1ctva Duna pri Kalinkove (I)<\/strong> alebo v jednom z bufetov popri hr\u00e1dzi. Mesto v\u00e1s uv\u00edta mas\u00edvnymi \u017eeriavmi a<strong> lo\u010fami v pr\u00edstave (J)<\/strong>. Za Mostom Apollo sa u\u017e ocitnete pri <strong>n\u00e1kupnom centre Eurovea (K)<\/strong> v ruchu mesta.<\/p>\n<p><em>Po kliknut\u00ed na \u201eZobrazi\u0165 na Mapy.cz\u201c v\u00a0mobile a\u00a0stiahnut\u00ed aplik\u00e1cie m\u00f4\u017eete vyu\u017ei\u0165 navig\u00e1ciu priamo na z\u00e1klade va\u0161ej polohy. \u0160\u0165astn\u00fa cestu!<\/em><\/p>\n<p><iframe style=\"border: none;\" src=\"https:\/\/sk.frame.mapy.cz\/s\/kekokasote\" width=\"800\" height=\"400\" frameborder=\"0\"><\/iframe><\/p>\n","protected":false},"excerpt":{"rendered":"<p>Popri kr\u00e1snom modrom Dunaji cez lu\u017en\u00e9 lesy na polostrov umenia. Napojte sa na cyklodia\u013enicu Bratislavy a objavte pr\u00edrodn\u00e9 z\u00e1kutia popri nej. <\/p>\n","protected":false},"author":25,"featured_media":106366,"parent":106317,"menu_order":0,"comment_status":"closed","ping_status":"closed","template":"","meta":[],"acf":[],"_links":{"self":[{"href":"https:\/\/www.visitbratislava.com\/sk\/wp-json\/wp\/v2\/pages\/106365"}],"collection":[{"href":"https:\/\/www.visitbratislava.com\/sk\/wp-json\/wp\/v2\/pages"}],"about":[{"href":"https:\/\/www.visitbratislava.com\/sk\/wp-json\/wp\/v2\/types\/page"}],"author":[{"embeddable":true,"href":"https:\/\/www.visitbratislava.com\/sk\/wp-json\/wp\/v2\/users\/25"}],"replies":[{"embeddable":true,"href":"https:\/\/www.visitbratislava.com\/sk\/wp-json\/wp\/v2\/comments?post=106365"}],"version-history":[{"count":8,"href":"https:\/\/www.visitbratislava.com\/sk\/wp-json\/wp\/v2\/pages\/106365\/revisions"}],"predecessor-version":[{"id":281029,"href":"https:\/\/www.visitbratislava.com\/sk\/wp-json\/wp\/v2\/pages\/106365\/revisions\/281029"}],"up":[{"embeddable":true,"href":"https:\/\/www.visitbratislava.com\/sk\/wp-json\/wp\/v2\/pages\/106317"}],"wp:featuredmedia":[{"embeddable":true,"href":"https:\/\/www.visitbratislava.com\/sk\/wp-json\/wp\/v2\/media\/106366"}],"wp:attachment":[{"href":"https:\/\/www.visitbratislava.com\/sk\/wp-json\/wp\/v2\/media?parent=106365"}],"curies":[{"name":"wp","href":"https:\/\/api.w.org\/{rel}","templated":true}]}}