{"id":106381,"date":"2021-06-28T14:14:43","date_gmt":"2021-06-28T12:14:43","guid":{"rendered":"https:\/\/www.visitbratislava.com\/?page_id=106381"},"modified":"2024-02-15T16:41:23","modified_gmt":"2024-02-15T15:41:23","slug":"do-lesov-a-vinic","status":"publish","type":"page","link":"https:\/\/www.visitbratislava.com\/sk\/cyklovylety\/do-lesov-a-vinic\/","title":{"rendered":"Do lesov a vin\u00edc"},"content":{"rendered":"<p>V r\u00e1mci Bratislavy je vinohradn\u00edctvo st\u00e1le \u017eiv\u00e9, najm\u00e4 v Ra\u010di. Vyberte sa sem za ochutn\u00e1vkou z centra mesta cez p\u00f4vabn\u00e9 vinice a karpatsk\u00e9 lesy s pekn\u00fdmi v\u00fdh\u013eadmi na mesto.<\/p>\n<hr \/>\n<p><strong>Miesto \u0161tartu:<\/strong> Park Ra\u010dianske m\u00fdto<br \/>\n<strong>D\u013a\u017eka trasy:<\/strong> 22,2 km<br \/>\n<strong>\u010cas v\u00fdletu (s prest\u00e1vkami):<\/strong> 3 hod.<br \/>\n<strong>Reli\u00e9f:<\/strong> kopcovit\u00fd, prev\u00fd\u0161enie 370 m<br \/>\n<strong>Povrch:<\/strong> 95 % spevnen\u00fd, 5 % pr\u00edrodn\u00fd<br \/>\n<strong>V prem\u00e1vke:<\/strong> 50 %<br \/>\n<strong>N\u00e1ro\u010dnos\u0165:<\/strong> \u0165a\u017ek\u00e1<br \/>\n<strong>Bikesharing:<\/strong> nie<br \/>\n<a href=\"https:\/\/www.visitbratislava.com\/wp-content\/uploads\/2024\/02\/8-Do-lesov-a-vinic.gpx\" target=\"_blank\" rel=\"noopener\">GPX s\u00fabor s trasou na stiahnutie<\/a><\/p>\n<hr \/>\n<p>Trasa za\u010d\u00edna v parku pri <strong>Ra\u010dianskom m\u00fdte (A)<\/strong>. Dnes ru\u0161n\u00fd dopravn\u00fd uzol, v minulosti vinohradn\u00edcke dom\u010deky, sady, z\u00e1hrady, majere a cintor\u00edn. V\u0161imnite si pestros\u0165 tunaj\u0161ej architekt\u00fary &#8211; socialistick\u00fd realizmus, funkcionalizmus aj rondokubizmus. Za parkom na severnej strane uvid\u00edte ru\u017eov\u00e9 fas\u00e1dy prv\u00e9ho panelov\u00e9ho s\u00eddliska v Bratislave \u201eFebru\u00e1rka\u201c. Z Pionierskej a ponad \u017eeleznicu prejdete k novej \u0161tvrti, ktorej tunaj\u0161ie vinohrady u\u017e ustupuj\u00fa. Pred podjazdom zo Slia\u010dskej odbo\u010dte do\u013eava k z\u00e1hrad\u00e1m a vinohradom.<\/p>\n<p>Cyklocesta v\u00e1s \u010falej popri trati privedie k Peknej ceste. Ak sa v\u00e1m nechce do kopcov, pokra\u010dujte rovno po cyklotrase do Ra\u010de. Do lesov Karp\u00e1t odbo\u010dte do\u013eava. Obklopen\u00ed chl\u00e1dkom lesa st\u00fapate <strong>k hor\u00e1rni (B)<\/strong>. Za \u0148ou sa vyberte doprava a po 800 metroch sa zastavte pri skalnom \u00fatvare <strong>Kamenn\u00e9 tv\u00e1re (C)<\/strong> . Za v\u00fdh\u013eadmi ponad koruny stromov si \u010falej m\u00f4\u017eete vybehn\u00fa\u0165 do\u013eava po modrej zna\u010dke k v\u00fdh\u013eadov\u00e9mu miestu <strong>Mal\u00e1 Ba\u0148a (D)<\/strong>. P\u00e1r kopcov hore-dole a ste pri b\u00fdvalej ly\u017eiarskej <strong>zjazdovke Slalomka (E)<\/strong>.<\/p>\n<p>Do <strong>Ra\u010de (F)<\/strong> je to u\u017e dole kopcom pekn\u00fdm lesn\u00fdm \u00fadol\u00edm a pomedzi rodinn\u00e9 domy. Vychutnajte si zasl\u00fa\u017een\u00fd poh\u00e1rik miestneho v\u00edna v jednej z tradi\u010dn\u00fdch vin\u00e1rn\u00ed. Nasp\u00e4\u0165 do stredu Bratislavy sa vydajte pomedzi p\u00f4vabn\u00e9 vin\u00e1rske dom\u010deky na Alstrovej a cez vinice sp\u00e4\u0165 k Peknej ceste a rovnakou cestou na Ra\u010dianske m\u00fdto. Ak po ochutn\u00e1vke v\u00edna u\u017e nevl\u00e1dzete, odvezte sa sp\u00e4\u0165 do centra mesta elektri\u010dkou. Popri trase je to na zast\u00e1vku v\u017edy len k\u00fasok.<\/p>\n<p><em>Po kliknut\u00ed na \u201eZobrazi\u0165 na Mapy.cz\u201c v\u00a0mobile a\u00a0stiahnut\u00ed aplik\u00e1cie m\u00f4\u017eete vyu\u017ei\u0165 navig\u00e1ciu priamo na z\u00e1klade va\u0161ej polohy. \u0160\u0165astn\u00fa cestu!<\/em><\/p>\n<p><iframe style=\"border: none;\" src=\"https:\/\/sk.frame.mapy.cz\/s\/rekolopuve\" width=\"800\" height=\"400\" frameborder=\"0\"><span data-mce-type=\"bookmark\" style=\"display: inline-block; width: 0px; overflow: hidden; line-height: 0;\" class=\"mce_SELRES_start\">\ufeff<\/span><\/iframe><\/p>\n","protected":false},"excerpt":{"rendered":"<p>V Bratislave je v\u00edno v\u017edy na dosah. Aj poh\u013ead zo stredu mesta na lesnat\u00e9 kopce prezrad\u00ed p\u00e1sy vinohradov. Dedinky a meste\u010dk\u00e1 na juhov\u00fdchodn\u00fdch svahoch Mal\u00fdch Karp\u00e1t s\u00fa sp\u00e4t\u00e9 s hist\u00f3riou v\u00fdroby v\u00edna po st\u00e1ro\u010dia. <\/p>\n","protected":false},"author":25,"featured_media":106382,"parent":106317,"menu_order":0,"comment_status":"closed","ping_status":"closed","template":"","meta":[],"acf":[],"_links":{"self":[{"href":"https:\/\/www.visitbratislava.com\/sk\/wp-json\/wp\/v2\/pages\/106381"}],"collection":[{"href":"https:\/\/www.visitbratislava.com\/sk\/wp-json\/wp\/v2\/pages"}],"about":[{"href":"https:\/\/www.visitbratislava.com\/sk\/wp-json\/wp\/v2\/types\/page"}],"author":[{"embeddable":true,"href":"https:\/\/www.visitbratislava.com\/sk\/wp-json\/wp\/v2\/users\/25"}],"replies":[{"embeddable":true,"href":"https:\/\/www.visitbratislava.com\/sk\/wp-json\/wp\/v2\/comments?post=106381"}],"version-history":[{"count":6,"href":"https:\/\/www.visitbratislava.com\/sk\/wp-json\/wp\/v2\/pages\/106381\/revisions"}],"predecessor-version":[{"id":281038,"href":"https:\/\/www.visitbratislava.com\/sk\/wp-json\/wp\/v2\/pages\/106381\/revisions\/281038"}],"up":[{"embeddable":true,"href":"https:\/\/www.visitbratislava.com\/sk\/wp-json\/wp\/v2\/pages\/106317"}],"wp:featuredmedia":[{"embeddable":true,"href":"https:\/\/www.visitbratislava.com\/sk\/wp-json\/wp\/v2\/media\/106382"}],"wp:attachment":[{"href":"https:\/\/www.visitbratislava.com\/sk\/wp-json\/wp\/v2\/media?parent=106381"}],"curies":[{"name":"wp","href":"https:\/\/api.w.org\/{rel}","templated":true}]}}