{"id":106389,"date":"2021-06-28T14:16:22","date_gmt":"2021-06-28T12:16:22","guid":{"rendered":"https:\/\/www.visitbratislava.com\/?page_id=106389"},"modified":"2024-02-15T16:44:11","modified_gmt":"2024-02-15T15:44:11","slug":"kopcami-karpat","status":"publish","type":"page","link":"https:\/\/www.visitbratislava.com\/sk\/cyklovylety\/kopcami-karpat\/","title":{"rendered":"Kopcami Karp\u00e1t"},"content":{"rendered":"<p>Vyberte sa do srdca karpatskej pr\u00edrody a vychutnajte si plynul\u00e9 st\u00fapania \u00fadoliami \u010di radostn\u00e9 zjazdy. Objavte to najdivokej\u0161ie, \u010do Bratislava pon\u00faka.<\/p>\n<hr \/>\n<p><strong>Miesto \u0161tartu:<\/strong> \u010cerven\u00fd most<br \/>\n<strong>D\u013a\u017eka trasy:<\/strong> 29,6 km<br \/>\n<strong>\u010cas v\u00fdletu (s prest\u00e1vkami):<\/strong> 3 hod.<br \/>\n<strong>Reli\u00e9f:<\/strong> kopcovit\u00fd, prev\u00fd\u0161enie 500 m<br \/>\n<strong>Povrch:<\/strong> 70 % spevnen\u00fd, 30 % pr\u00edrodn\u00fd<br \/>\n<strong>V prem\u00e1vke:<\/strong> 0 %<br \/>\n<strong>N\u00e1ro\u010dnos\u0165:<\/strong> \u0165a\u017ek\u00e1<br \/>\n<strong>Bikesharing:<\/strong> nie<br \/>\n<a href=\"https:\/\/www.visitbratislava.com\/wp-content\/uploads\/2024\/02\/9-Kopcami-Karpat.gpx\" target=\"_blank\" rel=\"noopener\">GPX s\u00fabor s trasou na stiahnutie<\/a><\/p>\n<hr \/>\n<p>Trasa za\u010d\u00edna pod \u010cerven\u00fdm mostom na za\u010diatku rekrea\u010dnej lokality \u017delezn\u00e1 studni\u010dka. Z centra sa sem dostanete na bicykli Hlbokou cestou alebo Mlynskou dolinou. Pr\u00edpadne sa sem odvezte trolejbusmi 47, 42 alebo vlakom z hlavnej stanice. Parkovisko b\u00fdva najm\u00e4 cez v\u00edkendy dos\u0165 pln\u00e9. <strong>Partiz\u00e1nska l\u00faka (A)<\/strong> je ob\u013e\u00faben\u00fdm miestom, n\u00e1jdete tu rybn\u00edky, bufet, amfite\u00e1ter, ihrisk\u00e1 \u010di dokonca historick\u00fd tank. Hore \u00fadol\u00edm pr\u00eddete k \u010fal\u0161\u00edm <strong>dvom rybn\u00edkom (B)<\/strong>.<\/p>\n<p>U\u017e od stredoveku tu boli vodn\u00e9 mlyny, od 19. storo\u010dia ob\u013e\u00faben\u00e9 k\u00fapele s re\u0161taur\u00e1ciami, v\u00fdletn\u00e9 miesto Pre\u0161por\u00e1kov. <strong>Sne\u017eienka (C)<\/strong> je ve\u013ek\u00e1 l\u00faka a doln\u00e1 stanica lanovky, ktorou sa m\u00f4\u017eete vyviez\u0165 na Kamz\u00edk aj s bicyklom. \u00dadol\u00edm plynulo st\u00fapate asfaltkou, m\u00ed\u0148ate l\u00fa\u010dky, alt\u00e1nky, studni\u010dky s pitnou vodou, rybn\u00edky a opusten\u00e9 kame\u0148olomy. Osvie\u017ete sa v<strong> bufete U Slivu (D)<\/strong>. Odtia\u013eto s\u00fa st\u00fapania n\u00e1ro\u010dnej\u0161ie. Ak sa v\u00e1m zacnie za v\u00ednom alebo civliz\u00e1ciou, m\u00e1te tu nieko\u013eko mo\u017enost\u00ed z\u00eds\u0165 do Ra\u010de alebo Krasnian.<\/p>\n<p>Kopce z\u00e1vere\u010dn\u00e9ho \u00faseku za<strong> \u010cerven\u00fdm kr\u00ed\u017eom (E)<\/strong> daj\u00fa zabra\u0165, ale odmenu v lokalite <strong>Biely kr\u00ed\u017e (F)<\/strong> si vychutn\u00e1te. L\u00faka, dva bufety a hor\u00e1re\u0148, u\u017e kultov\u00e9 miesto bratislavsk\u00fdch cyklistov. Cesta sp\u00e4\u0165 je dobrodru\u017enej\u0161ia. Z Bieleho kr\u00ed\u017ea na Ka\u010d\u00edn p\u00f4jdete lesnou cestou s pr\u00edrodn\u00fdm povrchom. Tu si vychutn\u00e1te tiahle zjazdy <strong>\u00fadol\u00edm Vydrice (G)<\/strong>, mal\u00fd brod, most\u00edky, popadan\u00e9 kon\u00e1re a oddychov\u00fa z\u00f3nu s pam\u00e4tn\u00edkom Mal\u00fd Slav\u00edn. <strong>Z Ka\u010d\u00edna (H)<\/strong> sa u\u017e zveziete op\u00e4\u0165 po asfaltke na \u017delezn\u00fa studni\u010dku a sp\u00e4\u0165 k \u010cerven\u00e9mu mostu.<\/p>\n<p><em>Po kliknut\u00ed na \u201eZobrazi\u0165 na Mapy.cz\u201c v\u00a0mobile a\u00a0stiahnut\u00ed aplik\u00e1cie m\u00f4\u017eete vyu\u017ei\u0165 navig\u00e1ciu priamo na z\u00e1klade va\u0161ej polohy. \u0160\u0165astn\u00fa cestu!<\/em><\/p>\n<p><iframe style=\"border: none;\" src=\"https:\/\/sk.frame.mapy.cz\/s\/nucobatudu\" width=\"800\" height=\"400\" frameborder=\"0\"><\/iframe><\/p>\n","protected":false},"excerpt":{"rendered":"<p>Z Bratislavy do pr\u00edrody je to na skok. Domy s\u00fa vrasten\u00e9 do zelen\u00fdch kopcov mal\u00fdch Karp\u00e1t. Pohorie je neoddelite\u013enou s\u00fa\u010das\u0165ou panor\u00e1my mesta. Tunaj\u0161ie lesy kri\u017euj\u00fa desiatky kilometrov skvel\u00fdch cyklotr\u00e1s. <\/p>\n","protected":false},"author":25,"featured_media":106390,"parent":106317,"menu_order":0,"comment_status":"closed","ping_status":"closed","template":"","meta":[],"acf":[],"_links":{"self":[{"href":"https:\/\/www.visitbratislava.com\/sk\/wp-json\/wp\/v2\/pages\/106389"}],"collection":[{"href":"https:\/\/www.visitbratislava.com\/sk\/wp-json\/wp\/v2\/pages"}],"about":[{"href":"https:\/\/www.visitbratislava.com\/sk\/wp-json\/wp\/v2\/types\/page"}],"author":[{"embeddable":true,"href":"https:\/\/www.visitbratislava.com\/sk\/wp-json\/wp\/v2\/users\/25"}],"replies":[{"embeddable":true,"href":"https:\/\/www.visitbratislava.com\/sk\/wp-json\/wp\/v2\/comments?post=106389"}],"version-history":[{"count":6,"href":"https:\/\/www.visitbratislava.com\/sk\/wp-json\/wp\/v2\/pages\/106389\/revisions"}],"predecessor-version":[{"id":281041,"href":"https:\/\/www.visitbratislava.com\/sk\/wp-json\/wp\/v2\/pages\/106389\/revisions\/281041"}],"up":[{"embeddable":true,"href":"https:\/\/www.visitbratislava.com\/sk\/wp-json\/wp\/v2\/pages\/106317"}],"wp:featuredmedia":[{"embeddable":true,"href":"https:\/\/www.visitbratislava.com\/sk\/wp-json\/wp\/v2\/media\/106390"}],"wp:attachment":[{"href":"https:\/\/www.visitbratislava.com\/sk\/wp-json\/wp\/v2\/media?parent=106389"}],"curies":[{"name":"wp","href":"https:\/\/api.w.org\/{rel}","templated":true}]}}