{"id":106397,"date":"2021-06-28T14:18:56","date_gmt":"2021-06-28T12:18:56","guid":{"rendered":"https:\/\/www.visitbratislava.com\/?page_id=106397"},"modified":"2024-02-15T16:49:37","modified_gmt":"2024-02-15T15:49:37","slug":"okolo-devinskej-kobyly","status":"publish","type":"page","link":"https:\/\/www.visitbratislava.com\/sk\/cyklovylety\/okolo-devinskej-kobyly\/","title":{"rendered":"Okolo Dev\u00ednskej Kobyly"},"content":{"rendered":"<p>Na tejto dobrodru\u017enej trase si u\u017eijete jazdu po lesn\u00fdch cest\u00e1ch, strm\u00e9 st\u00fapania a zjazdy. Vychutnajte si v\u0161ak aj majest\u00e1tny hrad Dev\u00edn a jeho \u010darovn\u00e9 okolie.<\/p>\n<hr \/>\n<p><strong>Miesto \u0161tartu:<\/strong> Karlova Ves, Dlh\u00e9 diely, kone\u010dn\u00e1 autobusov 32, 33<br \/>\n<strong>D\u013a\u017eka trasy:<\/strong> 19,8 km (bez raketovej z\u00e1kladne na Dev\u00ednskej Kobyle)<br \/>\n<strong>\u010cas v\u00fdletu (s prest\u00e1vkami):<\/strong> 3 hod.<br \/>\n<strong>Reli\u00e9f:<\/strong> kopcovit\u00fd<br \/>\n<strong>Povrch:<\/strong> 40 % spevnen\u00fd, 60 % pr\u00edrodn\u00fd<br \/>\n<strong>V prem\u00e1vke:<\/strong> 20 %<br \/>\n<strong>N\u00e1ro\u010dnos\u0165:<\/strong> \u0165a\u017ek\u00e1<br \/>\n<strong>Bikesharing:<\/strong> nie<br \/>\n<a href=\"https:\/\/www.visitbratislava.com\/wp-content\/uploads\/2024\/02\/10-Okolo-Devinskej-Kobyly.gpx\" target=\"_blank\" rel=\"noopener\">GPX s\u00fabor s trasou na stiahnutie<\/a><\/p>\n<hr \/>\n<p>Trasa za\u010d\u00edna na vrchu s\u00eddliska Dlh\u00e9 diely v Karlovej Vsi. Asfaltka za chv\u00ed\u013eu kon\u010d\u00ed a vy pokra\u010dujete lesnou cestou s miernymi prev\u00fd\u0161eniami. Pred <strong>D\u00fabravskou hlavicou (A)<\/strong> sa op\u00e4\u0165 napoj\u00edte na asfaltku, ktor\u00e1 v\u00e1s plynul\u00fdm st\u00fapan\u00edm privedie a\u017e na vrchol Dev\u00ednskej Kobyly (514 m n. m.). Ak preferujete pr\u00edrodn\u00fd povrch, paralelne popri asfaltke vedie aj lesn\u00fd chodn\u00edk. Navig\u00e1cia v\u00e1s pred bet\u00f3nov\u00fdm vstupom do objektu b\u00fdvalej raketovej z\u00e1kladne nab\u00e1da odbo\u010di\u0165 doprava do lesa.<\/p>\n<p>Vy pokra\u010dujte \u010falej po asfaltke do strm\u00e9ho kopca tak vysoko, ako sa len d\u00e1. Ak ste zvedav\u00e1 povaha, nahliadnite aj do opusten\u00fdch <strong>bet\u00f3nov\u00fdch s\u00edl, bunkrov a kas\u00e1rn\u00ed poved\u013ea (B)<\/strong>. Postavila ich \u010ceskoslovensk\u00e1 \u013eudov\u00e1 arm\u00e1da v \u010dase studenej vojny s cie\u013eom obr\u00e1ni\u0165 mesto pred raketami zo Z\u00e1padu. <strong>Vyhliadkov\u00e1 ve\u017ea (C)<\/strong> na vrchole v tvare modlivky v\u00e1m poskytne n\u00e1dhern\u00e9 poh\u013eady na Bratislavu, Mal\u00e9 Karpaty, Dunaj, rieku Moravu a Rak\u00fasko. S pomocou navig\u00e1cie v\u00e1s \u010dak\u00e1 strm\u00fd zjazd zachoval\u00fdm bukov\u00fdm lesom a jazda lesnou cestou z\u00e1padn\u00fdm podhor\u00edm Dev\u00ednskej Kobyly.<\/p>\n<p>Pomedz<strong>i vinohrady (D)<\/strong> a nov\u00fa vilov\u00fa \u0161tvr\u0165 z\u00eddete do Dev\u00edna. Ak ste zat\u00fa\u017eili po ob\u010derstven\u00ed alebo hist\u00f3rii, odvezte sa a\u017e k <strong>hradu Dev\u00edn (E)<\/strong>, kde toto v\u0161etko n\u00e1jdete. Za z\u00e1hradami <strong>osady Gron\u00e1re (F)<\/strong> op\u00e4\u0165 st\u00fapate do karpatsk\u00fdch lesov. Z\u00e1vere\u010dn\u00fd \u00fasek trasy cez strm\u00e9 st\u00fapania a \u00fadolia v\u00e1m d\u00e1 zabra\u0165, ale v\u00fdh\u013eady z pr\u00edrodnej l\u00faky <strong>Kr\u00e1\u013eova hora (G)<\/strong> nad Dlh\u00fdmi dielmi stoja za to. Zo s\u00eddliska si u\u017e vychutn\u00e1te zjazd k Dunaju, ktor\u00e9ho n\u00e1bre\u017eie v\u00e1s povedie do centra mesta.<\/p>\n<p><em>Po kliknut\u00ed na \u201eZobrazi\u0165 na Mapy.cz\u201c v\u00a0mobile a\u00a0stiahnut\u00ed aplik\u00e1cie m\u00f4\u017eete vyu\u017ei\u0165 navig\u00e1ciu priamo na z\u00e1klade va\u0161ej polohy. \u0160\u0165astn\u00fa cestu!<\/em><\/p>\n<p><iframe style=\"border: none;\" src=\"https:\/\/sk.frame.mapy.cz\/s\/matukujona\" width=\"800\" height=\"400\" frameborder=\"0\"><\/iframe><\/p>\n","protected":false},"excerpt":{"rendered":"<p>Ak\u00fd je v\u00fdh\u013ead z najvy\u0161\u0161ieho vrchu Bratislavy? Dev\u00ednska kobyla je mohutn\u00fd zalesnen\u00fd kopec s unik\u00e1tnou vyhliadkovou ve\u017eou. Jeho vrchol skr\u00fdva tajomn\u00e9 vojensk\u00e9 objekty opustenej raketovej z\u00e1kladne. <\/p>\n","protected":false},"author":25,"featured_media":106398,"parent":106317,"menu_order":0,"comment_status":"closed","ping_status":"closed","template":"","meta":[],"acf":[],"_links":{"self":[{"href":"https:\/\/www.visitbratislava.com\/sk\/wp-json\/wp\/v2\/pages\/106397"}],"collection":[{"href":"https:\/\/www.visitbratislava.com\/sk\/wp-json\/wp\/v2\/pages"}],"about":[{"href":"https:\/\/www.visitbratislava.com\/sk\/wp-json\/wp\/v2\/types\/page"}],"author":[{"embeddable":true,"href":"https:\/\/www.visitbratislava.com\/sk\/wp-json\/wp\/v2\/users\/25"}],"replies":[{"embeddable":true,"href":"https:\/\/www.visitbratislava.com\/sk\/wp-json\/wp\/v2\/comments?post=106397"}],"version-history":[{"count":6,"href":"https:\/\/www.visitbratislava.com\/sk\/wp-json\/wp\/v2\/pages\/106397\/revisions"}],"predecessor-version":[{"id":281044,"href":"https:\/\/www.visitbratislava.com\/sk\/wp-json\/wp\/v2\/pages\/106397\/revisions\/281044"}],"up":[{"embeddable":true,"href":"https:\/\/www.visitbratislava.com\/sk\/wp-json\/wp\/v2\/pages\/106317"}],"wp:featuredmedia":[{"embeddable":true,"href":"https:\/\/www.visitbratislava.com\/sk\/wp-json\/wp\/v2\/media\/106398"}],"wp:attachment":[{"href":"https:\/\/www.visitbratislava.com\/sk\/wp-json\/wp\/v2\/media?parent=106397"}],"curies":[{"name":"wp","href":"https:\/\/api.w.org\/{rel}","templated":true}]}}