{"id":108869,"date":"2021-07-23T12:47:46","date_gmt":"2021-07-23T10:47:46","guid":{"rendered":"https:\/\/www.visitbratislava.com\/?page_id=108869"},"modified":"2021-08-11T16:13:29","modified_gmt":"2021-08-11T14:13:29","slug":"bratislavske-korunovacne-dni-2021","status":"publish","type":"page","link":"https:\/\/www.visitbratislava.com\/sk\/bratislavske-korunovacne-dni-2021\/","title":{"rendered":"Bratislavsk\u00e9 korunova\u010dn\u00e9 dni 2021"},"content":{"rendered":"","protected":false},"excerpt":{"rendered":"<p>Od 13. do 15. augusta Bratislava o\u017eije sl\u00e1vnou kr\u00e1\u013eovskou minulos\u0165ou, kedy sa po\u010das Bratislavsk\u00fdch korunova\u010dn\u00fdch dn\u00ed n\u00e1v\u0161tevn\u00edci, ako aj dom\u00e1ci m\u00f4\u017eu te\u0161i\u0165 na korunova\u010dn\u00fd sprievod, rytiersky turnaj \u010di prehliadky.<\/p>\n","protected":false},"author":25,"featured_media":110919,"parent":0,"menu_order":0,"comment_status":"closed","ping_status":"closed","template":"tpl-page-grid.php","meta":[],"acf":[],"_links":{"self":[{"href":"https:\/\/www.visitbratislava.com\/sk\/wp-json\/wp\/v2\/pages\/108869"}],"collection":[{"href":"https:\/\/www.visitbratislava.com\/sk\/wp-json\/wp\/v2\/pages"}],"about":[{"href":"https:\/\/www.visitbratislava.com\/sk\/wp-json\/wp\/v2\/types\/page"}],"author":[{"embeddable":true,"href":"https:\/\/www.visitbratislava.com\/sk\/wp-json\/wp\/v2\/users\/25"}],"replies":[{"embeddable":true,"href":"https:\/\/www.visitbratislava.com\/sk\/wp-json\/wp\/v2\/comments?post=108869"}],"version-history":[{"count":10,"href":"https:\/\/www.visitbratislava.com\/sk\/wp-json\/wp\/v2\/pages\/108869\/revisions"}],"predecessor-version":[{"id":110896,"href":"https:\/\/www.visitbratislava.com\/sk\/wp-json\/wp\/v2\/pages\/108869\/revisions\/110896"}],"wp:featuredmedia":[{"embeddable":true,"href":"https:\/\/www.visitbratislava.com\/sk\/wp-json\/wp\/v2\/media\/110919"}],"wp:attachment":[{"href":"https:\/\/www.visitbratislava.com\/sk\/wp-json\/wp\/v2\/media?parent=108869"}],"curies":[{"name":"wp","href":"https:\/\/api.w.org\/{rel}","templated":true}]}}