{"id":109579,"date":"2021-07-30T11:11:22","date_gmt":"2021-07-30T09:11:22","guid":{"rendered":"https:\/\/www.visitbratislava.com\/?page_id=109579"},"modified":"2021-08-09T14:51:19","modified_gmt":"2021-08-09T12:51:19","slug":"prehliadky-pocas-bratislavskych-korunovacnych-dni","status":"publish","type":"page","link":"https:\/\/www.visitbratislava.com\/sk\/bratislavske-korunovacne-dni-2021\/prehliadky-pocas-bratislavskych-korunovacnych-dni\/","title":{"rendered":"Prehliadky po\u010das Bratislavsk\u00fdch korunova\u010dn\u00fdch dn\u00ed"},"content":{"rendered":"<h2>PO STOP\u00c1CH KORUNOV\u00c1CI\u00cd<\/h2>\n<p>Tematick\u00e9 prehliadky venovan\u00e9 sl\u00e1vnej korunova\u010dnej hist\u00f3rii mesta. Prevedieme v\u00e1s najv\u00fdznamnej\u0161\u00edmi miestami spojen\u00fdmi s korunova\u010dn\u00fdm ceremoni\u00e1lom uhorsk\u00fdch kr\u00e1\u013eov a ich man\u017eeliek. \u00da\u010das\u0165 na prehliadkach je bezplatn\u00e1.<\/p>\n<h3>Program<\/h3>\n<p><strong>Piatok 13. augusta<\/strong><\/p>\n<ul>\n<li>17:00 Prehliadka <em>Korunov\u00e1cia M\u00e1rie Ter\u00e9zie\u00a0<\/em>v slovenskom jazyku<\/li>\n<\/ul>\n<p><strong>Sobota 14. augusta<\/strong><\/p>\n<p>V slovenskom jazyku:<\/p>\n<ul>\n<li>11:00 Prehliadka <em>Po stop\u00e1ch korunov\u00e1ci\u00ed<\/em><\/li>\n<li>17:00\u00a0 Prehliadka <em>Po stop\u00e1ch korunov\u00e1ci\u00ed<\/em><\/li>\n<\/ul>\n<p><strong>Miesto stretnutia<\/strong>: pri Viedenskej br\u00e1ne na Bratislavskom hrade<br \/>\n<strong>Max. po\u010det os\u00f4b:<\/strong> 30<br \/>\n<strong>Trasa<\/strong>: Bratislavsk\u00fd hrad \u2013 Beblav\u00e9ho ulica \u2013 \u00a0Rudnayovo n\u00e1mestie (<em>D\u00f3m sv. Martina<\/em>) \u2013 Kapitulsk\u00e1 ulica \u2013 Prepo\u0161tsk\u00e1 \u2013 Vent\u00farska \u2013 Sedl\u00e1rska \u2013 Hlavn\u00e9 n\u00e1mestie \u2013 Franti\u0161k\u00e1nske n\u00e1mestie \u2013 Michalsk\u00e1 ulica<\/p>\n<p>V ostatn\u00fdch jazykoch:<\/p>\n<ul>\n<li>14:00 Prehliadka <em>Po stop\u00e1ch korunov\u00e1ci\u00ed<\/em> v nemeckom jazyku<\/li>\n<li>14:00\u00a0 Prehliadka <em>Po stop\u00e1ch korunov\u00e1ci\u00ed<\/em> v anglickom jazyku<\/li>\n<li>13:00 Prehliadka <em>Po stop\u00e1ch korunov\u00e1ci\u00ed<\/em> v ma\u010farskom jazyku<\/li>\n<li>13:00 Prehliadka <em>Po stop\u00e1ch korunov\u00e1ci\u00ed<\/em> v ruskom jazyku<\/li>\n<\/ul>\n<p><strong>Miesto stretnutia<\/strong>: pred hlavn\u00fdm vstupom do D\u00f3mu sv. Martina<br \/>\n<strong>Max. po\u010det os\u00f4b:<\/strong> 30<br \/>\n<strong>Trasa<\/strong>: Rudnayovo n\u00e1mestie \u2013 Prepo\u0161tsk\u00e1 \u2013 Vent\u00farska \u2013 Sedl\u00e1rska \u2013 Hlavn\u00e9 n\u00e1mestie \u2013 Franti\u0161k\u00e1nske n\u00e1mestie \u2013 Biela \u2013 Michalsk\u00e1 \u2013 Kapuc\u00ednska \u2013 Z\u00e1mock\u00e1 \u2013 Bratislavsk\u00fd hrad<\/p>\n<p><strong>Nede\u013ea 15. augusta<\/strong><\/p>\n<ul>\n<li>10:30 Prehliadka <em>Po stop\u00e1ch korunov\u00e1ci\u00ed<\/em> v slovenskom jazyku<\/li>\n<\/ul>\n<p><strong>Miesto stretnutia<\/strong>: pred hlavn\u00fdm vstupom do D\u00f3mu sv. Martina<br \/>\n<strong>Max. po\u010det os\u00f4b:<\/strong> 30<br \/>\n<strong>Trasa: \u00a0<\/strong>D\u00f3m sv. Martina \u2013 Kapitulsk\u00e1 \u00a0\u2013 Prepo\u0161tsk\u00e1 \u2013 Vent\u00farska \u2013 Sedl\u00e1rska \u2013 Hlavn\u00e9 n\u00e1mestie \u2013 Franti\u0161k\u00e1nske n\u00e1mestie \u2013 Biela \u2013 Michalsk\u00e1 \u2013 N\u00e1mestie SNP \u2013 N\u00e1m. \u013d. \u0160t\u00fara<\/p>\n<p><strong>Organiz\u00e1tor<\/strong>: Turistick\u00e9 informa\u010dn\u00e9 centrum BTB, Klobu\u010dn\u00edcka 2<br \/>\n<strong>Viac inform\u00e1ci\u00ed:<\/strong> +421\u00a0905\u00a0848 407, www.visitbratislava.com<\/p>\n<hr \/>\n<h2>MAL\u00c1 V\u00cdNNA CESTA<\/h2>\n<p><em>*Prehliadka Mal\u00e1 v\u00ednna cesta je plne obsaden\u00e1. \u010eakujeme za z\u00e1ujem.<\/em><\/p>\n<p>Komentovan\u00e9 prehliadky M\u00fazea vinohradn\u00edctva spojen\u00e9 s riadenou degust\u00e1ciou. Sprievodkyne odet\u00e9 v historick\u00fdch kost\u00fdmoch v\u00e1m pribl\u00ed\u017eia bohat\u00e9 vinohradn\u00edcke a vin\u00e1rske trad\u00edcie mesta. Pripomenieme si aj 280. v\u00fdro\u010die korunov\u00e1cie M\u00e1rie Ter\u00e9zie a jej ob\u013e\u00faben\u00fa ra\u010diansku frankovku, ktor\u00e1 nikdy nesmela ch\u00fdba\u0165 na cis\u00e1rskom stole. Na z\u00e1ver prehliadky v\u00e1s \u010dak\u00e1 z\u00e1\u017eitok v podobe degust\u00e1cie v N\u00e1rodnom sal\u00f3ne v\u00edn SR, ktor\u00fd ka\u017edoro\u010dne prezentuje vzorky 100 najlep\u0161\u00edch slovensk\u00fdch v\u00edn. \u00da\u010das\u0165 na prehliadkach je bezplatn\u00e1. Z\u00e1rove\u0148 pros\u00edme o dodr\u017eiavanie v\u0161etk\u00fdch hygienick\u00fdch opatren\u00ed a usmernen\u00ed (r\u00fa\u0161ko, dezinfekcia r\u00fak a\u00a0odstup).<\/p>\n<h3>Program<\/h3>\n<p><strong>Piatok 13. augusta<\/strong><\/p>\n<ul>\n<li>15:30 Prehliadka v anglickom jazyku<\/li>\n<li>16:00 Prehliadka v slovenskom jazyku<\/li>\n<\/ul>\n<p><strong>Sobota 14. augusta<\/strong><\/p>\n<ul>\n<li>15:00 Prehliadka v slovenskom jazyku<\/li>\n<li>15:30 Prehliadka v anglickom jazyku<\/li>\n<li>16:00 Prehliadka v slovenskom jazyku<\/li>\n<li>16:30 Prehliadka v slovenskom jazyku<\/li>\n<li>17:00 Prehliadka v slovenskom jazyku<\/li>\n<li>17:30 Prehliadka v anglickom jazyku<\/li>\n<\/ul>\n<p><strong>Miesto stretnutia<\/strong>: podbr\u00e1nie Apponyiho pal\u00e1ca, Radni\u010dn\u00e1 ulica<br \/>\n<strong>Max. po\u010det os\u00f4b:<\/strong> 9<\/p>\n<p><strong>Organiz\u00e1tor<\/strong>: Turistick\u00e9 informa\u010dn\u00e9 centrum BTB, Klobu\u010dn\u00edcka 2<br \/>\n<strong>Viac inform\u00e1ci\u00ed:<\/strong> +421\u00a0905\u00a0848 407, www.visitbratislava.com<\/p>\n<p>Na prehliadky sa je potrebn\u00e9 zaregistrova\u0165 pomocou formul\u00e1ra ni\u017e\u0161ie.<\/p>\n<p><iframe id=\"bookio-iframe\" src=\"https:\/\/services.bookio.com\/bratislava-tourist-board\/widget?lang=sk\" width=\"800\" height=\"500\" scrolling=\"yes\"><span data-mce-type=\"bookmark\" style=\"display: inline-block; width: 0px; overflow: hidden; line-height: 0;\" class=\"mce_SELRES_start\">\ufeff<\/span><span data-mce-type=\"bookmark\" style=\"display: inline-block; width: 0px; overflow: hidden; line-height: 0;\" class=\"mce_SELRES_start\">\ufeff<\/span><\/iframe><\/p>\n","protected":false},"excerpt":{"rendered":"<p>PO STOP\u00c1CH KORUNOV\u00c1CI\u00cd Tematick\u00e9 prehliadky venovan\u00e9 sl\u00e1vnej korunova\u010dnej hist\u00f3rii mesta. Prevedieme v\u00e1s najv\u00fdznamnej\u0161\u00edmi miestami spojen\u00fdmi s korunova\u010dn\u00fdm ceremoni\u00e1lom uhorsk\u00fdch kr\u00e1\u013eov a ich man\u017eeliek. \u00da\u010das\u0165 na prehliadkach je bezplatn\u00e1. Program Piatok 13. augusta 17:00 Prehliadka Korunov\u00e1cia M\u00e1rie Ter\u00e9zie\u00a0v slovenskom jazyku Sobota 14. augusta V slovenskom jazyku: 11:00 Prehliadka Po stop\u00e1ch korunov\u00e1ci\u00ed 17:00\u00a0 Prehliadka Po stop\u00e1ch korunov\u00e1ci\u00ed [&hellip;]<\/p>\n","protected":false},"author":25,"featured_media":108887,"parent":108869,"menu_order":0,"comment_status":"closed","ping_status":"closed","template":"","meta":[],"acf":[],"_links":{"self":[{"href":"https:\/\/www.visitbratislava.com\/sk\/wp-json\/wp\/v2\/pages\/109579"}],"collection":[{"href":"https:\/\/www.visitbratislava.com\/sk\/wp-json\/wp\/v2\/pages"}],"about":[{"href":"https:\/\/www.visitbratislava.com\/sk\/wp-json\/wp\/v2\/types\/page"}],"author":[{"embeddable":true,"href":"https:\/\/www.visitbratislava.com\/sk\/wp-json\/wp\/v2\/users\/25"}],"replies":[{"embeddable":true,"href":"https:\/\/www.visitbratislava.com\/sk\/wp-json\/wp\/v2\/comments?post=109579"}],"version-history":[{"count":16,"href":"https:\/\/www.visitbratislava.com\/sk\/wp-json\/wp\/v2\/pages\/109579\/revisions"}],"predecessor-version":[{"id":110689,"href":"https:\/\/www.visitbratislava.com\/sk\/wp-json\/wp\/v2\/pages\/109579\/revisions\/110689"}],"up":[{"embeddable":true,"href":"https:\/\/www.visitbratislava.com\/sk\/wp-json\/wp\/v2\/pages\/108869"}],"wp:featuredmedia":[{"embeddable":true,"href":"https:\/\/www.visitbratislava.com\/sk\/wp-json\/wp\/v2\/media\/108887"}],"wp:attachment":[{"href":"https:\/\/www.visitbratislava.com\/sk\/wp-json\/wp\/v2\/media?parent=109579"}],"curies":[{"name":"wp","href":"https:\/\/api.w.org\/{rel}","templated":true}]}}