{"id":114180,"date":"2021-09-22T09:28:21","date_gmt":"2021-09-22T07:28:21","guid":{"rendered":"https:\/\/www.visitbratislava.com\/?page_id=114180"},"modified":"2025-09-22T11:34:31","modified_gmt":"2025-09-22T09:34:31","slug":"svetovy-den-cestovneho-ruchu","status":"publish","type":"page","link":"https:\/\/www.visitbratislava.com\/sk\/svetovy-den-cestovneho-ruchu\/","title":{"rendered":"Svetov\u00fd de\u0148 cestovn\u00e9ho ruchu"},"content":{"rendered":"<p>Tematick\u00fdmi vych\u00e1dzkami si ho pripomenie aj Bratislava. Budete m\u00f4c\u0165 presk\u00fama\u0165 architekt\u00faru, dozvedie\u0165 sa o v\u00fdznamn\u00fdch udalostiach spojen\u00fdch s mestom, a spozn\u00e1te tajomstv\u00e1 slovenskej metropoly.<\/p>\n<p>Nenechajte si ujs\u0165 zauj\u00edmav\u00e9 inform\u00e1cie o miestach, okolo ktor\u00fdch mo\u017eno chod\u00edte ka\u017ed\u00fd de\u0148. Vyberte si z t\u00e9m, ktor\u00e9 s\u00fa v\u00e1m bl\u00edzke a nechajte sa vies\u0165 sk\u00fasen\u00fdmi turistick\u00fdmi sprievodcami Bratislavy. V\u0161etky prehliadky s\u00fa v sloven\u010dine. Pripravili ich Bratislava Tourist Board a Slovensk\u00e1 spolo\u010dnos\u0165 sprievodcov cestovn\u00e9ho ruchu.<\/p>\n","protected":false},"excerpt":{"rendered":"<p>Chceli by ste spozna\u0165 zauj\u00edmav\u00e9 miesta a dozvedie\u0165 sa nie\u010do nov\u00e9? Ak \u00e1no, sviatok cestovn\u00e9ho ruchu sa v\u00e1m bude p\u00e1\u010di\u0165.<\/p>\n","protected":false},"author":25,"featured_media":259263,"parent":0,"menu_order":0,"comment_status":"closed","ping_status":"closed","template":"tpl-page-grid.php","meta":[],"acf":[],"_links":{"self":[{"href":"https:\/\/www.visitbratislava.com\/sk\/wp-json\/wp\/v2\/pages\/114180"}],"collection":[{"href":"https:\/\/www.visitbratislava.com\/sk\/wp-json\/wp\/v2\/pages"}],"about":[{"href":"https:\/\/www.visitbratislava.com\/sk\/wp-json\/wp\/v2\/types\/page"}],"author":[{"embeddable":true,"href":"https:\/\/www.visitbratislava.com\/sk\/wp-json\/wp\/v2\/users\/25"}],"replies":[{"embeddable":true,"href":"https:\/\/www.visitbratislava.com\/sk\/wp-json\/wp\/v2\/comments?post=114180"}],"version-history":[{"count":18,"href":"https:\/\/www.visitbratislava.com\/sk\/wp-json\/wp\/v2\/pages\/114180\/revisions"}],"predecessor-version":[{"id":363070,"href":"https:\/\/www.visitbratislava.com\/sk\/wp-json\/wp\/v2\/pages\/114180\/revisions\/363070"}],"wp:featuredmedia":[{"embeddable":true,"href":"https:\/\/www.visitbratislava.com\/sk\/wp-json\/wp\/v2\/media\/259263"}],"wp:attachment":[{"href":"https:\/\/www.visitbratislava.com\/sk\/wp-json\/wp\/v2\/media?parent=114180"}],"curies":[{"name":"wp","href":"https:\/\/api.w.org\/{rel}","templated":true}]}}