{"id":127409,"date":"2022-02-04T17:37:05","date_gmt":"2022-02-04T16:37:05","guid":{"rendered":"https:\/\/www.visitbratislava.com\/?page_id=127409"},"modified":"2025-02-12T12:45:50","modified_gmt":"2025-02-12T11:45:50","slug":"valentinske-zazitky-v-bratislave","status":"publish","type":"page","link":"https:\/\/www.visitbratislava.com\/sk\/valentinske-zazitky-v-bratislave\/","title":{"rendered":"Valent\u00ednske z\u00e1\u017eitky v Bratislave"},"content":{"rendered":"<p><a class=\"cta-button\" href=\"https:\/\/www.visitbratislava.com\/sk\/event-categories\/valentin\/\" target=\"_blank\" rel=\"noopener\">Z\u00e1\u017eitky 2025<\/a><\/p>\n<h3>Za\u010dnite Valent\u00edna \u201ebrunchom\u201c<\/h3>\n<p>Nav\u0161t\u00edvte jedno z mnoh\u00fdch \u00fatuln\u00fdch miest a dajte si k\u00e1vu a brunch. Vybera\u0165 m\u00f4\u017eete napr\u00edklad z kaviarn\u00ed a bistier<strong> Panensk\u00e1 kaviare\u0148, P\u00e1n Cakes, Funki Punki, Urban House, Zrzky Wine &amp; Tapas, Drak&amp;Finch, K\u00e1va.bar, Talks, Bistro Ferdinand, Fertucha, <\/strong>\u010di z mnoh\u00fdch \u010fal\u0161\u00edch.<\/p>\n<p>A \u010do tak jedl\u00e1 valent\u00ednka v podobe ovocnej \u010di \u010dokol\u00e1dovej kytice? V ovocnej cukr\u00e1rni <a href=\"https:\/\/www.chutnicka.sk\/\">Chutni\u010dka <\/a>respekt\u00edve v obchode Chutn\u00e9 kytice v\u00e1m ich pripravia na mieste alebo na objedn\u00e1vku vopred.<\/p>\n<p><img loading=\"lazy\" class=\"alignnone wp-image-219691 size-full\" src=\"https:\/\/www.visitbratislava.com\/wp-content\/uploads\/2023\/02\/chutnicka-6.jpg\" alt=\"\" width=\"900\" height=\"900\" srcset=\"https:\/\/www.visitbratislava.com\/wp-content\/uploads\/2023\/02\/chutnicka-6.jpg 900w, https:\/\/www.visitbratislava.com\/wp-content\/uploads\/2023\/02\/chutnicka-6-400x400.jpg 400w, https:\/\/www.visitbratislava.com\/wp-content\/uploads\/2023\/02\/chutnicka-6-800x800.jpg 800w, https:\/\/www.visitbratislava.com\/wp-content\/uploads\/2023\/02\/chutnicka-6-150x150.jpg 150w, https:\/\/www.visitbratislava.com\/wp-content\/uploads\/2023\/02\/chutnicka-6-768x768.jpg 768w, https:\/\/www.visitbratislava.com\/wp-content\/uploads\/2023\/02\/chutnicka-6-200x200.jpg 200w, https:\/\/www.visitbratislava.com\/wp-content\/uploads\/2023\/02\/chutnicka-6-184x184.jpg 184w, https:\/\/www.visitbratislava.com\/wp-content\/uploads\/2023\/02\/chutnicka-6-384x384.jpg 384w, https:\/\/www.visitbratislava.com\/wp-content\/uploads\/2023\/02\/chutnicka-6-784x784.jpg 784w\" sizes=\"(max-width: 900px) 100vw, 900px\" \/><\/p>\n<h3>Dajte si rande s mestom<\/h3>\n<p>M\u00e1te radi pr\u00edbehy? Ak patr\u00edte k zvedav\u00fdm \u013eu\u010fom, fascinuj\u00fa v\u00e1s dejiny a radi spozn\u00e1vate nov\u00e9 veci, pr\u00ed\u010fte na <a href=\"https:\/\/www.bkis.sk\/randesmestom\/\">Rande s mestom<\/a>! <a href=\"https:\/\/www.visitbratislava.com\/sk\/\/service-categories\/prehliadky-mesta\/\">V celoro\u010dn\u00fdch cykloch tematick\u00fdch vych\u00e1dzok<\/a> so sprievodcami, spozn\u00e1te hlavn\u00e9 mesto z nov\u00fdch perspekt\u00edv a objav\u00edte nepoznan\u00e9 pr\u00edbehy. Okrem prech\u00e1dzok si m\u00f4\u017eete da\u0165 aj r\u00fdchle kole\u010dko okolo \u0160trkovca, potom si sadn\u00fa\u0165 pod svetielka na m\u00f3le a spravi\u0165 fotku vo foto r\u00e1me dvoch s\u0155dc.<\/p>\n<p><img loading=\"lazy\" width=\"800\" height=\"800\" class=\"alignnone size-large wp-image-127837\" src=\"https:\/\/www.visitbratislava.com\/wp-content\/uploads\/2022\/02\/Dekan-komparz-BA-hrad-turisti-par-Hradna-restaurant-vyhlad-mlady-par-romantika_icon-800x800.jpg\" alt=\"\" srcset=\"https:\/\/www.visitbratislava.com\/wp-content\/uploads\/2022\/02\/Dekan-komparz-BA-hrad-turisti-par-Hradna-restaurant-vyhlad-mlady-par-romantika_icon-800x800.jpg 800w, https:\/\/www.visitbratislava.com\/wp-content\/uploads\/2022\/02\/Dekan-komparz-BA-hrad-turisti-par-Hradna-restaurant-vyhlad-mlady-par-romantika_icon-400x400.jpg 400w, https:\/\/www.visitbratislava.com\/wp-content\/uploads\/2022\/02\/Dekan-komparz-BA-hrad-turisti-par-Hradna-restaurant-vyhlad-mlady-par-romantika_icon-150x150.jpg 150w, https:\/\/www.visitbratislava.com\/wp-content\/uploads\/2022\/02\/Dekan-komparz-BA-hrad-turisti-par-Hradna-restaurant-vyhlad-mlady-par-romantika_icon-768x768.jpg 768w, https:\/\/www.visitbratislava.com\/wp-content\/uploads\/2022\/02\/Dekan-komparz-BA-hrad-turisti-par-Hradna-restaurant-vyhlad-mlady-par-romantika_icon-200x200.jpg 200w, https:\/\/www.visitbratislava.com\/wp-content\/uploads\/2022\/02\/Dekan-komparz-BA-hrad-turisti-par-Hradna-restaurant-vyhlad-mlady-par-romantika_icon-184x184.jpg 184w, https:\/\/www.visitbratislava.com\/wp-content\/uploads\/2022\/02\/Dekan-komparz-BA-hrad-turisti-par-Hradna-restaurant-vyhlad-mlady-par-romantika_icon-384x384.jpg 384w, https:\/\/www.visitbratislava.com\/wp-content\/uploads\/2022\/02\/Dekan-komparz-BA-hrad-turisti-par-Hradna-restaurant-vyhlad-mlady-par-romantika_icon-784x784.jpg 784w, https:\/\/www.visitbratislava.com\/wp-content\/uploads\/2022\/02\/Dekan-komparz-BA-hrad-turisti-par-Hradna-restaurant-vyhlad-mlady-par-romantika_icon.jpg 1500w\" sizes=\"(max-width: 800px) 100vw, 800px\" \/><\/p>\n<h3>Dajte si rande s fotografom<\/h3>\n<p>Na potulku <a href=\"https:\/\/www.visitbratislava.com\/sk\/romanticke-zakutia-bratislavy\/\">romantick\u00fdmi z\u00e1kutiami Bratislavy<\/a> si so svojou l\u00e1skou \u010di kamar\u00e1tmi zoberte fotografa. Kto povedal, \u017ee fotografie maj\u00fa vznika\u0165 len v \u0161t\u00fadiu alebo pred svadbou. Fotenie je aj skvel\u00fd dar\u010dek. Objavte menej zn\u00e1me z\u00e1kutia Bratislavy ako <strong>V\u00edno Chvostek, lavi\u010dku Miroslava \u017dbirku, \u010di bratislavsk\u00e9 font\u00e1ny<\/strong> a budete ma\u0165 navy\u0161e spomienky zve\u010dnen\u00e9. Pr\u00edpadne darujte kurz fotografovania v uliciach Bratislavy.<\/p>\n<p><img loading=\"lazy\" class=\"alignnone wp-image-219794 size-full\" src=\"https:\/\/www.visitbratislava.com\/wp-content\/uploads\/2023\/02\/Dizajn-bez-nazvu-5.png\" alt=\"\" width=\"1920\" height=\"1280\" srcset=\"https:\/\/www.visitbratislava.com\/wp-content\/uploads\/2023\/02\/Dizajn-bez-nazvu-5.png 1920w, https:\/\/www.visitbratislava.com\/wp-content\/uploads\/2023\/02\/Dizajn-bez-nazvu-5-400x267.png 400w, https:\/\/www.visitbratislava.com\/wp-content\/uploads\/2023\/02\/Dizajn-bez-nazvu-5-800x533.png 800w, https:\/\/www.visitbratislava.com\/wp-content\/uploads\/2023\/02\/Dizajn-bez-nazvu-5-768x512.png 768w, https:\/\/www.visitbratislava.com\/wp-content\/uploads\/2023\/02\/Dizajn-bez-nazvu-5-1536x1024.png 1536w, https:\/\/www.visitbratislava.com\/wp-content\/uploads\/2023\/02\/Dizajn-bez-nazvu-5-200x133.png 200w\" sizes=\"(max-width: 1920px) 100vw, 1920px\" \/><\/p>\n<h3>Dajte si rande so \u017eirafou alebo lamou<\/h3>\n<p>\u010ci ste single alebo p\u00e1r, m\u00f4\u017eete si od marca do m\u00e1ja da\u0165 v\u00a0ZOO Bratislava <strong>rande so zvieratkami<\/strong>. Prejdite sa po are\u00e1li, alebo si darujte z\u00e1\u017eitok z k\u0155menia <a href=\"https:\/\/shop.zoobratislava.sk\/rande-s-lamou-pre-1-osobu\">l\u00e1m alpaka<\/a> \u010di <a href=\"https:\/\/shop.zoobratislava.sk\/rande-so-zirafou-pre-2-osoby\">\u017eir\u00e1f Rotschidlov\u00fdch<\/a>. Z\u00e1\u017eitok bude sprev\u00e1dzan\u00fd anim\u00e1torom, ktor\u00fd zaru\u010d\u00ed odborn\u00fd v\u00fdklad. Stretnete sa aj s chovate\u013eom, s\u00a0ktor\u00fdm za\u017eijete komentovan\u00e9 k\u0155menie. V\u00a0cene s\u00fa zahrnut\u00e9 drobn\u00e9 dar\u010dekov\u00e9 produkty, certifik\u00e1t a fotografie z\u00a0priebehu d\u0148a. K\u00fapou z\u00e1\u017eitku nielen\u017ee darujete v\u00fdnimo\u010dn\u00fd dar\u010dek, ale z\u00e1rove\u0148 podpor\u00edte rozvoj ZOO.<\/p>\n<p><img loading=\"lazy\" class=\"alignnone wp-image-219751 size-full\" src=\"https:\/\/www.visitbratislava.com\/wp-content\/uploads\/2023\/02\/Dizajn-bez-nazvu-4.png\" alt=\"\" width=\"1920\" height=\"1280\" srcset=\"https:\/\/www.visitbratislava.com\/wp-content\/uploads\/2023\/02\/Dizajn-bez-nazvu-4.png 1920w, https:\/\/www.visitbratislava.com\/wp-content\/uploads\/2023\/02\/Dizajn-bez-nazvu-4-400x267.png 400w, https:\/\/www.visitbratislava.com\/wp-content\/uploads\/2023\/02\/Dizajn-bez-nazvu-4-800x533.png 800w, https:\/\/www.visitbratislava.com\/wp-content\/uploads\/2023\/02\/Dizajn-bez-nazvu-4-768x512.png 768w, https:\/\/www.visitbratislava.com\/wp-content\/uploads\/2023\/02\/Dizajn-bez-nazvu-4-1536x1024.png 1536w, https:\/\/www.visitbratislava.com\/wp-content\/uploads\/2023\/02\/Dizajn-bez-nazvu-4-200x133.png 200w\" sizes=\"(max-width: 1920px) 100vw, 1920px\" \/><\/p>\n<h3>Dajte si rande s umen\u00edm<\/h3>\n<p>Do Bratislavy sa oplat\u00ed pr\u00eds\u0165 za umen\u00edm a plat\u00ed to aj na Valent\u00edna. Vezmite svoju polovi\u010dku za slovensk\u00fdm modern\u00fdm umen\u00edm do kr\u00e1snej <a href=\"https:\/\/www.nedbalka.sk\/sobasna-sien\/\">Gal\u00e9rie Nedbalka<\/a> 14. 2. m\u00e1 gal\u00e9ria \u0161peci\u00e1lnu ponuku 1+1 zdarma. V cene l\u00edstka je aj k\u00e1va alebo \u010daj v kaviarni gal\u00e9rie. Trvanie: 13:00 &#8211; 19:00.<\/p>\n<p>Svoju l\u00e1sku k umeniu m\u00f4\u017eete vyjadri\u0165 aj v Gal\u00e9ri\u00ed Umelka, ktor\u00e1 14. 2. pripravila vstup zdarma &#8211; \u010dak\u00e1 v\u00e1s romantick\u00e1 atmosf\u00e9ra pri poh\u00e1ri v\u00edna, hudba a umenie. N\u00e1v\u0161tevn\u00edci tie\u017e spolo\u010dne vytvoria umeleck\u00e9 dielo na Valent\u00ednskom pl\u00e1tne l\u00e1sky. Trvanie: 12:00 &#8211; 16:30.<\/p>\n<p>Alebo sa prejdite medzi dielami v <a href=\"https:\/\/www.dotgallery.sk\/\">DOT. Contemporary Art Gallery<\/a> v pamiatke b\u00fdvalej Jurkovi\u010dovej tepl\u00e1rne v novom downtowne Bratislavy.<\/p>\n<p>SND si pre v\u00e1s pripravilo valent\u00ednku s n\u00e1zvom Nehovorte o l\u00e1ske. Za\u017eite ju. V\u010faka <a href=\"https:\/\/snd.sk\/poukazky\">dar\u010dekovej pouk\u00e1\u017eke<\/a> pre milovan\u00fa osobu m\u00f4\u017eete za\u017ei\u0165 l\u00e1sku na vlastnej ko\u017ei na predstaveniach v SND.<\/p>\n<p>Chceli by ste si vytvori\u0165 umenie vlastn\u00fdmi rukami alebo tak\u00fa mo\u017enos\u0165 darova\u0165 svojej polovi\u010dke? V Artelieri m\u00f4\u017eete k\u00fapi\u0165 Valent\u00ednsky dar\u010dekov\u00fd poukaz alebo na <a href=\"https:\/\/www.artelier.cafe\/kategoria-produktu\/kurzy\/\">z\u00e1\u017eitkov\u00e9 kurzy<\/a> ma\u013eovania, ktor\u00e9 je mo\u017en\u00e9 uplatni\u0165 do 3 mesiacov. Sk\u00fasen\u00ed lektori a v\u00ednko, \u010di k\u00e1va v umeleckom prostred\u00ed s\u00fa v\u017edy dobr\u00fd n\u00e1pad.<\/p>\n<p><img loading=\"lazy\" class=\"alignnone wp-image-219788 size-full\" src=\"https:\/\/www.visitbratislava.com\/wp-content\/uploads\/2023\/02\/Dizajn-bez-nazvu-6.png\" alt=\"\" width=\"1920\" height=\"1280\" srcset=\"https:\/\/www.visitbratislava.com\/wp-content\/uploads\/2023\/02\/Dizajn-bez-nazvu-6.png 1920w, https:\/\/www.visitbratislava.com\/wp-content\/uploads\/2023\/02\/Dizajn-bez-nazvu-6-400x267.png 400w, https:\/\/www.visitbratislava.com\/wp-content\/uploads\/2023\/02\/Dizajn-bez-nazvu-6-800x533.png 800w, https:\/\/www.visitbratislava.com\/wp-content\/uploads\/2023\/02\/Dizajn-bez-nazvu-6-768x512.png 768w, https:\/\/www.visitbratislava.com\/wp-content\/uploads\/2023\/02\/Dizajn-bez-nazvu-6-1536x1024.png 1536w, https:\/\/www.visitbratislava.com\/wp-content\/uploads\/2023\/02\/Dizajn-bez-nazvu-6-200x133.png 200w\" sizes=\"(max-width: 1920px) 100vw, 1920px\" \/><\/p>\n<h3>Dajte si rande s gastrom<\/h3>\n<p>Rande v\u00a0Hoteli Dev\u00edn m\u00f4\u017ee by\u0165 okrem <a href=\"https:\/\/www.hoteldevin.sk\/aktuality\/valentin-v-hoteli-devin\/\" target=\"_blank\" rel=\"noopener\">degusta\u010dnej ve\u010dere<\/a> aj v\u00a0podobe <a href=\"https:\/\/www.hoteldevin.sk\/aktuality\/antistresova-masaz-hlavy\/\">mas\u00e1\u017ee pre singles<\/a> \u010di <a href=\"https:\/\/www.hoteldevin.sk\/aktuality\/caj-o-piatej\/\">\u010daju o\u00a0piatej<\/a> s kamar\u00e1tkou. Pre p\u00e1ry s\u00fa tu k\u00a0ve\u010deri \u0161tekliv\u00e9 bublinky Prosecca s jahodami, n\u00e1dhern\u00e9 v\u00fdh\u013eady na historick\u00e9 centrum v int\u00edmnej atmosf\u00e9re.<\/p>\n<p><img loading=\"lazy\" class=\"alignnone wp-image-219703 size-full\" src=\"https:\/\/www.visitbratislava.com\/wp-content\/uploads\/2023\/02\/caj-o-piatej-scaled-1.jpg\" alt=\"\" width=\"1707\" height=\"2560\" srcset=\"https:\/\/www.visitbratislava.com\/wp-content\/uploads\/2023\/02\/caj-o-piatej-scaled-1.jpg 1707w, https:\/\/www.visitbratislava.com\/wp-content\/uploads\/2023\/02\/caj-o-piatej-scaled-1-267x400.jpg 267w, https:\/\/www.visitbratislava.com\/wp-content\/uploads\/2023\/02\/caj-o-piatej-scaled-1-533x800.jpg 533w, https:\/\/www.visitbratislava.com\/wp-content\/uploads\/2023\/02\/caj-o-piatej-scaled-1-768x1152.jpg 768w, https:\/\/www.visitbratislava.com\/wp-content\/uploads\/2023\/02\/caj-o-piatej-scaled-1-1024x1536.jpg 1024w, https:\/\/www.visitbratislava.com\/wp-content\/uploads\/2023\/02\/caj-o-piatej-scaled-1-1366x2048.jpg 1366w, https:\/\/www.visitbratislava.com\/wp-content\/uploads\/2023\/02\/caj-o-piatej-scaled-1-133x200.jpg 133w\" sizes=\"(max-width: 1707px) 100vw, 1707px\" \/><\/p>\n<h3>Dajte si rande s tmou a v\u00ednom<\/h3>\n<p>Po zhasnut\u00ed a zotrvan\u00ed v \u00faplnej tme pochop\u00edte ako to vyzer\u00e1 ke\u010f sa &#8222;otvor\u00ed&#8220; svet v\u00f4n\u00ed a chut\u00ed. Mozog sa nedok\u00e1\u017ee spo\u013eahn\u00fa\u0165 na o\u010di a preto posiln\u00ed ostatn\u00e9 zmysly. Po chv\u00edli hostia zahodia z\u00e1brany &#8222;\u0161plechn\u00fa\u0165&#8220; \u010doko\u013evek do tmy a vznik\u00e1 ve\u013emi z\u00e1bavn\u00fd a <a href=\"https:\/\/www.tmavadegustacia.sk\/sk\/ochutnavky\/ochutnavka-vin\">pr\u00edjemn\u00fd ve\u010der dop\u013a\u0148an\u00fd zauj\u00edmavos\u0165ami o v\u00edne<\/a>.<\/p>\n<p><img loading=\"lazy\" class=\"alignnone wp-image-219782 size-full\" src=\"https:\/\/www.visitbratislava.com\/wp-content\/uploads\/2023\/02\/637e7ba3e633b486388844.gif\" alt=\"\" width=\"560\" height=\"400\" \/><\/p>\n<h3><strong>Dajte si rande s\u00a0v\u00fdh\u013eadom <\/strong><\/h3>\n<p>Bratislavsk\u00e9 UFO poz\u00fdva u\u017e na tradi\u010dn\u00fd <a href=\"https:\/\/www.visitbratislava.com\/sk\/podujatia\/valentin-v-oblakoch\/\" target=\"_blank\" rel=\"noopener\">Valent\u00edn v\u00a0oblakoch<\/a>. Sk\u00faste valent\u00ednske menu alebo aspo\u0148 drink.<\/p>\n<p>Valent\u00ednske obdobie na romantickom Dunaji s v\u00fdh\u013eadom na Bratislavu<a href=\"https:\/\/www.visitbratislava.com\/sk\/podujatia\/valentinska-plavba\/\" target=\"_blank\" rel=\"noopener\"> z plaviacej sa lode<\/a> m\u00f4\u017eete za\u017ei\u0165 v r\u00e1mci plavieb s gastro z\u00e1\u017eitkom aj bez.<\/p>\n<p><img loading=\"lazy\" class=\"alignnone wp-image-219757 size-full\" src=\"https:\/\/www.visitbratislava.com\/wp-content\/uploads\/2023\/02\/ufo.jpg\" alt=\"\" width=\"1080\" height=\"1350\" srcset=\"https:\/\/www.visitbratislava.com\/wp-content\/uploads\/2023\/02\/ufo.jpg 1080w, https:\/\/www.visitbratislava.com\/wp-content\/uploads\/2023\/02\/ufo-320x400.jpg 320w, https:\/\/www.visitbratislava.com\/wp-content\/uploads\/2023\/02\/ufo-640x800.jpg 640w, https:\/\/www.visitbratislava.com\/wp-content\/uploads\/2023\/02\/ufo-768x960.jpg 768w, https:\/\/www.visitbratislava.com\/wp-content\/uploads\/2023\/02\/ufo-160x200.jpg 160w\" sizes=\"(max-width: 1080px) 100vw, 1080px\" \/><\/p>\n<p>Bratislava sa na v\u00e1s te\u0161\u00ed po\u010das cel\u00e9ho valent\u00ednskeho obdobia ale aj mimo neho!<\/p>\n","protected":false},"excerpt":{"rendered":"<p>\u2764\ufe0fDajte si rande v Bratislave, alebo sa pr\u00ed\u010fte do Bratislavy za\u013e\u00fabi\u0165. Skvel\u00fd \u010das pre zadan\u00fdch aj singles zaru\u010den\u00fd nie len na Valent\u00edna!<\/p>\n","protected":false},"author":32,"featured_media":219965,"parent":0,"menu_order":0,"comment_status":"closed","ping_status":"closed","template":"","meta":[],"acf":[],"_links":{"self":[{"href":"https:\/\/www.visitbratislava.com\/sk\/wp-json\/wp\/v2\/pages\/127409"}],"collection":[{"href":"https:\/\/www.visitbratislava.com\/sk\/wp-json\/wp\/v2\/pages"}],"about":[{"href":"https:\/\/www.visitbratislava.com\/sk\/wp-json\/wp\/v2\/types\/page"}],"author":[{"embeddable":true,"href":"https:\/\/www.visitbratislava.com\/sk\/wp-json\/wp\/v2\/users\/32"}],"replies":[{"embeddable":true,"href":"https:\/\/www.visitbratislava.com\/sk\/wp-json\/wp\/v2\/comments?post=127409"}],"version-history":[{"count":19,"href":"https:\/\/www.visitbratislava.com\/sk\/wp-json\/wp\/v2\/pages\/127409\/revisions"}],"predecessor-version":[{"id":327874,"href":"https:\/\/www.visitbratislava.com\/sk\/wp-json\/wp\/v2\/pages\/127409\/revisions\/327874"}],"wp:featuredmedia":[{"embeddable":true,"href":"https:\/\/www.visitbratislava.com\/sk\/wp-json\/wp\/v2\/media\/219965"}],"wp:attachment":[{"href":"https:\/\/www.visitbratislava.com\/sk\/wp-json\/wp\/v2\/media?parent=127409"}],"curies":[{"name":"wp","href":"https:\/\/api.w.org\/{rel}","templated":true}]}}