{"id":127446,"date":"2022-02-04T18:17:04","date_gmt":"2022-02-04T17:17:04","guid":{"rendered":"https:\/\/www.visitbratislava.com\/?page_id=127446"},"modified":"2022-02-07T10:21:30","modified_gmt":"2022-02-07T09:21:30","slug":"valentinska-bratislava","status":"publish","type":"page","link":"https:\/\/www.visitbratislava.com\/sk\/valentinska-bratislava\/","title":{"rendered":"Valent\u00ednska Bratislava"},"content":{"rendered":"<p>Str\u00e1vte sviatok sv\u00e4t\u00e9ho Valent\u00edna v Bratislave a u\u017eite si miesto, ktor\u00e9 kombinuje stredovek\u00fa atmosf\u00e9ru so \u0161pi\u010dkov\u00fdmi slu\u017ebami modernej metropoly. Vyu\u017eite l\u00e1kadl\u00e1 historick\u00e9ho ve\u013ekomesta, pote\u0161te sa hotelov\u00fdm relaxom, prenechajte stres a nap\u00e4tie bublink\u00e1m a ulaho\u010fte aj svojim chu\u0165ov\u00fdm poh\u00e1rikom.<\/p>\n<p>Nechajte sa zl\u00e1ka\u0165 a u\u017eite si skvel\u00fd de\u0148 v najv\u00e4\u010d\u0161om meste na Slovensku. Romantick\u00fa atmosf\u00e9ru ur\u010den\u00fa v\u0161etk\u00fdm zamilovan\u00fdm, milovan\u00fdm a miluj\u00facim si m\u00f4\u017eete vychutna\u0165 po\u010das neopakovate\u013en\u00e9ho ve\u010dera nielen presne na sviatok ob\u013e\u00faben\u00e9ho sv\u00e4tca, ale aj v\u00edkend pred n\u00edm.<\/p>\n","protected":false},"excerpt":{"rendered":"<p>Pre niekoho mo\u017eno komer\u010dn\u00fd sviatok, pre in\u00fdch naopak pr\u00edle\u017eitos\u0165 ako sa v tejto upon\u00e1h\u013eanej dobe pristavi\u0165 a vyzna\u0165 l\u00e1sku nev\u0161edne z\u00e1\u017eitkom \u010di aspo\u0148 spolo\u010dne str\u00e1ven\u00fdmi chv\u00ed\u013eami. \u010co takto str\u00e1vi\u0165 sviatok za\u013e\u00fabencov v hlavnom meste?<\/p>\n","protected":false},"author":32,"featured_media":127439,"parent":0,"menu_order":0,"comment_status":"closed","ping_status":"closed","template":"tpl-page-grid.php","meta":[],"acf":[],"_links":{"self":[{"href":"https:\/\/www.visitbratislava.com\/sk\/wp-json\/wp\/v2\/pages\/127446"}],"collection":[{"href":"https:\/\/www.visitbratislava.com\/sk\/wp-json\/wp\/v2\/pages"}],"about":[{"href":"https:\/\/www.visitbratislava.com\/sk\/wp-json\/wp\/v2\/types\/page"}],"author":[{"embeddable":true,"href":"https:\/\/www.visitbratislava.com\/sk\/wp-json\/wp\/v2\/users\/32"}],"replies":[{"embeddable":true,"href":"https:\/\/www.visitbratislava.com\/sk\/wp-json\/wp\/v2\/comments?post=127446"}],"version-history":[{"count":10,"href":"https:\/\/www.visitbratislava.com\/sk\/wp-json\/wp\/v2\/pages\/127446\/revisions"}],"predecessor-version":[{"id":127534,"href":"https:\/\/www.visitbratislava.com\/sk\/wp-json\/wp\/v2\/pages\/127446\/revisions\/127534"}],"wp:featuredmedia":[{"embeddable":true,"href":"https:\/\/www.visitbratislava.com\/sk\/wp-json\/wp\/v2\/media\/127439"}],"wp:attachment":[{"href":"https:\/\/www.visitbratislava.com\/sk\/wp-json\/wp\/v2\/media?parent=127446"}],"curies":[{"name":"wp","href":"https:\/\/api.w.org\/{rel}","templated":true}]}}