{"id":127537,"date":"2022-02-07T10:59:30","date_gmt":"2022-02-07T09:59:30","guid":{"rendered":"https:\/\/www.visitbratislava.com\/?page_id=127537"},"modified":"2022-02-07T11:11:10","modified_gmt":"2022-02-07T10:11:10","slug":"valentin-v-bratislave","status":"publish","type":"page","link":"https:\/\/www.visitbratislava.com\/sk\/valentin-v-bratislave\/","title":{"rendered":"Valent\u00edn v Bratislave"},"content":{"rendered":"<p>Objavte romantick\u00e9 z\u00e1kutia, presk\u00famajte uli\u010dky, prejdite sa po n\u00e1bre\u017e\u00ed. Z\u00e1jdite si do pr\u00edrody. In\u0161pirujte sa v\u00fdh\u013eadmi, vyh\u013eadajte kult\u00faru. Vyberte si z dvoch hradov. Bratislavsk\u00fd hrad i hrad Dev\u00edn patria medzi najromantickej\u0161ie miesta na Slovensku.<\/p>\n<p>Historick\u00fd genius loci tohto mesta ide ruka v ruke s miestnou sez\u00f3nnou gastron\u00f3miou, modern\u00fdm vybaven\u00edm a slu\u017ebami. Vychutnajte si valent\u00ednsku ve\u010deru pri svie\u010dkach, na\u010derpajte nov\u00fa energiu vo wellnesse a nechajte svoje zmysly pod\u013eahn\u00fa\u0165 uvo\u013e\u0148uj\u00facej atmosf\u00e9re.<\/p>\n","protected":false},"excerpt":{"rendered":"<p>Valent\u00ednsky \u010das v Bratislave sp\u00e1ja l\u00e1sku, kr\u00e1su a pote\u0161enie. U\u017eite si jedine\u010dn\u00e9 chv\u00edle pln\u00e9 romantiky v n\u00e1dhernom prostred\u00ed a zak\u00faste na vlastnej ko\u017ei neopakovate\u013en\u00e9 \u010daro Bratislavy i okolia a bl\u00edzkos\u0165 toho druh\u00e9ho.<\/p>\n","protected":false},"author":32,"featured_media":127546,"parent":0,"menu_order":0,"comment_status":"closed","ping_status":"closed","template":"tpl-page-grid.php","meta":[],"acf":[],"_links":{"self":[{"href":"https:\/\/www.visitbratislava.com\/sk\/wp-json\/wp\/v2\/pages\/127537"}],"collection":[{"href":"https:\/\/www.visitbratislava.com\/sk\/wp-json\/wp\/v2\/pages"}],"about":[{"href":"https:\/\/www.visitbratislava.com\/sk\/wp-json\/wp\/v2\/types\/page"}],"author":[{"embeddable":true,"href":"https:\/\/www.visitbratislava.com\/sk\/wp-json\/wp\/v2\/users\/32"}],"replies":[{"embeddable":true,"href":"https:\/\/www.visitbratislava.com\/sk\/wp-json\/wp\/v2\/comments?post=127537"}],"version-history":[{"count":6,"href":"https:\/\/www.visitbratislava.com\/sk\/wp-json\/wp\/v2\/pages\/127537\/revisions"}],"predecessor-version":[{"id":127569,"href":"https:\/\/www.visitbratislava.com\/sk\/wp-json\/wp\/v2\/pages\/127537\/revisions\/127569"}],"wp:featuredmedia":[{"embeddable":true,"href":"https:\/\/www.visitbratislava.com\/sk\/wp-json\/wp\/v2\/media\/127546"}],"wp:attachment":[{"href":"https:\/\/www.visitbratislava.com\/sk\/wp-json\/wp\/v2\/media?parent=127537"}],"curies":[{"name":"wp","href":"https:\/\/api.w.org\/{rel}","templated":true}]}}