{"id":134020,"date":"2022-04-08T16:44:33","date_gmt":"2022-04-08T14:44:33","guid":{"rendered":"https:\/\/www.visitbratislava.com\/?page_id=134020"},"modified":"2022-04-17T01:06:52","modified_gmt":"2022-04-16T23:06:52","slug":"kam-v-sobotu","status":"publish","type":"page","link":"https:\/\/www.visitbratislava.com\/sk\/bratislavske-mestske-dni\/kam-v-sobotu\/","title":{"rendered":"Kam v sobotu"},"content":{"rendered":"<h3>METROPOLITN\u00dd IN\u0160TIT\u00daT BRATISLAVY<\/h3>\n<p>23. 4. 2022<br \/>\n09:00 \u2013 17:00 St\u00e1nok s materi\u00e1lmi z dielne MIBu a inform\u00e1ciami o aktivit\u00e1ch za 3 roky fungovania<br \/>\n11:00 a 13:30 Prech\u00e1dzka &#8211; dobr\u00e9 a zl\u00e9 pr\u00edklady vo verejnom priestore<br \/>\nMIB si pre n\u00e1v\u0161tevn\u00edkov svojho st\u00e1nku pripravil zauj\u00edmav\u00e9 materi\u00e1ly o funk\u010dnom a kvalitnom verejnom priestore. Ako vyzeraj\u00fa dobr\u00e9 a zl\u00e9 pr\u00edklady vyu\u017e\u00edvania verejn\u00e9ho priestoru si m\u00f4\u017eu n\u00e1v\u0161tevn\u00edci pozrie\u0165 priamo v ter\u00e9ne po\u010das prech\u00e1dzky s J\u00e1nom Urbanom, architektom a jedn\u00fdm z tvorcov Manu\u00e1lu verejn\u00fdch priestorov<\/p>\n<p>&nbsp;<\/p>\n<h3>OLO<\/h3>\n<p><strong>Mestsk\u00fd baz\u00e1r \u2013 Nevyhadzuj, daj veci kolova\u0165<\/strong><br \/>\n23. 4. 2022, 10:00 \u2013 18:00, are\u00e1l Komun\u00e1lneho podniku Bratislavy, Bazov\u00e1 8<br \/>\n\u0160tvrt\u00e9 kolo ob\u013e\u00faben\u00e9ho podujatia Mestsk\u00fd baz\u00e1r d\u00e1va druh\u00fa \u0161ancu predmetom, ktor\u00e9 s\u00fa pre niekoho zbyto\u010dn\u00e9, no in\u00e9mu by sa mohli z\u00eds\u0165. V\u010faka trom baz\u00e1rom, ktor\u00e9 sa konali za posledn\u00e9 dva roky, u\u017e 32 ton nepou\u017e\u00edvan\u00fdch vec\u00ed neskon\u010dilo ako odpad, ale posunuli sme ich na \u010fal\u0161ie pou\u017eitie. \u0160etr\u00edme tak pr\u00edrodn\u00e9 zdroje a podporujeme udr\u017eate\u013enos\u0165 a cirkul\u00e1rnu ekonomiku v Bratislave. Vyzbieran\u00e9 financie s\u00fa ulo\u017een\u00e9 na transparentnom \u00fa\u010dte a bud\u00fa pou\u017eit\u00e9 na vytvorenie stabiln\u00e9ho bratislavsk\u00e9ho reuse centra<\/p>\n<p>&nbsp;<\/p>\n<h3>MESTSK\u00c9 LESY<\/h3>\n<p><a href=\"https:\/\/www.visitbratislava.com\/sk\/podujatia\/lesnicke-dni\/\" target=\"_blank\" rel=\"noopener\"><strong>Lesn\u00edcke dni<\/strong><\/a><br \/>\n22. &#8211; 23. 4. 2022, 09:30 &#8211; 17:00 Partiz\u00e1nska l\u00faka<br \/>\nLesn\u00edcke dni s\u00fa celoslovensk\u00fdm podujat\u00edm ur\u010den\u00fdm v\u0161etk\u00fdm, ktor\u00ed miluj\u00fa slovensk\u00e9 lesy a pr\u00edrodu. Cie\u013eom podujatia je akt\u00edvne prezentova\u0165 lesy, ochranu pr\u00edrody i lesn\u00e9 hospod\u00e1rstvo formou r\u00f4znorod\u00fdch podujat\u00ed, programov a aktiv\u00edt lesnej pedagogiky. Na Partiz\u00e1nskej l\u00fake sa od 9:30 do 15:30 bude kona\u0165 program z n\u00e1zvom Po\u00e9zia dreva. Podujatia sa z\u00fa\u010dastnia lesn\u00edcke organiz\u00e1cie, organiz\u00e1cie ochrany pr\u00edrody, v\u010del\u00e1ri \u010di po\u013eovn\u00edcke zdru\u017eenie.<br \/>\n<em>Program:<\/em><br \/>\nS\u00fa\u0165a\u017ee pre deti do 15:00<br \/>\nPrehliadka po\u013eovn\u00fdch psov o 9:00<br \/>\nHrajme sa s drevom \u2013 aktivity lesnej pedagogiky<br \/>\nDajme drevu druh\u00fa \u0161ancu! \u2013 tvoriv\u00e9 dielne a technick\u00e1 pr\u00e1ca s drevom<br \/>\nZ denn\u00edka lesn\u00edka \u2013 Mil\u00ed moji kamar\u00e1ti<br \/>\nLes ukryt\u00fd v knihe &#8211; Slovom i krokom po Dendrologickom chodn\u00edku 11:00, 13:00 zraz pri vatre<br \/>\n20 rokov PEFC Slovensko<br \/>\nUk\u00e1\u017eky lesn\u00edckych \u010dinnost\u00ed, po\u013eovn\u00edctva, v\u010del\u00e1rstva, tradi\u010dn\u00e9ho b\u00e1bkov\u00e9ho divadla Teatro Carnevalo &#8211; Ga\u0161parko a z\u00e1zra\u010dn\u00e1 skrinka.<br \/>\nSokoliarske vyst\u00fapenie<br \/>\nZvieratk\u00e1 z biofarmy<br \/>\n15:30 Vatra<br \/>\n16:00 Koncert hudobnej skupiny<\/p>\n<p>&nbsp;<\/p>\n<h3>MESTSK\u00c1 POL\u00cdCIA<\/h3>\n<p>23. 4. 2022, 10:00 &#8211; 17:00<br \/>\n\u00datvar z\u00e1sahovej jednotky a kynol\u00f3gie, Obchodn\u00e1 ulica 29<br \/>\nPrezent\u00e1cia pr\u00e1ce mestskej pol\u00edcie. N\u00e1v\u0161tevn\u00edci spoznaj\u00fa v\u00fdstroj, v\u00fdzbroj, aut\u00e1 a aj techniku, s ktorou pracuj\u00fa pr\u00edslu\u0161n\u00edci mestskej pol\u00edcie. Policajtky a policajti predstavia ich pr\u00e1cu a aj situ\u00e1cie, s ktor\u00fdmi sa v hlavnom meste stret\u00e1vaj\u00fa.<\/p>\n<p>23. a 24. 4. 2022, 10:00<br \/>\n<strong>ZOO Bratislava<\/strong><br \/>\nN\u00e1v\u0161tevn\u00edkom zoologickej z\u00e1hrady predstavia \u010dlenky a \u010dlenovia kynol\u00f3gie pr\u00e1cu s poriadkov\u00fdmi psami, predved\u00fa ich poslu\u0161nos\u0165 a spravia im aj uk\u00e1\u017eku zadr\u017eania p\u00e1chate\u013ea. Stretnutie bude o 10:00 pri pavil\u00f3ne op\u00edc, od ktor\u00e9ho v\u00e1s odprevad\u00edme do priestorov kynologickej stanice mestskej pol\u00edcie, kde sa uskuto\u010dnia uk\u00e1\u017eky<\/p>\n<p>&nbsp;<\/p>\n<h3>DOPRAVN\u00dd PODNIK BRATISLAVA<\/h3>\n<p><a href=\"https:\/\/www.visitbratislava.com\/sk\/podujatia\/trolejbusovy-den-vo-vozovni-hrobonova\/\" target=\"_blank\" rel=\"noopener\"><strong>Trolejbusov\u00fd de\u0148 vo vozovni na Hrobo\u0148ovej<\/strong><\/a><br \/>\n10:00 \u2013 16:00, Vozov\u0148a Hrobo\u0148ova<br \/>\nPredstavenie trolejbusovej vozovne Hrobo\u0148ova prv\u00fdkr\u00e1t \u0161irokej verejnosti. Aktivity a s\u00fa\u0165a\u017ee pre rodiny s de\u0165mi, cestuj\u00facich a fan\u00fa\u0161ikov MHD sprev\u00e1dzan\u00e9 hudbou, rozhovormi, atrakt\u00edvnym v\u00fdkladom o fungovan\u00ed vozovne a workshopom. Ka\u017ed\u00fa hodinu v \u010dase od 11:00 do 15:00 sa uskuto\u010dn\u00ed komentovan\u00fd prejazd umyv\u00e1r\u0148ou a cez diel\u0148u.<br \/>\nS\u00fa\u010das\u0165ou trolejbusov\u00e9ho d\u0148a bude aj n\u00e1bor nov\u00fdch vodi\u010dov, pri\u010dom registrovan\u00ed z\u00e1ujemcovia o povolanie vodi\u010da dostan\u00fa mo\u017enos\u0165 vysk\u00fa\u0161a\u0165 si za\u0161of\u00e9rova\u0165 vozidlo v oddelenom priestore pod doh\u013eadom in\u0161truktora. O ob\u010derstvenie nebude taktie\u017e n\u00fadza. Priamo v are\u00e1li bude pripraven\u00e9 \u0161t\u00fdlov\u00e9 Trolejbus caf\u00e9 a nie\u010do mal\u00e9 na zahryznutie.<br \/>\nCh\u00fdba\u0165 nebude ani z\u00e1\u017eitkov\u00e1 jazda historick\u00fdmi vozidlami po mestskom okruhu so sprievodcom. Po\u010das jazdy si bud\u00fa m\u00f4c\u0165 cestuj\u00faci ozna\u010di\u0165 dobov\u00fd cestovn\u00fd l\u00edstok. Dopravn\u00fd podnik vyprav\u00ed tri historick\u00e9 linky (A) elektri\u010dka, (H) trolejbusy, (M) autobusy<\/p>\n<p>&nbsp;<\/p>\n<h3>MESTSK\u00c1 KNI\u017dNICA V BRATISLAVE<\/h3>\n<p>23. 4. 2022, 10:00 \u2013 18:00<br \/>\nDe\u0148 otvoren\u00fdch dver\u00ed v Mestskej kni\u017enici na pracovisk\u00e1ch:<br \/>\n\u00dasek kr\u00e1snej a cudzojazy\u010dnej literat\u00fary, Laurinsk\u00e1 5<br \/>\nOddelenie odbornej literat\u00fary, Klarisk\u00e1 16<br \/>\n\u00dasek literat\u00fary pre deti a ml\u00e1de\u017e, Kapuc\u00ednska 3<br \/>\nOddelenie hudobnej a umenovednej literat\u00fary, Kapuc\u00ednska 1<\/p>\n<p><strong>K\u00e1va s riadite\u013eom kni\u017enice<\/strong><br \/>\n23. 4. &#8211; 24. 4. 2022, 10:00 \u2013 12:00, 14:00 \u2013 16:00<br \/>\nOddelenie hudobnej a umenovednej literat\u00fary, Kapuc\u00ednska 1<br \/>\nTom\u00e1\u0161 \u0160tefek, riadite\u013e kni\u017enice, bude osobne k dispoz\u00edcii, pripraven\u00fd zozn\u00e1mi\u0165 sa, nadviaza\u0165 spolupr\u00e1cu, vypo\u010du\u0165 si \u017eelania, n\u00e1vrhy aj s\u0165a\u017enosti ka\u017ed\u00e9ho, komu dianie v kni\u017enici nie je \u013eahostajn\u00e9<\/p>\n<p><strong>Komentovan\u00e9 historick\u00e9 prehliadky<\/strong><br \/>\n23. 4. &#8211; 24. 4. 2022, 11:00 \u2013 13:00, 14:00 \u2013 17:00<br \/>\n\u00dasek literat\u00fary pre deti a ml\u00e1de\u017e, Kapuc\u00ednska 3<br \/>\nSpoznajte z\u00e1kutia budovy \u00daseku literat\u00fary pre deti a ml\u00e1de\u017e na Kapuc\u00ednskej. Nav\u0161t\u00edvite priestory kni\u017enice a zist\u00edte, ako fungovali kni\u017enice v minulosti. Dozviete sa nie\u010do o dejin\u00e1ch a obyvate\u013eoch budovy ako aj hist\u00f3rii jej okolia. Nie je nutn\u00e9 viaza\u0165 sa na konkr\u00e9tny \u010das, prehliadky sa bud\u00fa kona\u0165 priebe\u017ene na po\u017eiadanie pre skupiny i jednotlivcov<\/p>\n<p><strong>\u010c\u00edtanie so ps\u00edkmi<\/strong><br \/>\n23. 4. 2022, 11:00 \u2013 13:00<br \/>\nOddelenie pre nevidiacich a slabozrak\u00fdch, Klarisk\u00e1 16<br \/>\nDeti \u010d\u00edtaj\u00fa deti svojim \u0161tvornoh\u00fdm kamar\u00e1tom. Cie\u013eom je podpori\u0165 pozit\u00edvny vz\u0165ah k literat\u00fare a zvierat\u00e1m, ako aj zlep\u0161i\u0165 porozumenie textu a \u010d\u00edtanie nahlas<\/p>\n<p><strong>Uk\u00e1\u017eka v\u00fdcviku vodiacich psov<\/strong><br \/>\n23. 4. 2022, 14:00 \u2013 16:00<br \/>\nN\u00e1dvorie kni\u017enice, Klarisk\u00e1 16<br \/>\n\u010co v\u0161etko sa musia nau\u010di\u0165 ps\u00edky, aby mohli by\u0165 spo\u013eahliv\u00fdmi pomocn\u00edkmi nevidiacim \u013eu\u010fom?<br \/>\nspoluorganizuje: Psi na \u017eivot, o.z.<\/p>\n<p><strong>Slam na po\u010dkanie<\/strong><br \/>\n23. 4. 2022, 13:00 \u2013 18:00<br \/>\n\u00dasek literat\u00fary pre deti a ml\u00e1de\u017e, Kapuc\u00ednska 3<br \/>\nSlamov\u00e9 predstavenie pre jedn\u00e9ho div\u00e1ka. Improvizovan\u00e1 po\u00e9zia medzi \u0161tyrmi o\u010dami m\u00e1 svoju silu v kontakte medzi umelcom a div\u00e1kom. Tento takmer int\u00edmny priestor umo\u017e\u0148uje skuto\u010dne \u013eudsk\u00fd kontakt od srdca k srdcu, ktor\u00fd je zvl\u00e1\u0161\u0165 v tejto dobe tak potrebn\u00fd. Div\u00e1k vstupuje do vyhraden\u00e9ho priestoru, v ktorom sa nach\u00e1dza len on a slamer. Slamer intuit\u00edvne improvizuje ve\u013emi kr\u00e1tky text adresovan\u00fd nezn\u00e1memu, vznik\u00e1 tak unik\u00e1tna interakcia zalo\u017een\u00e1 na pocite a s\u00faznen\u00ed. Stretnutia prebiehaj\u00fa n\u00e1hode v priestoroch kni\u017enice<\/p>\n<p><strong>Kreat\u00edvna diel\u0148a \u2013 Vytvor si z\u00e1lo\u017eku z recyklovan\u00e9ho papiera<\/strong><br \/>\n23. 4. 2022, 11:00 \u2013 17:00<br \/>\n\u00dasek literat\u00fary pre deti a ml\u00e1de\u017e, Kapuc\u00ednska 3<br \/>\nWorkshopov\u00e9 poobedie pre deti (a dospel\u00fdch) pon\u00fakne v\u0161etko potrebn\u00e9 na v\u00fdrobu z\u00e1lo\u017eky z recyklovan\u00e9ho papiera. Kedyko\u013evek v \u010dase od 11:00 do 17:00 sa m\u00f4\u017eete zastavi\u0165 na \u00daseku literat\u00fary pre deti a ml\u00e1de\u017e a pusti\u0165 sa do tvorby. Bud\u00fa pre v\u00e1s pripraven\u00e9 \u0161peci\u00e1lne recyklovan\u00e9 papiere, p\u00edsmenkov\u00e9 razidl\u00e1, farby, farbi\u010dky. Podujatie je vhodn\u00e9 pre deti, ale aj dospel\u00fdch<\/p>\n<p>&nbsp;<\/p>\n<h3>GAL\u00c9RIA MESTA BRATISLAVY<\/h3>\n<p><strong>Odfo\u0165te sa so starou pre\u0161porskou rodinou<\/strong><br \/>\n22. \u2013 24. 4. 2022, 11:00 \u2013 18:00<br \/>\nP\u00e1lffyho pal\u00e1c, Pansk\u00e1 19<br \/>\nVstup: zdarma<br \/>\nPr\u00ed\u010fte na v\u00fdstavu spravi\u0165 si portr\u00e9t so zn\u00e1mou pre\u0161porskou rodinou. Zoberte cel\u00fa rodinu do P\u00e1llfyho pal\u00e1ca a zozn\u00e1mte sa s Filipom, Annou Barbarou a ich deviatimi de\u0165mi.<\/p>\n<p><strong>Oble\u010den\u00ed v hodv\u00e1be<\/strong><br \/>\n23. 4. 2022, 15:00 \u2013 18:00<br \/>\nP\u00e1llfyho pal\u00e1c, n\u00e1dvorie, Pansk\u00e1 19<br \/>\nScherzovci sa na svoj spolo\u010dn\u00fd portr\u00e9t naozaj vyobliekali. Ve\u010f aj patrili medzi re\u0161pektovan\u00e9 rodiny v Pre\u0161porku, ako sa kedysi volala Bratislava. Vysk\u00fa\u0161ajte, ak\u00fd hebk\u00fd m\u00f4\u017ee by\u0165 zamat \u010di dama\u0161ek a navrhnite si vlastn\u00fd dizajn l\u00e1tky na \u0161aty. Pr\u00ed\u010fte na n\u00e1dvorie P\u00e1lffyho pal\u00e1ca kedyko\u013evek medzi 15:00 \u2013 18:00 a lektori sa v\u00e1m bud\u00fa venova\u0165<\/p>\n<p><strong>Rohy v rohu<\/strong><br \/>\n22. \u2013 24. 4. 2022, 11:00 \u2013 18:00<br \/>\nMirbachov pal\u00e1c, Franti\u0161k\u00e1nske n\u00e1mestie 11<br \/>\nV gal\u00e9rii sa objavili nov\u00ed n\u00e1v\u0161tevn\u00edci z r\u00ed\u0161e zvierat. Zapojte sa do p\u00e1tracej akcie po s\u00e1lach, chodb\u00e1ch, schodisku, z\u00e1kutiach a n\u00e1jdite v\u0161etky poschov\u00e1van\u00e9 kopytn\u00edky, \u0161elmy, opice, plazy \u010di vt\u00e1ky. Za odmenu dostanete sklada\u010dku, vhodn\u00fd domov pre va\u0161e \u201c\u00falovky\u201d<\/p>\n<p><strong>Verejn\u00fd odpo\u010det 2021<\/strong><br \/>\n22. \u2013 24. 4. 2022, 11:00 \u2013 18:00<br \/>\nAteli\u00e9r GMB, Mirbachov pal\u00e1c, Franti\u0161k\u00e1nske n\u00e1mestie 11<br \/>\nPremietanie kr\u00e1tkeho videa o \u010dinnosti gal\u00e9rie za rok 2021.<br \/>\nRozhovor s riadite\u013ekou Gal\u00e9rie mesta Bratislavy Katar\u00ednou Trnovskou<\/p>\n<p><strong>Re\u0161taur\u00e1torsk\u00fd sprievod k v\u00fdstave Scherzovci. Re\u0161taurovanie rodinn\u00e9ho portr\u00e9tu<\/strong><br \/>\n23. 4. \u2013 24. 4. 2022, 16:00<br \/>\nP\u00e1lffyho pal\u00e1c, Pansk\u00e1 19<br \/>\nDlho o\u010dak\u00e1vanou v\u00fdstavou v\u00e1s prevedie re\u0161taur\u00e1torka z\u202fodborn\u00e9ho t\u00edmu GMB. Odkryje nov\u00e9 objavy z procesu druh\u00e9ho re-re\u0161taurovania najv\u00e4\u010d\u0161ieho rodinn\u00e9ho portr\u00e9tu v zbierke GMB<\/p>\n<p><strong>GMB predn\u00e1\u0161ka: Ako r\u00e1stla Bratislava<\/strong><br \/>\n23. 4. 2022, 17:00<br \/>\nMirbachov pal\u00e1c, Franti\u0161k\u00e1nske n\u00e1mestie 11<br \/>\nM\u00f4\u017eeme v podobe s\u00fa\u010dasn\u00e9ho stavu na\u0161eho hlavn\u00e9ho mesta vidie\u0165 skryt\u00e9 p\u00f4vodn\u00e9 princ\u00edpy, z\u00e1konitost\u00ed priestoru a jeho nepoznan\u00fd potenci\u00e1l? GMB poz\u00fdva na predn\u00e1\u0161ku akademick\u00e9ho maliara Du\u0161ana Badu, inici\u00e1tora publik\u00e1cie Bratislava Minulos\u0165 a bud\u00facnos\u0165, ktor\u00e1 vznikla v spolupr\u00e1ci s archeol\u00f3gmi, architektami a historikmi<\/p>\n<p>&nbsp;<\/p>\n<h3>M\u00daZEUM MESTA BRATISLAVY<\/h3>\n<p>23. 4. \u2013 24. 4. 2022, 10:00 \u2013 18:00<br \/>\nVo\u013en\u00fd vstup do priestorov M\u00fazea mesta Bratislavy.<br \/>\nPosledn\u00fd vstup 17:30.<br \/>\nHrad Dev\u00edn, vstupn\u00e9 2 \u20ac. Komentovan\u00e9 prehliadky ka\u017ed\u00fa hodinu<\/p>\n<p><span style=\"color: #d71920;\"><strong><em>STAR\u00c1 RADNICA<\/em><\/strong><\/span><\/p>\n<p><strong>Krov ve\u017ee Starej radnice<\/strong><br \/>\n23. 4. \u2013 24. 4. 2022, 10:00 \u2013 12:00<br \/>\nSpr\u00edstupnenie krovu ve\u017ee Starej radnice, kde sa nach\u00e1dza hodinov\u00fd stroj a zvon.<br \/>\nKapacita obmedzen\u00e1 na 4 \u013eud\u00ed, nutn\u00e1 rezerv\u00e1cia tu: https:\/\/goout.net\/sk\/muzeum-mesta-bratislavy\/vzgckd\/<\/p>\n<p><strong>Spr\u00edstupnenie \u017eal\u00e1ra v Starej radnici<\/strong><br \/>\n23. 4. \u2013 24. 4. 2022, 10:00 \u2013 18:00<br \/>\nV\u00fdnimo\u010dn\u00e1 mo\u017enos\u0165 nav\u0161t\u00edvi\u0165 priestor Starej radnice, ktor\u00fd je pre verejnos\u0165 obvykle nepr\u00edstupn\u00fd<\/p>\n<p><strong>Kr\u00e1tke lektorsk\u00e9 v\u00fdklady k vybran\u00fdm predmetom<\/strong><br \/>\n23. 4. \u2013 24. 4. 2022, 13:00 \u2013 15:00<br \/>\nExpoz\u00edcia dej\u00edn mesta<br \/>\nViete, ktor\u00e9 s\u00fa najvz\u00e1cnej\u0161ie predmety v zbierkach M\u00fazea mesta Bratislavy, pre\u010do sa v minulosti strie\u013ealo do ter\u010dov s vyobrazen\u00edm panovn\u00edka, ako sa kedysi volilo, alebo ak\u00e9 tajomstvo skr\u00fdvaj\u00fa m\u00fary Starej radnice? M\u00f4\u017eete sa to dozvedie\u0165 na lektorsk\u00fdch v\u00fdkladoch k vybran\u00fdm predmetom v expoz\u00edcii dej\u00edn mesta<\/p>\n<p><strong>Workshop: Pe\u010datidlo a pe\u010da\u0165<\/strong><br \/>\n23. 4. \u2013 24. 4. 2022, 13:00 \u2013 17:00<br \/>\nV\u00fdstavn\u00e1 sie\u0148 Starej radnice<br \/>\nOtvoren\u00e9 workshopy nielen pre deti na t\u00e9mu pe\u010datidla aj pe\u010date<\/p>\n<p><strong>Workshop: P\u00edsanie vlastnej listiny<\/strong><br \/>\n23. 4. \u2013 24. 4. 2022, 13:00 \u2013 17:00<br \/>\nV\u00fdstavn\u00e1 sie\u0148 Starej radnice<br \/>\nOtvoren\u00e9 workshopy nielen pre deti na t\u00e9mu, ako sa kedysi p\u00edsali listiny<\/p>\n<p><strong>Erbov\u00e9 privil\u00e9gium<\/strong><br \/>\n23. 4. 2022, 15:00<br \/>\nHistorick\u00fd arch\u00edv, Star\u00e1 radnica<br \/>\nKr\u00e1tka predn\u00e1\u0161ka autora prekladu listiny a mestsk\u00e9ho archiv\u00e1ra \u0160tefana Hriv\u0148\u00e1ka k listine \u017digmunda Luxembursk\u00e9ho. Kapacita obmedzen\u00e1 na 15 \u013eud\u00ed, nutn\u00e1 rezerv\u00e1cia<\/p>\n<p><strong>Re\u0161taurovanie a pr\u00e1ca s kovmi (predn\u00e1\u0161ka)<\/strong><br \/>\n23. 4. 2022, 14:00<br \/>\nV\u00fdstavn\u00e1 sie\u0148 Starej radnice<br \/>\nPri pr\u00edle\u017eitosti vystavenia zre\u0161taurovan\u00e9ho rokokov\u00e9ho \u0161t\u00edtu z bratislavsk\u00e9ho hostinca U zlat\u00e9ho barana predstav\u00ed n\u00e1\u0161 re\u0161taur\u00e1tor Milan Sedl\u00e1r r\u00f4zne techniky, ktor\u00e9 pri svojej pr\u00e1ci pou\u017e\u00edva. Kapacita obmedzen\u00e1 na 15 \u013eud\u00ed, nutn\u00e1 rezerv\u00e1cia<\/p>\n<p><span style=\"color: #d71920;\"><strong><em>M\u00daZEUM JANKA JESENSK\u00c9HO<\/em><\/strong><\/span><\/p>\n<p><strong>\u010c\u00edtanie listov Janka Jesensk\u00e9ho<\/strong><br \/>\n23. 4. \u2013 24. 4. 2022, 15:00, 16:00<br \/>\nM\u00fazeum Janka Jesensk\u00e9ho, Somolick\u00e9ho 2<br \/>\n\u010c\u00edtanie z kn\u00edh, osobnej kore\u0161pondencie a denn\u00edkov Janka Jesensk\u00e9ho spojen\u00e9 s kr\u00e1tkou \u00favodnou predn\u00e1\u0161kou o autorovom \u017eivote a jeho tvorbe.<br \/>\nKapacita podujat\u00ed v \u010dase od 15.00 do 16.30 obmedzen\u00e1 na 15 \u013eud\u00ed, nutn\u00e1 rezerv\u00e1cia.<br \/>\nM\u00fazeum bude otvoren\u00e9 od 14.00 do 17.00<\/p>\n<p>&nbsp;<\/p>\n<h3>ZOO BRATISLAVA<\/h3>\n<p><strong>Sprev\u00e1dzanie v ZOO<\/strong><br \/>\n23. \u2013 24. 4. 2022, 11:00, 14:00<br \/>\nPredstavia sa v\u00e1m zvierat\u00e1 zbl\u00edzka a\u202fzamestnanci v\u00e1s preved\u00fa \u010das\u0165ou zoologickej z\u00e1hrady. Sprev\u00e1dzanie je z\u00e1\u017eitkom pre ka\u017ed\u00e9ho, kto sa chce dozvedie\u0165 viac o\u202ffungovan\u00ed zoologickej z\u00e1hrady a o\u202fna\u0161ich zvierat\u00e1ch. Prehliadku zakon\u010d\u00ed komentovan\u00e9 k\u0155menie zvierat.<\/p>\n<p><strong>V\u00fdstava zoologick\u00fdch prepar\u00e1tov<\/strong><br \/>\n23. \u2013 24. 4. 2022, 10:00 \u2013 16:00<br \/>\nStretnutie pri nosoro\u017ecoch<br \/>\nT\u00edm zool\u00f3gov m\u00e1 pre v\u00e1s pripraven\u00e9 zauj\u00edmav\u00e9 prepar\u00e1ty zo vz\u00e1cnych zvierat a\u202fveterin\u00e1rne pom\u00f4cky. Tipnete si, ktor\u00e9 vaj\u00ed\u010dko patr\u00ed ktor\u00e9mu operencovi?<\/p>\n<p><strong>V\u00fdstava \u0165a\u017ekej techniky<\/strong><br \/>\n23. \u2013 24. 4. 2022, po\u010das otv\u00e1rac\u00edch hod\u00edn ZOO<br \/>\nStretnutie nad v\u00fdbehom pre kone (smerom k nosoro\u017ecom)<br \/>\nHospod\u00e1rska spr\u00e1va ZOO v\u00e1m predstav\u00ed svoje stroje, ktor\u00e9 sl\u00fa\u017eia na \u00fadr\u017ebu are\u00e1lu, ale aj na n\u00e1ro\u010dn\u00e9 pr\u00e1ce v\u202fter\u00e9ne. Najm\u00e4 traktory pote\u0161ia nejedn\u00e9ho mal\u00e9ho n\u00e1v\u0161tevn\u00edka.<\/p>\n<p><strong>Vzdel\u00e1vac\u00ed ostrov a detsk\u00e9 workshopy<\/strong><br \/>\n23. \u2013 24. 4. 2022, 13:00 \u2013 15:00<br \/>\nStretnutie pri alt\u00e1nku ved\u013ea bufetu Plameniak<br \/>\nDeti si bud\u00fa m\u00f4c\u0165 sami vysk\u00fa\u0161a\u0165 svoju jemn\u00fa motoriku. Z\u202fpapiera bud\u00fa r\u00f4znymi technikami vytv\u00e1ra\u0165 postavi\u010dky zo zvieracej r\u00ed\u0161e.<\/p>\n<p><strong>Detsk\u00e9 divadielko Babena<\/strong><br \/>\n23. \u2013 24. 4. 2022, 15:00<br \/>\nIhrisko pri Plameniakoch<br \/>\nZav\u00edtate do z\u00e1zra\u010dn\u00e9ho sveta zvieratiek a s pomocou det\u00ed nau\u010d\u00edme neporiadne ma\u010di\u010dky \u010do je dobr\u00e9 a \u010do zl\u00e9.<\/p>\n<p><strong>\u0160ifrovacia hra<\/strong><br \/>\n23. \u2013 24. 4. 2022, po\u010das otv\u00e1rac\u00edch hod\u00edn ZOO<br \/>\nVydajte sa so svojimi de\u0165mi na dobrodru\u017en\u00fa cestu po ZOO- h\u013eadajte spr\u00e1vne odpovede a\u202fvyhrajte zauj\u00edmav\u00e9 ceny. Are\u00e1lov\u00fa hru dostanete spolu so vstupenkami pri pokladni.<\/p>\n<p><strong>iHRYsko<\/strong><br \/>\n23. \u2013 24. 4. 2022, 15:00 \u2013 18:00<br \/>\nNad Pavil\u00f3nom op\u00edc<br \/>\nS\u202fv\u00fdh\u013eadom na na\u0161e \u0161impanzy a\u202forangutany si budete m\u00f4c\u0165 vysk\u00fa\u0161a\u0165 zauj\u00edmav\u00e9 spolo\u010densk\u00e9 hry aj so zvieracou tematikou.<\/p>\n<p><strong>Kynol\u00f3govia<\/strong><br \/>\n23. \u2013 24. 4. 2022, 10:30<br \/>\nNad detsk\u00fdm ihriskom pri plameniakoch<br \/>\nPr\u00edslu\u0161n\u00edci mestskej pol\u00edcie, ktor\u00ed pracuj\u00fa so svojim \u0161tvornoh\u00fdmi partnermi v\u00e1m uk\u00e1\u017eu, \u010do v\u0161etko dok\u00e1\u017eu v\u202fter\u00e9ne<\/p>\n","protected":false},"excerpt":{"rendered":"<p>METROPOLITN\u00dd IN\u0160TIT\u00daT BRATISLAVY 23. 4. 2022 09:00 \u2013 17:00 St\u00e1nok s materi\u00e1lmi z dielne MIBu a inform\u00e1ciami o aktivit\u00e1ch za 3 roky fungovania 11:00 a 13:30 Prech\u00e1dzka &#8211; dobr\u00e9 a zl\u00e9 pr\u00edklady vo verejnom priestore MIB si pre n\u00e1v\u0161tevn\u00edkov svojho st\u00e1nku pripravil zauj\u00edmav\u00e9 materi\u00e1ly o funk\u010dnom a kvalitnom verejnom priestore. Ako vyzeraj\u00fa dobr\u00e9 a zl\u00e9 [&hellip;]<\/p>\n","protected":false},"author":32,"featured_media":134426,"parent":133997,"menu_order":0,"comment_status":"closed","ping_status":"closed","template":"","meta":[],"acf":[],"_links":{"self":[{"href":"https:\/\/www.visitbratislava.com\/sk\/wp-json\/wp\/v2\/pages\/134020"}],"collection":[{"href":"https:\/\/www.visitbratislava.com\/sk\/wp-json\/wp\/v2\/pages"}],"about":[{"href":"https:\/\/www.visitbratislava.com\/sk\/wp-json\/wp\/v2\/types\/page"}],"author":[{"embeddable":true,"href":"https:\/\/www.visitbratislava.com\/sk\/wp-json\/wp\/v2\/users\/32"}],"replies":[{"embeddable":true,"href":"https:\/\/www.visitbratislava.com\/sk\/wp-json\/wp\/v2\/comments?post=134020"}],"version-history":[{"count":7,"href":"https:\/\/www.visitbratislava.com\/sk\/wp-json\/wp\/v2\/pages\/134020\/revisions"}],"predecessor-version":[{"id":135123,"href":"https:\/\/www.visitbratislava.com\/sk\/wp-json\/wp\/v2\/pages\/134020\/revisions\/135123"}],"up":[{"embeddable":true,"href":"https:\/\/www.visitbratislava.com\/sk\/wp-json\/wp\/v2\/pages\/133997"}],"wp:featuredmedia":[{"embeddable":true,"href":"https:\/\/www.visitbratislava.com\/sk\/wp-json\/wp\/v2\/media\/134426"}],"wp:attachment":[{"href":"https:\/\/www.visitbratislava.com\/sk\/wp-json\/wp\/v2\/media?parent=134020"}],"curies":[{"name":"wp","href":"https:\/\/api.w.org\/{rel}","templated":true}]}}