{"id":134022,"date":"2022-04-08T16:45:38","date_gmt":"2022-04-08T14:45:38","guid":{"rendered":"https:\/\/www.visitbratislava.com\/?page_id=134022"},"modified":"2022-04-16T00:58:49","modified_gmt":"2022-04-15T22:58:49","slug":"kam-v-nedelu","status":"publish","type":"page","link":"https:\/\/www.visitbratislava.com\/sk\/bratislavske-mestske-dni\/kam-v-nedelu\/","title":{"rendered":"Kam v nede\u013eu"},"content":{"rendered":"<h3>BRATISLAVA TOURIST BOARD<\/h3>\n<p><strong>S\u00e1m sebe sprievodcom<\/strong><br \/>\nTerm\u00edn: 23. &#8211; 24. apr\u00edla od 10:00 \u2013 17:00<br \/>\nprehliadka Primaci\u00e1lneho pal\u00e1ca s vyu\u017eit\u00edm audio sprievodcov<\/p>\n<p><a href=\"https:\/\/www.visitbratislava.com\/sk\/podujatia\/prehliadka-centra-bratislavy-v-ukrajincine\/\" target=\"_blank\" rel=\"noopener\"><strong>Prehliadka centra Bratislavy v ukrajinskom jazyku<\/strong><\/a><br \/>\nTerm\u00edn: 24. apr\u00edla od 11:00 do 12:30 a od 14:00 do 15:30<br \/>\nMiesto stretnutia: Primaci\u00e1lne n\u00e1mestie<br \/>\nJazyk prehliadky: ukrajin\u010dina<br \/>\nVstup: bezplatn\u00fd<br \/>\nSprev\u00e1dza: Halyna Holinkov\u00e1<\/p>\n<p><strong>Divadeln\u00e1 Bratislava<\/strong><br \/>\nTerm\u00edn: 24. apr\u00edla od 10:00 do 12:00<br \/>\nMiesto stretnutia: pred Ministerstvom kult\u00fary (Divadlo Astorka)<br \/>\nJazyk prehliadky: sloven\u010dina<br \/>\nVstup: bezplatn\u00fd<br \/>\nSprev\u00e1dza: Eva \u010cubr\u00edkov\u00e1<br \/>\nPripomenieme si, kde st\u00e1la legend\u00e1rna Stoka a zist\u00edme, ak\u00e9 divadlo vyr\u00e1stlo v jej bl\u00edzkosti, na \u010do sl\u00fa\u017eil Here\u010d\u00e1k alebo Dom hr\u00f4zy, kde nacvi\u010dovali divadlo \u0161tudenti, \u010do to znamen\u00e1 Ifj\u00fa sz\u00edvek a kde na\u0161lo azyl divadlo Ar\u00e9na.<\/p>\n<p><strong>Bezbari\u00e9rov\u00e1 prehliadka historick\u00e9ho centra mesta<\/strong><br \/>\nTerm\u00edn: 24. apr\u00edla od 10:00 do 11:30<br \/>\nMiesto stretnutia: Rybn\u00e9 n\u00e1mestie<br \/>\nJazyk prehliadky: sloven\u010dina<br \/>\nVstup: bezplatn\u00fd<br \/>\nSprev\u00e1dza: Milan Hulej<br \/>\nHoci sa prv\u00e1 p\u00edsomn\u00e1 zmienka o Bratislave via\u017ee k hradu, mesto sa za\u010dalo stava\u0165 a opev\u0148ova\u0165 na v\u00fdchod od neho. R\u00fdchlo rozv\u00edjaj\u00faci sa spolo\u010densk\u00fd a kult\u00farny \u017eivot vytvoril v\u0161etky predpoklady na to, aby jej boli udelen\u00e9 mestsk\u00e9 privil\u00e9gi\u00e1 v roku 1291 a mohla sa nesk\u00f4r sta\u0165 slobodn\u00fdm kr\u00e1\u013eovsk\u00fdm mestom. Pr\u00e1ve touto najstar\u0161ou \u010das\u0165ou mesta povedie na\u0161a prehliadka.<br \/>\nTrasa: Hviezdoslavovo n\u00e1m. &#8211; Sedl\u00e1rska ulica &#8211; Hlavne n\u00e1mestie &#8211; Kostoln\u00e1 ulica &#8211; Primaci\u00e1lne n\u00e1mestie &#8211; Klobu\u010dn\u00edcka ulica &#8211; N\u00e1mestie SNP &#8211; Laurinsk\u00e1 ulica &#8211; n\u00e1dvorie Primaci\u00e1lneho pal\u00e1ca &#8211; n\u00e1dvorie Starej radnice &#8211; Hlavn\u00e9 n\u00e1mestie &#8211; Sedl\u00e1rska ulica &#8211; Vent\u00farska ulica &#8211; Pansk\u00e1 ulica &#8211; Rybn\u00e9 n\u00e1mestie<br \/>\nCela trasa je bezbari\u00e9rov\u00e1 a nevy\u017eaduje asistenciu \u0164ZP<\/p>\n<p><strong>Korunova\u010dn\u00e1 Bratislava<\/strong><br \/>\nTerm\u00edn: 24. apr\u00edla od 10:00 do 12:00<br \/>\nMiesto stretnutia: Bratislavsk\u00fd hrad<br \/>\nJazyk prehliadky: sloven\u010dina<br \/>\nVstup: bezplatn\u00fd<br \/>\nSprev\u00e1dza: Adelinda Je\u017eovicov\u00e1<br \/>\nViete pre\u010do bola Bratislava korunova\u010dn\u00fdm mestom? Ko\u013eko kr\u00e1\u013eov a kr\u00e1\u013eovien bolo u n\u00e1s korunovanych? Kde prebiehala samotn\u00e1 korunov\u00e1cia? Pre\u010do sa mam\u017eel M\u00e1rie Ter\u00e9zie nemohol z\u00fa\u010dastni\u0165 hlavnej \u010dasti korunov\u00e1cie svojej man\u017eelky? Kde sa nach\u00e1dza najv\u00e4\u010d\u0161ia koruna Sv. \u0160tefana? Ko\u013eko bronzov\u00fdch koruniek m\u00f4\u017ete n\u00e1js\u0165 na chodn\u00edkoch star\u00e9ho mesta? To a mnoho \u010fal\u0161\u00edch zauj\u00edmavosti o korunovaciach v na\u0161om meste sa m\u00f4\u017eete dozvedie\u0165 po\u010das vych\u00e1dzky Korunova\u010dn\u00e1 Bratislava.<br \/>\nTrasa: Bratislavsk\u00fd hrad, Beblav\u00e9ho, Katedr\u00e1la Sv. Martina, Pansk\u00e1 ulica, Vent\u00farska, Sedl\u00e1rska, Hlavn\u00e9 n\u00e1mestie, Franti\u0161k\u00e1nsky kostol, Biela ulica, Michalsk\u00e1 br\u00e1na<\/p>\n<p><strong>Cykloprehliadka k Lu\u017en\u00e9mu mostu<\/strong><br \/>\nTerm\u00edn: 24. apr\u00edla od 10:00 do 15:00<br \/>\nMiesto stretnutia: Primaci\u00e1lne n\u00e1mestie<br \/>\nJazyk prehliadky: sloven\u010dina<br \/>\nVstup: bezplatn\u00fd<br \/>\nSprev\u00e1dza: \u0160tefan Kme\u0165<br \/>\nPoz\u00fdvame v\u00e1s na cyklov\u00fdlet a spozn\u00e1vanie oblast\u00ed na najju\u017enej\u0161om konci Bratislavy.Cestu za\u010dneme po hr\u00e1dzi na pravom brehu Dunaja, od Star\u00e9ho mosta, spomenieme a pod\u013ea po\u010dasia nav\u0161t\u00edvime menej zn\u00e1me bunkre v okol\u00ed rieky. Rozl\u00fa\u010dime sa s Petr\u017ealkou jej nov\u0161ou a najnov\u0161ou hist\u00f3riou, dotkneme sa hist\u00f3rie Rusoviec, Jaroviec a tie\u017e zdrojov na\u0161ej ka\u017edodennej pitnej vody. Lu\u017en\u00fd most poskytuje kr\u00e1sne v\u00fdh\u013eady na Dunaj. Trasa nie je n\u00e1ro\u010dn\u00e1, bez v\u00e4\u010d\u0161\u00edch prev\u00fd\u0161en\u00ed, v pr\u00edpade dobre zjazdn\u00fdch chodn\u00edkov, prejdeme krat\u0161ie \u00faseky po po\u013en\u00fdch cest\u00e1ch a v lese<\/p>\n<p><strong>Zlat\u00e1 \u00e9ra bratislavsk\u00fdch k\u00edn<\/strong><br \/>\nTrm\u00edn: 24. apr\u00edla od 13:30 do 15:30<br \/>\nMiesto stretnutia: Koll\u00e1rovo n\u00e1mestie (mal\u00fd par\u010d\u00edk oproti divadlu Nov\u00e1 Sc\u00e9na)<br \/>\nJazyk prehliadky: sloven\u010dina<br \/>\nVstup: bezplatn\u00fd<br \/>\nSprev\u00e1dza: Eva \u010cubr\u00edkov\u00e1<br \/>\nZlat\u00fd vek bratislavsk\u00fdch k\u00edn a \u010dasy, kedy sa st\u00e1lo v z\u00e1stupoch na l\u00edstky s\u00fa u\u017e d\u00e1vno pre\u010d. Pominula sa aj \u00e9ra jednos\u00e1lov\u00fdch k\u00edn a filmov\u00fd div\u00e1k sa preniesol inam&#8230;Kam sa stratili legend\u00e1rne a ob\u013e\u00faben\u00e9 bratislavsk\u00e9 kin\u00e1? Ak\u00e9 boli ich \u010dasto sa meniace n\u00e1zvy? Ktor\u00e9 z nich pre\u017eili a \u010do sa stalo s t\u00fdmi ostatn\u00fdmi? Viete, \u017ee najstar\u0161ie kino v na\u0161om meste funguje dodnes? Po\u010das prehliadky si zaspom\u00edname aj na letn\u00e9 kin\u00e1 a filmy, v ktor\u00fdch si zahrala hlavn\u00fa \u00falohu Bratislava&#8230;.a je ich veru dos\u0165.<\/p>\n<p><strong>Bezbari\u00e9rov\u00e1 prehliadka Primaci\u00e1lneho pal\u00e1ca<\/strong><br \/>\nTerm\u00edn: 24. apr\u00edla od 14:00 do 15:30<br \/>\nMiesto stretnutia: Primaci\u00e1lne n\u00e1mestie pri studni<br \/>\nJazyk prehliadky: sloven\u010dina<br \/>\nVstup: bezplatn\u00fd<br \/>\nSprev\u00e1dza: Milan Hulej<br \/>\nKto sa v dne\u0161nom upon\u00e1h\u013eanom svete dok\u00e1\u017ee nachv\u00ed\u013eku zastavi\u0165 pred mestsk\u00fdm magistr\u00e1tom, \u013eah\u0161ie uprie zrak na mohutn\u00fd klob\u00fak \u010dnej\u00faci sa na samom vrchole Primaci\u00e1lneho pal\u00e1ca. A to aj z poz\u00edcie \u0161tvorkolesov\u00fdch pomocn\u00edkov, na ktor\u00fdch sa po\u013eahky dostanete i do interi\u00e9ru tohto ve\u013ekolep\u00e9ho stavebn\u00e9ho klenotu z obdobia klasicizmu. Takmer 300 kg v\u00e1\u017eiaci klob\u00fak chr\u00e1niaci jeho tympan\u00f3n pripom\u00edna, \u017ee Bratislava bola v minulosti korunova\u010dn\u00fdm mestom a \u017ee ve\u013ek\u00fa \u00falohu pri samotnej korunov\u00e1cii zohr\u00e1val pr\u00e1ve kardin\u00e1l s\u00eddliaci v tomto pal\u00e1ci. Po\u010das prehliadky si predstav\u00edme nielen bohat\u00fa a v\u00fdznamn\u00fa hist\u00f3riu, ale aj s\u00fa\u010dasnos\u0165 jedn\u00e9ho z najluxusnej\u0161\u00edch mestsk\u00fdch pal\u00e1cov a nazrieme do tajov jeho vn\u00fatra.<br \/>\nCela trasa je bezbari\u00e9rov\u00e1 a nevy\u017eaduje asistenciu \u0164ZP<\/p>\n<p><strong>Ru\u017einov zn\u00e1my &#8211; nezn\u00e1my<\/strong><br \/>\nTerm\u00edn: 24. apr\u00edla od 14:00 do 17:00<br \/>\nMiesto stretnutia: Dulovo n\u00e1mestie, pred hotelom Apollo<br \/>\nJazyk prehliadky: sloven\u010dina<br \/>\nVstup: bezplatn\u00fd<br \/>\nSprev\u00e1dza: Adelinda Je\u017eovicov\u00e1<br \/>\nPo\u010das prehliadky si porozpr\u00e1vame, ako sa za posledn\u00fdch dvesto rokov zmenil charakter a tv\u00e1r tejto mestskej \u010dasti, kde sa nach\u00e1dzala \u017eelezni\u010dn\u00e1 stanica Nov\u00e9 mesto- Nivy, o hist\u00f3rii Cvernovky, na \u010do p\u00f4vodne sl\u00fa\u017eila budova Pos\u00e1dkovej hudby, kde sa nach\u00e1dza Font\u00e1na milencov, \u010do st\u00e1lo na mieste dne\u0161n\u00e9ho Trhoviska Mileti\u010dova, kde boli \u201cCholera baraky\u201d,?ako sa b\u00fdvalo v Bellu\u0161ovych domoch, kde n\u00e1jdeme tzv. Palu\u0161\u00e1ky, ak\u00e9 umeleck\u00e9 dielo sa nach\u00e1dza na fas\u00e1de Nemocnice s poliklinikou Ru\u017einov a mnoho \u010fal\u0161\u00edch zauj\u00edmavost\u00ed.<br \/>\nTrasa: Dulovo n\u00e1mestie &#8211; Ko\u0161ick\u00e1 ulica &#8211; Mileti\u010dova ulica &#8211; Ru\u017eov\u00e1 dolina &#8211; Bajkalsk\u00e1 ulica- Ru\u017einovsk\u00e1 ulica &#8211; park Andreja Hlinku &#8211; koniec prehliadky pri buste A. Hlinku<\/p>\n<p><strong>Tajomstv\u00e1 a poklady Lama\u010da \u2013 prehliadka pre rodiny s de\u0165mi<\/strong><br \/>\nTerm\u00edn: 24. apr\u00edla od 16:00 do 17:30<br \/>\nMiesto stretnutia: Malokarpatsk\u00e9 n\u00e1mestie (pri soche \u010ditate\u013eky)<br \/>\nJazyk prehliadky: sloven\u010dina<br \/>\nVstup: bezplatn\u00fd<br \/>\nSprev\u00e1dza: Andrea Turansk\u00e1<br \/>\nVedeli ste, \u017ee \u00fazemie dne\u0161n\u00e9ho Lama\u010da v minulosti patrilo prv\u00e9mu zn\u00e1memu bratislavsk\u00e9mu richt\u00e1rovi Jakubovi? Zat\u00falame sa do \u010falekej hist\u00f3rie, povieme si, ako Lama\u010d vznikol, kto ochra\u0148oval jeho obyvate\u013eov pred morom a pripomenieme si aj \u010dasy, kedy pod\u013ea star\u00fdch Lama\u010danov na poliach r\u00e1stlo krvav\u00e9 obilie.V r\u00e1mci prehliadky nav\u0161t\u00edvime aj kaplnku Sv. Roz\u00e1lie, ktor\u00e1 bola postaven\u00e1 z v\u010faky za ukon\u010denie morovej epid\u00e9mie v rokoch 1678-1679<\/p>\n<p><strong>Asisten\u010dn\u00e1 slu\u017eba TIC BTB v ukrajinskom jazyku<\/strong><br \/>\n23. &#8211; 24. 4. 2022, 10:00 \u2013 16:00<br \/>\nTuristick\u00e9 informa\u010dn\u00e9 centrum BTB na Klobu\u010dn\u00edckej ulici \u010d. 2 poskytne z\u00e1kladn\u00fd informa\u010dn\u00fd servis pre ukrajinsky hovoriacich. Ukrajinsky hovoriaci asistent bude k dispoz\u00edcii v uvedenom \u010dase s v\u00fdnimkou doby trvania prehliadok mesta o 11:00 a 14:00.<\/p>\n<p>&nbsp;<\/p>\n<h3>MESTSK\u00c1 POL\u00cdCIA<\/h3>\n<p><strong>Kynol\u00f3govia v ZOO Bratislava<\/strong><br \/>\n23 &#8211; 24. 4. 2022, 10:00<br \/>\nN\u00e1v\u0161tevn\u00edkom zoologickej z\u00e1hrady predstavia \u010dlenky a \u010dlenovia kynol\u00f3gie pr\u00e1cu s poriadkov\u00fdmi psami, predved\u00fa ich poslu\u0161nos\u0165 a spravia im aj uk\u00e1\u017eku zadr\u017eania p\u00e1chate\u013ea. Stretnutie bude o 10:00 pri pavil\u00f3ne op\u00edc, od ktor\u00e9ho v\u00e1s odprevad\u00edme do priestorov kynologickej stanice mestskej pol\u00edcie, kde sa uskuto\u010dnia uk\u00e1\u017eky<\/p>\n<p>&nbsp;<\/p>\n<h3>MESTSK\u00c1 KNI\u017dNICA V BRATISLAVE<\/h3>\n<p><strong>K\u00e1va s riadite\u013eom kni\u017enice<\/strong><br \/>\n23. 4. &#8211; 24. 4. 2022, 10:00 &#8211; 12:00, 14:00 &#8211; 16:00<br \/>\nOddelenie hudobnej a umenovednej literat\u00fary, Kapuc\u00ednska 1<br \/>\nTom\u00e1\u0161 \u0160tefek, riadite\u013e kni\u017enice, bude osobne k dispoz\u00edcii, pripraven\u00fd zozn\u00e1mi\u0165 sa, nadviaza\u0165 spolupr\u00e1cu, vypo\u010du\u0165 si \u017eelania, n\u00e1vrhy aj s\u0165a\u017enosti ka\u017ed\u00e9ho, komu dianie v kni\u017enici nie je \u013eahostajn\u00e9<\/p>\n<p><strong>Komentovan\u00e9 historick\u00e9 prehliadky<\/strong><br \/>\n23. 4. &#8211; 24. 4. 2022, 11:00 &#8211; 13:00, 14:00 &#8211; 17:00<br \/>\n\u00dasek literat\u00fary pre deti a ml\u00e1de\u017e, Kapuc\u00ednska 3<br \/>\nSpoznajte z\u00e1kutia budovy \u00daseku literat\u00fary pre deti a ml\u00e1de\u017e na Kapuc\u00ednskej. Nav\u0161t\u00edvite priestory kni\u017enice a zist\u00edte, ako fungovali kni\u017enice v minulosti. Dozviete sa nie\u010do o dejin\u00e1ch a obyvate\u013eoch budovy ako aj hist\u00f3rii jej okolia. Nie je nutn\u00e9 viaza\u0165 sa na konkr\u00e9tny \u010das, prehliadky sa bud\u00fa kona\u0165 priebe\u017ene na po\u017eiadanie pre skupiny i jednotlivcov<\/p>\n<p><strong>De\u0148 otvoren\u00fdch dver\u00ed v Mestskej kni\u017enici<\/strong><br \/>\n24. 4. 2022, 10:00 &#8211; 18:00<br \/>\n\u00dasek literat\u00fary pre deti a ml\u00e1de\u017e, Kapuc\u00ednska 3<br \/>\nOddelenie hudobnej a umenovednej literat\u00fary, Kapuc\u00ednska 1<\/p>\n<p><strong>Kreat\u00edvna diel\u0148a \u2013 Vytvor si papier, ktor\u00fd vyrastie<\/strong><br \/>\n24. 4. 2022, 11:00-17:00<br \/>\n\u00dasek literat\u00fary pre deti a ml\u00e1de\u017e, Kapuc\u00ednska 3<br \/>\nWorkshopov\u00e9 poobedie pre deti (a dospel\u00fdch) pon\u00fakne v\u0161etko potrebn\u00e9 na v\u00fdrobu rast\u00faceho papiera, ktor\u00fd je pln\u00fd semienok. Kedyko\u013evek v \u010dase od 11:00 do 17:00 sa m\u00f4\u017eete zastavi\u0165 na \u00daseku literat\u00fary pre deti a ml\u00e1de\u017e a pusti\u0165 sa do tvorby. Bud\u00fa pre v\u00e1s pripraven\u00e9 \u0161peci\u00e1lne recyklovan\u00e9 papiere a semienka r\u00f4znych rastl\u00edn. Podujatie je vhodn\u00e9 pre deti, ale aj dospel\u00fdch<\/p>\n<p>&nbsp;<\/p>\n<h3>GAL\u00c9RIA MESTA BRATISLAVY<\/h3>\n<p><strong>Odfo\u0165te sa so starou pre\u0161porskou rodinou<\/strong><br \/>\n22. &#8211; 24. 4. 2022, 11:00 &#8211; 18:00<br \/>\nP\u00e1lffyho pal\u00e1c, Pansk\u00e1 19<br \/>\nVstup: zdarma<br \/>\nPr\u00ed\u010fte na v\u00fdstavu spravi\u0165 si portr\u00e9t so zn\u00e1mou pre\u0161porskou rodinou. Zoberte cel\u00fa rodinu do P\u00e1llfyho pal\u00e1ca a zozn\u00e1mte sa s Filipom, Annou Barbarou a ich deviatimi de\u0165mi<\/p>\n<p><strong>Rohy v rohu<\/strong><br \/>\n22. &#8211; 24. 4. 2022, 11:00 &#8211; 18:00<br \/>\nMirbachov pal\u00e1c, Franti\u0161k\u00e1nske n\u00e1mestie 11<br \/>\nV gal\u00e9rii sa objavili nov\u00ed n\u00e1v\u0161tevn\u00edci z r\u00ed\u0161e zvierat. Zapojte sa do p\u00e1tracej akcie po s\u00e1lach, chodb\u00e1ch, schodisku, z\u00e1kutiach a n\u00e1jdite v\u0161etky poschov\u00e1van\u00e9 kopytn\u00edky, \u0161elmy, opice, plazy \u010di vt\u00e1ky. Za odmenu dostanete sklada\u010dku, vhodn\u00fd domov pre va\u0161e \u201c\u00falovky\u201d<\/p>\n<p><strong>Verejn\u00fd odpo\u010det 2021<\/strong><br \/>\n22. &#8211; 24. 4. 2022, 11:00 &#8211; 18:00<br \/>\nAteli\u00e9r GMB, Mirbachov pal\u00e1c, Franti\u0161k\u00e1nske n\u00e1mestie 11<br \/>\nPremietanie kr\u00e1tkeho videa o \u010dinnosti gal\u00e9rie za rok 2021.<br \/>\nRozhovor s riadite\u013ekou Gal\u00e9rie mesta Bratislavy Katar\u00ednou Trnovskou<\/p>\n<p><strong>Re\u0161taur\u00e1torsk\u00fd sprievod k v\u00fdstave Scherzovci. Re\u0161taurovanie rodinn\u00e9ho portr\u00e9tu<\/strong><br \/>\n23. 4. &#8211; 24. 4. 2022, 16:00<br \/>\nP\u00e1lffyho pal\u00e1c, Pansk\u00e1 19<br \/>\nDlho o\u010dak\u00e1vanou v\u00fdstavou v\u00e1s prevedie re\u0161taur\u00e1torka z odborn\u00e9ho t\u00edmu GMB. Odkryje nov\u00e9 objavy z procesu druh\u00e9ho re-re\u0161taurovania najv\u00e4\u010d\u0161ieho rodinn\u00e9ho portr\u00e9tu v zbierke GMB<\/p>\n<p><strong>Riadite\u013eka \u010d\u00edta de\u0165om<\/strong><br \/>\n24. 4. 2022, 15:00<br \/>\nMirbachov pal\u00e1c, Franti\u0161k\u00e1nske n\u00e1mestie 11<br \/>\nNede\u013en\u00e9 popoludnie je ako stvoren\u00e9 na prech\u00e1dzku s de\u0165mi do mesta. Zastavte sa v Gal\u00e9rii mesta Bratislavy vypo\u010du\u0165 si rozpr\u00e1vky v podan\u00ed riadite\u013eky Katar\u00edny Trnovskej<\/p>\n<p>&nbsp;<\/p>\n<h3>M\u00daZEUM MESTA BRATISLAVY<\/h3>\n<p><strong>Vo\u013en\u00fd vstup do priestorov M\u00fazea mesta Bratislavy<\/strong><br \/>\n23. 4. &#8211; 24. 4. 2022, 10:00 &#8211; 18:00<br \/>\nPosledn\u00fd vstup 17:30.<br \/>\nHrad Dev\u00edn, vstupn\u00e9 2 \u20ac. Komentovan\u00e9 prehliadky ka\u017ed\u00fa hodinu<\/p>\n<p><em><strong><span style=\"font-size: 14pt;\">Star\u00e1 radnica<\/span><\/strong><\/em><\/p>\n<p><strong>Krov ve\u017ee Starej radnice<\/strong><br \/>\n23. 4. &#8211; 24. 4. 2022, 10:00 &#8211; 12:00<br \/>\nSpr\u00edstupnenie krovu ve\u017ee Starej radnice, kde sa nach\u00e1dza hodinov\u00fd stroj a zvon.<br \/>\nKapacita obmedzen\u00e1 na 4 \u013eud\u00ed, nutn\u00e1 rezerv\u00e1cia <a href=\"https:\/\/goout.net\/sk\/muzeum-mesta-bratislavy\/vzgckd\/\" target=\"_blank\" rel=\"noopener\">tu<\/a>:<\/p>\n<p><strong>Spr\u00edstupnenie \u017eal\u00e1ra v Starej radnici<\/strong><br \/>\n23. 4. &#8211; 24. 4. 2022, 10:00 &#8211; 18:00<br \/>\nV\u00fdnimo\u010dn\u00e1 mo\u017enos\u0165 nav\u0161t\u00edvi\u0165 priestor Starej radnice, ktor\u00fd je pre verejnos\u0165 obvykle nepr\u00edstupn\u00fd.<\/p>\n<p><strong>Kr\u00e1tke lektorsk\u00e9 v\u00fdklady k vybran\u00fdm predmetom<\/strong><br \/>\n23. 4. &#8211; 24. 4. 2022, 13:00 &#8211; 15:00<br \/>\nExpoz\u00edcia dej\u00edn mesta<br \/>\nViete, ktor\u00e9 s\u00fa najvz\u00e1cnej\u0161ie predmety v zbierkach M\u00fazea mesta Bratislavy, pre\u010do sa v minulosti strie\u013ealo do ter\u010dov s vyobrazen\u00edm panovn\u00edka, ako sa kedysi volilo, alebo ak\u00e9 tajomstvo skr\u00fdvaj\u00fa m\u00fary Starej radnice? M\u00f4\u017eete sa to dozvedie\u0165 na lektorsk\u00fdch v\u00fdkladoch k vybran\u00fdm predmetom v expoz\u00edcii dej\u00edn mesta.<\/p>\n<p><strong>Workshop: Pe\u010datidlo a pe\u010da\u0165<\/strong><br \/>\n23. 4. &#8211; 24. 4. 2022, 13:00 &#8211; 17:00<br \/>\nV\u00fdstavn\u00e1 sie\u0148 Starej radnice<br \/>\nOtvoren\u00e9 workshopy nielen pre deti na t\u00e9mu pe\u010datidla aj pe\u010date.<\/p>\n<p><strong>Workshop: P\u00edsanie vlastnej listiny<\/strong><br \/>\n23. 4. &#8211; 24. 4. 2022, 13:00 &#8211; 17:00<br \/>\nV\u00fdstavn\u00e1 sie\u0148 Starej radnice<br \/>\nOtvoren\u00e9 workshopy nielen pre deti na t\u00e9mu, ako sa kedysi p\u00edsali listiny.<\/p>\n<p><span style=\"font-size: 14pt;\"><em><strong>M\u00fazeum Janka Jesensk\u00e9ho<\/strong><\/em><\/span><\/p>\n<p><strong>\u010c\u00edtanie listov Janka Jesensk\u00e9ho<\/strong><br \/>\n23. 4. &#8211; 24. 4. 2022, 15:00, 16:00<br \/>\nM\u00fazeum Janka Jesensk\u00e9ho, Somolick\u00e9ho 2<br \/>\n\u010c\u00edtanie z kn\u00edh, osobnej kore\u0161pondencie a denn\u00edkov Janka Jesensk\u00e9ho spojen\u00e9 s kr\u00e1tkou \u00favodnou predn\u00e1\u0161kou o autorovom \u017eivote a jeho tvorbe.<br \/>\nKapacita podujat\u00ed v \u010dase od 15.00 do 16.30 obmedzen\u00e1 na 15 \u013eud\u00ed, nutn\u00e1 rezerv\u00e1cia.<br \/>\nM\u00fazeum bude otvoren\u00e9 od 14.00 do 17.00.<\/p>\n<p><strong>Bratislavsk\u00e9 v\u00fdvesn\u00e9 \u0161t\u00edty<\/strong><br \/>\n24. 4. 2022, 16:00<br \/>\nV\u00fdstavn\u00e1 sie\u0148 na N\u00e1dvor\u00ed Starej radnice<br \/>\nKr\u00e1tka predn\u00e1\u0161ka histori\u010dky umenia a kur\u00e1torky Zuzany Francovej pri pr\u00edle\u017eitosti vystavenia zre\u0161taurovan\u00e9ho rokokov\u00e9ho \u0161t\u00edtu z bratislavsk\u00e9ho hostinca U zlat\u00e9ho barana.<br \/>\nKapacita obmedzen\u00e1 na 15 \u013eud\u00ed, nutn\u00e1 rezerv\u00e1cia.<\/p>\n<p><strong>Erbov\u00e9 privil\u00e9gium \u017digmunda Luxembursk\u00e9ho<\/strong><br \/>\n24. 4. 2022, 15:00<br \/>\nStar\u00e1 radnica, Historick\u00fd arch\u00edv<br \/>\nKr\u00e1tka predn\u00e1\u0161ka autora prekladu a mestsk\u00e9ho archiv\u00e1ra \u0160tefana Hriv\u0148\u00e1ka k listine \u017digmunda Luxembursk\u00e9ho.<br \/>\nKapacita obmedzen\u00e1 na 15 \u013eud\u00ed, nutn\u00e1 rezerv\u00e1cia.<\/p>\n<p><strong>Gerulata na hraniciach R\u00edmskej r\u00ed\u0161e<\/strong><br \/>\nAntick\u00e1 Gerulata, Gerulatsk\u00e1 7, M\u010c Rusovce * UNESCO lokalita<br \/>\n24. 4. 2022, 15:00<br \/>\nKomentovan\u00e1 prehliadka antickej Gerulaty s archeol\u00f3gom \u013dudov\u00edtom Math\u00e9deszom, ktor\u00fd predstav\u00ed nov\u00fa expoz\u00edciu Gerulata na hraniciach R\u00edmskej r\u00ed\u0161e. Kapacita obmedzen\u00e1 na 15 \u013eud\u00ed.<\/p>\n<p>&nbsp;<\/p>\n<h3>ZOO BRATISLAVA<\/h3>\n<p><strong>Sprev\u00e1dzanie v ZOO<\/strong><br \/>\n23. &#8211; 24. 4. 2022, 11:00, 14:00<br \/>\nRadi v\u00e1m predstav\u00edme na\u0161e zvierat\u00e1 zbl\u00edzka a prevedieme v\u00e1s \u010das\u0165ou zoologickej z\u00e1hrady. Sprev\u00e1dzanie je z\u00e1\u017eitkom pre ka\u017ed\u00e9ho, kto sa chce dozvedie\u0165 viac o fungovan\u00ed zoologickej z\u00e1hrady a o na\u0161ich zvierat\u00e1ch. Prehliadka bude zakon\u010den\u00e1 komentovan\u00fdm k\u0155men\u00edm chovate\u013eov:<\/p>\n<p><strong>V\u00fdstava zoologick\u00fdch prepar\u00e1tov<\/strong><br \/>\n23. &#8211; 24. 4. 2022, 10:00 &#8211; 16:00<br \/>\nStretnutie pri nosoro\u017ecoch<br \/>\nN\u00e1\u0161 t\u00edm zool\u00f3gov m\u00e1 pre v\u00e1s pripraven\u00e9 zauj\u00edmav\u00e9 prepar\u00e1ty zo vz\u00e1cnych zvierat a?veterin\u00e1rne pom\u00f4cky. Tipnete si, ktor\u00e9 vaj\u00ed\u010dko patr\u00ed ktor\u00e9mu operencovi?<\/p>\n<p><strong>V\u00fdstava \u0165a\u017ekej techniky<\/strong><br \/>\n23. &#8211; 24. 4. 2022, po\u010das otv\u00e1rac\u00edch hod\u00edn ZOO<br \/>\nStretnutie nad v\u00fdbehom pre kone (smerom k nosoro\u017ecom)<br \/>\nNa\u0161a hospod\u00e1rska spr\u00e1va v\u00e1m predstav\u00ed svoje stroje, ktor\u00e9 sl\u00fa\u017eia na \u00fadr\u017ebu are\u00e1lu, ale aj na n\u00e1ro\u010dn\u00e9 pr\u00e1ce v ter\u00e9ne. Najm\u00e4 na\u0161e traktory pote\u0161ia nejedn\u00e9ho mal\u00e9ho n\u00e1v\u0161tevn\u00edka.<\/p>\n<p><strong>Vzdel\u00e1vac\u00ed ostrov a detsk\u00e9 workshopy<\/strong><br \/>\n23. &#8211; 24. 4. 2022, 13:00 &#8211; 15:00<br \/>\nStretnutie pri alt\u00e1nku ved\u013ea bufetu Plameniak<br \/>\nDeti si bud\u00fa m\u00f4c\u0165 sami vysk\u00fa\u0161a\u0165 svoju jemn\u00fa motoriku. Z papiera bud\u00fa r\u00f4znymi technikami vytv\u00e1ra\u0165 postavi\u010dky zo zvieracej r\u00ed\u0161e.<\/p>\n<p><strong>Detsk\u00e9 divadielko Babena<\/strong><br \/>\n23. &#8211; 24. 4. 2022, 15:00<br \/>\nIhrisko pri Plameniakoch<br \/>\nZav\u00edtate do z\u00e1zra\u010dn\u00e9ho sveta zvieratiek a s pomocou det\u00ed nau\u010d\u00edme neporiadne ma\u010di\u010dky \u010do je dobr\u00e9 a \u010do zl\u00e9.<\/p>\n<p><strong>\u0160ifrovacia hra<\/strong><br \/>\n23. &#8211; 24. 4. 2022, po\u010das otv\u00e1rac\u00edch hod\u00edn ZOO<br \/>\nVydajte sa so svojimi de\u0165mi na dobrodru\u017en\u00fa cestu po ZOO- h\u013eadajte spr\u00e1vne odpovede a vyhrajte zauj\u00edmav\u00e9 ceny. Are\u00e1lov\u00fa hru dostanete spolu so vstupenkami pri pokladni.<\/p>\n<p><strong>iHRYsko<\/strong><br \/>\n23. &#8211; 24. 4. 2022, 15:00 &#8211; 18:00<br \/>\nNad Pavil\u00f3nom op\u00edc<br \/>\nS v\u00fdh\u013eadom na na\u0161e \u0161impanzy a?orangutany si budete m\u00f4c\u0165 vysk\u00fa\u0161a\u0165 zauj\u00edmav\u00e9 spolo\u010densk\u00e9 hry aj so zvieracou tematikou.<\/p>\n<p><strong>Kynol\u00f3govia<\/strong><br \/>\n23. &#8211; 24. 4. 2022, 10:30<br \/>\nNad detsk\u00fdm ihriskom pri plameniakoch<br \/>\nPr\u00edslu\u0161n\u00edci mestskej pol\u00edcie, ktor\u00ed pracuj\u00fa so svojim \u0161tvornoh\u00fdmi partnermi v\u00e1m uk\u00e1\u017eu, \u010do v\u0161etko dok\u00e1\u017eu v?ter\u00e9ne.<\/p>\n<p><strong>Detsk\u00e9 workshopy<\/strong><br \/>\n23. &#8211; 24. 4. 2022, 13:00 &#8211; 15:00<br \/>\nAlt\u00e1nok ved\u013ea bufetu Plameniak<br \/>\nDeti si bud\u00fa m\u00f4c\u0165 sami vysk\u00fa\u0161a\u0165 svoju jemn\u00fa motoriku. Z papiera bud\u00fa r\u00f4znymi technikami vytv\u00e1ra\u0165 postavi\u010dky zo zvieracej r\u00ed\u0161e.<\/p>\n","protected":false},"excerpt":{"rendered":"<p>BRATISLAVA TOURIST BOARD S\u00e1m sebe sprievodcom Term\u00edn: 23. &#8211; 24. apr\u00edla od 10:00 \u2013 17:00 prehliadka Primaci\u00e1lneho pal\u00e1ca s vyu\u017eit\u00edm audio sprievodcov Prehliadka centra Bratislavy v ukrajinskom jazyku Term\u00edn: 24. apr\u00edla od 11:00 do 12:30 a od 14:00 do 15:30 Miesto stretnutia: Primaci\u00e1lne n\u00e1mestie Jazyk prehliadky: ukrajin\u010dina Vstup: bezplatn\u00fd Sprev\u00e1dza: Halyna Holinkov\u00e1 Divadeln\u00e1 Bratislava Term\u00edn: [&hellip;]<\/p>\n","protected":false},"author":32,"featured_media":134432,"parent":133997,"menu_order":0,"comment_status":"closed","ping_status":"closed","template":"","meta":[],"acf":[],"_links":{"self":[{"href":"https:\/\/www.visitbratislava.com\/sk\/wp-json\/wp\/v2\/pages\/134022"}],"collection":[{"href":"https:\/\/www.visitbratislava.com\/sk\/wp-json\/wp\/v2\/pages"}],"about":[{"href":"https:\/\/www.visitbratislava.com\/sk\/wp-json\/wp\/v2\/types\/page"}],"author":[{"embeddable":true,"href":"https:\/\/www.visitbratislava.com\/sk\/wp-json\/wp\/v2\/users\/32"}],"replies":[{"embeddable":true,"href":"https:\/\/www.visitbratislava.com\/sk\/wp-json\/wp\/v2\/comments?post=134022"}],"version-history":[{"count":5,"href":"https:\/\/www.visitbratislava.com\/sk\/wp-json\/wp\/v2\/pages\/134022\/revisions"}],"predecessor-version":[{"id":135083,"href":"https:\/\/www.visitbratislava.com\/sk\/wp-json\/wp\/v2\/pages\/134022\/revisions\/135083"}],"up":[{"embeddable":true,"href":"https:\/\/www.visitbratislava.com\/sk\/wp-json\/wp\/v2\/pages\/133997"}],"wp:featuredmedia":[{"embeddable":true,"href":"https:\/\/www.visitbratislava.com\/sk\/wp-json\/wp\/v2\/media\/134432"}],"wp:attachment":[{"href":"https:\/\/www.visitbratislava.com\/sk\/wp-json\/wp\/v2\/media?parent=134022"}],"curies":[{"name":"wp","href":"https:\/\/api.w.org\/{rel}","templated":true}]}}