{"id":136470,"date":"2022-04-29T16:55:50","date_gmt":"2022-04-29T14:55:50","guid":{"rendered":"https:\/\/www.visitbratislava.com\/?page_id=136470"},"modified":"2022-05-02T09:29:15","modified_gmt":"2022-05-02T07:29:15","slug":"romantika-v-bratislave","status":"publish","type":"page","link":"https:\/\/www.visitbratislava.com\/sk\/romantika-v-bratislave\/","title":{"rendered":"Romantika v Bratislave"},"content":{"rendered":"<p>Nez\u00e1le\u017e\u00ed na tom, \u010di spriaznen\u00fa du\u0161u iba h\u013ead\u00e1te, alebo ste t\u00fa svoju u\u017e na\u0161li, Bratislava v\u00e1m uk\u00e1\u017ee ako objavi\u0165 romantiku. Hlavn\u00e9 mesto Slovenska v\u00e1m uk\u00e1\u017ee v\u0161etko, \u010do romantika znamen\u00e1. Vychutnajte si tie chv\u00edle.<\/p>\n<p>Mesto s pr\u00edjemn\u00fdmi z\u00e1kutiami \u010di jeho okolie l\u00e1kaj\u00face pokojom a samotou d\u00fdchaj\u00fa \u010darovnou atmosf\u00e9rou. \u010ci u\u017e d\u00e1te prednos\u0165 t\u00falaniu sa starobyl\u00fdmi uli\u010dkami, h\u00fd\u010dkaniu v hoteli, romantickej ve\u010deri, dlh\u00fdm prech\u00e1dzkam v pr\u00edrode alebo tematick\u00fdm akci\u00e1m, v Bratislave n\u00e1jdete \u010do h\u013ead\u00e1te. Nenechajte sa obmedzova\u0165. L\u00e1ska kvitne v ka\u017edom veku. Nevzd\u00e1vajte sa jej. T\u00e1 osudov\u00e1 si \u010dloveka niekedy n\u00e1jde a\u017e na druh\u00fdkr\u00e1t.<\/p>\n","protected":false},"excerpt":{"rendered":"<p>Bratislava je romantick\u00e1. Ukr\u00fdva mno\u017estvo pr\u00edjemn\u00fdch z\u00e1kut\u00ed pre spolo\u010dn\u00e9 chv\u00edle vo dvojici. N\u00e1jdete ich v krivo\u013eak\u00fdch uli\u010dk\u00e1ch historick\u00e9ho jadra mesta. Vyberte si zo zn\u00e1mych miest i t\u00fdch ukryt\u00fdch pred zrakmi sveta tak\u00e9, \u010do sa v\u00e1m najviac p\u00e1\u010dia a objavujte Bratislavu vo dvojici<\/p>\n","protected":false},"author":32,"featured_media":136440,"parent":0,"menu_order":0,"comment_status":"closed","ping_status":"closed","template":"tpl-page-grid.php","meta":[],"acf":[],"_links":{"self":[{"href":"https:\/\/www.visitbratislava.com\/sk\/wp-json\/wp\/v2\/pages\/136470"}],"collection":[{"href":"https:\/\/www.visitbratislava.com\/sk\/wp-json\/wp\/v2\/pages"}],"about":[{"href":"https:\/\/www.visitbratislava.com\/sk\/wp-json\/wp\/v2\/types\/page"}],"author":[{"embeddable":true,"href":"https:\/\/www.visitbratislava.com\/sk\/wp-json\/wp\/v2\/users\/32"}],"replies":[{"embeddable":true,"href":"https:\/\/www.visitbratislava.com\/sk\/wp-json\/wp\/v2\/comments?post=136470"}],"version-history":[{"count":6,"href":"https:\/\/www.visitbratislava.com\/sk\/wp-json\/wp\/v2\/pages\/136470\/revisions"}],"predecessor-version":[{"id":136593,"href":"https:\/\/www.visitbratislava.com\/sk\/wp-json\/wp\/v2\/pages\/136470\/revisions\/136593"}],"wp:featuredmedia":[{"embeddable":true,"href":"https:\/\/www.visitbratislava.com\/sk\/wp-json\/wp\/v2\/media\/136440"}],"wp:attachment":[{"href":"https:\/\/www.visitbratislava.com\/sk\/wp-json\/wp\/v2\/media?parent=136470"}],"curies":[{"name":"wp","href":"https:\/\/api.w.org\/{rel}","templated":true}]}}