{"id":136489,"date":"2022-04-29T17:24:29","date_gmt":"2022-04-29T15:24:29","guid":{"rendered":"https:\/\/www.visitbratislava.com\/?page_id=136489"},"modified":"2022-04-29T17:24:29","modified_gmt":"2022-04-29T15:24:29","slug":"lasky-cas-v-bratislave","status":"publish","type":"page","link":"https:\/\/www.visitbratislava.com\/sk\/romantika-v-bratislave\/lasky-cas-v-bratislave\/","title":{"rendered":"L\u00e1sky \u010das v Bratislave"},"content":{"rendered":"<p>Na jar sa preb\u00fadza pr\u00edroda, a \u013eudia tie\u017e. Bratislava za\u010d\u00edna o\u017e\u00edva\u0165 a s\u00faperi\u0165 s rozkvitnutou krajinou svojho okolia. L\u00e1sky \u010das, ako zvykn\u00fa ozna\u010dova\u0165 m\u00e1j, zv\u00e1dza k tomu pote\u0161i\u0165 seba i osobu najmilovanej\u0161iu.<\/p>\n<p>Nenechajte sa obmedzova\u0165. L\u00e1ska kvitne v ka\u017edom veku. Nevzd\u00e1vajte sa jej. T\u00e1 osudov\u00e1 si \u010dloveka niekedy n\u00e1jde a\u017e na druh\u00fdkr\u00e1t. Pr\u00ed\u010fte do hlavn\u00e9ho mesta n\u00e1js\u0165, \u010do h\u013ead\u00e1te. M\u00e1j je predsa l\u00e1sky \u010das. A Bratislava pre \u0148u t\u00fdm prav\u00fdm miestom.<\/p>\n","protected":false},"excerpt":{"rendered":"<p>Na jar sa preb\u00fadza pr\u00edroda, a \u013eudia tie\u017e. Bratislava za\u010d\u00edna o\u017e\u00edva\u0165 a s\u00faperi\u0165 s rozkvitnutou krajinou svojho okolia. L\u00e1sky \u010das, ako zvykn\u00fa ozna\u010dova\u0165 m\u00e1j, zv\u00e1dza k tomu pote\u0161i\u0165 seba i osobu najmilovanej\u0161iu. Nenechajte sa obmedzova\u0165. L\u00e1ska kvitne v ka\u017edom veku. Nevzd\u00e1vajte sa jej. T\u00e1 osudov\u00e1 si \u010dloveka niekedy n\u00e1jde a\u017e na druh\u00fdkr\u00e1t. Pr\u00ed\u010fte do hlavn\u00e9ho [&hellip;]<\/p>\n","protected":false},"author":32,"featured_media":136452,"parent":136470,"menu_order":0,"comment_status":"closed","ping_status":"closed","template":"tpl-page-grid.php","meta":[],"acf":[],"_links":{"self":[{"href":"https:\/\/www.visitbratislava.com\/sk\/wp-json\/wp\/v2\/pages\/136489"}],"collection":[{"href":"https:\/\/www.visitbratislava.com\/sk\/wp-json\/wp\/v2\/pages"}],"about":[{"href":"https:\/\/www.visitbratislava.com\/sk\/wp-json\/wp\/v2\/types\/page"}],"author":[{"embeddable":true,"href":"https:\/\/www.visitbratislava.com\/sk\/wp-json\/wp\/v2\/users\/32"}],"replies":[{"embeddable":true,"href":"https:\/\/www.visitbratislava.com\/sk\/wp-json\/wp\/v2\/comments?post=136489"}],"version-history":[{"count":2,"href":"https:\/\/www.visitbratislava.com\/sk\/wp-json\/wp\/v2\/pages\/136489\/revisions"}],"predecessor-version":[{"id":136495,"href":"https:\/\/www.visitbratislava.com\/sk\/wp-json\/wp\/v2\/pages\/136489\/revisions\/136495"}],"up":[{"embeddable":true,"href":"https:\/\/www.visitbratislava.com\/sk\/wp-json\/wp\/v2\/pages\/136470"}],"wp:featuredmedia":[{"embeddable":true,"href":"https:\/\/www.visitbratislava.com\/sk\/wp-json\/wp\/v2\/media\/136452"}],"wp:attachment":[{"href":"https:\/\/www.visitbratislava.com\/sk\/wp-json\/wp\/v2\/media?parent=136489"}],"curies":[{"name":"wp","href":"https:\/\/api.w.org\/{rel}","templated":true}]}}