{"id":136970,"date":"2022-05-06T17:12:38","date_gmt":"2022-05-06T15:12:38","guid":{"rendered":"https:\/\/www.visitbratislava.com\/?page_id=136970"},"modified":"2023-05-17T17:07:52","modified_gmt":"2023-05-17T15:07:52","slug":"romanticke-zakutia-bratislavy","status":"publish","type":"page","link":"https:\/\/www.visitbratislava.com\/sk\/romanticke-zakutia-bratislavy\/","title":{"rendered":"Romantick\u00e9 z\u00e1kutia Bratislavy"},"content":{"rendered":"<p>Prejdite sa od starobyl\u00e9ho hradu cez \u00fatuln\u00e9 historick\u00e9 centrum a\u017e po dunajsk\u00e9 n\u00e1bre\u017eie kon\u010diace v modernom centre mesta, pre\u017eite ve\u010der v n\u00e1ru\u010d\u00ed umenia v divadle \u010di filharm\u00f3nii. Z\u00e1jdite niekam do baru na poh\u00e1rik. Len tak sa t\u00falajte dr\u017eiac sa za ruky a vychutn\u00e1vajte si v\u00fdh\u013eady na vysvieten\u00e9 mesto.<\/p>\n<p><img loading=\"lazy\" width=\"1920\" height=\"1280\" class=\"aligncenter size-full wp-image-136978\" src=\"https:\/\/www.visitbratislava.com\/wp-content\/uploads\/2022\/05\/Kovac_2022_dron_ba-hrad_green_dunaj_barokova-zahrada_nevyhradna-licencia_1920x1280.jpg\" alt=\"\" srcset=\"https:\/\/www.visitbratislava.com\/wp-content\/uploads\/2022\/05\/Kovac_2022_dron_ba-hrad_green_dunaj_barokova-zahrada_nevyhradna-licencia_1920x1280.jpg 1920w, https:\/\/www.visitbratislava.com\/wp-content\/uploads\/2022\/05\/Kovac_2022_dron_ba-hrad_green_dunaj_barokova-zahrada_nevyhradna-licencia_1920x1280-400x267.jpg 400w, https:\/\/www.visitbratislava.com\/wp-content\/uploads\/2022\/05\/Kovac_2022_dron_ba-hrad_green_dunaj_barokova-zahrada_nevyhradna-licencia_1920x1280-800x533.jpg 800w, https:\/\/www.visitbratislava.com\/wp-content\/uploads\/2022\/05\/Kovac_2022_dron_ba-hrad_green_dunaj_barokova-zahrada_nevyhradna-licencia_1920x1280-768x512.jpg 768w, https:\/\/www.visitbratislava.com\/wp-content\/uploads\/2022\/05\/Kovac_2022_dron_ba-hrad_green_dunaj_barokova-zahrada_nevyhradna-licencia_1920x1280-1536x1024.jpg 1536w, https:\/\/www.visitbratislava.com\/wp-content\/uploads\/2022\/05\/Kovac_2022_dron_ba-hrad_green_dunaj_barokova-zahrada_nevyhradna-licencia_1920x1280-200x133.jpg 200w\" sizes=\"(max-width: 1920px) 100vw, 1920px\" \/><\/p>\n<p>Odsko\u010dte si do pr\u00edrody, ktor\u00fa n\u00e1jdete v podstate na ka\u017edom kroku. Ochutnajte nie\u010do dobr\u00e9 v mno\u017estve skvel\u00fdch re\u0161taur\u00e1ci\u00ed, kaviarn\u00ed alebo cukr\u00e1rn\u00ed. Vysk\u00fa\u0161ajte spolu niektor\u00fa z wellness proced\u00far. Obdivujte historick\u00fa kr\u00e1su a <a href=\"https:\/\/www.visitbratislava.com\/sk\/romantika-v-bratislave\/romanticka-bratislava\/\" target=\"_blank\" rel=\"noopener\"><strong>u\u017eite si jeden druh\u00e9ho<\/strong><\/a>. Skr\u00e1tka, te\u0161te sa zo \u017eivota. Zist\u00edte pri tom, \u017ee Bratislava je prekvapivo rozmanit\u00e1 a pln\u00e1 romantick\u00fdch z\u00e1kut\u00ed.<\/p>\n<p><a href=\"https:\/\/www.visitbratislava.com\/sk\/atrakcie\/hrad-devin\/\" target=\"_blank\" rel=\"noopener\"><strong>Hrad Dev\u00edn<\/strong><\/a><br \/>\nKultov\u00e1 zr\u00facanina majest\u00e1tneho hradu nad s\u00fatokom riek Dunaj a Morava m\u00e1 \u00fa\u017easn\u00fa atmosf\u00e9ru. Romantick\u00e9 du\u0161e si z\u00edska hne\u010f. Slovensk\u00fd n\u00e1rodn\u00fd symbol t\u00fd\u010diaci sa na vysokom brale je jedn\u00fdm z najnav\u0161tevovanej\u0161\u00edch miest nielen v Bratislave. Roz\u013eahl\u00fd hradn\u00fd are\u00e1l pon\u00faka spojenie hist\u00f3rie, umenia a pr\u00edrody a l\u00e1ka aj na dlh\u00e9 prech\u00e1dzky. N\u00e1jdete tu aj viacero skryt\u00fdch, v zeleni utopen\u00fdch z\u00e1kut\u00ed. V\u00fdh\u013eadom z hradu dominuj\u00fa pr\u00edrodn\u00e9 scen\u00e9rie a pri poh\u013eade z neho je neprehliadnute\u013en\u00e1 romantick\u00fdmi legendami opraden\u00e1 Panensk\u00e1 ve\u017ea.<\/p>\n<p><img loading=\"lazy\" width=\"1920\" height=\"1280\" class=\"aligncenter size-full wp-image-136984\" src=\"https:\/\/www.visitbratislava.com\/wp-content\/uploads\/2022\/05\/DSC08716_1920x1280.jpg\" alt=\"\" srcset=\"https:\/\/www.visitbratislava.com\/wp-content\/uploads\/2022\/05\/DSC08716_1920x1280.jpg 1920w, https:\/\/www.visitbratislava.com\/wp-content\/uploads\/2022\/05\/DSC08716_1920x1280-400x267.jpg 400w, https:\/\/www.visitbratislava.com\/wp-content\/uploads\/2022\/05\/DSC08716_1920x1280-800x533.jpg 800w, https:\/\/www.visitbratislava.com\/wp-content\/uploads\/2022\/05\/DSC08716_1920x1280-768x512.jpg 768w, https:\/\/www.visitbratislava.com\/wp-content\/uploads\/2022\/05\/DSC08716_1920x1280-1536x1024.jpg 1536w, https:\/\/www.visitbratislava.com\/wp-content\/uploads\/2022\/05\/DSC08716_1920x1280-200x133.jpg 200w\" sizes=\"(max-width: 1920px) 100vw, 1920px\" \/><\/p>\n<p><a href=\"https:\/\/www.visitbratislava.com\/sk\/miesta\/botanicka-zahrada\/\" target=\"_blank\" rel=\"noopener\"><strong>Botanick\u00e1 z\u00e1hrada<\/strong><\/a><br \/>\nAk h\u013ead\u00e1te pokoj a kr\u00e1su, n\u00e1jdete ich v idylickom prostred\u00ed botanickej z\u00e1hrady s fl\u00f3rou z r\u00f4znych k\u00fatov sveta. Pri prech\u00e1dzkach objav\u00edte japonsk\u00fa z\u00e1hradu, jazierko, pinetum, stredomorsk\u00fa veget\u00e1ciu, austr\u00e1lsku fl\u00f3ru, rozmanit\u00e9 skalky \u010di palmy. V tunaj\u0161om roz\u00e1riu sa nach\u00e1dza a\u017e 120 druhov ru\u017e\u00ed. Romantika ako ma\u013eovan\u00e1. A navy\u0161e aj vo\u0148av\u00e1.<\/p>\n<p><img loading=\"lazy\" width=\"1920\" height=\"1280\" class=\"aligncenter size-full wp-image-136990\" src=\"https:\/\/www.visitbratislava.com\/wp-content\/uploads\/2022\/05\/Dekan_komparz_leto_Botanicka-zahrada_par_jazierko_Karlova-Ves_1920x1280.jpg\" alt=\"\" srcset=\"https:\/\/www.visitbratislava.com\/wp-content\/uploads\/2022\/05\/Dekan_komparz_leto_Botanicka-zahrada_par_jazierko_Karlova-Ves_1920x1280.jpg 1920w, https:\/\/www.visitbratislava.com\/wp-content\/uploads\/2022\/05\/Dekan_komparz_leto_Botanicka-zahrada_par_jazierko_Karlova-Ves_1920x1280-400x267.jpg 400w, https:\/\/www.visitbratislava.com\/wp-content\/uploads\/2022\/05\/Dekan_komparz_leto_Botanicka-zahrada_par_jazierko_Karlova-Ves_1920x1280-800x533.jpg 800w, https:\/\/www.visitbratislava.com\/wp-content\/uploads\/2022\/05\/Dekan_komparz_leto_Botanicka-zahrada_par_jazierko_Karlova-Ves_1920x1280-768x512.jpg 768w, https:\/\/www.visitbratislava.com\/wp-content\/uploads\/2022\/05\/Dekan_komparz_leto_Botanicka-zahrada_par_jazierko_Karlova-Ves_1920x1280-1536x1024.jpg 1536w, https:\/\/www.visitbratislava.com\/wp-content\/uploads\/2022\/05\/Dekan_komparz_leto_Botanicka-zahrada_par_jazierko_Karlova-Ves_1920x1280-200x133.jpg 200w\" sizes=\"(max-width: 1920px) 100vw, 1920px\" \/><\/p>\n<p><a href=\"https:\/\/www.visitbratislava.com\/sk\/vas-vylet\/rocne-obdobia\/jar\/\" target=\"_blank\" rel=\"noopener\"><strong>Karlovesk\u00e1 z\u00e1toka<\/strong><\/a><br \/>\nNe\u010faleko botanickej z\u00e1hrady n\u00e1jdete malebn\u00fa Karlovesk\u00fa z\u00e1toku. T\u00e1 ukr\u00fdva mal\u00fd pristaven\u00fd \u010derveno-bielo-modr\u00fd parn\u00edk a kultov\u00fa pont\u00f3nov\u00fa kr\u010dmi\u010dku, kde sa sch\u00e1dzaj\u00fa ryb\u00e1ri, trampovia \u010di \u0161tudenti nielen z ne\u010falek\u00fdch intern\u00e1tov. Pr\u00edrodou obklopen\u00e1 o\u00e1za pokoja l\u00e1ka od jari do jesene a na jej brehoch stoja lodenice, ktor\u00e9 pote\u0161ia milovn\u00edkov vodn\u00fdch \u0161portov.<\/p>\n<p><img loading=\"lazy\" width=\"1920\" height=\"1280\" class=\"aligncenter size-full wp-image-136996\" src=\"https:\/\/www.visitbratislava.com\/wp-content\/uploads\/2022\/05\/Vyleti-Vtacik-Karlova-Ves-05_1920x1280.jpg\" alt=\"\" srcset=\"https:\/\/www.visitbratislava.com\/wp-content\/uploads\/2022\/05\/Vyleti-Vtacik-Karlova-Ves-05_1920x1280.jpg 1920w, https:\/\/www.visitbratislava.com\/wp-content\/uploads\/2022\/05\/Vyleti-Vtacik-Karlova-Ves-05_1920x1280-400x267.jpg 400w, https:\/\/www.visitbratislava.com\/wp-content\/uploads\/2022\/05\/Vyleti-Vtacik-Karlova-Ves-05_1920x1280-800x533.jpg 800w, https:\/\/www.visitbratislava.com\/wp-content\/uploads\/2022\/05\/Vyleti-Vtacik-Karlova-Ves-05_1920x1280-768x512.jpg 768w, https:\/\/www.visitbratislava.com\/wp-content\/uploads\/2022\/05\/Vyleti-Vtacik-Karlova-Ves-05_1920x1280-1536x1024.jpg 1536w, https:\/\/www.visitbratislava.com\/wp-content\/uploads\/2022\/05\/Vyleti-Vtacik-Karlova-Ves-05_1920x1280-200x133.jpg 200w\" sizes=\"(max-width: 1920px) 100vw, 1920px\" \/><\/p>\n<p><a href=\"https:\/\/www.visitbratislava.com\/sk\/miesta\/zoo\/\" target=\"_blank\" rel=\"noopener\"><strong>ZOO<\/strong><\/a><br \/>\nMo\u017eno to na prv\u00fd po\u013ead tak nevyzer\u00e1, ale Zoologick\u00e1 z\u00e1hrada v Bratislave je skvelou vo\u013ebou aj na rande. Za\u013e\u00fabenci tu n\u00e1jdu listnat\u00fd les, l\u00faku, chladn\u00e9 \u00fadolie i pr\u00edrodn\u00e9 jazierka, ale najm\u00e4 169 druhov zvierat. Vr\u00e1\u0165te sa do detstva a zabavte sa spolu pri poh\u013eade napr\u00edklad na pandy, \u017eirafy \u010di pelik\u00e1ny a nevynechajte ani komentovan\u00e9 k\u0155menie.<\/p>\n<p><img loading=\"lazy\" width=\"1920\" height=\"1280\" class=\"aligncenter size-full wp-image-137002\" src=\"https:\/\/www.visitbratislava.com\/wp-content\/uploads\/2022\/05\/zdroj_ZOO-Bratislava_1920x1280.jpg\" alt=\"\" srcset=\"https:\/\/www.visitbratislava.com\/wp-content\/uploads\/2022\/05\/zdroj_ZOO-Bratislava_1920x1280.jpg 1920w, https:\/\/www.visitbratislava.com\/wp-content\/uploads\/2022\/05\/zdroj_ZOO-Bratislava_1920x1280-400x267.jpg 400w, https:\/\/www.visitbratislava.com\/wp-content\/uploads\/2022\/05\/zdroj_ZOO-Bratislava_1920x1280-800x533.jpg 800w, https:\/\/www.visitbratislava.com\/wp-content\/uploads\/2022\/05\/zdroj_ZOO-Bratislava_1920x1280-768x512.jpg 768w, https:\/\/www.visitbratislava.com\/wp-content\/uploads\/2022\/05\/zdroj_ZOO-Bratislava_1920x1280-1536x1024.jpg 1536w, https:\/\/www.visitbratislava.com\/wp-content\/uploads\/2022\/05\/zdroj_ZOO-Bratislava_1920x1280-200x133.jpg 200w\" sizes=\"(max-width: 1920px) 100vw, 1920px\" \/><\/p>\n<p><a href=\"https:\/\/www.visitbratislava.com\/sk\/miesta\/horsky-park\/\" target=\"_blank\" rel=\"noopener\"><strong>Horsk\u00fd park<\/strong><\/a><br \/>\nV podstate priamo nad historick\u00fdm centrom mesta sa nach\u00e1dza najdivokej\u0161\u00ed park Bratislavy. Funguje u\u017e 150 rokov. Je ob\u013e\u00faben\u00fdm miestom t\u00fdch, \u010do si radi vychutn\u00e1vaj\u00fa ticho lesa a takmer nedotknut\u00fa pr\u00edrodu. Energiu m\u00f4\u017eete na\u010derpa\u0165 napr\u00edklad na odpo\u010dinkovej terase Justiho pam\u00e4tn\u00edku, alebo v \u00fatulnej hor\u00e1rni. N\u00e1jdete tu komunitn\u00e9 centrum s kaviar\u0148ou, minizoo \u010di ihrisk\u00e1 a k\u00fasok odtia\u013e tie\u017e vonkaj\u0161iu gal\u00e9riu, o ktor\u00fa sa star\u00e1 Slovensk\u00e1 n\u00e1rodn\u00e1 gal\u00e9ria.<\/p>\n<p><img loading=\"lazy\" width=\"1920\" height=\"1280\" class=\"aligncenter size-full wp-image-137008\" src=\"https:\/\/www.visitbratislava.com\/wp-content\/uploads\/2022\/05\/VQZT8W_B_1920x1280.jpg\" alt=\"\" srcset=\"https:\/\/www.visitbratislava.com\/wp-content\/uploads\/2022\/05\/VQZT8W_B_1920x1280.jpg 1920w, https:\/\/www.visitbratislava.com\/wp-content\/uploads\/2022\/05\/VQZT8W_B_1920x1280-400x267.jpg 400w, https:\/\/www.visitbratislava.com\/wp-content\/uploads\/2022\/05\/VQZT8W_B_1920x1280-800x533.jpg 800w, https:\/\/www.visitbratislava.com\/wp-content\/uploads\/2022\/05\/VQZT8W_B_1920x1280-768x512.jpg 768w, https:\/\/www.visitbratislava.com\/wp-content\/uploads\/2022\/05\/VQZT8W_B_1920x1280-1536x1024.jpg 1536w, https:\/\/www.visitbratislava.com\/wp-content\/uploads\/2022\/05\/VQZT8W_B_1920x1280-200x133.jpg 200w\" sizes=\"(max-width: 1920px) 100vw, 1920px\" \/><\/p>\n<p><a href=\"https:\/\/www.visitbratislava.com\/sk\/atrakcie\/bratislavsky-hrad\/\" target=\"_blank\" rel=\"noopener\"><strong>Bratislavsk\u00fd hrad<\/strong><\/a><br \/>\nTu n\u00e1jdete romantiku zaru\u010dene. Atmosf\u00e9ra hradn\u00e9ho are\u00e1lu, pomp\u00e9zny interi\u00e9r \u010di barokov\u00e1 z\u00e1hrada v\u00e1s vr\u00e1tia do \u010dias M\u00e1rie Ter\u00e9zie. Pozn\u00e1vacie znamenie Bratislavy pon\u00faka z hradn\u00fdch ter\u00e1s na kopci 80 metrov nad Dunajom \u00fachvatn\u00e9 v\u00fdh\u013eady. Tamoj\u0161ia z\u00e1hrada v elegantnom \u0161t\u00fdle franc\u00fazskeho baroka s kvetinov\u00fdmi z\u00e1honmi a tuctami stromov priam zv\u00e1dza na pomal\u00fa prech\u00e1dzku \u010di posedenie na lavi\u010dke. Oplat\u00ed sa tie\u017e prejs\u0165 okolo hradn\u00e9ho are\u00e1lu. \u010co krok, to in\u00fd v\u00fdh\u013ead.<\/p>\n<p><img loading=\"lazy\" width=\"1920\" height=\"1280\" class=\"aligncenter size-full wp-image-137014\" src=\"https:\/\/www.visitbratislava.com\/wp-content\/uploads\/2022\/05\/Dekan-komparz-BA-hrad-turisti-mlady-par-green_1920x1280.jpg\" alt=\"\" srcset=\"https:\/\/www.visitbratislava.com\/wp-content\/uploads\/2022\/05\/Dekan-komparz-BA-hrad-turisti-mlady-par-green_1920x1280.jpg 1920w, https:\/\/www.visitbratislava.com\/wp-content\/uploads\/2022\/05\/Dekan-komparz-BA-hrad-turisti-mlady-par-green_1920x1280-400x267.jpg 400w, https:\/\/www.visitbratislava.com\/wp-content\/uploads\/2022\/05\/Dekan-komparz-BA-hrad-turisti-mlady-par-green_1920x1280-800x533.jpg 800w, https:\/\/www.visitbratislava.com\/wp-content\/uploads\/2022\/05\/Dekan-komparz-BA-hrad-turisti-mlady-par-green_1920x1280-768x512.jpg 768w, https:\/\/www.visitbratislava.com\/wp-content\/uploads\/2022\/05\/Dekan-komparz-BA-hrad-turisti-mlady-par-green_1920x1280-1536x1024.jpg 1536w, https:\/\/www.visitbratislava.com\/wp-content\/uploads\/2022\/05\/Dekan-komparz-BA-hrad-turisti-mlady-par-green_1920x1280-200x133.jpg 200w\" sizes=\"(max-width: 1920px) 100vw, 1920px\" \/><\/p>\n<p><a href=\"https:\/\/www.visitbratislava.com\/sk\/mestske-casti\/bratislava-1\/\" target=\"_blank\" rel=\"noopener\"><strong>Uli\u010dky Star\u00e9ho mesta<\/strong><\/a><br \/>\nZa\u013e\u00faben\u00e9 p\u00e1ry od nepam\u00e4ti l\u00e1ka \u010darovn\u00e9 Star\u00e9 Mesto, ktor\u00e9 v sebe ukr\u00fdva mno\u017estvo malebn\u00fdch uli\u010diek. Po\u010das leta sa v nich navy\u0161e oz\u00fdvaj\u00fa jemn\u00e9 t\u00f3ny hudby \u0161\u00edriace sa z viacer\u00fdch jeho k\u00fatov. K atmosf\u00e9re najm\u00e4 v tepl\u00fdch mesiacoch prispievaj\u00fa aj font\u00e1ny na Hviezdoslavovom n\u00e1mest\u00ed, letn\u00e9 terasy a mal\u00e9 skryt\u00e9 uli\u010dky ako stvoren\u00e9 na bozk. Pekn\u00e9 romantick\u00e9 z\u00e1kutia n\u00e1jdete na Rudnayovom n\u00e1mest\u00ed, <a href=\"https:\/\/www.visitbratislava.com\/sk\/miesta\/najstarsia-ulica-v-bratislave\/\" target=\"_blank\" rel=\"noopener\">Kapitulskej<\/a> \u010di Ba\u0161tovej ulici.<\/p>\n<p><img loading=\"lazy\" width=\"1920\" height=\"1280\" class=\"aligncenter size-full wp-image-137020\" src=\"https:\/\/www.visitbratislava.com\/wp-content\/uploads\/2022\/05\/Dekan-komparz-Kapitulska-ulicky-par_1920x1280.jpg\" alt=\"\" srcset=\"https:\/\/www.visitbratislava.com\/wp-content\/uploads\/2022\/05\/Dekan-komparz-Kapitulska-ulicky-par_1920x1280.jpg 1920w, https:\/\/www.visitbratislava.com\/wp-content\/uploads\/2022\/05\/Dekan-komparz-Kapitulska-ulicky-par_1920x1280-400x267.jpg 400w, https:\/\/www.visitbratislava.com\/wp-content\/uploads\/2022\/05\/Dekan-komparz-Kapitulska-ulicky-par_1920x1280-800x533.jpg 800w, https:\/\/www.visitbratislava.com\/wp-content\/uploads\/2022\/05\/Dekan-komparz-Kapitulska-ulicky-par_1920x1280-768x512.jpg 768w, https:\/\/www.visitbratislava.com\/wp-content\/uploads\/2022\/05\/Dekan-komparz-Kapitulska-ulicky-par_1920x1280-1536x1024.jpg 1536w, https:\/\/www.visitbratislava.com\/wp-content\/uploads\/2022\/05\/Dekan-komparz-Kapitulska-ulicky-par_1920x1280-200x133.jpg 200w\" sizes=\"(max-width: 1920px) 100vw, 1920px\" \/><\/p>\n<p><a href=\"https:\/\/www.visitbratislava.com\/sk\/tipy-na-vylet\/sakralna-bratislava\/\" target=\"_blank\" rel=\"noopener\"><strong>Modr\u00fd kostol\u00edk<\/strong><\/a><br \/>\nRozko\u0161n\u00fd kostol\u00edk sv. Al\u017ebety Uhorskej s majolikovou v\u00fdzdobou a mozaikovou ma\u013ebou up\u00fata du\u0161u romantika na prv\u00fd poh\u013ead. Za svoje \u013eudov\u00e9 pomenovanie v\u010fa\u010d\u00ed tento architektonick\u00fd skvost nev\u0161ednej modrej omietke a modro glazovanej stre\u0161nej krytine. Zvonka i zvn\u00fatra priam rozpr\u00e1vkovo p\u00f4sobiaca stavba je vrcholom pre\u0161porskej secesie a jedn\u00fdm z najfotografovanej\u0161\u00edch objektov Bratislavy. U\u017e ju m\u00e1te v albume?<\/p>\n<p><img loading=\"lazy\" width=\"1920\" height=\"1280\" class=\"aligncenter size-full wp-image-137026\" src=\"https:\/\/www.visitbratislava.com\/wp-content\/uploads\/2022\/05\/ModryKostolik1_1920x1280.jpg\" alt=\"\" srcset=\"https:\/\/www.visitbratislava.com\/wp-content\/uploads\/2022\/05\/ModryKostolik1_1920x1280.jpg 1920w, https:\/\/www.visitbratislava.com\/wp-content\/uploads\/2022\/05\/ModryKostolik1_1920x1280-400x267.jpg 400w, https:\/\/www.visitbratislava.com\/wp-content\/uploads\/2022\/05\/ModryKostolik1_1920x1280-800x533.jpg 800w, https:\/\/www.visitbratislava.com\/wp-content\/uploads\/2022\/05\/ModryKostolik1_1920x1280-768x512.jpg 768w, https:\/\/www.visitbratislava.com\/wp-content\/uploads\/2022\/05\/ModryKostolik1_1920x1280-1536x1024.jpg 1536w, https:\/\/www.visitbratislava.com\/wp-content\/uploads\/2022\/05\/ModryKostolik1_1920x1280-200x133.jpg 200w\" sizes=\"(max-width: 1920px) 100vw, 1920px\" \/><\/p>\n<p><a href=\"https:\/\/www.visitbratislava.com\/sk\/miesta\/magio-plaz\/\" target=\"_blank\" rel=\"noopener\"><strong>Tyr\u0161ovo n\u00e1bre\u017eie<\/strong><\/a><br \/>\nPrech\u00e1dzka po tomto n\u00e1bre\u017e\u00ed na pravom brehu rieky s\u013eubuje n\u00e1dhern\u00e9 v\u00fdh\u013eady na mesto, re\u0161taur\u00e1cie a bary na zakotven\u00fdch lodiach a i na brehu. Navy\u0161e tu n\u00e1jdete mestsk\u00fa pl\u00e1\u017e, ktor\u00e1 je v lete, ale aj v zime pulzuj\u00facim miestom, kde sa sn\u00fabi oddych, z\u00e1bava a kult\u00fara. Presadzuje udr\u017eate\u013en\u00fa cestu, vyu\u017e\u00edva energiu z obnovite\u013en\u00fdch zdrojov, d\u00f4kladne triedi odpad, recykluje a d\u00e1va triedi\u0165 biologick\u00fd odpad. Pod hol\u00fdm nebom tu n\u00e1jdete bohat\u00fd program, gastronomick\u00e9 lah\u00f4dky aj \u0161portov\u00e9 vy\u017eitie. Ob\u013e\u00faben\u00e9 s\u00fa koncerty, premietanie filmov \u010di predn\u00e1\u0161ky. Z\u00e1pad slnka v pohodl\u00ed pieso\u010dnej pl\u00e1\u017ee a ob\u010fale\u010d plyn\u00faceho Dunaja je tu skuto\u010dne nezabudnute\u013en\u00fd.<\/p>\n<p><img loading=\"lazy\" width=\"1920\" height=\"1280\" class=\"aligncenter size-full wp-image-137032\" src=\"https:\/\/www.visitbratislava.com\/wp-content\/uploads\/2022\/05\/Molnar_Mlady-par_komparz_Dunaj_BA-hrad_gastro_vyhradna-licencia-2_1920x1280.jpg\" alt=\"\" srcset=\"https:\/\/www.visitbratislava.com\/wp-content\/uploads\/2022\/05\/Molnar_Mlady-par_komparz_Dunaj_BA-hrad_gastro_vyhradna-licencia-2_1920x1280.jpg 1920w, https:\/\/www.visitbratislava.com\/wp-content\/uploads\/2022\/05\/Molnar_Mlady-par_komparz_Dunaj_BA-hrad_gastro_vyhradna-licencia-2_1920x1280-400x267.jpg 400w, https:\/\/www.visitbratislava.com\/wp-content\/uploads\/2022\/05\/Molnar_Mlady-par_komparz_Dunaj_BA-hrad_gastro_vyhradna-licencia-2_1920x1280-800x533.jpg 800w, https:\/\/www.visitbratislava.com\/wp-content\/uploads\/2022\/05\/Molnar_Mlady-par_komparz_Dunaj_BA-hrad_gastro_vyhradna-licencia-2_1920x1280-768x512.jpg 768w, https:\/\/www.visitbratislava.com\/wp-content\/uploads\/2022\/05\/Molnar_Mlady-par_komparz_Dunaj_BA-hrad_gastro_vyhradna-licencia-2_1920x1280-1536x1024.jpg 1536w, https:\/\/www.visitbratislava.com\/wp-content\/uploads\/2022\/05\/Molnar_Mlady-par_komparz_Dunaj_BA-hrad_gastro_vyhradna-licencia-2_1920x1280-200x133.jpg 200w\" sizes=\"(max-width: 1920px) 100vw, 1920px\" \/><\/p>\n<p><a href=\"https:\/\/www.visitbratislava.com\/sk\/miesta\/zelezna-studienka\/\" target=\"_blank\" rel=\"noopener\"><strong>\u017delezn\u00e1 studienka<\/strong><\/a><br \/>\nZ pulzuj\u00faceho ve\u013ekomesta je to v Bratislave do pr\u00edrody v\u017edy len na skok. Nabra\u0165 energiu m\u00f4\u017eete na ob\u013e\u00fabenej \u017deleznej studni\u010dke s Partiz\u00e1nskou l\u00fakou. Na severe tejto lokality n\u00e1jdete rybn\u00edky, kde sa d\u00e1 \u010dlnkova\u0165, ale aj pr\u00edjemn\u00e9 prstredie Mlyna Klep\u00e1\u010d. Komu by nesta\u010dilo, m\u00f4\u017ee si zachyta\u0165 ryby, previez\u0165 sa po cyklotras\u00e1ch alebo sa vybra\u0165 lanovkou na Kamz\u00edk.<\/p>\n<p><img loading=\"lazy\" width=\"1920\" height=\"1280\" class=\"aligncenter size-full wp-image-137038\" src=\"https:\/\/www.visitbratislava.com\/wp-content\/uploads\/2022\/05\/Kovac_BA_Nove-Mesto_Zelezna-studnicka_Jazero_Jesen_nevyhradna-licencia_1920x1280.jpg\" alt=\"\" srcset=\"https:\/\/www.visitbratislava.com\/wp-content\/uploads\/2022\/05\/Kovac_BA_Nove-Mesto_Zelezna-studnicka_Jazero_Jesen_nevyhradna-licencia_1920x1280.jpg 1920w, https:\/\/www.visitbratislava.com\/wp-content\/uploads\/2022\/05\/Kovac_BA_Nove-Mesto_Zelezna-studnicka_Jazero_Jesen_nevyhradna-licencia_1920x1280-400x267.jpg 400w, https:\/\/www.visitbratislava.com\/wp-content\/uploads\/2022\/05\/Kovac_BA_Nove-Mesto_Zelezna-studnicka_Jazero_Jesen_nevyhradna-licencia_1920x1280-800x533.jpg 800w, https:\/\/www.visitbratislava.com\/wp-content\/uploads\/2022\/05\/Kovac_BA_Nove-Mesto_Zelezna-studnicka_Jazero_Jesen_nevyhradna-licencia_1920x1280-768x512.jpg 768w, https:\/\/www.visitbratislava.com\/wp-content\/uploads\/2022\/05\/Kovac_BA_Nove-Mesto_Zelezna-studnicka_Jazero_Jesen_nevyhradna-licencia_1920x1280-1536x1024.jpg 1536w, https:\/\/www.visitbratislava.com\/wp-content\/uploads\/2022\/05\/Kovac_BA_Nove-Mesto_Zelezna-studnicka_Jazero_Jesen_nevyhradna-licencia_1920x1280-200x133.jpg 200w\" sizes=\"(max-width: 1920px) 100vw, 1920px\" \/><\/p>\n<p><a href=\"https:\/\/www.visitbratislava.com\/sk\/mestske-casti\/bratislava-3\/\" target=\"_blank\" rel=\"noopener\"><strong>Bratislavsk\u00e9 vinohrady<\/strong><\/a><br \/>\nV Bratislave je v\u00edno v\u017edy na dosah. Vinohradn\u00edctvo je tu st\u00e1le \u017eiv\u00e9, najm\u00e4 v Ra\u010di. Vyberte sa sem na ochutn\u00e1vku \u010di u\u017e do vin\u00e1rn\u00ed, alebo priamo k miestnym vin\u00e1rom do vinohradov s kr\u00e1snymi v\u00fdh\u013eadmi na mesto. Sk\u00faste napr\u00edklad prejs\u0165 po Ra\u010danskom vinohradn\u00edckom chodn\u00edku s tamoj\u0161\u00edmi &#8222;ko\u0161t\u00fafkami&#8220;. Kr\u00e1\u010dajte zodpovedne, aj zajtra je de\u0148.<\/p>\n<p><img loading=\"lazy\" width=\"1920\" height=\"1280\" class=\"aligncenter size-full wp-image-137044\" src=\"https:\/\/www.visitbratislava.com\/wp-content\/uploads\/2022\/05\/Dekan-vinohrad-vino-kostol-Raca-komparz_1920x1280.jpg\" alt=\"\" srcset=\"https:\/\/www.visitbratislava.com\/wp-content\/uploads\/2022\/05\/Dekan-vinohrad-vino-kostol-Raca-komparz_1920x1280.jpg 1920w, https:\/\/www.visitbratislava.com\/wp-content\/uploads\/2022\/05\/Dekan-vinohrad-vino-kostol-Raca-komparz_1920x1280-400x267.jpg 400w, https:\/\/www.visitbratislava.com\/wp-content\/uploads\/2022\/05\/Dekan-vinohrad-vino-kostol-Raca-komparz_1920x1280-800x533.jpg 800w, https:\/\/www.visitbratislava.com\/wp-content\/uploads\/2022\/05\/Dekan-vinohrad-vino-kostol-Raca-komparz_1920x1280-768x512.jpg 768w, https:\/\/www.visitbratislava.com\/wp-content\/uploads\/2022\/05\/Dekan-vinohrad-vino-kostol-Raca-komparz_1920x1280-1536x1024.jpg 1536w, https:\/\/www.visitbratislava.com\/wp-content\/uploads\/2022\/05\/Dekan-vinohrad-vino-kostol-Raca-komparz_1920x1280-200x133.jpg 200w\" sizes=\"(max-width: 1920px) 100vw, 1920px\" \/><\/p>\n<p><a href=\"https:\/\/www.visitbratislava.com\/sk\/mestske-casti\/bratislava-3\/\" target=\"_blank\" rel=\"noopener\"><strong>Dunajsk\u00e9 luhy<\/strong><\/a><br \/>\nJedno z bratislavsk\u00fdch miest, kde sa s ve\u013ekou pravdepodobnos\u0165ou ocitnete aj sami, s\u00fa lu\u017en\u00e9 lesy a lesostepi v Chr\u00e1nenej krajinnej oblasti Dunajsk\u00e9 luhy, ktor\u00fdch pasienky a mo\u010diare s\u00fa domovom divokej zveri i chr\u00e1nen\u00fdch rastl\u00edn. Jej prv\u00e9 dve \u010dasti le\u017eia takmer oproti sebe na oboch brehoch Dunaja na ju\u017enom okraji Bratislavy. Najzn\u00e1mej\u0161ie z nich s\u00fa Biskupick\u00e9 luhy. Tunaj\u0161iu pr\u00edrodu si najlep\u0161ie vychutn\u00e1te na bicykli. Pekne spolu a na pocit \u010faleko od ruchu ve\u013ekomesta.<\/p>\n<p><img loading=\"lazy\" width=\"1920\" height=\"1280\" class=\"aligncenter size-full wp-image-137050\" src=\"https:\/\/www.visitbratislava.com\/wp-content\/uploads\/2022\/05\/Vyleti-Vtacik-rusovce_vyhradna-01-6_1920x1280.jpg\" alt=\"\" srcset=\"https:\/\/www.visitbratislava.com\/wp-content\/uploads\/2022\/05\/Vyleti-Vtacik-rusovce_vyhradna-01-6_1920x1280.jpg 1920w, https:\/\/www.visitbratislava.com\/wp-content\/uploads\/2022\/05\/Vyleti-Vtacik-rusovce_vyhradna-01-6_1920x1280-400x267.jpg 400w, https:\/\/www.visitbratislava.com\/wp-content\/uploads\/2022\/05\/Vyleti-Vtacik-rusovce_vyhradna-01-6_1920x1280-800x533.jpg 800w, https:\/\/www.visitbratislava.com\/wp-content\/uploads\/2022\/05\/Vyleti-Vtacik-rusovce_vyhradna-01-6_1920x1280-768x512.jpg 768w, https:\/\/www.visitbratislava.com\/wp-content\/uploads\/2022\/05\/Vyleti-Vtacik-rusovce_vyhradna-01-6_1920x1280-1536x1024.jpg 1536w, https:\/\/www.visitbratislava.com\/wp-content\/uploads\/2022\/05\/Vyleti-Vtacik-rusovce_vyhradna-01-6_1920x1280-200x133.jpg 200w\" sizes=\"(max-width: 1920px) 100vw, 1920px\" \/><\/p>\n","protected":false},"excerpt":{"rendered":"<p>Vo dvojici si Bratislavu u\u017eijete dvojn\u00e1sobne, tak sa nechajte zl\u00e1ka\u0165 romantickou atmosf\u00e9rou hlavn\u00e9ho mesta<\/p>\n","protected":false},"author":32,"featured_media":136971,"parent":0,"menu_order":0,"comment_status":"closed","ping_status":"closed","template":"","meta":[],"acf":[],"_links":{"self":[{"href":"https:\/\/www.visitbratislava.com\/sk\/wp-json\/wp\/v2\/pages\/136970"}],"collection":[{"href":"https:\/\/www.visitbratislava.com\/sk\/wp-json\/wp\/v2\/pages"}],"about":[{"href":"https:\/\/www.visitbratislava.com\/sk\/wp-json\/wp\/v2\/types\/page"}],"author":[{"embeddable":true,"href":"https:\/\/www.visitbratislava.com\/sk\/wp-json\/wp\/v2\/users\/32"}],"replies":[{"embeddable":true,"href":"https:\/\/www.visitbratislava.com\/sk\/wp-json\/wp\/v2\/comments?post=136970"}],"version-history":[{"count":7,"href":"https:\/\/www.visitbratislava.com\/sk\/wp-json\/wp\/v2\/pages\/136970\/revisions"}],"predecessor-version":[{"id":242863,"href":"https:\/\/www.visitbratislava.com\/sk\/wp-json\/wp\/v2\/pages\/136970\/revisions\/242863"}],"wp:featuredmedia":[{"embeddable":true,"href":"https:\/\/www.visitbratislava.com\/sk\/wp-json\/wp\/v2\/media\/136971"}],"wp:attachment":[{"href":"https:\/\/www.visitbratislava.com\/sk\/wp-json\/wp\/v2\/media?parent=136970"}],"curies":[{"name":"wp","href":"https:\/\/api.w.org\/{rel}","templated":true}]}}