{"id":137566,"date":"2022-05-11T17:46:21","date_gmt":"2022-05-11T15:46:21","guid":{"rendered":"https:\/\/www.visitbratislava.com\/?page_id=137566"},"modified":"2024-05-17T17:15:13","modified_gmt":"2024-05-17T15:15:13","slug":"noc-muzei-a-galerii","status":"publish","type":"page","link":"https:\/\/www.visitbratislava.com\/sk\/noc-muzei-a-galerii\/","title":{"rendered":"Noc m\u00faze\u00ed a gal\u00e9ri\u00ed"},"content":{"rendered":"<p><a href=\"https:\/\/play.google.com\/store\/apps\/details?id=com.bluelemons.noc_muzei.ba\"><img loading=\"lazy\" class=\"aligncenter wp-image-294207 size-large\" src=\"https:\/\/www.visitbratislava.com\/wp-content\/uploads\/2024\/05\/mobilna_aplikacia-na_podujatie-v-BSKv-800x499.png\" alt=\"\" width=\"800\" height=\"499\" srcset=\"https:\/\/www.visitbratislava.com\/wp-content\/uploads\/2024\/05\/mobilna_aplikacia-na_podujatie-v-BSKv-800x499.png 800w, https:\/\/www.visitbratislava.com\/wp-content\/uploads\/2024\/05\/mobilna_aplikacia-na_podujatie-v-BSKv-400x250.png 400w, https:\/\/www.visitbratislava.com\/wp-content\/uploads\/2024\/05\/mobilna_aplikacia-na_podujatie-v-BSKv-768x479.png 768w, https:\/\/www.visitbratislava.com\/wp-content\/uploads\/2024\/05\/mobilna_aplikacia-na_podujatie-v-BSKv-1536x958.png 1536w, https:\/\/www.visitbratislava.com\/wp-content\/uploads\/2024\/05\/mobilna_aplikacia-na_podujatie-v-BSKv-2048x1278.png 2048w, https:\/\/www.visitbratislava.com\/wp-content\/uploads\/2024\/05\/mobilna_aplikacia-na_podujatie-v-BSKv-200x125.png 200w\" sizes=\"(max-width: 800px) 100vw, 800px\" \/><\/a><\/p>\n<p><strong>Tohtoro\u010dnou novinkou je aplik\u00e1cia Noc m\u00fazei\u00ed a gal\u00e9ri\u00ed BK, nev\u00e1hajte ju vysk\u00fa\u0161a\u0165!<\/strong><\/p>\n<p>Do Noci m\u00faze\u00ed a gal\u00e9ri\u00ed sa ka\u017edoro\u010dne zap\u00e1ja takmer dvesto kult\u00farnych in\u0161tit\u00faci\u00ed po celom Slovensku, s cie\u013eom prezentova\u0165 kult\u00farne dedi\u010dstvo na\u0161ej krajiny a jeho v\u00fdznam \u010do naj\u0161ir\u0161ej verejnosti. <strong>Za\u017eite po\u010das jednej \u010darovnej m\u00e1jovej noci aj Bratislavu ako ju nepozn\u00e1te.<\/strong><\/p>\n<p>\u010co takto vr\u00e1ti\u0165 sa do minul\u00fdch storo\u010d\u00ed \u010di rovno do antiky? Rozmanit\u00e9 pamiatky, komentovan\u00e9 prehliadky v m\u00faze\u00e1ch a gal\u00e9ri\u00e1ch v st\u00e1lych i nest\u00e1lych expoz\u00edci\u00e1ch, p\u00fatav\u00e9 v\u00fdstavy, spr\u00edstupnen\u00e9<strong> be\u017ene nedostupn\u00e9 priestory<\/strong>, r\u00f4zne atrakcie a hry pre deti, to s\u00fa hlavn\u00e9 l\u00e1kadl\u00e1 jedine\u010dnej noci plnej dobrodru\u017estva, poznania a z\u00e1bavy.<\/p>\n<p>Objavte, \u010do zost\u00e1va skryt\u00e9 po\u010das cel\u00e9ho roka. <strong>V sobotu 18. m\u00e1ja 2024 <\/strong>bude metropola Slovenska pln\u00e1 v\u00fdstav, r\u00f4znych akci\u00ed a tvoriv\u00fdch dieln\u00ed. Odborn\u00edci v\u00e1s vezm\u00fa na magick\u00fa cestu do minulosti, pr\u00edtomnosti a bud\u00facnosti kult\u00fary.<\/p>\n<p><strong>Hlavn\u00fd program bude prebieha\u0165 v \u010dase 15:00 &#8211; 24:00. Tento rok sa m\u00f4\u017eete z\u00fa\u010dastni\u0165 aj s\u00fa\u0165a\u017ee o ro\u010dn\u00e9 vstupenky!<\/strong><\/p>\n<p><strong>Vstupn\u00e9: spolo\u010dn\u00e1 vstupenka v hodnote 5 \u20ac<\/strong> \/ dospel\u00e1 osoba (deti do 12 rokov vr\u00e1tane, seniori nad 70 rokov a osoby ZTP zdarma). Plat\u00ed do v\u0161etk\u00fdch in\u0161tit\u00faci\u00ed Ba a BSK. Zak\u00fapi sa v prvom nav\u0161t\u00edvenom m\u00fazeu\/gal\u00e9rii. V pr\u00edpade, \u017ee n\u00e1v\u0161t\u00edvite len jedno miesto &#8211; m\u00f4\u017eete si zak\u00fapi\u0165 aj iba vstupenku nav\u0161t\u00edven\u00e9ho m\u00fazea \/ gal\u00e9rie. In\u0161tit\u00facie, ktor\u00e9 poskytuj\u00fa vstup zdarma spolo\u010dn\u00fa vstupenku nepred\u00e1vaj\u00fa.<\/p>\n<p class=\"button\"><a title=\"BUY TICKET\" href=\"https:\/\/www.visitbratislava.com\/wp-content\/uploads\/2024\/05\/WEB_Skladacka-NMaG_2024_print_final_SK.pdf\" target=\"_blank\" rel=\"noopener\">Cel\u00fd program<\/a><\/p>\n","protected":false},"excerpt":{"rendered":"<p>Po\u010das tohto d\u0148a otv\u00e1raj\u00fa m\u00faze\u00e1 a gal\u00e9rie aj svoje skryt\u00e9 z\u00e1kutia a prezentuj\u00fa \u010dinnosti, ktor\u00e9 inokedy zost\u00e1vaj\u00fa pred verejnos\u0165ou skryt\u00e9. Tento rok sa uskuto\u010dn\u00ed u\u017e 19. ro\u010dn\u00edk ob\u013e\u00fabenej celoeur\u00f3pskej Noci m\u00faze\u00ed a gal\u00e9ri\u00ed.<\/p>\n","protected":false},"author":32,"featured_media":291275,"parent":0,"menu_order":0,"comment_status":"closed","ping_status":"closed","template":"tpl-page-grid.php","meta":[],"acf":[],"_links":{"self":[{"href":"https:\/\/www.visitbratislava.com\/sk\/wp-json\/wp\/v2\/pages\/137566"}],"collection":[{"href":"https:\/\/www.visitbratislava.com\/sk\/wp-json\/wp\/v2\/pages"}],"about":[{"href":"https:\/\/www.visitbratislava.com\/sk\/wp-json\/wp\/v2\/types\/page"}],"author":[{"embeddable":true,"href":"https:\/\/www.visitbratislava.com\/sk\/wp-json\/wp\/v2\/users\/32"}],"replies":[{"embeddable":true,"href":"https:\/\/www.visitbratislava.com\/sk\/wp-json\/wp\/v2\/comments?post=137566"}],"version-history":[{"count":29,"href":"https:\/\/www.visitbratislava.com\/sk\/wp-json\/wp\/v2\/pages\/137566\/revisions"}],"predecessor-version":[{"id":295241,"href":"https:\/\/www.visitbratislava.com\/sk\/wp-json\/wp\/v2\/pages\/137566\/revisions\/295241"}],"wp:featuredmedia":[{"embeddable":true,"href":"https:\/\/www.visitbratislava.com\/sk\/wp-json\/wp\/v2\/media\/291275"}],"wp:attachment":[{"href":"https:\/\/www.visitbratislava.com\/sk\/wp-json\/wp\/v2\/media?parent=137566"}],"curies":[{"name":"wp","href":"https:\/\/api.w.org\/{rel}","templated":true}]}}