{"id":137578,"date":"2022-05-11T17:53:46","date_gmt":"2022-05-11T15:53:46","guid":{"rendered":"https:\/\/www.visitbratislava.com\/?page_id=137578"},"modified":"2026-05-04T15:25:13","modified_gmt":"2026-05-04T13:25:13","slug":"noc-plna-objavov","status":"publish","type":"page","link":"https:\/\/www.visitbratislava.com\/sk\/noc-muzei-a-galerii\/noc-plna-objavov\/","title":{"rendered":"Noc pln\u00e1 objavov"},"content":{"rendered":"<p>Objavte Bratislavu po zotmen\u00ed po\u010das jedn\u00e9ho z najob\u013e\u00fabenej\u0161\u00edch kult\u00farnych podujat\u00ed roka.<strong> V sobotu 23. m\u00e1ja 2026 otvoria m\u00faze\u00e1, gal\u00e9rie a kult\u00farne in\u0161tit\u00facie svoje br\u00e1ny a\u017e do neskor\u00fdch ve\u010dern\u00fdch hod\u00edn a pon\u00faknu v\u00fdnimo\u010dn\u00fd program pln\u00fd prehliadok, v\u00fdstav, workshopov a netradi\u010dn\u00fdch z\u00e1\u017eitkov.<\/strong><\/p>\n<h2>V\u00fdber z programu<\/h2>\n<h3>\u010cesk\u00fd d\u016fm<\/h3>\n<p><strong>Program:<br \/>\n<\/strong>Od 15.00 v\u00e1s \u010dakaj\u00fa dve zauj\u00edmav\u00e9 v\u00fdstavy. Spolo\u010dn\u00e1 v\u00fdstava <strong data-start=\"222\" data-end=\"235\">Fake News<\/strong>, pripraven\u00e1 v spolupr\u00e1ci s Franc\u00fazskym in\u0161tit\u00fatom na Slovensku, prin\u00e1\u0161a poh\u013ead s\u00fa\u010dasn\u00fdch umelcov na t\u00e9mu dezinform\u00e1ci\u00ed. Druh\u00e1 v\u00fdstava <strong data-start=\"370\" data-end=\"386\">Ottovy \u010cechy<\/strong> predstavuje historick\u00e9 obrazy \u010deskej krajiny z prelomu 19. a 20. storo\u010dia, doplnen\u00e9 o fotografie ich s\u00fa\u010dasnej podoby. Spojenie hist\u00f3rie, umenia a aktu\u00e1lnych spolo\u010densk\u00fdch t\u00e9m pon\u00faka netradi\u010dn\u00fd kult\u00farny z\u00e1\u017eitok po\u010das <a href=\"https:\/\/bratislava.czechcentres.cz\/program\/noc-muzei-a-galerii-2026-v-ceskem-dome\" target=\"_blank\" rel=\"noopener\">Noci m\u00faze\u00ed a gal\u00e9ri\u00ed<\/a>.<\/p>\n<p><img loading=\"lazy\" class=\"alignnone wp-image-439483 size-full\" src=\"https:\/\/www.visitbratislava.com\/wp-content\/uploads\/2026\/05\/e499508e6173287e6109a8d8371b4a56.jpg\" alt=\"\" width=\"540\" height=\"405\" srcset=\"https:\/\/www.visitbratislava.com\/wp-content\/uploads\/2026\/05\/e499508e6173287e6109a8d8371b4a56.jpg 540w, https:\/\/www.visitbratislava.com\/wp-content\/uploads\/2026\/05\/e499508e6173287e6109a8d8371b4a56-400x300.jpg 400w, https:\/\/www.visitbratislava.com\/wp-content\/uploads\/2026\/05\/e499508e6173287e6109a8d8371b4a56-200x150.jpg 200w\" sizes=\"(max-width: 540px) 100vw, 540px\" \/><\/p>\n<h3>Gal\u00e9ria Nedbalka<\/h3>\n<p><strong>Program:<\/strong><\/p>\n<p>13:00 \u2013 otvorenie gal\u00e9rie<\/p>\n<p>14:30 \u2013 Kur\u00e1torsk\u00fd v\u00fdklad k v\u00fdstave Martin Benka<br \/>\nOdborn\u00fd poh\u013ead na v\u00fdstavu s kunsthistori\u010dkou Alexandrou Ko\u010di\u0161kovou. Kapacita 100 os\u00f4b.<\/p>\n<p>15:00 \u2013 Detsk\u00fd vzdel\u00e1vac\u00ed program \u201eV\u0161etky zmysly umenia\u201c<br \/>\nInterakt\u00edvny z\u00e1\u017eitkov\u00fd program pre deti, ktor\u00e9 spozn\u00e1vaj\u00fa umenie v\u0161etk\u00fdmi zmyslami (aj dotykom a sluchom).<br \/>\nRegistr\u00e1cia: <a href=\"mailto:spravca@nedbalka.sk\">spravca@nedbalka.sk<\/a><\/p>\n<p>16:00 \u2013 Akrobatick\u00e9 vyst\u00fapenie pod d\u00e1\u017ednikmi<br \/>\nVizu\u00e1lne p\u00f4sobiv\u00e9 akrobatick\u00e9 predstavenie v ikonickej \u201ed\u00e1\u017ednikovej\u201c ulici gal\u00e9rie.<\/p>\n<p>17:00 \u2013 Kur\u00e1torsk\u00fd v\u00fdklad k v\u00fdstave Martin Benka<br \/>\nOdborn\u00fd v\u00fdklad k v\u00fdstave s Alexandrou Ko\u010di\u0161kovou. Kapacita 100 os\u00f4b.<\/p>\n<p>18:00 \u2013 Detsk\u00fd vzdel\u00e1vac\u00ed program \u201eMartin Benka \u2013 Pr\u00edbeh Slovenska v obrazoch\u201c<br \/>\nHrav\u00e9 pribl\u00ed\u017eenie \u017eivota a tvorby Martina Benku.<\/p>\n<p>19:00 \/ 20:00 \/ 21:00 \u2013 Komentovan\u00e1 prehliadka st\u00e1lej expoz\u00edcie<br \/>\nSprievod sveta slovensk\u00e9ho modern\u00e9ho umenia po\u010das ve\u010dera.<\/p>\n<p>22:30 \u2013 posledn\u00fd vstup do gal\u00e9rie<\/p>\n<p>Po\u010das cel\u00e9ho d\u0148a: pracovn\u00fd zo\u0161it pre deti s postavami Hugo a M\u00faza a mo\u017enos\u0165 vysk\u00fa\u0161a\u0165 si virtu\u00e1lnu realitu.<\/p>\n<h3><img loading=\"lazy\" width=\"1200\" height=\"900\" class=\"alignnone size-full wp-image-102758\" style=\"font-size: 16px;\" src=\"https:\/\/www.visitbratislava.com\/wp-content\/uploads\/2015\/05\/galeria-nedbalka-architektura-umenie-1180399-1.jpg\" alt=\"\" srcset=\"https:\/\/www.visitbratislava.com\/wp-content\/uploads\/2015\/05\/galeria-nedbalka-architektura-umenie-1180399-1.jpg 1200w, https:\/\/www.visitbratislava.com\/wp-content\/uploads\/2015\/05\/galeria-nedbalka-architektura-umenie-1180399-1-400x300.jpg 400w, https:\/\/www.visitbratislava.com\/wp-content\/uploads\/2015\/05\/galeria-nedbalka-architektura-umenie-1180399-1-800x600.jpg 800w, https:\/\/www.visitbratislava.com\/wp-content\/uploads\/2015\/05\/galeria-nedbalka-architektura-umenie-1180399-1-768x576.jpg 768w, https:\/\/www.visitbratislava.com\/wp-content\/uploads\/2015\/05\/galeria-nedbalka-architektura-umenie-1180399-1-200x150.jpg 200w, https:\/\/www.visitbratislava.com\/wp-content\/uploads\/2015\/05\/galeria-nedbalka-architektura-umenie-1180399-1-600x450.jpg 600w\" sizes=\"(max-width: 1200px) 100vw, 1200px\" \/><\/h3>\n<h3><strong>Gal\u00e9ria mesta Bratislavy<\/strong><\/h3>\n<p><strong>Program:<\/strong><\/p>\n<p data-start=\"312\" data-end=\"327\"><strong>MIRBACHOV PAL\u00c1C<\/strong><\/p>\n<p data-start=\"329\" data-end=\"420\">ST\u00c1LE EXPOZ\u00cdCIE<br data-start=\"344\" data-end=\"347\" \/>Stredoeur\u00f3pske barokov\u00e9 maliarstvo a soch\u00e1rstvo\u00a0<br data-start=\"396\" data-end=\"399\" \/>Grafick\u00e9 kabinety<\/p>\n<p data-start=\"422\" data-end=\"605\">SPRIEVODN\u00dd PROGRAM<br data-start=\"440\" data-end=\"443\" \/>16:00 \u2013 23:00 Spoznajte pr\u00edbeh portr\u00e9tu kontesy Johany de Walderode\u00a0<br data-start=\"512\" data-end=\"515\" \/>16:00 \u2013 23:00 Akt\u00edvny sprievodca: Po stop\u00e1ch umenia\u00a0<br data-start=\"568\" data-end=\"571\" \/>16:00 \u2013 23:00 Otvoren\u00fd ateli\u00e9r<\/p>\n<p data-start=\"612\" data-end=\"626\"><strong>P\u00c1LFFYHO PAL\u00c1C<\/strong><\/p>\n<p data-start=\"628\" data-end=\"681\">V\u00ddSTAVY<br data-start=\"635\" data-end=\"638\" \/>Umenie interakcie\u00a0<br data-start=\"657\" data-end=\"660\" \/>Stred je inde II.<\/p>\n<p data-start=\"683\" data-end=\"789\">ST\u00c1LE EXPOZ\u00cdCIE<br data-start=\"698\" data-end=\"701\" \/>Matej Kr\u00e9n: Pas\u00e1\u017e\u00a0<br data-start=\"720\" data-end=\"723\" \/>Gotick\u00e1 tabu\u013eov\u00e1 ma\u013eba a plastika\u00a0<br data-start=\"758\" data-end=\"761\" \/>BIATEC. Keltsk\u00e1 mincov\u0148a<\/p>\n<p data-start=\"791\" data-end=\"867\">INTERVENCIE V P\u00c1LFFYHO PAL\u00c1CI<br data-start=\"820\" data-end=\"823\" \/>Anetta Mona Chi\u0219a, Lucia Tk\u00e1\u010dov\u00e1: Totemy<\/p>\n<p data-start=\"869\" data-end=\"1045\" data-is-last-node=\"\" data-is-only-node=\"\">SPRIEVODN\u00dd PROGRAM<br data-start=\"887\" data-end=\"890\" \/>17:00 \u2013 21:00 Kreat\u00edvne miesta: Zapoj sa!\u00a0<br data-start=\"933\" data-end=\"936\" \/>16:00 \u2013 23:00 Rok v gal\u00e9rii \u2013 verejn\u00fd odpo\u010det GMB\u00a0<br data-start=\"987\" data-end=\"990\" \/>16:00 \u2013 23:00 Samoobslu\u017en\u00e9 aktivity: Gotika pod lupou<\/p>\n<p data-start=\"869\" data-end=\"1045\" data-is-last-node=\"\" data-is-only-node=\"\"><a href=\"https:\/\/www.gmb.sk\/detail\/noc-muzei-a-galerii-2026-v-gmb-program\" target=\"_blank\" rel=\"noopener\">Cel\u00fd program<\/a><\/p>\n<p data-start=\"869\" data-end=\"1045\" data-is-last-node=\"\" data-is-only-node=\"\"><img loading=\"lazy\" width=\"2560\" height=\"1707\" class=\"alignnone size-full wp-image-344328\" src=\"https:\/\/www.visitbratislava.com\/wp-content\/uploads\/2014\/10\/Sopinec_2024_BA-muzea_galerie_vyhradna_komparz_pasaz-mateja-krena_rodina_umenie_dieta-scaled.jpg\" alt=\"\" srcset=\"https:\/\/www.visitbratislava.com\/wp-content\/uploads\/2014\/10\/Sopinec_2024_BA-muzea_galerie_vyhradna_komparz_pasaz-mateja-krena_rodina_umenie_dieta-scaled.jpg 2560w, https:\/\/www.visitbratislava.com\/wp-content\/uploads\/2014\/10\/Sopinec_2024_BA-muzea_galerie_vyhradna_komparz_pasaz-mateja-krena_rodina_umenie_dieta-400x267.jpg 400w, https:\/\/www.visitbratislava.com\/wp-content\/uploads\/2014\/10\/Sopinec_2024_BA-muzea_galerie_vyhradna_komparz_pasaz-mateja-krena_rodina_umenie_dieta-800x533.jpg 800w, https:\/\/www.visitbratislava.com\/wp-content\/uploads\/2014\/10\/Sopinec_2024_BA-muzea_galerie_vyhradna_komparz_pasaz-mateja-krena_rodina_umenie_dieta-768x512.jpg 768w, https:\/\/www.visitbratislava.com\/wp-content\/uploads\/2014\/10\/Sopinec_2024_BA-muzea_galerie_vyhradna_komparz_pasaz-mateja-krena_rodina_umenie_dieta-1536x1024.jpg 1536w, https:\/\/www.visitbratislava.com\/wp-content\/uploads\/2014\/10\/Sopinec_2024_BA-muzea_galerie_vyhradna_komparz_pasaz-mateja-krena_rodina_umenie_dieta-2048x1365.jpg 2048w, https:\/\/www.visitbratislava.com\/wp-content\/uploads\/2014\/10\/Sopinec_2024_BA-muzea_galerie_vyhradna_komparz_pasaz-mateja-krena_rodina_umenie_dieta-200x133.jpg 200w\" sizes=\"(max-width: 2560px) 100vw, 2560px\" \/><\/p>\n<p><em>Noc m\u00faze\u00ed a gal\u00e9ri\u00ed je <strong>celoeur\u00f3pskym podujat\u00edm sponzorovan\u00fdm Radou Eur\u00f3py s cie\u013eom prezentova\u0165 kult\u00farne dedi\u010dstvo Eur\u00f3py<\/strong>. Medzin\u00e1rodn\u00fd de\u0148 m\u00faze\u00ed m\u00e1 za \u00falohu zv\u00fd\u0161i\u0165 povedomie o tom, \u017ee m\u00faze\u00e1 a gal\u00e9rie s\u00fa d\u00f4le\u017eit\u00fdm prostriedkom kult\u00farnej v\u00fdmeny, obohacovania kult\u00far a rozvoja vz\u00e1jomn\u00e9ho porozumenia, spolupr\u00e1ce a mieru medzi \u013eu\u010fmi.<\/em><\/p>\n<p><em>Zmena programu vyhraden\u00e1, \u010fakujeme za pochopenie.<\/em><\/p>\n","protected":false},"excerpt":{"rendered":"<p>Odha\u013ete skryt\u00e9 poklady bratislavsk\u00fdch m\u00faze\u00ed a gal\u00e9ri\u00ed. Len jedin\u00fd de\u0148 v roku bude mo\u017en\u00e9 do neskor\u00fdch ve\u010dern\u00fdch hod\u00edn  vidie\u0165 zauj\u00edmav\u00e9 v\u00fdstavy, autorsk\u00e9 v\u00fdklady, tvoriv\u00e9 dielne, anim\u00e1cie, prehliadky a \u010fal\u0161\u00ed program vo viac ako 100 lokalit\u00e1ch na Slovensku<\/p>\n","protected":false},"author":32,"featured_media":439443,"parent":137566,"menu_order":0,"comment_status":"closed","ping_status":"closed","template":"","meta":[],"acf":[],"_links":{"self":[{"href":"https:\/\/www.visitbratislava.com\/sk\/wp-json\/wp\/v2\/pages\/137578"}],"collection":[{"href":"https:\/\/www.visitbratislava.com\/sk\/wp-json\/wp\/v2\/pages"}],"about":[{"href":"https:\/\/www.visitbratislava.com\/sk\/wp-json\/wp\/v2\/types\/page"}],"author":[{"embeddable":true,"href":"https:\/\/www.visitbratislava.com\/sk\/wp-json\/wp\/v2\/users\/32"}],"replies":[{"embeddable":true,"href":"https:\/\/www.visitbratislava.com\/sk\/wp-json\/wp\/v2\/comments?post=137578"}],"version-history":[{"count":16,"href":"https:\/\/www.visitbratislava.com\/sk\/wp-json\/wp\/v2\/pages\/137578\/revisions"}],"predecessor-version":[{"id":439491,"href":"https:\/\/www.visitbratislava.com\/sk\/wp-json\/wp\/v2\/pages\/137578\/revisions\/439491"}],"up":[{"embeddable":true,"href":"https:\/\/www.visitbratislava.com\/sk\/wp-json\/wp\/v2\/pages\/137566"}],"wp:featuredmedia":[{"embeddable":true,"href":"https:\/\/www.visitbratislava.com\/sk\/wp-json\/wp\/v2\/media\/439443"}],"wp:attachment":[{"href":"https:\/\/www.visitbratislava.com\/sk\/wp-json\/wp\/v2\/media?parent=137578"}],"curies":[{"name":"wp","href":"https:\/\/api.w.org\/{rel}","templated":true}]}}