{"id":137584,"date":"2022-05-11T18:03:36","date_gmt":"2022-05-11T16:03:36","guid":{"rendered":"https:\/\/www.visitbratislava.com\/?page_id=137584"},"modified":"2022-05-11T18:03:36","modified_gmt":"2022-05-11T16:03:36","slug":"bratislavu-zahali-noc-muzei-a-galerii","status":"publish","type":"page","link":"https:\/\/www.visitbratislava.com\/sk\/noc-muzei-a-galerii\/bratislavu-zahali-noc-muzei-a-galerii\/","title":{"rendered":"Bratislavu zahal\u00ed Noc m\u00faze\u00ed a gal\u00e9ri\u00ed"},"content":{"rendered":"<p>Noc m\u00faze\u00ed a gal\u00e9ri\u00ed je na Slovensku zviazan\u00e1 so sviatkom m\u00fazejn\u00edkov na celom svete \u2013 s Medzin\u00e1rodn\u00fdm d\u0148om m\u00faze\u00ed, ke\u010f m\u00fazejn\u00edci pripom\u00ednaj\u00fa verejnosti, \u017ee s\u00fa tu preto, aby sme pam\u00e4tali na bohatstvo n\u00e1\u0161ho kult\u00farneho dedi\u010dstva, jeho v\u00fdznam pre poznanie na\u0161ej p\u00fate, po ktorej kr\u00e1\u010dame za poznan\u00edm, odkia\u013e prich\u00e1dzame, kto sme a kam smerujeme.<\/p>\n<p><img loading=\"lazy\" width=\"1920\" height=\"1280\" class=\"aligncenter size-full wp-image-137469\" src=\"https:\/\/www.visitbratislava.com\/wp-content\/uploads\/2022\/05\/danubiana-2_1920x1280.jpg\" alt=\"\" srcset=\"https:\/\/www.visitbratislava.com\/wp-content\/uploads\/2022\/05\/danubiana-2_1920x1280.jpg 1920w, https:\/\/www.visitbratislava.com\/wp-content\/uploads\/2022\/05\/danubiana-2_1920x1280-400x267.jpg 400w, https:\/\/www.visitbratislava.com\/wp-content\/uploads\/2022\/05\/danubiana-2_1920x1280-800x533.jpg 800w, https:\/\/www.visitbratislava.com\/wp-content\/uploads\/2022\/05\/danubiana-2_1920x1280-768x512.jpg 768w, https:\/\/www.visitbratislava.com\/wp-content\/uploads\/2022\/05\/danubiana-2_1920x1280-1536x1024.jpg 1536w, https:\/\/www.visitbratislava.com\/wp-content\/uploads\/2022\/05\/danubiana-2_1920x1280-200x133.jpg 200w\" sizes=\"(max-width: 1920px) 100vw, 1920px\" \/><\/p>\n<p>Celoeur\u00f3pska noc pod patron\u00e1tom Rady Eur\u00f3py s cie\u013eom v \u010do najv\u00e4\u010d\u0161ej miere prezentova\u0165 kult\u00farne dedi\u010dstvo si v kr\u00e1tkom \u010dase z\u00edskala ve\u013ek\u00fa ob\u013eubu a ka\u017edoro\u010dne pri\u0165ahuje ve\u013ek\u00e9 mno\u017estvo n\u00e1v\u0161tevn\u00edkov. 18. ro\u010dn\u00edk Noci m\u00faze\u00ed a gal\u00e9ri\u00ed sa uskuto\u010dn\u00ed v jeden de\u0148 na celom Slovensku &#8211; v sobotu 14. m\u00e1ja. Dvere m\u00faze\u00ed a gal\u00e9ri\u00ed zostan\u00fa otvoren\u00e9 pre n\u00e1v\u0161tevn\u00edkov do neskor\u00fdch ve\u010dern\u00fdch a no\u010dn\u00fdch hod\u00edn, aby im umo\u017enili prehliadku expoz\u00edci\u00ed.<\/p>\n<p><img loading=\"lazy\" width=\"1920\" height=\"1280\" class=\"aligncenter size-full wp-image-137475\" src=\"https:\/\/www.visitbratislava.com\/wp-content\/uploads\/2022\/05\/muzeum-vinohradnictva-2-1_1920x1280.jpg\" alt=\"\" srcset=\"https:\/\/www.visitbratislava.com\/wp-content\/uploads\/2022\/05\/muzeum-vinohradnictva-2-1_1920x1280.jpg 1920w, https:\/\/www.visitbratislava.com\/wp-content\/uploads\/2022\/05\/muzeum-vinohradnictva-2-1_1920x1280-400x267.jpg 400w, https:\/\/www.visitbratislava.com\/wp-content\/uploads\/2022\/05\/muzeum-vinohradnictva-2-1_1920x1280-800x533.jpg 800w, https:\/\/www.visitbratislava.com\/wp-content\/uploads\/2022\/05\/muzeum-vinohradnictva-2-1_1920x1280-768x512.jpg 768w, https:\/\/www.visitbratislava.com\/wp-content\/uploads\/2022\/05\/muzeum-vinohradnictva-2-1_1920x1280-1536x1024.jpg 1536w, https:\/\/www.visitbratislava.com\/wp-content\/uploads\/2022\/05\/muzeum-vinohradnictva-2-1_1920x1280-200x133.jpg 200w\" sizes=\"(max-width: 1920px) 100vw, 1920px\" \/><\/p>\n<p>\u010cinnosti m\u00faze\u00ed a gal\u00e9ri\u00ed s\u00fa orientovan\u00e9 najm\u00e4 na roz\u0161\u00edrenie tradi\u010dnej ponuky m\u00faze\u00ed a na \u010dinnosti, ktor\u00e9 po cel\u00fd rok zost\u00e1vaj\u00fa pred verejnos\u0165ou ukryt\u00e9. Prehliadka depozit\u00e1rov, uk\u00e1\u017eky re\u0161taurovania, odborn\u00e9 poradenstvo v r\u00f4znych oblastiach od umeleck\u00fdch a\u017e po pr\u00edrodovedn\u00e9, \u010di no\u010dn\u00e9 prehliadky expoz\u00edci\u00ed s p\u00fatav\u00fdm v\u00fdkladom kur\u00e1torov s\u00fa aktivity, ktor\u00e9 pom\u00f4\u017eu verejnosti aj prostredn\u00edctvom takto z\u00edskan\u00fdch poznatkov a inform\u00e1ci\u00ed lep\u0161ie ch\u00e1pa\u0165 v\u00fdznam m\u00faze\u00ed a gal\u00e9ri\u00ed a ich \u00falohy pri z\u00e1chrane, ochrane a spr\u00edstup\u0148ovan\u00ed kult\u00farneho dedi\u010dstva.<\/p>\n<p>Rozhodnutie o Medzin\u00e1rodnom dn\u00ed m\u00faze\u00ed prijala gener\u00e1lna konferencia Medzin\u00e1rodnej rady m\u00faze\u00ed ICOM v Moskve v roku 1977. Rezol\u00faciu o ustanoven\u00ed 18. m\u00e1ja za Medzin\u00e1rodn\u00fd de\u0148 m\u00faze\u00ed podporilo 108 n\u00e1rodn\u00fdch komit\u00e9tov. Podpori\u0165 v\u00fdznam MDM si pred osemn\u00e1stimi rokmi dala za cie\u013e aj franc\u00fazska iniciat\u00edva zalo\u017ei\u0165 trad\u00edciu Nuit europ\u00e9enne des mus\u00e9es. Eur\u00f3pska noc m\u00faze\u00ed prebieha pod patron\u00e1tom Rady Eur\u00f3py.<\/p>\n<p>Podujatie m\u00e1 v \u010do najv\u00e4\u010d\u0161ej miere prezentova\u0165 kult\u00farne dedi\u010dstvo, v\u00fdznam jeho z\u00e1chrany a ochrany pri kult\u00farnej v\u00fdmene, \u0161\u00edren\u00ed inform\u00e1ci\u00ed o kult\u00farnej rozmanitosti jednotliv\u00fdch kraj\u00edn i regi\u00f3nov Eur\u00f3py, pri neform\u00e1lnom vzdel\u00e1van\u00ed a kultivovanom oddychu.<\/p>\n<p><img loading=\"lazy\" width=\"1920\" height=\"1280\" class=\"aligncenter size-full wp-image-137481\" src=\"https:\/\/www.visitbratislava.com\/wp-content\/uploads\/2022\/05\/stare-mesto-noc-5_1920x1280.jpg\" alt=\"\" srcset=\"https:\/\/www.visitbratislava.com\/wp-content\/uploads\/2022\/05\/stare-mesto-noc-5_1920x1280.jpg 1920w, https:\/\/www.visitbratislava.com\/wp-content\/uploads\/2022\/05\/stare-mesto-noc-5_1920x1280-400x267.jpg 400w, https:\/\/www.visitbratislava.com\/wp-content\/uploads\/2022\/05\/stare-mesto-noc-5_1920x1280-800x533.jpg 800w, https:\/\/www.visitbratislava.com\/wp-content\/uploads\/2022\/05\/stare-mesto-noc-5_1920x1280-768x512.jpg 768w, https:\/\/www.visitbratislava.com\/wp-content\/uploads\/2022\/05\/stare-mesto-noc-5_1920x1280-1536x1024.jpg 1536w, https:\/\/www.visitbratislava.com\/wp-content\/uploads\/2022\/05\/stare-mesto-noc-5_1920x1280-200x133.jpg 200w\" sizes=\"(max-width: 1920px) 100vw, 1920px\" \/><\/p>\n<p>M\u00faze\u00e1 a gal\u00e9rie sa po\u010das Noci m\u00faze\u00ed a gal\u00e9ri\u00ed orientuj\u00fa na to, \u010do po\u010das cel\u00e9ho roka zost\u00e1vaj\u00fa pred verejnos\u0165ou ukryt\u00e9. V tom \u010dase m\u00faze\u00e1 otv\u00e1raj\u00fa verejnosti svoje \u201eskryt\u00e9\u201c komnaty a odkr\u00fdvaj\u00fa tajomstv\u00e1, schov\u00e1van\u00e9 pred zrakmi verejnosti. Cie\u013eom tejto noci je roz\u0161\u00edrenie tradi\u010dnej ponuky m\u00faze\u00ed o \u010dinnosti inak ukryt\u00e9 pre zrakmi n\u00e1v\u0161tevn\u00edkov. Takto m\u00f4\u017ee verejnos\u0165 prenikn\u00fa\u0165 do tajov \u201em\u00fazejnej kuchyne\u201c. Toto \u201eodkr\u00fdvanie tajomstiev\u201c pom\u00e1ha verejnosti aj prostredn\u00edctvom takto z\u00edskan\u00fdch poznatkov a inform\u00e1ci\u00ed lep\u0161ie pochopi\u0165 v\u00fdznam m\u00faze\u00ed pri ochrane s\u00fa\u010dasti kult\u00farneho a pr\u00edrodn\u00e9ho dedi\u010dstva, uchov\u00e1van\u00fdch v m\u00faze\u00e1ch a gal\u00e9ri\u00e1ch.<\/p>\n<p><img loading=\"lazy\" width=\"1920\" height=\"1280\" class=\"aligncenter size-full wp-image-137487\" src=\"https:\/\/www.visitbratislava.com\/wp-content\/uploads\/2022\/05\/vyhlad.-hrad-noc_1920x1280.jpg\" alt=\"\" srcset=\"https:\/\/www.visitbratislava.com\/wp-content\/uploads\/2022\/05\/vyhlad.-hrad-noc_1920x1280.jpg 1920w, https:\/\/www.visitbratislava.com\/wp-content\/uploads\/2022\/05\/vyhlad.-hrad-noc_1920x1280-400x267.jpg 400w, https:\/\/www.visitbratislava.com\/wp-content\/uploads\/2022\/05\/vyhlad.-hrad-noc_1920x1280-800x533.jpg 800w, https:\/\/www.visitbratislava.com\/wp-content\/uploads\/2022\/05\/vyhlad.-hrad-noc_1920x1280-768x512.jpg 768w, https:\/\/www.visitbratislava.com\/wp-content\/uploads\/2022\/05\/vyhlad.-hrad-noc_1920x1280-1536x1024.jpg 1536w, https:\/\/www.visitbratislava.com\/wp-content\/uploads\/2022\/05\/vyhlad.-hrad-noc_1920x1280-200x133.jpg 200w\" sizes=\"(max-width: 1920px) 100vw, 1920px\" \/><\/p>\n<p>Druh\u00fa m\u00e1jov\u00fa sobotu tak m\u00f4\u017eete v Bratislave urobi\u0165 napr\u00edklad v m\u00faze\u00e1ch Slovensk\u00e9ho n\u00e1rodn\u00e9ho m\u00fazea (Pr\u00edrodovedn\u00e9 m\u00fazeum, Historick\u00e9 m\u00fazeum, Archeologick\u00e9 m\u00fazeum, Hudobn\u00e9 m\u00fazeum, M\u00fazeum kult\u00fary Ma\u010farov na Slovensku, M\u00fazeum kult\u00fary karpatsk\u00fdch Nemcov na Slovensku, M\u00fazeum \u017eidovskej kult\u00fary a M\u00fazeum kult\u00fary Chorv\u00e1tov na Slovensku), v Slovenskej n\u00e1rodnej gal\u00e9rii, v expoz\u00edci\u00e1ch M\u00fazea mesta Bratislavy v Antickej Gerulate, na hrade Dev\u00edn, v Starej radnici, Apponyiho pal\u00e1ci, Pam\u00e4tnom dome J. N. Hummela, M\u00fazeu Arthura Fleischmanna, M\u00fazeu farm\u00e1cie a M\u00fazeu hod\u00edn, v Mirbachovom pal\u00e1ci aj P\u00e1lffyho pal\u00e1ci Gal\u00e9rie mesta Bratislavy, ako aj v \u010ceskom centre, Gal\u00e9rii dizajnu Satelit, Gal\u00e9rii Nedbalka, Gal\u00e9rii Umelka, Gal\u00e9rii \u00da\u013dUV, Medzin\u00e1rodnom dome umenia pre deti Bibiana, M\u00fazeu dopravy, M\u00fazeu obchodu, M\u00fazeu petr\u017ealsk\u00e9ho opevnenia, M\u00fazeu pol\u00edcie, M\u00fazeu \u0161kolstva a pedagogiky, N\u00e1rodnom osvetovom centre, Slovenskom centre dizajnu, Slovenskom olympijskom a \u0161portovom m\u00fazeu, Staromestskej gal\u00e9rii Zichy, Stredoeur\u00f3pskom dome fotografie, Univerzitnej kni\u017enici, Vod\u00e1renskom m\u00fazeu, \u017delezni\u010dnom m\u00fazeu Slovenskej republiky. Jednotn\u00e9 vstupn\u00e9 je vo v\u00fd\u0161ke 5 eur.<\/p>\n<p>Objavte v tento de\u0148 a najm\u00e4 v t\u00fato noc poklady m\u00faze\u00ed a gal\u00e9ri\u00ed, ich programy, v\u00fdstavy a r\u00f4zne podujatia. Historick\u00e9 aj modern\u00e9 priestory desiatok m\u00faze\u00ed, gal\u00e9ri\u00ed, hradov, z\u00e1mkov, pal\u00e1cov a in\u00fdch pamiatok v\u00e1m uk\u00e1\u017eu Bratislavu a slovensk\u00e9 kult\u00farne bohatstvo z netradi\u010dn\u00e9ho uhla poh\u013eadu.<\/p>\n<p><img loading=\"lazy\" width=\"1920\" height=\"1280\" class=\"aligncenter size-full wp-image-137493\" src=\"https:\/\/www.visitbratislava.com\/wp-content\/uploads\/2022\/05\/KUVYT_Danubiana_BTB_BN2020_martina_mlcuchova-24_1920x1280.jpg\" alt=\"\" srcset=\"https:\/\/www.visitbratislava.com\/wp-content\/uploads\/2022\/05\/KUVYT_Danubiana_BTB_BN2020_martina_mlcuchova-24_1920x1280.jpg 1920w, https:\/\/www.visitbratislava.com\/wp-content\/uploads\/2022\/05\/KUVYT_Danubiana_BTB_BN2020_martina_mlcuchova-24_1920x1280-400x267.jpg 400w, https:\/\/www.visitbratislava.com\/wp-content\/uploads\/2022\/05\/KUVYT_Danubiana_BTB_BN2020_martina_mlcuchova-24_1920x1280-800x533.jpg 800w, https:\/\/www.visitbratislava.com\/wp-content\/uploads\/2022\/05\/KUVYT_Danubiana_BTB_BN2020_martina_mlcuchova-24_1920x1280-768x512.jpg 768w, https:\/\/www.visitbratislava.com\/wp-content\/uploads\/2022\/05\/KUVYT_Danubiana_BTB_BN2020_martina_mlcuchova-24_1920x1280-1536x1024.jpg 1536w, https:\/\/www.visitbratislava.com\/wp-content\/uploads\/2022\/05\/KUVYT_Danubiana_BTB_BN2020_martina_mlcuchova-24_1920x1280-200x133.jpg 200w\" sizes=\"(max-width: 1920px) 100vw, 1920px\" \/><\/p>\n","protected":false},"excerpt":{"rendered":"<p>V polovici m\u00e1ja ostan\u00fa br\u00e1ny m\u00faze\u00ed a gal\u00e9ri\u00ed v celej Bratislave otvoren\u00e9 do neskor\u00fdch hod\u00edn. Noc m\u00faze\u00ed a gal\u00e9ri\u00ed popri tom pon\u00fakne bohat\u00fd sprievodn\u00fd program<\/p>\n","protected":false},"author":32,"featured_media":137463,"parent":137566,"menu_order":0,"comment_status":"closed","ping_status":"closed","template":"","meta":[],"acf":[],"_links":{"self":[{"href":"https:\/\/www.visitbratislava.com\/sk\/wp-json\/wp\/v2\/pages\/137584"}],"collection":[{"href":"https:\/\/www.visitbratislava.com\/sk\/wp-json\/wp\/v2\/pages"}],"about":[{"href":"https:\/\/www.visitbratislava.com\/sk\/wp-json\/wp\/v2\/types\/page"}],"author":[{"embeddable":true,"href":"https:\/\/www.visitbratislava.com\/sk\/wp-json\/wp\/v2\/users\/32"}],"replies":[{"embeddable":true,"href":"https:\/\/www.visitbratislava.com\/sk\/wp-json\/wp\/v2\/comments?post=137584"}],"version-history":[{"count":1,"href":"https:\/\/www.visitbratislava.com\/sk\/wp-json\/wp\/v2\/pages\/137584\/revisions"}],"predecessor-version":[{"id":137585,"href":"https:\/\/www.visitbratislava.com\/sk\/wp-json\/wp\/v2\/pages\/137584\/revisions\/137585"}],"up":[{"embeddable":true,"href":"https:\/\/www.visitbratislava.com\/sk\/wp-json\/wp\/v2\/pages\/137566"}],"wp:featuredmedia":[{"embeddable":true,"href":"https:\/\/www.visitbratislava.com\/sk\/wp-json\/wp\/v2\/media\/137463"}],"wp:attachment":[{"href":"https:\/\/www.visitbratislava.com\/sk\/wp-json\/wp\/v2\/media?parent=137584"}],"curies":[{"name":"wp","href":"https:\/\/api.w.org\/{rel}","templated":true}]}}