{"id":137590,"date":"2022-05-11T18:24:37","date_gmt":"2022-05-11T16:24:37","guid":{"rendered":"https:\/\/www.visitbratislava.com\/?page_id=137590"},"modified":"2024-05-09T16:17:49","modified_gmt":"2024-05-09T14:17:49","slug":"noc-v-narodnom-muzeu","status":"publish","type":"page","link":"https:\/\/www.visitbratislava.com\/sk\/noc-muzei-a-galerii\/noc-v-narodnom-muzeu\/","title":{"rendered":"Noc v n\u00e1rodnom m\u00fazeu"},"content":{"rendered":"<p>Noc m\u00faze\u00ed a gal\u00e9ri\u00ed je oslavou m\u00fazejn\u00edctva a ukazuje aj to, \u010do inak ost\u00e1va skryt\u00e9. Osem m\u00faze\u00ed Slovensk\u00e9ho n\u00e1rodn\u00e9ho m\u00fazea preto v sobotu 18. m\u00e1ja otvor\u00ed svoj br\u00e1ny v\u0161etk\u00fdm zvedavcom a nad\u0161encom. Pozrite sa, \u010do pripravili<strong> Pr\u00edrodovedn\u00e9 m\u00fazeum, Historick\u00e9 m\u00fazeum na Bratislavskom hrade, Archeologick\u00e9 m\u00fazeum,<\/strong> Hudobn\u00e9 m\u00fazeum a <strong>klaster m\u00faze\u00ed na p\u00f4vabnej \u017di\u017ekovej ulici<\/strong> &#8211; M\u00fazeum kult\u00fary Ma\u010farov na Slovensku, M\u00fazeum kult\u00fary karpatsk\u00fdch Nemcov na Slovensku, M\u00fazeum \u017eidovskej kult\u00fary a M\u00fazeum kult\u00fary Chorv\u00e1tov na Slovensku.<\/p>\n<h3>Pre \u013eah\u0161iu orient\u00e1ciu:<\/h3>\n<p>\ud83d\udde3\ufe0f komentovan\u00e9 prehliadky<br \/>\n\ud83c\udf6d program pre deti<br \/>\n\ud83c\udd93 zadarmo<br \/>\n\ud83e\udd29 top program<\/p>\n<h3>V priestoroch Archeologick\u00e9ho m\u00fazea<\/h3>\n<p>M\u00f4\u017eete sa te\u0161i\u0165 na tvoriv\u00fd program pre rodiny s de\u0165mi a po\u010das cel\u00e9ho podujatia<strong> archeol\u00f3govia odpovedaj\u00fa na ot\u00e1zky n\u00e1v\u0161tevn\u00edkov a poskytuj\u00fa v\u00fdklad k v\u00fdstav\u00e1m<\/strong>.<\/p>\n<p><strong>Program:<\/strong><br \/>\n10.00 \u2013 11.30 Burza archeologickej literat\u00fary<br \/>\n10.00 \u2013 15.00 Predaj archeologick\u00fdch suven\u00edrov (k\u00f3pie archeologick\u00fdch n\u00e1lezov zo Slovenska \u2013 \u0161perky a pam\u00e4tn\u00e9 predmety, v\u00fdrobca Franti\u0161ek Engel)<br \/>\n\ud83c\udf6d10.00 \u2013 15.00 Hra na archeol\u00f3gov v archeologickom pieskovisku<br \/>\n\ud83c\udf6d10.00 \u2013 15.00 Hra na r\u00edmskych legion\u00e1rov a stredovek\u00fdch rytierov<br \/>\n\ud83d\udde3\ufe0f10.15 Sprev\u00e1dzanie v\u00fdstavou \u017divot na hradoch a hr\u00e1dkoch pre rodiny s de\u0165mi<br \/>\n\ud83c\udf6d10.30 \u2013 15.00 Tvoriv\u00e9 dielne a aktivity pre rodiny s de\u0165mi na n\u00e1dvor\u00ed s t\u00e9mou Hravo o hradoch<br \/>\n\ud83d\udde3\ufe0f15.00 Sprev\u00e1dzanie v\u00fdstavou Longinus \u2013 Po stop\u00e1ch legion\u00e1rov a bohat\u00e9 germ\u00e1nske hroby<br \/>\n16.00 \u2013 18.00 Momentky z na\u0161ich v\u00fdstav, \u0161tyri predn\u00e1\u0161ky pribli\u017euj\u00face t\u00e9my na\u0161ich v\u00fdstav<br \/>\n16.00 \u0160\u013eachtick\u00fd odev a jeho symbolika v rannom novoveku, predn\u00e1\u0161ka Lucie Pilkovej<br \/>\n16.30 V plame\u0148och \u2013 pohrebn\u00fd r\u00edtus a krem\u00e1cia v dobe r\u00edmskej na JZ Slovensku, predn\u00e1\u0161ka Katar\u00edny Hlad\u00edkovej a Barbary Ritterovej<br \/>\n17.00 R\u00edmske vojensk\u00e9 diplomy, alebo ako sa z barbara stal Riman, predn\u00e1\u0161ka Igora Bazovsk\u00e9ho<br \/>\n17.30 \u017divot stredovek\u00fdch mn\u00edchov v Ludaniciach, predn\u00e1\u0161ka Martina Hanu\u0161a<br \/>\n\ud83d\udde3\ufe0f18.00 Sprev\u00e1dzanie novou v\u00fdstavou Benedikt\u00ednsky kl\u00e1\u0161tor sv. Kozmu a Dami\u00e1na<br \/>\n\ud83d\udde3\ufe0f19.00 Komentovan\u00e1 prehliadka v\u00fdstavy Kabinetn\u00e1 zbierka evanjelick\u00e9ho l\u00fdcea v Bratislave<br \/>\n\ud83d\udde3\ufe0f21.00 Komentovan\u00e1 prehliadka v\u00fdstavy \u017divot na hradoch a hr\u00e1dkoch<\/p>\n<p><strong>Posledn\u00fd vstup:<\/strong> 22:30<\/p>\n<p><strong>Expoz\u00edcie:<\/strong><br \/>\nKabinetn\u00e1 zbierka Evanjelick\u00e9ho l\u00fdcea v Bratislave<br \/>\nLaterarius \u2013 Dejiny tehliarstva na Slovensku<br \/>\nLapid\u00e1rium<br \/>\nSt\u013ap Marca Aurelia a Slovensko<\/p>\n<p><strong>V\u00fdstavy:<\/strong><br \/>\n\u017divot na hradoch a hr\u00e1dkoch<br \/>\nLonginus \u2013 Po stop\u00e1ch legion\u00e1rov<br \/>\nBenedikt\u00ednsky kl\u00e1\u0161tor sv. Kozmu a Dami\u00e1na<\/p>\n<p><img loading=\"lazy\" width=\"972\" height=\"648\" class=\"alignnone size-full wp-image-27573\" src=\"https:\/\/www.visitbratislava.com\/wp-content\/uploads\/2017\/01\/Pra\u0301ce-na-archeologickom-v\u00fdskume-v-plnom-pru\u0301de-v-popred\u00ed-Veronika-Dubcov\u00e1-Tell-el-Ret\u00e1b\u00ed-Egypt-foto-Nad\u00e1cia-Aigyptos.jpg\" alt=\"\" srcset=\"https:\/\/www.visitbratislava.com\/wp-content\/uploads\/2017\/01\/Pra\u0301ce-na-archeologickom-v\u00fdskume-v-plnom-pru\u0301de-v-popred\u00ed-Veronika-Dubcov\u00e1-Tell-el-Ret\u00e1b\u00ed-Egypt-foto-Nad\u00e1cia-Aigyptos.jpg 972w, https:\/\/www.visitbratislava.com\/wp-content\/uploads\/2017\/01\/Pra\u0301ce-na-archeologickom-v\u00fdskume-v-plnom-pru\u0301de-v-popred\u00ed-Veronika-Dubcov\u00e1-Tell-el-Ret\u00e1b\u00ed-Egypt-foto-Nad\u00e1cia-Aigyptos-400x267.jpg 400w, https:\/\/www.visitbratislava.com\/wp-content\/uploads\/2017\/01\/Pra\u0301ce-na-archeologickom-v\u00fdskume-v-plnom-pru\u0301de-v-popred\u00ed-Veronika-Dubcov\u00e1-Tell-el-Ret\u00e1b\u00ed-Egypt-foto-Nad\u00e1cia-Aigyptos-768x512.jpg 768w, https:\/\/www.visitbratislava.com\/wp-content\/uploads\/2017\/01\/Pra\u0301ce-na-archeologickom-v\u00fdskume-v-plnom-pru\u0301de-v-popred\u00ed-Veronika-Dubcov\u00e1-Tell-el-Ret\u00e1b\u00ed-Egypt-foto-Nad\u00e1cia-Aigyptos-800x533.jpg 800w, https:\/\/www.visitbratislava.com\/wp-content\/uploads\/2017\/01\/Pra\u0301ce-na-archeologickom-v\u00fdskume-v-plnom-pru\u0301de-v-popred\u00ed-Veronika-Dubcov\u00e1-Tell-el-Ret\u00e1b\u00ed-Egypt-foto-Nad\u00e1cia-Aigyptos-200x133.jpg 200w\" sizes=\"(max-width: 972px) 100vw, 972px\" \/><\/p>\n<h3>Na Bratislavskom hrade v priestoroch Historick\u00e9ho m\u00fazea<\/h3>\n<p>T\u00e9mou tohtoro\u010dn\u00e9ho programu je z\u00e1kulisie m\u00fazea, &#8222;\u010do rob\u00edme v m\u00fazeu&#8220;.<\/p>\n<p><strong>Program:<\/strong><br \/>\n16.00 \u2013 17.00 Uchov\u00e1vanie zbierkov\u00fdch predmetov. Pre\u010do sa len niektor\u00e9 predmety dostan\u00fa do m\u00fazea? \u010co je depozit\u00e1r a\u00a0starostlivos\u0165 o\u00a0zbierkov\u00e9 fondy vysvetl\u00ed riadite\u013e m\u00fazea Peter Barta. Depozit\u00e1rmi preved\u00fa Zuzana Luprichov\u00e1, Eduard Belu\u0161\u00e1k a\u00a0Lenka Lubu\u0161k\u00e1. Prihl\u00e1si\u0165 sa v\u00a0m\u00fazeu, kapacita obmedzen\u00e1. Stretnutie: 4. posch. virtu\u00e1lna v\u00fdstava.<br \/>\n\ud83d\udde3\ufe0f16.30 \u2013 17.00 Z\u00a0dej\u00edn Bratislavsk\u00e9ho hradu \u2013 kamenn\u00e9 artefakty. Depozit\u00e1rom preved\u00fa Juraj Kuchar\u00edk a\u00a0Katar\u00edna Harmadyov\u00e1. Potrebn\u00e9 prihl\u00e1si\u0165 sa v\u00a0m\u00fazeu, kapacita obmedzen\u00e1. Stretnutie: suter\u00e9n, v\u00fdstava Kelti z\u00a0Bratislavy.<br \/>\n17.00 \u2013 18.00 Nov\u00e9 akviz\u00edcie m\u00fazea \u2013 Ako a\u00a0pre\u010do sa predmety dostan\u00fa do m\u00fazea, predstavia: Martina Vyskupov\u00e1, Alena Piatrov\u00e1 a\u00a0Lenka Lubu\u0161k\u00e1. Stretnutie: 1. posch., v\u00fdstava Nov\u00e9 akviz\u00edcie m\u00fazea.<br \/>\n18.00 \u2013 19.30 Jednohubky z\u00a0m\u00fazea \u2013 predn\u00e1\u0161ky odborn\u00fdch pracovn\u00edkov m\u00fazea. Vojtech Hami: Zbierka faleristiky, Boris Stoklas: Dejiny ukryt\u00e9 v antick\u00fdch minciach, Juraj Kuchar\u00edk, Katar\u00edna Harmadyov\u00e1: O\u00a0najstar\u0161\u00edch zvonoch na Slovensku, Eva Hasalov\u00e1: M\u00f3da v\u00a0m\u00fazeu, Jasna Pali\u010dkov\u00e1: Etnografick\u00e9 zbierky v\u00a0Historickom m\u00fazeu, Miroslava Maurery: Diskogu\u013ea \u2013 zbierkov\u00fd predmet, \u013dubom\u00edr Morbacher: Plag\u00e1ty z\u00a0roku 1968 z\u00a0Franc\u00fazska. Moderuje Andrea Litv\u00e1kov\u00e1. Stretnutie 3. posch., pred kaviar\u0148ou m\u00fazea.<br \/>\n20.00 \u2013 21.00 Uchov\u00e1vanie zbierkov\u00fdch predmetov<br \/>\n20.30 \u2013 21.00 Z\u00a0dej\u00edn Bratislavsk\u00e9ho hradu \u2013 kamenn\u00e9 artefakty<br \/>\n\ud83d\udde3\ufe0f22.00 No\u010dn\u00e1 prehliadka v\u00fdstavy Kelti z\u00a0Bratislavy so spoluautorom Jurajom Kuchar\u00edkom. Stretnutie: suter\u00e9n, v\u00fdstava Kelti z\u00a0Bratislavy.<br \/>\n\ud83e\udd2917.00 do 20.00 <strong>Interakt\u00edvne stanovi\u0161tia zo z\u00e1kulisia m\u00fazea:<\/strong><br \/>\n1. Dokumentovanie zbierkov\u00fdch predmetov v minulosti aj v s\u00fa\u010dasnosti vr\u00e1tane nov\u00fdch technol\u00f3gi\u00ed predstav\u00ed Tom\u00e1\u0161 Male\u010dka. Stretnutie: 4. posch., virtu\u00e1lna v\u00fdstava.<br \/>\n2. Konzervovanie a\u00a0re\u0161taurovanie v\u00fdtvarn\u00fdch diel. Uk\u00e1\u017eka re\u0161taurovania obrazu s re\u0161taur\u00e1torkou Ru\u017eenkou \u0160k\u00faciovou. Stretnutie: 2. posch., v\u00fdstava Na sl\u00e1vu a\u00a0chv\u00e1lu.<br \/>\n3. Vzdel\u00e1vanie v\u00a0m\u00fazeu s\u00a0li\u0161iakom \u017digom. Nakresli svojho li\u0161iaka \u017diga spolu s\u00a0Katar\u00ednou Ba\u0161tekovou a\u00a0Janou Hut\u0165anovou. Stretnutie: 3. posch., U\u00a0li\u0161iaka.<\/p>\n<p><strong>Expoz\u00edcie:<\/strong><br \/>\nOlt\u00e1r ako objekt<br \/>\nHradn\u00e1 kaplnka Sedembolestnej Panny M\u00e1rie<br \/>\nSevern\u00e9 reprezenta\u010dn\u00e9 miestnosti<br \/>\nKlenotnica<br \/>\nDejiny Slovenska<\/p>\n<p><strong>V\u00fdstavy:<\/strong><br \/>\nAkviz\u00edcie za rok 2023<br \/>\nMartin Jon\u00e1\u0161 \u2013 maliar z belas\u00e9ho domu<br \/>\n\u010cesk\u00e1 a slovensk\u00e1 architekt\u00fara. Panor\u00e1ma architekt\u00fary 1918 \u2013 2023<br \/>\nDvojkr\u00ed\u017e<br \/>\nHrdinovia odboja<br \/>\nPr\u00edbeh hol\u00ed\u010dskej manufakt\u00fary<br \/>\nNa sl\u00e1vu a chv\u00e1lu<br \/>\nKres\u0165ansk\u00e9 mot\u00edvy zo zbierok v\u00fdtvarn\u00e9ho umenia SNM \u2013 Historick\u00e9ho m\u00fazea<br \/>\nKelti z Bratislavy<\/p>\n<p><strong>Posledn\u00fd vstup:<\/strong> 23:00<\/p>\n<p><img loading=\"lazy\" width=\"2880\" height=\"1920\" class=\"alignnone size-full wp-image-53017\" src=\"https:\/\/www.visitbratislava.com\/wp-content\/uploads\/2019\/01\/SNM-Historick\u00e9-m\u00fazeum.jpg\" alt=\"\" srcset=\"https:\/\/www.visitbratislava.com\/wp-content\/uploads\/2019\/01\/SNM-Historick\u00e9-m\u00fazeum.jpg 2880w, https:\/\/www.visitbratislava.com\/wp-content\/uploads\/2019\/01\/SNM-Historick\u00e9-m\u00fazeum-400x267.jpg 400w, https:\/\/www.visitbratislava.com\/wp-content\/uploads\/2019\/01\/SNM-Historick\u00e9-m\u00fazeum-768x512.jpg 768w, https:\/\/www.visitbratislava.com\/wp-content\/uploads\/2019\/01\/SNM-Historick\u00e9-m\u00fazeum-800x533.jpg 800w, https:\/\/www.visitbratislava.com\/wp-content\/uploads\/2019\/01\/SNM-Historick\u00e9-m\u00fazeum-200x133.jpg 200w\" sizes=\"(max-width: 2880px) 100vw, 2880px\" \/><\/p>\n<h3>V Pr\u00edrodovednom m\u00fazeu<\/h3>\n<p>Po\u010das cel\u00e9ho programu si m\u00f4\u017eete vybera\u0165 z r\u00f4znych pr\u00edrodovedn\u00fdch aktiv\u00edt.<\/p>\n<h3>Program:<\/h3>\n<p><strong>antropol\u00f3gia<\/strong><br \/>\n18.00 \u2013 22.00 Prach si, ale nie v\u017edy v prach sa obr\u00e1ti\u0161. N\u00e1v\u0161teva antropologick\u00e9ho depozit\u00e1ra, na 4. posch. 8,00 \u2013 22,00 (ka\u017ed\u00fdch 30 \u2013 45 min.), registr\u00e1cia na 3. posch. pri v\u00fd\u0165ahu od 17,30 a od 20,00.<br \/>\n<strong>botanika<\/strong><br \/>\n15.00 \u2013 23.30 Obdivuhodn\u00fd svet semien. Uk\u00e1\u017eka diverzity semien a aktivity zameran\u00e9 na ich pozn\u00e1vanie,<br \/>\nMiesto: 3. posch.: Zasada\u010dka.<br \/>\n<strong>\ud83e\udd29<\/strong>Zozn\u00e1menie s herb\u00e1rom v\u00fdznamn\u00e9ho botanika p\u00e1tra Cypri\u00e1na, najstar\u0161ieho na Slovensku zachovan\u00e9ho herb\u00e1ra z 18. storo\u010dia, jedn\u00e9ho z najcennej\u0161\u00edch zbierkov\u00fdch predmetov m\u00fazea. Elektronick\u00e1 in\u0161tal\u00e1cia a uk\u00e1\u017eka faximile. V expoz\u00edcii Biodiverzita Slovenska, 2. posch.<br \/>\n<strong>mykol\u00f3gia<\/strong><br \/>\n\ud83c\udf6d15.00 \u2013 23.30 Zo \u017eivota h\u00fab. Tajomn\u00fd svet hubov\u00fdch v\u00fdtrusov pod mikroskopom, na ilustr\u00e1ci\u00e1ch a deti si ich m\u00f4\u017eu nakresli\u0165 na bal\u00f3niky, rovnako \u013eahu\u010dk\u00e9 a un\u00e1\u0161an\u00e9 vetrom.<br \/>\n<strong>paleontol\u00f3gia<\/strong><br \/>\n\ud83c\udf6d15.00 \u2013 19.00 Farebn\u00fd skamenen\u00fd svet. Tvoriv\u00e9 dielne pre deti, vyma\u013euj\u00fa si svoj odliatok skameneliny pod\u013ea vlastn\u00fdch predst\u00e1v. Miesto: paleontologick\u00e1 expoz\u00edcia Z\u00e1zrak pr\u00edrody \u2013 Pr\u00edbeh \u017eivota na Zemi, 2. posch.<br \/>\n20.00 \u2013 23.30 Pr\u00edbehy ukryt\u00e9 v skamenelin\u00e1ch. Tajomstv\u00e1, ktor\u00e9 je mo\u017en\u00e9 vy\u010d\u00edta\u0165 z r\u00f4znych typov skamenel\u00edn a zisti\u0165 inform\u00e1cie o minulosti na\u0161ej plan\u00e9ty. Miesto: paleontologick\u00e1 expoz\u00edcia Z\u00e1zrak pr\u00edrody \u2013 Pr\u00edbeh \u017eivota na Zemi, 2. posch.<br \/>\n<strong>zool\u00f3gia<\/strong><br \/>\n15.00 \u2013 23.30 Pohlavn\u00fd dimorfizmus v \u017eivo\u010d\u00ed\u0161nej r\u00ed\u0161i. Zauj\u00edmavosti a nov\u00e9 pr\u00edrastky v zoologickom oddelen\u00ed m\u00fazea. Miesto: 3. posch.; Zasada\u010dka.<br \/>\nmineral\u00f3gia \u2013 petrografia<br \/>\n15.00 \u2013 23.30 Geol\u00f3gia a jej v\u00fdznam v ka\u017edodennom \u017eivote. Pr\u00e1cu geol\u00f3ga pribl\u00ed\u017eime pomocou tematick\u00fdch plag\u00e1tov i videa. K dispoz\u00edcii mikroskopick\u00fd k\u00fatik, uk\u00e1\u017eky miner\u00e1lov zo slovensk\u00fdch lo\u017e\u00edsk, pre men\u0161ie deti ma\u013eovanky s mineralogickou tematikou. Miesto: 3. posch.; Zasada\u010dka.<br \/>\n<strong>\ud83e\udd29astron\u00f3mia<\/strong><br \/>\n15.00 \u2013 17.00 Pozorovanie slne\u010dnej aktivity astronomick\u00fdmi \u010falekoh\u013eadmi (v pr\u00edpade priazniv\u00e9ho po\u010dasia) pred budovou m\u00fazea.<br \/>\n20.00 \u2013 23.30 Zem vo vesm\u00edre. Miesto: 3. posch.; Zasada\u010dka.<br \/>\n21.00 \u2013 23.30 Pozorovanie ve\u010dernej oblohy astronomick\u00fdmi \u010falekoh\u013eadmi<\/p>\n<p><strong>Expoz\u00edcie:<\/strong><br \/>\nZ\u00e1zrak pr\u00edrody \u2013 Klenoty Zeme<br \/>\nZ\u00e1zrak pr\u00edrody \u2013 \u010clovek v \u010dase a priestore<br \/>\nZ\u00e1zrak pr\u00edrody \u2013 Pr\u00edbeh \u017eivota na Zemi<br \/>\nZ\u00e1zrak pr\u00edrody \u2013 Biodiverzita Zeme<br \/>\nZ\u00e1zrak pr\u00edrody \u2013 Biodiverzita Slovenska<\/p>\n<h3>V\u00fdstavy:<\/h3>\n<p>A\u0161ot Haas. Insight<br \/>\nDe\u0165om na mieru. Autorsk\u00e1 tvorba pre deti v socialistickom \u010ceskoslovensku<br \/>\nPredn\u00e1\u0161ky: Objavov\u0148a, 3. posch.<br \/>\n15.30 Nov\u00e9 inform\u00e1cie z hist\u00f3rie Michalskej ve\u017ee z\u00edskan\u00e9 v\u00fdskumom p\u00edsomn\u00fdch zdrojov, predn\u00e1\u0161a Patrik Baxa, Mestsk\u00fd \u00fastav ochrany pamiatok v Bratislave<br \/>\n17.30 Planet\u00e1rne s\u00fastavy vo vesm\u00edre, predn\u00e1\u0161a Zden\u011bk Urban, Europlanet Society, Poprad<\/p>\n<p><strong>Posledn\u00fd vstup:<\/strong> 23:30<\/p>\n<p><strong><img loading=\"lazy\" class=\"alignnone wp-image-18445 size-full\" src=\"https:\/\/www.visitbratislava.com\/wp-content\/uploads\/2016\/06\/prirodovedne_zazrak-prirody-pribeh-zivota.jpg\" alt=\"\" width=\"700\" height=\"318\" srcset=\"https:\/\/www.visitbratislava.com\/wp-content\/uploads\/2016\/06\/prirodovedne_zazrak-prirody-pribeh-zivota.jpg 700w, https:\/\/www.visitbratislava.com\/wp-content\/uploads\/2016\/06\/prirodovedne_zazrak-prirody-pribeh-zivota-400x182.jpg 400w, https:\/\/www.visitbratislava.com\/wp-content\/uploads\/2016\/06\/prirodovedne_zazrak-prirody-pribeh-zivota-200x91.jpg 200w, https:\/\/www.visitbratislava.com\/wp-content\/uploads\/2016\/06\/prirodovedne_zazrak-prirody-pribeh-zivota-184x84.jpg 184w\" sizes=\"(max-width: 700px) 100vw, 700px\" \/><\/strong><\/p>\n<p><strong>Program v ostatn\u00fdch m\u00faze\u00e1ch SNM \u010doskoro.<\/strong><\/p>\n<p><em>Zmena programu vyhraden\u00e1, \u010fakujeme za pochopenie!<\/em><\/p>\n","protected":false},"excerpt":{"rendered":"<p>Ako v\u017edy, sviatok m\u00faze\u00ed si v tom n\u00e1rodnom uctia ako sa patr\u00ed, SNM pripravilo v Bratislave intenz\u00edvny program v \u00f4smich m\u00faze\u00e1ch!<\/p>\n","protected":false},"author":32,"featured_media":137591,"parent":137566,"menu_order":0,"comment_status":"closed","ping_status":"closed","template":"","meta":[],"acf":[],"_links":{"self":[{"href":"https:\/\/www.visitbratislava.com\/sk\/wp-json\/wp\/v2\/pages\/137590"}],"collection":[{"href":"https:\/\/www.visitbratislava.com\/sk\/wp-json\/wp\/v2\/pages"}],"about":[{"href":"https:\/\/www.visitbratislava.com\/sk\/wp-json\/wp\/v2\/types\/page"}],"author":[{"embeddable":true,"href":"https:\/\/www.visitbratislava.com\/sk\/wp-json\/wp\/v2\/users\/32"}],"replies":[{"embeddable":true,"href":"https:\/\/www.visitbratislava.com\/sk\/wp-json\/wp\/v2\/comments?post=137590"}],"version-history":[{"count":10,"href":"https:\/\/www.visitbratislava.com\/sk\/wp-json\/wp\/v2\/pages\/137590\/revisions"}],"predecessor-version":[{"id":293760,"href":"https:\/\/www.visitbratislava.com\/sk\/wp-json\/wp\/v2\/pages\/137590\/revisions\/293760"}],"up":[{"embeddable":true,"href":"https:\/\/www.visitbratislava.com\/sk\/wp-json\/wp\/v2\/pages\/137566"}],"wp:featuredmedia":[{"embeddable":true,"href":"https:\/\/www.visitbratislava.com\/sk\/wp-json\/wp\/v2\/media\/137591"}],"wp:attachment":[{"href":"https:\/\/www.visitbratislava.com\/sk\/wp-json\/wp\/v2\/media?parent=137590"}],"curies":[{"name":"wp","href":"https:\/\/api.w.org\/{rel}","templated":true}]}}